{"id":1059,"date":"2025-01-23T05:20:44","date_gmt":"2025-01-23T08:20:44","guid":{"rendered":"https:\/\/www.elicit-plant.com\/br\/?page_id=1059"},"modified":"2025-08-22T16:09:17","modified_gmt":"2025-08-22T19:09:17","slug":"recursos-de-imprensa","status":"publish","type":"page","link":"https:\/\/www.elicit-plant.com\/br\/recursos-de-imprensa\/","title":{"rendered":"Recursos de imprensa"},"content":{"rendered":"<section class=\"cbo-hero cbo-margin-container hero--colorblue\" data-anim-group>\n\t<div class=\"cbo-breadcrumbs breadcrumbs--normal\">\n  <div class=\"breadcrumbs-inner\">\n    \t<\/div>\n<\/div>\n\t<div class=\"hero-inner cbo-container container--padding\">\n\n\t\t<div class=\"hero-shapes\">\n\t\t\t<div class=\"shapes-color scale-up\"><\/div>\n\n\t\t\t<div class=\"shapes-picture cbo-picture-cover scale-up\"  data-delay=\"450\">\n\t\t\t\t\t\t\t<\/div>\n\t\t<\/div>\n\n\t\t<div class=\"hero-content cbo-cms cms--large cms--white\">\n\t\t\t<div class=\"content-text\">\n\t\t\t\t<h1 class=\"hero-title cbo-heading slide-down\">\n\t\t\t\t\tPress resources\t\t\t\t<\/h1>\n\n\t\t\t\t\t\t\t<\/div>\n\t\t<\/div>\n\n\t<\/div>\n<\/section>\n\n<section class=\"cbo-text cbo-margin-container\">\n    <div class=\"\n        text-inner\n                cbo-container\n        container--small        \"\n    >\n        <div class=\"text-content cbo-cms cms--large\">\n            <h2 style=\"text-align: left\">Sobre a Elicit Plant<\/h2>\n<p><a href=\"https:\/\/www.elicit-plant.com\/br\/nossa-empresa\/\">Elicit Plant<\/a> \u00e9 a \u00fanica empresa do setor AgTech que enfrenta os desafios do impacto das mudan\u00e7as clim\u00e1ticas nas principais culturas agr\u00edcolas em escala global, reduzindo o consumo de \u00e1gua das plantas em 20%. Sua tecnologia exclusiva, <a href=\"https:\/\/www.elicit-plant.com\/br\/ciencia-e-tecnologia\/plataforma-de-pesquisa\/\">EliTerra\u00ae<\/a>, baseada no fornecimento ex\u00f3geno de fitoester\u00f3is, um grupo de mol\u00e9culas derivadas de plantas, aumenta a resist\u00eancia das plantas ao estresse ao ativar suas defesas naturais.<br \/>\nCentenas de testes de campo, combinados com a r\u00e1pida ado\u00e7\u00e3o por agricultores em tr\u00eas continentes (Brasil, Europa e Estados Unidos) para o primeiro produto destinado ao milho, demonstram que suas biossolu\u00e7\u00f5es s\u00e3o as \u00fanicas capazes de garantir rendimentos e oferecer aos agricultores um retorno significativo sobre o investimento em per\u00edodos de escassez h\u00eddrica.<\/p>\n<p>A Elicit Plant opera com sucesso no Brasil, na Europa e na Ucr\u00e2nia, e experimentou um crescimento de tr\u00eas d\u00edgitos nos \u00faltimos dois anos.<\/p>\n\n            <div style=\"clear: both;\"><\/div>\n        <\/div>\n    <\/div>\n<\/section>\n\n\n<section class=\"cbo-textintro textintro--transparent\">\n    <div class=\"textintro-inner cbo-container container--small\">\n\n        \n                \n        <div class=\"textintro-content\">\n            <p>Confira todos os nossos recursos de imprensa: fa\u00e7a o download de nossos logotipos, fotos e documentos para apresentar a Elicit Plant e suas inova\u00e7\u00f5es revolucion\u00e1rias.<\/p>\n        <\/div>\n    <\/div>\n<\/section>\n\n\n<section class=\"cbo-textintro textintro--transparent\">\n    <div class=\"textintro-inner cbo-container container--small\">\n\n                <div class=\"textintro-picture cbo-picture-contain\">\n\t\t\t<img decoding=\"async\" src=\"https:\/\/www.elicit-plant.com\/app\/uploads\/sites\/2\/2025\/01\/icon-resistance.png\"  class=\"\" alt=\"\" width=\"117\" height=\"118\" sizes=\"auto, 100vw\" loading=\"lazy\" \/>\t\t<\/div>\n        \n                \n        <div class=\"textintro-content\">\n            <p>Comunicados de imprensa<\/p>\n        <\/div>\n    <\/div>\n<\/section>\n\n\n<section class=\"cbo-downloads\">\n    <div class=\"downloads-inner cbo-container\">\n        <div class=\"downloads-list\" data-anim-group data-group-delay=\"100\">\n            \n                            <a class=\"list-el scale-up\" href=\"https:\/\/www.elicit-plant.com\/app\/uploads\/sites\/2\/2025\/08\/Versao-em-Portugues-21.08.2025-ELICIT-Plant_AgTech-Breakthrough-Awards_2025_EN_Final.docx\" target=\"_blank\">\n                    <span class=\"el-inner\">\n                        <span class=\"el-picture cbo-picture-contain\">\n                            <img decoding=\"async\" src=\"https:\/\/www.elicit-plant.com\/app\/uploads\/sites\/2\/2025\/08\/Imagem-PR-21.08.2025-imagens-0-226x320.jpg\" srcset=\"https:\/\/www.elicit-plant.com\/app\/uploads\/sites\/2\/2025\/08\/Imagem-PR-21.08.2025-imagens-0-724x1024.jpg 724w, https:\/\/www.elicit-plant.com\/app\/uploads\/sites\/2\/2025\/08\/Imagem-PR-21.08.2025-imagens-0-990x1400.jpg 990w, https:\/\/www.elicit-plant.com\/app\/uploads\/sites\/2\/2025\/08\/Imagem-PR-21.08.2025-imagens-0-768x1086.jpg 768w, https:\/\/www.elicit-plant.com\/app\/uploads\/sites\/2\/2025\/08\/Imagem-PR-21.08.2025-imagens-0-1086x1536.jpg 1086w, https:\/\/www.elicit-plant.com\/app\/uploads\/sites\/2\/2025\/08\/Imagem-PR-21.08.2025-imagens-0-1448x2048.jpg 1448w, https:\/\/www.elicit-plant.com\/app\/uploads\/sites\/2\/2025\/08\/Imagem-PR-21.08.2025-imagens-0-226x320.jpg 226w, https:\/\/www.elicit-plant.com\/app\/uploads\/sites\/2\/2025\/08\/Imagem-PR-21.08.2025-imagens-0-543x768.jpg 543w, https:\/\/www.elicit-plant.com\/app\/uploads\/sites\/2\/2025\/08\/Imagem-PR-21.08.2025-imagens-0-1358x1920.jpg 1358w, https:\/\/www.elicit-plant.com\/app\/uploads\/sites\/2\/2025\/08\/Imagem-PR-21.08.2025-imagens-0-scaled.jpg 1810w\" class=\"\" alt=\"\" width=\"226\" height=\"320\" sizes=\"auto, 100vw\" loading=\"lazy\" \/>                        <\/span>\n\n                        <span class=\"el-content\">\n                                                            <span class=\"content-uptitle cbo-uptitle\">\n                                    Comunicado \u00e0 Imprensa- 21.08.2025                                <\/span>\n                                                       \n                                                            <span class=\"content-title cbo-title-4\">\n                                    Elicit Plant vence o pr\u00eamio de \u201cEmpresa do Ano em Resili\u00eancia Sustent\u00e1vel de Culturas\u201d no programa AgTech Breakthrough Awards 2025                                <\/span>\n                                                    <\/span>\n\n                        <i class=\"icon icon-download\"><\/i>\n                    <\/span>\n                <\/a>\n                            <a class=\"list-el scale-up\" href=\"https:\/\/www.elicit-plant.com\/app\/uploads\/sites\/2\/2025\/01\/Versao-em-Portugues-23.01.2025-PR-Elicit-Plant-appoints-Hartmut-Van-Langerich-as-Strategic-Advisor-V2-clean.pdf\" target=\"_blank\">\n                    <span class=\"el-inner\">\n                        <span class=\"el-picture cbo-picture-contain\">\n                            <img decoding=\"async\" src=\"https:\/\/www.elicit-plant.com\/app\/uploads\/sites\/2\/2025\/01\/Imagem-Comunicado-Hartmut-227x320.png\" srcset=\"https:\/\/www.elicit-plant.com\/app\/uploads\/sites\/2\/2025\/01\/Imagem-Comunicado-Hartmut.png 567w, https:\/\/www.elicit-plant.com\/app\/uploads\/sites\/2\/2025\/01\/Imagem-Comunicado-Hartmut-227x320.png 227w, https:\/\/www.elicit-plant.com\/app\/uploads\/sites\/2\/2025\/01\/Imagem-Comunicado-Hartmut-544x768.png 544w\" class=\"\" alt=\"\" width=\"227\" height=\"320\" sizes=\"auto, 100vw\" loading=\"lazy\" \/>                        <\/span>\n\n                        <span class=\"el-content\">\n                                                            <span class=\"content-uptitle cbo-uptitle\">\n                                    Comunicado \u00e0 Imprensa  23\/01\/2025                                <\/span>\n                                                       \n                                                            <span class=\"content-title cbo-title-4\">\n                                    Elicit Plant Nomeia Hartmut Van Lengerich como Conselheiro Estrat\u00e9gico                                <\/span>\n                                                    <\/span>\n\n                        <i class=\"icon icon-download\"><\/i>\n                    <\/span>\n                <\/a>\n            \n        <\/div>\n    <\/div>\n<\/section>\n\n<section class=\"cbo-textintro textintro--transparent\">\n    <div class=\"textintro-inner cbo-container container--small\">\n\n        \n                \n        <div class=\"textintro-content\">\n            <p>Encontre uma s\u00e9rie de fotos para ilustrar as pesquisas da Elicit Plant, assim como o logotipo da empresa.<\/p>\n<p>Recursos iconogr\u00e1ficos<\/p>\n        <\/div>\n    <\/div>\n<\/section>\n\n\n<section class=\"cbo-text cbo-margin-container\">\n    <div class=\"\n        text-inner\n                cbo-container\n        container--small        \"\n    >\n        <div class=\"text-content cbo-cms cms--large\">\n            <div class=\"col-12 col-md-7\" style=\"text-align: center\">Quando voc\u00ea precisar do logotipo oficial da Elicit Plant para um site ou publica\u00e7\u00e3o, utilize um dos logotipos abaixo.<\/div>\n<p style=\"text-align: center\"><a class=\"cbo-button\" href=\"https:\/\/www.elicit-plant.com\/fr\/wp-content\/uploads\/sites\/1\/2024\/03\/Elicit-Plant-logo-mark-full-color-rgb.png\">Baixar nosso logotipo no formato vertical<\/a>\u00a0 \u00a0 <a class=\"cbo-button\" href=\"https:\/\/www.elicit-plant.com\/fr\/wp-content\/uploads\/sites\/1\/2024\/02\/Elicit-Plant-logo-full-color-rgb.png\">Baixar nosso logotipo padr\u00e3o<\/a><\/p>\n\n            <div style=\"clear: both;\"><\/div>\n        <\/div>\n    <\/div>\n<\/section>\n\n\n<section class=\"cbo-textintro textintro--transparent\">\n    <div class=\"textintro-inner cbo-container container--small\">\n\n        \n                \n        <div class=\"textintro-content\">\n            <p>Biblioteca de fotos<\/p>\n        <\/div>\n    <\/div>\n<\/section>\n\n\n<section class=\"cbo-text cbo-margin-container\">\n    <div class=\"\n        text-inner\n                cbo-container\n        container--small        \"\n    >\n        <div class=\"text-content cbo-cms cms--large\">\n            <p style=\"text-align: center\">Encontre abaixo imagens ilustrando nossa P&amp;D e o desenvolvimento de solu\u00e7\u00f5es. Essas imagens s\u00e3o propriedade da Elicit Plant e devem ser marcadas com &#8220;Copyright Elicit Plant&#8221;. Ilustra\u00e7\u00f5es e v\u00eddeos em HD est\u00e3o dispon\u00edveis mediante solicita\u00e7\u00e3o.<\/p>\n<p style=\"text-align: center\"><a class=\"cbo-button\" href=\"https:\/\/www.elicit-plant.com\/br\/contato\/\">Contato<\/a><\/p>\n\n            <div style=\"clear: both;\"><\/div>\n        <\/div>\n    <\/div>\n<\/section>\n\n\n<section class=\"cbo-featuredlinks featuredlinks--colorsand\">\n\t<div class=\"featuredlinks-inner cbo-container container--padding\">\n\n\t\t\n\t\t<div class=\"featuredlinks-list\" data-anim-group data-group-delay=\"100\">\n\t\t\t\n\t\t\t<div class=\"list-el\">\n\t\t\t\t<a class=\"el-inner\" href=\"https:\/\/www.elicit-plant.com\/br\/nossa-empresa\/\">\n\n\t\t\t\t\t<figure class=\"inner-picture cbo-picture-cover\">\n\t\t\t\t\t\t<img decoding=\"async\" src=\"https:\/\/www.elicit-plant.com\/app\/uploads\/sites\/2\/2023\/08\/img-carrieres-en-quelques-mots.jpg\" srcset=\"https:\/\/www.elicit-plant.com\/app\/uploads\/sites\/2\/2023\/08\/img-carrieres-en-quelques-mots-320x318.jpg 320w, https:\/\/www.elicit-plant.com\/app\/uploads\/sites\/2\/2023\/08\/img-carrieres-en-quelques-mots.jpg 840w, https:\/\/www.elicit-plant.com\/app\/uploads\/sites\/2\/2023\/08\/img-carrieres-en-quelques-mots.jpg 1024w, https:\/\/www.elicit-plant.com\/app\/uploads\/sites\/2\/2023\/08\/img-carrieres-en-quelques-mots.jpg 1400w\" class=\"\" alt=\"\" width=\"402\" height=\"400\" sizes=\"auto, 100vw\" loading=\"lazy\" \/>\t\t\t\t\t<\/figure>\n\n\t\t\t\t\t<h3 class=\"inner-title cbo-title-3\">\n\t\t\t\t\t\tNossa empresa\t\t\t\t\t<\/h3>\n\n\t\t\t\t\t<span class=\"inner-button cbo-buttonmore\">\n\t\t\t\t\t\t<i class=\"icon icon-cross\"><\/i>\n\t\t\t\t\t<\/span>\n\t\t\t\t<\/a>\n\t\t\t<\/div>\n\n\t\t\t\n\t\t\t<div class=\"list-el\">\n\t\t\t\t<a class=\"el-inner\" href=\"https:\/\/www.elicit-plant.com\/br\/ciencia-e-tecnologia\/\">\n\n\t\t\t\t\t<figure class=\"inner-picture cbo-picture-cover\">\n\t\t\t\t\t\t<img decoding=\"async\" src=\"https:\/\/www.elicit-plant.com\/app\/uploads\/sites\/2\/2023\/08\/img-carrieres-header.jpg\" srcset=\"https:\/\/www.elicit-plant.com\/app\/uploads\/sites\/2\/2023\/08\/img-carrieres-header-320x320.jpg 320w, https:\/\/www.elicit-plant.com\/app\/uploads\/sites\/2\/2023\/08\/img-carrieres-header.jpg 840w, https:\/\/www.elicit-plant.com\/app\/uploads\/sites\/2\/2023\/08\/img-carrieres-header.jpg 1024w, https:\/\/www.elicit-plant.com\/app\/uploads\/sites\/2\/2023\/08\/img-carrieres-header.jpg 1400w\" class=\"\" alt=\"\" width=\"402\" height=\"403\" sizes=\"auto, 100vw\" loading=\"lazy\" \/>\t\t\t\t\t<\/figure>\n\n\t\t\t\t\t<h3 class=\"inner-title cbo-title-3\">\n\t\t\t\t\t\tCi\u00eancia e Tecnologia\t\t\t\t\t<\/h3>\n\n\t\t\t\t\t<span class=\"inner-button cbo-buttonmore\">\n\t\t\t\t\t\t<i class=\"icon icon-cross\"><\/i>\n\t\t\t\t\t<\/span>\n\t\t\t\t<\/a>\n\t\t\t<\/div>\n\n\t\t\t\t\t<\/div>\n\n\t<\/div>\n<\/section>\n","protected":false},"excerpt":{"rendered":"<p>Sobre a Elicit Plant Elicit Plant \u00e9 a \u00fanica empresa do setor AgTech que enfrenta os desafios do impacto das mudan\u00e7as clim\u00e1ticas nas principais culturas agr\u00edcolas em escala global, reduzindo o consumo de \u00e1gua das plantas em 20%. Sua tecnologia exclusiva, EliTerra\u00ae, baseada no fornecimento ex\u00f3geno de fitoester\u00f3is, um grupo de mol\u00e9culas derivadas de plantas, aumenta a resist\u00eancia das plantas ao estresse ao ativar suas defesas naturais. Centenas de testes de campo, combinados com a r\u00e1pida ado\u00e7\u00e3o por agricultores em tr\u00eas continentes (Brasil, Europa e Estados Unidos) para o primeiro produto destinado ao milho, demonstram que suas biossolu\u00e7\u00f5es s\u00e3o as \u00fanicas capazes de garantir rendimentos e oferecer aos agricultores um retorno significativo sobre o investimento em per\u00edodos de escassez h\u00eddrica. A Elicit Plant opera com sucesso no Brasil, na Europa e na Ucr\u00e2nia, e experimentou um crescimento de tr\u00eas d\u00edgitos nos \u00faltimos dois anos. Quando voc\u00ea precisar do logotipo&#8230;<\/p>\n","protected":false},"author":6,"featured_media":0,"parent":0,"menu_order":0,"comment_status":"closed","ping_status":"closed","template":"","meta":{"_acf_changed":false,"footnotes":""},"class_list":["post-1059","page","type-page","status-publish","hentry"],"acf":[],"yoast_head":"<!-- This site is optimized with the Yoast SEO plugin v27.2 - https:\/\/yoast.com\/product\/yoast-seo-wordpress\/ -->\n<title>Recursos de imprensa - Elicit Plant Brasil<\/title>\n<meta name=\"description\" content=\"Descubra todos os recursos para a imprensa: logotipos, fotos e documentos para apresentar a Elicit Plant e suas inova\u00e7\u00f5es revolucion\u00e1rias.\" \/>\n<meta name=\"robots\" content=\"index, follow, max-snippet:-1, max-image-preview:large, max-video-preview:-1\" \/>\n<link rel=\"canonical\" href=\"https:\/\/www.elicit-plant.com\/br\/recursos-de-imprensa\/\" \/>\n<meta property=\"og:locale\" content=\"pt_BR\" \/>\n<meta property=\"og:type\" content=\"article\" \/>\n<meta property=\"og:title\" content=\"Recursos de imprensa - Elicit Plant Brasil\" \/>\n<meta property=\"og:description\" content=\"Descubra todos os recursos para a imprensa: logotipos, fotos e documentos para apresentar a Elicit Plant e suas inova\u00e7\u00f5es revolucion\u00e1rias.\" \/>\n<meta property=\"og:url\" content=\"https:\/\/www.elicit-plant.com\/br\/recursos-de-imprensa\/\" \/>\n<meta property=\"og:site_name\" content=\"Elicit Plant Brasil\" \/>\n<meta property=\"article:modified_time\" content=\"2025-08-22T19:09:17+00:00\" \/>\n<meta name=\"twitter:card\" content=\"summary_large_image\" \/>\n<script type=\"application\/ld+json\" class=\"yoast-schema-graph\">{\"@context\":\"https:\/\/schema.org\",\"@graph\":[{\"@type\":\"WebPage\",\"@id\":\"https:\/\/www.elicit-plant.com\/br\/recursos-de-imprensa\/\",\"url\":\"https:\/\/www.elicit-plant.com\/br\/recursos-de-imprensa\/\",\"name\":\"Recursos de imprensa - Elicit Plant Brasil\",\"isPartOf\":{\"@id\":\"https:\/\/www.elicit-plant.com\/br\/#website\"},\"datePublished\":\"2025-01-23T08:20:44+00:00\",\"dateModified\":\"2025-08-22T19:09:17+00:00\",\"description\":\"Descubra todos os recursos para a imprensa: logotipos, fotos e documentos para apresentar a Elicit Plant e suas inova\u00e7\u00f5es revolucion\u00e1rias.\",\"inLanguage\":\"pt-BR\",\"potentialAction\":[{\"@type\":\"ReadAction\",\"target\":[\"https:\/\/www.elicit-plant.com\/br\/recursos-de-imprensa\/\"]}]},{\"@type\":\"WebSite\",\"@id\":\"https:\/\/www.elicit-plant.com\/br\/#website\",\"url\":\"https:\/\/www.elicit-plant.com\/br\/\",\"name\":\"Elicit Plant\",\"description\":\"\",\"potentialAction\":[{\"@type\":\"SearchAction\",\"target\":{\"@type\":\"EntryPoint\",\"urlTemplate\":\"https:\/\/www.elicit-plant.com\/br\/?s={search_term_string}\"},\"query-input\":{\"@type\":\"PropertyValueSpecification\",\"valueRequired\":true,\"valueName\":\"search_term_string\"}}],\"inLanguage\":\"pt-BR\"}]}<\/script>\n<!-- \/ Yoast SEO plugin. -->","yoast_head_json":{"title":"Recursos de imprensa - Elicit Plant Brasil","description":"Descubra todos os recursos para a imprensa: logotipos, fotos e documentos para apresentar a Elicit Plant e suas inova\u00e7\u00f5es revolucion\u00e1rias.","robots":{"index":"index","follow":"follow","max-snippet":"max-snippet:-1","max-image-preview":"max-image-preview:large","max-video-preview":"max-video-preview:-1"},"canonical":"https:\/\/www.elicit-plant.com\/br\/recursos-de-imprensa\/","og_locale":"pt_BR","og_type":"article","og_title":"Recursos de imprensa - Elicit Plant Brasil","og_description":"Descubra todos os recursos para a imprensa: logotipos, fotos e documentos para apresentar a Elicit Plant e suas inova\u00e7\u00f5es revolucion\u00e1rias.","og_url":"https:\/\/www.elicit-plant.com\/br\/recursos-de-imprensa\/","og_site_name":"Elicit Plant Brasil","article_modified_time":"2025-08-22T19:09:17+00:00","twitter_card":"summary_large_image","schema":{"@context":"https:\/\/schema.org","@graph":[{"@type":"WebPage","@id":"https:\/\/www.elicit-plant.com\/br\/recursos-de-imprensa\/","url":"https:\/\/www.elicit-plant.com\/br\/recursos-de-imprensa\/","name":"Recursos de imprensa - Elicit Plant Brasil","isPartOf":{"@id":"https:\/\/www.elicit-plant.com\/br\/#website"},"datePublished":"2025-01-23T08:20:44+00:00","dateModified":"2025-08-22T19:09:17+00:00","description":"Descubra todos os recursos para a imprensa: logotipos, fotos e documentos para apresentar a Elicit Plant e suas inova\u00e7\u00f5es revolucion\u00e1rias.","inLanguage":"pt-BR","potentialAction":[{"@type":"ReadAction","target":["https:\/\/www.elicit-plant.com\/br\/recursos-de-imprensa\/"]}]},{"@type":"WebSite","@id":"https:\/\/www.elicit-plant.com\/br\/#website","url":"https:\/\/www.elicit-plant.com\/br\/","name":"Elicit Plant","description":"","potentialAction":[{"@type":"SearchAction","target":{"@type":"EntryPoint","urlTemplate":"https:\/\/www.elicit-plant.com\/br\/?s={search_term_string}"},"query-input":{"@type":"PropertyValueSpecification","valueRequired":true,"valueName":"search_term_string"}}],"inLanguage":"pt-BR"}]}},"_links":{"self":[{"href":"https:\/\/www.elicit-plant.com\/br\/wp-json\/wp\/v2\/pages\/1059","targetHints":{"allow":["GET"]}}],"collection":[{"href":"https:\/\/www.elicit-plant.com\/br\/wp-json\/wp\/v2\/pages"}],"about":[{"href":"https:\/\/www.elicit-plant.com\/br\/wp-json\/wp\/v2\/types\/page"}],"author":[{"embeddable":true,"href":"https:\/\/www.elicit-plant.com\/br\/wp-json\/wp\/v2\/users\/6"}],"replies":[{"embeddable":true,"href":"https:\/\/www.elicit-plant.com\/br\/wp-json\/wp\/v2\/comments?post=1059"}],"version-history":[{"count":5,"href":"https:\/\/www.elicit-plant.com\/br\/wp-json\/wp\/v2\/pages\/1059\/revisions"}],"predecessor-version":[{"id":1226,"href":"https:\/\/www.elicit-plant.com\/br\/wp-json\/wp\/v2\/pages\/1059\/revisions\/1226"}],"wp:attachment":[{"href":"https:\/\/www.elicit-plant.com\/br\/wp-json\/wp\/v2\/media?parent=1059"}],"curies":[{"name":"wp","href":"https:\/\/api.w.org\/{rel}","templated":true}]}}