{"id":111,"date":"2023-08-31T11:28:40","date_gmt":"2023-08-31T09:28:40","guid":{"rendered":"https:\/\/www.elicit-plant.com\/br\/?page_id=111"},"modified":"2025-10-07T10:54:32","modified_gmt":"2025-10-07T13:54:32","slug":"advertencias-legais","status":"publish","type":"page","link":"https:\/\/www.elicit-plant.com\/br\/advertencias-legais\/","title":{"rendered":"Advert\u00eancias Legais"},"content":{"rendered":"<section class=\"cbo-heropicture\" data-anim-group>\n\t<div class=\"cbo-breadcrumbs breadcrumbs--normal\">\n  <div class=\"breadcrumbs-inner\">\n    \t<\/div>\n<\/div>\n\t<div class=\"heropicture-picture cbo-picture-cover\">\n\t\t<img decoding=\"async\" src=\"https:\/\/www.elicit-plant.com\/app\/uploads\/sites\/2\/2023\/08\/max-saeling-momfzb2vtpk-unsplash-scaled-1707x700-1-1024x420.jpg\" srcset=\"https:\/\/www.elicit-plant.com\/app\/uploads\/sites\/2\/2023\/08\/max-saeling-momfzb2vtpk-unsplash-scaled-1707x700-1-320x131.jpg 320w, https:\/\/www.elicit-plant.com\/app\/uploads\/sites\/2\/2023\/08\/max-saeling-momfzb2vtpk-unsplash-scaled-1707x700-1-768x315.jpg 768w, https:\/\/www.elicit-plant.com\/app\/uploads\/sites\/2\/2023\/08\/max-saeling-momfzb2vtpk-unsplash-scaled-1707x700-1-1024x420.jpg 1024w, https:\/\/www.elicit-plant.com\/app\/uploads\/sites\/2\/2023\/08\/max-saeling-momfzb2vtpk-unsplash-scaled-1707x700-1-1400x574.jpg 1280w, https:\/\/www.elicit-plant.com\/app\/uploads\/sites\/2\/2023\/08\/max-saeling-momfzb2vtpk-unsplash-scaled-1707x700-1.jpg 1920w\" class=\"\" alt=\"\" width=\"1024\" height=\"420\" sizes=\"auto, 100vw\" loading=\"lazy\" \/>\t<\/div>\n\n\t<div class=\"heropicture-inner cbo-container container--small container--padding\">\n\t\t<div class=\"heropicture-content\">\n\n\t\t\t\n\t\t\t<h1 class=\"content-title cbo-title-2 slide-down\">\n\t\t\t\tAdvert\u00eancias Legais\t\t\t<\/h1>\n\t\t<\/div>\n\t<\/div>\n<\/section>\n\n<section class=\"cbo-text cbo-margin-container\">\n    <div class=\"\n        text-inner\n                cbo-container\n        container--small        \"\n    >\n        <div class=\"text-content cbo-cms cms--large\">\n            <p>As men\u00e7\u00f5es legais abaixo se aplicam ao site <a href=\"http:\/\/www.elicit-plant.com\">www.elicit-plant.com<\/a><\/p>\n<p><strong>Raz\u00e3o social<\/strong>: ELICIT PLANT<br \/>\n<strong>Sede<\/strong>: LIEUDIT LE CHATAIGNIER, 1 PAS DE LA CROIX, 16220 MOULINS-SUR-TARDOIRE, CHARENTE (16)<br \/>\n<strong>Forma jur\u00eddica<\/strong>: Sociedade por A\u00e7\u00f5es Simplificada<br \/>\n<strong>Capital social<\/strong>: 139.417,50 \u20ac<br \/>\n<strong>Registrada no RCS de Angoul\u00eame<\/strong>: n\u00famero SIREN: 831 286 455 e n\u00famero SIRET: 831 286 455 00025<br \/>\n<strong>N\u00b0 de IVA intracomunit\u00e1rio<\/strong>: FR47831286455<br \/>\n<strong>Diretor da publica\u00e7\u00e3o<\/strong>: Sr. Jean-Fran\u00e7ois DECHANT<br \/>\n<strong>Telefone<\/strong>: +33 <a href=\"https:\/\/www.google.com\/search?q=t%C3%A9l%C3%A9phone+elicit+plant&amp;rlz=1C1GCEU_frFR1073FR1073&amp;oq=t%C3%A9l%C3%A9phone+elicit+plant&amp;gs_lcrp=EgZjaHJvbWUyCAgAEEUYFRg5MgcIARAhGKABMgcIAhAhGKABMgcIAxAhGKAB0gEINTk1N2owajeoAgCwAgA&amp;sourceid=chrome&amp;ie=UTF-8\">05 45 23 18 38<\/a><br \/>\n<strong>E-mail<\/strong>: <a href=\"mailto:dataprivacy@elicit-plant.com\">dataprivacy@elicit-plant.com<\/a><\/p>\n<p><strong>Hospedagem<\/strong>: Infomaniak<br \/>\n<u>Raz\u00e3o social<\/u>: Infomaniak Network SA<br \/>\n<u>Endere\u00e7o<\/u>: Rue Eug\u00e8ne Marziano 25 &#8211; 1227 Les Acacias (GE)<br \/>\n<u><a href=\"https:\/\/www.infomaniak.com\/fr\/aide\">Contato<\/a><\/u><\/p>\n<p>&nbsp;<\/p>\n<h2 style=\"text-align: center;\"><strong>CONDI\u00c7\u00d5ES GERAIS DE USO DO SITE<\/strong> <a href=\"http:\/\/WWW.ELICIT-PLANT.COM\"><strong>WWW.ELICIT-PLANT.COM<\/strong><\/a><\/h2>\n<p>&nbsp;<\/p>\n<p>O acesso, a consulta e o uso do site <a href=\"https:\/\/www.elicit-plant.com\">https:\/\/www.elicit-plant.com<\/a> (\u201c<strong><em>Site<\/em><\/strong>\u201d) s\u00e3o regidos pelas presentes Condi\u00e7\u00f5es Gerais de Uso (\u201c<strong><em>CGU<\/em><\/strong>\u201d).<\/p>\n<p>Ao acessar ou consultar o Site, o visitante e\/ou usu\u00e1rio (\u201c<strong><em>Voc\u00ea<\/em><\/strong>\u201d) \u00e9 considerado como tendo aceitado, sem restri\u00e7\u00f5es, as presentes CGU. Recomendamos que voc\u00ea as leia com aten\u00e7\u00e3o antes de navegar ou continuar a navega\u00e7\u00e3o no Site.<\/p>\n<p>A ELICIT PLANT reserva-se o direito de modificar estas CGU a qualquer momento. As que est\u00e3o publicadas no Site constituem a vers\u00e3o mais recente e vigente.<\/p>\n<p>Se qualquer disposi\u00e7\u00e3o das CGU for declarada nula ou sem efeito pelas leis e regulamentos aplic\u00e1veis, as demais disposi\u00e7\u00f5es permanecer\u00e3o v\u00e1lidas e aplic\u00e1veis.<\/p>\n<h2>ARTIGO 1 \u2013 ACESSO AO SITE \u2013 FUNCIONALIDADES \u2013 USO<\/h2>\n<p>1.1. O acesso e o uso do Site s\u00e3o estritamente pessoais. Voc\u00ea compromete-se a n\u00e3o utiliz\u00e1-lo e as informa\u00e7\u00f5es nele contidas para fins comerciais, pol\u00edticos, publicit\u00e1rios ou qualquer forma de solicita\u00e7\u00e3o comercial, especialmente o envio de e-mails n\u00e3o solicitados.<\/p>\n<p>De modo geral, ao acessar e utilizar o Site, voc\u00ea compromete-se a:<\/p>\n<ul>\n<li>verificar se a configura\u00e7\u00e3o do seu computador est\u00e1 livre de v\u00edrus e em perfeito estado de funcionamento;<\/li>\n<li>n\u00e3o copiar total ou parcialmente o conte\u00fado do Site para outro site ou qualquer outro suporte;<\/li>\n<li>n\u00e3o instalar sistemas ou dispositivos destinados a hackear o Site, no todo ou em parte, ou a violar as presentes CGU;<\/li>\n<li>informar a ELICIT PLANT assim que tiver conhecimento de qualquer \u201c<em>hackeamento<\/em>\u201d ou uso il\u00edcito\/n\u00e3o autorizado de elementos do Site, independentemente do meio de difus\u00e3o;<\/li>\n<li>respeitar integralmente as presentes CGU.<\/li>\n<\/ul>\n<p>1.2. O Site tem como principais funcionalidades:<\/p>\n<ul>\n<li>apresentar a ELICIT PLANT e suas atividades;<\/li>\n<li>divulgar informa\u00e7\u00f5es sobre as atividades, produtos e servi\u00e7os da ELICIT PLANT;<\/li>\n<li>publicar ofertas de emprego na ELICIT PLANT;<\/li>\n<li>permitir o contato com os diversos departamentos da empresa.<\/li>\n<\/ul>\n<h2>ARTIGO 2 \u2013 PROPRIEDADE INTELECTUAL<\/h2>\n<p>A ELICIT PLANT concede a voc\u00ea apenas o direito de consultar as informa\u00e7\u00f5es e conte\u00fados dispon\u00edveis no Site durante o per\u00edodo de acesso.<\/p>\n<p>Todos os elementos e conte\u00fados do Site, incluindo marcas, logotipos, imagens, desenhos, gr\u00e1ficos, \u00edcones, estrutura, textos, bem como quaisquer aplicativos utilizados para seu funcionamento, s\u00e3o e permanecem propriedade exclusiva da ELICIT PLANT e\/ou de seus parceiros.<\/p>\n<p>As marcas verbais e visuais (logotipos) ELICIT PLANT, ou que designam seus produtos e servi\u00e7os, s\u00e3o protegidas por direitos de propriedade intelectual e est\u00e3o registradas na Fran\u00e7a e internacionalmente.<\/p>\n<p>Assim, toda reprodu\u00e7\u00e3o, representa\u00e7\u00e3o, uso, modifica\u00e7\u00e3o ou adapta\u00e7\u00e3o, total ou parcial, de quaisquer elementos ou conte\u00fados do Site, incluindo aplicativos, sem autoriza\u00e7\u00e3o pr\u00e9via, expressa e por escrito da ELICIT PLANT, \u00e9 estritamente proibida e poder\u00e1 resultar em a\u00e7\u00f5es judiciais, especialmente por viola\u00e7\u00e3o de direitos autorais ou concorr\u00eancia desleal, conforme a legisla\u00e7\u00e3o vigente.<\/p>\n<p>O fato de a ELICIT PLANT n\u00e3o iniciar imediatamente um processo judicial ap\u00f3s tomar conhecimento de uma viola\u00e7\u00e3o n\u00e3o constitui aceita\u00e7\u00e3o da referida viola\u00e7\u00e3o nem ren\u00fancia ao direito de agir.<\/p>\n<h2>ARTIGO 3 \u2013 GEST\u00c3O DO SITE<\/h2>\n<p>Para garantir o bom funcionamento do Site, a ELICIT PLANT poder\u00e1, a qualquer momento, de forma tempor\u00e1ria ou permanente:<\/p>\n<ul>\n<li>suspender, interromper ou limitar o acesso a todo ou parte do Site, restringir o acesso a determinadas categorias de usu\u00e1rios;<\/li>\n<li>remover e\/ou modificar qualquer configura\u00e7\u00e3o ou informa\u00e7\u00e3o que possa comprometer o funcionamento do Site, violar leis nacionais ou internacionais, ou as regras de boa conduta na internet (\u201cnetiqueta\u201d);<\/li>\n<li>suspender o Site, especialmente para realizar atualiza\u00e7\u00f5es e\/ou manuten\u00e7\u00e3o, sem aviso pr\u00e9vio aos usu\u00e1rios.<\/li>\n<\/ul>\n<h2>ARTIGO 4 \u2013 RESPONSABILIDADES<\/h2>\n<p>4.1. As informa\u00e7\u00f5es disponibilizadas no Site da ELICIT PLANT s\u00e3o fornecidas apenas a t\u00edtulo informativo e n\u00e3o constituem uma oferta de produtos ou servi\u00e7os espec\u00edficos. Para obter detalhes sobre os servi\u00e7os prestados pela ELICIT PLANT, voc\u00ea pode entrar em contato diretamente pelos meios indicados no Site.<\/p>\n<p>Embora a ELICIT PLANT se esforce para verificar as informa\u00e7\u00f5es fornecidas em seu Site, ela n\u00e3o garante que as mesmas, bem como os links externos, estejam completas, exatas e atualizadas em todos os momentos.<\/p>\n<p>4.2. A ELICIT PLANT empregar\u00e1 todos os esfor\u00e7os razo\u00e1veis para garantir a seguran\u00e7a do acesso, consulta e uso do Site, dentro dos limites de sua obriga\u00e7\u00e3o de meios.<\/p>\n<p>O Site est\u00e1 dispon\u00edvel 24 horas por dia, 7 dias por semana, exceto em casos de for\u00e7a maior, eventos fora de seu controle, falhas t\u00e9cnicas ou manuten\u00e7\u00e3o necess\u00e1ria ao bom funcionamento e evolu\u00e7\u00e3o do Site.<\/p>\n<p>A ELICIT PLANT n\u00e3o poder\u00e1 ser responsabilizada por falhas, interrup\u00e7\u00f5es ou dificuldades de acesso ao Site ou a qualquer uma de suas funcionalidades.<\/p>\n<p>4.3. O equipamento utilizado para acessar o Site \u00e9 de sua total responsabilidade. Voc\u00ea deve tomar todas as medidas adequadas para proteger seu equipamento e seus dados contra ataques ou v\u00edrus da internet. O uso que voc\u00ea faz do Site, dos servi\u00e7os e das informa\u00e7\u00f5es acessadas \u00e9 de sua inteira responsabilidade.<\/p>\n<p>A ELICIT PLANT n\u00e3o se responsabiliza por danos causados a voc\u00ea, a terceiros e\/ou a seu equipamento, ou por quaisquer a\u00e7\u00f5es judiciais decorrentes de seu uso do Site. Caso a ELICIT PLANT seja alvo de processo administrativo ou judicial em raz\u00e3o de seu uso, reserva-se o direito de buscar ressarcimento pelos danos, custos e despesas decorrentes.<\/p>\n<h2>ARTIGO 5 \u2013 LINKS DE HIPERTEXTO<\/h2>\n<p>5.1. O Site pode conter links para outros sites ou fontes de informa\u00e7\u00e3o administradas por parceiros. A ELICIT PLANT n\u00e3o tem controle sobre esses servi\u00e7os e fontes externas; portanto, os links s\u00e3o fornecidos por sua conta e risco, sem garantias de qualquer tipo.<\/p>\n<p>A ELICIT PLANT n\u00e3o se responsabiliza pelo conte\u00fado ou funcionamento desses sites e fontes externas, nem pelos produtos, servi\u00e7os ou materiais dispon\u00edveis neles, tampouco por eventuais danos decorrentes de seu uso.<\/p>\n<p>5.2. A cria\u00e7\u00e3o de links para o Site ou a exibi\u00e7\u00e3o de parte de seu conte\u00fado em sites de terceiros \u00e9 estritamente proibida, salvo autoriza\u00e7\u00e3o pr\u00e9via e por escrito da ELICIT PLANT, e desde que as informa\u00e7\u00f5es originais e sua proveni\u00eancia n\u00e3o sejam alteradas. Essa autoriza\u00e7\u00e3o poder\u00e1 ser revogada a qualquer momento, sem justificativa.<\/p>\n<h2>ARTIGO 6 \u2013 PROTE\u00c7\u00c3O DE DADOS PESSOAIS<\/h2>\n<p>Voc\u00ea pode consultar as pr\u00e1ticas da ELICIT PLANT relativas ao tratamento de seus dados pessoais e seus compromissos de privacidade acessando nossa Pol\u00edtica de Privacidade.<\/p>\n<h2>ARTIGO 7 \u2013 COOKIES<\/h2>\n<p>Para mais informa\u00e7\u00f5es sobre os cookies utilizados neste Site e a gest\u00e3o de seu consentimento, consulte nossa Pol\u00edtica de Cookies.<\/p>\n<h2>ARTIGO 8 \u2013 LEI APLIC\u00c1VEL \/ JURISDI\u00c7\u00c3O COMPETENTE<\/h2>\n<p>As presentes CGU est\u00e3o sujeitas \u00e0 legisla\u00e7\u00e3o francesa e sob a jurisdi\u00e7\u00e3o exclusiva dos tribunais franceses.<\/p>\n\n            <div style=\"clear: both;\"><\/div>\n        <\/div>\n    <\/div>\n<\/section>\n","protected":false},"excerpt":{"rendered":"<p>As men\u00e7\u00f5es legais abaixo se aplicam ao site www.elicit-plant.com Raz\u00e3o social: ELICIT PLANT Sede: LIEUDIT LE CHATAIGNIER, 1 PAS DE LA CROIX, 16220 MOULINS-SUR-TARDOIRE, CHARENTE (16) Forma jur\u00eddica: Sociedade por A\u00e7\u00f5es Simplificada Capital social: 139.417,50 \u20ac Registrada no RCS de Angoul\u00eame: n\u00famero SIREN: 831 286 455 e n\u00famero SIRET: 831 286 455 00025 N\u00b0 de IVA intracomunit\u00e1rio: FR47831286455 Diretor da publica\u00e7\u00e3o: Sr. Jean-Fran\u00e7ois DECHANT Telefone: +33 05 45 23 18 38 E-mail: dataprivacy@elicit-plant.com Hospedagem: Infomaniak Raz\u00e3o social: Infomaniak Network SA Endere\u00e7o: Rue Eug\u00e8ne Marziano 25 &#8211; 1227 Les Acacias (GE) Contato &nbsp; CONDI\u00c7\u00d5ES GERAIS DE USO DO SITE WWW.ELICIT-PLANT.COM &nbsp; O acesso, a consulta e o uso do site https:\/\/www.elicit-plant.com (\u201cSite\u201d) s\u00e3o regidos pelas presentes Condi\u00e7\u00f5es Gerais de Uso (\u201cCGU\u201d). Ao acessar ou consultar o Site, o visitante e\/ou usu\u00e1rio (\u201cVoc\u00ea\u201d) \u00e9 considerado como tendo aceitado, sem restri\u00e7\u00f5es, as&#8230;<\/p>\n","protected":false},"author":3,"featured_media":0,"parent":0,"menu_order":0,"comment_status":"closed","ping_status":"closed","template":"","meta":{"_acf_changed":false,"footnotes":""},"class_list":["post-111","page","type-page","status-publish","hentry"],"acf":[],"yoast_head":"<!-- This site is optimized with the Yoast SEO plugin v27.3 - https:\/\/yoast.com\/product\/yoast-seo-wordpress\/ -->\n<title>Advert\u00eancias Legais - Elicit Plant Brasil<\/title>\n<meta name=\"robots\" content=\"noindex, follow\" \/>\n<meta property=\"og:locale\" content=\"pt_BR\" \/>\n<meta property=\"og:type\" content=\"article\" \/>\n<meta property=\"og:title\" content=\"Advert\u00eancias Legais - Elicit Plant Brasil\" \/>\n<meta property=\"og:description\" content=\"As men\u00e7\u00f5es legais abaixo se aplicam ao site www.elicit-plant.com Raz\u00e3o social: ELICIT PLANT Sede: LIEUDIT LE CHATAIGNIER, 1 PAS DE LA CROIX, 16220 MOULINS-SUR-TARDOIRE, CHARENTE (16) Forma jur\u00eddica: Sociedade por A\u00e7\u00f5es Simplificada Capital social: 139.417,50 \u20ac Registrada no RCS de Angoul\u00eame: n\u00famero SIREN: 831 286 455 e n\u00famero SIRET: 831 286 455 00025 N\u00b0 de IVA intracomunit\u00e1rio: FR47831286455 Diretor da publica\u00e7\u00e3o: Sr. Jean-Fran\u00e7ois DECHANT Telefone: +33 05 45 23 18 38 E-mail: dataprivacy@elicit-plant.com Hospedagem: Infomaniak Raz\u00e3o social: Infomaniak Network SA Endere\u00e7o: Rue Eug\u00e8ne Marziano 25 - 1227 Les Acacias (GE) Contato &nbsp; CONDI\u00c7\u00d5ES GERAIS DE USO DO SITE WWW.ELICIT-PLANT.COM &nbsp; O acesso, a consulta e o uso do site https:\/\/www.elicit-plant.com (\u201cSite\u201d) s\u00e3o regidos pelas presentes Condi\u00e7\u00f5es Gerais de Uso (\u201cCGU\u201d). Ao acessar ou consultar o Site, o visitante e\/ou usu\u00e1rio (\u201cVoc\u00ea\u201d) \u00e9 considerado como tendo aceitado, sem restri\u00e7\u00f5es, as...\" \/>\n<meta property=\"og:url\" content=\"https:\/\/www.elicit-plant.com\/br\/advertencias-legais\/\" \/>\n<meta property=\"og:site_name\" content=\"Elicit Plant Brasil\" \/>\n<meta property=\"article:modified_time\" content=\"2025-10-07T13:54:32+00:00\" \/>\n<meta name=\"twitter:card\" content=\"summary_large_image\" \/>\n<script type=\"application\/ld+json\" class=\"yoast-schema-graph\">{\"@context\":\"https:\\\/\\\/schema.org\",\"@graph\":[{\"@type\":\"WebPage\",\"@id\":\"https:\\\/\\\/www.elicit-plant.com\\\/br\\\/advertencias-legais\\\/\",\"url\":\"https:\\\/\\\/www.elicit-plant.com\\\/br\\\/advertencias-legais\\\/\",\"name\":\"Advert\u00eancias Legais - Elicit Plant Brasil\",\"isPartOf\":{\"@id\":\"https:\\\/\\\/www.elicit-plant.com\\\/br\\\/#website\"},\"datePublished\":\"2023-08-31T09:28:40+00:00\",\"dateModified\":\"2025-10-07T13:54:32+00:00\",\"inLanguage\":\"pt-BR\",\"potentialAction\":[{\"@type\":\"ReadAction\",\"target\":[\"https:\\\/\\\/www.elicit-plant.com\\\/br\\\/advertencias-legais\\\/\"]}]},{\"@type\":\"WebSite\",\"@id\":\"https:\\\/\\\/www.elicit-plant.com\\\/br\\\/#website\",\"url\":\"https:\\\/\\\/www.elicit-plant.com\\\/br\\\/\",\"name\":\"Elicit Plant\",\"description\":\"\",\"potentialAction\":[{\"@type\":\"SearchAction\",\"target\":{\"@type\":\"EntryPoint\",\"urlTemplate\":\"https:\\\/\\\/www.elicit-plant.com\\\/br\\\/?s={search_term_string}\"},\"query-input\":{\"@type\":\"PropertyValueSpecification\",\"valueRequired\":true,\"valueName\":\"search_term_string\"}}],\"inLanguage\":\"pt-BR\"}]}<\/script>\n<!-- \/ Yoast SEO plugin. -->","yoast_head_json":{"title":"Advert\u00eancias Legais - Elicit Plant Brasil","robots":{"index":"noindex","follow":"follow"},"og_locale":"pt_BR","og_type":"article","og_title":"Advert\u00eancias Legais - Elicit Plant Brasil","og_description":"As men\u00e7\u00f5es legais abaixo se aplicam ao site www.elicit-plant.com Raz\u00e3o social: ELICIT PLANT Sede: LIEUDIT LE CHATAIGNIER, 1 PAS DE LA CROIX, 16220 MOULINS-SUR-TARDOIRE, CHARENTE (16) Forma jur\u00eddica: Sociedade por A\u00e7\u00f5es Simplificada Capital social: 139.417,50 \u20ac Registrada no RCS de Angoul\u00eame: n\u00famero SIREN: 831 286 455 e n\u00famero SIRET: 831 286 455 00025 N\u00b0 de IVA intracomunit\u00e1rio: FR47831286455 Diretor da publica\u00e7\u00e3o: Sr. Jean-Fran\u00e7ois DECHANT Telefone: +33 05 45 23 18 38 E-mail: dataprivacy@elicit-plant.com Hospedagem: Infomaniak Raz\u00e3o social: Infomaniak Network SA Endere\u00e7o: Rue Eug\u00e8ne Marziano 25 - 1227 Les Acacias (GE) Contato &nbsp; CONDI\u00c7\u00d5ES GERAIS DE USO DO SITE WWW.ELICIT-PLANT.COM &nbsp; O acesso, a consulta e o uso do site https:\/\/www.elicit-plant.com (\u201cSite\u201d) s\u00e3o regidos pelas presentes Condi\u00e7\u00f5es Gerais de Uso (\u201cCGU\u201d). Ao acessar ou consultar o Site, o visitante e\/ou usu\u00e1rio (\u201cVoc\u00ea\u201d) \u00e9 considerado como tendo aceitado, sem restri\u00e7\u00f5es, as...","og_url":"https:\/\/www.elicit-plant.com\/br\/advertencias-legais\/","og_site_name":"Elicit Plant Brasil","article_modified_time":"2025-10-07T13:54:32+00:00","twitter_card":"summary_large_image","schema":{"@context":"https:\/\/schema.org","@graph":[{"@type":"WebPage","@id":"https:\/\/www.elicit-plant.com\/br\/advertencias-legais\/","url":"https:\/\/www.elicit-plant.com\/br\/advertencias-legais\/","name":"Advert\u00eancias Legais - Elicit Plant Brasil","isPartOf":{"@id":"https:\/\/www.elicit-plant.com\/br\/#website"},"datePublished":"2023-08-31T09:28:40+00:00","dateModified":"2025-10-07T13:54:32+00:00","inLanguage":"pt-BR","potentialAction":[{"@type":"ReadAction","target":["https:\/\/www.elicit-plant.com\/br\/advertencias-legais\/"]}]},{"@type":"WebSite","@id":"https:\/\/www.elicit-plant.com\/br\/#website","url":"https:\/\/www.elicit-plant.com\/br\/","name":"Elicit Plant","description":"","potentialAction":[{"@type":"SearchAction","target":{"@type":"EntryPoint","urlTemplate":"https:\/\/www.elicit-plant.com\/br\/?s={search_term_string}"},"query-input":{"@type":"PropertyValueSpecification","valueRequired":true,"valueName":"search_term_string"}}],"inLanguage":"pt-BR"}]}},"_links":{"self":[{"href":"https:\/\/www.elicit-plant.com\/br\/wp-json\/wp\/v2\/pages\/111","targetHints":{"allow":["GET"]}}],"collection":[{"href":"https:\/\/www.elicit-plant.com\/br\/wp-json\/wp\/v2\/pages"}],"about":[{"href":"https:\/\/www.elicit-plant.com\/br\/wp-json\/wp\/v2\/types\/page"}],"author":[{"embeddable":true,"href":"https:\/\/www.elicit-plant.com\/br\/wp-json\/wp\/v2\/users\/3"}],"replies":[{"embeddable":true,"href":"https:\/\/www.elicit-plant.com\/br\/wp-json\/wp\/v2\/comments?post=111"}],"version-history":[{"count":3,"href":"https:\/\/www.elicit-plant.com\/br\/wp-json\/wp\/v2\/pages\/111\/revisions"}],"predecessor-version":[{"id":1260,"href":"https:\/\/www.elicit-plant.com\/br\/wp-json\/wp\/v2\/pages\/111\/revisions\/1260"}],"wp:attachment":[{"href":"https:\/\/www.elicit-plant.com\/br\/wp-json\/wp\/v2\/media?parent=111"}],"curies":[{"name":"wp","href":"https:\/\/api.w.org\/{rel}","templated":true}]}}