{"id":1262,"date":"2025-10-07T10:58:46","date_gmt":"2025-10-07T13:58:46","guid":{"rendered":"https:\/\/www.elicit-plant.com\/br\/?page_id=1262"},"modified":"2025-10-07T10:59:34","modified_gmt":"2025-10-07T13:59:34","slug":"politica-de-cookies","status":"publish","type":"page","link":"https:\/\/www.elicit-plant.com\/br\/politica-de-cookies\/","title":{"rendered":"Pol\u00edtica de Cookies"},"content":{"rendered":"<section class=\"cbo-heropicture\" data-anim-group>\n\t<div class=\"cbo-breadcrumbs breadcrumbs--normal\">\n  <div class=\"breadcrumbs-inner\">\n    \t<\/div>\n<\/div>\n\t<div class=\"heropicture-picture cbo-picture-cover\">\n\t\t<img decoding=\"async\" src=\"https:\/\/www.elicit-plant.com\/app\/uploads\/sites\/2\/2023\/08\/max-saeling-momfzb2vtpk-unsplash-scaled-1707x700-1-1024x420.jpg\" srcset=\"https:\/\/www.elicit-plant.com\/app\/uploads\/sites\/2\/2023\/08\/max-saeling-momfzb2vtpk-unsplash-scaled-1707x700-1-320x131.jpg 320w, https:\/\/www.elicit-plant.com\/app\/uploads\/sites\/2\/2023\/08\/max-saeling-momfzb2vtpk-unsplash-scaled-1707x700-1-768x315.jpg 768w, https:\/\/www.elicit-plant.com\/app\/uploads\/sites\/2\/2023\/08\/max-saeling-momfzb2vtpk-unsplash-scaled-1707x700-1-1024x420.jpg 1024w, https:\/\/www.elicit-plant.com\/app\/uploads\/sites\/2\/2023\/08\/max-saeling-momfzb2vtpk-unsplash-scaled-1707x700-1-1400x574.jpg 1280w, https:\/\/www.elicit-plant.com\/app\/uploads\/sites\/2\/2023\/08\/max-saeling-momfzb2vtpk-unsplash-scaled-1707x700-1.jpg 1920w\" class=\"\" alt=\"\" width=\"1024\" height=\"420\" sizes=\"auto, 100vw\" loading=\"lazy\" \/>\t<\/div>\n\n\t<div class=\"heropicture-inner cbo-container container--small container--padding\">\n\t\t<div class=\"heropicture-content\">\n\n\t\t\t\n\t\t\t<h1 class=\"content-title cbo-title-2 slide-down\">\n\t\t\t\tPol\u00edtica de Cookies\t\t\t<\/h1>\n\t\t<\/div>\n\t<\/div>\n<\/section>\n\n<section class=\"cbo-text cbo-margin-container\">\n    <div class=\"\n        text-inner\n                cbo-container\n        container--small        \"\n    >\n        <div class=\"text-content cbo-cms cms--large\">\n            <h2>COMO CONFIGURAR OS COOKIES UTILIZADOS NO SITE?<\/h2>\n<p>Esta se\u00e7\u00e3o explica como autorizar ou n\u00e3o autorizar o uso de cookies no site.<\/p>\n<p>Na sua primeira navega\u00e7\u00e3o no Site, voc\u00ea ser\u00e1 convidado a configurar o uso de cookies.<\/p>\n<p>Essa configura\u00e7\u00e3o \u00e9 feita por meio de um banner informativo sobre o uso de cookies que, ao aparecer, convida voc\u00ea a conhecer os cookies utilizados, aceit\u00e1-los ou recus\u00e1-los de forma global e, de maneira geral, a configur\u00e1-los pela interface do Site clicando no \u00edcone no canto inferior esquerdo do seu navegador.<\/p>\n<p><img loading=\"lazy\" decoding=\"async\" class=\"size-full wp-image-6841 alignnone\" src=\"https:\/\/www.elicit-plant.com\/app\/uploads\/sites\/1\/2025\/10\/Axeptio-logo.png\" alt=\"Axeptio logo\" width=\"61\" height=\"62\" \/><\/p>\n<p>Durante todo o uso do site, e a qualquer momento, voc\u00ea pode alterar a configura\u00e7\u00e3o dos cookies \u2014 para aceit\u00e1-los ou recus\u00e1-los \u2014 acessando o m\u00f3dulo de gest\u00e3o do seu consentimento pelo atalho indicado acima.<\/p>\n<p>Voc\u00ea tamb\u00e9m pode bloquear parte ou a totalidade dos cookies t\u00e9cnicos do Site, necess\u00e1rios para seu bom funcionamento, diretamente nas configura\u00e7\u00f5es do seu navegador. No entanto, a recusa desses cookies pelo navegador pode levar \u00e0 impossibilidade de acessar certas funcionalidades\/partes do site ou ao funcionamento degradado deste.<\/p>\n<h2>COM QUEM ENTRAR EM CONTATO EM CASO DE D\u00daVIDAS SOBRE COOKIES?<\/h2>\n<p>Para qualquer d\u00favida sobre esta Pol\u00edtica de Cookies, ou para qualquer solicita\u00e7\u00e3o relativa aos cookies utilizados no Site de forma geral, voc\u00ea pode nos contatar a qualquer momento:<\/p>\n<ul>\n<li>Enviando correspond\u00eancia para: ELICIT PLANT \u2013 LIEUDIT LE CHATAIGNIER, 1 PASSAGE DE LA CROIX, 16220 MOULINS-SUR-TARDOIRE, CHARENTE (16)<br \/>\n  Enviando e-mail para: <a href=\"mailto:dataprivacy@elicit-plant.com\">dataprivacy@elicit-plant.com<\/a><\/li>\n<\/ul>\n\n            <div style=\"clear: both;\"><\/div>\n        <\/div>\n    <\/div>\n<\/section>\n","protected":false},"excerpt":{"rendered":"<p>COMO CONFIGURAR OS COOKIES UTILIZADOS NO SITE? Esta se\u00e7\u00e3o explica como autorizar ou n\u00e3o autorizar o uso de cookies no site. Na sua primeira navega\u00e7\u00e3o no Site, voc\u00ea ser\u00e1 convidado a configurar o uso de cookies. Essa configura\u00e7\u00e3o \u00e9 feita por meio de um banner informativo sobre o uso de cookies que, ao aparecer, convida voc\u00ea a conhecer os cookies utilizados, aceit\u00e1-los ou recus\u00e1-los de forma global e, de maneira geral, a configur\u00e1-los pela interface do Site clicando no \u00edcone no canto inferior esquerdo do seu navegador. Durante todo o uso do site, e a qualquer momento, voc\u00ea pode alterar a configura\u00e7\u00e3o dos cookies \u2014 para aceit\u00e1-los ou recus\u00e1-los \u2014 acessando o m\u00f3dulo de gest\u00e3o do seu consentimento pelo atalho indicado acima. Voc\u00ea tamb\u00e9m pode bloquear parte ou a totalidade dos cookies t\u00e9cnicos do Site, necess\u00e1rios para seu bom funcionamento, diretamente nas configura\u00e7\u00f5es do seu navegador. No entanto, a recusa desses cookies pelo navegador pode levar \u00e0&#8230;<\/p>\n","protected":false},"author":6,"featured_media":0,"parent":0,"menu_order":0,"comment_status":"closed","ping_status":"closed","template":"","meta":{"_acf_changed":false,"footnotes":""},"class_list":["post-1262","page","type-page","status-publish","hentry"],"acf":[],"yoast_head":"<!-- This site is optimized with the Yoast SEO plugin v27.3 - https:\/\/yoast.com\/product\/yoast-seo-wordpress\/ -->\n<title>Pol\u00edtica de Cookies - Elicit Plant Brasil<\/title>\n<meta name=\"robots\" content=\"noindex, follow\" \/>\n<meta property=\"og:locale\" content=\"pt_BR\" \/>\n<meta property=\"og:type\" content=\"article\" \/>\n<meta property=\"og:title\" content=\"Pol\u00edtica de Cookies - Elicit Plant Brasil\" \/>\n<meta property=\"og:description\" content=\"COMO CONFIGURAR OS COOKIES UTILIZADOS NO SITE? Esta se\u00e7\u00e3o explica como autorizar ou n\u00e3o autorizar o uso de cookies no site. Na sua primeira navega\u00e7\u00e3o no Site, voc\u00ea ser\u00e1 convidado a configurar o uso de cookies. Essa configura\u00e7\u00e3o \u00e9 feita por meio de um banner informativo sobre o uso de cookies que, ao aparecer, convida voc\u00ea a conhecer os cookies utilizados, aceit\u00e1-los ou recus\u00e1-los de forma global e, de maneira geral, a configur\u00e1-los pela interface do Site clicando no \u00edcone no canto inferior esquerdo do seu navegador. Durante todo o uso do site, e a qualquer momento, voc\u00ea pode alterar a configura\u00e7\u00e3o dos cookies \u2014 para aceit\u00e1-los ou recus\u00e1-los \u2014 acessando o m\u00f3dulo de gest\u00e3o do seu consentimento pelo atalho indicado acima. Voc\u00ea tamb\u00e9m pode bloquear parte ou a totalidade dos cookies t\u00e9cnicos do Site, necess\u00e1rios para seu bom funcionamento, diretamente nas configura\u00e7\u00f5es do seu navegador. No entanto, a recusa desses cookies pelo navegador pode levar \u00e0...\" \/>\n<meta property=\"og:url\" content=\"https:\/\/www.elicit-plant.com\/br\/politica-de-cookies\/\" \/>\n<meta property=\"og:site_name\" content=\"Elicit Plant Brasil\" \/>\n<meta property=\"article:modified_time\" content=\"2025-10-07T13:59:34+00:00\" \/>\n<meta name=\"twitter:card\" content=\"summary_large_image\" \/>\n<script type=\"application\/ld+json\" class=\"yoast-schema-graph\">{\"@context\":\"https:\\\/\\\/schema.org\",\"@graph\":[{\"@type\":\"WebPage\",\"@id\":\"https:\\\/\\\/www.elicit-plant.com\\\/br\\\/politica-de-cookies\\\/\",\"url\":\"https:\\\/\\\/www.elicit-plant.com\\\/br\\\/politica-de-cookies\\\/\",\"name\":\"Pol\u00edtica de Cookies - Elicit Plant Brasil\",\"isPartOf\":{\"@id\":\"https:\\\/\\\/www.elicit-plant.com\\\/br\\\/#website\"},\"datePublished\":\"2025-10-07T13:58:46+00:00\",\"dateModified\":\"2025-10-07T13:59:34+00:00\",\"inLanguage\":\"pt-BR\",\"potentialAction\":[{\"@type\":\"ReadAction\",\"target\":[\"https:\\\/\\\/www.elicit-plant.com\\\/br\\\/politica-de-cookies\\\/\"]}]},{\"@type\":\"WebSite\",\"@id\":\"https:\\\/\\\/www.elicit-plant.com\\\/br\\\/#website\",\"url\":\"https:\\\/\\\/www.elicit-plant.com\\\/br\\\/\",\"name\":\"Elicit Plant\",\"description\":\"\",\"potentialAction\":[{\"@type\":\"SearchAction\",\"target\":{\"@type\":\"EntryPoint\",\"urlTemplate\":\"https:\\\/\\\/www.elicit-plant.com\\\/br\\\/?s={search_term_string}\"},\"query-input\":{\"@type\":\"PropertyValueSpecification\",\"valueRequired\":true,\"valueName\":\"search_term_string\"}}],\"inLanguage\":\"pt-BR\"}]}<\/script>\n<!-- \/ Yoast SEO plugin. -->","yoast_head_json":{"title":"Pol\u00edtica de Cookies - Elicit Plant Brasil","robots":{"index":"noindex","follow":"follow"},"og_locale":"pt_BR","og_type":"article","og_title":"Pol\u00edtica de Cookies - Elicit Plant Brasil","og_description":"COMO CONFIGURAR OS COOKIES UTILIZADOS NO SITE? Esta se\u00e7\u00e3o explica como autorizar ou n\u00e3o autorizar o uso de cookies no site. Na sua primeira navega\u00e7\u00e3o no Site, voc\u00ea ser\u00e1 convidado a configurar o uso de cookies. Essa configura\u00e7\u00e3o \u00e9 feita por meio de um banner informativo sobre o uso de cookies que, ao aparecer, convida voc\u00ea a conhecer os cookies utilizados, aceit\u00e1-los ou recus\u00e1-los de forma global e, de maneira geral, a configur\u00e1-los pela interface do Site clicando no \u00edcone no canto inferior esquerdo do seu navegador. Durante todo o uso do site, e a qualquer momento, voc\u00ea pode alterar a configura\u00e7\u00e3o dos cookies \u2014 para aceit\u00e1-los ou recus\u00e1-los \u2014 acessando o m\u00f3dulo de gest\u00e3o do seu consentimento pelo atalho indicado acima. Voc\u00ea tamb\u00e9m pode bloquear parte ou a totalidade dos cookies t\u00e9cnicos do Site, necess\u00e1rios para seu bom funcionamento, diretamente nas configura\u00e7\u00f5es do seu navegador. No entanto, a recusa desses cookies pelo navegador pode levar \u00e0...","og_url":"https:\/\/www.elicit-plant.com\/br\/politica-de-cookies\/","og_site_name":"Elicit Plant Brasil","article_modified_time":"2025-10-07T13:59:34+00:00","twitter_card":"summary_large_image","schema":{"@context":"https:\/\/schema.org","@graph":[{"@type":"WebPage","@id":"https:\/\/www.elicit-plant.com\/br\/politica-de-cookies\/","url":"https:\/\/www.elicit-plant.com\/br\/politica-de-cookies\/","name":"Pol\u00edtica de Cookies - Elicit Plant Brasil","isPartOf":{"@id":"https:\/\/www.elicit-plant.com\/br\/#website"},"datePublished":"2025-10-07T13:58:46+00:00","dateModified":"2025-10-07T13:59:34+00:00","inLanguage":"pt-BR","potentialAction":[{"@type":"ReadAction","target":["https:\/\/www.elicit-plant.com\/br\/politica-de-cookies\/"]}]},{"@type":"WebSite","@id":"https:\/\/www.elicit-plant.com\/br\/#website","url":"https:\/\/www.elicit-plant.com\/br\/","name":"Elicit Plant","description":"","potentialAction":[{"@type":"SearchAction","target":{"@type":"EntryPoint","urlTemplate":"https:\/\/www.elicit-plant.com\/br\/?s={search_term_string}"},"query-input":{"@type":"PropertyValueSpecification","valueRequired":true,"valueName":"search_term_string"}}],"inLanguage":"pt-BR"}]}},"_links":{"self":[{"href":"https:\/\/www.elicit-plant.com\/br\/wp-json\/wp\/v2\/pages\/1262","targetHints":{"allow":["GET"]}}],"collection":[{"href":"https:\/\/www.elicit-plant.com\/br\/wp-json\/wp\/v2\/pages"}],"about":[{"href":"https:\/\/www.elicit-plant.com\/br\/wp-json\/wp\/v2\/types\/page"}],"author":[{"embeddable":true,"href":"https:\/\/www.elicit-plant.com\/br\/wp-json\/wp\/v2\/users\/6"}],"replies":[{"embeddable":true,"href":"https:\/\/www.elicit-plant.com\/br\/wp-json\/wp\/v2\/comments?post=1262"}],"version-history":[{"count":2,"href":"https:\/\/www.elicit-plant.com\/br\/wp-json\/wp\/v2\/pages\/1262\/revisions"}],"predecessor-version":[{"id":1265,"href":"https:\/\/www.elicit-plant.com\/br\/wp-json\/wp\/v2\/pages\/1262\/revisions\/1265"}],"wp:attachment":[{"href":"https:\/\/www.elicit-plant.com\/br\/wp-json\/wp\/v2\/media?parent=1262"}],"curies":[{"name":"wp","href":"https:\/\/api.w.org\/{rel}","templated":true}]}}