{"id":159,"date":"2023-09-25T06:28:50","date_gmt":"2023-09-25T09:28:50","guid":{"rendered":"https:\/\/www.elicit-plant.com\/br\/?page_id=159"},"modified":"2026-01-06T10:00:11","modified_gmt":"2026-01-06T13:00:11","slug":"ciencia-e-tecnologia","status":"publish","type":"page","link":"https:\/\/www.elicit-plant.com\/br\/ciencia-e-tecnologia\/","title":{"rendered":"Ci\u00eancia e Tecnologia"},"content":{"rendered":"<section class=\"cbo-hero cbo-margin-container hero--colorgreen\" data-anim-group>\n\t<div class=\"cbo-breadcrumbs breadcrumbs--normal\">\n  <div class=\"breadcrumbs-inner\">\n    \t<\/div>\n<\/div>\n\t<div class=\"hero-inner cbo-container container--padding\">\n\n\t\t<div class=\"hero-shapes\">\n\t\t\t<div class=\"shapes-color scale-up\"><\/div>\n\n\t\t\t<div class=\"shapes-picture cbo-picture-cover scale-up\"  data-delay=\"450\">\n\t\t\t\t<img decoding=\"async\" src=\"https:\/\/www.elicit-plant.com\/app\/uploads\/sites\/2\/2023\/08\/img-carrieres-header-320x320.jpg\" srcset=\"https:\/\/www.elicit-plant.com\/app\/uploads\/sites\/2\/2023\/08\/img-carrieres-header-320x320.jpg 320w, https:\/\/www.elicit-plant.com\/app\/uploads\/sites\/2\/2023\/08\/img-carrieres-header.jpg 768w\" class=\"\" alt=\"\" width=\"320\" height=\"320\" sizes=\"auto, 100vw\" loading=\"lazy\" \/>\t\t\t<\/div>\n\t\t<\/div>\n\n\t\t<div class=\"hero-content cbo-cms cms--large cms--white\">\n\t\t\t<div class=\"content-text\">\n\t\t\t\t<h1 class=\"hero-title cbo-heading slide-down\">\n\t\t\t\t\tCi\u00eancia e Tecnologia\t\t\t\t<\/h1>\n\n\t\t\t\t\t\t\t<\/div>\n\t\t<\/div>\n\n\t<\/div>\n<\/section>\n\n<section class=\"cbo-text cbo-halo cbo-margin-container\">\n    <div class=\"\n        text-inner\n                cbo-container\n        container--small        \"\n    >\n        <div class=\"text-content cbo-cms cms--large\">\n            <table>\n<tbody>\n<tr>\n<td>\n<h2><strong>Ativa\u00e7\u00e3o de mecanismos naturais de resist\u00eancia aos estresses com a utiliza\u00e7\u00e3o dos fitoester\u00f3is<\/strong><\/h2>\n<\/td>\n<\/tr>\n<\/tbody>\n<\/table>\n\n            <div style=\"clear: both;\"><\/div>\n        <\/div>\n    <\/div>\n<\/section>\n\n\n<section class=\"cbo-textpicture textpicture--normal\">\n    <div class=\"textpicture-inner cbo-container container--small\">\n\n        <div class=\"textpicture-picture\">\n            <div class=\"picture-inner cbo-picture-cover\">\n                <img decoding=\"async\" src=\"https:\/\/www.elicit-plant.com\/app\/uploads\/sites\/2\/2023\/09\/stomata2-842x1024-1-263x320.jpg\" srcset=\"https:\/\/www.elicit-plant.com\/app\/uploads\/sites\/2\/2023\/09\/stomata2-842x1024-1-263x320.jpg 320w, https:\/\/www.elicit-plant.com\/app\/uploads\/sites\/2\/2023\/09\/stomata2-842x1024-1-632x768.jpg 768w, https:\/\/www.elicit-plant.com\/app\/uploads\/sites\/2\/2023\/09\/stomata2-842x1024-1.jpg 1024w\" class=\"\" alt=\"\" width=\"263\" height=\"320\" sizes=\"auto, 100vw\" loading=\"lazy\" \/>            <\/div>\n        <\/div>\n\n        <div class=\"textpicture-content cbo-cms cms--large\">\n                            <picture class=\"content-icon cbo-picture-contain\">\n                    <img decoding=\"async\" src=\"https:\/\/www.elicit-plant.com\/app\/uploads\/sites\/2\/2023\/09\/icon-logo-mark.svg\"  class=\"\" alt=\"Logo Elicit Plant\" width=\"1\" height=\"1\" sizes=\"auto, 100vw\" loading=\"lazy\" \/>                <\/picture>\n            \n                            <h2 class=\"content-title cbo-title-2\">\n                    Papel dos fitoester\u00f3is                <\/h2>\n             \n            <ul>\n<li style=\"font-weight: 400\"><b>Aciona os mecanismos de defesa fisiol\u00f3gica das plantas em rela\u00e7\u00e3o aos estresses ambientais.<\/b><\/li>\n<\/ul>\n        <\/div>\n\n    <\/div>\n<\/section>\n\n<section class=\"cbo-text cbo-margin-container\">\n    <div class=\"\n        text-inner\n                cbo-container\n        container--small        \"\n    >\n        <div class=\"text-content cbo-cms cms--large\">\n            <p><b>Desenvolvemos e formulamos uma solu\u00e7\u00e3o \u00e0 base de fitoesterol<\/b><span style=\"font-weight: 400\"> utilizando propriedades \u00fanicas para obter respostas fisiol\u00f3gicas, direcionadas a estresses espec\u00edficos em diferentes culturas.<\/span><\/p>\n<p>Como resultado, as plantas ser\u00e3o mais resistentes, <b>permitindo que se adaptem melhor \u00e0s mudan\u00e7as clim\u00e1ticas e m<\/b><b>antenham<\/b><b> o<\/b><b> potencial produtivo<\/b><b> das culturas.<\/b><\/p>\n\n            <div style=\"clear: both;\"><\/div>\n        <\/div>\n    <\/div>\n<\/section>\n\n\n<section class=\"cbo-text cbo-margin-container\">\n    <div class=\"\n        text-inner\n                cbo-container\n        container--small        \"\n    >\n        <div class=\"text-content cbo-cms cms--large\">\n            <h3>Fitoester\u00f3is s\u00e3o mol\u00e9culas sinalizadoras que permitem que as plantas se adaptem a estresses ambientais<\/h3>\n\n            <div style=\"clear: both;\"><\/div>\n        <\/div>\n    <\/div>\n<\/section>\n\n\n<section class=\"cbo-textpicture textpicture--reverse\">\n    <div class=\"textpicture-inner cbo-container container--small\">\n\n        <div class=\"textpicture-picture\">\n            <div class=\"picture-inner cbo-picture-cover\">\n                <img decoding=\"async\" src=\"https:\/\/www.elicit-plant.com\/app\/uploads\/sites\/2\/2023\/08\/img-article-bloc-phytosterols-320x205.jpg\" srcset=\"https:\/\/www.elicit-plant.com\/app\/uploads\/sites\/2\/2023\/08\/img-article-bloc-phytosterols-320x205.jpg 320w, https:\/\/www.elicit-plant.com\/app\/uploads\/sites\/2\/2023\/08\/img-article-bloc-phytosterols.jpg 768w, https:\/\/www.elicit-plant.com\/app\/uploads\/sites\/2\/2023\/08\/img-article-bloc-phytosterols.jpg 1024w\" class=\"\" alt=\"\" width=\"320\" height=\"205\" sizes=\"auto, 100vw\" loading=\"lazy\" \/>            <\/div>\n        <\/div>\n\n        <div class=\"textpicture-content cbo-cms cms--large\">\n            \n            \n            <p>Os fitoester\u00f3is s\u00e3o <strong>lip\u00eddios vegetais<\/strong> conhecidos e estudados h\u00e1 muitos anos. <span style=\"font-weight: 400\">Ao contr\u00e1rio dos animais, que s\u00f3 t\u00eam colesterol, as plantas sintetizam um <\/span><b>grande n\u00famero de diferentes fitoester\u00f3is<\/b><span style=\"font-weight: 400\">, que s\u00e3o componentes das membranas celulares. Essas mol\u00e9culas fazem parte do metabolismo prim\u00e1rio dos organismos vivos e, portanto, s\u00e3o essenciais para sua sobreviv\u00eancia.<\/span><\/p>\n<p>&nbsp;<\/p>\n<p><span style=\"font-weight: 400\">Em virtude de sua presen\u00e7a nas membranas celulares, os fitoester\u00f3is desempenham um papel central na regula\u00e7\u00e3o de sua fluidez e, portanto, de sua permeabilidade. \u00c9 por meio desses mecanismos que as <\/span><b>mol\u00e9culas de sinaliza\u00e7\u00e3o<\/b><span style=\"font-weight: 400\"> transmitem informa\u00e7\u00f5es para estimular o crescimento das plantas e\/ou garantir que elas respondam adequadamente \u00e0s mudan\u00e7as nas condi\u00e7\u00f5es ambientais.<\/span><\/p>\n<p>&nbsp;<\/p>\n        <\/div>\n\n    <\/div>\n<\/section>\n\n<section class=\"cbo-video video--normal video--titlebefore cbo-margin-container\">\n\t<div class=\"video-inner cbo-container container--small\">\n\n\t\t\t\t<h2 class=\"video-title\">\n\t\t\tModo de a\u00e7\u00e3o dos fitoester\u00f3is\t\t<\/h2>\n\t\t\n\t\t<div class=\"video-player\" data-player-ancestor>\n\n\t\t\t<div class=\"player-inner\">\n\t\t\t\t<div class=\"cbo-youtube\">\n\t<div class=\"youtube-inner\">\n\n\t\t\t\t<div\n\t\t\tclass=\"youtube-player\"\n\t\t\tdata-id=\"RHA64zZzPSM\"\n\t\t\tid=\"yt_XzV97RRWVU\"\n\t\t><\/div>\n\t\t\n\t\t<div class=\"youtube-cover cbo-picture-cover\">\n\n\t\t\t<img decoding=\"async\" src=\"https:\/\/www.elicit-plant.com\/app\/uploads\/sites\/2\/2026\/01\/The-power-of-phytosterols-1024x575.png\"  sizes=\"100vw\" class=\"\" alt=\"\"  loading=\"lazy\" \/>\n\t\t\t<button type=\"button\" class=\"cover-button cbo-youtube-button\">\n\t\t\t\t<i class=\"icon icon-play\"><\/i>\n\t\t\t\t<div class=\"button-spinner cbo-spinner\">\n\t\t\t\t\t<div><\/div>\n\t\t\t\t\t<div><\/div>\n\t\t\t\t\t<div><\/div>\n\t\t\t\t\t<div><\/div>\n\t\t\t\t<\/div>\n\t\t\t<\/button>\n\t\t<\/div>\n\n\t<\/div>\n\n\t<\/div>\t\t\t<\/div>\n\n\t\t\t\n\t\t<\/div>\n\t<\/div>\n<\/section>\n\n\n<section class=\"cbo-text cbo-margin-container\">\n    <div class=\"\n        text-inner\n                cbo-container\n        container--small        \"\n    >\n        <div class=\"text-content cbo-cms cms--large\">\n            <h3>Modo de a\u00e7\u00e3o dos fitoester\u00f3is<\/span><\/h3>\n\n            <div style=\"clear: both;\"><\/div>\n        <\/div>\n    <\/div>\n<\/section>\n\n\n<section class=\"cbo-textpicture textpicture--normal\">\n    <div class=\"textpicture-inner cbo-container container--small\">\n\n        <div class=\"textpicture-picture\">\n            <div class=\"picture-inner cbo-picture-cover\">\n                <img decoding=\"async\" src=\"https:\/\/www.elicit-plant.com\/app\/uploads\/sites\/2\/2023\/10\/Modo-de-acao-dos-fitoesterois-320x320.jpg\" srcset=\"https:\/\/www.elicit-plant.com\/app\/uploads\/sites\/2\/2023\/10\/Modo-de-acao-dos-fitoesterois-320x320.jpg 320w, https:\/\/www.elicit-plant.com\/app\/uploads\/sites\/2\/2023\/10\/Modo-de-acao-dos-fitoesterois-768x768.jpg 768w, https:\/\/www.elicit-plant.com\/app\/uploads\/sites\/2\/2023\/10\/Modo-de-acao-dos-fitoesterois.jpg 1024w\" class=\"\" alt=\"Modo de a\u00e7\u00e3o dos fitoester\u00f3is\" width=\"320\" height=\"320\" sizes=\"auto, 100vw\" loading=\"lazy\" \/>            <\/div>\n        <\/div>\n\n        <div class=\"textpicture-content cbo-cms cms--large\">\n            \n            \n            <h4>Crescimento radicular<\/h4>\n<p>Ap\u00f3s a pulveriza\u00e7\u00e3o foliar com fitoester\u00f3is, as plantas tratadas estimulam naturalmente o crescimento de suas ra\u00edzes.<\/p>\n<p>Isso \u00e9 essencial para melhorar a explora\u00e7\u00e3o da capilaridade do solo pelas ra\u00edzes das plantas, <b>au ment ando assim a capacidade de absor\u00e7\u00e3o e o reservat\u00f3rio de \u00e1gua<\/b> ao qual t\u00eam acesso e permitindo que tolerem a seca.<\/p>\n<h4>Regula\u00e7\u00e3o da evapotranspira\u00e7\u00e3o<\/h4>\n<p>Durante o estresse h\u00eddrico, os fitoester\u00f3is desempenham um papel na regula\u00e7\u00e3o da abertura dos est\u00f4matos, que s\u00e3o respons\u00e1veis pelas trocas gasosas entre a planta e meio-ambiente.<\/p>\n<p>Assim, as plantas tratadas sob estresse h\u00eddrico, limitam a evapotranspira\u00e7\u00e3o foliar gra\u00e7as a mol\u00e9culas de sinaliza\u00e7\u00e3o que induzem o <b>fechamento parcial dos est\u00f4matos.<\/b><\/p>\n<p>&nbsp;<\/p>\n        <\/div>\n\n    <\/div>\n<\/section>\n\n<section class=\"cbo-text cbo-margin-container\">\n    <div class=\"\n        text-inner\n                cbo-container\n        container--normal        \"\n    >\n        <div class=\"text-content cbo-cms cms--large\">\n            <p><span style=\"font-weight: 400\">Em s\u00edntese, gra\u00e7as a pulveriza\u00e7\u00e3o de fitoester\u00f3is em suas folhas, as plantas recebem <span class=\"ui-provider ec iw bas bat bau bav baw bax bay baz bba bbb bbc bbd bbe bbf bbg bbh bbi bbj bbk bbl bbm bbn bbo bbp bbq bbr bbs bbt bbu bbv bbw bbx bby\" dir=\"ltr\">est\u00edmulo <\/span>em seu metabolismo, induzindo o crescimento e a adapta\u00e7\u00e3o do seu sistema de defesa em resposta \u00e0s mudan\u00e7as nas condi\u00e7\u00f5es ambientais, proporcionando <\/span><b>maior toler\u00e2ncia ao estresse<\/b><span style=\"font-weight: 400\">.<\/span><\/p>\n\n            <div style=\"clear: both;\"><\/div>\n        <\/div>\n    <\/div>\n<\/section>\n\n\n<section class=\"cbo-text cbo-margin-container\">\n    <div class=\"\n        text-inner\n                cbo-container\n        container--small        \"\n    >\n        <div class=\"text-content cbo-cms cms--large\">\n            <h4>Da ci\u00eancia para a lavoura<\/h4>\n\n            <div style=\"clear: both;\"><\/div>\n        <\/div>\n    <\/div>\n<\/section>\n\n\n<section class=\"cbo-textpicture textpicture--normal\">\n    <div class=\"textpicture-inner cbo-container container--small\">\n\n        <div class=\"textpicture-picture\">\n            <div class=\"picture-inner cbo-picture-cover\">\n                <img decoding=\"async\" src=\"https:\/\/www.elicit-plant.com\/app\/uploads\/sites\/2\/2023\/09\/attendre-le-bon-moment-pour-appliquer-best-a-mueme-si-les-sols-sont-secs-320x180.jpg\" srcset=\"https:\/\/www.elicit-plant.com\/app\/uploads\/sites\/2\/2023\/09\/attendre-le-bon-moment-pour-appliquer-best-a-mueme-si-les-sols-sont-secs-320x180.jpg 320w, https:\/\/www.elicit-plant.com\/app\/uploads\/sites\/2\/2023\/09\/attendre-le-bon-moment-pour-appliquer-best-a-mueme-si-les-sols-sont-secs-768x432.jpg 768w, https:\/\/www.elicit-plant.com\/app\/uploads\/sites\/2\/2023\/09\/attendre-le-bon-moment-pour-appliquer-best-a-mueme-si-les-sols-sont-secs.jpg 1024w\" class=\"\" alt=\"\" width=\"320\" height=\"180\" sizes=\"auto, 100vw\" loading=\"lazy\" \/>            <\/div>\n        <\/div>\n\n        <div class=\"textpicture-content cbo-cms cms--large\">\n            \n            \n            <p>Al\u00e9m de compreender as propriedades exclusivas dos fitoester\u00f3is, a Elicit Plant conseguiu avan\u00e7ar em um grande obst\u00e1culo tecnol\u00f3gico :<\/p>\n<ul>\n<li><b>para formular uma solu\u00e7\u00e3o adequada para aplica\u00e7\u00e3o foliar,<\/b><\/li>\n<\/ul>\n<ul>\n<li><b>compat\u00edvel com as pr\u00e1ticas e maquin\u00e1rios agr\u00edcolas<\/b><\/li>\n<li><b>com resultados cientificamente comprovados em todo o mundo.<\/b><\/li>\n<\/ul>\n        <\/div>\n\n    <\/div>\n<\/section>\n\n<section class=\"cbo-featuredlinks featuredlinks--colorwhite\">\n\t<div class=\"featuredlinks-inner cbo-container \">\n\n\t\t\t\t\t<h2 class=\"cbo-title-2 featuredlinks-title\">\n\t\t\t\tSaiba mais sobre a ci\u00eancia que valida a tecnologia\t\t\t<\/h2>\n\t\t\n\t\t<div class=\"featuredlinks-list\" data-anim-group data-group-delay=\"100\">\n\t\t\t\n\t\t\t<div class=\"list-el\">\n\t\t\t\t<a class=\"el-inner\" href=\"https:\/\/www.elicit-plant.com\/br\/ciencia-e-tecnologia\/parcerias-cientificas\/\">\n\n\t\t\t\t\t<figure class=\"inner-picture cbo-picture-cover\">\n\t\t\t\t\t\t<img decoding=\"async\" src=\"https:\/\/www.elicit-plant.com\/app\/uploads\/sites\/2\/2023\/09\/img-distributeurs-bloc-2.jpg\" srcset=\"https:\/\/www.elicit-plant.com\/app\/uploads\/sites\/2\/2023\/09\/img-distributeurs-bloc-2-320x205.jpg 320w, https:\/\/www.elicit-plant.com\/app\/uploads\/sites\/2\/2023\/09\/img-distributeurs-bloc-2.jpg 840w, https:\/\/www.elicit-plant.com\/app\/uploads\/sites\/2\/2023\/09\/img-distributeurs-bloc-2.jpg 1024w, https:\/\/www.elicit-plant.com\/app\/uploads\/sites\/2\/2023\/09\/img-distributeurs-bloc-2.jpg 1400w\" class=\"\" alt=\"\" width=\"624\" height=\"400\" sizes=\"auto, 100vw\" loading=\"lazy\" \/>\t\t\t\t\t<\/figure>\n\n\t\t\t\t\t<h3 class=\"inner-title cbo-title-3\">\n\t\t\t\t\t\tParcerias cient\u00edficas e valida\u00e7\u00e3o da performance\t\t\t\t\t<\/h3>\n\n\t\t\t\t\t<span class=\"inner-button cbo-buttonmore\">\n\t\t\t\t\t\t<i class=\"icon icon-cross\"><\/i>\n\t\t\t\t\t<\/span>\n\t\t\t\t<\/a>\n\t\t\t<\/div>\n\n\t\t\t\n\t\t\t<div class=\"list-el\">\n\t\t\t\t<a class=\"el-inner\" href=\"https:\/\/www.elicit-plant.com\/br\/ciencia-e-tecnologia\/plataforma-de-pesquisa\/\">\n\n\t\t\t\t\t<figure class=\"inner-picture cbo-picture-cover\">\n\t\t\t\t\t\t<img decoding=\"async\" src=\"https:\/\/www.elicit-plant.com\/app\/uploads\/sites\/2\/2023\/09\/Phytosterols-multiples-768x768-1.png\" srcset=\"https:\/\/www.elicit-plant.com\/app\/uploads\/sites\/2\/2023\/09\/Phytosterols-multiples-768x768-1-320x320.png 320w, https:\/\/www.elicit-plant.com\/app\/uploads\/sites\/2\/2023\/09\/Phytosterols-multiples-768x768-1.png 840w, https:\/\/www.elicit-plant.com\/app\/uploads\/sites\/2\/2023\/09\/Phytosterols-multiples-768x768-1.png 1024w, https:\/\/www.elicit-plant.com\/app\/uploads\/sites\/2\/2023\/09\/Phytosterols-multiples-768x768-1.png 1400w\" class=\"\" alt=\"\" width=\"768\" height=\"768\" sizes=\"auto, 100vw\" loading=\"lazy\" \/>\t\t\t\t\t<\/figure>\n\n\t\t\t\t\t<h3 class=\"inner-title cbo-title-3\">\n\t\t\t\t\t\tEliTerra\u00ae, a plataforma de tecnologia de pesquisa\t\t\t\t\t<\/h3>\n\n\t\t\t\t\t<span class=\"inner-button cbo-buttonmore\">\n\t\t\t\t\t\t<i class=\"icon icon-cross\"><\/i>\n\t\t\t\t\t<\/span>\n\t\t\t\t<\/a>\n\t\t\t<\/div>\n\n\t\t\t\t\t<\/div>\n\n\t<\/div>\n<\/section>\n\n\n<section class=\"cbo-textintro textintro--transparent\">\n    <div class=\"textintro-inner cbo-container container--small\">\n\n        \n                \n        <div class=\"textintro-content\">\n                    <\/div>\n    <\/div>\n<\/section>\n","protected":false},"excerpt":{"rendered":"<p>Ativa\u00e7\u00e3o de mecanismos naturais de resist\u00eancia aos estresses com a utiliza\u00e7\u00e3o dos fitoester\u00f3is Aciona os mecanismos de defesa fisiol\u00f3gica das plantas em rela\u00e7\u00e3o aos estresses ambientais. Desenvolvemos e formulamos uma solu\u00e7\u00e3o \u00e0 base de fitoesterol utilizando propriedades \u00fanicas para obter respostas fisiol\u00f3gicas, direcionadas a estresses espec\u00edficos em diferentes culturas. Como resultado, as plantas ser\u00e3o mais resistentes, permitindo que se adaptem melhor \u00e0s mudan\u00e7as clim\u00e1ticas e mantenham o potencial produtivo das culturas. Fitoester\u00f3is s\u00e3o mol\u00e9culas sinalizadoras que permitem que as plantas se adaptem a estresses ambientais Os fitoester\u00f3is s\u00e3o lip\u00eddios vegetais conhecidos e estudados h\u00e1 muitos anos. Ao contr\u00e1rio dos animais, que s\u00f3 t\u00eam colesterol, as plantas sintetizam um grande n\u00famero de diferentes fitoester\u00f3is, que s\u00e3o componentes das membranas celulares. Essas mol\u00e9culas fazem parte do metabolismo prim\u00e1rio dos organismos vivos e, portanto, s\u00e3o&#8230;<\/p>\n","protected":false},"author":3,"featured_media":36,"parent":0,"menu_order":0,"comment_status":"closed","ping_status":"closed","template":"","meta":{"_acf_changed":false,"footnotes":""},"class_list":["post-159","page","type-page","status-publish","has-post-thumbnail","hentry"],"acf":[],"yoast_head":"<!-- This site is optimized with the Yoast SEO plugin v27.2 - https:\/\/yoast.com\/product\/yoast-seo-wordpress\/ -->\n<title>Fitoester\u00f3is: seu papel no estresse h\u00eddrico - Elicit Plant<\/title>\n<meta name=\"description\" content=\"Descubra o potencial dos fitoester\u00f3is, mol\u00e9culas de sinaliza\u00e7\u00e3o que estimulam as defesas naturais das plantas contra o estresse h\u00eddrico.\" \/>\n<meta name=\"robots\" content=\"index, follow, max-snippet:-1, max-image-preview:large, max-video-preview:-1\" \/>\n<link rel=\"canonical\" href=\"https:\/\/www.elicit-plant.com\/br\/ciencia-e-tecnologia\/\" \/>\n<meta property=\"og:locale\" content=\"pt_BR\" \/>\n<meta property=\"og:type\" content=\"article\" \/>\n<meta property=\"og:title\" content=\"Fitoester\u00f3is: seu papel no estresse h\u00eddrico - Elicit Plant\" \/>\n<meta property=\"og:description\" content=\"Descubra o potencial dos fitoester\u00f3is, mol\u00e9culas de sinaliza\u00e7\u00e3o que estimulam as defesas naturais das plantas contra o estresse h\u00eddrico.\" \/>\n<meta property=\"og:url\" content=\"https:\/\/www.elicit-plant.com\/br\/ciencia-e-tecnologia\/\" \/>\n<meta property=\"og:site_name\" content=\"Elicit Plant Brasil\" \/>\n<meta property=\"article:modified_time\" content=\"2026-01-06T13:00:11+00:00\" \/>\n<meta property=\"og:image\" content=\"https:\/\/www.elicit-plant.com\/app\/uploads\/sites\/2\/2023\/08\/img-carrieres-header.jpg\" \/>\n\t<meta property=\"og:image:width\" content=\"402\" \/>\n\t<meta property=\"og:image:height\" content=\"403\" \/>\n\t<meta property=\"og:image:type\" content=\"image\/jpeg\" \/>\n<meta name=\"twitter:card\" content=\"summary_large_image\" \/>\n<meta name=\"twitter:label1\" content=\"Est. tempo de leitura\" \/>\n\t<meta name=\"twitter:data1\" content=\"1 minuto\" \/>\n<script type=\"application\/ld+json\" class=\"yoast-schema-graph\">{\"@context\":\"https:\/\/schema.org\",\"@graph\":[{\"@type\":\"WebPage\",\"@id\":\"https:\/\/www.elicit-plant.com\/br\/ciencia-e-tecnologia\/\",\"url\":\"https:\/\/www.elicit-plant.com\/br\/ciencia-e-tecnologia\/\",\"name\":\"Fitoester\u00f3is: seu papel no estresse h\u00eddrico - Elicit Plant\",\"isPartOf\":{\"@id\":\"https:\/\/www.elicit-plant.com\/br\/#website\"},\"primaryImageOfPage\":{\"@id\":\"https:\/\/www.elicit-plant.com\/br\/ciencia-e-tecnologia\/#primaryimage\"},\"image\":{\"@id\":\"https:\/\/www.elicit-plant.com\/br\/ciencia-e-tecnologia\/#primaryimage\"},\"thumbnailUrl\":\"https:\/\/www.elicit-plant.com\/app\/uploads\/sites\/2\/2023\/08\/img-carrieres-header.jpg\",\"datePublished\":\"2023-09-25T09:28:50+00:00\",\"dateModified\":\"2026-01-06T13:00:11+00:00\",\"description\":\"Descubra o potencial dos fitoester\u00f3is, mol\u00e9culas de sinaliza\u00e7\u00e3o que estimulam as defesas naturais das plantas contra o estresse h\u00eddrico.\",\"inLanguage\":\"pt-BR\",\"potentialAction\":[{\"@type\":\"ReadAction\",\"target\":[\"https:\/\/www.elicit-plant.com\/br\/ciencia-e-tecnologia\/\"]}]},{\"@type\":\"ImageObject\",\"inLanguage\":\"pt-BR\",\"@id\":\"https:\/\/www.elicit-plant.com\/br\/ciencia-e-tecnologia\/#primaryimage\",\"url\":\"https:\/\/www.elicit-plant.com\/app\/uploads\/sites\/2\/2023\/08\/img-carrieres-header.jpg\",\"contentUrl\":\"https:\/\/www.elicit-plant.com\/app\/uploads\/sites\/2\/2023\/08\/img-carrieres-header.jpg\",\"width\":402,\"height\":403},{\"@type\":\"WebSite\",\"@id\":\"https:\/\/www.elicit-plant.com\/br\/#website\",\"url\":\"https:\/\/www.elicit-plant.com\/br\/\",\"name\":\"Elicit Plant\",\"description\":\"\",\"potentialAction\":[{\"@type\":\"SearchAction\",\"target\":{\"@type\":\"EntryPoint\",\"urlTemplate\":\"https:\/\/www.elicit-plant.com\/br\/?s={search_term_string}\"},\"query-input\":{\"@type\":\"PropertyValueSpecification\",\"valueRequired\":true,\"valueName\":\"search_term_string\"}}],\"inLanguage\":\"pt-BR\"}]}<\/script>\n<!-- \/ Yoast SEO plugin. -->","yoast_head_json":{"title":"Fitoester\u00f3is: seu papel no estresse h\u00eddrico - Elicit Plant","description":"Descubra o potencial dos fitoester\u00f3is, mol\u00e9culas de sinaliza\u00e7\u00e3o que estimulam as defesas naturais das plantas contra o estresse h\u00eddrico.","robots":{"index":"index","follow":"follow","max-snippet":"max-snippet:-1","max-image-preview":"max-image-preview:large","max-video-preview":"max-video-preview:-1"},"canonical":"https:\/\/www.elicit-plant.com\/br\/ciencia-e-tecnologia\/","og_locale":"pt_BR","og_type":"article","og_title":"Fitoester\u00f3is: seu papel no estresse h\u00eddrico - Elicit Plant","og_description":"Descubra o potencial dos fitoester\u00f3is, mol\u00e9culas de sinaliza\u00e7\u00e3o que estimulam as defesas naturais das plantas contra o estresse h\u00eddrico.","og_url":"https:\/\/www.elicit-plant.com\/br\/ciencia-e-tecnologia\/","og_site_name":"Elicit Plant Brasil","article_modified_time":"2026-01-06T13:00:11+00:00","og_image":[{"width":402,"height":403,"url":"https:\/\/www.elicit-plant.com\/app\/uploads\/sites\/2\/2023\/08\/img-carrieres-header.jpg","type":"image\/jpeg"}],"twitter_card":"summary_large_image","twitter_misc":{"Est. tempo de leitura":"1 minuto"},"schema":{"@context":"https:\/\/schema.org","@graph":[{"@type":"WebPage","@id":"https:\/\/www.elicit-plant.com\/br\/ciencia-e-tecnologia\/","url":"https:\/\/www.elicit-plant.com\/br\/ciencia-e-tecnologia\/","name":"Fitoester\u00f3is: seu papel no estresse h\u00eddrico - Elicit Plant","isPartOf":{"@id":"https:\/\/www.elicit-plant.com\/br\/#website"},"primaryImageOfPage":{"@id":"https:\/\/www.elicit-plant.com\/br\/ciencia-e-tecnologia\/#primaryimage"},"image":{"@id":"https:\/\/www.elicit-plant.com\/br\/ciencia-e-tecnologia\/#primaryimage"},"thumbnailUrl":"https:\/\/www.elicit-plant.com\/app\/uploads\/sites\/2\/2023\/08\/img-carrieres-header.jpg","datePublished":"2023-09-25T09:28:50+00:00","dateModified":"2026-01-06T13:00:11+00:00","description":"Descubra o potencial dos fitoester\u00f3is, mol\u00e9culas de sinaliza\u00e7\u00e3o que estimulam as defesas naturais das plantas contra o estresse h\u00eddrico.","inLanguage":"pt-BR","potentialAction":[{"@type":"ReadAction","target":["https:\/\/www.elicit-plant.com\/br\/ciencia-e-tecnologia\/"]}]},{"@type":"ImageObject","inLanguage":"pt-BR","@id":"https:\/\/www.elicit-plant.com\/br\/ciencia-e-tecnologia\/#primaryimage","url":"https:\/\/www.elicit-plant.com\/app\/uploads\/sites\/2\/2023\/08\/img-carrieres-header.jpg","contentUrl":"https:\/\/www.elicit-plant.com\/app\/uploads\/sites\/2\/2023\/08\/img-carrieres-header.jpg","width":402,"height":403},{"@type":"WebSite","@id":"https:\/\/www.elicit-plant.com\/br\/#website","url":"https:\/\/www.elicit-plant.com\/br\/","name":"Elicit Plant","description":"","potentialAction":[{"@type":"SearchAction","target":{"@type":"EntryPoint","urlTemplate":"https:\/\/www.elicit-plant.com\/br\/?s={search_term_string}"},"query-input":{"@type":"PropertyValueSpecification","valueRequired":true,"valueName":"search_term_string"}}],"inLanguage":"pt-BR"}]}},"_links":{"self":[{"href":"https:\/\/www.elicit-plant.com\/br\/wp-json\/wp\/v2\/pages\/159","targetHints":{"allow":["GET"]}}],"collection":[{"href":"https:\/\/www.elicit-plant.com\/br\/wp-json\/wp\/v2\/pages"}],"about":[{"href":"https:\/\/www.elicit-plant.com\/br\/wp-json\/wp\/v2\/types\/page"}],"author":[{"embeddable":true,"href":"https:\/\/www.elicit-plant.com\/br\/wp-json\/wp\/v2\/users\/3"}],"replies":[{"embeddable":true,"href":"https:\/\/www.elicit-plant.com\/br\/wp-json\/wp\/v2\/comments?post=159"}],"version-history":[{"count":30,"href":"https:\/\/www.elicit-plant.com\/br\/wp-json\/wp\/v2\/pages\/159\/revisions"}],"predecessor-version":[{"id":1309,"href":"https:\/\/www.elicit-plant.com\/br\/wp-json\/wp\/v2\/pages\/159\/revisions\/1309"}],"wp:featuredmedia":[{"embeddable":true,"href":"https:\/\/www.elicit-plant.com\/br\/wp-json\/wp\/v2\/media\/36"}],"wp:attachment":[{"href":"https:\/\/www.elicit-plant.com\/br\/wp-json\/wp\/v2\/media?parent=159"}],"curies":[{"name":"wp","href":"https:\/\/api.w.org\/{rel}","templated":true}]}}