{"id":169,"date":"2023-09-25T07:11:23","date_gmt":"2023-09-25T10:11:23","guid":{"rendered":"https:\/\/www.elicit-plant.com\/br\/?page_id=169"},"modified":"2024-12-02T06:48:15","modified_gmt":"2024-12-02T09:48:15","slug":"cultura-valores","status":"publish","type":"page","link":"https:\/\/www.elicit-plant.com\/br\/cultura-valores\/","title":{"rendered":"Cultura &amp; Valores"},"content":{"rendered":"<section class=\"cbo-hero cbo-margin-container hero--colorgreen\" data-anim-group>\n\t<div class=\"cbo-breadcrumbs breadcrumbs--normal\">\n  <div class=\"breadcrumbs-inner\">\n    \t<\/div>\n<\/div>\n\t<div class=\"hero-inner cbo-container container--padding\">\n\n\t\t<div class=\"hero-shapes\">\n\t\t\t<div class=\"shapes-color scale-up\"><\/div>\n\n\t\t\t<div class=\"shapes-picture cbo-picture-cover scale-up\"  data-delay=\"450\">\n\t\t\t\t<img decoding=\"async\" src=\"https:\/\/www.elicit-plant.com\/app\/uploads\/sites\/2\/2023\/08\/img-home-demarche-scentifique-320x320.png\" srcset=\"https:\/\/www.elicit-plant.com\/app\/uploads\/sites\/2\/2023\/08\/img-home-demarche-scentifique-320x320.png 320w, https:\/\/www.elicit-plant.com\/app\/uploads\/sites\/2\/2023\/08\/img-home-demarche-scentifique.png 768w\" class=\"\" alt=\"\" width=\"320\" height=\"320\" sizes=\"auto, 100vw\" loading=\"lazy\" \/>\t\t\t<\/div>\n\t\t<\/div>\n\n\t\t<div class=\"hero-content cbo-cms cms--large cms--white\">\n\t\t\t<div class=\"content-text\">\n\t\t\t\t<h1 class=\"hero-title cbo-heading slide-down\">\n\t\t\t\t\tCultura &amp; Valores\t\t\t\t<\/h1>\n\n\t\t\t\t\t\t\t<\/div>\n\t\t<\/div>\n\n\t<\/div>\n<\/section>\n\n<section class=\"cbo-text cbo-margin-container\">\n    <div class=\"\n        text-inner\n                cbo-container\n        container--small        \"\n    >\n        <div class=\"text-content cbo-cms cms--large\">\n            <p><img decoding=\"async\" src=\"https:\/\/www.elicit-plant.com\/wp-content\/uploads\/2023\/07\/Elicit-Plant-logo-full-color-rgb-standard.png\" \/><\/p>\n<h2><\/h2>\n<h2 style=\"text-align: center\"><strong>Nossa Raz\u00e3o de Ser<\/strong><\/h2>\n<h3 style=\"text-align: center\"><span style=\"font-weight: 400\">Perpetuar a produ\u00e7\u00e3o de alimentos por meio da inova\u00e7\u00e3o cient\u00edfica para uma agricultura sustent\u00e1vel, ecol\u00f3gica e respons\u00e1vel<\/span><\/h3>\n\n            <div style=\"clear: both;\"><\/div>\n        <\/div>\n    <\/div>\n<\/section>\n\n\n<section class=\"cbo-picture picture--contained\">\n\t<div class=\"picture-inner cbo-container container--small\">\n\t\t<div class=\"picture-element cbo-picture-cover\">\n\t\t\t<img decoding=\"async\" src=\"https:\/\/www.elicit-plant.com\/app\/uploads\/sites\/2\/2023\/08\/img-article-intro-1024x575.jpg\" srcset=\"https:\/\/www.elicit-plant.com\/app\/uploads\/sites\/2\/2023\/08\/img-article-intro-320x180.jpg 320w, https:\/\/www.elicit-plant.com\/app\/uploads\/sites\/2\/2023\/08\/img-article-intro-768x431.jpg 840w, https:\/\/www.elicit-plant.com\/app\/uploads\/sites\/2\/2023\/08\/img-article-intro-1024x575.jpg 1024w, https:\/\/www.elicit-plant.com\/app\/uploads\/sites\/2\/2023\/08\/img-article-intro.jpg 1400w\" class=\"\" alt=\"\" width=\"1024\" height=\"575\" sizes=\"auto, 100vw\" loading=\"lazy\" \/>\t\t<\/div>\n\n\t\t\t<\/div>\n<\/section>\n\n\n<section class=\"cbo-textblocks\">\n    <div class=\"textblocks-inner cbo-container\">\n\n        \t\t\t<h2 class=\"textblocks-title cbo-title-2\">\n\t\t\t\tPACE\t\t\t<\/h2>\n    \t\n\n        \t\t\t<div class=\"textblocks-chapo cbo-chapo\">\n\t\t\t\tA comunidade Elicit Plant se orienta em torno de quatro valores reunidos sob o acr\u00f4nimo PACE: positividade, agilidade, coletividade e engajamento.\t\t\t<\/div>\n    \t\n        <div class=\"textblocks-list\">\n                        \n                                    <span class=\"list-el scale-up\" data-delay=\"0\">\n                \n                    <span class=\"el-inner inner--coloryellow cbo-cms cms--white\">\n                                                    <span class=\"el-icon cbo-picture-contain\">\n                                <img decoding=\"async\" src=\"https:\/\/www.elicit-plant.com\/app\/uploads\/sites\/2\/2023\/09\/icon-reasurance-transparent.svg\"  class=\"\" alt=\"\" width=\"1\" height=\"1\" sizes=\"auto, 100vw\" loading=\"lazy\" \/>                            <\/span>\n                        \n                                                    <span class=\"el-title\">\n                                Positividade                             <\/span>\n                        \n                                                    <span class=\"el-content\">\n                                Tirar o m\u00e1ximo proveito de cada situa\u00e7\u00e3o com bom humor respeitando seus colegas.                            <\/span>\n                        \n                                            <\/span>\n\n                                    <\/span>\n                \n                        \n                                    <span class=\"list-el scale-up\" data-delay=\"100\">\n                \n                    <span class=\"el-inner inner--colorbrown cbo-cms cms--white\">\n                                                    <span class=\"el-icon cbo-picture-contain\">\n                                <img decoding=\"async\" src=\"https:\/\/www.elicit-plant.com\/app\/uploads\/sites\/2\/2023\/09\/icon-reasurance-2-transparent.svg\"  class=\"\" alt=\"\" width=\"1\" height=\"1\" sizes=\"auto, 100vw\" loading=\"lazy\" \/>                            <\/span>\n                        \n                                                    <span class=\"el-title\">\n                                Agilidade                            <\/span>\n                        \n                                                    <span class=\"el-content\">\n                                Curiosidade e capacidade de se adaptar a diversas situa\u00e7\u00f5es                            <\/span>\n                        \n                                            <\/span>\n\n                                    <\/span>\n                \n                    <\/div>\n\n        \t\t\t<div class=\"textblocks-button\">\n\t\t\t\t\t\t\t<\/div>\n\t\t\n    <\/div>\n<\/section>\n\n\n<section class=\"cbo-textblocks\">\n    <div class=\"textblocks-inner cbo-container\">\n\n        \n\n        \n        <div class=\"textblocks-list\">\n                        \n                                    <span class=\"list-el scale-up\" data-delay=\"0\">\n                \n                    <span class=\"el-inner inner--colorbrown cbo-cms cms--white\">\n                                                    <span class=\"el-icon cbo-picture-contain\">\n                                <img decoding=\"async\" src=\"https:\/\/www.elicit-plant.com\/app\/uploads\/sites\/2\/2023\/08\/icon-resilience.svg\"  class=\"\" alt=\"\" width=\"1\" height=\"1\" sizes=\"auto, 100vw\" loading=\"lazy\" \/>                            <\/span>\n                        \n                                                    <span class=\"el-title\">\n                                Coletividade                            <\/span>\n                        \n                                                    <span class=\"el-content\">\n                                Convic\u00e7\u00e3o de que juntos, vamos mais longe.                            <\/span>\n                        \n                                            <\/span>\n\n                                    <\/span>\n                \n                        \n                                    <span class=\"list-el scale-up\" data-delay=\"100\">\n                \n                    <span class=\"el-inner inner--coloryellow cbo-cms cms--white\">\n                                                    <span class=\"el-icon cbo-picture-contain\">\n                                <img decoding=\"async\" src=\"https:\/\/www.elicit-plant.com\/app\/uploads\/sites\/2\/2023\/08\/icon-performance.svg\"  class=\"\" alt=\"\" width=\"1\" height=\"1\" sizes=\"auto, 100vw\" loading=\"lazy\" \/>                            <\/span>\n                        \n                                                    <span class=\"el-title\">\n                                Engajamento                            <\/span>\n                        \n                                                    <span class=\"el-content\">\n                                Nada impede a motiva\u00e7\u00e3o e o crescimento                            <\/span>\n                        \n                                            <\/span>\n\n                                    <\/span>\n                \n                    <\/div>\n\n        \t\t\t<div class=\"textblocks-button\">\n\t\t\t\t\t\t\t<\/div>\n\t\t\n    <\/div>\n<\/section>\n\n\n<section class=\"cbo-checkerboard checkerboard--normal\">\n    <div class=\"checkerboard-inner\">\n\n        <div class=\"checkerboard-picture\">\n            <div class=\"picture-inner cbo-picture-cover\">\n                <img decoding=\"async\" src=\"https:\/\/www.elicit-plant.com\/app\/uploads\/sites\/2\/2024\/12\/Elicit-Plant-team-picture-320x213.jpg\" srcset=\"https:\/\/www.elicit-plant.com\/app\/uploads\/sites\/2\/2024\/12\/Elicit-Plant-team-picture-320x213.jpg 320w, https:\/\/www.elicit-plant.com\/app\/uploads\/sites\/2\/2024\/12\/Elicit-Plant-team-picture-768x512.jpg 768w, https:\/\/www.elicit-plant.com\/app\/uploads\/sites\/2\/2024\/12\/Elicit-Plant-team-picture-1024x683.jpg 1024w\" class=\"\" alt=\"Elicit Plant team\" width=\"320\" height=\"213\" sizes=\"auto, 100vw\" loading=\"lazy\" \/>            <\/div>\n        <\/div>\n        \n        <div class=\"checkerboard-content content--green cbo-cms cms--white\">\n            <div class=\"content-text\">\n                                    <span class=\"content-uptitle\">\n                        Destaques                    <\/span>\n                \n                <div class=\"content-title cbo-title-3\">\n                    A coes\u00e3o \u00e9 uma quest\u00e3o fundamental para a Elicit Plant, que proporciona encontros ao longo do ano, oferecendo oportunidades para melhores intera\u00e7\u00f5es, favorecendo conex\u00f5es tornando o ambiente auspicioso.                <\/div>\n            <\/div>\n        <\/div>\n\n    <\/div>\n<\/section>\n\n\n<section class=\"cbo-checkerboard checkerboard--reverse\">\n    <div class=\"checkerboard-inner\">\n\n        <div class=\"checkerboard-picture\">\n            <div class=\"picture-inner cbo-picture-cover\">\n                <img decoding=\"async\" src=\"https:\/\/www.elicit-plant.com\/app\/uploads\/sites\/2\/2023\/09\/Photo-equipe-1024x1024-1-320x320.png\" srcset=\"https:\/\/www.elicit-plant.com\/app\/uploads\/sites\/2\/2023\/09\/Photo-equipe-1024x1024-1-320x320.png 320w, https:\/\/www.elicit-plant.com\/app\/uploads\/sites\/2\/2023\/09\/Photo-equipe-1024x1024-1-768x768.png 768w, https:\/\/www.elicit-plant.com\/app\/uploads\/sites\/2\/2023\/09\/Photo-equipe-1024x1024-1.png 1024w\" class=\"\" alt=\"\" width=\"320\" height=\"320\" sizes=\"auto, 100vw\" loading=\"lazy\" \/>            <\/div>\n        <\/div>\n        \n        <div class=\"checkerboard-content content--green cbo-cms cms--white\">\n            <div class=\"content-text\">\n                \n                <div class=\"content-title cbo-title-3\">\n                    Anualmente, todos os colaboradores s\u00e3o convidados para:<br \/>\r\n<br \/>\r\nUm semin\u00e1rio da empresa<br \/>\r\n<br \/>\r\nOportunidades de compartilhamento e interc\u00e2mbio entre as diferentes \u00e1reas da empresa<br \/>\r\n<br \/>\r\nIntegra\u00e7\u00e3o e boas-vindas aos novos colaboradores<br \/>\r\n                <\/div>\n            <\/div>\n        <\/div>\n\n    <\/div>\n<\/section>","protected":false},"excerpt":{"rendered":"<p>Nossa Raz\u00e3o de Ser Perpetuar a produ\u00e7\u00e3o de alimentos por meio da inova\u00e7\u00e3o cient\u00edfica para uma agricultura sustent\u00e1vel, ecol\u00f3gica e respons\u00e1vel<\/p>\n","protected":false},"author":3,"featured_media":0,"parent":0,"menu_order":0,"comment_status":"closed","ping_status":"closed","template":"","meta":{"_acf_changed":false,"footnotes":""},"class_list":["post-169","page","type-page","status-publish","hentry"],"acf":[],"yoast_head":"<!-- This site is optimized with the Yoast SEO plugin v27.2 - https:\/\/yoast.com\/product\/yoast-seo-wordpress\/ -->\n<title>Cultura, valores e prop\u00f3sito - Elicit Plant<\/title>\n<meta name=\"description\" content=\"Perpetuamos a produ\u00e7\u00e3o de recursos alimentares por meio da inova\u00e7\u00e3o cient\u00edfica a servi\u00e7o da agricultura sustent\u00e1vel, ecol\u00f3gica e respons\u00e1vel.\" \/>\n<meta name=\"robots\" content=\"index, follow, max-snippet:-1, max-image-preview:large, max-video-preview:-1\" \/>\n<link rel=\"canonical\" href=\"https:\/\/www.elicit-plant.com\/br\/cultura-valores\/\" \/>\n<meta property=\"og:locale\" content=\"pt_BR\" \/>\n<meta property=\"og:type\" content=\"article\" \/>\n<meta property=\"og:title\" content=\"Cultura, valores e prop\u00f3sito - Elicit Plant\" \/>\n<meta property=\"og:description\" content=\"Perpetuamos a produ\u00e7\u00e3o de recursos alimentares por meio da inova\u00e7\u00e3o cient\u00edfica a servi\u00e7o da agricultura sustent\u00e1vel, ecol\u00f3gica e respons\u00e1vel.\" \/>\n<meta property=\"og:url\" content=\"https:\/\/www.elicit-plant.com\/br\/cultura-valores\/\" \/>\n<meta property=\"og:site_name\" content=\"Elicit Plant Brasil\" \/>\n<meta property=\"article:modified_time\" content=\"2024-12-02T09:48:15+00:00\" \/>\n<meta name=\"twitter:card\" content=\"summary_large_image\" \/>\n<script type=\"application\/ld+json\" class=\"yoast-schema-graph\">{\"@context\":\"https:\/\/schema.org\",\"@graph\":[{\"@type\":\"WebPage\",\"@id\":\"https:\/\/www.elicit-plant.com\/br\/cultura-valores\/\",\"url\":\"https:\/\/www.elicit-plant.com\/br\/cultura-valores\/\",\"name\":\"Cultura, valores e prop\u00f3sito - Elicit Plant\",\"isPartOf\":{\"@id\":\"https:\/\/www.elicit-plant.com\/br\/#website\"},\"datePublished\":\"2023-09-25T10:11:23+00:00\",\"dateModified\":\"2024-12-02T09:48:15+00:00\",\"description\":\"Perpetuamos a produ\u00e7\u00e3o de recursos alimentares por meio da inova\u00e7\u00e3o cient\u00edfica a servi\u00e7o da agricultura sustent\u00e1vel, ecol\u00f3gica e respons\u00e1vel.\",\"inLanguage\":\"pt-BR\",\"potentialAction\":[{\"@type\":\"ReadAction\",\"target\":[\"https:\/\/www.elicit-plant.com\/br\/cultura-valores\/\"]}]},{\"@type\":\"WebSite\",\"@id\":\"https:\/\/www.elicit-plant.com\/br\/#website\",\"url\":\"https:\/\/www.elicit-plant.com\/br\/\",\"name\":\"Elicit Plant\",\"description\":\"\",\"potentialAction\":[{\"@type\":\"SearchAction\",\"target\":{\"@type\":\"EntryPoint\",\"urlTemplate\":\"https:\/\/www.elicit-plant.com\/br\/?s={search_term_string}\"},\"query-input\":{\"@type\":\"PropertyValueSpecification\",\"valueRequired\":true,\"valueName\":\"search_term_string\"}}],\"inLanguage\":\"pt-BR\"}]}<\/script>\n<!-- \/ Yoast SEO plugin. -->","yoast_head_json":{"title":"Cultura, valores e prop\u00f3sito - Elicit Plant","description":"Perpetuamos a produ\u00e7\u00e3o de recursos alimentares por meio da inova\u00e7\u00e3o cient\u00edfica a servi\u00e7o da agricultura sustent\u00e1vel, ecol\u00f3gica e respons\u00e1vel.","robots":{"index":"index","follow":"follow","max-snippet":"max-snippet:-1","max-image-preview":"max-image-preview:large","max-video-preview":"max-video-preview:-1"},"canonical":"https:\/\/www.elicit-plant.com\/br\/cultura-valores\/","og_locale":"pt_BR","og_type":"article","og_title":"Cultura, valores e prop\u00f3sito - Elicit Plant","og_description":"Perpetuamos a produ\u00e7\u00e3o de recursos alimentares por meio da inova\u00e7\u00e3o cient\u00edfica a servi\u00e7o da agricultura sustent\u00e1vel, ecol\u00f3gica e respons\u00e1vel.","og_url":"https:\/\/www.elicit-plant.com\/br\/cultura-valores\/","og_site_name":"Elicit Plant Brasil","article_modified_time":"2024-12-02T09:48:15+00:00","twitter_card":"summary_large_image","schema":{"@context":"https:\/\/schema.org","@graph":[{"@type":"WebPage","@id":"https:\/\/www.elicit-plant.com\/br\/cultura-valores\/","url":"https:\/\/www.elicit-plant.com\/br\/cultura-valores\/","name":"Cultura, valores e prop\u00f3sito - Elicit Plant","isPartOf":{"@id":"https:\/\/www.elicit-plant.com\/br\/#website"},"datePublished":"2023-09-25T10:11:23+00:00","dateModified":"2024-12-02T09:48:15+00:00","description":"Perpetuamos a produ\u00e7\u00e3o de recursos alimentares por meio da inova\u00e7\u00e3o cient\u00edfica a servi\u00e7o da agricultura sustent\u00e1vel, ecol\u00f3gica e respons\u00e1vel.","inLanguage":"pt-BR","potentialAction":[{"@type":"ReadAction","target":["https:\/\/www.elicit-plant.com\/br\/cultura-valores\/"]}]},{"@type":"WebSite","@id":"https:\/\/www.elicit-plant.com\/br\/#website","url":"https:\/\/www.elicit-plant.com\/br\/","name":"Elicit Plant","description":"","potentialAction":[{"@type":"SearchAction","target":{"@type":"EntryPoint","urlTemplate":"https:\/\/www.elicit-plant.com\/br\/?s={search_term_string}"},"query-input":{"@type":"PropertyValueSpecification","valueRequired":true,"valueName":"search_term_string"}}],"inLanguage":"pt-BR"}]}},"_links":{"self":[{"href":"https:\/\/www.elicit-plant.com\/br\/wp-json\/wp\/v2\/pages\/169","targetHints":{"allow":["GET"]}}],"collection":[{"href":"https:\/\/www.elicit-plant.com\/br\/wp-json\/wp\/v2\/pages"}],"about":[{"href":"https:\/\/www.elicit-plant.com\/br\/wp-json\/wp\/v2\/types\/page"}],"author":[{"embeddable":true,"href":"https:\/\/www.elicit-plant.com\/br\/wp-json\/wp\/v2\/users\/3"}],"replies":[{"embeddable":true,"href":"https:\/\/www.elicit-plant.com\/br\/wp-json\/wp\/v2\/comments?post=169"}],"version-history":[{"count":6,"href":"https:\/\/www.elicit-plant.com\/br\/wp-json\/wp\/v2\/pages\/169\/revisions"}],"predecessor-version":[{"id":1024,"href":"https:\/\/www.elicit-plant.com\/br\/wp-json\/wp\/v2\/pages\/169\/revisions\/1024"}],"wp:attachment":[{"href":"https:\/\/www.elicit-plant.com\/br\/wp-json\/wp\/v2\/media?parent=169"}],"curies":[{"name":"wp","href":"https:\/\/api.w.org\/{rel}","templated":true}]}}