{"id":172,"date":"2023-09-25T06:34:50","date_gmt":"2023-09-25T09:34:50","guid":{"rendered":"https:\/\/www.elicit-plant.com\/br\/?page_id=172"},"modified":"2026-03-10T06:26:44","modified_gmt":"2026-03-10T09:26:44","slug":"elicit-plant-em-resumo","status":"publish","type":"page","link":"https:\/\/www.elicit-plant.com\/br\/elicit-plant-em-resumo\/","title":{"rendered":"Elicit Plant em resumo"},"content":{"rendered":"<section class=\"cbo-hero cbo-margin-container hero--colorgreen\" data-anim-group>\n\t<div class=\"cbo-breadcrumbs breadcrumbs--normal\">\n  <div class=\"breadcrumbs-inner\">\n    \t<\/div>\n<\/div>\n\t<div class=\"hero-inner cbo-container container--padding\">\n\n\t\t<div class=\"hero-shapes\">\n\t\t\t<div class=\"shapes-color scale-up\"><\/div>\n\n\t\t\t<div class=\"shapes-picture cbo-picture-cover scale-up\"  data-delay=\"450\">\n\t\t\t\t\t\t\t<\/div>\n\t\t<\/div>\n\n\t\t<div class=\"hero-content cbo-cms cms--large cms--white\">\n\t\t\t<div class=\"content-text\">\n\t\t\t\t<h1 class=\"hero-title cbo-heading slide-down\">\n\t\t\t\t\tElicit Plant\t\t\t\t<\/h1>\n\n\t\t\t\t\t\t\t\t\t<p class=\"fade-in\" data-delay=\"450\">\n\t\t\t\t\t\tem resumo\t\t\t\t\t<\/p>\n\t\t\t\t\t\t\t<\/div>\n\t\t<\/div>\n\n\t<\/div>\n<\/section>\n\n\n<section class=\"cbo-textblocks\">\n    <div class=\"textblocks-inner cbo-container\">\n\n        \t\t\t<h2 class=\"textblocks-title cbo-title-2\">\n\t\t\t\tPrincipais n\u00fameros\t\t\t<\/h2>\n    \t\n\n        \n        <div class=\"textblocks-list\">\n                        \n                                    <span class=\"list-el scale-up\" data-delay=\"0\">\n                \n                    <span class=\"el-inner inner--colorbrown cbo-cms cms--white\">\n                        \n                                                    <span class=\"el-title\">\n                                76                            <\/span>\n                        \n                                                    <span class=\"el-content\">\n                                N\u00famero de funcion\u00e1rios em 2024                            <\/span>\n                        \n                                            <\/span>\n\n                                    <\/span>\n                \n                        \n                                    <span class=\"list-el scale-up\" data-delay=\"100\">\n                \n                    <span class=\"el-inner inner--colorgreen cbo-cms cms--white\">\n                        \n                                                    <span class=\"el-title\">\n                                8                            <\/span>\n                        \n                                                    <span class=\"el-content\">\n                                N\u00famero de localidades internacionais de atua\u00e7\u00e3o                            <\/span>\n                        \n                                            <\/span>\n\n                                    <\/span>\n                \n                        \n                                    <span class=\"list-el scale-up\" data-delay=\"200\">\n                \n                    <span class=\"el-inner inner--coloryellow cbo-cms cms--white\">\n                        \n                                                    <span class=\"el-title\">\n                                #1                            <\/span>\n                        \n                                                    <span class=\"el-content\">\n                                L\u00edder mundial de Estresse H\u00eddrico nas grandes culturas                            <\/span>\n                        \n                                            <\/span>\n\n                                    <\/span>\n                \n                    <\/div>\n\n        \t\t\t<div class=\"textblocks-button\">\n\t\t\t\t\t\t\t<\/div>\n\t\t\n    <\/div>\n<\/section>\n\n\n<section class=\"cbo-textblocks\">\n    <div class=\"textblocks-inner cbo-container\">\n\n        \t\t\t<h2 class=\"textblocks-title cbo-title-2\">\n\t\t\t\tParidade\t\t\t<\/h2>\n    \t\n\n        \t\t\t<div class=\"textblocks-chapo cbo-chapo\">\n\t\t\t\tA Elicit Plant est\u00e1 comprometida com o respeito e a igualdade de oportunidades entre os g\u00eaneros\t\t\t<\/div>\n    \t\n        <div class=\"textblocks-list\">\n                        \n                                    <span class=\"list-el scale-up\" data-delay=\"0\">\n                \n                    <span class=\"el-inner inner--colorbrown cbo-cms cms--white\">\n                        \n                                                    <span class=\"el-title\">\n                                Mulheres                            <\/span>\n                        \n                                                    <span class=\"el-content\">\n                                42%                            <\/span>\n                        \n                                            <\/span>\n\n                                    <\/span>\n                \n                        \n                                    <span class=\"list-el scale-up\" data-delay=\"100\">\n                \n                    <span class=\"el-inner inner--coloryellow cbo-cms cms--white\">\n                        \n                                                    <span class=\"el-title\">\n                                Homens                            <\/span>\n                        \n                                                    <span class=\"el-content\">\n                                58%                            <\/span>\n                        \n                                            <\/span>\n\n                                    <\/span>\n                \n                    <\/div>\n\n        \t\t\t<div class=\"textblocks-button\">\n\t\t\t\t\t\t\t<\/div>\n\t\t\n    <\/div>\n<\/section>\n\n<section class=\"cbo-text cbo-margin-container\">\n    <div class=\"\n        text-inner\n                cbo-container\n        container--small        \"\n    >\n        <div class=\"text-content cbo-cms cms--large\">\n            <h3>\u00cdndice de Igualdade de G\u00eanero 2025<\/h3>\n<p>Na Elicit Plant, estamos comprometidos em garantir uma remunera\u00e7\u00e3o justa e equitativa para todos.<br \/>\nEm 2025, nosso \u00cdndice de Igualdade de G\u00eanero atingiu 79\/100, refletindo nossos esfor\u00e7os cont\u00ednuos em favor da equidade salarial.<\/p>\n<p><strong>Detalhamento da pontua\u00e7\u00e3o:<\/strong><\/p>\n<ul>\n<li>Diferen\u00e7a salarial: 39\/40<\/li>\n<\/ul>\n<p>Continuamos a aplicar uma pol\u00edtica de remunera\u00e7\u00e3o baseada na avalia\u00e7\u00e3o objetiva das compet\u00eancias e responsabilidades, a fim de garantir uma equidade duradoura entre mulheres e homens.<\/p>\n<ul>\n<li>Diferen\u00e7a na taxa de aumentos: 35\/35<\/li>\n<li>Retorno da licen\u00e7a-maternidade: 0\/15<\/li>\n<\/ul>\n<p>No retorno da licen\u00e7a-maternidade, daremos aten\u00e7\u00e3o especial \u00e0 atualiza\u00e7\u00e3o do escopo do cargo e \u00e0 adequa\u00e7\u00e3o da remunera\u00e7\u00e3o, a fim de garantir uma retomada em condi\u00e7\u00f5es plenamente equitativas.<\/p>\n<ul>\n<li>Altas remunera\u00e7\u00f5es: 5\/10<\/li>\n<\/ul>\n<p>Para cargos de maior responsabilidade, promoveremos uma maior diversidade de g\u00eanero, assegurando a identifica\u00e7\u00e3o de candidaturas femininas qualificadas e, em igualdade de compet\u00eancias, valorizando a diversidade para fortalecer o equil\u00edbrio entre as maiores remunera\u00e7\u00f5es.<\/p>\n<p>&nbsp;<\/p>\n<p>Nossa pol\u00edtica de remunera\u00e7\u00e3o baseia-se em tr\u00eas princ\u00edpios fundamentais: reconhecimento das compet\u00eancias, adequa\u00e7\u00e3o \u00e0s responsabilidades de cada cargo e alinhamento com as tend\u00eancias do mercado. Garantimos a equidade interna avaliando compet\u00eancias e desempenho de forma objetiva, sem distin\u00e7\u00e3o de g\u00eanero.<\/p>\n\n            <div style=\"clear: both;\"><\/div>\n        <\/div>\n    <\/div>\n<\/section>\n\n\n<section class=\"cbo-text cbo-margin-container\">\n    <div class=\"\n        text-inner\n                cbo-container\n        container--normal        \"\n    >\n        <div class=\"text-content cbo-cms cms--large\">\n            <h2><strong>Responsabilidade Social Corporativa (RSC)<\/strong><\/h2>\n<p><span style=\"font-weight: 400\">A\u00a0 RSC \u00e9 um pilar da Elicit Plant. E por um bom motivo: o pr\u00f3prio projeto da empresa \u00e9 baseado em quest\u00f5es ambientais. A Elicit Plant tem como ponto de honra alinhar seu desenvolvimento a esses objetivos a cada ano.<\/span><\/p>\n\n            <div style=\"clear: both;\"><\/div>\n        <\/div>\n    <\/div>\n<\/section>\n","protected":false},"excerpt":{"rendered":"<p>\u00cdndice de Igualdade de G\u00eanero 2025 Na Elicit Plant, estamos comprometidos em garantir uma remunera\u00e7\u00e3o justa e equitativa para todos. Em 2025, nosso \u00cdndice de Igualdade de G\u00eanero atingiu 79\/100, refletindo nossos esfor\u00e7os cont\u00ednuos em favor da equidade salarial. Detalhamento da pontua\u00e7\u00e3o: Diferen\u00e7a salarial: 39\/40 Continuamos a aplicar uma pol\u00edtica de remunera\u00e7\u00e3o baseada na avalia\u00e7\u00e3o objetiva das compet\u00eancias e responsabilidades, a fim de garantir uma equidade duradoura entre mulheres e homens. Diferen\u00e7a na taxa de aumentos: 35\/35 Retorno da licen\u00e7a-maternidade: 0\/15 No retorno da licen\u00e7a-maternidade, daremos aten\u00e7\u00e3o especial \u00e0 atualiza\u00e7\u00e3o do escopo do cargo e \u00e0 adequa\u00e7\u00e3o da remunera\u00e7\u00e3o, a fim de garantir uma retomada em condi\u00e7\u00f5es plenamente equitativas. Altas remunera\u00e7\u00f5es: 5\/10 Para cargos de maior responsabilidade, promoveremos uma maior diversidade de g\u00eanero, assegurando a identifica\u00e7\u00e3o de candidaturas femininas qualificadas e, em igualdade de&#8230;<\/p>\n","protected":false},"author":3,"featured_media":0,"parent":0,"menu_order":0,"comment_status":"closed","ping_status":"closed","template":"","meta":{"_acf_changed":false,"footnotes":""},"class_list":["post-172","page","type-page","status-publish","hentry"],"acf":[],"yoast_head":"<!-- This site is optimized with the Yoast SEO plugin v27.2 - https:\/\/yoast.com\/product\/yoast-seo-wordpress\/ -->\n<title>Resumo da Elicit Plant : N\u00fameros-chave, paridade e RSC<\/title>\n<meta name=\"description\" content=\"Quer saber mais sobre a Elicit Plant? Ent\u00e3o voc\u00ea veio ao lugar certo!\" \/>\n<meta name=\"robots\" content=\"index, follow, max-snippet:-1, max-image-preview:large, max-video-preview:-1\" \/>\n<link rel=\"canonical\" href=\"https:\/\/www.elicit-plant.com\/br\/elicit-plant-em-resumo\/\" \/>\n<meta property=\"og:locale\" content=\"pt_BR\" \/>\n<meta property=\"og:type\" content=\"article\" \/>\n<meta property=\"og:title\" content=\"Resumo da Elicit Plant : N\u00fameros-chave, paridade e RSC\" \/>\n<meta property=\"og:description\" content=\"Quer saber mais sobre a Elicit Plant? Ent\u00e3o voc\u00ea veio ao lugar certo!\" \/>\n<meta property=\"og:url\" content=\"https:\/\/www.elicit-plant.com\/br\/elicit-plant-em-resumo\/\" \/>\n<meta property=\"og:site_name\" content=\"Elicit Plant Brasil\" \/>\n<meta property=\"article:modified_time\" content=\"2026-03-10T09:26:44+00:00\" \/>\n<meta name=\"twitter:card\" content=\"summary_large_image\" \/>\n<script type=\"application\/ld+json\" class=\"yoast-schema-graph\">{\"@context\":\"https:\/\/schema.org\",\"@graph\":[{\"@type\":\"WebPage\",\"@id\":\"https:\/\/www.elicit-plant.com\/br\/elicit-plant-em-resumo\/\",\"url\":\"https:\/\/www.elicit-plant.com\/br\/elicit-plant-em-resumo\/\",\"name\":\"Resumo da Elicit Plant : N\u00fameros-chave, paridade e RSC\",\"isPartOf\":{\"@id\":\"https:\/\/www.elicit-plant.com\/br\/#website\"},\"datePublished\":\"2023-09-25T09:34:50+00:00\",\"dateModified\":\"2026-03-10T09:26:44+00:00\",\"description\":\"Quer saber mais sobre a Elicit Plant? Ent\u00e3o voc\u00ea veio ao lugar certo!\",\"inLanguage\":\"pt-BR\",\"potentialAction\":[{\"@type\":\"ReadAction\",\"target\":[\"https:\/\/www.elicit-plant.com\/br\/elicit-plant-em-resumo\/\"]}]},{\"@type\":\"WebSite\",\"@id\":\"https:\/\/www.elicit-plant.com\/br\/#website\",\"url\":\"https:\/\/www.elicit-plant.com\/br\/\",\"name\":\"Elicit Plant\",\"description\":\"\",\"potentialAction\":[{\"@type\":\"SearchAction\",\"target\":{\"@type\":\"EntryPoint\",\"urlTemplate\":\"https:\/\/www.elicit-plant.com\/br\/?s={search_term_string}\"},\"query-input\":{\"@type\":\"PropertyValueSpecification\",\"valueRequired\":true,\"valueName\":\"search_term_string\"}}],\"inLanguage\":\"pt-BR\"}]}<\/script>\n<!-- \/ Yoast SEO plugin. -->","yoast_head_json":{"title":"Resumo da Elicit Plant : N\u00fameros-chave, paridade e RSC","description":"Quer saber mais sobre a Elicit Plant? Ent\u00e3o voc\u00ea veio ao lugar certo!","robots":{"index":"index","follow":"follow","max-snippet":"max-snippet:-1","max-image-preview":"max-image-preview:large","max-video-preview":"max-video-preview:-1"},"canonical":"https:\/\/www.elicit-plant.com\/br\/elicit-plant-em-resumo\/","og_locale":"pt_BR","og_type":"article","og_title":"Resumo da Elicit Plant : N\u00fameros-chave, paridade e RSC","og_description":"Quer saber mais sobre a Elicit Plant? Ent\u00e3o voc\u00ea veio ao lugar certo!","og_url":"https:\/\/www.elicit-plant.com\/br\/elicit-plant-em-resumo\/","og_site_name":"Elicit Plant Brasil","article_modified_time":"2026-03-10T09:26:44+00:00","twitter_card":"summary_large_image","schema":{"@context":"https:\/\/schema.org","@graph":[{"@type":"WebPage","@id":"https:\/\/www.elicit-plant.com\/br\/elicit-plant-em-resumo\/","url":"https:\/\/www.elicit-plant.com\/br\/elicit-plant-em-resumo\/","name":"Resumo da Elicit Plant : N\u00fameros-chave, paridade e RSC","isPartOf":{"@id":"https:\/\/www.elicit-plant.com\/br\/#website"},"datePublished":"2023-09-25T09:34:50+00:00","dateModified":"2026-03-10T09:26:44+00:00","description":"Quer saber mais sobre a Elicit Plant? Ent\u00e3o voc\u00ea veio ao lugar certo!","inLanguage":"pt-BR","potentialAction":[{"@type":"ReadAction","target":["https:\/\/www.elicit-plant.com\/br\/elicit-plant-em-resumo\/"]}]},{"@type":"WebSite","@id":"https:\/\/www.elicit-plant.com\/br\/#website","url":"https:\/\/www.elicit-plant.com\/br\/","name":"Elicit Plant","description":"","potentialAction":[{"@type":"SearchAction","target":{"@type":"EntryPoint","urlTemplate":"https:\/\/www.elicit-plant.com\/br\/?s={search_term_string}"},"query-input":{"@type":"PropertyValueSpecification","valueRequired":true,"valueName":"search_term_string"}}],"inLanguage":"pt-BR"}]}},"_links":{"self":[{"href":"https:\/\/www.elicit-plant.com\/br\/wp-json\/wp\/v2\/pages\/172","targetHints":{"allow":["GET"]}}],"collection":[{"href":"https:\/\/www.elicit-plant.com\/br\/wp-json\/wp\/v2\/pages"}],"about":[{"href":"https:\/\/www.elicit-plant.com\/br\/wp-json\/wp\/v2\/types\/page"}],"author":[{"embeddable":true,"href":"https:\/\/www.elicit-plant.com\/br\/wp-json\/wp\/v2\/users\/3"}],"replies":[{"embeddable":true,"href":"https:\/\/www.elicit-plant.com\/br\/wp-json\/wp\/v2\/comments?post=172"}],"version-history":[{"count":10,"href":"https:\/\/www.elicit-plant.com\/br\/wp-json\/wp\/v2\/pages\/172\/revisions"}],"predecessor-version":[{"id":1342,"href":"https:\/\/www.elicit-plant.com\/br\/wp-json\/wp\/v2\/pages\/172\/revisions\/1342"}],"wp:attachment":[{"href":"https:\/\/www.elicit-plant.com\/br\/wp-json\/wp\/v2\/media?parent=172"}],"curies":[{"name":"wp","href":"https:\/\/api.w.org\/{rel}","templated":true}]}}