{"id":401,"date":"2023-10-11T12:14:40","date_gmt":"2023-10-11T15:14:40","guid":{"rendered":"https:\/\/www.elicit-plant.com\/br\/?page_id=401"},"modified":"2023-10-11T12:39:53","modified_gmt":"2023-10-11T15:39:53","slug":"plataforma-de-pesquisa","status":"publish","type":"page","link":"https:\/\/www.elicit-plant.com\/br\/ciencia-e-tecnologia\/plataforma-de-pesquisa\/","title":{"rendered":"Plataforma de pesquisa"},"content":{"rendered":"<section class=\"cbo-text cbo-margin-container\">\n    <div class=\"\n        text-inner\n                cbo-container\n        container--small        \"\n    >\n        <div class=\"text-content cbo-cms cms--large\">\n            <p><img decoding=\"async\" src=\"https:\/\/www.elicit-plant.com\/wp-content\/uploads\/2023\/08\/EliTerra.png\" alt=\"EliTerra, Plateforme technologique\" \/><\/p>\n<h2><strong>EliTerra, a plataforma tecnol\u00f3gica da Elicit Plant<\/strong><\/h2>\n\n            <div style=\"clear: both;\"><\/div>\n        <\/div>\n    <\/div>\n<\/section>\n\n\n<section class=\"cbo-picture picture--contained\">\n\t<div class=\"picture-inner cbo-container container--small\">\n\t\t<div class=\"picture-element cbo-picture-cover\">\n\t\t\t<img decoding=\"async\" src=\"https:\/\/www.elicit-plant.com\/app\/uploads\/sites\/2\/2023\/10\/de471143-eaa2-4dfe-8930-1f9faba96d7a-1400x750-1-1024x549.png\" srcset=\"https:\/\/www.elicit-plant.com\/app\/uploads\/sites\/2\/2023\/10\/de471143-eaa2-4dfe-8930-1f9faba96d7a-1400x750-1-320x171.png 320w, https:\/\/www.elicit-plant.com\/app\/uploads\/sites\/2\/2023\/10\/de471143-eaa2-4dfe-8930-1f9faba96d7a-1400x750-1-768x411.png 840w, https:\/\/www.elicit-plant.com\/app\/uploads\/sites\/2\/2023\/10\/de471143-eaa2-4dfe-8930-1f9faba96d7a-1400x750-1-1024x549.png 1024w, https:\/\/www.elicit-plant.com\/app\/uploads\/sites\/2\/2023\/10\/de471143-eaa2-4dfe-8930-1f9faba96d7a-1400x750-1.png 1400w\" class=\"\" alt=\"\" width=\"1024\" height=\"549\" sizes=\"auto, 100vw\" loading=\"lazy\" \/>\t\t<\/div>\n\n\t\t\t<\/div>\n<\/section>\n\n<section class=\"cbo-textpicture textpicture--reverse\">\n    <div class=\"textpicture-inner cbo-container container--small\">\n\n        <div class=\"textpicture-picture\">\n            <div class=\"picture-inner cbo-picture-cover\">\n                <img decoding=\"async\" src=\"https:\/\/www.elicit-plant.com\/app\/uploads\/sites\/2\/2023\/08\/img-offre-carriere-header-320x134.jpg\" srcset=\"https:\/\/www.elicit-plant.com\/app\/uploads\/sites\/2\/2023\/08\/img-offre-carriere-header-320x134.jpg 320w, https:\/\/www.elicit-plant.com\/app\/uploads\/sites\/2\/2023\/08\/img-offre-carriere-header-768x322.jpg 768w, https:\/\/www.elicit-plant.com\/app\/uploads\/sites\/2\/2023\/08\/img-offre-carriere-header-1024x429.jpg 1024w\" class=\"\" alt=\"\" width=\"320\" height=\"134\" sizes=\"auto, 100vw\" loading=\"lazy\" \/>            <\/div>\n        <\/div>\n\n        <div class=\"textpicture-content cbo-cms cms--large\">\n                            <picture class=\"content-icon cbo-picture-contain\">\n                    <img decoding=\"async\" src=\"https:\/\/www.elicit-plant.com\/app\/uploads\/sites\/2\/2023\/10\/icon.png\" srcset=\"https:\/\/www.elicit-plant.com\/app\/uploads\/sites\/2\/2023\/10\/icon.png 204w, https:\/\/www.elicit-plant.com\/app\/uploads\/sites\/2\/2023\/10\/icon-125x125.png 125w\" class=\"\" alt=\"\" width=\"204\" height=\"204\" sizes=\"auto, 100vw\" loading=\"lazy\" \/>                <\/picture>\n            \n            \n            <p class=\"cbo-chapo\">Significativo Potencial de Pesquisa<\/p>\n<ul>\n<li>Existe uma infinidade de fitoester\u00f3is, e cada esp\u00e9cie de planta possui combina\u00e7\u00f5es espec\u00edficas que utilizam para responder aos estresses abi\u00f3ticos<\/li>\n<li>Nossos pesquisadores selecionam e desenvolvem uma formula\u00e7\u00e3o espec\u00edfica e de alta performance, com uma solu\u00e7\u00e3o customizada para alcan\u00e7ar resultados excelentes nos campos cultivados pelos agricultores.<\/li>\n<\/ul>\n        <\/div>\n\n    <\/div>\n<\/section>\n\n\n<section class=\"cbo-quote\">\n    <div class=\"quote-inner cbo-container container--small\">\n\n        <div class=\"quote-infos\">\n            <i class=\"icon icon-quote\"><\/i>\n\n                            BENOIT POINSSOT, PROFESSOR-PESQUISADOR DA UMR AGROECOLOGY (INRAE, UNIVERSIDADE DA BORGONHA, INSTITUT AGRO DIJON)                    <\/div>\n       \n        <div class=\"quote-content cbo-title-3\">\n\t\t\tN\u00e3o h\u00e1 um, mas diversos fitoester\u00f3is. Na natureza, s\u00e3o mais de 200 fitoester\u00f3is presentes nas plantas, onde cada um desempenha papel espec\u00edfico em rela\u00e7\u00e3o aos estresses e da esp\u00e9cie de planta cultivada. Os fitoester\u00f3is n\u00e3o s\u00e3o, de forma alguma, uma solu\u00e7\u00e3o gen\u00e9rica universal, e o seu desempenho nas culturas n\u00e3o depende somente da sua diversidade, mas tamb\u00e9m da forma como s\u00e3o combinados e, claro, da formula\u00e7\u00e3o. A plataforma EliTerra\u00ae oferece, portanto, um enorme potencial para o desenvolvimento de produtos.\t\t<\/div>\n    <\/div>\n<\/section>\n\n<section class=\"cbo-text cbo-margin-container\">\n    <div class=\"\n        text-inner\n                cbo-container\n        container--small        \"\n    >\n        <div class=\"text-content cbo-cms cms--large\">\n            <p>Atrav\u00e9s do uso de tecnologias para an\u00e1lise de metaboloma, transcriptoma e fenot\u00edpica, os cientistas da Elicit Plant realizam in\u00fameras pesquisas para selecionar os ingredientes ativos naturais espec\u00edficos visando os estresses ambientais.<\/p>\n<p>Nos laborat\u00f3rios e c\u00e2maras de cultivo da Elicit Plant, cientistas e agr\u00f4nomos trabalham juntos para <strong>selecionar os diferentes balan\u00e7os entre fitoester\u00f3is<\/strong>, e elucidar como os diferentes ingredientes ativos funcionam, identificando os respectivos processos f\u00edsicos e biol\u00f3gicos afetados.<\/p>\n<p>A <strong>plataforma tecnol\u00f3gica EliTerra\u00ae<\/strong> \u00e9 o resultado desta pesquisa sobre <strong>fitoester\u00f3is e seu papel na resist\u00eancia aos estresses nos principais cultivos de campo<\/strong> (milho, trigo, cevada, girassol, soja, etc.).<\/p>\n\n            <div style=\"clear: both;\"><\/div>\n        <\/div>\n    <\/div>\n<\/section>\n\n\n<section class=\"cbo-textpicture textpicture--normal\">\n    <div class=\"textpicture-inner cbo-container container--small\">\n\n        <div class=\"textpicture-picture\">\n            <div class=\"picture-inner cbo-picture-cover\">\n                <img decoding=\"async\" src=\"https:\/\/www.elicit-plant.com\/app\/uploads\/sites\/2\/2023\/09\/Phytosterols-multiples-768x768-1-320x320.png\" srcset=\"https:\/\/www.elicit-plant.com\/app\/uploads\/sites\/2\/2023\/09\/Phytosterols-multiples-768x768-1-320x320.png 320w, https:\/\/www.elicit-plant.com\/app\/uploads\/sites\/2\/2023\/09\/Phytosterols-multiples-768x768-1.png 768w, https:\/\/www.elicit-plant.com\/app\/uploads\/sites\/2\/2023\/09\/Phytosterols-multiples-768x768-1.png 1024w\" class=\"\" alt=\"\" width=\"320\" height=\"320\" sizes=\"auto, 100vw\" loading=\"lazy\" \/>            <\/div>\n        <\/div>\n\n        <div class=\"textpicture-content cbo-cms cms--large\">\n            \n            \n            <ul>\n<li>O processo de descoberta e valida\u00e7\u00e3o utilizado pela Elicit Plant e seus parceiros cient\u00edficos, levou \u00e0 identifica\u00e7\u00e3o de novas formula\u00e7\u00f5es compostas por diferentes fitoester\u00f3is para combater de forma espec\u00edfica e eficaz o impacto das mudan\u00e7as clim\u00e1ticas em diversas culturas de campo.<\/li>\n<li>O potencial para o desenvolvimento de novos produtos, espec\u00edficos aos estresses e esp\u00e9cies cultivadas, utilizando a plataforma de tecnologia EliTerra\u00ae \u00e9 enorme. O extenso pipeline com produtos em desenvolvimento, ir\u00e1 nos permitir chegar a uma vasta gama de cultivos em todos os continentes.<\/li>\n<\/ul>\n        <\/div>\n\n    <\/div>\n<\/section>\n\n<section class=\"cbo-featuredlinks featuredlinks--colorwhite\">\n\t<div class=\"featuredlinks-inner cbo-container \">\n\n\t\t\t\t\t<h2 class=\"cbo-title-2 featuredlinks-title\">\n\t\t\t\tCompreens\u00e3o da ci\u00eancia desenvolvida pela Elicit Plant\t\t\t<\/h2>\n\t\t\n\t\t<div class=\"featuredlinks-list\" data-anim-group data-group-delay=\"100\">\n\t\t\t\n\t\t\t<div class=\"list-el\">\n\t\t\t\t<a class=\"el-inner\" href=\"https:\/\/www.elicit-plant.com\/br\/ciencia-e-tecnologia\/\">\n\n\t\t\t\t\t<figure class=\"inner-picture cbo-picture-cover\">\n\t\t\t\t\t\t<img decoding=\"async\" src=\"https:\/\/www.elicit-plant.com\/app\/uploads\/sites\/2\/2023\/08\/img-offre-carriere-header-768x322.jpg\" srcset=\"https:\/\/www.elicit-plant.com\/app\/uploads\/sites\/2\/2023\/08\/img-offre-carriere-header-320x134.jpg 320w, https:\/\/www.elicit-plant.com\/app\/uploads\/sites\/2\/2023\/08\/img-offre-carriere-header-768x322.jpg 840w, https:\/\/www.elicit-plant.com\/app\/uploads\/sites\/2\/2023\/08\/img-offre-carriere-header-768x322.jpg 1024w, https:\/\/www.elicit-plant.com\/app\/uploads\/sites\/2\/2023\/08\/img-offre-carriere-header-768x322.jpg 1400w\" class=\"\" alt=\"\" width=\"768\" height=\"322\" sizes=\"auto, 100vw\" loading=\"lazy\" \/>\t\t\t\t\t<\/figure>\n\n\t\t\t\t\t<h3 class=\"inner-title cbo-title-3\">\n\t\t\t\t\t\tFitoester\u00f3is\t\t\t\t\t<\/h3>\n\n\t\t\t\t\t<span class=\"inner-button cbo-buttonmore\">\n\t\t\t\t\t\t<i class=\"icon icon-cross\"><\/i>\n\t\t\t\t\t<\/span>\n\t\t\t\t<\/a>\n\t\t\t<\/div>\n\n\t\t\t\n\t\t\t<div class=\"list-el\">\n\t\t\t\t<a class=\"el-inner\" href=\"https:\/\/www.elicit-plant.com\/br\/ciencia-e-tecnologia\/parcerias-cientificas\/\">\n\n\t\t\t\t\t<figure class=\"inner-picture cbo-picture-cover\">\n\t\t\t\t\t\t<img decoding=\"async\" src=\"https:\/\/www.elicit-plant.com\/app\/uploads\/sites\/2\/2023\/08\/img-distributeurs-bloc-2.jpg\" srcset=\"https:\/\/www.elicit-plant.com\/app\/uploads\/sites\/2\/2023\/08\/img-distributeurs-bloc-2-320x205.jpg 320w, https:\/\/www.elicit-plant.com\/app\/uploads\/sites\/2\/2023\/08\/img-distributeurs-bloc-2.jpg 840w, https:\/\/www.elicit-plant.com\/app\/uploads\/sites\/2\/2023\/08\/img-distributeurs-bloc-2.jpg 1024w, https:\/\/www.elicit-plant.com\/app\/uploads\/sites\/2\/2023\/08\/img-distributeurs-bloc-2.jpg 1400w\" class=\"\" alt=\"\" width=\"624\" height=\"400\" sizes=\"auto, 100vw\" loading=\"lazy\" \/>\t\t\t\t\t<\/figure>\n\n\t\t\t\t\t<h3 class=\"inner-title cbo-title-3\">\n\t\t\t\t\t\tParcerias cient\u00edficas\t\t\t\t\t<\/h3>\n\n\t\t\t\t\t<span class=\"inner-button cbo-buttonmore\">\n\t\t\t\t\t\t<i class=\"icon icon-cross\"><\/i>\n\t\t\t\t\t<\/span>\n\t\t\t\t<\/a>\n\t\t\t<\/div>\n\n\t\t\t\t\t<\/div>\n\n\t<\/div>\n<\/section>\n","protected":false},"excerpt":{"rendered":"<p>EliTerra, a plataforma tecnol\u00f3gica da Elicit Plant Significativo Potencial de Pesquisa Existe uma infinidade de fitoester\u00f3is, e cada esp\u00e9cie de planta possui combina\u00e7\u00f5es espec\u00edficas que utilizam para responder aos estresses abi\u00f3ticos Nossos pesquisadores selecionam e desenvolvem uma formula\u00e7\u00e3o espec\u00edfica e de alta performance, com uma solu\u00e7\u00e3o customizada para alcan\u00e7ar resultados excelentes nos campos cultivados pelos agricultores. Atrav\u00e9s do uso de tecnologias para an\u00e1lise de metaboloma, transcriptoma e fenot\u00edpica, os cientistas da Elicit Plant realizam in\u00fameras pesquisas para selecionar os ingredientes ativos naturais espec\u00edficos visando os estresses ambientais. Nos laborat\u00f3rios e c\u00e2maras de cultivo da Elicit Plant, cientistas e agr\u00f4nomos trabalham juntos para selecionar os diferentes balan\u00e7os entre fitoester\u00f3is, e elucidar como os diferentes ingredientes ativos funcionam, identificando os respectivos processos f\u00edsicos e biol\u00f3gicos afetados. A plataforma&#8230;<\/p>\n","protected":false},"author":6,"featured_media":0,"parent":159,"menu_order":0,"comment_status":"closed","ping_status":"closed","template":"","meta":{"_acf_changed":false,"footnotes":""},"class_list":["post-401","page","type-page","status-publish","hentry"],"acf":[],"yoast_head":"<!-- This site is optimized with the Yoast SEO plugin v27.3 - https:\/\/yoast.com\/product\/yoast-seo-wordpress\/ -->\n<title>Plataforma de pesquisa - Elicit Plant Brasil<\/title>\n<meta name=\"robots\" content=\"index, follow, max-snippet:-1, max-image-preview:large, max-video-preview:-1\" \/>\n<link rel=\"canonical\" href=\"https:\/\/www.elicit-plant.com\/br\/ciencia-e-tecnologia\/plataforma-de-pesquisa\/\" \/>\n<meta property=\"og:locale\" content=\"pt_BR\" \/>\n<meta property=\"og:type\" content=\"article\" \/>\n<meta property=\"og:title\" content=\"Plataforma de pesquisa - Elicit Plant Brasil\" \/>\n<meta property=\"og:description\" content=\"EliTerra, a plataforma tecnol\u00f3gica da Elicit Plant Significativo Potencial de Pesquisa Existe uma infinidade de fitoester\u00f3is, e cada esp\u00e9cie de planta possui combina\u00e7\u00f5es espec\u00edficas que utilizam para responder aos estresses abi\u00f3ticos Nossos pesquisadores selecionam e desenvolvem uma formula\u00e7\u00e3o espec\u00edfica e de alta performance, com uma solu\u00e7\u00e3o customizada para alcan\u00e7ar resultados excelentes nos campos cultivados pelos agricultores. Atrav\u00e9s do uso de tecnologias para an\u00e1lise de metaboloma, transcriptoma e fenot\u00edpica, os cientistas da Elicit Plant realizam in\u00fameras pesquisas para selecionar os ingredientes ativos naturais espec\u00edficos visando os estresses ambientais. Nos laborat\u00f3rios e c\u00e2maras de cultivo da Elicit Plant, cientistas e agr\u00f4nomos trabalham juntos para selecionar os diferentes balan\u00e7os entre fitoester\u00f3is, e elucidar como os diferentes ingredientes ativos funcionam, identificando os respectivos processos f\u00edsicos e biol\u00f3gicos afetados. A plataforma...\" \/>\n<meta property=\"og:url\" content=\"https:\/\/www.elicit-plant.com\/br\/ciencia-e-tecnologia\/plataforma-de-pesquisa\/\" \/>\n<meta property=\"og:site_name\" content=\"Elicit Plant Brasil\" \/>\n<meta property=\"article:modified_time\" content=\"2023-10-11T15:39:53+00:00\" \/>\n<meta name=\"twitter:card\" content=\"summary_large_image\" \/>\n<script type=\"application\/ld+json\" class=\"yoast-schema-graph\">{\"@context\":\"https:\\\/\\\/schema.org\",\"@graph\":[{\"@type\":\"WebPage\",\"@id\":\"https:\\\/\\\/www.elicit-plant.com\\\/br\\\/ciencia-e-tecnologia\\\/plataforma-de-pesquisa\\\/\",\"url\":\"https:\\\/\\\/www.elicit-plant.com\\\/br\\\/ciencia-e-tecnologia\\\/plataforma-de-pesquisa\\\/\",\"name\":\"Plataforma de pesquisa - Elicit Plant Brasil\",\"isPartOf\":{\"@id\":\"https:\\\/\\\/www.elicit-plant.com\\\/br\\\/#website\"},\"datePublished\":\"2023-10-11T15:14:40+00:00\",\"dateModified\":\"2023-10-11T15:39:53+00:00\",\"breadcrumb\":{\"@id\":\"https:\\\/\\\/www.elicit-plant.com\\\/br\\\/ciencia-e-tecnologia\\\/plataforma-de-pesquisa\\\/#breadcrumb\"},\"inLanguage\":\"pt-BR\",\"potentialAction\":[{\"@type\":\"ReadAction\",\"target\":[\"https:\\\/\\\/www.elicit-plant.com\\\/br\\\/ciencia-e-tecnologia\\\/plataforma-de-pesquisa\\\/\"]}]},{\"@type\":\"BreadcrumbList\",\"@id\":\"https:\\\/\\\/www.elicit-plant.com\\\/br\\\/ciencia-e-tecnologia\\\/plataforma-de-pesquisa\\\/#breadcrumb\",\"itemListElement\":[{\"@type\":\"ListItem\",\"position\":1,\"name\":\"Ci\u00eancia e Tecnologia\",\"item\":\"https:\\\/\\\/www.elicit-plant.com\\\/br\\\/ciencia-e-tecnologia\\\/\"},{\"@type\":\"ListItem\",\"position\":2,\"name\":\"Plataforma de pesquisa\"}]},{\"@type\":\"WebSite\",\"@id\":\"https:\\\/\\\/www.elicit-plant.com\\\/br\\\/#website\",\"url\":\"https:\\\/\\\/www.elicit-plant.com\\\/br\\\/\",\"name\":\"Elicit Plant\",\"description\":\"\",\"potentialAction\":[{\"@type\":\"SearchAction\",\"target\":{\"@type\":\"EntryPoint\",\"urlTemplate\":\"https:\\\/\\\/www.elicit-plant.com\\\/br\\\/?s={search_term_string}\"},\"query-input\":{\"@type\":\"PropertyValueSpecification\",\"valueRequired\":true,\"valueName\":\"search_term_string\"}}],\"inLanguage\":\"pt-BR\"}]}<\/script>\n<!-- \/ Yoast SEO plugin. -->","yoast_head_json":{"title":"Plataforma de pesquisa - Elicit Plant Brasil","robots":{"index":"index","follow":"follow","max-snippet":"max-snippet:-1","max-image-preview":"max-image-preview:large","max-video-preview":"max-video-preview:-1"},"canonical":"https:\/\/www.elicit-plant.com\/br\/ciencia-e-tecnologia\/plataforma-de-pesquisa\/","og_locale":"pt_BR","og_type":"article","og_title":"Plataforma de pesquisa - Elicit Plant Brasil","og_description":"EliTerra, a plataforma tecnol\u00f3gica da Elicit Plant Significativo Potencial de Pesquisa Existe uma infinidade de fitoester\u00f3is, e cada esp\u00e9cie de planta possui combina\u00e7\u00f5es espec\u00edficas que utilizam para responder aos estresses abi\u00f3ticos Nossos pesquisadores selecionam e desenvolvem uma formula\u00e7\u00e3o espec\u00edfica e de alta performance, com uma solu\u00e7\u00e3o customizada para alcan\u00e7ar resultados excelentes nos campos cultivados pelos agricultores. Atrav\u00e9s do uso de tecnologias para an\u00e1lise de metaboloma, transcriptoma e fenot\u00edpica, os cientistas da Elicit Plant realizam in\u00fameras pesquisas para selecionar os ingredientes ativos naturais espec\u00edficos visando os estresses ambientais. Nos laborat\u00f3rios e c\u00e2maras de cultivo da Elicit Plant, cientistas e agr\u00f4nomos trabalham juntos para selecionar os diferentes balan\u00e7os entre fitoester\u00f3is, e elucidar como os diferentes ingredientes ativos funcionam, identificando os respectivos processos f\u00edsicos e biol\u00f3gicos afetados. A plataforma...","og_url":"https:\/\/www.elicit-plant.com\/br\/ciencia-e-tecnologia\/plataforma-de-pesquisa\/","og_site_name":"Elicit Plant Brasil","article_modified_time":"2023-10-11T15:39:53+00:00","twitter_card":"summary_large_image","schema":{"@context":"https:\/\/schema.org","@graph":[{"@type":"WebPage","@id":"https:\/\/www.elicit-plant.com\/br\/ciencia-e-tecnologia\/plataforma-de-pesquisa\/","url":"https:\/\/www.elicit-plant.com\/br\/ciencia-e-tecnologia\/plataforma-de-pesquisa\/","name":"Plataforma de pesquisa - Elicit Plant Brasil","isPartOf":{"@id":"https:\/\/www.elicit-plant.com\/br\/#website"},"datePublished":"2023-10-11T15:14:40+00:00","dateModified":"2023-10-11T15:39:53+00:00","breadcrumb":{"@id":"https:\/\/www.elicit-plant.com\/br\/ciencia-e-tecnologia\/plataforma-de-pesquisa\/#breadcrumb"},"inLanguage":"pt-BR","potentialAction":[{"@type":"ReadAction","target":["https:\/\/www.elicit-plant.com\/br\/ciencia-e-tecnologia\/plataforma-de-pesquisa\/"]}]},{"@type":"BreadcrumbList","@id":"https:\/\/www.elicit-plant.com\/br\/ciencia-e-tecnologia\/plataforma-de-pesquisa\/#breadcrumb","itemListElement":[{"@type":"ListItem","position":1,"name":"Ci\u00eancia e Tecnologia","item":"https:\/\/www.elicit-plant.com\/br\/ciencia-e-tecnologia\/"},{"@type":"ListItem","position":2,"name":"Plataforma de pesquisa"}]},{"@type":"WebSite","@id":"https:\/\/www.elicit-plant.com\/br\/#website","url":"https:\/\/www.elicit-plant.com\/br\/","name":"Elicit Plant","description":"","potentialAction":[{"@type":"SearchAction","target":{"@type":"EntryPoint","urlTemplate":"https:\/\/www.elicit-plant.com\/br\/?s={search_term_string}"},"query-input":{"@type":"PropertyValueSpecification","valueRequired":true,"valueName":"search_term_string"}}],"inLanguage":"pt-BR"}]}},"_links":{"self":[{"href":"https:\/\/www.elicit-plant.com\/br\/wp-json\/wp\/v2\/pages\/401","targetHints":{"allow":["GET"]}}],"collection":[{"href":"https:\/\/www.elicit-plant.com\/br\/wp-json\/wp\/v2\/pages"}],"about":[{"href":"https:\/\/www.elicit-plant.com\/br\/wp-json\/wp\/v2\/types\/page"}],"author":[{"embeddable":true,"href":"https:\/\/www.elicit-plant.com\/br\/wp-json\/wp\/v2\/users\/6"}],"replies":[{"embeddable":true,"href":"https:\/\/www.elicit-plant.com\/br\/wp-json\/wp\/v2\/comments?post=401"}],"version-history":[{"count":9,"href":"https:\/\/www.elicit-plant.com\/br\/wp-json\/wp\/v2\/pages\/401\/revisions"}],"predecessor-version":[{"id":419,"href":"https:\/\/www.elicit-plant.com\/br\/wp-json\/wp\/v2\/pages\/401\/revisions\/419"}],"up":[{"embeddable":true,"href":"https:\/\/www.elicit-plant.com\/br\/wp-json\/wp\/v2\/pages\/159"}],"wp:attachment":[{"href":"https:\/\/www.elicit-plant.com\/br\/wp-json\/wp\/v2\/media?parent=401"}],"curies":[{"name":"wp","href":"https:\/\/api.w.org\/{rel}","templated":true}]}}