{"id":281,"date":"2023-09-28T12:45:45","date_gmt":"2023-09-28T15:45:45","guid":{"rendered":"https:\/\/www.elicit-plant.com\/br\/?post_type=product&#038;p=281"},"modified":"2024-12-17T07:02:34","modified_gmt":"2024-12-17T10:02:34","slug":"boma-fit","status":"publish","type":"product","link":"https:\/\/www.elicit-plant.com\/br\/produtos\/boma-fit\/","title":{"rendered":"Boma-fit"},"content":{"rendered":"<section class=\"cbo-productfeatures\">\n\t<div class=\"productfeatures-inner\">\n\n\t\t<div class=\"productfeatures-slider\">\n\n\t\t\t\n\t\t\t<div class=\"slider-el\">\n\t\t\t\t<div class=\"el-picture cbo-picture-cover\">\n\t\t\t\t\t<img decoding=\"async\" src=\"https:\/\/www.elicit-plant.com\/app\/uploads\/sites\/2\/2023\/08\/img-home-mais-e1689867387695-320x318.png\" srcset=\"https:\/\/www.elicit-plant.com\/app\/uploads\/sites\/2\/2023\/08\/img-home-mais-e1689867387695-320x318.png 320w, https:\/\/www.elicit-plant.com\/app\/uploads\/sites\/2\/2023\/08\/img-home-mais-e1689867387695.png 768w, https:\/\/www.elicit-plant.com\/app\/uploads\/sites\/2\/2023\/08\/img-home-mais-e1689867387695.png 1024w\" class=\"\" alt=\"\" width=\"320\" height=\"318\" sizes=\"auto, 100vw\" loading=\"lazy\" \/>                <\/div>\n\n                                <div class=\"el-icon cbo-picture-contain\">\n                \t<img decoding=\"async\" src=\"https:\/\/www.elicit-plant.com\/app\/uploads\/sites\/2\/2023\/09\/fleche-rendement.svg\"  class=\"\" alt=\"\" width=\"1\" height=\"1\" sizes=\"auto, 100vw\" loading=\"lazy\" \/>                <\/div>\n            \t\n            \t                <p class=\"el-title cbo-heading\">\n                \tRendimento +570kg\/ha                <\/p>\n                \t\t\t<\/div>\n\n\t\t\t\n\t\t\t<div class=\"slider-el\">\n\t\t\t\t<div class=\"el-picture cbo-picture-cover\">\n\t\t\t\t\t<img decoding=\"async\" src=\"https:\/\/www.elicit-plant.com\/app\/uploads\/sites\/2\/2023\/08\/img-contact-header-320x320.jpg\" srcset=\"https:\/\/www.elicit-plant.com\/app\/uploads\/sites\/2\/2023\/08\/img-contact-header-320x320.jpg 320w, https:\/\/www.elicit-plant.com\/app\/uploads\/sites\/2\/2023\/08\/img-contact-header.jpg 768w, https:\/\/www.elicit-plant.com\/app\/uploads\/sites\/2\/2023\/08\/img-contact-header.jpg 1024w\" class=\"\" alt=\"\" width=\"320\" height=\"320\" sizes=\"auto, 100vw\" loading=\"lazy\" \/>                <\/div>\n\n                                <div class=\"el-icon cbo-picture-contain\">\n                \t<img decoding=\"async\" src=\"https:\/\/www.elicit-plant.com\/app\/uploads\/sites\/2\/2023\/09\/fleche-rendement.svg\"  class=\"\" alt=\"\" width=\"1\" height=\"1\" sizes=\"auto, 100vw\" loading=\"lazy\" \/>                <\/div>\n            \t\n            \t                <p class=\"el-title cbo-heading\">\n                \tConsumo de \u00e1gua -10 a 20                <\/p>\n                \t\t\t<\/div>\n\n\t\t\t\n\t\t\t<div class=\"slider-el\">\n\t\t\t\t<div class=\"el-picture cbo-picture-cover\">\n\t\t\t\t\t<img decoding=\"async\" src=\"https:\/\/www.elicit-plant.com\/app\/uploads\/sites\/2\/2023\/08\/AdobeStock_179397354-320x213.jpg\" srcset=\"https:\/\/www.elicit-plant.com\/app\/uploads\/sites\/2\/2023\/08\/AdobeStock_179397354-320x213.jpg 320w, https:\/\/www.elicit-plant.com\/app\/uploads\/sites\/2\/2023\/08\/AdobeStock_179397354-768x512.jpg 768w, https:\/\/www.elicit-plant.com\/app\/uploads\/sites\/2\/2023\/08\/AdobeStock_179397354-1024x683.jpg 1024w\" class=\"\" alt=\"\" width=\"320\" height=\"213\" sizes=\"auto, 100vw\" loading=\"lazy\" \/>                <\/div>\n\n                                <div class=\"el-icon cbo-picture-contain\">\n                \t<img decoding=\"async\" src=\"https:\/\/www.elicit-plant.com\/app\/uploads\/sites\/2\/2023\/09\/fleche-rendement.svg\"  class=\"\" alt=\"\" width=\"1\" height=\"1\" sizes=\"auto, 100vw\" loading=\"lazy\" \/>                <\/div>\n            \t\n            \t                <p class=\"el-title cbo-heading\">\n                \tMat\u00e9ria seca at\u00e9 +2t\/ha                <\/p>\n                \t\t\t<\/div>\n\n\t\t\t\n\t\t<\/div>\n\n\t\t<div class=\"productfeatures-content\">\n\t\t\t<div class=\"content-inner cbo-container container--padding cbo-cms cms--large cms--white\">\n\t\t\t\t<h3>Objetivos do Boma-fit<\/h3>\n<ul>\n<li>Otimizar o fornecimento de \u00e1gua \u00e0s plantas<\/li>\n<li>Aumentar a produtividade da cultura do milho<\/li>\n<\/ul>\n<h3>Utiliza\u00e7\u00e3o<\/h3>\n<ul>\n<li>Dose de 1 L\/ha<\/li>\n<li>Solu\u00e7\u00e3o de pulveriza\u00e7\u00e3o em torno de 100 L\/ha<\/li>\n<li>Aplica\u00e7\u00e3o \u00fanica no est\u00e1gio de 8\/10 folhas<\/li>\n<li>L\u00edquido, densidade pr\u00f3xima \u00e0 \u00e1gua<\/li>\n<\/ul>\n\t\t\t<\/div>\n\t\t<\/div>\n\n\t<\/div>\n<\/section>\n\n\n\n<section class=\"cbo-productadvantages\">\n\n\t\t<div class=\"productadvantages-marquee\">\n\t\t<div class=\"cbo-marquee\">\n\t<div class=\"marquee-inner\">\n\t\t<div class=\"marquee-wrapper\">\n\t\t\t<span><strong>Facilidade para utilizar \u2013 Resultados demonstrados<\/strong><\/span>\n\t\t\t<span aria-hidden=\"true\"><strong>Facilidade para utilizar \u2013 Resultados demonstrados<\/strong><\/span>\n\t\t\t<span aria-hidden=\"true\"><strong>Facilidade para utilizar \u2013 Resultados demonstrados<\/strong><\/span>\n\t\t\t<span aria-hidden=\"true\"><strong>Facilidade para utilizar \u2013 Resultados demonstrados<\/strong><\/span>\n\t\t<\/div>\n\t<\/div>\n<\/div>\t<\/div>\n\t\n\t<div class=\"productadvantages-inner cbo-container\">\n\n\t\t\t\t<p class=\"productadvantages-description cbo-chapo\">\n\t\t\tFacilidade para utilizar \u2013 Resultados demonstrados :<br \/>\r\n<br \/>\r\nO Boma-fit atua em modo preventivo, ajudando a planta a antecipar per\u00edodos de falta de \u00e1gua para que possa lidar melhor com eles. Dessa forma, voc\u00ea preserva seu potencial de rendimento. O Boma-fit se encaixa perfeitamente em seu itiner\u00e1rio habitual de cultivo e pode ser aplicado por pulveriza\u00e7\u00e3o foliar usando seu equipamento habitual. O produto \u00e9 est\u00e1vel e  foi formulado de forma ideal para uso pr\u00e1tico: f\u00e1cil de dosar, possui textura adequada, cheiro agrad\u00e1vel e n\u00e3o \u00e9 t\u00f3xico.\t\t<\/p>\n\t\t\n\t\t<div class=\"productadvantages-product\">\n\t\t\t<div class=\"product-picture\">\n\t\t\t\t<div class=\"picture-inner cbo-picture-contain\">\n\t\t\t\t\t<img decoding=\"async\" src=\"https:\/\/www.elicit-plant.com\/app\/uploads\/sites\/2\/2023\/09\/Bom-a-Fit-bidon-oblique-320x263.png\" srcset=\"https:\/\/www.elicit-plant.com\/app\/uploads\/sites\/2\/2023\/09\/Bom-a-Fit-bidon-oblique-320x263.png 320w, https:\/\/www.elicit-plant.com\/app\/uploads\/sites\/2\/2023\/09\/Bom-a-Fit-bidon-oblique.png 768w, https:\/\/www.elicit-plant.com\/app\/uploads\/sites\/2\/2023\/09\/Bom-a-Fit-bidon-oblique.png 1024w\" class=\"\" alt=\"BOM-a FIT\" width=\"320\" height=\"263\" sizes=\"auto, 100vw\" loading=\"lazy\" \/>\t\t\t\t<\/div>\n\t\t\t<\/div>\n\n\t\t\t<div class=\"product-list\">\n\t\t\t\t\n\t\t\t\t<div class=\"list-el\">\n\t\t\t\t\t<i class=\"icon icon-cross\"><\/i>\n\t\t\t\t\t<p class=\"el-title\">\n\t\t\t\t\t\tA\u00e7\u00e3o preventiva\t\t\t\t\t<\/p>\n\t\t\t\t\t<p class=\"el-description\">\n\t\t\t\t\t\tUma \u00fanica aplica\u00e7\u00e3o foliar no est\u00e1gio de 8\/10 folhas proporciona um efeito residual at\u00e9 a senesc\u00eancia da planta.\t\t\t\t\t<\/p>\n\t\t\t\t<\/div>\n\n\t\t\t\t\n\t\t\t\t<div class=\"list-el\">\n\t\t\t\t\t<i class=\"icon icon-cross\"><\/i>\n\t\t\t\t\t<p class=\"el-title\">\n\t\t\t\t\t\tMelhora os componentes de rendimento\t\t\t\t\t<\/p>\n\t\t\t\t\t<p class=\"el-description\">\n\t\t\t\t\t\tOs resultados observados mostram um efeito de perman\u00eancia verde, mais gr\u00e3os por fileira e um PMG mais alto.\t\t\t\t\t<\/p>\n\t\t\t\t<\/div>\n\n\t\t\t\t\n\t\t\t\t<div class=\"list-el\">\n\t\t\t\t\t<i class=\"icon icon-cross\"><\/i>\n\t\t\t\t\t<p class=\"el-title\">\n\t\t\t\t\t\tEstimula as defesas naturais\t\t\t\t\t<\/p>\n\t\t\t\t\t<p class=\"el-description\">\n\t\t\t\t\t\tUm modo de a\u00e7\u00e3o exclusivo que limita a evapotranspira\u00e7\u00e3o das plantas, estimula o crescimento das ra\u00edzes e o desenvolvimento das folhas.\t\t\t\t\t<\/p>\n\t\t\t\t<\/div>\n\n\t\t\t\t\n\t\t\t\t<div class=\"list-el\">\n\t\t\t\t\t<i class=\"icon icon-cross\"><\/i>\n\t\t\t\t\t<p class=\"el-title\">\n\t\t\t\t\t\tGarante a renda\t\t\t\t\t<\/p>\n\t\t\t\t\t<p class=\"el-description\">\n\t\t\t\t\t\tO uso do Boma-fit assegura investimentos realizados nas colheitas\t\t\t\t\t<\/p>\n\t\t\t\t<\/div>\n\n\t\t\t\t\n\t\t\t\t<div class=\"list-el\">\n\t\t\t\t\t<i class=\"icon icon-cross\"><\/i>\n\t\t\t\t\t<p class=\"el-title\">\n\t\t\t\t\t\tPreserva a produtividade como medida preventiva\t\t\t\t\t<\/p>\n\t\t\t\t\t<p class=\"el-description\">\n\t\t\t\t\t\tGanhos m\u00e9dios de rendimento de +570 Kg\/ha foram cientificamente comprovados.\t\t\t\t\t<\/p>\n\t\t\t\t<\/div>\n\n\t\t\t\t\t\t\t<\/div>\n\t\t<\/div>\n\n\t<\/div>\n<\/section>\n\n<section class=\"cbo-productscience\">\n    <div class=\"productscience-inner cbo-container\">\n\n        <div class=\"productscience-picture\">\n            <div class=\"picture-main\">\n                <div class=\"main-inner cbo-picture-cover\">\n                <img decoding=\"async\" src=\"https:\/\/www.elicit-plant.com\/app\/uploads\/sites\/2\/2023\/08\/img-carrieres-header-320x320.jpg\" srcset=\"https:\/\/www.elicit-plant.com\/app\/uploads\/sites\/2\/2023\/08\/img-carrieres-header-320x320.jpg 320w, https:\/\/www.elicit-plant.com\/app\/uploads\/sites\/2\/2023\/08\/img-carrieres-header.jpg 768w, https:\/\/www.elicit-plant.com\/app\/uploads\/sites\/2\/2023\/08\/img-carrieres-header.jpg 1024w\" class=\"\" alt=\"\" width=\"320\" height=\"320\" sizes=\"auto, 100vw\" loading=\"lazy\" \/>                <\/div>\n            <\/div>\n\n                        <div class=\"picture-annex\">\n                <div class=\"annex-inner cbo-picture-cover\">\n                <img decoding=\"async\" src=\"https:\/\/www.elicit-plant.com\/app\/uploads\/sites\/2\/2023\/08\/img-offre-carriere-header-320x134.jpg\" srcset=\"https:\/\/www.elicit-plant.com\/app\/uploads\/sites\/2\/2023\/08\/img-offre-carriere-header-320x134.jpg 320w, https:\/\/www.elicit-plant.com\/app\/uploads\/sites\/2\/2023\/08\/img-offre-carriere-header-768x322.jpg 768w\" class=\"\" alt=\"\" width=\"320\" height=\"134\" sizes=\"auto, 100vw\" loading=\"lazy\" \/>                <\/div>\n            <\/div>\n                    <\/div>\n\n        <div class=\"productscience-content cbo-cms cms--large\">\n\n                        <h2 class=\"content-title cbo-title-2\">\n                A A\u00e7\u00e3o dos Fitoester\u00f3is            <\/h2>\n             \n            <p>O Boma-fit reduz o estresse h\u00eddrico por meio de processos naturais: esse produto exclusivo, em virtude de seu modo de a\u00e7\u00e3o e composi\u00e7\u00e3o, melhora a resili\u00eancia fisiol\u00f3gica das plantas ao estimular seu metabolismo. Uma vez no cora\u00e7\u00e3o da planta, os fitoester\u00f3is reduzem a evapotranspira\u00e7\u00e3o, promovem o crescimento das folhas e estimulam o desenvolvimento das ra\u00edzes, a fim de aproveitar os recursos h\u00eddricos adicionais. A aplica\u00e7\u00e3o do Boma-fit, portanto, prolonga o per\u00edodo antes que a planta atinja o ponto de murcha e sofra estresse h\u00eddrico. Como resultado, a planta expressa seu potencial com mais facilidade durante os per\u00edodos de escassez de \u00e1gua.<\/p>\n\n            <a\t\thref=\"#\"\n\ttarget=\"_self\"\n\t\n\t\n\tclass=\"cbo-button  button--normal\" >\n\tPara saber mais<\/a>\n        <\/div>\n\n    <\/div>\n<\/section>","protected":false},"featured_media":266,"template":"","meta":{"_acf_changed":true},"class_list":["post-281","product","type-product","status-publish","has-post-thumbnail","hentry"],"acf":[],"yoast_head":"<!-- This site is optimized with the Yoast SEO plugin v27.2 - https:\/\/yoast.com\/product\/yoast-seo-wordpress\/ -->\n<title>\ud83c\udf3dBoma Fit : Limitador de estresse h\u00eddrico para milho - Elicit Plant<\/title>\n<meta name=\"description\" content=\"Limite o estresse h\u00eddrico no milho e aumente a produtividade em \u00e9pocas de escassez de \u00e1gua com o BEST-a. Modo de a\u00e7\u00e3o natural!\" \/>\n<meta name=\"robots\" content=\"index, follow, max-snippet:-1, max-image-preview:large, max-video-preview:-1\" \/>\n<link rel=\"canonical\" href=\"https:\/\/www.elicit-plant.com\/br\/produtos\/boma-fit\/\" \/>\n<meta property=\"og:locale\" content=\"pt_BR\" \/>\n<meta property=\"og:type\" content=\"article\" \/>\n<meta property=\"og:title\" content=\"\ud83c\udf3dBoma Fit : Limitador de estresse h\u00eddrico para milho - Elicit Plant\" \/>\n<meta property=\"og:description\" content=\"Limite o estresse h\u00eddrico no milho e aumente a produtividade em \u00e9pocas de escassez de \u00e1gua com o BEST-a. Modo de a\u00e7\u00e3o natural!\" \/>\n<meta property=\"og:url\" content=\"https:\/\/www.elicit-plant.com\/br\/produtos\/boma-fit\/\" \/>\n<meta property=\"og:site_name\" content=\"Elicit Plant Brasil\" \/>\n<meta property=\"article:modified_time\" content=\"2024-12-17T10:02:34+00:00\" \/>\n<meta property=\"og:image\" content=\"https:\/\/www.elicit-plant.com\/br\/wp-content\/uploads\/sites\/2\/2023\/09\/BOM-a-Brasil-1.png\" \/>\n\t<meta property=\"og:image:width\" content=\"420\" \/>\n\t<meta property=\"og:image:height\" content=\"566\" \/>\n\t<meta property=\"og:image:type\" content=\"image\/png\" \/>\n<meta name=\"twitter:card\" content=\"summary_large_image\" \/>\n<meta name=\"twitter:label1\" content=\"Est. tempo de leitura\" \/>\n\t<meta name=\"twitter:data1\" content=\"1 minuto\" \/>\n<script type=\"application\/ld+json\" class=\"yoast-schema-graph\">{\"@context\":\"https:\/\/schema.org\",\"@graph\":[{\"@type\":\"WebPage\",\"@id\":\"https:\/\/www.elicit-plant.com\/br\/produtos\/boma-fit\/\",\"url\":\"https:\/\/www.elicit-plant.com\/br\/produtos\/boma-fit\/\",\"name\":\"\ud83c\udf3dBoma Fit : Limitador de estresse h\u00eddrico para milho - Elicit Plant\",\"isPartOf\":{\"@id\":\"https:\/\/www.elicit-plant.com\/br\/#website\"},\"primaryImageOfPage\":{\"@id\":\"https:\/\/www.elicit-plant.com\/br\/produtos\/boma-fit\/#primaryimage\"},\"image\":{\"@id\":\"https:\/\/www.elicit-plant.com\/br\/produtos\/boma-fit\/#primaryimage\"},\"thumbnailUrl\":\"https:\/\/www.elicit-plant.com\/app\/uploads\/sites\/2\/2023\/09\/BOM-a-Brasil-1.png\",\"datePublished\":\"2023-09-28T15:45:45+00:00\",\"dateModified\":\"2024-12-17T10:02:34+00:00\",\"description\":\"Limite o estresse h\u00eddrico no milho e aumente a produtividade em \u00e9pocas de escassez de \u00e1gua com o BEST-a. Modo de a\u00e7\u00e3o natural!\",\"inLanguage\":\"pt-BR\",\"potentialAction\":[{\"@type\":\"ReadAction\",\"target\":[\"https:\/\/www.elicit-plant.com\/br\/produtos\/boma-fit\/\"]}]},{\"@type\":\"ImageObject\",\"inLanguage\":\"pt-BR\",\"@id\":\"https:\/\/www.elicit-plant.com\/br\/produtos\/boma-fit\/#primaryimage\",\"url\":\"https:\/\/www.elicit-plant.com\/app\/uploads\/sites\/2\/2023\/09\/BOM-a-Brasil-1.png\",\"contentUrl\":\"https:\/\/www.elicit-plant.com\/app\/uploads\/sites\/2\/2023\/09\/BOM-a-Brasil-1.png\",\"width\":420,\"height\":566,\"caption\":\"Bom-a FIT Brasil\"},{\"@type\":\"WebSite\",\"@id\":\"https:\/\/www.elicit-plant.com\/br\/#website\",\"url\":\"https:\/\/www.elicit-plant.com\/br\/\",\"name\":\"Elicit Plant\",\"description\":\"\",\"potentialAction\":[{\"@type\":\"SearchAction\",\"target\":{\"@type\":\"EntryPoint\",\"urlTemplate\":\"https:\/\/www.elicit-plant.com\/br\/?s={search_term_string}\"},\"query-input\":{\"@type\":\"PropertyValueSpecification\",\"valueRequired\":true,\"valueName\":\"search_term_string\"}}],\"inLanguage\":\"pt-BR\"}]}<\/script>\n<!-- \/ Yoast SEO plugin. -->","yoast_head_json":{"title":"\ud83c\udf3dBoma Fit : Limitador de estresse h\u00eddrico para milho - Elicit Plant","description":"Limite o estresse h\u00eddrico no milho e aumente a produtividade em \u00e9pocas de escassez de \u00e1gua com o BEST-a. Modo de a\u00e7\u00e3o natural!","robots":{"index":"index","follow":"follow","max-snippet":"max-snippet:-1","max-image-preview":"max-image-preview:large","max-video-preview":"max-video-preview:-1"},"canonical":"https:\/\/www.elicit-plant.com\/br\/produtos\/boma-fit\/","og_locale":"pt_BR","og_type":"article","og_title":"\ud83c\udf3dBoma Fit : Limitador de estresse h\u00eddrico para milho - Elicit Plant","og_description":"Limite o estresse h\u00eddrico no milho e aumente a produtividade em \u00e9pocas de escassez de \u00e1gua com o BEST-a. Modo de a\u00e7\u00e3o natural!","og_url":"https:\/\/www.elicit-plant.com\/br\/produtos\/boma-fit\/","og_site_name":"Elicit Plant Brasil","article_modified_time":"2024-12-17T10:02:34+00:00","og_image":[{"width":420,"height":566,"url":"https:\/\/www.elicit-plant.com\/br\/wp-content\/uploads\/sites\/2\/2023\/09\/BOM-a-Brasil-1.png","type":"image\/png"}],"twitter_card":"summary_large_image","twitter_misc":{"Est. tempo de leitura":"1 minuto"},"schema":{"@context":"https:\/\/schema.org","@graph":[{"@type":"WebPage","@id":"https:\/\/www.elicit-plant.com\/br\/produtos\/boma-fit\/","url":"https:\/\/www.elicit-plant.com\/br\/produtos\/boma-fit\/","name":"\ud83c\udf3dBoma Fit : Limitador de estresse h\u00eddrico para milho - Elicit Plant","isPartOf":{"@id":"https:\/\/www.elicit-plant.com\/br\/#website"},"primaryImageOfPage":{"@id":"https:\/\/www.elicit-plant.com\/br\/produtos\/boma-fit\/#primaryimage"},"image":{"@id":"https:\/\/www.elicit-plant.com\/br\/produtos\/boma-fit\/#primaryimage"},"thumbnailUrl":"https:\/\/www.elicit-plant.com\/app\/uploads\/sites\/2\/2023\/09\/BOM-a-Brasil-1.png","datePublished":"2023-09-28T15:45:45+00:00","dateModified":"2024-12-17T10:02:34+00:00","description":"Limite o estresse h\u00eddrico no milho e aumente a produtividade em \u00e9pocas de escassez de \u00e1gua com o BEST-a. Modo de a\u00e7\u00e3o natural!","inLanguage":"pt-BR","potentialAction":[{"@type":"ReadAction","target":["https:\/\/www.elicit-plant.com\/br\/produtos\/boma-fit\/"]}]},{"@type":"ImageObject","inLanguage":"pt-BR","@id":"https:\/\/www.elicit-plant.com\/br\/produtos\/boma-fit\/#primaryimage","url":"https:\/\/www.elicit-plant.com\/app\/uploads\/sites\/2\/2023\/09\/BOM-a-Brasil-1.png","contentUrl":"https:\/\/www.elicit-plant.com\/app\/uploads\/sites\/2\/2023\/09\/BOM-a-Brasil-1.png","width":420,"height":566,"caption":"Bom-a FIT Brasil"},{"@type":"WebSite","@id":"https:\/\/www.elicit-plant.com\/br\/#website","url":"https:\/\/www.elicit-plant.com\/br\/","name":"Elicit Plant","description":"","potentialAction":[{"@type":"SearchAction","target":{"@type":"EntryPoint","urlTemplate":"https:\/\/www.elicit-plant.com\/br\/?s={search_term_string}"},"query-input":{"@type":"PropertyValueSpecification","valueRequired":true,"valueName":"search_term_string"}}],"inLanguage":"pt-BR"}]}},"_links":{"self":[{"href":"https:\/\/www.elicit-plant.com\/br\/wp-json\/wp\/v2\/product\/281","targetHints":{"allow":["GET"]}}],"collection":[{"href":"https:\/\/www.elicit-plant.com\/br\/wp-json\/wp\/v2\/product"}],"about":[{"href":"https:\/\/www.elicit-plant.com\/br\/wp-json\/wp\/v2\/types\/product"}],"wp:featuredmedia":[{"embeddable":true,"href":"https:\/\/www.elicit-plant.com\/br\/wp-json\/wp\/v2\/media\/266"}],"wp:attachment":[{"href":"https:\/\/www.elicit-plant.com\/br\/wp-json\/wp\/v2\/media?parent=281"}],"curies":[{"name":"wp","href":"https:\/\/api.w.org\/{rel}","templated":true}]}}