{"id":869,"date":"2024-09-24T05:46:49","date_gmt":"2024-09-24T08:46:49","guid":{"rendered":"https:\/\/www.elicit-plant.com\/br\/?post_type=product&#038;p=869"},"modified":"2024-12-04T14:02:39","modified_gmt":"2024-12-04T17:02:39","slug":"elizon","status":"publish","type":"product","link":"https:\/\/www.elicit-plant.com\/br\/produtos\/elizon\/","title":{"rendered":"EliZon"},"content":{"rendered":"<section class=\"cbo-productfeatures\">\n\t<div class=\"productfeatures-inner\">\n\n\t\t<div class=\"productfeatures-slider\">\n\n\t\t\t\n\t\t\t<div class=\"slider-el\">\n\t\t\t\t<div class=\"el-picture cbo-picture-cover\">\n\t\t\t\t\t<img decoding=\"async\" src=\"https:\/\/www.elicit-plant.com\/app\/uploads\/sites\/2\/2024\/09\/boabe-de-soia-320x320.jpg\" srcset=\"https:\/\/www.elicit-plant.com\/app\/uploads\/sites\/2\/2024\/09\/boabe-de-soia-320x320.jpg 320w, https:\/\/www.elicit-plant.com\/app\/uploads\/sites\/2\/2024\/09\/boabe-de-soia-768x768.jpg 768w, https:\/\/www.elicit-plant.com\/app\/uploads\/sites\/2\/2024\/09\/boabe-de-soia.jpg 1024w\" class=\"\" alt=\"\" width=\"320\" height=\"320\" sizes=\"auto, 100vw\" loading=\"lazy\" \/>                <\/div>\n\n                                <div class=\"el-icon cbo-picture-contain\">\n                \t<img decoding=\"async\" src=\"https:\/\/www.elicit-plant.com\/app\/uploads\/sites\/2\/2023\/09\/fleche-rendement.svg\"  class=\"\" alt=\"\" width=\"1\" height=\"1\" sizes=\"auto, 100vw\" loading=\"lazy\" \/>                <\/div>\n            \t\n            \t                <p class=\"el-title cbo-heading\">\n                \tProdutividade +4,7 sacas\/ha*                <\/p>\n                \t\t\t<\/div>\n\n\t\t\t\n\t\t\t<div class=\"slider-el\">\n\t\t\t\t<div class=\"el-picture cbo-picture-cover\">\n\t\t\t\t\t<img decoding=\"async\" src=\"https:\/\/www.elicit-plant.com\/app\/uploads\/sites\/2\/2024\/09\/camp-de-soia-320x320.jpg\" srcset=\"https:\/\/www.elicit-plant.com\/app\/uploads\/sites\/2\/2024\/09\/camp-de-soia-320x320.jpg 320w, https:\/\/www.elicit-plant.com\/app\/uploads\/sites\/2\/2024\/09\/camp-de-soia.jpg 768w, https:\/\/www.elicit-plant.com\/app\/uploads\/sites\/2\/2024\/09\/camp-de-soia.jpg 1024w\" class=\"\" alt=\"\" width=\"320\" height=\"320\" sizes=\"auto, 100vw\" loading=\"lazy\" \/>                <\/div>\n\n                                <div class=\"el-icon cbo-picture-contain\">\n                \t<img decoding=\"async\" src=\"https:\/\/www.elicit-plant.com\/app\/uploads\/sites\/2\/2023\/09\/fleche-rendement.svg\"  class=\"\" alt=\"\" width=\"1\" height=\"1\" sizes=\"auto, 100vw\" loading=\"lazy\" \/>                <\/div>\n            \t\n            \t                <p class=\"el-title cbo-heading\">\n                \tConsumo de \u00e1gua -10 a 20%                <\/p>\n                \t\t\t<\/div>\n\n\t\t\t\n\t\t<\/div>\n\n\t\t<div class=\"productfeatures-content\">\n\t\t\t<div class=\"content-inner cbo-container container--padding cbo-cms cms--large cms--white\">\n\t\t\t\t<ul>\n<li>F\u00f3rmula : formula\u00e7\u00e3o SE<\/li>\n<li>Tipo de aplica\u00e7\u00e3o : Pulveriza\u00e7\u00e3o foliar<\/li>\n<li>Cultura: soja<\/li>\n<li>\u00c9poca de aplica\u00e7\u00e3o: 1l\/ha durante R1- R3<\/li>\n<li>Embalagem : 5L, 20L, 1000L<\/li>\n<\/ul>\n<p>&nbsp;<\/p>\n<h3>Pr\u00e9-requisitos e recomenda\u00e7\u00f5es<\/h3>\n<ul>\n<li>\u00a0 Respeite o protocolo de aplica\u00e7\u00e3o, incluindo a dosagem e o est\u00e1gio fenol\u00f3gico<\/li>\n<\/ul>\n<p>&nbsp;<\/p>\n<p style=\"font-size: 15px\">* Ganho m\u00e9dio de produtividade de 4,7 sacas de incremento em 41 \u00e1reas de pesquisa durante o per\u00edodo de 2021 a 2024.<\/p>\n\t\t\t<\/div>\n\t\t<\/div>\n\n\t<\/div>\n<\/section>\n\n\n\n<section class=\"cbo-productinfos cbo-accordion\">\n\t<div class=\"productinfos-inner cbo-container container--padding\">\n\n\t\t<div class=\"productinfos-list accordion-list\">\n\n\t\t\t\t\t\t<div class=\"list-el\">\n                <button type=\"button\" class=\"el-title cbo-title-4\">\n                    <span class=\"title-label\">\n                        Aplicativo                    <\/span>\n                    <span class=\"title-icon\"><\/span>\n                <\/button>\n                <div class=\"el-content cbo-cms\">\n                    <p><img decoding=\"async\" class=\"\" src=\"https:\/\/www.elicit-plant.com\/br\/wp-content\/uploads\/sites\/2\/2024\/09\/Protocole-application-EliZon-BR-2.png\" \/><\/p>\n<p style=\"font-size: 15px\">* Respeite um intervalo de 2 horas antes da chuva<\/p>\n<p><b>Prec<\/b><b>au\u00e7\u00f5es<\/b><\/p>\n<ul>\n<li>Para obter informa\u00e7\u00f5es sobre quest\u00f5es de compatibilidade, consulte seu consultor t\u00e9cnico.<\/li>\n<li><span data-teams=\"true\"><span class=\"ui-provider a b c d e f g h i j k l m n o p q r s t u v w x y z ab ac ae af ag ah ai aj ak\" dir=\"ltr\">Garanta condi\u00e7\u00f5es de pulveriza\u00e7\u00e3o adequadas, com umidade adequada <\/span><\/span>(&gt;70%, ou use um agente umectante), temperatura moderada (6-25\u00b0C), e evitar ventos fortes &lt;19 km\/h.<\/li>\n<\/ul>\n                <\/div>\n            <\/div>\n        \t\n        \t\t\t\t<div class=\"list-el\">\n                <button type=\"button\" class=\"el-title cbo-title-4\">\n                    <span class=\"title-label\">\n                        Usar                    <\/span>\n                    <span class=\"title-icon\"><\/span>\n                <\/button>\n                <div class=\"el-content cbo-cms\">\n                    <p>&nbsp;<\/p>\n<table style=\"border-collapse: collapse;width: 100%\">\n<tbody>\n<tr style=\"background-color: #3c7639\">\n<td style=\"width: 25%\"><span style=\"color: #ffffff\">Cultura<\/span><\/td>\n<td style=\"width: 25%\"><span style=\"color: #ffffff\">Dose (L\/ha)<\/span><\/td>\n<td style=\"width: 25%\"><span style=\"color: #ffffff\">N\u00famero de aplica\u00e7\u00f5es \/ ano<\/span><\/td>\n<td style=\"width: 25%\"><span style=\"color: #ffffff\">Est\u00e1gio da aplica\u00e7\u00e3o<\/span><\/td>\n<\/tr>\n<tr>\n<td style=\"width: 25%\">Soja<\/td>\n<td style=\"width: 25%\">1<\/td>\n<td style=\"width: 25%\">1<\/td>\n<td style=\"width: 25%\">1l\/ha durante R1- R3<\/td>\n<\/tr>\n<\/tbody>\n<\/table>\n<p>&nbsp;<\/p>\n                <\/div>\n            <\/div>\n        \t\n        \t\t\t\t<div class=\"list-el\">\n                <button type=\"button\" class=\"el-title cbo-title-4\">\n                    <span class=\"title-label\">\n                        Documenta\u00e7\u00e3o                    <\/span>\n                    <span class=\"title-icon\"><\/span>\n                <\/button>\n                <div class=\"el-content cbo-downloads\">\n                \t<div class=\"downloads-list\">\n\n                \t\t                \t\t<a class=\"list-el\" href=\"https:\/\/www.elicit-plant.com\/br\/wp-content\/uploads\/sites\/2\/2024\/12\/folder-elicit-elizon.pdf\" target=\"_blank\">\n\t\t                    <span class=\"el-inner\">\n\t\t                        <span class=\"el-picture cbo-picture-contain\">\n\t\t                            <img decoding=\"async\" src=\"https:\/\/www.elicit-plant.com\/app\/uploads\/sites\/2\/2024\/09\/Elicit-Plant-Fiche-EliZon-Ficha-Tecnica-226x320.jpg\" srcset=\"https:\/\/www.elicit-plant.com\/app\/uploads\/sites\/2\/2024\/09\/Elicit-Plant-Fiche-EliZon-Ficha-Tecnica.jpg 595w, https:\/\/www.elicit-plant.com\/app\/uploads\/sites\/2\/2024\/09\/Elicit-Plant-Fiche-EliZon-Ficha-Tecnica-226x320.jpg 226w, https:\/\/www.elicit-plant.com\/app\/uploads\/sites\/2\/2024\/09\/Elicit-Plant-Fiche-EliZon-Ficha-Tecnica-543x768.jpg 543w\" class=\"\" alt=\"Elicit Plant EliZon Ficha T\u00e9cnica\" width=\"226\" height=\"320\" sizes=\"auto, 100vw\" loading=\"lazy\" \/>\t\t                        <\/span>\n\n\t\t                        <span class=\"el-content\">\n\t                                <span class=\"content-uptitle cbo-uptitle\">\n\t                                    Document PDF\n\t                                <\/span>\n\n\t\t                            \t\t                                <span class=\"content-title cbo-title-4\">\n\t\t                                    Ficha T\u00e9cnica Elizon\t\t                                <\/span>\n\t\t                            \t\t                        <\/span>\n\n\t\t                        <i class=\"icon icon-download\"><\/i>\n\t\t                    <\/span>\n\t\t                <\/a>\n                \t\t\n                \t<\/div>\n                <\/div>\n            <\/div>\n        \t\n\t\t<\/div>\n\n\t<\/div>\n<\/section>\n\n\n\n<section class=\"cbo-textblocks\">\n    <div class=\"textblocks-inner cbo-container\">\n\n        \n\n        \n        <div class=\"textblocks-list\">\n                        \n                                    <span class=\"list-el scale-up\" data-delay=\"0\">\n                \n                    <span class=\"el-inner inner--colorgreendark cbo-cms cms--white\">\n                                                    <span class=\"el-icon cbo-picture-contain\">\n                                <img decoding=\"async\" src=\"https:\/\/www.elicit-plant.com\/app\/uploads\/sites\/2\/2024\/09\/icon-performance.svg\"  class=\"\" alt=\"Desempenho\" width=\"1\" height=\"1\" sizes=\"auto, 100vw\" loading=\"lazy\" \/>                            <\/span>\n                        \n                                                    <span class=\"el-title\">\n                                Desempenho                            <\/span>\n                        \n                                                    <span class=\"el-content\">\n                                Maximizar sua produtividade                            <\/span>\n                        \n                                            <\/span>\n\n                                    <\/span>\n                \n                        \n                                    <span class=\"list-el scale-up\" data-delay=\"100\">\n                \n                    <span class=\"el-inner inner--colorgreendark cbo-cms cms--white\">\n                                                    <span class=\"el-icon cbo-picture-contain\">\n                                <img decoding=\"async\" src=\"https:\/\/www.elicit-plant.com\/app\/uploads\/sites\/2\/2024\/09\/admin-ajax-2-277x320.png\" srcset=\"https:\/\/www.elicit-plant.com\/app\/uploads\/sites\/2\/2024\/09\/admin-ajax-2.png 519w, https:\/\/www.elicit-plant.com\/app\/uploads\/sites\/2\/2024\/09\/admin-ajax-2-277x320.png 277w\" class=\"\" alt=\"Optimizacao\" width=\"277\" height=\"320\" sizes=\"auto, 100vw\" loading=\"lazy\" \/>                            <\/span>\n                        \n                                                    <span class=\"el-title\">\n                                Otimiza\u00e7\u00e3o                            <\/span>\n                        \n                                                    <span class=\"el-content\">\n                                Otimiza os processos fisiol\u00f3gicos                            <\/span>\n                        \n                                            <\/span>\n\n                                    <\/span>\n                \n                        \n                                    <span class=\"list-el scale-up\" data-delay=\"200\">\n                \n                    <span class=\"el-inner inner--colorgreendark cbo-cms cms--white\">\n                                                    <span class=\"el-icon cbo-picture-contain\">\n                                <img decoding=\"async\" src=\"https:\/\/www.elicit-plant.com\/app\/uploads\/sites\/2\/2024\/09\/icon-resilience.svg\"  class=\"\" alt=\"Resiliencia\" width=\"1\" height=\"1\" sizes=\"auto, 100vw\" loading=\"lazy\" \/>                            <\/span>\n                        \n                                                    <span class=\"el-title\">\n                                Resili\u00eancia                            <\/span>\n                        \n                                                    <span class=\"el-content\">\n                                S\u00f3 uma aplica\u00e7\u00e3o com efeitos que duram at\u00e9 o final do ciclo                            <\/span>\n                        \n                                            <\/span>\n\n                                    <\/span>\n                \n                    <\/div>\n\n        \t\t\t<div class=\"textblocks-button\">\n\t\t\t\t\t\t\t<\/div>\n\t\t\n    <\/div>\n<\/section>\n\n<section class=\"cbo-productadvantages\">\n\n\t\t<div class=\"productadvantages-marquee\">\n\t\t<div class=\"cbo-marquee\">\n\t<div class=\"marquee-inner\">\n\t\t<div class=\"marquee-wrapper\">\n\t\t\t<span><strong>Facilidade para utilizar \u2013 Resultados demonstrados<\/strong><\/span>\n\t\t\t<span aria-hidden=\"true\"><strong>Facilidade para utilizar \u2013 Resultados demonstrados<\/strong><\/span>\n\t\t\t<span aria-hidden=\"true\"><strong>Facilidade para utilizar \u2013 Resultados demonstrados<\/strong><\/span>\n\t\t\t<span aria-hidden=\"true\"><strong>Facilidade para utilizar \u2013 Resultados demonstrados<\/strong><\/span>\n\t\t<\/div>\n\t<\/div>\n<\/div>\t<\/div>\n\t\n\t<div class=\"productadvantages-inner cbo-container\">\n\n\t\t\t\t<p class=\"productadvantages-description cbo-chapo\">\n\t\t\tOs fitoester\u00f3is s\u00e3o subst\u00e2ncias naturais que, quando aplicadas preventivamente fortalecem e melhoram a capacidade das plantas para resistir durante per\u00edodos mais cr\u00edticos de estresse at\u00e9 a colheita. <br \/>\r\n<br \/>\r\nAssim, a planta pode maximizar a efici\u00eancia fisiol\u00f3gica por meio de um modo de a\u00e7\u00e3o exclusivo. Acionando mecanismos naturais de prote\u00e7\u00e3o, o EliZon reduz o impacto do estresse, preservando a maior produtividade.\t\t<\/p>\n\t\t\n\t\t<div class=\"productadvantages-product\">\n\t\t\t<div class=\"product-picture\">\n\t\t\t\t<div class=\"picture-inner cbo-picture-contain\">\n\t\t\t\t\t<img decoding=\"async\" src=\"https:\/\/www.elicit-plant.com\/app\/uploads\/sites\/2\/2024\/09\/Elizon-oblique-320x263.png\" srcset=\"https:\/\/www.elicit-plant.com\/app\/uploads\/sites\/2\/2024\/09\/Elizon-oblique-320x263.png 320w, https:\/\/www.elicit-plant.com\/app\/uploads\/sites\/2\/2024\/09\/Elizon-oblique-768x632.png 768w, https:\/\/www.elicit-plant.com\/app\/uploads\/sites\/2\/2024\/09\/Elizon-oblique.png 1024w\" class=\"\" alt=\"Elizon soja\" width=\"320\" height=\"263\" sizes=\"auto, 100vw\" loading=\"lazy\" \/>\t\t\t\t<\/div>\n\t\t\t<\/div>\n\n\t\t\t<div class=\"product-list\">\n\t\t\t\t\n\t\t\t\t<div class=\"list-el\">\n\t\t\t\t\t<i class=\"icon icon-cross\"><\/i>\n\t\t\t\t\t<p class=\"el-title\">\n\t\t\t\t\t\tMaior desenvolvimento radicular\t\t\t\t\t<\/p>\n\t\t\t\t\t<p class=\"el-description\">\n\t\t\t\t\t\tManuten\u00e7\u00e3o da atividade dos n\u00f3dulos da soja, estimulando a presen\u00e7a de Microorganismos\t\t\t\t\t<\/p>\n\t\t\t\t<\/div>\n\n\t\t\t\t\n\t\t\t\t<div class=\"list-el\">\n\t\t\t\t\t<i class=\"icon icon-cross\"><\/i>\n\t\t\t\t\t<p class=\"el-title\">\n\t\t\t\t\t\tMaiores quantidades de vagens\t\t\t\t\t<\/p>\n\t\t\t\t\t<p class=\"el-description\">\n\t\t\t\t\t\t \t\t\t\t\t<\/p>\n\t\t\t\t<\/div>\n\n\t\t\t\t\n\t\t\t\t<div class=\"list-el\">\n\t\t\t\t\t<i class=\"icon icon-cross\"><\/i>\n\t\t\t\t\t<p class=\"el-title\">\n\t\t\t\t\t\tAumento da \u00e1rea foliar\t\t\t\t\t<\/p>\n\t\t\t\t\t<p class=\"el-description\">\n\t\t\t\t\t\t &amp; melhor vigor da planta\t\t\t\t\t<\/p>\n\t\t\t\t<\/div>\n\n\t\t\t\t\n\t\t\t\t<div class=\"list-el\">\n\t\t\t\t\t<i class=\"icon icon-cross\"><\/i>\n\t\t\t\t\t<p class=\"el-title\">\n\t\t\t\t\t\tMaior quantidades de gr\u00e3os por vagens\t\t\t\t\t<\/p>\n\t\t\t\t\t<p class=\"el-description\">\n\t\t\t\t\t\te os gr\u00e3os s\u00e3o mais pesados (PMG)\t\t\t\t\t<\/p>\n\t\t\t\t<\/div>\n\n\t\t\t\t\n\t\t\t\t<div class=\"list-el\">\n\t\t\t\t\t<i class=\"icon icon-cross\"><\/i>\n\t\t\t\t\t<p class=\"el-title\">\n\t\t\t\t\t\tMaior n\u00famero de n\u00f3s por planta\t\t\t\t\t<\/p>\n\t\t\t\t\t<p class=\"el-description\">\n\t\t\t\t\t\t \t\t\t\t\t<\/p>\n\t\t\t\t<\/div>\n\n\t\t\t\t\t\t\t<\/div>\n\t\t<\/div>\n\n\t<\/div>\n<\/section>\n\n<section class=\"cbo-productscience\">\n    <div class=\"productscience-inner cbo-container\">\n\n        <div class=\"productscience-picture\">\n            <div class=\"picture-main\">\n                <div class=\"main-inner cbo-picture-cover\">\n                <img decoding=\"async\" src=\"https:\/\/www.elicit-plant.com\/app\/uploads\/sites\/2\/2023\/08\/img-carrieres-header-320x320.jpg\" srcset=\"https:\/\/www.elicit-plant.com\/app\/uploads\/sites\/2\/2023\/08\/img-carrieres-header-320x320.jpg 320w, https:\/\/www.elicit-plant.com\/app\/uploads\/sites\/2\/2023\/08\/img-carrieres-header.jpg 768w, https:\/\/www.elicit-plant.com\/app\/uploads\/sites\/2\/2023\/08\/img-carrieres-header.jpg 1024w\" class=\"\" alt=\"\" width=\"320\" height=\"320\" sizes=\"auto, 100vw\" loading=\"lazy\" \/>                <\/div>\n            <\/div>\n\n                        <div class=\"picture-annex\">\n                <div class=\"annex-inner cbo-picture-cover\">\n                <img decoding=\"async\" src=\"https:\/\/www.elicit-plant.com\/app\/uploads\/sites\/2\/2023\/08\/img-offre-carriere-header-320x134.jpg\" srcset=\"https:\/\/www.elicit-plant.com\/app\/uploads\/sites\/2\/2023\/08\/img-offre-carriere-header-320x134.jpg 320w, https:\/\/www.elicit-plant.com\/app\/uploads\/sites\/2\/2023\/08\/img-offre-carriere-header-768x322.jpg 768w\" class=\"\" alt=\"\" width=\"320\" height=\"134\" sizes=\"auto, 100vw\" loading=\"lazy\" \/>                <\/div>\n            <\/div>\n                    <\/div>\n\n        <div class=\"productscience-content cbo-cms cms--large\">\n\n                        <h2 class=\"content-title cbo-title-2\">\n                A A\u00e7\u00e3o dos Fitoester\u00f3is            <\/h2>\n             \n            <p>O EliZon reduz o estresse h\u00eddrico por meio de processos naturais: esse produto exclusivo, em virtude de seu modo de a\u00e7\u00e3o e composi\u00e7\u00e3o, melhora a resili\u00eancia fisiol\u00f3gica das plantas ao estimular seu metabolismo. Uma vez no cora\u00e7\u00e3o da planta, os fitoester\u00f3is reduzem a evapotranspira\u00e7\u00e3o, promovem o crescimento das folhas e estimulam o desenvolvimento das ra\u00edzes, a fim de aproveitar os recursos h\u00eddricos adicionais. A aplica\u00e7\u00e3o do EliZon, portanto, prolonga o per\u00edodo antes que a planta atinja o ponto de murcha e sofra estresse h\u00eddrico. Como resultado, a planta expressa seu potencial com mais facilidade durante os per\u00edodos de escassez de \u00e1gua.<\/p>\n\n            <a\t\thref=\"https:\/\/www.elicit-plant.com\/br\/ciencia-e-tecnologia\/\"\n\ttarget=\"_self\"\n\t\n\t\n\tclass=\"cbo-button  button--normal\" >\n\tPara saber mais<\/a>\n        <\/div>\n\n    <\/div>\n<\/section>","protected":false},"featured_media":939,"template":"","meta":{"_acf_changed":true},"class_list":["post-869","product","type-product","status-publish","has-post-thumbnail","hentry"],"acf":[],"yoast_head":"<!-- This site is optimized with the Yoast SEO plugin v27.2 - https:\/\/yoast.com\/product\/yoast-seo-wordpress\/ -->\n<title>\ud83e\udedb EliZon : Limitador de estresse h\u00eddrico para soja - Elicit Plant<\/title>\n<meta name=\"description\" content=\"Mitigar a escassez de \u00e1gua em culturas de soja e aumentar a produtividade em tempos de seca com Elizon. Modo de a\u00e7\u00e3o natural!\" \/>\n<meta name=\"robots\" content=\"index, follow, max-snippet:-1, max-image-preview:large, max-video-preview:-1\" \/>\n<link rel=\"canonical\" href=\"https:\/\/www.elicit-plant.com\/br\/produtos\/elizon\/\" \/>\n<meta property=\"og:locale\" content=\"pt_BR\" \/>\n<meta property=\"og:type\" content=\"article\" \/>\n<meta property=\"og:title\" content=\"\ud83e\udedb EliZon : Limitador de estresse h\u00eddrico para soja - Elicit Plant\" \/>\n<meta property=\"og:description\" content=\"Mitigar a escassez de \u00e1gua em culturas de soja e aumentar a produtividade em tempos de seca com Elizon. Modo de a\u00e7\u00e3o natural!\" \/>\n<meta property=\"og:url\" content=\"https:\/\/www.elicit-plant.com\/br\/produtos\/elizon\/\" \/>\n<meta property=\"og:site_name\" content=\"Elicit Plant Brasil\" \/>\n<meta property=\"article:modified_time\" content=\"2024-12-04T17:02:39+00:00\" \/>\n<meta property=\"og:image\" content=\"https:\/\/www.elicit-plant.com\/br\/wp-content\/uploads\/sites\/2\/2024\/09\/Elizon-soja-Biais.png\" \/>\n\t<meta property=\"og:image:width\" content=\"875\" \/>\n\t<meta property=\"og:image:height\" content=\"1179\" \/>\n\t<meta property=\"og:image:type\" content=\"image\/png\" \/>\n<meta name=\"twitter:card\" content=\"summary_large_image\" \/>\n<meta name=\"twitter:label1\" content=\"Est. tempo de leitura\" \/>\n\t<meta name=\"twitter:data1\" content=\"1 minuto\" \/>\n<script type=\"application\/ld+json\" class=\"yoast-schema-graph\">{\"@context\":\"https:\/\/schema.org\",\"@graph\":[{\"@type\":\"WebPage\",\"@id\":\"https:\/\/www.elicit-plant.com\/br\/produtos\/elizon\/\",\"url\":\"https:\/\/www.elicit-plant.com\/br\/produtos\/elizon\/\",\"name\":\"\ud83e\udedb EliZon : Limitador de estresse h\u00eddrico para soja - Elicit Plant\",\"isPartOf\":{\"@id\":\"https:\/\/www.elicit-plant.com\/br\/#website\"},\"primaryImageOfPage\":{\"@id\":\"https:\/\/www.elicit-plant.com\/br\/produtos\/elizon\/#primaryimage\"},\"image\":{\"@id\":\"https:\/\/www.elicit-plant.com\/br\/produtos\/elizon\/#primaryimage\"},\"thumbnailUrl\":\"https:\/\/www.elicit-plant.com\/app\/uploads\/sites\/2\/2024\/09\/Elizon-soja-Biais.png\",\"datePublished\":\"2024-09-24T08:46:49+00:00\",\"dateModified\":\"2024-12-04T17:02:39+00:00\",\"description\":\"Mitigar a escassez de \u00e1gua em culturas de soja e aumentar a produtividade em tempos de seca com Elizon. Modo de a\u00e7\u00e3o natural!\",\"inLanguage\":\"pt-BR\",\"potentialAction\":[{\"@type\":\"ReadAction\",\"target\":[\"https:\/\/www.elicit-plant.com\/br\/produtos\/elizon\/\"]}]},{\"@type\":\"ImageObject\",\"inLanguage\":\"pt-BR\",\"@id\":\"https:\/\/www.elicit-plant.com\/br\/produtos\/elizon\/#primaryimage\",\"url\":\"https:\/\/www.elicit-plant.com\/app\/uploads\/sites\/2\/2024\/09\/Elizon-soja-Biais.png\",\"contentUrl\":\"https:\/\/www.elicit-plant.com\/app\/uploads\/sites\/2\/2024\/09\/Elizon-soja-Biais.png\",\"width\":875,\"height\":1179,\"caption\":\"Elizon soja\"},{\"@type\":\"WebSite\",\"@id\":\"https:\/\/www.elicit-plant.com\/br\/#website\",\"url\":\"https:\/\/www.elicit-plant.com\/br\/\",\"name\":\"Elicit Plant\",\"description\":\"\",\"potentialAction\":[{\"@type\":\"SearchAction\",\"target\":{\"@type\":\"EntryPoint\",\"urlTemplate\":\"https:\/\/www.elicit-plant.com\/br\/?s={search_term_string}\"},\"query-input\":{\"@type\":\"PropertyValueSpecification\",\"valueRequired\":true,\"valueName\":\"search_term_string\"}}],\"inLanguage\":\"pt-BR\"}]}<\/script>\n<!-- \/ Yoast SEO plugin. -->","yoast_head_json":{"title":"\ud83e\udedb EliZon : Limitador de estresse h\u00eddrico para soja - Elicit Plant","description":"Mitigar a escassez de \u00e1gua em culturas de soja e aumentar a produtividade em tempos de seca com Elizon. Modo de a\u00e7\u00e3o natural!","robots":{"index":"index","follow":"follow","max-snippet":"max-snippet:-1","max-image-preview":"max-image-preview:large","max-video-preview":"max-video-preview:-1"},"canonical":"https:\/\/www.elicit-plant.com\/br\/produtos\/elizon\/","og_locale":"pt_BR","og_type":"article","og_title":"\ud83e\udedb EliZon : Limitador de estresse h\u00eddrico para soja - Elicit Plant","og_description":"Mitigar a escassez de \u00e1gua em culturas de soja e aumentar a produtividade em tempos de seca com Elizon. Modo de a\u00e7\u00e3o natural!","og_url":"https:\/\/www.elicit-plant.com\/br\/produtos\/elizon\/","og_site_name":"Elicit Plant Brasil","article_modified_time":"2024-12-04T17:02:39+00:00","og_image":[{"width":875,"height":1179,"url":"https:\/\/www.elicit-plant.com\/br\/wp-content\/uploads\/sites\/2\/2024\/09\/Elizon-soja-Biais.png","type":"image\/png"}],"twitter_card":"summary_large_image","twitter_misc":{"Est. tempo de leitura":"1 minuto"},"schema":{"@context":"https:\/\/schema.org","@graph":[{"@type":"WebPage","@id":"https:\/\/www.elicit-plant.com\/br\/produtos\/elizon\/","url":"https:\/\/www.elicit-plant.com\/br\/produtos\/elizon\/","name":"\ud83e\udedb EliZon : Limitador de estresse h\u00eddrico para soja - Elicit Plant","isPartOf":{"@id":"https:\/\/www.elicit-plant.com\/br\/#website"},"primaryImageOfPage":{"@id":"https:\/\/www.elicit-plant.com\/br\/produtos\/elizon\/#primaryimage"},"image":{"@id":"https:\/\/www.elicit-plant.com\/br\/produtos\/elizon\/#primaryimage"},"thumbnailUrl":"https:\/\/www.elicit-plant.com\/app\/uploads\/sites\/2\/2024\/09\/Elizon-soja-Biais.png","datePublished":"2024-09-24T08:46:49+00:00","dateModified":"2024-12-04T17:02:39+00:00","description":"Mitigar a escassez de \u00e1gua em culturas de soja e aumentar a produtividade em tempos de seca com Elizon. Modo de a\u00e7\u00e3o natural!","inLanguage":"pt-BR","potentialAction":[{"@type":"ReadAction","target":["https:\/\/www.elicit-plant.com\/br\/produtos\/elizon\/"]}]},{"@type":"ImageObject","inLanguage":"pt-BR","@id":"https:\/\/www.elicit-plant.com\/br\/produtos\/elizon\/#primaryimage","url":"https:\/\/www.elicit-plant.com\/app\/uploads\/sites\/2\/2024\/09\/Elizon-soja-Biais.png","contentUrl":"https:\/\/www.elicit-plant.com\/app\/uploads\/sites\/2\/2024\/09\/Elizon-soja-Biais.png","width":875,"height":1179,"caption":"Elizon soja"},{"@type":"WebSite","@id":"https:\/\/www.elicit-plant.com\/br\/#website","url":"https:\/\/www.elicit-plant.com\/br\/","name":"Elicit Plant","description":"","potentialAction":[{"@type":"SearchAction","target":{"@type":"EntryPoint","urlTemplate":"https:\/\/www.elicit-plant.com\/br\/?s={search_term_string}"},"query-input":{"@type":"PropertyValueSpecification","valueRequired":true,"valueName":"search_term_string"}}],"inLanguage":"pt-BR"}]}},"_links":{"self":[{"href":"https:\/\/www.elicit-plant.com\/br\/wp-json\/wp\/v2\/product\/869","targetHints":{"allow":["GET"]}}],"collection":[{"href":"https:\/\/www.elicit-plant.com\/br\/wp-json\/wp\/v2\/product"}],"about":[{"href":"https:\/\/www.elicit-plant.com\/br\/wp-json\/wp\/v2\/types\/product"}],"wp:featuredmedia":[{"embeddable":true,"href":"https:\/\/www.elicit-plant.com\/br\/wp-json\/wp\/v2\/media\/939"}],"wp:attachment":[{"href":"https:\/\/www.elicit-plant.com\/br\/wp-json\/wp\/v2\/media?parent=869"}],"curies":[{"name":"wp","href":"https:\/\/api.w.org\/{rel}","templated":true}]}}