{"id":15,"date":"2025-01-07T14:12:46","date_gmt":"2025-01-07T13:12:46","guid":{"rendered":"https:\/\/www.elicit-plant.com\/de\/?page_id=15"},"modified":"2025-01-27T11:22:37","modified_gmt":"2025-01-27T10:22:37","slug":"die-eliterra-forschungsplattform","status":"publish","type":"page","link":"https:\/\/www.elicit-plant.com\/de\/wissenschaft-und-technik-rund-um-phytosterine\/die-eliterra-forschungsplattform\/","title":{"rendered":"Die EliTerra\u00ae-Forschungsplattform"},"content":{"rendered":"<section class=\"cbo-hero cbo-margin-container hero--colorgreen\" data-anim-group>\n\t<div class=\"cbo-breadcrumbs breadcrumbs--normal\">\n  <div class=\"breadcrumbs-inner\">\n    <span><span><a href=\"https:\/\/www.elicit-plant.com\/de\/\">Accueil<\/a><\/span><\/span>\t<\/div>\n<\/div>\n\t<div class=\"hero-inner cbo-container container--padding\">\n\n\t\t<div class=\"hero-shapes\">\n\t\t\t<div class=\"shapes-color scale-up\"><\/div>\n\n\t\t\t<div class=\"shapes-picture cbo-picture-cover scale-up\"  data-delay=\"450\">\n\t\t\t\t<img decoding=\"async\" src=\"https:\/\/www.elicit-plant.com\/app\/uploads\/sites\/11\/2025\/01\/agronomical-scientist-1-320x320.jpg\" srcset=\"https:\/\/www.elicit-plant.com\/app\/uploads\/sites\/11\/2025\/01\/agronomical-scientist-1-320x320.jpg 320w, https:\/\/www.elicit-plant.com\/app\/uploads\/sites\/11\/2025\/01\/agronomical-scientist-1.jpg 768w\" class=\"\" alt=\"\" width=\"320\" height=\"320\" sizes=\"auto, 100vw\" loading=\"lazy\" \/>\t\t\t<\/div>\n\t\t<\/div>\n\n\t\t<div class=\"hero-content cbo-cms cms--large cms--white\">\n\t\t\t<div class=\"content-text\">\n\t\t\t\t<h1 class=\"hero-title cbo-heading slide-down\">\n\t\t\t\t\tDie EliTerra\u00ae-Forschungsplattform\t\t\t\t<\/h1>\n\n\t\t\t\t\t\t\t<\/div>\n\t\t<\/div>\n\n\t<\/div>\n<\/section>\n\n<section class=\"cbo-text cbo-margin-container\">\n    <div class=\"\n        text-inner\n                cbo-container\n        container--small        \"\n    >\n        <div class=\"text-content cbo-cms cms--large\">\n            <p><img loading=\"lazy\" decoding=\"async\" class=\"\" src=\"https:\/\/www.elicit-plant.com\/wp-content\/uploads\/2024\/02\/EliTerra-Logo-transparent.png\" alt=\"EliTerra, Technologic Platform\" width=\"609\" height=\"149\" \/><\/p>\n<h2><strong>EliTerra, die Technologieplattform von Elicit Plant<\/strong><\/h2>\n\n            <div style=\"clear: both;\"><\/div>\n        <\/div>\n    <\/div>\n<\/section>\n\n\n<section class=\"cbo-picture picture--contained\">\n\t<div class=\"picture-inner cbo-container container--small\">\n\t\t<div class=\"picture-element cbo-picture-cover\">\n\t\t\t<img decoding=\"async\" src=\"https:\/\/www.elicit-plant.com\/app\/uploads\/sites\/11\/2025\/01\/Eliterra-Platform-1024x566.png\" srcset=\"https:\/\/www.elicit-plant.com\/app\/uploads\/sites\/11\/2025\/01\/Eliterra-Platform-320x177.png 320w, https:\/\/www.elicit-plant.com\/app\/uploads\/sites\/11\/2025\/01\/Eliterra-Platform-768x425.png 840w, https:\/\/www.elicit-plant.com\/app\/uploads\/sites\/11\/2025\/01\/Eliterra-Platform-1024x566.png 1024w, https:\/\/www.elicit-plant.com\/app\/uploads\/sites\/11\/2025\/01\/Eliterra-Platform-1400x774.png 1400w\" class=\"\" alt=\"Eliterra-Plattform\" width=\"1024\" height=\"566\" sizes=\"auto, 100vw\" loading=\"lazy\" \/>\t\t<\/div>\n\n\t\t\t<\/div>\n<\/section>\n\n<section class=\"cbo-textpicture textpicture--reverse\">\n    <div class=\"textpicture-inner cbo-container container--small\">\n\n        <div class=\"textpicture-picture\">\n            <div class=\"picture-inner cbo-picture-cover\">\n                <img decoding=\"async\" src=\"https:\/\/www.elicit-plant.com\/app\/uploads\/sites\/11\/2025\/01\/Leaf-stomates-close-up-320x320.jpg\" srcset=\"https:\/\/www.elicit-plant.com\/app\/uploads\/sites\/11\/2025\/01\/Leaf-stomates-close-up-320x320.jpg 320w, https:\/\/www.elicit-plant.com\/app\/uploads\/sites\/11\/2025\/01\/Leaf-stomates-close-up.jpg 768w, https:\/\/www.elicit-plant.com\/app\/uploads\/sites\/11\/2025\/01\/Leaf-stomates-close-up.jpg 1024w\" class=\"\" alt=\"Blattstomata in Nahaufnahme\" width=\"320\" height=\"320\" sizes=\"auto, 100vw\" loading=\"lazy\" \/>            <\/div>\n        <\/div>\n\n        <div class=\"textpicture-content cbo-cms cms--large\">\n                            <picture class=\"content-icon cbo-picture-contain\">\n                    <img decoding=\"async\" src=\"https:\/\/www.elicit-plant.com\/app\/uploads\/sites\/11\/2025\/01\/icon-reasurance.svg\"  class=\"\" alt=\"Icon\" width=\"1\" height=\"1\" sizes=\"auto, 100vw\" loading=\"lazy\" \/>                <\/picture>\n            \n            \n            <p class=\"cbo-chapo\">Erhebliches Forschungspotenzial<\/p>\n<ul>\n<li>Es gibt eine Vielzahl von Phytosterinen, und jede Pflanzenart hat unterschiedliche Kombinationen, mit denen sie auf Stress reagiert.<\/li>\n<li>Unsere Forscher w\u00e4hlen und entwickeln die wirksamste Formulierung je nach der erforderlichen L\u00f6sung und den Ergebnissen, die wir auf den Feldern der Landwirte erzielen wollen.<\/li>\n<\/ul>\n        <\/div>\n\n    <\/div>\n<\/section>\n\n\n<section class=\"cbo-quote\">\n    <div class=\"quote-inner cbo-container container--small\">\n\n        <div class=\"quote-infos\">\n            <i class=\"icon icon-quote\"><\/i>\n\n                            BENOIT POINSSOT, PROFESSOR UND FORSCHER BEI UMR AGRO\u00c9COLOGIE (INRAE, UNIVERSIT\u00c4T VON BURGUND, L&#8217;INSTITUT AGRO DIJON)                    <\/div>\n       \n        <div class=\"quote-content cbo-title-3\">\n\t\t\tEs gibt nicht nur ein Phytosterin, sondern viele. In der Natur gibt es mehr als 200, die jeweils stress- und artspezifisch sind. Phytosterine sind keineswegs eine allumfassende Universall\u00f6sung, und wie gut sie bei den Pflanzen wirken, h\u00e4ngt nicht nur von ihrer Vielfalt ab, sondern auch davon, wie sie kombiniert werden, und nat\u00fcrlich von der Formulierung. Die EliTerra\u00ae-Plattform bietet daher ein enormes Potenzial f\u00fcr die Produktentwicklung.\t\t<\/div>\n    <\/div>\n<\/section>\n\n<section class=\"cbo-text cbo-margin-container\">\n    <div class=\"\n        text-inner\n                cbo-container\n        container--small        \"\n    >\n        <div class=\"text-content cbo-cms cms--large\">\n            <p>Unter Verwendung von Metabolom-, Transkriptom- und ph\u00e4notypischen Analysetechnologien f\u00fchrt Elicit Plant Forschungsarbeiten zur Auswahl nat\u00fcrlicher Wirkstoffe durch, die auf Umweltbelastungen ausgerichtet sind.<\/p>\n<p>In den Labors und Anbaukammern von Elicit Plant arbeiten Wissenschaftler und Agronomen zusammen, <strong>um verschiedene Phytosterin-Gleichgewichte zu untersuchen<\/strong>, die Funktionsweise unserer Wirkstoffe zu verstehen und die jeweiligen physikalischen und biologischen Zielprozesse von Substanzen auf Phytosterinbasis zu identifizieren.<\/p>\n<p>Die <strong>Technologieplattform EliTerra\u00ae<\/strong> ist das Ergebnis dieser Forschung \u00fcber <strong>Phytosterine und ihre Rolle bei der Stressresistenz von Feldkulturen<\/strong> (Mais, Weizen, Gerste, Sonnenblumen, Sojabohnen usw.).<\/p>\n\n            <div style=\"clear: both;\"><\/div>\n        <\/div>\n    <\/div>\n<\/section>\n\n\n<section class=\"cbo-textpicture textpicture--normal\">\n    <div class=\"textpicture-inner cbo-container container--small\">\n\n        <div class=\"textpicture-picture\">\n            <div class=\"picture-inner cbo-picture-cover\">\n                <img decoding=\"async\" src=\"https:\/\/www.elicit-plant.com\/app\/uploads\/sites\/11\/2025\/01\/Phytosterols-multiples-768x768-1-320x320.jpg\" srcset=\"https:\/\/www.elicit-plant.com\/app\/uploads\/sites\/11\/2025\/01\/Phytosterols-multiples-768x768-1-320x320.jpg 320w, https:\/\/www.elicit-plant.com\/app\/uploads\/sites\/11\/2025\/01\/Phytosterols-multiples-768x768-1.jpg 768w, https:\/\/www.elicit-plant.com\/app\/uploads\/sites\/11\/2025\/01\/Phytosterols-multiples-768x768-1.jpg 1024w\" class=\"\" alt=\"Phytosterole\" width=\"320\" height=\"320\" sizes=\"auto, 100vw\" loading=\"lazy\" \/>            <\/div>\n        <\/div>\n\n        <div class=\"textpicture-content cbo-cms cms--large\">\n            \n            \n            <ul>\n<li>Der von den Elicit Plant Labors und ihren wissenschaftlichen Partnern angewandte Entdeckungs- und Validierungsprozess hat zur Identifizierung neuer Formulierungen gef\u00fchrt, die sich aus verschiedenen Phytosterinen zusammensetzen, um die Auswirkungen des Klimawandels auf Feldkulturen gezielt und wirksam zu bek\u00e4mpfen.<\/li>\n<li>Das Potenzial f\u00fcr die Entwicklung neuer stress- und artspezifischer Produkte mit der EliTerra\u00ae-Technologieplattform ist enorm. Mit der daraus resultierenden Produkt-Roadmap k\u00f6nnen wir eine breite Kulturenpalette auf allen Kontinenten abdecken.<\/li>\n<\/ul>\n        <\/div>\n\n    <\/div>\n<\/section>\n\n<section class=\"cbo-featuredlinks featuredlinks--colorwhite\">\n\t<div class=\"featuredlinks-inner cbo-container \">\n\n\t\t\t\t\t<h2 class=\"cbo-title-2 featuredlinks-title\">\n\t\t\t\tErfahren Sie mehr \u00fcber unsere Forschung\t\t\t<\/h2>\n\t\t\n\t\t<div class=\"featuredlinks-list\" data-anim-group data-group-delay=\"100\">\n\t\t\t\n\t\t\t<div class=\"list-el\">\n\t\t\t\t<a class=\"el-inner\" href=\"https:\/\/www.elicit-plant.com\/de\/wissenschaft-und-technik-rund-um-phytosterine\/\">\n\n\t\t\t\t\t<figure class=\"inner-picture cbo-picture-cover\">\n\t\t\t\t\t\t<img decoding=\"async\" src=\"https:\/\/www.elicit-plant.com\/app\/uploads\/sites\/11\/2025\/01\/close-up-icture-of-stomates.jpg\" srcset=\"https:\/\/www.elicit-plant.com\/app\/uploads\/sites\/11\/2025\/01\/close-up-icture-of-stomates-320x320.jpg 320w, https:\/\/www.elicit-plant.com\/app\/uploads\/sites\/11\/2025\/01\/close-up-icture-of-stomates.jpg 840w, https:\/\/www.elicit-plant.com\/app\/uploads\/sites\/11\/2025\/01\/close-up-icture-of-stomates.jpg 1024w, https:\/\/www.elicit-plant.com\/app\/uploads\/sites\/11\/2025\/01\/close-up-icture-of-stomates.jpg 1400w\" class=\"\" alt=\"Nahaufnahme der Spalt\u00f6ffnungen\" width=\"456\" height=\"456\" sizes=\"auto, 100vw\" loading=\"lazy\" \/>\t\t\t\t\t<\/figure>\n\n\t\t\t\t\t<h3 class=\"inner-title cbo-title-3\">\n\t\t\t\t\t\tMehr \u00fcber Phytosterine erfahren\t\t\t\t\t<\/h3>\n\n\t\t\t\t\t<span class=\"inner-button cbo-buttonmore\">\n\t\t\t\t\t\t<i class=\"icon icon-cross\"><\/i>\n\t\t\t\t\t<\/span>\n\t\t\t\t<\/a>\n\t\t\t<\/div>\n\n\t\t\t\n\t\t\t<div class=\"list-el\">\n\t\t\t\t<a class=\"el-inner\" href=\"https:\/\/www.elicit-plant.com\/de\/unser-unternehmen\/\">\n\n\t\t\t\t\t<figure class=\"inner-picture cbo-picture-cover\">\n\t\t\t\t\t\t<img decoding=\"async\" src=\"https:\/\/www.elicit-plant.com\/app\/uploads\/sites\/11\/2025\/01\/partnership-between-farmers.jpg\" srcset=\"https:\/\/www.elicit-plant.com\/app\/uploads\/sites\/11\/2025\/01\/partnership-between-farmers-320x205.jpg 320w, https:\/\/www.elicit-plant.com\/app\/uploads\/sites\/11\/2025\/01\/partnership-between-farmers.jpg 840w, https:\/\/www.elicit-plant.com\/app\/uploads\/sites\/11\/2025\/01\/partnership-between-farmers.jpg 1024w, https:\/\/www.elicit-plant.com\/app\/uploads\/sites\/11\/2025\/01\/partnership-between-farmers.jpg 1400w\" class=\"\" alt=\"Partnerschaft zwischen Landwirten\" width=\"624\" height=\"400\" sizes=\"auto, 100vw\" loading=\"lazy\" \/>\t\t\t\t\t<\/figure>\n\n\t\t\t\t\t<h3 class=\"inner-title cbo-title-3\">\n\t\t\t\t\t\tUnsere wissenschaftlichen Partnerschaften\t\t\t\t\t<\/h3>\n\n\t\t\t\t\t<span class=\"inner-button cbo-buttonmore\">\n\t\t\t\t\t\t<i class=\"icon icon-cross\"><\/i>\n\t\t\t\t\t<\/span>\n\t\t\t\t<\/a>\n\t\t\t<\/div>\n\n\t\t\t\t\t<\/div>\n\n\t<\/div>\n<\/section>\n","protected":false},"excerpt":{"rendered":"<p>EliTerra, die Technologieplattform von Elicit Plant Erhebliches Forschungspotenzial Es gibt eine Vielzahl von Phytosterinen, und jede Pflanzenart hat unterschiedliche Kombinationen, mit denen sie auf Stress reagiert. Unsere Forscher w\u00e4hlen und entwickeln die wirksamste Formulierung je nach der erforderlichen L\u00f6sung und den Ergebnissen, die wir auf den Feldern der Landwirte erzielen wollen. Unter Verwendung von Metabolom-, Transkriptom- und ph\u00e4notypischen Analysetechnologien f\u00fchrt Elicit Plant Forschungsarbeiten zur Auswahl nat\u00fcrlicher Wirkstoffe durch, die auf Umweltbelastungen ausgerichtet sind. In den Labors und Anbaukammern von Elicit Plant arbeiten Wissenschaftler und Agronomen zusammen, um verschiedene Phytosterin-Gleichgewichte zu untersuchen, die Funktionsweise unserer Wirkstoffe zu verstehen und die jeweiligen physikalischen und biologischen Zielprozesse von Substanzen auf Phytosterinbasis zu identifizieren. Die Technologieplattform EliTerra\u00ae ist das Ergebnis dieser&#8230;<\/p>\n","protected":false},"author":6,"featured_media":229,"parent":11,"menu_order":0,"comment_status":"closed","ping_status":"closed","template":"","meta":{"_acf_changed":false,"footnotes":""},"class_list":["post-15","page","type-page","status-publish","has-post-thumbnail","hentry"],"acf":[],"yoast_head":"<!-- This site is optimized with the Yoast SEO plugin v27.2 - https:\/\/yoast.com\/product\/yoast-seo-wordpress\/ -->\n<title>EliTerra\u00ae: Die Elicit Plant Technologieplattform - Elicit Plant Deutschland<\/title>\n<meta name=\"description\" content=\"Entdecken Sie EliTerra\u00ae, das Ergebnis der Forschung \u00fcber Phytosterine und ihre Rolle bei der Stressresistenz von Feldkulturen (Mais, Weizen, Gerste, Sonnenblumen, Sojabohnen usw.).\" \/>\n<meta name=\"robots\" content=\"index, follow, max-snippet:-1, max-image-preview:large, max-video-preview:-1\" \/>\n<link rel=\"canonical\" href=\"https:\/\/www.elicit-plant.com\/de\/wissenschaft-und-technik-rund-um-phytosterine\/die-eliterra-forschungsplattform\/\" \/>\n<meta property=\"og:locale\" content=\"de_DE\" \/>\n<meta property=\"og:type\" content=\"article\" \/>\n<meta property=\"og:title\" content=\"EliTerra\u00ae: Die Elicit Plant Technologieplattform - Elicit Plant Deutschland\" \/>\n<meta property=\"og:description\" content=\"Entdecken Sie EliTerra\u00ae, das Ergebnis der Forschung \u00fcber Phytosterine und ihre Rolle bei der Stressresistenz von Feldkulturen (Mais, Weizen, Gerste, Sonnenblumen, Sojabohnen usw.).\" \/>\n<meta property=\"og:url\" content=\"https:\/\/www.elicit-plant.com\/de\/wissenschaft-und-technik-rund-um-phytosterine\/die-eliterra-forschungsplattform\/\" \/>\n<meta property=\"og:site_name\" content=\"Elicit Plant Deutschland\" \/>\n<meta property=\"article:modified_time\" content=\"2025-01-27T10:22:37+00:00\" \/>\n<meta property=\"og:image\" content=\"https:\/\/www.elicit-plant.com\/de\/wp-content\/uploads\/sites\/11\/2025\/01\/agronomical-scientist-1.jpg\" \/>\n\t<meta property=\"og:image:width\" content=\"402\" \/>\n\t<meta property=\"og:image:height\" content=\"403\" \/>\n\t<meta property=\"og:image:type\" content=\"image\/jpeg\" \/>\n<meta name=\"twitter:card\" content=\"summary_large_image\" \/>\n<meta name=\"twitter:label1\" content=\"Gesch\u00e4tzte Lesezeit\" \/>\n\t<meta name=\"twitter:data1\" content=\"1\u00a0Minute\" \/>\n<script type=\"application\/ld+json\" class=\"yoast-schema-graph\">{\"@context\":\"https:\/\/schema.org\",\"@graph\":[{\"@type\":\"WebPage\",\"@id\":\"https:\/\/www.elicit-plant.com\/de\/wissenschaft-und-technik-rund-um-phytosterine\/die-eliterra-forschungsplattform\/\",\"url\":\"https:\/\/www.elicit-plant.com\/de\/wissenschaft-und-technik-rund-um-phytosterine\/die-eliterra-forschungsplattform\/\",\"name\":\"EliTerra\u00ae: Die Elicit Plant Technologieplattform - Elicit Plant Deutschland\",\"isPartOf\":{\"@id\":\"https:\/\/www.elicit-plant.com\/de\/#website\"},\"primaryImageOfPage\":{\"@id\":\"https:\/\/www.elicit-plant.com\/de\/wissenschaft-und-technik-rund-um-phytosterine\/die-eliterra-forschungsplattform\/#primaryimage\"},\"image\":{\"@id\":\"https:\/\/www.elicit-plant.com\/de\/wissenschaft-und-technik-rund-um-phytosterine\/die-eliterra-forschungsplattform\/#primaryimage\"},\"thumbnailUrl\":\"https:\/\/www.elicit-plant.com\/app\/uploads\/sites\/11\/2025\/01\/agronomical-scientist-1.jpg\",\"datePublished\":\"2025-01-07T13:12:46+00:00\",\"dateModified\":\"2025-01-27T10:22:37+00:00\",\"description\":\"Entdecken Sie EliTerra\u00ae, das Ergebnis der Forschung \u00fcber Phytosterine und ihre Rolle bei der Stressresistenz von Feldkulturen (Mais, Weizen, Gerste, Sonnenblumen, Sojabohnen usw.).\",\"breadcrumb\":{\"@id\":\"https:\/\/www.elicit-plant.com\/de\/wissenschaft-und-technik-rund-um-phytosterine\/die-eliterra-forschungsplattform\/#breadcrumb\"},\"inLanguage\":\"de\",\"potentialAction\":[{\"@type\":\"ReadAction\",\"target\":[\"https:\/\/www.elicit-plant.com\/de\/wissenschaft-und-technik-rund-um-phytosterine\/die-eliterra-forschungsplattform\/\"]}]},{\"@type\":\"ImageObject\",\"inLanguage\":\"de\",\"@id\":\"https:\/\/www.elicit-plant.com\/de\/wissenschaft-und-technik-rund-um-phytosterine\/die-eliterra-forschungsplattform\/#primaryimage\",\"url\":\"https:\/\/www.elicit-plant.com\/app\/uploads\/sites\/11\/2025\/01\/agronomical-scientist-1.jpg\",\"contentUrl\":\"https:\/\/www.elicit-plant.com\/app\/uploads\/sites\/11\/2025\/01\/agronomical-scientist-1.jpg\",\"width\":402,\"height\":403,\"caption\":\"Agrarwissenschaftler\"},{\"@type\":\"BreadcrumbList\",\"@id\":\"https:\/\/www.elicit-plant.com\/de\/wissenschaft-und-technik-rund-um-phytosterine\/die-eliterra-forschungsplattform\/#breadcrumb\",\"itemListElement\":[{\"@type\":\"ListItem\",\"position\":1,\"name\":\"Accueil\",\"item\":\"https:\/\/www.elicit-plant.com\/de\/\"},{\"@type\":\"ListItem\",\"position\":2,\"name\":\"Wissenschaft und Technik rund um Phytosterine\",\"item\":\"https:\/\/www.elicit-plant.com\/de\/wissenschaft-und-technik-rund-um-phytosterine\/\"},{\"@type\":\"ListItem\",\"position\":3,\"name\":\"Die EliTerra\u00ae-Forschungsplattform\"}]},{\"@type\":\"WebSite\",\"@id\":\"https:\/\/www.elicit-plant.com\/de\/#website\",\"url\":\"https:\/\/www.elicit-plant.com\/de\/\",\"name\":\"Elicit Plant Deutschland\",\"description\":\"\",\"potentialAction\":[{\"@type\":\"SearchAction\",\"target\":{\"@type\":\"EntryPoint\",\"urlTemplate\":\"https:\/\/www.elicit-plant.com\/de\/?s={search_term_string}\"},\"query-input\":{\"@type\":\"PropertyValueSpecification\",\"valueRequired\":true,\"valueName\":\"search_term_string\"}}],\"inLanguage\":\"de\"}]}<\/script>\n<!-- \/ Yoast SEO plugin. -->","yoast_head_json":{"title":"EliTerra\u00ae: Die Elicit Plant Technologieplattform - Elicit Plant Deutschland","description":"Entdecken Sie EliTerra\u00ae, das Ergebnis der Forschung \u00fcber Phytosterine und ihre Rolle bei der Stressresistenz von Feldkulturen (Mais, Weizen, Gerste, Sonnenblumen, Sojabohnen usw.).","robots":{"index":"index","follow":"follow","max-snippet":"max-snippet:-1","max-image-preview":"max-image-preview:large","max-video-preview":"max-video-preview:-1"},"canonical":"https:\/\/www.elicit-plant.com\/de\/wissenschaft-und-technik-rund-um-phytosterine\/die-eliterra-forschungsplattform\/","og_locale":"de_DE","og_type":"article","og_title":"EliTerra\u00ae: Die Elicit Plant Technologieplattform - Elicit Plant Deutschland","og_description":"Entdecken Sie EliTerra\u00ae, das Ergebnis der Forschung \u00fcber Phytosterine und ihre Rolle bei der Stressresistenz von Feldkulturen (Mais, Weizen, Gerste, Sonnenblumen, Sojabohnen usw.).","og_url":"https:\/\/www.elicit-plant.com\/de\/wissenschaft-und-technik-rund-um-phytosterine\/die-eliterra-forschungsplattform\/","og_site_name":"Elicit Plant Deutschland","article_modified_time":"2025-01-27T10:22:37+00:00","og_image":[{"width":402,"height":403,"url":"https:\/\/www.elicit-plant.com\/de\/wp-content\/uploads\/sites\/11\/2025\/01\/agronomical-scientist-1.jpg","type":"image\/jpeg"}],"twitter_card":"summary_large_image","twitter_misc":{"Gesch\u00e4tzte Lesezeit":"1\u00a0Minute"},"schema":{"@context":"https:\/\/schema.org","@graph":[{"@type":"WebPage","@id":"https:\/\/www.elicit-plant.com\/de\/wissenschaft-und-technik-rund-um-phytosterine\/die-eliterra-forschungsplattform\/","url":"https:\/\/www.elicit-plant.com\/de\/wissenschaft-und-technik-rund-um-phytosterine\/die-eliterra-forschungsplattform\/","name":"EliTerra\u00ae: Die Elicit Plant Technologieplattform - Elicit Plant Deutschland","isPartOf":{"@id":"https:\/\/www.elicit-plant.com\/de\/#website"},"primaryImageOfPage":{"@id":"https:\/\/www.elicit-plant.com\/de\/wissenschaft-und-technik-rund-um-phytosterine\/die-eliterra-forschungsplattform\/#primaryimage"},"image":{"@id":"https:\/\/www.elicit-plant.com\/de\/wissenschaft-und-technik-rund-um-phytosterine\/die-eliterra-forschungsplattform\/#primaryimage"},"thumbnailUrl":"https:\/\/www.elicit-plant.com\/app\/uploads\/sites\/11\/2025\/01\/agronomical-scientist-1.jpg","datePublished":"2025-01-07T13:12:46+00:00","dateModified":"2025-01-27T10:22:37+00:00","description":"Entdecken Sie EliTerra\u00ae, das Ergebnis der Forschung \u00fcber Phytosterine und ihre Rolle bei der Stressresistenz von Feldkulturen (Mais, Weizen, Gerste, Sonnenblumen, Sojabohnen usw.).","breadcrumb":{"@id":"https:\/\/www.elicit-plant.com\/de\/wissenschaft-und-technik-rund-um-phytosterine\/die-eliterra-forschungsplattform\/#breadcrumb"},"inLanguage":"de","potentialAction":[{"@type":"ReadAction","target":["https:\/\/www.elicit-plant.com\/de\/wissenschaft-und-technik-rund-um-phytosterine\/die-eliterra-forschungsplattform\/"]}]},{"@type":"ImageObject","inLanguage":"de","@id":"https:\/\/www.elicit-plant.com\/de\/wissenschaft-und-technik-rund-um-phytosterine\/die-eliterra-forschungsplattform\/#primaryimage","url":"https:\/\/www.elicit-plant.com\/app\/uploads\/sites\/11\/2025\/01\/agronomical-scientist-1.jpg","contentUrl":"https:\/\/www.elicit-plant.com\/app\/uploads\/sites\/11\/2025\/01\/agronomical-scientist-1.jpg","width":402,"height":403,"caption":"Agrarwissenschaftler"},{"@type":"BreadcrumbList","@id":"https:\/\/www.elicit-plant.com\/de\/wissenschaft-und-technik-rund-um-phytosterine\/die-eliterra-forschungsplattform\/#breadcrumb","itemListElement":[{"@type":"ListItem","position":1,"name":"Accueil","item":"https:\/\/www.elicit-plant.com\/de\/"},{"@type":"ListItem","position":2,"name":"Wissenschaft und Technik rund um Phytosterine","item":"https:\/\/www.elicit-plant.com\/de\/wissenschaft-und-technik-rund-um-phytosterine\/"},{"@type":"ListItem","position":3,"name":"Die EliTerra\u00ae-Forschungsplattform"}]},{"@type":"WebSite","@id":"https:\/\/www.elicit-plant.com\/de\/#website","url":"https:\/\/www.elicit-plant.com\/de\/","name":"Elicit Plant Deutschland","description":"","potentialAction":[{"@type":"SearchAction","target":{"@type":"EntryPoint","urlTemplate":"https:\/\/www.elicit-plant.com\/de\/?s={search_term_string}"},"query-input":{"@type":"PropertyValueSpecification","valueRequired":true,"valueName":"search_term_string"}}],"inLanguage":"de"}]}},"_links":{"self":[{"href":"https:\/\/www.elicit-plant.com\/de\/wp-json\/wp\/v2\/pages\/15","targetHints":{"allow":["GET"]}}],"collection":[{"href":"https:\/\/www.elicit-plant.com\/de\/wp-json\/wp\/v2\/pages"}],"about":[{"href":"https:\/\/www.elicit-plant.com\/de\/wp-json\/wp\/v2\/types\/page"}],"author":[{"embeddable":true,"href":"https:\/\/www.elicit-plant.com\/de\/wp-json\/wp\/v2\/users\/6"}],"replies":[{"embeddable":true,"href":"https:\/\/www.elicit-plant.com\/de\/wp-json\/wp\/v2\/comments?post=15"}],"version-history":[{"count":2,"href":"https:\/\/www.elicit-plant.com\/de\/wp-json\/wp\/v2\/pages\/15\/revisions"}],"predecessor-version":[{"id":231,"href":"https:\/\/www.elicit-plant.com\/de\/wp-json\/wp\/v2\/pages\/15\/revisions\/231"}],"up":[{"embeddable":true,"href":"https:\/\/www.elicit-plant.com\/de\/wp-json\/wp\/v2\/pages\/11"}],"wp:featuredmedia":[{"embeddable":true,"href":"https:\/\/www.elicit-plant.com\/de\/wp-json\/wp\/v2\/media\/229"}],"wp:attachment":[{"href":"https:\/\/www.elicit-plant.com\/de\/wp-json\/wp\/v2\/media?parent=15"}],"curies":[{"name":"wp","href":"https:\/\/api.w.org\/{rel}","templated":true}]}}