{"id":17,"date":"2025-01-07T14:12:56","date_gmt":"2025-01-07T13:12:56","guid":{"rendered":"https:\/\/www.elicit-plant.com\/de\/?page_id=17"},"modified":"2025-01-27T11:35:20","modified_gmt":"2025-01-27T10:35:20","slug":"kultur-werte-und-ziele","status":"publish","type":"page","link":"https:\/\/www.elicit-plant.com\/de\/kultur-werte-und-ziele\/","title":{"rendered":"Kultur, Werte und Ziele"},"content":{"rendered":"<section class=\"cbo-hero cbo-margin-container hero--colorgreen\" data-anim-group>\n\t<div class=\"cbo-breadcrumbs breadcrumbs--normal\">\n  <div class=\"breadcrumbs-inner\">\n    <span><span><a href=\"https:\/\/www.elicit-plant.com\/de\/\">Accueil<\/a><\/span><\/span>\t<\/div>\n<\/div>\n\t<div class=\"hero-inner cbo-container container--padding\">\n\n\t\t<div class=\"hero-shapes\">\n\t\t\t<div class=\"shapes-color scale-up\"><\/div>\n\n\t\t\t<div class=\"shapes-picture cbo-picture-cover scale-up\"  data-delay=\"450\">\n\t\t\t\t<img decoding=\"async\" src=\"https:\/\/www.elicit-plant.com\/app\/uploads\/sites\/11\/2025\/01\/Scientist-320x320.jpg\" srcset=\"https:\/\/www.elicit-plant.com\/app\/uploads\/sites\/11\/2025\/01\/Scientist-320x320.jpg 320w, https:\/\/www.elicit-plant.com\/app\/uploads\/sites\/11\/2025\/01\/Scientist.jpg 768w\" class=\"\" alt=\"\" width=\"320\" height=\"320\" sizes=\"auto, 100vw\" loading=\"lazy\" \/>\t\t\t<\/div>\n\t\t<\/div>\n\n\t\t<div class=\"hero-content cbo-cms cms--large cms--white\">\n\t\t\t<div class=\"content-text\">\n\t\t\t\t<h1 class=\"hero-title cbo-heading slide-down\">\n\t\t\t\t\tKultur und Werte\t\t\t\t<\/h1>\n\n\t\t\t\t\t\t\t<\/div>\n\t\t<\/div>\n\n\t<\/div>\n<\/section>\n\n<section class=\"cbo-text cbo-margin-container\">\n    <div class=\"\n        text-inner\n                cbo-container\n        container--small        \"\n    >\n        <div class=\"text-content cbo-cms cms--large\">\n            <h2><img loading=\"lazy\" decoding=\"async\" class=\"aligncenter size-medium wp-image-1211\" src=\"https:\/\/www.elicit-plant.com\/wp-content\/uploads\/2024\/02\/Elicit-Plant-logo-full-color-rgb-1024x285.png\" alt=\"\" width=\"1024\" height=\"285\" \/><\/h2>\n<h2 style=\"text-align: center;\"><strong>Unser Auftrag<\/strong><\/h2>\n<h3 style=\"text-align: center;\">Die Zukunft der Nahrungsmittelproduktion durch wissenschaftliche Innovation zur F\u00f6rderung einer nachhaltigen, \u00f6kologischen und verantwortungsvollen Landwirtschaft sichern.<\/h3>\n\n            <div style=\"clear: both;\"><\/div>\n        <\/div>\n    <\/div>\n<\/section>\n\n\n<section class=\"cbo-picture picture--contained\">\n\t<div class=\"picture-inner cbo-container container--small\">\n\t\t<div class=\"picture-element cbo-picture-cover\">\n\t\t\t<img decoding=\"async\" src=\"https:\/\/www.elicit-plant.com\/app\/uploads\/sites\/11\/2025\/01\/elicit-plant-est-en-phase-avec-le-plan-eau-du-gouvernement.webp\" srcset=\"https:\/\/www.elicit-plant.com\/app\/uploads\/sites\/11\/2025\/01\/elicit-plant-est-en-phase-avec-le-plan-eau-du-gouvernement-320x180.webp 320w, https:\/\/www.elicit-plant.com\/app\/uploads\/sites\/11\/2025\/01\/elicit-plant-est-en-phase-avec-le-plan-eau-du-gouvernement-768x432.webp 840w, https:\/\/www.elicit-plant.com\/app\/uploads\/sites\/11\/2025\/01\/elicit-plant-est-en-phase-avec-le-plan-eau-du-gouvernement.webp 1024w, https:\/\/www.elicit-plant.com\/app\/uploads\/sites\/11\/2025\/01\/elicit-plant-est-en-phase-avec-le-plan-eau-du-gouvernement.webp 1400w\" class=\"\" alt=\"Maisblatt mit Wassertropfen\" width=\"1000\" height=\"562\" sizes=\"auto, 100vw\" loading=\"lazy\" \/>\t\t<\/div>\n\n\t\t\t<\/div>\n<\/section>\n\n\n<section class=\"cbo-textblocks\">\n    <div class=\"textblocks-inner cbo-container\">\n\n        \t\t\t<h2 class=\"textblocks-title cbo-title-2\">\n\t\t\t\tPACE\t\t\t<\/h2>\n    \t\n\n        \t\t\t<div class=\"textblocks-chapo cbo-chapo\">\n\t\t\t\tDie Elicit Plant Community teilt 4 gemeinsame Werte unter dem Akronym PACE: Positive, Agile, Collective and Engaged (Positiv, Agil, Kollektiv und Engagiert).\t\t\t<\/div>\n    \t\n        <div class=\"textblocks-list\">\n                        \n                                    <span class=\"list-el scale-up\" data-delay=\"0\">\n                \n                    <span class=\"el-inner inner--coloryellow cbo-cms cms--white\">\n                        \n                                                    <span class=\"el-title\">\n                                Positive (Positiv)                            <\/span>\n                        \n                                                    <span class=\"el-content\">\n                                Sie holen das Beste aus jeder Situation heraus, und Ihre Kollegen lieben Ihre heitere Art                            <\/span>\n                        \n                                            <\/span>\n\n                                    <\/span>\n                \n                        \n                                    <span class=\"list-el scale-up\" data-delay=\"100\">\n                \n                    <span class=\"el-inner inner--colorbrown cbo-cms cms--white\">\n                        \n                                                    <span class=\"el-title\">\n                                Agile (Agil)                            <\/span>\n                        \n                                                    <span class=\"el-content\">\n                                Sie sind wissbegierig und k\u00f6nnen sich anpassen                            <\/span>\n                        \n                                            <\/span>\n\n                                    <\/span>\n                \n                    <\/div>\n\n        \t\t\t<div class=\"textblocks-button\">\n\t\t\t\t\t\t\t<\/div>\n\t\t\n    <\/div>\n<\/section>\n\n\n<section class=\"cbo-textblocks\">\n    <div class=\"textblocks-inner cbo-container\">\n\n        \n\n        \n        <div class=\"textblocks-list\">\n                        \n                                    <span class=\"list-el scale-up\" data-delay=\"0\">\n                \n                    <span class=\"el-inner inner--colorgreen cbo-cms cms--white\">\n                        \n                                                    <span class=\"el-title\">\n                                Collective (Kollektiv)                            <\/span>\n                        \n                                                    <span class=\"el-content\">\n                                Sie glauben, dass wir durch Zusammenarbeit mehr erreichen k\u00f6nnen                            <\/span>\n                        \n                                            <\/span>\n\n                                    <\/span>\n                \n                        \n                                    <span class=\"list-el scale-up\" data-delay=\"100\">\n                \n                    <span class=\"el-inner inner--colorblue cbo-cms cms--white\">\n                        \n                                                    <span class=\"el-title\">\n                                Engaged (Engagiert)                            <\/span>\n                        \n                                                    <span class=\"el-content\">\n                                Nichts kann Ihre Motivation bremsen!                            <\/span>\n                        \n                                            <\/span>\n\n                                    <\/span>\n                \n                    <\/div>\n\n        \t\t\t<div class=\"textblocks-button\">\n\t\t\t\t\t\t\t<\/div>\n\t\t\n    <\/div>\n<\/section>\n\n\n<section class=\"cbo-checkerboard checkerboard--normal\">\n    <div class=\"checkerboard-inner\">\n\n        <div class=\"checkerboard-picture\">\n            <div class=\"picture-inner cbo-picture-cover\">\n                <img decoding=\"async\" src=\"https:\/\/www.elicit-plant.com\/app\/uploads\/sites\/11\/2025\/01\/Elicit-Plant-team-picture-320x213.jpg\" srcset=\"https:\/\/www.elicit-plant.com\/app\/uploads\/sites\/11\/2025\/01\/Elicit-Plant-team-picture-320x213.jpg 320w, https:\/\/www.elicit-plant.com\/app\/uploads\/sites\/11\/2025\/01\/Elicit-Plant-team-picture-768x512.jpg 768w, https:\/\/www.elicit-plant.com\/app\/uploads\/sites\/11\/2025\/01\/Elicit-Plant-team-picture-1024x683.jpg 1024w\" class=\"\" alt=\"Elicit Plant vollst\u00e4ndiges Teambild\" width=\"320\" height=\"213\" sizes=\"auto, 100vw\" loading=\"lazy\" \/>            <\/div>\n        <\/div>\n        \n        <div class=\"checkerboard-content content--green cbo-cms cms--white\">\n            <div class=\"content-text\">\n                                    <span class=\"content-uptitle\">\n                        Die wichtigsten Momente des Jahres                    <\/span>\n                \n                <div class=\"content-title cbo-title-3\">\n                    Da der Zusammenhalt ein wichtiges Thema ist, organisiert Elicit Plant im Laufe des Jahres etwa ein Dutzend Zusammenk\u00fcnfte, um sich besser kennen zu lernen und die Beziehungen zwischen den Abteilungen zu f\u00f6rdern.                <\/div>\n            <\/div>\n        <\/div>\n\n    <\/div>\n<\/section>\n\n\n<section class=\"cbo-checkerboard checkerboard--reverse\">\n    <div class=\"checkerboard-inner\">\n\n        <div class=\"checkerboard-picture\">\n            <div class=\"picture-inner cbo-picture-cover\">\n                <img decoding=\"async\" src=\"https:\/\/www.elicit-plant.com\/app\/uploads\/sites\/11\/2025\/01\/Photo-equipe--320x320.png\" srcset=\"https:\/\/www.elicit-plant.com\/app\/uploads\/sites\/11\/2025\/01\/Photo-equipe--320x320.png 320w, https:\/\/www.elicit-plant.com\/app\/uploads\/sites\/11\/2025\/01\/Photo-equipe--768x768.png 768w, https:\/\/www.elicit-plant.com\/app\/uploads\/sites\/11\/2025\/01\/Photo-equipe--1024x1024.png 1024w\" class=\"\" alt=\"Werksmitarbeiter eruieren\" width=\"320\" height=\"320\" sizes=\"auto, 100vw\" loading=\"lazy\" \/>            <\/div>\n        <\/div>\n        \n        <div class=\"checkerboard-content content--green cbo-cms cms--white\">\n            <div class=\"content-text\">\n                \n                <div class=\"content-title cbo-title-3\">\n                    Regelm\u00e4\u00dfig, alle Mitarbeiter:<br \/>\r\n<br \/>\r\nZu einem Firmenseminar<br \/>\r\n<br \/>\r\nZum Teilen und Austauschen zwischen forschenden, kaufm\u00e4nnischen und funktions\u00fcbergreifenden Teams<br \/>\r\n<br \/>\r\nZu Einf\u00fchrungstagen zur herzlichen Begr\u00fc\u00dfung unserer Neuank\u00f6mmlinge eingeladen.<br \/>\r\n                <\/div>\n            <\/div>\n        <\/div>\n\n    <\/div>\n<\/section>","protected":false},"excerpt":{"rendered":"<p>Unser Auftrag Die Zukunft der Nahrungsmittelproduktion durch wissenschaftliche Innovation zur F\u00f6rderung einer nachhaltigen, \u00f6kologischen und verantwortungsvollen Landwirtschaft sichern.<\/p>\n","protected":false},"author":6,"featured_media":71,"parent":0,"menu_order":0,"comment_status":"closed","ping_status":"closed","template":"","meta":{"_acf_changed":false,"footnotes":""},"class_list":["post-17","page","type-page","status-publish","has-post-thumbnail","hentry"],"acf":[],"yoast_head":"<!-- This site is optimized with the Yoast SEO plugin v27.2 - https:\/\/yoast.com\/product\/yoast-seo-wordpress\/ -->\n<title>Kultur, Werte und Ziele - Elicit Plant Deutschland<\/title>\n<meta name=\"description\" content=\"Wir erhalten die Produktion von Nahrungsmitteln durch wissenschaftliche Innovation im Dienste einer nachhaltigen, \u00f6kologischen und verantwortungsvollen Landwirtschaft.\" \/>\n<meta name=\"robots\" content=\"index, follow, max-snippet:-1, max-image-preview:large, max-video-preview:-1\" \/>\n<link rel=\"canonical\" href=\"https:\/\/www.elicit-plant.com\/de\/kultur-werte-und-ziele\/\" \/>\n<meta property=\"og:locale\" content=\"de_DE\" \/>\n<meta property=\"og:type\" content=\"article\" \/>\n<meta property=\"og:title\" content=\"Kultur, Werte und Ziele - Elicit Plant Deutschland\" \/>\n<meta property=\"og:description\" content=\"Wir erhalten die Produktion von Nahrungsmitteln durch wissenschaftliche Innovation im Dienste einer nachhaltigen, \u00f6kologischen und verantwortungsvollen Landwirtschaft.\" \/>\n<meta property=\"og:url\" content=\"https:\/\/www.elicit-plant.com\/de\/kultur-werte-und-ziele\/\" \/>\n<meta property=\"og:site_name\" content=\"Elicit Plant Deutschland\" \/>\n<meta property=\"article:modified_time\" content=\"2025-01-27T10:35:20+00:00\" \/>\n<meta property=\"og:image\" content=\"https:\/\/www.elicit-plant.com\/de\/wp-content\/uploads\/sites\/11\/2025\/01\/Elicit-Plant-team-picture.jpg\" \/>\n\t<meta property=\"og:image:width\" content=\"1500\" \/>\n\t<meta property=\"og:image:height\" content=\"1000\" \/>\n\t<meta property=\"og:image:type\" content=\"image\/jpeg\" \/>\n<meta name=\"twitter:card\" content=\"summary_large_image\" \/>\n<meta name=\"twitter:label1\" content=\"Gesch\u00e4tzte Lesezeit\" \/>\n\t<meta name=\"twitter:data1\" content=\"1\u00a0Minute\" \/>\n<script type=\"application\/ld+json\" class=\"yoast-schema-graph\">{\"@context\":\"https:\/\/schema.org\",\"@graph\":[{\"@type\":\"WebPage\",\"@id\":\"https:\/\/www.elicit-plant.com\/de\/kultur-werte-und-ziele\/\",\"url\":\"https:\/\/www.elicit-plant.com\/de\/kultur-werte-und-ziele\/\",\"name\":\"Kultur, Werte und Ziele - Elicit Plant Deutschland\",\"isPartOf\":{\"@id\":\"https:\/\/www.elicit-plant.com\/de\/#website\"},\"primaryImageOfPage\":{\"@id\":\"https:\/\/www.elicit-plant.com\/de\/kultur-werte-und-ziele\/#primaryimage\"},\"image\":{\"@id\":\"https:\/\/www.elicit-plant.com\/de\/kultur-werte-und-ziele\/#primaryimage\"},\"thumbnailUrl\":\"https:\/\/www.elicit-plant.com\/app\/uploads\/sites\/11\/2025\/01\/Elicit-Plant-team-picture.jpg\",\"datePublished\":\"2025-01-07T13:12:56+00:00\",\"dateModified\":\"2025-01-27T10:35:20+00:00\",\"description\":\"Wir erhalten die Produktion von Nahrungsmitteln durch wissenschaftliche Innovation im Dienste einer nachhaltigen, \u00f6kologischen und verantwortungsvollen Landwirtschaft.\",\"breadcrumb\":{\"@id\":\"https:\/\/www.elicit-plant.com\/de\/kultur-werte-und-ziele\/#breadcrumb\"},\"inLanguage\":\"de\",\"potentialAction\":[{\"@type\":\"ReadAction\",\"target\":[\"https:\/\/www.elicit-plant.com\/de\/kultur-werte-und-ziele\/\"]}]},{\"@type\":\"ImageObject\",\"inLanguage\":\"de\",\"@id\":\"https:\/\/www.elicit-plant.com\/de\/kultur-werte-und-ziele\/#primaryimage\",\"url\":\"https:\/\/www.elicit-plant.com\/app\/uploads\/sites\/11\/2025\/01\/Elicit-Plant-team-picture.jpg\",\"contentUrl\":\"https:\/\/www.elicit-plant.com\/app\/uploads\/sites\/11\/2025\/01\/Elicit-Plant-team-picture.jpg\",\"width\":1500,\"height\":1000,\"caption\":\"Elicit Plant vollst\u00e4ndiges Teambild\"},{\"@type\":\"BreadcrumbList\",\"@id\":\"https:\/\/www.elicit-plant.com\/de\/kultur-werte-und-ziele\/#breadcrumb\",\"itemListElement\":[{\"@type\":\"ListItem\",\"position\":1,\"name\":\"Accueil\",\"item\":\"https:\/\/www.elicit-plant.com\/de\/\"},{\"@type\":\"ListItem\",\"position\":2,\"name\":\"Kultur, Werte und Ziele\"}]},{\"@type\":\"WebSite\",\"@id\":\"https:\/\/www.elicit-plant.com\/de\/#website\",\"url\":\"https:\/\/www.elicit-plant.com\/de\/\",\"name\":\"Elicit Plant Deutschland\",\"description\":\"\",\"potentialAction\":[{\"@type\":\"SearchAction\",\"target\":{\"@type\":\"EntryPoint\",\"urlTemplate\":\"https:\/\/www.elicit-plant.com\/de\/?s={search_term_string}\"},\"query-input\":{\"@type\":\"PropertyValueSpecification\",\"valueRequired\":true,\"valueName\":\"search_term_string\"}}],\"inLanguage\":\"de\"}]}<\/script>\n<!-- \/ Yoast SEO plugin. -->","yoast_head_json":{"title":"Kultur, Werte und Ziele - Elicit Plant Deutschland","description":"Wir erhalten die Produktion von Nahrungsmitteln durch wissenschaftliche Innovation im Dienste einer nachhaltigen, \u00f6kologischen und verantwortungsvollen Landwirtschaft.","robots":{"index":"index","follow":"follow","max-snippet":"max-snippet:-1","max-image-preview":"max-image-preview:large","max-video-preview":"max-video-preview:-1"},"canonical":"https:\/\/www.elicit-plant.com\/de\/kultur-werte-und-ziele\/","og_locale":"de_DE","og_type":"article","og_title":"Kultur, Werte und Ziele - Elicit Plant Deutschland","og_description":"Wir erhalten die Produktion von Nahrungsmitteln durch wissenschaftliche Innovation im Dienste einer nachhaltigen, \u00f6kologischen und verantwortungsvollen Landwirtschaft.","og_url":"https:\/\/www.elicit-plant.com\/de\/kultur-werte-und-ziele\/","og_site_name":"Elicit Plant Deutschland","article_modified_time":"2025-01-27T10:35:20+00:00","og_image":[{"width":1500,"height":1000,"url":"https:\/\/www.elicit-plant.com\/de\/wp-content\/uploads\/sites\/11\/2025\/01\/Elicit-Plant-team-picture.jpg","type":"image\/jpeg"}],"twitter_card":"summary_large_image","twitter_misc":{"Gesch\u00e4tzte Lesezeit":"1\u00a0Minute"},"schema":{"@context":"https:\/\/schema.org","@graph":[{"@type":"WebPage","@id":"https:\/\/www.elicit-plant.com\/de\/kultur-werte-und-ziele\/","url":"https:\/\/www.elicit-plant.com\/de\/kultur-werte-und-ziele\/","name":"Kultur, Werte und Ziele - Elicit Plant Deutschland","isPartOf":{"@id":"https:\/\/www.elicit-plant.com\/de\/#website"},"primaryImageOfPage":{"@id":"https:\/\/www.elicit-plant.com\/de\/kultur-werte-und-ziele\/#primaryimage"},"image":{"@id":"https:\/\/www.elicit-plant.com\/de\/kultur-werte-und-ziele\/#primaryimage"},"thumbnailUrl":"https:\/\/www.elicit-plant.com\/app\/uploads\/sites\/11\/2025\/01\/Elicit-Plant-team-picture.jpg","datePublished":"2025-01-07T13:12:56+00:00","dateModified":"2025-01-27T10:35:20+00:00","description":"Wir erhalten die Produktion von Nahrungsmitteln durch wissenschaftliche Innovation im Dienste einer nachhaltigen, \u00f6kologischen und verantwortungsvollen Landwirtschaft.","breadcrumb":{"@id":"https:\/\/www.elicit-plant.com\/de\/kultur-werte-und-ziele\/#breadcrumb"},"inLanguage":"de","potentialAction":[{"@type":"ReadAction","target":["https:\/\/www.elicit-plant.com\/de\/kultur-werte-und-ziele\/"]}]},{"@type":"ImageObject","inLanguage":"de","@id":"https:\/\/www.elicit-plant.com\/de\/kultur-werte-und-ziele\/#primaryimage","url":"https:\/\/www.elicit-plant.com\/app\/uploads\/sites\/11\/2025\/01\/Elicit-Plant-team-picture.jpg","contentUrl":"https:\/\/www.elicit-plant.com\/app\/uploads\/sites\/11\/2025\/01\/Elicit-Plant-team-picture.jpg","width":1500,"height":1000,"caption":"Elicit Plant vollst\u00e4ndiges Teambild"},{"@type":"BreadcrumbList","@id":"https:\/\/www.elicit-plant.com\/de\/kultur-werte-und-ziele\/#breadcrumb","itemListElement":[{"@type":"ListItem","position":1,"name":"Accueil","item":"https:\/\/www.elicit-plant.com\/de\/"},{"@type":"ListItem","position":2,"name":"Kultur, Werte und Ziele"}]},{"@type":"WebSite","@id":"https:\/\/www.elicit-plant.com\/de\/#website","url":"https:\/\/www.elicit-plant.com\/de\/","name":"Elicit Plant Deutschland","description":"","potentialAction":[{"@type":"SearchAction","target":{"@type":"EntryPoint","urlTemplate":"https:\/\/www.elicit-plant.com\/de\/?s={search_term_string}"},"query-input":{"@type":"PropertyValueSpecification","valueRequired":true,"valueName":"search_term_string"}}],"inLanguage":"de"}]}},"_links":{"self":[{"href":"https:\/\/www.elicit-plant.com\/de\/wp-json\/wp\/v2\/pages\/17","targetHints":{"allow":["GET"]}}],"collection":[{"href":"https:\/\/www.elicit-plant.com\/de\/wp-json\/wp\/v2\/pages"}],"about":[{"href":"https:\/\/www.elicit-plant.com\/de\/wp-json\/wp\/v2\/types\/page"}],"author":[{"embeddable":true,"href":"https:\/\/www.elicit-plant.com\/de\/wp-json\/wp\/v2\/users\/6"}],"replies":[{"embeddable":true,"href":"https:\/\/www.elicit-plant.com\/de\/wp-json\/wp\/v2\/comments?post=17"}],"version-history":[{"count":3,"href":"https:\/\/www.elicit-plant.com\/de\/wp-json\/wp\/v2\/pages\/17\/revisions"}],"predecessor-version":[{"id":236,"href":"https:\/\/www.elicit-plant.com\/de\/wp-json\/wp\/v2\/pages\/17\/revisions\/236"}],"wp:featuredmedia":[{"embeddable":true,"href":"https:\/\/www.elicit-plant.com\/de\/wp-json\/wp\/v2\/media\/71"}],"wp:attachment":[{"href":"https:\/\/www.elicit-plant.com\/de\/wp-json\/wp\/v2\/media?parent=17"}],"curies":[{"name":"wp","href":"https:\/\/api.w.org\/{rel}","templated":true}]}}