{"id":19,"date":"2025-01-07T14:12:48","date_gmt":"2025-01-07T13:12:48","guid":{"rendered":"https:\/\/www.elicit-plant.com\/de\/?page_id=19"},"modified":"2026-03-10T10:31:54","modified_gmt":"2026-03-10T09:31:54","slug":"elicit-plant-in-kuerze","status":"publish","type":"page","link":"https:\/\/www.elicit-plant.com\/de\/elicit-plant-in-kuerze\/","title":{"rendered":"Elicit Plant in K\u00fcrze"},"content":{"rendered":"<section class=\"cbo-hero cbo-margin-container hero--colorgreen\" data-anim-group>\n\t<div class=\"cbo-breadcrumbs breadcrumbs--normal\">\n  <div class=\"breadcrumbs-inner\">\n    <span><span><a href=\"https:\/\/www.elicit-plant.com\/de\/\">Accueil<\/a><\/span><\/span>\t<\/div>\n<\/div>\n\t<div class=\"hero-inner cbo-container container--padding\">\n\n\t\t<div class=\"hero-shapes\">\n\t\t\t<div class=\"shapes-color scale-up\"><\/div>\n\n\t\t\t<div class=\"shapes-picture cbo-picture-cover scale-up\"  data-delay=\"450\">\n\t\t\t\t<img decoding=\"async\" src=\"https:\/\/www.elicit-plant.com\/app\/uploads\/sites\/11\/2025\/01\/elicit-plant-est-en-phase-avec-le-plan-eau-du-gouvernement-320x180.webp\" srcset=\"https:\/\/www.elicit-plant.com\/app\/uploads\/sites\/11\/2025\/01\/elicit-plant-est-en-phase-avec-le-plan-eau-du-gouvernement-320x180.webp 320w, https:\/\/www.elicit-plant.com\/app\/uploads\/sites\/11\/2025\/01\/elicit-plant-est-en-phase-avec-le-plan-eau-du-gouvernement-768x432.webp 768w\" class=\"\" alt=\"\" width=\"320\" height=\"180\" sizes=\"auto, 100vw\" loading=\"lazy\" \/>\t\t\t<\/div>\n\t\t<\/div>\n\n\t\t<div class=\"hero-content cbo-cms cms--large cms--white\">\n\t\t\t<div class=\"content-text\">\n\t\t\t\t<h1 class=\"hero-title cbo-heading slide-down\">\n\t\t\t\t\tElicit Plant in K\u00fcrze\t\t\t\t<\/h1>\n\n\t\t\t\t\t\t\t<\/div>\n\t\t<\/div>\n\n\t<\/div>\n<\/section>\n\n\n<section class=\"cbo-textblocks\">\n    <div class=\"textblocks-inner cbo-container\">\n\n        \t\t\t<h2 class=\"textblocks-title cbo-title-2\">\n\t\t\t\tKennzahlen\t\t\t<\/h2>\n    \t\n\n        \n        <div class=\"textblocks-list\">\n                        \n                                    <span class=\"list-el scale-up\" data-delay=\"0\">\n                \n                    <span class=\"el-inner inner--colorbrown cbo-cms cms--white\">\n                        \n                                                    <span class=\"el-title\">\n                                76                            <\/span>\n                        \n                                                    <span class=\"el-content\">\n                                Mitarbeiter im Jahr 2023                            <\/span>\n                        \n                                            <\/span>\n\n                                    <\/span>\n                \n                        \n                                    <span class=\"list-el scale-up\" data-delay=\"100\">\n                \n                    <span class=\"el-inner inner--colorgreen cbo-cms cms--white\">\n                        \n                                                    <span class=\"el-title\">\n                                8                            <\/span>\n                        \n                                                    <span class=\"el-content\">\n                                Internationale Standorte                            <\/span>\n                        \n                                            <\/span>\n\n                                    <\/span>\n                \n                        \n                                    <span class=\"list-el scale-up\" data-delay=\"200\">\n                \n                    <span class=\"el-inner inner--coloryellow cbo-cms cms--white\">\n                        \n                                                    <span class=\"el-title\">\n                                #1                            <\/span>\n                        \n                                                    <span class=\"el-content\">\n                                Weltmarktf\u00fchrer im Wasserstressmanagement f\u00fcr Feldkulturen                            <\/span>\n                        \n                                            <\/span>\n\n                                    <\/span>\n                \n                    <\/div>\n\n        \t\t\t<div class=\"textblocks-button\">\n\t\t\t\t\t\t\t<\/div>\n\t\t\n    <\/div>\n<\/section>\n\n\n<section class=\"cbo-textblocks\">\n    <div class=\"textblocks-inner cbo-container\">\n\n        \t\t\t<h2 class=\"textblocks-title cbo-title-2\">\n\t\t\t\tGleichstellung der Geschlechter\t\t\t<\/h2>\n    \t\n\n        \t\t\t<div class=\"textblocks-chapo cbo-chapo\">\n\t\t\t\tElicit Plant engagiert sich f\u00fcr Chancengleichheit und Geschlechterparit\u00e4t.\t\t\t<\/div>\n    \t\n        <div class=\"textblocks-list\">\n                        \n                                    <span class=\"list-el scale-up\" data-delay=\"0\">\n                \n                    <span class=\"el-inner inner--colorbrown cbo-cms cms--white\">\n                        \n                                                    <span class=\"el-title\">\n                                Frauen                            <\/span>\n                        \n                                                    <span class=\"el-content\">\n                                42%                            <\/span>\n                        \n                                            <\/span>\n\n                                    <\/span>\n                \n                        \n                                    <span class=\"list-el scale-up\" data-delay=\"100\">\n                \n                    <span class=\"el-inner inner--coloryellow cbo-cms cms--white\">\n                        \n                                                    <span class=\"el-title\">\n                                M\u00e4nner                            <\/span>\n                        \n                                                    <span class=\"el-content\">\n                                58%                            <\/span>\n                        \n                                            <\/span>\n\n                                    <\/span>\n                \n                    <\/div>\n\n        \t\t\t<div class=\"textblocks-button\">\n\t\t\t\t\t\t\t<\/div>\n\t\t\n    <\/div>\n<\/section>\n\n<section class=\"cbo-text cbo-margin-container\">\n    <div class=\"\n        text-inner\n                cbo-container\n        container--small        \"\n    >\n        <div class=\"text-content cbo-cms cms--large\">\n            <h3>Index zur Gleichstellung von Frauen und M\u00e4nnern 2025<\/h3>\n<p>Bei Elicit Plant setzen wir uns daf\u00fcr ein, eine faire und gerechte Verg\u00fctung f\u00fcr alle zu gew\u00e4hrleisten.<br \/>\nIm Jahr 2025 erreichte unser Gleichstellungsindex von Frauen und M\u00e4nnern 79\/100 und spiegelt damit unsere kontinuierlichen Bem\u00fchungen f\u00fcr Lohngleichheit wider.<\/p>\n<p><strong>Detail des Ergebnisses:<\/strong><\/p>\n<ul>\n<li>Verg\u00fctungsunterschied: 39\/40<\/li>\n<\/ul>\n<p>Wir verfolgen weiterhin eine Verg\u00fctungspolitik, die auf der objektiven Bewertung von Kompetenzen und Verantwortlichkeiten basiert, um eine nachhaltige Gleichstellung zwischen Frauen und M\u00e4nnern zu gew\u00e4hrleisten.<\/p>\n<ul>\n<li>Unterschied bei den Gehaltserh\u00f6hungen: 35\/35<\/li>\n<li>R\u00fcckkehr aus dem Mutterschaftsurlaub: 0\/15<\/li>\n<\/ul>\n<p>Bei der R\u00fcckkehr aus dem Mutterschaftsurlaub werden wir besonderes Augenmerk auf die Aktualisierung des Aufgabenbereichs der Position sowie auf die Angemessenheit der Verg\u00fctung legen, um eine R\u00fcckkehr unter vollst\u00e4ndig fairen Bedingungen zu gew\u00e4hrleisten.<\/p>\n<ul>\n<li>H\u00f6here Verg\u00fctungen: 5\/10<\/li>\n<\/ul>\n<p>F\u00fcr Positionen mit hoher Verantwortung werden wir eine st\u00e4rkere Geschlechtervielfalt f\u00f6rdern, indem wir darauf achten, qualifizierte weibliche Kandidatinnen zu identifizieren und bei gleichen Kompetenzen die Vielfalt zu ber\u00fccksichtigen, um ein ausgewogeneres Verh\u00e4ltnis bei den h\u00f6chsten Verg\u00fctungen zu st\u00e4rken.<\/p>\n<p>&nbsp;<\/p>\n<p>Unsere Verg\u00fctungspolitik basiert auf drei zentralen Prinzipien: Anerkennung der Kompetenzen, Angemessenheit im Hinblick auf die Verantwortlichkeiten jeder Position sowie Ausrichtung an den Markttrends. Wir stellen interne Fairness sicher, indem wir Kompetenzen und Leistung objektiv und ohne geschlechtsspezifische Unterschiede bewerten.<\/p>\n\n            <div style=\"clear: both;\"><\/div>\n        <\/div>\n    <\/div>\n<\/section>\n\n\n<section class=\"cbo-text cbo-margin-container\">\n    <div class=\"\n        text-inner\n                cbo-container\n        container--small        \"\n    >\n        <div class=\"text-content cbo-cms cms--large\">\n            <h2><strong>ESG<\/strong><\/h2>\n<p>ESG ist eine der Hauptpriorit\u00e4ten bei Elicit Plant und das aus gutem Grund. Das Kerngesch\u00e4ft des Unternehmens ist auf Umweltfragen ausgerichtet. Elicit Plant ist stolz darauf, seine Entwicklung auf diese j\u00e4hrlichen Ziele abzustimmen.<\/p>\n<p><a class=\"cbo-button\" href=\"https:\/\/www.elicit-plant.com\/de\/unser-esg-engagement\/\">Erfahren Sie mehr \u00fcber unser ESG-Engagement<\/a><\/p>\n\n            <div style=\"clear: both;\"><\/div>\n        <\/div>\n    <\/div>\n<\/section>\n","protected":false},"excerpt":{"rendered":"<p>Index zur Gleichstellung von Frauen und M\u00e4nnern 2025 Bei Elicit Plant setzen wir uns daf\u00fcr ein, eine faire und gerechte Verg\u00fctung f\u00fcr alle zu gew\u00e4hrleisten. Im Jahr 2025 erreichte unser Gleichstellungsindex von Frauen und M\u00e4nnern 79\/100 und spiegelt damit unsere kontinuierlichen Bem\u00fchungen f\u00fcr Lohngleichheit wider. Detail des Ergebnisses: Verg\u00fctungsunterschied: 39\/40 Wir verfolgen weiterhin eine Verg\u00fctungspolitik, die auf der objektiven Bewertung von Kompetenzen und Verantwortlichkeiten basiert, um eine nachhaltige Gleichstellung zwischen Frauen und M\u00e4nnern zu gew\u00e4hrleisten. Unterschied bei den Gehaltserh\u00f6hungen: 35\/35 R\u00fcckkehr aus dem Mutterschaftsurlaub: 0\/15 Bei der R\u00fcckkehr aus dem Mutterschaftsurlaub werden wir besonderes Augenmerk auf die Aktualisierung des Aufgabenbereichs der Position sowie auf die Angemessenheit der Verg\u00fctung legen, um eine R\u00fcckkehr unter vollst\u00e4ndig fairen Bedingungen zu gew\u00e4hrleisten. H\u00f6here Verg\u00fctungen: 5\/10 F\u00fcr Positionen mit hoher&#8230;<\/p>\n","protected":false},"author":6,"featured_media":72,"parent":0,"menu_order":0,"comment_status":"closed","ping_status":"closed","template":"","meta":{"_acf_changed":false,"footnotes":""},"class_list":["post-19","page","type-page","status-publish","has-post-thumbnail","hentry"],"acf":[],"yoast_head":"<!-- This site is optimized with the Yoast SEO plugin v27.3 - https:\/\/yoast.com\/product\/yoast-seo-wordpress\/ -->\n<title>Elicit Plant in K\u00fcrze - Elicit Plant Deutschland<\/title>\n<meta name=\"description\" content=\"M\u00f6chten Sie mehr \u00fcber Elicit Plant erfahren? Dann sind Sie hier genau richtig!\" \/>\n<meta name=\"robots\" content=\"index, follow, max-snippet:-1, max-image-preview:large, max-video-preview:-1\" \/>\n<link rel=\"canonical\" href=\"https:\/\/www.elicit-plant.com\/de\/elicit-plant-in-kuerze\/\" \/>\n<meta property=\"og:locale\" content=\"de_DE\" \/>\n<meta property=\"og:type\" content=\"article\" \/>\n<meta property=\"og:title\" content=\"Elicit Plant in K\u00fcrze - Elicit Plant Deutschland\" \/>\n<meta property=\"og:description\" content=\"M\u00f6chten Sie mehr \u00fcber Elicit Plant erfahren? Dann sind Sie hier genau richtig!\" \/>\n<meta property=\"og:url\" content=\"https:\/\/www.elicit-plant.com\/de\/elicit-plant-in-kuerze\/\" \/>\n<meta property=\"og:site_name\" content=\"Elicit Plant Deutschland\" \/>\n<meta property=\"article:modified_time\" content=\"2026-03-10T09:31:54+00:00\" \/>\n<meta property=\"og:image\" content=\"https:\/\/www.elicit-plant.com\/app\/uploads\/sites\/11\/2025\/01\/elicit-plant-est-en-phase-avec-le-plan-eau-du-gouvernement.webp\" \/>\n\t<meta property=\"og:image:width\" content=\"1000\" \/>\n\t<meta property=\"og:image:height\" content=\"562\" \/>\n\t<meta property=\"og:image:type\" content=\"image\/webp\" \/>\n<meta name=\"twitter:card\" content=\"summary_large_image\" \/>\n<meta name=\"twitter:label1\" content=\"Gesch\u00e4tzte Lesezeit\" \/>\n\t<meta name=\"twitter:data1\" content=\"1\u00a0Minute\" \/>\n<script type=\"application\/ld+json\" class=\"yoast-schema-graph\">{\"@context\":\"https:\\\/\\\/schema.org\",\"@graph\":[{\"@type\":\"WebPage\",\"@id\":\"https:\\\/\\\/www.elicit-plant.com\\\/de\\\/elicit-plant-in-kuerze\\\/\",\"url\":\"https:\\\/\\\/www.elicit-plant.com\\\/de\\\/elicit-plant-in-kuerze\\\/\",\"name\":\"Elicit Plant in K\u00fcrze - Elicit Plant Deutschland\",\"isPartOf\":{\"@id\":\"https:\\\/\\\/www.elicit-plant.com\\\/de\\\/#website\"},\"primaryImageOfPage\":{\"@id\":\"https:\\\/\\\/www.elicit-plant.com\\\/de\\\/elicit-plant-in-kuerze\\\/#primaryimage\"},\"image\":{\"@id\":\"https:\\\/\\\/www.elicit-plant.com\\\/de\\\/elicit-plant-in-kuerze\\\/#primaryimage\"},\"thumbnailUrl\":\"https:\\\/\\\/www.elicit-plant.com\\\/app\\\/uploads\\\/sites\\\/11\\\/2025\\\/01\\\/elicit-plant-est-en-phase-avec-le-plan-eau-du-gouvernement.webp\",\"datePublished\":\"2025-01-07T13:12:48+00:00\",\"dateModified\":\"2026-03-10T09:31:54+00:00\",\"description\":\"M\u00f6chten Sie mehr \u00fcber Elicit Plant erfahren? Dann sind Sie hier genau richtig!\",\"breadcrumb\":{\"@id\":\"https:\\\/\\\/www.elicit-plant.com\\\/de\\\/elicit-plant-in-kuerze\\\/#breadcrumb\"},\"inLanguage\":\"de\",\"potentialAction\":[{\"@type\":\"ReadAction\",\"target\":[\"https:\\\/\\\/www.elicit-plant.com\\\/de\\\/elicit-plant-in-kuerze\\\/\"]}]},{\"@type\":\"ImageObject\",\"inLanguage\":\"de\",\"@id\":\"https:\\\/\\\/www.elicit-plant.com\\\/de\\\/elicit-plant-in-kuerze\\\/#primaryimage\",\"url\":\"https:\\\/\\\/www.elicit-plant.com\\\/app\\\/uploads\\\/sites\\\/11\\\/2025\\\/01\\\/elicit-plant-est-en-phase-avec-le-plan-eau-du-gouvernement.webp\",\"contentUrl\":\"https:\\\/\\\/www.elicit-plant.com\\\/app\\\/uploads\\\/sites\\\/11\\\/2025\\\/01\\\/elicit-plant-est-en-phase-avec-le-plan-eau-du-gouvernement.webp\",\"width\":1000,\"height\":562,\"caption\":\"Maisblatt mit Wassertropfen\"},{\"@type\":\"BreadcrumbList\",\"@id\":\"https:\\\/\\\/www.elicit-plant.com\\\/de\\\/elicit-plant-in-kuerze\\\/#breadcrumb\",\"itemListElement\":[{\"@type\":\"ListItem\",\"position\":1,\"name\":\"Accueil\",\"item\":\"https:\\\/\\\/www.elicit-plant.com\\\/de\\\/\"},{\"@type\":\"ListItem\",\"position\":2,\"name\":\"Elicit Plant in K\u00fcrze\"}]},{\"@type\":\"WebSite\",\"@id\":\"https:\\\/\\\/www.elicit-plant.com\\\/de\\\/#website\",\"url\":\"https:\\\/\\\/www.elicit-plant.com\\\/de\\\/\",\"name\":\"Elicit Plant Deutschland\",\"description\":\"\",\"potentialAction\":[{\"@type\":\"SearchAction\",\"target\":{\"@type\":\"EntryPoint\",\"urlTemplate\":\"https:\\\/\\\/www.elicit-plant.com\\\/de\\\/?s={search_term_string}\"},\"query-input\":{\"@type\":\"PropertyValueSpecification\",\"valueRequired\":true,\"valueName\":\"search_term_string\"}}],\"inLanguage\":\"de\"}]}<\/script>\n<!-- \/ Yoast SEO plugin. -->","yoast_head_json":{"title":"Elicit Plant in K\u00fcrze - Elicit Plant Deutschland","description":"M\u00f6chten Sie mehr \u00fcber Elicit Plant erfahren? Dann sind Sie hier genau richtig!","robots":{"index":"index","follow":"follow","max-snippet":"max-snippet:-1","max-image-preview":"max-image-preview:large","max-video-preview":"max-video-preview:-1"},"canonical":"https:\/\/www.elicit-plant.com\/de\/elicit-plant-in-kuerze\/","og_locale":"de_DE","og_type":"article","og_title":"Elicit Plant in K\u00fcrze - Elicit Plant Deutschland","og_description":"M\u00f6chten Sie mehr \u00fcber Elicit Plant erfahren? Dann sind Sie hier genau richtig!","og_url":"https:\/\/www.elicit-plant.com\/de\/elicit-plant-in-kuerze\/","og_site_name":"Elicit Plant Deutschland","article_modified_time":"2026-03-10T09:31:54+00:00","og_image":[{"width":1000,"height":562,"url":"https:\/\/www.elicit-plant.com\/app\/uploads\/sites\/11\/2025\/01\/elicit-plant-est-en-phase-avec-le-plan-eau-du-gouvernement.webp","type":"image\/webp"}],"twitter_card":"summary_large_image","twitter_misc":{"Gesch\u00e4tzte Lesezeit":"1\u00a0Minute"},"schema":{"@context":"https:\/\/schema.org","@graph":[{"@type":"WebPage","@id":"https:\/\/www.elicit-plant.com\/de\/elicit-plant-in-kuerze\/","url":"https:\/\/www.elicit-plant.com\/de\/elicit-plant-in-kuerze\/","name":"Elicit Plant in K\u00fcrze - Elicit Plant Deutschland","isPartOf":{"@id":"https:\/\/www.elicit-plant.com\/de\/#website"},"primaryImageOfPage":{"@id":"https:\/\/www.elicit-plant.com\/de\/elicit-plant-in-kuerze\/#primaryimage"},"image":{"@id":"https:\/\/www.elicit-plant.com\/de\/elicit-plant-in-kuerze\/#primaryimage"},"thumbnailUrl":"https:\/\/www.elicit-plant.com\/app\/uploads\/sites\/11\/2025\/01\/elicit-plant-est-en-phase-avec-le-plan-eau-du-gouvernement.webp","datePublished":"2025-01-07T13:12:48+00:00","dateModified":"2026-03-10T09:31:54+00:00","description":"M\u00f6chten Sie mehr \u00fcber Elicit Plant erfahren? Dann sind Sie hier genau richtig!","breadcrumb":{"@id":"https:\/\/www.elicit-plant.com\/de\/elicit-plant-in-kuerze\/#breadcrumb"},"inLanguage":"de","potentialAction":[{"@type":"ReadAction","target":["https:\/\/www.elicit-plant.com\/de\/elicit-plant-in-kuerze\/"]}]},{"@type":"ImageObject","inLanguage":"de","@id":"https:\/\/www.elicit-plant.com\/de\/elicit-plant-in-kuerze\/#primaryimage","url":"https:\/\/www.elicit-plant.com\/app\/uploads\/sites\/11\/2025\/01\/elicit-plant-est-en-phase-avec-le-plan-eau-du-gouvernement.webp","contentUrl":"https:\/\/www.elicit-plant.com\/app\/uploads\/sites\/11\/2025\/01\/elicit-plant-est-en-phase-avec-le-plan-eau-du-gouvernement.webp","width":1000,"height":562,"caption":"Maisblatt mit Wassertropfen"},{"@type":"BreadcrumbList","@id":"https:\/\/www.elicit-plant.com\/de\/elicit-plant-in-kuerze\/#breadcrumb","itemListElement":[{"@type":"ListItem","position":1,"name":"Accueil","item":"https:\/\/www.elicit-plant.com\/de\/"},{"@type":"ListItem","position":2,"name":"Elicit Plant in K\u00fcrze"}]},{"@type":"WebSite","@id":"https:\/\/www.elicit-plant.com\/de\/#website","url":"https:\/\/www.elicit-plant.com\/de\/","name":"Elicit Plant Deutschland","description":"","potentialAction":[{"@type":"SearchAction","target":{"@type":"EntryPoint","urlTemplate":"https:\/\/www.elicit-plant.com\/de\/?s={search_term_string}"},"query-input":{"@type":"PropertyValueSpecification","valueRequired":true,"valueName":"search_term_string"}}],"inLanguage":"de"}]}},"_links":{"self":[{"href":"https:\/\/www.elicit-plant.com\/de\/wp-json\/wp\/v2\/pages\/19","targetHints":{"allow":["GET"]}}],"collection":[{"href":"https:\/\/www.elicit-plant.com\/de\/wp-json\/wp\/v2\/pages"}],"about":[{"href":"https:\/\/www.elicit-plant.com\/de\/wp-json\/wp\/v2\/types\/page"}],"author":[{"embeddable":true,"href":"https:\/\/www.elicit-plant.com\/de\/wp-json\/wp\/v2\/users\/6"}],"replies":[{"embeddable":true,"href":"https:\/\/www.elicit-plant.com\/de\/wp-json\/wp\/v2\/comments?post=19"}],"version-history":[{"count":3,"href":"https:\/\/www.elicit-plant.com\/de\/wp-json\/wp\/v2\/pages\/19\/revisions"}],"predecessor-version":[{"id":608,"href":"https:\/\/www.elicit-plant.com\/de\/wp-json\/wp\/v2\/pages\/19\/revisions\/608"}],"wp:featuredmedia":[{"embeddable":true,"href":"https:\/\/www.elicit-plant.com\/de\/wp-json\/wp\/v2\/media\/72"}],"wp:attachment":[{"href":"https:\/\/www.elicit-plant.com\/de\/wp-json\/wp\/v2\/media?parent=19"}],"curies":[{"name":"wp","href":"https:\/\/api.w.org\/{rel}","templated":true}]}}