{"id":25,"date":"2025-01-07T14:13:04","date_gmt":"2025-01-07T13:13:04","guid":{"rendered":"https:\/\/www.elicit-plant.com\/de\/?page_id=25"},"modified":"2025-01-27T14:28:15","modified_gmt":"2025-01-27T13:28:15","slug":"vertriebspartner","status":"publish","type":"page","link":"https:\/\/www.elicit-plant.com\/de\/vertriebspartner\/","title":{"rendered":"Vertriebspartner"},"content":{"rendered":"<section class=\"cbo-hero cbo-margin-container hero--colorblue\" data-anim-group>\n\t<div class=\"cbo-breadcrumbs breadcrumbs--normal\">\n  <div class=\"breadcrumbs-inner\">\n    <span><span><a href=\"https:\/\/www.elicit-plant.com\/de\/\">Accueil<\/a><\/span><\/span>\t<\/div>\n<\/div>\n\t<div class=\"hero-inner cbo-container container--padding\">\n\n\t\t<div class=\"hero-shapes\">\n\t\t\t<div class=\"shapes-color scale-up\"><\/div>\n\n\t\t\t<div class=\"shapes-picture cbo-picture-cover scale-up\"  data-delay=\"450\">\n\t\t\t\t\t\t\t<\/div>\n\t\t<\/div>\n\n\t\t<div class=\"hero-content cbo-cms cms--large cms--white\">\n\t\t\t<div class=\"content-text\">\n\t\t\t\t<h1 class=\"hero-title cbo-heading slide-down\">\n\t\t\t\t\tM\u00f6chten Sie Vertriebspartner werden oder suchen Sie einen?\t\t\t\t<\/h1>\n\n\t\t\t\t\t\t\t<\/div>\n\t\t<\/div>\n\n\t<\/div>\n<\/section>\n\n\n<section class=\"cbo-forminfos\">\n\n    <div class=\"forminfos-inner cbo-container container--small\">\n                    <h2 class=\"forminfos-title\">\n                Sind Sie am Vertrieb unserer Produkte interessiert? Suchen Sie einen Vertriebspartner? Schreiben Sie uns!            <\/h2>\n         \n\n                    <div class=\"cbo-form\">\n                \n<div class=\"wpcf7 no-js\" id=\"wpcf7-f165-o1\" lang=\"fr-FR\" dir=\"ltr\" data-wpcf7-id=\"165\">\n<div class=\"screen-reader-response\"><p role=\"status\" aria-live=\"polite\" aria-atomic=\"true\"><\/p> <ul><\/ul><\/div>\n<form action=\"\/de\/wp-json\/wp\/v2\/pages\/25#wpcf7-f165-o1\" method=\"post\" class=\"wpcf7-form init\" id=\"form--165\" aria-label=\"Formulaire de contact\" novalidate=\"novalidate\" data-status=\"init\">\n<fieldset class=\"hidden-fields-container\"><input type=\"hidden\" name=\"_wpcf7\" value=\"165\" \/><input type=\"hidden\" name=\"_wpcf7_version\" value=\"6.1.5\" \/><input type=\"hidden\" name=\"_wpcf7_locale\" value=\"fr_FR\" \/><input type=\"hidden\" name=\"_wpcf7_unit_tag\" value=\"wpcf7-f165-o1\" \/><input type=\"hidden\" name=\"_wpcf7_container_post\" value=\"0\" \/><input type=\"hidden\" name=\"_wpcf7_posted_data_hash\" value=\"\" \/><input type=\"hidden\" name=\"_wpcf7cf_hidden_group_fields\" value=\"[]\" \/><input type=\"hidden\" name=\"_wpcf7cf_hidden_groups\" value=\"[]\" \/><input type=\"hidden\" name=\"_wpcf7cf_visible_groups\" value=\"[]\" \/><input type=\"hidden\" name=\"_wpcf7cf_repeaters\" value=\"[]\" \/><input type=\"hidden\" name=\"_wpcf7cf_steps\" value=\"{}\" \/><input type=\"hidden\" name=\"_wpcf7cf_options\" value=\"{&quot;form_id&quot;:165,&quot;conditions&quot;:[],&quot;settings&quot;:{&quot;animation&quot;:&quot;yes&quot;,&quot;animation_intime&quot;:200,&quot;animation_outtime&quot;:200,&quot;conditions_ui&quot;:&quot;normal&quot;,&quot;notice_dismissed&quot;:false}}\" \/>\n<\/fieldset>\n<div class=\"form-field\">\n    <div class=\"field-inner\">\n        <label>Nachname*<\/label>\n        <span class=\"wpcf7-form-control-wrap\" data-name=\"contact_name\"><input size=\"40\" maxlength=\"400\" class=\"wpcf7-form-control wpcf7-text wpcf7-validates-as-required\" autocomplete=\"name\" aria-required=\"true\" aria-invalid=\"false\" value=\"\" type=\"text\" name=\"contact_name\" \/><\/span>\n    <\/div>\n<\/div>\n\n<div class=\"form-field\">\n    <div class=\"field-inner\">\n        <label>Vorname*<\/label>\n        <span class=\"wpcf7-form-control-wrap\" data-name=\"contact_firstname\"><input size=\"40\" maxlength=\"400\" class=\"wpcf7-form-control wpcf7-text wpcf7-validates-as-required\" aria-required=\"true\" aria-invalid=\"false\" value=\"\" type=\"text\" name=\"contact_firstname\" \/><\/span>\n    <\/div>\n<\/div>\n\n<div class=\"form-field\">\n    <div class=\"field-inner\">\n        <label>Telefon<\/label>\n        <span class=\"wpcf7-form-control-wrap\" data-name=\"contact_phone\"><input size=\"40\" maxlength=\"400\" class=\"wpcf7-form-control wpcf7-tel wpcf7-text wpcf7-validates-as-tel\" aria-invalid=\"false\" value=\"\" type=\"tel\" name=\"contact_phone\" \/><\/span>\n    <\/div>\n<\/div>\n\n<div class=\"form-field\">\n    <div class=\"field-inner\">\n        <label>Berufliche E-Mail*<\/label>\n        <span class=\"wpcf7-form-control-wrap\" data-name=\"contact_email\"><input size=\"40\" maxlength=\"400\" class=\"wpcf7-form-control wpcf7-email wpcf7-validates-as-required wpcf7-text wpcf7-validates-as-email\" aria-required=\"true\" aria-invalid=\"false\" value=\"\" type=\"email\" name=\"contact_email\" \/><\/span>\n    <\/div>\n<\/div>\n\n<div class=\"form-field\">\n    <div class=\"field-inner\">\n        <label>Betreff*<\/label>\n        <span class=\"wpcf7-form-control-wrap\" data-name=\"contact_subject\"><select class=\"wpcf7-form-control wpcf7-select wpcf7-validates-as-required\" aria-required=\"true\" aria-invalid=\"false\" name=\"contact_subject\"><option value=\"\"><\/option><option value=\"Gesch\u00e4ftsanfrage\">Gesch\u00e4ftsanfrage<\/option><option value=\"Dokumentationsanfrage\">Dokumentationsanfrage<\/option><option value=\"Presseanfrage\">Presseanfrage<\/option><option value=\"Personalabteilung\">Personalabteilung<\/option><option value=\"Kundendienst\">Kundendienst<\/option><option value=\"Webmaster\">Webmaster<\/option><option value=\"Sonstiges\">Sonstiges<\/option><\/select><\/span>\n    <\/div>\n<\/div>\n\n<div class=\"form-field\">\n    <div class=\"field-inner\">\n        <label>Land*<\/label>\n        <span class=\"wpcf7-form-control-wrap\" data-name=\"contact_country\"><select class=\"wpcf7-form-control wpcf7-select wpcf7-validates-as-required\" aria-required=\"true\" aria-invalid=\"false\" name=\"contact_country\"><option value=\"\"><\/option><option value=\"AFGHANISTAN\">AFGHANISTAN<\/option><option value=\"\u00c4GYPTEN\">\u00c4GYPTEN<\/option><option value=\"ALBANIEN\">ALBANIEN<\/option><option value=\"ALGERIEN\">ALGERIEN<\/option><option value=\"AMERIKANISCH-SAMOA\">AMERIKANISCH-SAMOA<\/option><option value=\"ANDORRA\">ANDORRA<\/option><option value=\"ANGOLA\">ANGOLA<\/option><option value=\"ANGUILLA\">ANGUILLA<\/option><option value=\"ANTARKTIS\">ANTARKTIS<\/option><option value=\"ANTIGUA UND BARBUDA\">ANTIGUA UND BARBUDA<\/option><option value=\"ARGENTINIEN\">ARGENTINIEN<\/option><option value=\"ARMENIEN\">ARMENIEN<\/option><option value=\"ARUBA\">ARUBA<\/option><option value=\"AUSTRALIEN\">AUSTRALIEN<\/option><option value=\"BAHAMAS\">BAHAMAS<\/option><option value=\"BAHRAIN\">BAHRAIN<\/option><option value=\"BANGLADESCH\">BANGLADESCH<\/option><option value=\"BARBADOS\">BARBADOS<\/option><option value=\"BELARUS\">BELARUS<\/option><option value=\"BELGIEN\">BELGIEN<\/option><option value=\"BELIZE\">BELIZE<\/option><option value=\"BENIN\">BENIN<\/option><option value=\"BHUTAN\">BHUTAN<\/option><option value=\"BOLIVIEN\">BOLIVIEN<\/option><option value=\"BOSNIEN UND HERZEGOWINA\">BOSNIEN UND HERZEGOWINA<\/option><option value=\"BOTSWANA\">BOTSWANA<\/option><option value=\"BRASILIEN\">BRASILIEN<\/option><option value=\"BRUNEI DARUSSALAM\">BRUNEI DARUSSALAM<\/option><option value=\"BULGARIEN\">BULGARIEN<\/option><option value=\"BURKINA FASO\">BURKINA FASO<\/option><option value=\"BURUNDI\">BURUNDI<\/option><option value=\"CHILE\">CHILE<\/option><option value=\"CHINA\">CHINA<\/option><option value=\"COLOMBIA\">COLOMBIA<\/option><option value=\"COSTA RICA\">COSTA RICA<\/option><option value=\"DEUTSCHLAND\">DEUTSCHLAND<\/option><option value=\"DJIBOUTI\">DJIBOUTI<\/option><option value=\"DOMINICA\">DOMINICA<\/option><option value=\"DOMINIKANISCHE REPUBLIK\">DOMINIKANISCHE REPUBLIK<\/option><option value=\"ECUADOR\">ECUADOR<\/option><option value=\"EL SALVADOR\">EL SALVADOR<\/option><option value=\"ELFENBEINK\u00dcSTE\">ELFENBEINK\u00dcSTE<\/option><option value=\"ERITREA\">ERITREA<\/option><option value=\"ESTLAND\">ESTLAND<\/option><option value=\"FIJI\">FIJI<\/option><option value=\"FINNLAND\">FINNLAND<\/option><option value=\"FRANKREICH\">FRANKREICH<\/option><option value=\"GABUN\">GABUN<\/option><option value=\"GAMBIA\">GAMBIA<\/option><option value=\"GEORGIEN\">GEORGIEN<\/option><option value=\"GHANA\">GHANA<\/option><option value=\"GRIECHENLAND\">GRIECHENLAND<\/option><option value=\"GROSSBRITANNIEN\">GROSSBRITANNIEN<\/option><option value=\"GUATEMALA\">GUATEMALA<\/option><option value=\"GUINEA\">GUINEA<\/option><option value=\"GUYANA\">GUYANA<\/option><option value=\"HAITI\">HAITI<\/option><option value=\"HONDURAS\">HONDURAS<\/option><option value=\"HONGKONG\">HONGKONG<\/option><option value=\"INDIEN\">INDIEN<\/option><option value=\"INDONESIEN\">INDONESIEN<\/option><option value=\"IRAK\">IRAK<\/option><option value=\"IRAN\">IRAN<\/option><option value=\"IRLAND\">IRLAND<\/option><option value=\"ISLAND\">ISLAND<\/option><option value=\"ISRAEL\">ISRAEL<\/option><option value=\"ITALIEN\">ITALIEN<\/option><option value=\"JAMAICA\">JAMAICA<\/option><option value=\"JAPAN\">JAPAN<\/option><option value=\"JORDANIEN\">JORDANIEN<\/option><option value=\"KAMBODSCHA\">KAMBODSCHA<\/option><option value=\"KAMERUN\">KAMERUN<\/option><option value=\"KANADA\">KANADA<\/option><option value=\"KAP VERDE\">KAP VERDE<\/option><option value=\"KASACHSTAN\">KASACHSTAN<\/option><option value=\"KENIA\">KENIA<\/option><option value=\"KIRGISTAN\">KIRGISTAN<\/option><option value=\"KIRIBATI\">KIRIBATI<\/option><option value=\"KOLUMBIEN\">KOLUMBIEN<\/option><option value=\"KONGO\">KONGO<\/option><option value=\"KOSOVO\">KOSOVO<\/option><option value=\"KROATIEN\">KROATIEN<\/option><option value=\"KUBA\">KUBA<\/option><option value=\"KUWAIT\">KUWAIT<\/option><option value=\"LEBANON\">LEBANON<\/option><option value=\"LESOTHO\">LESOTHO<\/option><option value=\"LETTLAND\">LETTLAND<\/option><option value=\"LIBERIA\">LIBERIA<\/option><option value=\"LIECHTENSTEIN\">LIECHTENSTEIN<\/option><option value=\"LITAUEN\">LITAUEN<\/option><option value=\"LUXEMBURG\">LUXEMBURG<\/option><option value=\"MADAGASKAR\">MADAGASKAR<\/option><option value=\"MALAWI\">MALAWI<\/option><option value=\"MALAYSIA\">MALAYSIA<\/option><option value=\"MALDIVEN\">MALDIVEN<\/option><option value=\"MALI\">MALI<\/option><option value=\"MALTA\">MALTA<\/option><option value=\"MAROKKO\">MAROKKO<\/option><option value=\"MAURETANIEN\">MAURETANIEN<\/option><option value=\"MAURITIUS\">MAURITIUS<\/option><option value=\"MEXIKO\">MEXIKO<\/option><option value=\"MOLDAVIEN\">MOLDAVIEN<\/option><option value=\"MONACO\">MONACO<\/option><option value=\"MONGOLEI\">MONGOLEI<\/option><option value=\"MONTENEGRO\">MONTENEGRO<\/option><option value=\"MOSAMBIK\">MOSAMBIK<\/option><option value=\"MYANMAR\">MYANMAR<\/option><option value=\"NAMIBIA\">NAMIBIA<\/option><option value=\"NEPAL\">NEPAL<\/option><option value=\"NEUSEELAND\">NEUSEELAND<\/option><option value=\"NICARAGUA\">NICARAGUA<\/option><option value=\"NIEDERLANDE\">NIEDERLANDE<\/option><option value=\"NIGER\">NIGER<\/option><option value=\"NIGERIA\">NIGERIA<\/option><option value=\"NORWEGEN\">NORWEGEN<\/option><option value=\"\u00d6STERREICH\">\u00d6STERREICH<\/option><option value=\"OMAN\">OMAN<\/option><option value=\"PAKISTAN\">PAKISTAN<\/option><option value=\"PAL\u00c4STINA\">PAL\u00c4STINA<\/option><option value=\"PANAMA\">PANAMA<\/option><option value=\"PAPUA-NEUGUINEA\">PAPUA-NEUGUINEA<\/option><option value=\"PARAGUAY\">PARAGUAY<\/option><option value=\"PERU\">PERU<\/option><option value=\"PHILIPPINEN\">PHILIPPINEN<\/option><option value=\"POLEN\">POLEN<\/option><option value=\"PORTUGAL\">PORTUGAL<\/option><option value=\"QATAR\">QATAR<\/option><option value=\"REPUBLIK KOREA\">REPUBLIK KOREA<\/option><option value=\"RUM\u00c4NIEN\">RUM\u00c4NIEN<\/option><option value=\"RUSSLAND\">RUSSLAND<\/option><option value=\"RWANDA\">RWANDA<\/option><option value=\"SAUDI-ARABIEN\">SAUDI-ARABIEN<\/option><option value=\"SCHWEDEN\">SCHWEDEN<\/option><option value=\"SCHWEIZ\">SCHWEIZ<\/option><option value=\"SENEGAL\">SENEGAL<\/option><option value=\"SERBIEN\">SERBIEN<\/option><option value=\"SIERRA LEONE\">SIERRA LEONE<\/option><option value=\"SLOWAKEI\">SLOWAKEI<\/option><option value=\"SLOWENIEN\">SLOWENIEN<\/option><option value=\"SOMALIA\">SOMALIA<\/option><option value=\"SOUTH SUDAN\">SOUTH SUDAN<\/option><option value=\"SPANIEN\">SPANIEN<\/option><option value=\"SRI LANKA\">SRI LANKA<\/option><option value=\"S\u00dcDAFRIKA\">S\u00dcDAFRIKA<\/option><option value=\"S\u00dcDKOREA\">S\u00dcDKOREA<\/option><option value=\"SUR\">SUR<\/option><\/select><\/span>\n    <\/div>\n<\/div>\n\n<div data-id=\"group_zipcode\" data-orig_data_id=\"group_zipcode\" data-clear_on_hide class=\"\" data-class=\"wpcf7cf_group\">\n<div class=\"form-field\">\n    <div class=\"field-inner\">\n        <label>Postleitzahl<\/label>\n        <span class=\"wpcf7-form-control-wrap\" data-name=\"contact_zipcode\"><input size=\"40\" maxlength=\"400\" class=\"wpcf7-form-control wpcf7-text\" aria-invalid=\"false\" value=\"\" type=\"text\" name=\"contact_zipcode\" \/><\/span>\n    <\/div>\n<\/div>\n<\/div>\n\n<div class=\"form-field\">\n    <div class=\"field-inner\">\n        <label>Unternehmen<\/label>\n        <span class=\"wpcf7-form-control-wrap\" data-name=\"contact_company\"><input size=\"40\" maxlength=\"400\" class=\"wpcf7-form-control wpcf7-text\" aria-invalid=\"false\" value=\"\" type=\"text\" name=\"contact_company\" \/><\/span>\n    <\/div>\n<\/div>\n\n<div class=\"form-field form-textarea\">\n    <div class=\"field-inner\">\n        <label>Nachricht*<\/label>\n        <span class=\"wpcf7-form-control-wrap\" data-name=\"contact_message\"><textarea cols=\"40\" rows=\"10\" maxlength=\"2000\" class=\"wpcf7-form-control wpcf7-textarea\" aria-invalid=\"false\" name=\"contact_message\"><\/textarea><\/span>\n    <\/div>\n<\/div>\n\n<div class=\"form-field form-acceptance novalidate\">\n    <span class=\"wpcf7-form-control-wrap\" data-name=\"contact_acceptance\"><span class=\"wpcf7-form-control wpcf7-acceptance\"><span class=\"wpcf7-list-item\"><input type=\"checkbox\" name=\"contact_acceptance\" value=\"1\" id=\"contact_acceptance\" aria-invalid=\"false\" \/><\/span><\/span><\/span>\n    <label for=\"contact_acceptance\">\n        Ich akzeptiere, diese Nachricht zu senden und von Elicit Plant kontaktiert zu werden oder dass meine Daten gem\u00e4\u00df der Datenschutzerkl\u00e4rung verwendet werden d\u00fcrfen. \n    <\/label>\n<\/div>\n\n<div class=\"wpcf7-response-output\" aria-hidden=\"true\"><\/div>\n\n<div class=\"form-field form-submit\">\n    <button type=\"submit\" class=\"cbo-button wpcf7-form-control wpcf7-submit\">\n        Senden\n    <\/button>\n<\/div><div class=\"frc-captcha \" data-sitekey=\"FCMPJ7B9DDN459ON\" data-lang=\"de\" ><\/div>\n\t\t<noscript>You need to enable Javascript for the anti-spam check.<\/noscript>\n<\/form>\n<\/div>\n            <\/div>\n            <\/div>\n\n    <div class=\"forminfos-picture cbo-picture-cover\">\n        <img decoding=\"async\" src=\"https:\/\/www.elicit-plant.com\/app\/uploads\/sites\/11\/2025\/01\/corn-leafs-background-320x213.jpg\" srcset=\"https:\/\/www.elicit-plant.com\/app\/uploads\/sites\/11\/2025\/01\/corn-leafs-background-320x213.jpg 320w, https:\/\/www.elicit-plant.com\/app\/uploads\/sites\/11\/2025\/01\/corn-leafs-background-768x512.jpg 768w, https:\/\/www.elicit-plant.com\/app\/uploads\/sites\/11\/2025\/01\/corn-leafs-background-1024x683.jpg 1024w\" class=\"\" alt=\"Maisbl\u00e4tter Hintergrund\" width=\"320\" height=\"213\" sizes=\"auto, 100vw\" loading=\"lazy\" \/>    <\/div>\n\n<\/section>","protected":false},"excerpt":{"rendered":"","protected":false},"author":6,"featured_media":60,"parent":0,"menu_order":0,"comment_status":"closed","ping_status":"closed","template":"","meta":{"_acf_changed":false,"footnotes":""},"class_list":["post-25","page","type-page","status-publish","has-post-thumbnail","hentry"],"acf":[],"yoast_head":"<!-- This site is optimized with the Yoast SEO plugin v27.3 - https:\/\/yoast.com\/product\/yoast-seo-wordpress\/ -->\n<title>Vertriebspartner - Elicit Plant Deutschland<\/title>\n<meta name=\"description\" content=\"Elicit Plant und seine Teams f\u00fchren ihre Forschung in Zusammenarbeit mit international anerkannten technischen und wissenschaftlichen Partnern durch.\" \/>\n<meta name=\"robots\" content=\"index, follow, max-snippet:-1, max-image-preview:large, max-video-preview:-1\" \/>\n<link rel=\"canonical\" href=\"https:\/\/www.elicit-plant.com\/de\/vertriebspartner\/\" \/>\n<meta property=\"og:locale\" content=\"de_DE\" \/>\n<meta property=\"og:type\" content=\"article\" \/>\n<meta property=\"og:title\" content=\"Vertriebspartner - Elicit Plant Deutschland\" \/>\n<meta property=\"og:description\" content=\"Elicit Plant und seine Teams f\u00fchren ihre Forschung in Zusammenarbeit mit international anerkannten technischen und wissenschaftlichen Partnern durch.\" \/>\n<meta property=\"og:url\" content=\"https:\/\/www.elicit-plant.com\/de\/vertriebspartner\/\" \/>\n<meta property=\"og:site_name\" content=\"Elicit Plant Deutschland\" \/>\n<meta property=\"article:modified_time\" content=\"2025-01-27T13:28:15+00:00\" \/>\n<meta property=\"og:image\" content=\"https:\/\/www.elicit-plant.com\/de\/wp-content\/uploads\/sites\/11\/2025\/01\/partnership-between-farmers.jpg\" \/>\n\t<meta property=\"og:image:width\" content=\"624\" \/>\n\t<meta property=\"og:image:height\" content=\"400\" \/>\n\t<meta property=\"og:image:type\" content=\"image\/jpeg\" \/>\n<meta name=\"twitter:card\" content=\"summary_large_image\" \/>\n<meta name=\"twitter:label1\" content=\"Gesch\u00e4tzte Lesezeit\" \/>\n\t<meta name=\"twitter:data1\" content=\"1\u00a0Minute\" \/>\n<script type=\"application\/ld+json\" class=\"yoast-schema-graph\">{\"@context\":\"https:\\\/\\\/schema.org\",\"@graph\":[{\"@type\":\"WebPage\",\"@id\":\"https:\\\/\\\/www.elicit-plant.com\\\/de\\\/vertriebspartner\\\/\",\"url\":\"https:\\\/\\\/www.elicit-plant.com\\\/de\\\/vertriebspartner\\\/\",\"name\":\"Vertriebspartner - Elicit Plant Deutschland\",\"isPartOf\":{\"@id\":\"https:\\\/\\\/www.elicit-plant.com\\\/de\\\/#website\"},\"primaryImageOfPage\":{\"@id\":\"https:\\\/\\\/www.elicit-plant.com\\\/de\\\/vertriebspartner\\\/#primaryimage\"},\"image\":{\"@id\":\"https:\\\/\\\/www.elicit-plant.com\\\/de\\\/vertriebspartner\\\/#primaryimage\"},\"thumbnailUrl\":\"https:\\\/\\\/www.elicit-plant.com\\\/app\\\/uploads\\\/sites\\\/11\\\/2025\\\/01\\\/partnership-between-farmers.jpg\",\"datePublished\":\"2025-01-07T13:13:04+00:00\",\"dateModified\":\"2025-01-27T13:28:15+00:00\",\"description\":\"Elicit Plant und seine Teams f\u00fchren ihre Forschung in Zusammenarbeit mit international anerkannten technischen und wissenschaftlichen Partnern durch.\",\"breadcrumb\":{\"@id\":\"https:\\\/\\\/www.elicit-plant.com\\\/de\\\/vertriebspartner\\\/#breadcrumb\"},\"inLanguage\":\"de\",\"potentialAction\":[{\"@type\":\"ReadAction\",\"target\":[\"https:\\\/\\\/www.elicit-plant.com\\\/de\\\/vertriebspartner\\\/\"]}]},{\"@type\":\"ImageObject\",\"inLanguage\":\"de\",\"@id\":\"https:\\\/\\\/www.elicit-plant.com\\\/de\\\/vertriebspartner\\\/#primaryimage\",\"url\":\"https:\\\/\\\/www.elicit-plant.com\\\/app\\\/uploads\\\/sites\\\/11\\\/2025\\\/01\\\/partnership-between-farmers.jpg\",\"contentUrl\":\"https:\\\/\\\/www.elicit-plant.com\\\/app\\\/uploads\\\/sites\\\/11\\\/2025\\\/01\\\/partnership-between-farmers.jpg\",\"width\":624,\"height\":400,\"caption\":\"Partnerschaft zwischen Landwirten\"},{\"@type\":\"BreadcrumbList\",\"@id\":\"https:\\\/\\\/www.elicit-plant.com\\\/de\\\/vertriebspartner\\\/#breadcrumb\",\"itemListElement\":[{\"@type\":\"ListItem\",\"position\":1,\"name\":\"Accueil\",\"item\":\"https:\\\/\\\/www.elicit-plant.com\\\/de\\\/\"},{\"@type\":\"ListItem\",\"position\":2,\"name\":\"Vertriebspartner\"}]},{\"@type\":\"WebSite\",\"@id\":\"https:\\\/\\\/www.elicit-plant.com\\\/de\\\/#website\",\"url\":\"https:\\\/\\\/www.elicit-plant.com\\\/de\\\/\",\"name\":\"Elicit Plant Deutschland\",\"description\":\"\",\"potentialAction\":[{\"@type\":\"SearchAction\",\"target\":{\"@type\":\"EntryPoint\",\"urlTemplate\":\"https:\\\/\\\/www.elicit-plant.com\\\/de\\\/?s={search_term_string}\"},\"query-input\":{\"@type\":\"PropertyValueSpecification\",\"valueRequired\":true,\"valueName\":\"search_term_string\"}}],\"inLanguage\":\"de\"}]}<\/script>\n<!-- \/ Yoast SEO plugin. -->","yoast_head_json":{"title":"Vertriebspartner - Elicit Plant Deutschland","description":"Elicit Plant und seine Teams f\u00fchren ihre Forschung in Zusammenarbeit mit international anerkannten technischen und wissenschaftlichen Partnern durch.","robots":{"index":"index","follow":"follow","max-snippet":"max-snippet:-1","max-image-preview":"max-image-preview:large","max-video-preview":"max-video-preview:-1"},"canonical":"https:\/\/www.elicit-plant.com\/de\/vertriebspartner\/","og_locale":"de_DE","og_type":"article","og_title":"Vertriebspartner - Elicit Plant Deutschland","og_description":"Elicit Plant und seine Teams f\u00fchren ihre Forschung in Zusammenarbeit mit international anerkannten technischen und wissenschaftlichen Partnern durch.","og_url":"https:\/\/www.elicit-plant.com\/de\/vertriebspartner\/","og_site_name":"Elicit Plant Deutschland","article_modified_time":"2025-01-27T13:28:15+00:00","og_image":[{"width":624,"height":400,"url":"https:\/\/www.elicit-plant.com\/de\/wp-content\/uploads\/sites\/11\/2025\/01\/partnership-between-farmers.jpg","type":"image\/jpeg"}],"twitter_card":"summary_large_image","twitter_misc":{"Gesch\u00e4tzte Lesezeit":"1\u00a0Minute"},"schema":{"@context":"https:\/\/schema.org","@graph":[{"@type":"WebPage","@id":"https:\/\/www.elicit-plant.com\/de\/vertriebspartner\/","url":"https:\/\/www.elicit-plant.com\/de\/vertriebspartner\/","name":"Vertriebspartner - Elicit Plant Deutschland","isPartOf":{"@id":"https:\/\/www.elicit-plant.com\/de\/#website"},"primaryImageOfPage":{"@id":"https:\/\/www.elicit-plant.com\/de\/vertriebspartner\/#primaryimage"},"image":{"@id":"https:\/\/www.elicit-plant.com\/de\/vertriebspartner\/#primaryimage"},"thumbnailUrl":"https:\/\/www.elicit-plant.com\/app\/uploads\/sites\/11\/2025\/01\/partnership-between-farmers.jpg","datePublished":"2025-01-07T13:13:04+00:00","dateModified":"2025-01-27T13:28:15+00:00","description":"Elicit Plant und seine Teams f\u00fchren ihre Forschung in Zusammenarbeit mit international anerkannten technischen und wissenschaftlichen Partnern durch.","breadcrumb":{"@id":"https:\/\/www.elicit-plant.com\/de\/vertriebspartner\/#breadcrumb"},"inLanguage":"de","potentialAction":[{"@type":"ReadAction","target":["https:\/\/www.elicit-plant.com\/de\/vertriebspartner\/"]}]},{"@type":"ImageObject","inLanguage":"de","@id":"https:\/\/www.elicit-plant.com\/de\/vertriebspartner\/#primaryimage","url":"https:\/\/www.elicit-plant.com\/app\/uploads\/sites\/11\/2025\/01\/partnership-between-farmers.jpg","contentUrl":"https:\/\/www.elicit-plant.com\/app\/uploads\/sites\/11\/2025\/01\/partnership-between-farmers.jpg","width":624,"height":400,"caption":"Partnerschaft zwischen Landwirten"},{"@type":"BreadcrumbList","@id":"https:\/\/www.elicit-plant.com\/de\/vertriebspartner\/#breadcrumb","itemListElement":[{"@type":"ListItem","position":1,"name":"Accueil","item":"https:\/\/www.elicit-plant.com\/de\/"},{"@type":"ListItem","position":2,"name":"Vertriebspartner"}]},{"@type":"WebSite","@id":"https:\/\/www.elicit-plant.com\/de\/#website","url":"https:\/\/www.elicit-plant.com\/de\/","name":"Elicit Plant Deutschland","description":"","potentialAction":[{"@type":"SearchAction","target":{"@type":"EntryPoint","urlTemplate":"https:\/\/www.elicit-plant.com\/de\/?s={search_term_string}"},"query-input":{"@type":"PropertyValueSpecification","valueRequired":true,"valueName":"search_term_string"}}],"inLanguage":"de"}]}},"_links":{"self":[{"href":"https:\/\/www.elicit-plant.com\/de\/wp-json\/wp\/v2\/pages\/25","targetHints":{"allow":["GET"]}}],"collection":[{"href":"https:\/\/www.elicit-plant.com\/de\/wp-json\/wp\/v2\/pages"}],"about":[{"href":"https:\/\/www.elicit-plant.com\/de\/wp-json\/wp\/v2\/types\/page"}],"author":[{"embeddable":true,"href":"https:\/\/www.elicit-plant.com\/de\/wp-json\/wp\/v2\/users\/6"}],"replies":[{"embeddable":true,"href":"https:\/\/www.elicit-plant.com\/de\/wp-json\/wp\/v2\/comments?post=25"}],"version-history":[{"count":2,"href":"https:\/\/www.elicit-plant.com\/de\/wp-json\/wp\/v2\/pages\/25\/revisions"}],"predecessor-version":[{"id":249,"href":"https:\/\/www.elicit-plant.com\/de\/wp-json\/wp\/v2\/pages\/25\/revisions\/249"}],"wp:featuredmedia":[{"embeddable":true,"href":"https:\/\/www.elicit-plant.com\/de\/wp-json\/wp\/v2\/media\/60"}],"wp:attachment":[{"href":"https:\/\/www.elicit-plant.com\/de\/wp-json\/wp\/v2\/media?parent=25"}],"curies":[{"name":"wp","href":"https:\/\/api.w.org\/{rel}","templated":true}]}}