{"id":251,"date":"2025-01-27T14:33:01","date_gmt":"2025-01-27T13:33:01","guid":{"rendered":"https:\/\/www.elicit-plant.com\/de\/?page_id=251"},"modified":"2025-10-07T12:02:55","modified_gmt":"2025-10-07T10:02:55","slug":"impressum","status":"publish","type":"page","link":"https:\/\/www.elicit-plant.com\/de\/impressum\/","title":{"rendered":"Impressum"},"content":{"rendered":"<section class=\"cbo-heropicture\" data-anim-group>\n\t<div class=\"cbo-breadcrumbs breadcrumbs--normal\">\n  <div class=\"breadcrumbs-inner\">\n    <span><span><a href=\"https:\/\/www.elicit-plant.com\/de\/\">Accueil<\/a><\/span><\/span>\t<\/div>\n<\/div>\n\t<div class=\"heropicture-picture cbo-picture-cover\">\n\t\t<img decoding=\"async\" src=\"https:\/\/www.elicit-plant.com\/app\/uploads\/sites\/11\/2025\/01\/Tractor-treating-fields-1024x570.jpg\" srcset=\"https:\/\/www.elicit-plant.com\/app\/uploads\/sites\/11\/2025\/01\/Tractor-treating-fields-320x178.jpg 320w, https:\/\/www.elicit-plant.com\/app\/uploads\/sites\/11\/2025\/01\/Tractor-treating-fields-768x427.jpg 768w, https:\/\/www.elicit-plant.com\/app\/uploads\/sites\/11\/2025\/01\/Tractor-treating-fields-1024x570.jpg 1024w, https:\/\/www.elicit-plant.com\/app\/uploads\/sites\/11\/2025\/01\/Tractor-treating-fields.jpg 1280w, https:\/\/www.elicit-plant.com\/app\/uploads\/sites\/11\/2025\/01\/Tractor-treating-fields.jpg 1920w\" class=\"\" alt=\"Traktor, der Felder bearbeitet\" width=\"1024\" height=\"570\" sizes=\"auto, 100vw\" loading=\"lazy\" \/>\t<\/div>\n\n\t<div class=\"heropicture-inner cbo-container container--small container--padding\">\n\t\t<div class=\"heropicture-content\">\n\n\t\t\t\n\t\t\t<h1 class=\"content-title cbo-title-2 slide-down\">\n\t\t\t\tImpressum\t\t\t<\/h1>\n\t\t<\/div>\n\t<\/div>\n<\/section>\n\n<section class=\"cbo-text cbo-margin-container\">\n    <div class=\"\n        text-inner\n                cbo-container\n        container--small        \"\n    >\n        <div class=\"text-content cbo-cms cms--large\">\n            <p>Die nachstehenden rechtlichen Hinweise gelten f\u00fcr die vorliegende Website <a href=\"http:\/\/www.elicit-plant.com\">www.elicit-plant.com<\/a><\/p>\n<p><strong>Gesellschaftsname<\/strong>: ELICIT PLANT<\/p>\n<p><strong>Sitz<\/strong>: LIEUDIT LE CHATAIGNIER, 1 PAS DE LA CROIX, 16220 MOULINS-SUR-TARDOIRE, CHARENTE (16)<\/p>\n<p><strong>Rechtsform<\/strong>: Soci\u00e9t\u00e9 par Actions Simplifi\u00e9e (vereinfachte Aktiengesellschaft)<\/p>\n<p><strong>Grundkapital<\/strong>: 139 417,50 \u20ac<\/p>\n<p><strong>Eingetragen im Handels- und Gesellschaftsregister (RCS) von Angoul\u00eame<\/strong>: SIREN-Nr.: 831 286 455 und SIRET-Nr.: 831 286 455 00025<\/p>\n<p><strong>USt-IdNr. (innergemeinschaftlich)<\/strong>: FR47831286455<\/p>\n<p><strong>Verantwortlicher Herausgeber<\/strong>: Herr Jean-Fran\u00e7ois DECHANT<\/p>\n<p><strong>Telefon<\/strong>: +33 <a href=\"https:\/\/www.google.com\/search?q=t%C3%A9l%C3%A9phone+elicit+plant&amp;rlz=1C1GCEU_frFR1073FR1073&amp;oq=t%C3%A9l%C3%A9phone+elicit+plant&amp;gs_lcrp=EgZjaHJvbWUyCAgAEEUYFRg5MgcIARAhGKABMgcIAhAhGKABMgcIAxAhGKAB0gEINTk1N2owajeoAgCwAgA&amp;sourceid=chrome&amp;ie=UTF-8\">05 45 23 18 38<\/a><\/p>\n<p><strong>E-Mail<\/strong>: <a href=\"mailto:dataprivacy@elicit-plant.com\">dataprivacy@elicit-plant.com<\/a><\/p>\n<p><strong>Hosting-Anbieter<\/strong>: Infomaniak,<\/p>\n<p><u>Gesellschaftsbezeichnung<\/u>: Infomaniak Network SA<br \/>\n<u>Adresse<\/u>: Rue Eug\u00e8ne Marziano 25 &#8211; 1227 Les Acacias (GE)<br \/>\n<u><a href=\"https:\/\/www.infomaniak.com\/fr\/aide\">Kontakt<\/a><\/u><\/p>\n<p>&nbsp;<\/p>\n<h2 style=\"text-align: center;\"><strong>ALLGEMEINE NUTZUNGSBEDINGUNGEN DER WEBSITE<br \/>\n<\/strong><a href=\"http:\/\/WWW.ASDIA.FR\"><strong>WWW.ELICIT-PLANT.COM<\/strong><\/a><\/h2>\n<p>&nbsp;<\/p>\n<p>Der Zugang zu, die Einsicht in und die Nutzung der Website www. <a href=\"https:\/\/www.elicit-plant.com\">https:\/\/www.elicit-plant.com<\/a> (die \u00ab<strong><em>Website<\/em><\/strong>\u00bb oder der \u00ab<strong><em>Site<\/em><\/strong>\u00bb) unterliegen den vorliegenden Allgemeinen Nutzungsbedingungen (\u00ab<strong><em>ANB<\/em><\/strong>\u00bb).<\/p>\n<p>Durch das Aufrufen und\/oder den Zugriff auf die Website gilt der Besucher und\/oder Nutzer (\u00ab<strong><em>Sie<\/em><\/strong>\u00bb) als vorbehaltlos mit diesen ANB einverstanden. Sie werden daher gebeten, diese vor jeder Navigation und\/oder Fortsetzung der Navigation auf der Website aufmerksam zu lesen.<\/p>\n<p>ELICIT PLANT beh\u00e4lt sich das Recht vor, diese ANB jederzeit zu \u00e4ndern. Die auf der Website verf\u00fcgbaren ANB stellen die aktuellste, g\u00fcltige Fassung dar.<\/p>\n<p>Sollte eine Bestimmung der ANB aufgrund der geltenden Gesetze und Vorschriften f\u00fcr nichtig und\/oder unwirksam erkl\u00e4rt werden, bleiben die \u00fcbrigen Bestimmungen anwendbar.<\/p>\n<p>&nbsp;<\/p>\n<h2>ARTIKEL 1 \u2013 ZUGANG ZUR WEBSITE \u2013 FUNKTIONEN \u2013 NUTZUNG<\/h2>\n<p>1.1.<\/p>\n<p>Der Zugang zur Website und deren Nutzung sind ausschlie\u00dflich f\u00fcr den strikt pers\u00f6nlichen Gebrauch vorbehalten. Sie verpflichten sich, diese Website sowie die darin enthaltenen Informationen oder Daten nicht f\u00fcr kommerzielle, politische oder werbliche Zwecke und f\u00fcr jede Form der gesch\u00e4ftlichen Ansprache zu verwenden, insbesondere nicht f\u00fcr den Versand unaufgeforderter E-Mails.<\/p>\n<p>Allgemeiner verpflichten Sie sich im Rahmen Ihres Zugriffs auf, Ihrer Einsicht in und Ihrer Nutzung der Website:<\/p>\n<ul>\n<li>zu pr\u00fcfen, dass die verwendete IT-Konfiguration keine Viren enth\u00e4lt und sich in einwandfreiem Zustand befindet;<\/li>\n<li>die Website nicht ganz oder teilweise auf eine andere Website oder einen sonstigen Datentr\u00e4ger zu kopieren;<\/li>\n<li>keine Systeme einzurichten, die geeignet sind, die Website ganz oder teilweise zu hacken oder gegen diese ANB zu versto\u00dfen;<\/li>\n<li>ELICIT PLANT unverz\u00fcglich zu informieren, sobald Sie von einem \u00ab<em>Hack<\/em>\u00bb Kenntnis erlangen, insbesondere von jeder unrechtm\u00e4\u00dfigen oder vertragswidrigen Nutzung der auf der Website enthaltenen Elemente, unabh\u00e4ngig von der verwendeten Verbreitungsart;<\/li>\n<li>diese ANB einzuhalten.<\/li>\n<\/ul>\n<p>1.2.<\/p>\n<p>Die Website dient insbesondere folgenden Funktionen:<\/p>\n<ul>\n<li>Vorstellung von ELICIT PLANT und seiner T\u00e4tigkeit;<\/li>\n<li>Ver\u00f6ffentlichung und Verbreitung von Informationen zu den Aktivit\u00e4ten, Produkten und Dienstleistungen von ELICIT PLANT;<\/li>\n<li>Ver\u00f6ffentlichung von Stellenangeboten bei ELICIT PLANT;<\/li>\n<li>Kontaktaufnahme mit den verschiedenen Abteilungen von ELICIT PLANT.<\/li>\n<\/ul>\n<h2><\/h2>\n<h2>ARTIKEL 2 \u2013 GEISTIGES EIGENTUM<\/h2>\n<p>ELICIT PLANT gew\u00e4hrt Ihnen lediglich ein einfaches Recht auf Einsichtnahme in die \u00fcber die Website zug\u00e4nglichen Informationen und Inhalte w\u00e4hrend der Dauer Ihres Zugriffs und Ihrer Einsichtnahme.<\/p>\n<p>S\u00e4mtliche Elemente und Inhalte der Website, insbesondere Marken, Logos, Bilder, Zeichnungen, Grafiken, Styleguides, Symbole, Strukturen, Pr\u00e4sentationen, Textinhalte sowie alle Software-Anwendungen, die zum Betrieb dieser Website eingesetzt werden k\u00f6nnten, sind und bleiben das ausschlie\u00dfliche Eigentum von ELICIT PLANT und\/oder seiner Partner.<\/p>\n<p>Die Wort- und Bildmarken (Logos) von ELICIT PLANT bzw. zur Bezeichnung seiner Produkte und Dienstleistungen genie\u00dfen Schutzrechte und sind insbesondere in Frankreich und international als Marken eingetragen.<\/p>\n<p>Folglich sind jede Vervielf\u00e4ltigung, Darstellung, Nutzung, \u00c4nderung oder Anpassung \u2013 in welcher Form auch immer \u2013 s\u00e4mtlicher oder eines Teils der Elemente und Inhalte der Website, einschlie\u00dflich der Software-Anwendungen, ohne vorherige, ausdr\u00fcckliche und schriftliche Zustimmung von ELICIT PLANT strengstens untersagt und k\u00f6nnen insbesondere wegen Schutzrechtsverletzung und unlauteren Wettbewerbs nach geltendem Recht verfolgt werden.<\/p>\n<p>Das Unterlassen rechtlicher Schritte unmittelbar nach Kenntnisnahme einer unbefugten Nutzung stellt keine Zustimmung zu dieser Nutzung und keinen Verzicht auf sp\u00e4tere Schritte dar.<\/p>\n<p>&nbsp;<\/p>\n<h2>ARTIKEL 3 \u2013 VERWALTUNG DER WEBSITE<\/h2>\n<p>Zur ordnungsgem\u00e4\u00dfen Verwaltung der Website kann ELICIT PLANT jederzeit, dauerhaft oder vor\u00fcbergehend:<\/p>\n<ul>\n<li>den Zugang zur gesamten Website oder zu Teilen davon aussetzen, unterbrechen oder beschr\u00e4nken; den Zugang zur Website oder zu bestimmten Bereichen einer bestimmten Nutzerkategorie vorbehalten;<\/li>\n<\/ul>\n<ul>\n<li>die Konfiguration der Website und\/oder alle Informationen l\u00f6schen und\/oder \u00e4ndern, die deren Betrieb st\u00f6ren k\u00f6nnten, gegen nationale oder internationale Gesetze versto\u00dfen oder den Regeln der \u00abNetiquette\u00bb widersprechen;<\/li>\n<\/ul>\n<ul>\n<li>die Website aussetzen, insbesondere um Aktualisierungen und\/oder Wartungsarbeiten durchzuf\u00fchren. Wartungsarbeiten k\u00f6nnen ohne vorherige Benachrichtigung erfolgen.<\/li>\n<\/ul>\n<p>&nbsp;<\/p>\n<p><span style=\"font-size: 2.25rem; font-weight: 600; letter-spacing: -0.0536em;\">ARTIKEL 4 \u2013 HAFTUNG<\/span><\/p>\n<p>4.1.<\/p>\n<p>Die auf der Website von ELICIT PLANT erscheinenden Informationen dienen ausschlie\u00dflich zu Informationszwecken und stellen in keiner Weise ein Angebot f\u00fcr ein spezifisches von ELICIT PLANT erbrachtes Produkt oder eine spezifische Dienstleistung dar. Wenn Sie Einzelheiten zu den von ELICIT PLANT erbrachten Leistungen erfahren m\u00f6chten, k\u00f6nnen Sie ELICIT PLANT direkt \u00fcber die auf der Website angegebenen Kontaktdaten kontaktieren.<\/p>\n<p>Obwohl ELICIT PLANT angemessene Sorgfalt walten l\u00e4sst, um alle auf seiner Website bereitgestellten Informationen zu \u00fcberpr\u00fcfen, garantiert ELICIT PLANT nicht, dass die auf dieser Website sowie auf verlinkten Websites verbreiteten Informationen jederzeit vollst\u00e4ndig, richtig und aktuell sind.<\/p>\n<p>4.2.<\/p>\n<p>ELICIT PLANT wird sich im Rahmen einer Sorgfaltspflicht bem\u00fchen, den Zugang zur Website sowie deren Einsicht und Nutzung zu sichern.<\/p>\n<p>Die Website ist 24 Stunden am Tag, 7 Tage die Woche zug\u00e4nglich, vorbehaltlich h\u00f6herer Gewalt, Fremdursachen, Ereignissen au\u00dferhalb unseres Einflussbereichs sowie etwaiger St\u00f6rungen, Fehlfunktionen und korrigierender oder weiterentwickelnder Wartungseingriffe im Zusammenhang mit den Unw\u00e4gbarkeiten des Internets und\/oder die f\u00fcr den ordnungsgem\u00e4\u00dfen Betrieb und die Weiterentwicklung der Website erforderlich sind.<\/p>\n<p>Eine Haftung von ELICIT PLANT ist ausgeschlossen bei Ausfall, St\u00f6rung, Schwierigkeiten oder Betriebsunterbrechungen, die den Zugang zur Website oder zu einer ihrer Funktionen verhindern.<\/p>\n<p>4.3.<\/p>\n<p>Die von Ihnen f\u00fcr die Verbindung zur Website verwendete Hardware liegt in Ihrer alleinigen Verantwortung.<\/p>\n<p>Sie m\u00fcssen alle geeigneten Ma\u00dfnahmen ergreifen, um Ihre Hardware und Ihre eigenen Daten \u2013 insbesondere vor Virenangriffen \u00fcber das Internet \u2013 zu sch\u00fctzen.<\/p>\n<p>Sie sind ferner allein verantwortlich f\u00fcr die Nutzung der Website sowie der Websites, Dienste und Daten, die Sie \u00fcber das Internet aufrufen und nutzen.<\/p>\n<p>ELICIT PLANT haftet daher nicht f\u00fcr Sch\u00e4den, die Ihnen selbst, Dritten und\/oder Ihrer Ausr\u00fcstung entstehen, oder f\u00fcr gerichtliche Schritte gegen Sie infolge Ihrer Verbindung oder Nutzung der Website sowie von \u00fcber das Internet zug\u00e4nglichen Diensten oder infolge der Nichteinhaltung dieser ANB.<\/p>\n<p>Sollte ELICIT PLANT aufgrund Ihrer Nutzung der Website Gegenstand eines au\u00dfergerichtlichen oder gerichtlichen Verfahrens werden, beh\u00e4lt sich ELICIT PLANT das Recht vor, R\u00fcckgriff gegen Sie zu nehmen, um Ersatz s\u00e4mtlicher Sch\u00e4den, Betr\u00e4ge, Verurteilungen und Kosten zu erlangen, die aus diesem Verfahren resultieren k\u00f6nnten.<\/p>\n<h2>ARTIKEL 5 \u2013 HYPERLINKS<\/h2>\n<p>5.1.<\/p>\n<p>Von der Website aus kann ELICIT PLANT Ihnen Links zu anderen Websites oder Informationsquellen zur Verf\u00fcgung stellen, die von Partnerseiten verwaltet werden.<\/p>\n<p>Da ELICIT PLANT auf diese Partnerdienste und externen Quellen keinen Einfluss aus\u00fcben kann, werden die auf dieser Website enthaltenen direkten oder indirekten Links zu anderen Websites ohne jegliche Gew\u00e4hr bereitgestellt, \u00abwie besehen\u00bb, und die Nutzung erfolgt auf Ihr eigenes Risiko.<\/p>\n<p>ELICIT PLANT lehnt daher jede Verantwortung f\u00fcr die Bereitstellung und die Inhalte dieser Websites und externen Quellen ab, insbesondere f\u00fcr jegliche Werbung, Produkte, Dienstleistungen oder sonstiges Material, das auf oder \u00fcber diese Websites oder externen Quellen verf\u00fcgbar ist, sowie f\u00fcr etwaige Sch\u00e4den, die dadurch verursacht werden k\u00f6nnten.<\/p>\n<p>5.2.<\/p>\n<p>Die Erstellung und\/oder Einrichtung eines Hyperlinks durch Sie zum gesamten Inhalt der Website oder jede andere Technik, die darin besteht, einen Teil der Website auf einer Drittseite anzuzeigen, ist strengstens untersagt und darf nur mit der vorherigen, ausdr\u00fccklichen und schriftlichen Genehmigung von ELICIT PLANT erfolgen, und dies unter der Voraussetzung, dass die urspr\u00fcnglichen Informationen auf der Website oder deren Herkunft nicht verf\u00e4lscht werden.<\/p>\n<p>F\u00fcr den Fall, dass ELICIT PLANT Ihnen eine solche Genehmigung erteilt, ist diese in jedem Fall nur vor\u00fcbergehend und kann jederzeit ohne Begr\u00fcndung widerrufen werden.<\/p>\n<p>Jedenfalls muss jeder Link, den Sie auf der Website einf\u00fcgen, auf erste Aufforderung von ELICIT PLANT entfernt werden.<\/p>\n<p>&nbsp;<\/p>\n<h2>ARTIKEL 6 \u2013 SCHUTZ PERSONENBEZOGENER DATEN<\/h2>\n<p>Sie k\u00f6nnen sich \u00fcber die Verarbeitungen informieren, die ELICIT PLANT an Ihren personenbezogenen Daten vornehmen kann, sowie allgemeiner \u00fcber unsere Verpflichtungen im Bereich des Schutzes personenbezogener Daten, indem Sie unsere Datenschutzrichtlinie aufrufen.<\/p>\n<p>&nbsp;<\/p>\n<h2>ARTIKEL 7 \u2013 COOKIES<\/h2>\n<p>Weitere Informationen zu den im Rahmen der Website verwendeten Cookies und zur Verwaltung Ihrer Einwilligung finden Sie in unserer Cookie-Richtlinie.<\/p>\n<p>&nbsp;<\/p>\n<h2>ARTIKEL 8 \u2013 ANWENDBARES RECHT \/ GERICHTSSTAND<\/h2>\n<p>Die vorliegenden ANB unterliegen dem franz\u00f6sischen Recht und fallen in die ausschlie\u00dfliche Zust\u00e4ndigkeit der franz\u00f6sischen Gerichte.<\/p>\n\n            <div style=\"clear: both;\"><\/div>\n        <\/div>\n    <\/div>\n<\/section>\n","protected":false},"excerpt":{"rendered":"<p>Die nachstehenden rechtlichen Hinweise gelten f\u00fcr die vorliegende Website www.elicit-plant.com Gesellschaftsname: ELICIT PLANT Sitz: LIEUDIT LE CHATAIGNIER, 1 PAS DE LA CROIX, 16220 MOULINS-SUR-TARDOIRE, CHARENTE (16) Rechtsform: Soci\u00e9t\u00e9 par Actions Simplifi\u00e9e (vereinfachte Aktiengesellschaft) Grundkapital: 139 417,50 \u20ac Eingetragen im Handels- und Gesellschaftsregister (RCS) von Angoul\u00eame: SIREN-Nr.: 831 286 455 und SIRET-Nr.: 831 286 455 00025 USt-IdNr. (innergemeinschaftlich): FR47831286455 Verantwortlicher Herausgeber: Herr Jean-Fran\u00e7ois DECHANT Telefon: +33 05 45 23 18 38 E-Mail: dataprivacy@elicit-plant.com Hosting-Anbieter: Infomaniak, Gesellschaftsbezeichnung: Infomaniak Network SA Adresse: Rue Eug\u00e8ne Marziano 25 &#8211; 1227 Les Acacias (GE) Kontakt &nbsp; ALLGEMEINE NUTZUNGSBEDINGUNGEN DER WEBSITE WWW.ELICIT-PLANT.COM &nbsp; Der Zugang zu, die Einsicht in und die Nutzung der Website www. https:\/\/www.elicit-plant.com (die \u00abWebsite\u00bb oder der \u00abSite\u00bb) unterliegen den&#8230;<\/p>\n","protected":false},"author":6,"featured_media":48,"parent":0,"menu_order":0,"comment_status":"closed","ping_status":"closed","template":"","meta":{"_acf_changed":false,"footnotes":""},"class_list":["post-251","page","type-page","status-publish","has-post-thumbnail","hentry"],"acf":[],"yoast_head":"<!-- This site is optimized with the Yoast SEO plugin v27.2 - https:\/\/yoast.com\/product\/yoast-seo-wordpress\/ -->\n<title>Impressum - Elicit Plant Deutschland<\/title>\n<meta name=\"robots\" content=\"noindex, follow\" \/>\n<meta property=\"og:locale\" content=\"de_DE\" \/>\n<meta property=\"og:type\" content=\"article\" \/>\n<meta property=\"og:title\" content=\"Impressum - Elicit Plant Deutschland\" \/>\n<meta property=\"og:description\" content=\"Die nachstehenden rechtlichen Hinweise gelten f\u00fcr die vorliegende Website www.elicit-plant.com Gesellschaftsname: ELICIT PLANT Sitz: LIEUDIT LE CHATAIGNIER, 1 PAS DE LA CROIX, 16220 MOULINS-SUR-TARDOIRE, CHARENTE (16) Rechtsform: Soci\u00e9t\u00e9 par Actions Simplifi\u00e9e (vereinfachte Aktiengesellschaft) Grundkapital: 139 417,50 \u20ac Eingetragen im Handels- und Gesellschaftsregister (RCS) von Angoul\u00eame: SIREN-Nr.: 831 286 455 und SIRET-Nr.: 831 286 455 00025 USt-IdNr. (innergemeinschaftlich): FR47831286455 Verantwortlicher Herausgeber: Herr Jean-Fran\u00e7ois DECHANT Telefon: +33 05 45 23 18 38 E-Mail: dataprivacy@elicit-plant.com Hosting-Anbieter: Infomaniak, Gesellschaftsbezeichnung: Infomaniak Network SA Adresse: Rue Eug\u00e8ne Marziano 25 - 1227 Les Acacias (GE) Kontakt &nbsp; ALLGEMEINE NUTZUNGSBEDINGUNGEN DER WEBSITE WWW.ELICIT-PLANT.COM &nbsp; Der Zugang zu, die Einsicht in und die Nutzung der Website www. https:\/\/www.elicit-plant.com (die \u00abWebsite\u00bb oder der \u00abSite\u00bb) unterliegen den...\" \/>\n<meta property=\"og:url\" content=\"https:\/\/www.elicit-plant.com\/de\/impressum\/\" \/>\n<meta property=\"og:site_name\" content=\"Elicit Plant Deutschland\" \/>\n<meta property=\"article:modified_time\" content=\"2025-10-07T10:02:55+00:00\" \/>\n<meta property=\"og:image\" content=\"https:\/\/www.elicit-plant.com\/app\/uploads\/sites\/11\/2025\/01\/Tractor-treating-fields.jpg\" \/>\n\t<meta property=\"og:image:width\" content=\"1400\" \/>\n\t<meta property=\"og:image:height\" content=\"779\" \/>\n\t<meta property=\"og:image:type\" content=\"image\/jpeg\" \/>\n<meta name=\"twitter:card\" content=\"summary_large_image\" \/>\n<meta name=\"twitter:label1\" content=\"Gesch\u00e4tzte Lesezeit\" \/>\n\t<meta name=\"twitter:data1\" content=\"1\u00a0Minute\" \/>\n<script type=\"application\/ld+json\" class=\"yoast-schema-graph\">{\"@context\":\"https:\/\/schema.org\",\"@graph\":[{\"@type\":\"WebPage\",\"@id\":\"https:\/\/www.elicit-plant.com\/de\/impressum\/\",\"url\":\"https:\/\/www.elicit-plant.com\/de\/impressum\/\",\"name\":\"Impressum - Elicit Plant Deutschland\",\"isPartOf\":{\"@id\":\"https:\/\/www.elicit-plant.com\/de\/#website\"},\"primaryImageOfPage\":{\"@id\":\"https:\/\/www.elicit-plant.com\/de\/impressum\/#primaryimage\"},\"image\":{\"@id\":\"https:\/\/www.elicit-plant.com\/de\/impressum\/#primaryimage\"},\"thumbnailUrl\":\"https:\/\/www.elicit-plant.com\/app\/uploads\/sites\/11\/2025\/01\/Tractor-treating-fields.jpg\",\"datePublished\":\"2025-01-27T13:33:01+00:00\",\"dateModified\":\"2025-10-07T10:02:55+00:00\",\"breadcrumb\":{\"@id\":\"https:\/\/www.elicit-plant.com\/de\/impressum\/#breadcrumb\"},\"inLanguage\":\"de\",\"potentialAction\":[{\"@type\":\"ReadAction\",\"target\":[\"https:\/\/www.elicit-plant.com\/de\/impressum\/\"]}]},{\"@type\":\"ImageObject\",\"inLanguage\":\"de\",\"@id\":\"https:\/\/www.elicit-plant.com\/de\/impressum\/#primaryimage\",\"url\":\"https:\/\/www.elicit-plant.com\/app\/uploads\/sites\/11\/2025\/01\/Tractor-treating-fields.jpg\",\"contentUrl\":\"https:\/\/www.elicit-plant.com\/app\/uploads\/sites\/11\/2025\/01\/Tractor-treating-fields.jpg\",\"width\":1400,\"height\":779,\"caption\":\"Traktor, der Felder bearbeitet\"},{\"@type\":\"BreadcrumbList\",\"@id\":\"https:\/\/www.elicit-plant.com\/de\/impressum\/#breadcrumb\",\"itemListElement\":[{\"@type\":\"ListItem\",\"position\":1,\"name\":\"Accueil\",\"item\":\"https:\/\/www.elicit-plant.com\/de\/\"},{\"@type\":\"ListItem\",\"position\":2,\"name\":\"Impressum\"}]},{\"@type\":\"WebSite\",\"@id\":\"https:\/\/www.elicit-plant.com\/de\/#website\",\"url\":\"https:\/\/www.elicit-plant.com\/de\/\",\"name\":\"Elicit Plant Deutschland\",\"description\":\"\",\"potentialAction\":[{\"@type\":\"SearchAction\",\"target\":{\"@type\":\"EntryPoint\",\"urlTemplate\":\"https:\/\/www.elicit-plant.com\/de\/?s={search_term_string}\"},\"query-input\":{\"@type\":\"PropertyValueSpecification\",\"valueRequired\":true,\"valueName\":\"search_term_string\"}}],\"inLanguage\":\"de\"}]}<\/script>\n<!-- \/ Yoast SEO plugin. -->","yoast_head_json":{"title":"Impressum - Elicit Plant Deutschland","robots":{"index":"noindex","follow":"follow"},"og_locale":"de_DE","og_type":"article","og_title":"Impressum - Elicit Plant Deutschland","og_description":"Die nachstehenden rechtlichen Hinweise gelten f\u00fcr die vorliegende Website www.elicit-plant.com Gesellschaftsname: ELICIT PLANT Sitz: LIEUDIT LE CHATAIGNIER, 1 PAS DE LA CROIX, 16220 MOULINS-SUR-TARDOIRE, CHARENTE (16) Rechtsform: Soci\u00e9t\u00e9 par Actions Simplifi\u00e9e (vereinfachte Aktiengesellschaft) Grundkapital: 139 417,50 \u20ac Eingetragen im Handels- und Gesellschaftsregister (RCS) von Angoul\u00eame: SIREN-Nr.: 831 286 455 und SIRET-Nr.: 831 286 455 00025 USt-IdNr. (innergemeinschaftlich): FR47831286455 Verantwortlicher Herausgeber: Herr Jean-Fran\u00e7ois DECHANT Telefon: +33 05 45 23 18 38 E-Mail: dataprivacy@elicit-plant.com Hosting-Anbieter: Infomaniak, Gesellschaftsbezeichnung: Infomaniak Network SA Adresse: Rue Eug\u00e8ne Marziano 25 - 1227 Les Acacias (GE) Kontakt &nbsp; ALLGEMEINE NUTZUNGSBEDINGUNGEN DER WEBSITE WWW.ELICIT-PLANT.COM &nbsp; Der Zugang zu, die Einsicht in und die Nutzung der Website www. https:\/\/www.elicit-plant.com (die \u00abWebsite\u00bb oder der \u00abSite\u00bb) unterliegen den...","og_url":"https:\/\/www.elicit-plant.com\/de\/impressum\/","og_site_name":"Elicit Plant Deutschland","article_modified_time":"2025-10-07T10:02:55+00:00","og_image":[{"width":1400,"height":779,"url":"https:\/\/www.elicit-plant.com\/app\/uploads\/sites\/11\/2025\/01\/Tractor-treating-fields.jpg","type":"image\/jpeg"}],"twitter_card":"summary_large_image","twitter_misc":{"Gesch\u00e4tzte Lesezeit":"1\u00a0Minute"},"schema":{"@context":"https:\/\/schema.org","@graph":[{"@type":"WebPage","@id":"https:\/\/www.elicit-plant.com\/de\/impressum\/","url":"https:\/\/www.elicit-plant.com\/de\/impressum\/","name":"Impressum - Elicit Plant Deutschland","isPartOf":{"@id":"https:\/\/www.elicit-plant.com\/de\/#website"},"primaryImageOfPage":{"@id":"https:\/\/www.elicit-plant.com\/de\/impressum\/#primaryimage"},"image":{"@id":"https:\/\/www.elicit-plant.com\/de\/impressum\/#primaryimage"},"thumbnailUrl":"https:\/\/www.elicit-plant.com\/app\/uploads\/sites\/11\/2025\/01\/Tractor-treating-fields.jpg","datePublished":"2025-01-27T13:33:01+00:00","dateModified":"2025-10-07T10:02:55+00:00","breadcrumb":{"@id":"https:\/\/www.elicit-plant.com\/de\/impressum\/#breadcrumb"},"inLanguage":"de","potentialAction":[{"@type":"ReadAction","target":["https:\/\/www.elicit-plant.com\/de\/impressum\/"]}]},{"@type":"ImageObject","inLanguage":"de","@id":"https:\/\/www.elicit-plant.com\/de\/impressum\/#primaryimage","url":"https:\/\/www.elicit-plant.com\/app\/uploads\/sites\/11\/2025\/01\/Tractor-treating-fields.jpg","contentUrl":"https:\/\/www.elicit-plant.com\/app\/uploads\/sites\/11\/2025\/01\/Tractor-treating-fields.jpg","width":1400,"height":779,"caption":"Traktor, der Felder bearbeitet"},{"@type":"BreadcrumbList","@id":"https:\/\/www.elicit-plant.com\/de\/impressum\/#breadcrumb","itemListElement":[{"@type":"ListItem","position":1,"name":"Accueil","item":"https:\/\/www.elicit-plant.com\/de\/"},{"@type":"ListItem","position":2,"name":"Impressum"}]},{"@type":"WebSite","@id":"https:\/\/www.elicit-plant.com\/de\/#website","url":"https:\/\/www.elicit-plant.com\/de\/","name":"Elicit Plant Deutschland","description":"","potentialAction":[{"@type":"SearchAction","target":{"@type":"EntryPoint","urlTemplate":"https:\/\/www.elicit-plant.com\/de\/?s={search_term_string}"},"query-input":{"@type":"PropertyValueSpecification","valueRequired":true,"valueName":"search_term_string"}}],"inLanguage":"de"}]}},"_links":{"self":[{"href":"https:\/\/www.elicit-plant.com\/de\/wp-json\/wp\/v2\/pages\/251","targetHints":{"allow":["GET"]}}],"collection":[{"href":"https:\/\/www.elicit-plant.com\/de\/wp-json\/wp\/v2\/pages"}],"about":[{"href":"https:\/\/www.elicit-plant.com\/de\/wp-json\/wp\/v2\/types\/page"}],"author":[{"embeddable":true,"href":"https:\/\/www.elicit-plant.com\/de\/wp-json\/wp\/v2\/users\/6"}],"replies":[{"embeddable":true,"href":"https:\/\/www.elicit-plant.com\/de\/wp-json\/wp\/v2\/comments?post=251"}],"version-history":[{"count":5,"href":"https:\/\/www.elicit-plant.com\/de\/wp-json\/wp\/v2\/pages\/251\/revisions"}],"predecessor-version":[{"id":551,"href":"https:\/\/www.elicit-plant.com\/de\/wp-json\/wp\/v2\/pages\/251\/revisions\/551"}],"wp:featuredmedia":[{"embeddable":true,"href":"https:\/\/www.elicit-plant.com\/de\/wp-json\/wp\/v2\/media\/48"}],"wp:attachment":[{"href":"https:\/\/www.elicit-plant.com\/de\/wp-json\/wp\/v2\/media?parent=251"}],"curies":[{"name":"wp","href":"https:\/\/api.w.org\/{rel}","templated":true}]}}