{"id":32,"date":"2025-01-07T14:12:56","date_gmt":"2025-01-07T13:12:56","guid":{"rendered":"https:\/\/www.elicit-plant.com\/de\/?page_id=32"},"modified":"2025-01-27T11:46:15","modified_gmt":"2025-01-27T10:46:15","slug":"pressemitteilungen","status":"publish","type":"page","link":"https:\/\/www.elicit-plant.com\/de\/pressemitteilungen\/","title":{"rendered":"Pressemitteilungen"},"content":{"rendered":"<section class=\"cbo-hero cbo-margin-container hero--colorblue\" data-anim-group>\n\t<div class=\"cbo-breadcrumbs breadcrumbs--normal\">\n  <div class=\"breadcrumbs-inner\">\n    <span><span><a href=\"https:\/\/www.elicit-plant.com\/de\/\">Accueil<\/a><\/span><\/span>\t<\/div>\n<\/div>\n\t<div class=\"hero-inner cbo-container container--padding\">\n\n\t\t<div class=\"hero-shapes\">\n\t\t\t<div class=\"shapes-color scale-up\"><\/div>\n\n\t\t\t<div class=\"shapes-picture cbo-picture-cover scale-up\"  data-delay=\"450\">\n\t\t\t\t<img decoding=\"async\" src=\"https:\/\/www.elicit-plant.com\/app\/uploads\/sites\/11\/2025\/01\/corn-leafs-background-320x213.jpg\" srcset=\"https:\/\/www.elicit-plant.com\/app\/uploads\/sites\/11\/2025\/01\/corn-leafs-background-320x213.jpg 320w, https:\/\/www.elicit-plant.com\/app\/uploads\/sites\/11\/2025\/01\/corn-leafs-background-768x512.jpg 768w\" class=\"\" alt=\"\" width=\"320\" height=\"213\" sizes=\"auto, 100vw\" loading=\"lazy\" \/>\t\t\t<\/div>\n\t\t<\/div>\n\n\t\t<div class=\"hero-content cbo-cms cms--large cms--white\">\n\t\t\t<div class=\"content-text\">\n\t\t\t\t<h1 class=\"hero-title cbo-heading slide-down\">\n\t\t\t\t\tPressemitteilungen\t\t\t\t<\/h1>\n\n\t\t\t\t\t\t\t<\/div>\n\t\t<\/div>\n\n\t<\/div>\n<\/section>\n\n<section class=\"cbo-text cbo-margin-container\">\n    <div class=\"\n        text-inner\n                cbo-container\n        container--small        \"\n    >\n        <div class=\"text-content cbo-cms cms--large\">\n            <h2 style=\"text-align: left;\">\u00dcber Elicit Plant<\/h2>\n<p><a href=\"https:\/\/www.elicit-plant.com\/de\/unser-unternehmen\/\">Elicit Plant<\/a> ist das einzige Unternehmen im AgTech-Sektor, das die Herausforderungen der Auswirkungen des Klimawandels auf die wichtigsten Kulturen weltweit angeht, indem es den Wasserverbrauch der Pflanzen um 20 % reduziert. Seine einzigartige Technologie, <a href=\"https:\/\/www.elicit-plant.com\/de\/wissenschaft-und-technik-rund-um-phytosterine\/die-eliterra-forschungsplattform\/\">EliTerra\u00ae<\/a>, basiert auf der exogenen Zufuhr von Phytosterolen, einer Gruppe pflanzlicher Molek\u00fcle, die die Widerstandsf\u00e4higkeit der Pflanzen gegen Stress erh\u00f6ht, indem sie ihre nat\u00fcrlichen Abwehrkr\u00e4fte anregen.<\/p>\n<p>Hunderte von Feldversuchen, kombiniert mit der schnellen Akzeptanz durch Landwirte auf drei Kontinenten (Brasilien, Europa und die Vereinigten Staaten) f\u00fcr das erste Produkt, das f\u00fcr Mais entwickelt wurde, zeigen, dass seine Biosolutions die einzigen sind, die Ertr\u00e4ge sichern und den Landwirten bei Wasserknappheit eine bedeutende Kapitalrendite bieten.<\/p>\n<p>Elicit Plant ist erfolgreich in Brasilien, Europa und der Ukraine t\u00e4tig und hat in den letzten zwei Jahren ein dreistelliges Wachstum verzeichnet.<\/p>\n\n            <div style=\"clear: both;\"><\/div>\n        <\/div>\n    <\/div>\n<\/section>\n\n\n<section class=\"cbo-textintro textintro--transparent\">\n    <div class=\"textintro-inner cbo-container container--small\">\n\n        \n                \n        <div class=\"textintro-content\">\n            <p>Entdecken Sie all unsere Presse-Ressourcen: Laden Sie unsere Logos, Fotos und Dokumente herunter, um Elicit Plant und seine bahnbrechenden Innovationen vorzustellen.<\/p>\n        <\/div>\n    <\/div>\n<\/section>\n\n\n<section class=\"cbo-textintro textintro--transparent\">\n    <div class=\"textintro-inner cbo-container container--small\">\n\n                <div class=\"textintro-picture cbo-picture-contain\">\n\t\t\t<img decoding=\"async\" src=\"https:\/\/www.elicit-plant.com\/app\/uploads\/sites\/11\/2025\/01\/icon-logo-mark.svg\"  class=\"\" alt=\"Icon Elicit Plant\" width=\"1\" height=\"1\" sizes=\"auto, 100vw\" loading=\"lazy\" \/>\t\t<\/div>\n        \n                \n        <div class=\"textintro-content\">\n            <p>Press releases<\/p>\n        <\/div>\n    <\/div>\n<\/section>\n\n\n<section class=\"cbo-downloads\">\n    <div class=\"downloads-inner cbo-container\">\n        <div class=\"downloads-list\" data-anim-group data-group-delay=\"100\">\n            \n                            <a class=\"list-el scale-up\" href=\"#\" target=\"_blank\">\n                    <span class=\"el-inner\">\n                        <span class=\"el-picture cbo-picture-contain\">\n                            <div class=\"cbo-picture-placeholder\"><span>Image manquante<\/span><\/div>                        <\/span>\n\n                        <span class=\"el-content\">\n                                                            <span class=\"content-uptitle cbo-uptitle\">\n                                    Press relase 11\/14\/2024                                <\/span>\n                                                       \n                                                            <span class=\"content-title cbo-title-4\">\n                                    Elicit Plant Announces \u20ac45 Million Investment Round  to Accelerate Global Expansion                                <\/span>\n                                                    <\/span>\n\n                        <i class=\"icon icon-download\"><\/i>\n                    <\/span>\n                <\/a>\n            \n        <\/div>\n    <\/div>\n<\/section>\n\n<section class=\"cbo-textintro textintro--transparent\">\n    <div class=\"textintro-inner cbo-container container--small\">\n\n                <div class=\"textintro-picture cbo-picture-contain\">\n\t\t\t<img decoding=\"async\" src=\"https:\/\/www.elicit-plant.com\/app\/uploads\/sites\/11\/2025\/01\/icon-logo-mark.svg\"  class=\"\" alt=\"Icon Elicit Plant\" width=\"1\" height=\"1\" sizes=\"auto, 100vw\" loading=\"lazy\" \/>\t\t<\/div>\n        \n                \n        <div class=\"textintro-content\">\n            <p>Finden Sie eine Reihe von Fotos, die die Forschung von Elicit Plant illustrieren, sowie das Firmenlogo.<\/p>\n<p>Iconografische Ressourcen<\/p>\n        <\/div>\n    <\/div>\n<\/section>\n\n\n<section class=\"cbo-text cbo-margin-container\">\n    <div class=\"\n        text-inner\n                cbo-container\n        container--small        \"\n    >\n        <div class=\"text-content cbo-cms cms--large\">\n            <div class=\"col-12 col-md-7\" style=\"text-align: center;\">Wenn Sie das offizielle Logo von Elicit Plant f\u00fcr eine Website oder Ver\u00f6ffentlichung ben\u00f6tigen, verwenden Sie bitte eines der unten aufgef\u00fchrten Logos.<\/div>\n<p style=\"text-align: center;\"><a class=\"cbo-button\" href=\"https:\/\/www.elicit-plant.com\/fr\/wp-content\/uploads\/sites\/1\/2024\/03\/Elicit-Plant-logo-mark-full-color-rgb.png\">Laden Sie unser Logo im vertikalen Format herunter<\/a><br \/>\n<a class=\"cbo-button\" href=\"https:\/\/www.elicit-plant.com\/fr\/wp-content\/uploads\/sites\/1\/2024\/02\/Elicit-Plant-logo-full-color-rgb.png\">Laden Sie unser Standardlogo herunter<\/a><\/p>\n\n            <div style=\"clear: both;\"><\/div>\n        <\/div>\n    <\/div>\n<\/section>\n\n\n<section class=\"cbo-textintro textintro--transparent\">\n    <div class=\"textintro-inner cbo-container container--small\">\n\n        \n                \n        <div class=\"textintro-content\">\n            <p>Fotobibliothek<\/p>\n        <\/div>\n    <\/div>\n<\/section>\n\n\n<section class=\"cbo-text cbo-margin-container\">\n    <div class=\"\n        text-inner\n                cbo-container\n        container--small        \"\n    >\n        <div class=\"text-content cbo-cms cms--large\">\n            <p style=\"text-align: center;\">Finden Sie unten Bilder, die unsere Forschung und die Entwicklung unserer L\u00f6sungen illustrieren. Diese Bilder sind Eigentum von Elicit Plant und m\u00fcssen mit &#8222;Copyright Elicit Plant&#8220; gekennzeichnet werden. Hochaufl\u00f6sende Illustrationen und Videos sind auf Anfrage verf\u00fcgbar.<\/p>\n<p style=\"text-align: center;\"><a class=\"cbo-button\" href=\"https:\/\/www.elicit-plant.com\/de\/kontakt\/\">Kontakt<\/a><\/p>\n\n            <div style=\"clear: both;\"><\/div>\n        <\/div>\n    <\/div>\n<\/section>\n\n\n<section class=\"cbo-featuredlinks featuredlinks--colorsand\">\n\t<div class=\"featuredlinks-inner cbo-container container--padding\">\n\n\t\t\n\t\t<div class=\"featuredlinks-list\" data-anim-group data-group-delay=\"100\">\n\t\t\t\n\t\t\t<div class=\"list-el\">\n\t\t\t\t<a class=\"el-inner\" href=\"https:\/\/www.elicit-plant.com\/de\/unser-unternehmen\/\">\n\n\t\t\t\t\t<figure class=\"inner-picture cbo-picture-cover\">\n\t\t\t\t\t\t<img decoding=\"async\" src=\"https:\/\/www.elicit-plant.com\/app\/uploads\/sites\/11\/2025\/01\/agro-scientist-768x513.jpg\" srcset=\"https:\/\/www.elicit-plant.com\/app\/uploads\/sites\/11\/2025\/01\/agro-scientist-320x214.jpg 320w, https:\/\/www.elicit-plant.com\/app\/uploads\/sites\/11\/2025\/01\/agro-scientist-768x513.jpg 840w, https:\/\/www.elicit-plant.com\/app\/uploads\/sites\/11\/2025\/01\/agro-scientist-768x513.jpg 1024w, https:\/\/www.elicit-plant.com\/app\/uploads\/sites\/11\/2025\/01\/agro-scientist-768x513.jpg 1400w\" class=\"\" alt=\"Agro-Wissenschaftler\" width=\"768\" height=\"513\" sizes=\"auto, 100vw\" loading=\"lazy\" \/>\t\t\t\t\t<\/figure>\n\n\t\t\t\t\t<h3 class=\"inner-title cbo-title-3\">\n\t\t\t\t\t\thttps:\/\/www.elicit-plant.com\/de\/unser-unternehmen\/\t\t\t\t\t<\/h3>\n\n\t\t\t\t\t<span class=\"inner-button cbo-buttonmore\">\n\t\t\t\t\t\t<i class=\"icon icon-cross\"><\/i>\n\t\t\t\t\t<\/span>\n\t\t\t\t<\/a>\n\t\t\t<\/div>\n\n\t\t\t\n\t\t\t<div class=\"list-el\">\n\t\t\t\t<a class=\"el-inner\" href=\"https:\/\/www.elicit-plant.com\/de\/wissenschaft-und-technik-rund-um-phytosterine\/\">\n\n\t\t\t\t\t<figure class=\"inner-picture cbo-picture-cover\">\n\t\t\t\t\t\t<img decoding=\"async\" src=\"https:\/\/www.elicit-plant.com\/app\/uploads\/sites\/11\/2025\/01\/agronomical-scientist.jpg\" srcset=\"https:\/\/www.elicit-plant.com\/app\/uploads\/sites\/11\/2025\/01\/agronomical-scientist-320x320.jpg 320w, https:\/\/www.elicit-plant.com\/app\/uploads\/sites\/11\/2025\/01\/agronomical-scientist.jpg 840w, https:\/\/www.elicit-plant.com\/app\/uploads\/sites\/11\/2025\/01\/agronomical-scientist.jpg 1024w, https:\/\/www.elicit-plant.com\/app\/uploads\/sites\/11\/2025\/01\/agronomical-scientist.jpg 1400w\" class=\"\" alt=\"Agrarwissenschaftler arbeitet an Phitosterolen\" width=\"402\" height=\"403\" sizes=\"auto, 100vw\" loading=\"lazy\" \/>\t\t\t\t\t<\/figure>\n\n\t\t\t\t\t<h3 class=\"inner-title cbo-title-3\">\n\t\t\t\t\t\tWissenschaft und Technik rund um Phytosterine\t\t\t\t\t<\/h3>\n\n\t\t\t\t\t<span class=\"inner-button cbo-buttonmore\">\n\t\t\t\t\t\t<i class=\"icon icon-cross\"><\/i>\n\t\t\t\t\t<\/span>\n\t\t\t\t<\/a>\n\t\t\t<\/div>\n\n\t\t\t\t\t<\/div>\n\n\t<\/div>\n<\/section>\n","protected":false},"excerpt":{"rendered":"<p>\u00dcber Elicit Plant Elicit Plant ist das einzige Unternehmen im AgTech-Sektor, das die Herausforderungen der Auswirkungen des Klimawandels auf die wichtigsten Kulturen weltweit angeht, indem es den Wasserverbrauch der Pflanzen um 20 % reduziert. Seine einzigartige Technologie, EliTerra\u00ae, basiert auf der exogenen Zufuhr von Phytosterolen, einer Gruppe pflanzlicher Molek\u00fcle, die die Widerstandsf\u00e4higkeit der Pflanzen gegen Stress erh\u00f6ht, indem sie ihre nat\u00fcrlichen Abwehrkr\u00e4fte anregen. Hunderte von Feldversuchen, kombiniert mit der schnellen Akzeptanz durch Landwirte auf drei Kontinenten (Brasilien, Europa und die Vereinigten Staaten) f\u00fcr das erste Produkt, das f\u00fcr Mais entwickelt wurde, zeigen, dass seine Biosolutions die einzigen sind, die Ertr\u00e4ge sichern und den Landwirten bei Wasserknappheit eine bedeutende Kapitalrendite bieten. Elicit Plant ist erfolgreich in Brasilien, Europa und der Ukraine t\u00e4tig und hat in den letzten zwei Jahren ein dreistelliges Wachstum verzeichnet&#8230;.<\/p>\n","protected":false},"author":6,"featured_media":48,"parent":0,"menu_order":0,"comment_status":"closed","ping_status":"closed","template":"","meta":{"_acf_changed":false,"footnotes":""},"class_list":["post-32","page","type-page","status-publish","has-post-thumbnail","hentry"],"acf":[],"yoast_head":"<!-- This site is optimized with the Yoast SEO plugin v27.2 - https:\/\/yoast.com\/product\/yoast-seo-wordpress\/ -->\n<title>Pressemitteilungen - Elicit Plant Deutschland<\/title>\n<meta name=\"description\" content=\"Entdecken Sie alle Ressourcen f\u00fcr die Presse: Logos, Fotos und Dokumente, um Elicit Plant und seine bahnbrechenden Innovationen vorzustellen.\" \/>\n<meta name=\"robots\" content=\"index, follow, max-snippet:-1, max-image-preview:large, max-video-preview:-1\" \/>\n<link rel=\"canonical\" href=\"https:\/\/www.elicit-plant.com\/de\/pressemitteilungen\/\" \/>\n<meta property=\"og:locale\" content=\"de_DE\" \/>\n<meta property=\"og:type\" content=\"article\" \/>\n<meta property=\"og:title\" content=\"Pressemitteilungen - Elicit Plant Deutschland\" \/>\n<meta property=\"og:description\" content=\"Entdecken Sie alle Ressourcen f\u00fcr die Presse: Logos, Fotos und Dokumente, um Elicit Plant und seine bahnbrechenden Innovationen vorzustellen.\" \/>\n<meta property=\"og:url\" content=\"https:\/\/www.elicit-plant.com\/de\/pressemitteilungen\/\" \/>\n<meta property=\"og:site_name\" content=\"Elicit Plant Deutschland\" \/>\n<meta property=\"article:modified_time\" content=\"2025-01-27T10:46:15+00:00\" \/>\n<meta property=\"og:image\" content=\"https:\/\/www.elicit-plant.com\/de\/wp-content\/uploads\/sites\/11\/2025\/01\/Tractor-treating-fields.jpg\" \/>\n\t<meta property=\"og:image:width\" content=\"1400\" \/>\n\t<meta property=\"og:image:height\" content=\"779\" \/>\n\t<meta property=\"og:image:type\" content=\"image\/jpeg\" \/>\n<meta name=\"twitter:card\" content=\"summary_large_image\" \/>\n<meta name=\"twitter:label1\" content=\"Gesch\u00e4tzte Lesezeit\" \/>\n\t<meta name=\"twitter:data1\" content=\"1\u00a0Minute\" \/>\n<script type=\"application\/ld+json\" class=\"yoast-schema-graph\">{\"@context\":\"https:\/\/schema.org\",\"@graph\":[{\"@type\":\"WebPage\",\"@id\":\"https:\/\/www.elicit-plant.com\/de\/pressemitteilungen\/\",\"url\":\"https:\/\/www.elicit-plant.com\/de\/pressemitteilungen\/\",\"name\":\"Pressemitteilungen - Elicit Plant Deutschland\",\"isPartOf\":{\"@id\":\"https:\/\/www.elicit-plant.com\/de\/#website\"},\"primaryImageOfPage\":{\"@id\":\"https:\/\/www.elicit-plant.com\/de\/pressemitteilungen\/#primaryimage\"},\"image\":{\"@id\":\"https:\/\/www.elicit-plant.com\/de\/pressemitteilungen\/#primaryimage\"},\"thumbnailUrl\":\"https:\/\/www.elicit-plant.com\/app\/uploads\/sites\/11\/2025\/01\/Tractor-treating-fields.jpg\",\"datePublished\":\"2025-01-07T13:12:56+00:00\",\"dateModified\":\"2025-01-27T10:46:15+00:00\",\"description\":\"Entdecken Sie alle Ressourcen f\u00fcr die Presse: Logos, Fotos und Dokumente, um Elicit Plant und seine bahnbrechenden Innovationen vorzustellen.\",\"breadcrumb\":{\"@id\":\"https:\/\/www.elicit-plant.com\/de\/pressemitteilungen\/#breadcrumb\"},\"inLanguage\":\"de\",\"potentialAction\":[{\"@type\":\"ReadAction\",\"target\":[\"https:\/\/www.elicit-plant.com\/de\/pressemitteilungen\/\"]}]},{\"@type\":\"ImageObject\",\"inLanguage\":\"de\",\"@id\":\"https:\/\/www.elicit-plant.com\/de\/pressemitteilungen\/#primaryimage\",\"url\":\"https:\/\/www.elicit-plant.com\/app\/uploads\/sites\/11\/2025\/01\/Tractor-treating-fields.jpg\",\"contentUrl\":\"https:\/\/www.elicit-plant.com\/app\/uploads\/sites\/11\/2025\/01\/Tractor-treating-fields.jpg\",\"width\":1400,\"height\":779,\"caption\":\"Traktor, der Felder bearbeitet\"},{\"@type\":\"BreadcrumbList\",\"@id\":\"https:\/\/www.elicit-plant.com\/de\/pressemitteilungen\/#breadcrumb\",\"itemListElement\":[{\"@type\":\"ListItem\",\"position\":1,\"name\":\"Accueil\",\"item\":\"https:\/\/www.elicit-plant.com\/de\/\"},{\"@type\":\"ListItem\",\"position\":2,\"name\":\"Pressemitteilungen\"}]},{\"@type\":\"WebSite\",\"@id\":\"https:\/\/www.elicit-plant.com\/de\/#website\",\"url\":\"https:\/\/www.elicit-plant.com\/de\/\",\"name\":\"Elicit Plant Deutschland\",\"description\":\"\",\"potentialAction\":[{\"@type\":\"SearchAction\",\"target\":{\"@type\":\"EntryPoint\",\"urlTemplate\":\"https:\/\/www.elicit-plant.com\/de\/?s={search_term_string}\"},\"query-input\":{\"@type\":\"PropertyValueSpecification\",\"valueRequired\":true,\"valueName\":\"search_term_string\"}}],\"inLanguage\":\"de\"}]}<\/script>\n<!-- \/ Yoast SEO plugin. -->","yoast_head_json":{"title":"Pressemitteilungen - Elicit Plant Deutschland","description":"Entdecken Sie alle Ressourcen f\u00fcr die Presse: Logos, Fotos und Dokumente, um Elicit Plant und seine bahnbrechenden Innovationen vorzustellen.","robots":{"index":"index","follow":"follow","max-snippet":"max-snippet:-1","max-image-preview":"max-image-preview:large","max-video-preview":"max-video-preview:-1"},"canonical":"https:\/\/www.elicit-plant.com\/de\/pressemitteilungen\/","og_locale":"de_DE","og_type":"article","og_title":"Pressemitteilungen - Elicit Plant Deutschland","og_description":"Entdecken Sie alle Ressourcen f\u00fcr die Presse: Logos, Fotos und Dokumente, um Elicit Plant und seine bahnbrechenden Innovationen vorzustellen.","og_url":"https:\/\/www.elicit-plant.com\/de\/pressemitteilungen\/","og_site_name":"Elicit Plant Deutschland","article_modified_time":"2025-01-27T10:46:15+00:00","og_image":[{"width":1400,"height":779,"url":"https:\/\/www.elicit-plant.com\/de\/wp-content\/uploads\/sites\/11\/2025\/01\/Tractor-treating-fields.jpg","type":"image\/jpeg"}],"twitter_card":"summary_large_image","twitter_misc":{"Gesch\u00e4tzte Lesezeit":"1\u00a0Minute"},"schema":{"@context":"https:\/\/schema.org","@graph":[{"@type":"WebPage","@id":"https:\/\/www.elicit-plant.com\/de\/pressemitteilungen\/","url":"https:\/\/www.elicit-plant.com\/de\/pressemitteilungen\/","name":"Pressemitteilungen - Elicit Plant Deutschland","isPartOf":{"@id":"https:\/\/www.elicit-plant.com\/de\/#website"},"primaryImageOfPage":{"@id":"https:\/\/www.elicit-plant.com\/de\/pressemitteilungen\/#primaryimage"},"image":{"@id":"https:\/\/www.elicit-plant.com\/de\/pressemitteilungen\/#primaryimage"},"thumbnailUrl":"https:\/\/www.elicit-plant.com\/app\/uploads\/sites\/11\/2025\/01\/Tractor-treating-fields.jpg","datePublished":"2025-01-07T13:12:56+00:00","dateModified":"2025-01-27T10:46:15+00:00","description":"Entdecken Sie alle Ressourcen f\u00fcr die Presse: Logos, Fotos und Dokumente, um Elicit Plant und seine bahnbrechenden Innovationen vorzustellen.","breadcrumb":{"@id":"https:\/\/www.elicit-plant.com\/de\/pressemitteilungen\/#breadcrumb"},"inLanguage":"de","potentialAction":[{"@type":"ReadAction","target":["https:\/\/www.elicit-plant.com\/de\/pressemitteilungen\/"]}]},{"@type":"ImageObject","inLanguage":"de","@id":"https:\/\/www.elicit-plant.com\/de\/pressemitteilungen\/#primaryimage","url":"https:\/\/www.elicit-plant.com\/app\/uploads\/sites\/11\/2025\/01\/Tractor-treating-fields.jpg","contentUrl":"https:\/\/www.elicit-plant.com\/app\/uploads\/sites\/11\/2025\/01\/Tractor-treating-fields.jpg","width":1400,"height":779,"caption":"Traktor, der Felder bearbeitet"},{"@type":"BreadcrumbList","@id":"https:\/\/www.elicit-plant.com\/de\/pressemitteilungen\/#breadcrumb","itemListElement":[{"@type":"ListItem","position":1,"name":"Accueil","item":"https:\/\/www.elicit-plant.com\/de\/"},{"@type":"ListItem","position":2,"name":"Pressemitteilungen"}]},{"@type":"WebSite","@id":"https:\/\/www.elicit-plant.com\/de\/#website","url":"https:\/\/www.elicit-plant.com\/de\/","name":"Elicit Plant Deutschland","description":"","potentialAction":[{"@type":"SearchAction","target":{"@type":"EntryPoint","urlTemplate":"https:\/\/www.elicit-plant.com\/de\/?s={search_term_string}"},"query-input":{"@type":"PropertyValueSpecification","valueRequired":true,"valueName":"search_term_string"}}],"inLanguage":"de"}]}},"_links":{"self":[{"href":"https:\/\/www.elicit-plant.com\/de\/wp-json\/wp\/v2\/pages\/32","targetHints":{"allow":["GET"]}}],"collection":[{"href":"https:\/\/www.elicit-plant.com\/de\/wp-json\/wp\/v2\/pages"}],"about":[{"href":"https:\/\/www.elicit-plant.com\/de\/wp-json\/wp\/v2\/types\/page"}],"author":[{"embeddable":true,"href":"https:\/\/www.elicit-plant.com\/de\/wp-json\/wp\/v2\/users\/6"}],"replies":[{"embeddable":true,"href":"https:\/\/www.elicit-plant.com\/de\/wp-json\/wp\/v2\/comments?post=32"}],"version-history":[{"count":5,"href":"https:\/\/www.elicit-plant.com\/de\/wp-json\/wp\/v2\/pages\/32\/revisions"}],"predecessor-version":[{"id":242,"href":"https:\/\/www.elicit-plant.com\/de\/wp-json\/wp\/v2\/pages\/32\/revisions\/242"}],"wp:featuredmedia":[{"embeddable":true,"href":"https:\/\/www.elicit-plant.com\/de\/wp-json\/wp\/v2\/media\/48"}],"wp:attachment":[{"href":"https:\/\/www.elicit-plant.com\/de\/wp-json\/wp\/v2\/media?parent=32"}],"curies":[{"name":"wp","href":"https:\/\/api.w.org\/{rel}","templated":true}]}}