{"id":553,"date":"2025-10-07T12:09:25","date_gmt":"2025-10-07T10:09:25","guid":{"rendered":"https:\/\/www.elicit-plant.com\/de\/?page_id=553"},"modified":"2025-10-07T12:09:26","modified_gmt":"2025-10-07T10:09:26","slug":"cookie-richtlinie","status":"publish","type":"page","link":"https:\/\/www.elicit-plant.com\/de\/cookie-richtlinie\/","title":{"rendered":"Cookie-Richtlinie"},"content":{"rendered":"<section class=\"cbo-heropicture\" data-anim-group>\n\t<div class=\"cbo-breadcrumbs breadcrumbs--normal\">\n  <div class=\"breadcrumbs-inner\">\n    <span><span><a href=\"https:\/\/www.elicit-plant.com\/de\/\">Accueil<\/a><\/span><\/span>\t<\/div>\n<\/div>\n\t<div class=\"heropicture-picture cbo-picture-cover\">\n\t\t<img decoding=\"async\" src=\"https:\/\/www.elicit-plant.com\/app\/uploads\/sites\/11\/2025\/01\/Tractor-treating-fields-1024x570.jpg\" srcset=\"https:\/\/www.elicit-plant.com\/app\/uploads\/sites\/11\/2025\/01\/Tractor-treating-fields-320x178.jpg 320w, https:\/\/www.elicit-plant.com\/app\/uploads\/sites\/11\/2025\/01\/Tractor-treating-fields-768x427.jpg 768w, https:\/\/www.elicit-plant.com\/app\/uploads\/sites\/11\/2025\/01\/Tractor-treating-fields-1024x570.jpg 1024w, https:\/\/www.elicit-plant.com\/app\/uploads\/sites\/11\/2025\/01\/Tractor-treating-fields.jpg 1280w, https:\/\/www.elicit-plant.com\/app\/uploads\/sites\/11\/2025\/01\/Tractor-treating-fields.jpg 1920w\" class=\"\" alt=\"Traktor, der Felder bearbeitet\" width=\"1024\" height=\"570\" sizes=\"auto, 100vw\" loading=\"lazy\" \/>\t<\/div>\n\n\t<div class=\"heropicture-inner cbo-container container--small container--padding\">\n\t\t<div class=\"heropicture-content\">\n\n\t\t\t\n\t\t\t<h1 class=\"content-title cbo-title-2 slide-down\">\n\t\t\t\tCookie-Richtlinie\t\t\t<\/h1>\n\t\t<\/div>\n\t<\/div>\n<\/section>\n\n<section class=\"cbo-text cbo-margin-container\">\n    <div class=\"\n        text-inner\n                cbo-container\n        container--small        \"\n    >\n        <div class=\"text-content cbo-cms cms--large\">\n            <h2>WIE KONFIGURIERE ICH DIE AUF DER WEBSITE VERWENDETEN COOKIES?<\/h2>\n<p>Dieser Abschnitt erl\u00e4utert, wie Sie die Verwendung von Cookies auf der Website zulassen oder nicht zulassen.<\/p>\n<p>Bei Ihrem ersten Besuch der Website werden Sie aufgefordert, die Verwendung von Cookies zu konfigurieren.<\/p>\n<p>Diese Konfiguration erfolgt \u00fcber ein erkl\u00e4rendes Banner zur Cookie-Nutzung, das Sie beim Erscheinen dar\u00fcber informiert, welche Cookies verwendet werden, und Ihnen erm\u00f6glicht, diese insgesamt zu akzeptieren oder abzulehnen sowie \u2013 allgemeiner \u2013 die Einstellungen \u00fcber die Website-Oberfl\u00e4che vorzunehmen, indem Sie auf das Symbol unten links in Ihrem Browser klicken.<\/p>\n<p><img loading=\"lazy\" decoding=\"async\" class=\"size-full wp-image-6841 alignnone\" src=\"https:\/\/www.elicit-plant.com\/app\/uploads\/sites\/1\/2025\/10\/Axeptio-logo.png\" alt=\"Axeptio-Logo\" width=\"61\" height=\"62\" \/><\/p>\n<p>W\u00e4hrend Ihrer Nutzung der Website k\u00f6nnen Sie die Konfiguration der verwendeten Cookies jederzeit \u00e4ndern, um sie zu akzeptieren oder abzulehnen, indem Sie \u00fcber den oben genannten Bereich auf das Modul zur Verwaltung Ihrer Einwilligung zugreifen.<\/p>\n<p>Sie k\u00f6nnen au\u00dferdem einen Teil oder alle f\u00fcr das ordnungsgem\u00e4\u00dfe Funktionieren der Website erforderlichen technischen Cookies direkt in den Einstellungen Ihres Browsers blockieren. Die Ablehnung der Speicherung dieser Cookies \u00fcber Ihren Browser kann jedoch dazu f\u00fchren, dass der Zugriff auf bestimmte Funktionen\/Bereiche der Website nicht m\u00f6glich ist oder die Website nur eingeschr\u00e4nkt funktioniert.<\/p>\n<h2>WEN KONTAKTIEREN BEI FRAGEN ZU COOKIES?<\/h2>\n<p>Bei Fragen zu dieser Cookie-Richtlinie oder zu den auf der Website verwendeten Cookies im Allgemeinen k\u00f6nnen Sie uns jederzeit kontaktieren:<\/p>\n<ul>\n<li>Per Post an: ELICIT PLANT \u2013 LIEUDIT LE CHATAIGNIER, 1 PASSAGE DE LA CROIX, 16220 MOULINS-SUR-TARDOIRE, CHARENTE (16)<br \/>\nPer E-Mail an: <a href=\"mailto:dataprivacy@elicit-plant.com\">dataprivacy@elicit-plant.com<\/a><\/li>\n<\/ul>\n\n            <div style=\"clear: both;\"><\/div>\n        <\/div>\n    <\/div>\n<\/section>\n","protected":false},"excerpt":{"rendered":"<p>WIE KONFIGURIERE ICH DIE AUF DER WEBSITE VERWENDETEN COOKIES? Dieser Abschnitt erl\u00e4utert, wie Sie die Verwendung von Cookies auf der Website zulassen oder nicht zulassen. Bei Ihrem ersten Besuch der Website werden Sie aufgefordert, die Verwendung von Cookies zu konfigurieren. Diese Konfiguration erfolgt \u00fcber ein erkl\u00e4rendes Banner zur Cookie-Nutzung, das Sie beim Erscheinen dar\u00fcber informiert, welche Cookies verwendet werden, und Ihnen erm\u00f6glicht, diese insgesamt zu akzeptieren oder abzulehnen sowie \u2013 allgemeiner \u2013 die Einstellungen \u00fcber die Website-Oberfl\u00e4che vorzunehmen, indem Sie auf das Symbol unten links in Ihrem Browser klicken. W\u00e4hrend Ihrer Nutzung der Website k\u00f6nnen Sie die Konfiguration der verwendeten Cookies jederzeit \u00e4ndern, um sie zu akzeptieren oder abzulehnen, indem Sie \u00fcber den oben genannten Bereich auf das Modul zur Verwaltung Ihrer Einwilligung zugreifen. Sie k\u00f6nnen au\u00dferdem einen Teil oder alle f\u00fcr das ordnungsgem\u00e4\u00dfe Funktionieren der Website&#8230;<\/p>\n","protected":false},"author":6,"featured_media":0,"parent":0,"menu_order":0,"comment_status":"closed","ping_status":"closed","template":"","meta":{"_acf_changed":false,"footnotes":""},"class_list":["post-553","page","type-page","status-publish","hentry"],"acf":[],"yoast_head":"<!-- This site is optimized with the Yoast SEO plugin v27.2 - https:\/\/yoast.com\/product\/yoast-seo-wordpress\/ -->\n<title>Cookie-Richtlinie - Elicit Plant Deutschland<\/title>\n<meta name=\"robots\" content=\"noindex, follow\" \/>\n<meta property=\"og:locale\" content=\"de_DE\" \/>\n<meta property=\"og:type\" content=\"article\" \/>\n<meta property=\"og:title\" content=\"Cookie-Richtlinie - Elicit Plant Deutschland\" \/>\n<meta property=\"og:description\" content=\"WIE KONFIGURIERE ICH DIE AUF DER WEBSITE VERWENDETEN COOKIES? Dieser Abschnitt erl\u00e4utert, wie Sie die Verwendung von Cookies auf der Website zulassen oder nicht zulassen. Bei Ihrem ersten Besuch der Website werden Sie aufgefordert, die Verwendung von Cookies zu konfigurieren. Diese Konfiguration erfolgt \u00fcber ein erkl\u00e4rendes Banner zur Cookie-Nutzung, das Sie beim Erscheinen dar\u00fcber informiert, welche Cookies verwendet werden, und Ihnen erm\u00f6glicht, diese insgesamt zu akzeptieren oder abzulehnen sowie \u2013 allgemeiner \u2013 die Einstellungen \u00fcber die Website-Oberfl\u00e4che vorzunehmen, indem Sie auf das Symbol unten links in Ihrem Browser klicken. W\u00e4hrend Ihrer Nutzung der Website k\u00f6nnen Sie die Konfiguration der verwendeten Cookies jederzeit \u00e4ndern, um sie zu akzeptieren oder abzulehnen, indem Sie \u00fcber den oben genannten Bereich auf das Modul zur Verwaltung Ihrer Einwilligung zugreifen. Sie k\u00f6nnen au\u00dferdem einen Teil oder alle f\u00fcr das ordnungsgem\u00e4\u00dfe Funktionieren der Website...\" \/>\n<meta property=\"og:url\" content=\"https:\/\/www.elicit-plant.com\/de\/cookie-richtlinie\/\" \/>\n<meta property=\"og:site_name\" content=\"Elicit Plant Deutschland\" \/>\n<meta property=\"article:modified_time\" content=\"2025-10-07T10:09:26+00:00\" \/>\n<meta name=\"twitter:card\" content=\"summary_large_image\" \/>\n<script type=\"application\/ld+json\" class=\"yoast-schema-graph\">{\"@context\":\"https:\/\/schema.org\",\"@graph\":[{\"@type\":\"WebPage\",\"@id\":\"https:\/\/www.elicit-plant.com\/de\/cookie-richtlinie\/\",\"url\":\"https:\/\/www.elicit-plant.com\/de\/cookie-richtlinie\/\",\"name\":\"Cookie-Richtlinie - Elicit Plant Deutschland\",\"isPartOf\":{\"@id\":\"https:\/\/www.elicit-plant.com\/de\/#website\"},\"datePublished\":\"2025-10-07T10:09:25+00:00\",\"dateModified\":\"2025-10-07T10:09:26+00:00\",\"breadcrumb\":{\"@id\":\"https:\/\/www.elicit-plant.com\/de\/cookie-richtlinie\/#breadcrumb\"},\"inLanguage\":\"de\",\"potentialAction\":[{\"@type\":\"ReadAction\",\"target\":[\"https:\/\/www.elicit-plant.com\/de\/cookie-richtlinie\/\"]}]},{\"@type\":\"BreadcrumbList\",\"@id\":\"https:\/\/www.elicit-plant.com\/de\/cookie-richtlinie\/#breadcrumb\",\"itemListElement\":[{\"@type\":\"ListItem\",\"position\":1,\"name\":\"Accueil\",\"item\":\"https:\/\/www.elicit-plant.com\/de\/\"},{\"@type\":\"ListItem\",\"position\":2,\"name\":\"Cookie-Richtlinie\"}]},{\"@type\":\"WebSite\",\"@id\":\"https:\/\/www.elicit-plant.com\/de\/#website\",\"url\":\"https:\/\/www.elicit-plant.com\/de\/\",\"name\":\"Elicit Plant Deutschland\",\"description\":\"\",\"potentialAction\":[{\"@type\":\"SearchAction\",\"target\":{\"@type\":\"EntryPoint\",\"urlTemplate\":\"https:\/\/www.elicit-plant.com\/de\/?s={search_term_string}\"},\"query-input\":{\"@type\":\"PropertyValueSpecification\",\"valueRequired\":true,\"valueName\":\"search_term_string\"}}],\"inLanguage\":\"de\"}]}<\/script>\n<!-- \/ Yoast SEO plugin. -->","yoast_head_json":{"title":"Cookie-Richtlinie - Elicit Plant Deutschland","robots":{"index":"noindex","follow":"follow"},"og_locale":"de_DE","og_type":"article","og_title":"Cookie-Richtlinie - Elicit Plant Deutschland","og_description":"WIE KONFIGURIERE ICH DIE AUF DER WEBSITE VERWENDETEN COOKIES? Dieser Abschnitt erl\u00e4utert, wie Sie die Verwendung von Cookies auf der Website zulassen oder nicht zulassen. Bei Ihrem ersten Besuch der Website werden Sie aufgefordert, die Verwendung von Cookies zu konfigurieren. Diese Konfiguration erfolgt \u00fcber ein erkl\u00e4rendes Banner zur Cookie-Nutzung, das Sie beim Erscheinen dar\u00fcber informiert, welche Cookies verwendet werden, und Ihnen erm\u00f6glicht, diese insgesamt zu akzeptieren oder abzulehnen sowie \u2013 allgemeiner \u2013 die Einstellungen \u00fcber die Website-Oberfl\u00e4che vorzunehmen, indem Sie auf das Symbol unten links in Ihrem Browser klicken. W\u00e4hrend Ihrer Nutzung der Website k\u00f6nnen Sie die Konfiguration der verwendeten Cookies jederzeit \u00e4ndern, um sie zu akzeptieren oder abzulehnen, indem Sie \u00fcber den oben genannten Bereich auf das Modul zur Verwaltung Ihrer Einwilligung zugreifen. Sie k\u00f6nnen au\u00dferdem einen Teil oder alle f\u00fcr das ordnungsgem\u00e4\u00dfe Funktionieren der Website...","og_url":"https:\/\/www.elicit-plant.com\/de\/cookie-richtlinie\/","og_site_name":"Elicit Plant Deutschland","article_modified_time":"2025-10-07T10:09:26+00:00","twitter_card":"summary_large_image","schema":{"@context":"https:\/\/schema.org","@graph":[{"@type":"WebPage","@id":"https:\/\/www.elicit-plant.com\/de\/cookie-richtlinie\/","url":"https:\/\/www.elicit-plant.com\/de\/cookie-richtlinie\/","name":"Cookie-Richtlinie - Elicit Plant Deutschland","isPartOf":{"@id":"https:\/\/www.elicit-plant.com\/de\/#website"},"datePublished":"2025-10-07T10:09:25+00:00","dateModified":"2025-10-07T10:09:26+00:00","breadcrumb":{"@id":"https:\/\/www.elicit-plant.com\/de\/cookie-richtlinie\/#breadcrumb"},"inLanguage":"de","potentialAction":[{"@type":"ReadAction","target":["https:\/\/www.elicit-plant.com\/de\/cookie-richtlinie\/"]}]},{"@type":"BreadcrumbList","@id":"https:\/\/www.elicit-plant.com\/de\/cookie-richtlinie\/#breadcrumb","itemListElement":[{"@type":"ListItem","position":1,"name":"Accueil","item":"https:\/\/www.elicit-plant.com\/de\/"},{"@type":"ListItem","position":2,"name":"Cookie-Richtlinie"}]},{"@type":"WebSite","@id":"https:\/\/www.elicit-plant.com\/de\/#website","url":"https:\/\/www.elicit-plant.com\/de\/","name":"Elicit Plant Deutschland","description":"","potentialAction":[{"@type":"SearchAction","target":{"@type":"EntryPoint","urlTemplate":"https:\/\/www.elicit-plant.com\/de\/?s={search_term_string}"},"query-input":{"@type":"PropertyValueSpecification","valueRequired":true,"valueName":"search_term_string"}}],"inLanguage":"de"}]}},"_links":{"self":[{"href":"https:\/\/www.elicit-plant.com\/de\/wp-json\/wp\/v2\/pages\/553","targetHints":{"allow":["GET"]}}],"collection":[{"href":"https:\/\/www.elicit-plant.com\/de\/wp-json\/wp\/v2\/pages"}],"about":[{"href":"https:\/\/www.elicit-plant.com\/de\/wp-json\/wp\/v2\/types\/page"}],"author":[{"embeddable":true,"href":"https:\/\/www.elicit-plant.com\/de\/wp-json\/wp\/v2\/users\/6"}],"replies":[{"embeddable":true,"href":"https:\/\/www.elicit-plant.com\/de\/wp-json\/wp\/v2\/comments?post=553"}],"version-history":[{"count":1,"href":"https:\/\/www.elicit-plant.com\/de\/wp-json\/wp\/v2\/pages\/553\/revisions"}],"predecessor-version":[{"id":555,"href":"https:\/\/www.elicit-plant.com\/de\/wp-json\/wp\/v2\/pages\/553\/revisions\/555"}],"wp:attachment":[{"href":"https:\/\/www.elicit-plant.com\/de\/wp-json\/wp\/v2\/media?parent=553"}],"curies":[{"name":"wp","href":"https:\/\/api.w.org\/{rel}","templated":true}]}}