{"id":122,"date":"2024-12-05T09:27:32","date_gmt":"2024-12-05T08:27:32","guid":{"rendered":"https:\/\/www.elicit-plant.com\/es\/?page_id=122"},"modified":"2024-12-05T16:00:40","modified_gmt":"2024-12-05T15:00:40","slug":"plataforma-tecnologica-eliterra","status":"publish","type":"page","link":"https:\/\/www.elicit-plant.com\/es\/ciencia-y-tecnologia\/plataforma-tecnologica-eliterra\/","title":{"rendered":"Plataforma tecnol\u00f3gica EliTerra\u00ae"},"content":{"rendered":"<section class=\"cbo-hero cbo-margin-container hero--colorgreen\" data-anim-group>\n\t<div class=\"cbo-breadcrumbs breadcrumbs--normal\">\n  <div class=\"breadcrumbs-inner\">\n    <span><span><a href=\"https:\/\/www.elicit-plant.com\/es\/\">Inicio<\/a><\/span><\/span>\t<\/div>\n<\/div>\n\t<div class=\"hero-inner cbo-container container--padding\">\n\n\t\t<div class=\"hero-shapes\">\n\t\t\t<div class=\"shapes-color scale-up\"><\/div>\n\n\t\t\t<div class=\"shapes-picture cbo-picture-cover scale-up\"  data-delay=\"450\">\n\t\t\t\t<img decoding=\"async\" src=\"https:\/\/www.elicit-plant.com\/app\/uploads\/sites\/10\/2024\/12\/Phytosterols-multiples-768x768-1-320x320.jpg\" srcset=\"https:\/\/www.elicit-plant.com\/app\/uploads\/sites\/10\/2024\/12\/Phytosterols-multiples-768x768-1-320x320.jpg 320w, https:\/\/www.elicit-plant.com\/app\/uploads\/sites\/10\/2024\/12\/Phytosterols-multiples-768x768-1.jpg 768w\" class=\"\" alt=\"\" width=\"320\" height=\"320\" sizes=\"auto, 100vw\" loading=\"lazy\" \/>\t\t\t<\/div>\n\t\t<\/div>\n\n\t\t<div class=\"hero-content cbo-cms cms--large cms--white\">\n\t\t\t<div class=\"content-text\">\n\t\t\t\t<h1 class=\"hero-title cbo-heading slide-down\">\n\t\t\t\t\tLa plataforma de investigaci\u00f3n EliTerra\u00ae\t\t\t\t<\/h1>\n\n\t\t\t\t\t\t\t<\/div>\n\t\t<\/div>\n\n\t<\/div>\n<\/section>\n\n<section class=\"cbo-text cbo-margin-container\">\n    <div class=\"\n        text-inner\n                cbo-container\n        container--small        \"\n    >\n        <div class=\"text-content cbo-cms cms--large\">\n            <p><img loading=\"lazy\" decoding=\"async\" class=\"\" src=\"https:\/\/www.elicit-plant.com\/wp-content\/uploads\/2024\/02\/EliTerra-Logo-transparent.png\" alt=\"EliTerra, Technologic Platform\" width=\"609\" height=\"149\" \/><\/p>\n<h2><strong>EliTerra\u00ae, la plataforma tecnol\u00f3gica de Elicit Plant<\/strong><\/h2>\n\n            <div style=\"clear: both;\"><\/div>\n        <\/div>\n    <\/div>\n<\/section>\n\n\n<section class=\"cbo-picture picture--contained\">\n\t<div class=\"picture-inner cbo-container container--small\">\n\t\t<div class=\"picture-element cbo-picture-cover\">\n\t\t\t<img decoding=\"async\" src=\"https:\/\/www.elicit-plant.com\/app\/uploads\/sites\/10\/2024\/12\/Eliterra-plataforma-1024x566.jpg\" srcset=\"https:\/\/www.elicit-plant.com\/app\/uploads\/sites\/10\/2024\/12\/Eliterra-plataforma-320x177.jpg 320w, https:\/\/www.elicit-plant.com\/app\/uploads\/sites\/10\/2024\/12\/Eliterra-plataforma-768x425.jpg 840w, https:\/\/www.elicit-plant.com\/app\/uploads\/sites\/10\/2024\/12\/Eliterra-plataforma-1024x566.jpg 1024w, https:\/\/www.elicit-plant.com\/app\/uploads\/sites\/10\/2024\/12\/Eliterra-plataforma-1400x774.jpg 1400w\" class=\"\" alt=\"Eliterra plataforma\" width=\"1024\" height=\"566\" sizes=\"auto, 100vw\" loading=\"lazy\" \/>\t\t<\/div>\n\n\t\t\t<\/div>\n<\/section>\n\n<section class=\"cbo-textpicture textpicture--reverse\">\n    <div class=\"textpicture-inner cbo-container container--small\">\n\n        <div class=\"textpicture-picture\">\n            <div class=\"picture-inner cbo-picture-cover\">\n                <img decoding=\"async\" src=\"https:\/\/www.elicit-plant.com\/app\/uploads\/sites\/10\/2024\/12\/Leaf-stomates-close-up-1-320x320.jpg\" srcset=\"https:\/\/www.elicit-plant.com\/app\/uploads\/sites\/10\/2024\/12\/Leaf-stomates-close-up-1-320x320.jpg 320w, https:\/\/www.elicit-plant.com\/app\/uploads\/sites\/10\/2024\/12\/Leaf-stomates-close-up-1.jpg 768w, https:\/\/www.elicit-plant.com\/app\/uploads\/sites\/10\/2024\/12\/Leaf-stomates-close-up-1.jpg 1024w\" class=\"\" alt=\"Primer plano de los estomas de las hojas\" width=\"320\" height=\"320\" sizes=\"auto, 100vw\" loading=\"lazy\" \/>            <\/div>\n        <\/div>\n\n        <div class=\"textpicture-content cbo-cms cms--large\">\n                            <picture class=\"content-icon cbo-picture-contain\">\n                    <img decoding=\"async\" src=\"https:\/\/www.elicit-plant.com\/app\/uploads\/sites\/10\/2024\/12\/icon-1.png\" srcset=\"https:\/\/www.elicit-plant.com\/app\/uploads\/sites\/10\/2024\/12\/icon-1.png 204w, https:\/\/www.elicit-plant.com\/app\/uploads\/sites\/10\/2024\/12\/icon-1-125x125.png 125w\" class=\"\" alt=\"icon\" width=\"204\" height=\"204\" sizes=\"auto, 100vw\" loading=\"lazy\" \/>                <\/picture>\n            \n            \n            <h3>Ingente potencial de investigaci\u00f3n<\/h3>\n<ul>\n<li>Existen multitud de fitoesteroles y cada especie vegetal cuenta con diferentes combinaciones que utiliza para responder ante el estr\u00e9s.<\/li>\n<li>Nuestros investigadores seleccionan y desarrollan la formulaci\u00f3n m\u00e1s eficaz en funci\u00f3n de la soluci\u00f3n requerida y los resultados que deseamos conseguir en cada campo en particular.<\/li>\n<\/ul>\n        <\/div>\n\n    <\/div>\n<\/section>\n\n\n<section class=\"cbo-quote\">\n    <div class=\"quote-inner cbo-container container--small\">\n\n        <div class=\"quote-infos\">\n            <i class=\"icon icon-quote\"><\/i>\n\n                            BENOIT POINSSOT, PROFESOR-INVESTIGADOR EN UMR AGRO\u00c9COLOGIE (INRAE, UNIVERSIDAD DE BURDEOS, INSTITUTO AGRO DIJON)                    <\/div>\n       \n        <div class=\"quote-content cbo-title-3\">\n\t\t\tNo existe un \u00fanico fitoesterol, sino muchos. En la naturaleza, existen m\u00e1s de 200, cada uno espec\u00edfico de un estr\u00e9s y una especie. Los fitoesteroles no son en absoluto una soluci\u00f3n gen\u00e9rica universal, y su eficacia en los cultivos depende no solo de su diversidad, sino tambi\u00e9n de c\u00f3mo se combinen y, por supuesto, de la formulaci\u00f3n. La plataforma EliTerra\u00ae, por tanto, ofrece un potencial enorme para el desarrollo de productos.\t\t<\/div>\n    <\/div>\n<\/section>\n\n<section class=\"cbo-text cbo-margin-container\">\n    <div class=\"\n        text-inner\n                cbo-container\n        container--small        \"\n    >\n        <div class=\"text-content cbo-cms cms--large\">\n            <p style=\"margin-top: 0cm;\"><span lang=\"ES\">Mediante tecnolog\u00edas de an\u00e1lisis de metabolomas, transcriptomas y los fenotipos, Elicit Plant lleva a cabo investigaciones para seleccionar principios activos naturales dirigidos contra los estreses ambientales.<\/span><\/p>\n<p><span lang=\"ES\">En los laboratorios y c\u00e1maras de cultivo de Elicit Plant, los cient\u00edficos y agr\u00f3nomos trabajan mano a mano para\u00a0<strong><span style=\"color: #86b049;\">seleccionar diferentes equilibrios de fitoesteroles<\/span><\/strong>, comprender c\u00f3mo funcionan nuestros principios activos e identificar los respectivos procesos f\u00edsicos y biol\u00f3gicos a los que se dirigen las sustancias basadas en fitoesteroles.<\/span><\/p>\n<p style=\"margin-bottom: 0cm;\"><span lang=\"ES\">La\u00a0<strong><span style=\"color: #86b049;\">plataforma tecnol\u00f3gica EliTerra\u00ae<\/span><\/strong>\u00a0es el resultado de esta investigaci\u00f3n sobre los\u00a0<strong><span style=\"color: #86b049;\">fitoesteroles y su papel en la resistencia al estr\u00e9s de los cultivos extensivos<\/span><\/strong>\u00a0(ma\u00edz, trigo, cebada, girasol, soja, etc.).<\/span><\/p>\n\n            <div style=\"clear: both;\"><\/div>\n        <\/div>\n    <\/div>\n<\/section>\n\n\n<section class=\"cbo-textpicture textpicture--normal\">\n    <div class=\"textpicture-inner cbo-container container--small\">\n\n        <div class=\"textpicture-picture\">\n            <div class=\"picture-inner cbo-picture-cover\">\n                <img decoding=\"async\" src=\"https:\/\/www.elicit-plant.com\/app\/uploads\/sites\/10\/2024\/12\/Phytosterols-multiples-768x768-1-320x320.jpg\" srcset=\"https:\/\/www.elicit-plant.com\/app\/uploads\/sites\/10\/2024\/12\/Phytosterols-multiples-768x768-1-320x320.jpg 320w, https:\/\/www.elicit-plant.com\/app\/uploads\/sites\/10\/2024\/12\/Phytosterols-multiples-768x768-1.jpg 768w, https:\/\/www.elicit-plant.com\/app\/uploads\/sites\/10\/2024\/12\/Phytosterols-multiples-768x768-1.jpg 1024w\" class=\"\" alt=\"Fitoesteroles\" width=\"320\" height=\"320\" sizes=\"auto, 100vw\" loading=\"lazy\" \/>            <\/div>\n        <\/div>\n\n        <div class=\"textpicture-content cbo-cms cms--large\">\n            \n            \n            <ul>\n<li>El proceso de descubrimiento y validaci\u00f3n utilizado por los laboratorios de Elicit Plant y sus colaboradores cient\u00edficos ha conducido a la identificaci\u00f3n de nuevas formulaciones compuestas por diferentes fitoesteroles para combatir espec\u00edfica y eficazmente el impacto del cambio clim\u00e1tico sobre diversos cultivos extensivos.<\/li>\n<li>El potencial para desarrollar nuevos productos espec\u00edficos de cada estr\u00e9s y especie con la plataforma tecnol\u00f3gica EliTerra\u00ae es inmenso. La consiguiente hoja de ruta de productos nos permitir\u00e1 llegar a una amplia gama de cultivos en todos los continentes.<\/li>\n<\/ul>\n        <\/div>\n\n    <\/div>\n<\/section>\n\n<section class=\"cbo-featuredlinks featuredlinks--colorwhite\">\n\t<div class=\"featuredlinks-inner cbo-container \">\n\n\t\t\t\t\t<h2 class=\"cbo-title-2 featuredlinks-title\">\n\t\t\t\tM\u00e1s informaci\u00f3n sobre nuestra investigaci\u00f3n\t\t\t<\/h2>\n\t\t\n\t\t<div class=\"featuredlinks-list\" data-anim-group data-group-delay=\"100\">\n\t\t\t\n\t\t\t<div class=\"list-el\">\n\t\t\t\t<a class=\"el-inner\" href=\"https:\/\/www.elicit-plant.com\/es\/ciencia-y-tecnologia\/\">\n\n\t\t\t\t\t<figure class=\"inner-picture cbo-picture-cover\">\n\t\t\t\t\t\t<img decoding=\"async\" src=\"https:\/\/www.elicit-plant.com\/app\/uploads\/sites\/10\/2024\/12\/Leaf-stomates-close-up-1.jpg\" srcset=\"https:\/\/www.elicit-plant.com\/app\/uploads\/sites\/10\/2024\/12\/Leaf-stomates-close-up-1-320x320.jpg 320w, https:\/\/www.elicit-plant.com\/app\/uploads\/sites\/10\/2024\/12\/Leaf-stomates-close-up-1.jpg 840w, https:\/\/www.elicit-plant.com\/app\/uploads\/sites\/10\/2024\/12\/Leaf-stomates-close-up-1.jpg 1024w, https:\/\/www.elicit-plant.com\/app\/uploads\/sites\/10\/2024\/12\/Leaf-stomates-close-up-1.jpg 1400w\" class=\"\" alt=\"Primer plano de los estomas de las hojas\" width=\"456\" height=\"456\" sizes=\"auto, 100vw\" loading=\"lazy\" \/>\t\t\t\t\t<\/figure>\n\n\t\t\t\t\t<h3 class=\"inner-title cbo-title-3\">\n\t\t\t\t\t\tM\u00e1s informaci\u00f3n sobre los fitoesteroles\t\t\t\t\t<\/h3>\n\n\t\t\t\t\t<span class=\"inner-button cbo-buttonmore\">\n\t\t\t\t\t\t<i class=\"icon icon-cross\"><\/i>\n\t\t\t\t\t<\/span>\n\t\t\t\t<\/a>\n\t\t\t<\/div>\n\n\t\t\t\n\t\t\t<div class=\"list-el\">\n\t\t\t\t<a class=\"el-inner\" href=\"https:\/\/www.elicit-plant.com\/es\/nuestros-colaboradores-cientificos\/\">\n\n\t\t\t\t\t<figure class=\"inner-picture cbo-picture-cover\">\n\t\t\t\t\t\t<img decoding=\"async\" src=\"https:\/\/www.elicit-plant.com\/app\/uploads\/sites\/10\/2024\/12\/img-distributeurs-bloc-2-1-1.jpg\" srcset=\"https:\/\/www.elicit-plant.com\/app\/uploads\/sites\/10\/2024\/12\/img-distributeurs-bloc-2-1-1-320x205.jpg 320w, https:\/\/www.elicit-plant.com\/app\/uploads\/sites\/10\/2024\/12\/img-distributeurs-bloc-2-1-1.jpg 840w, https:\/\/www.elicit-plant.com\/app\/uploads\/sites\/10\/2024\/12\/img-distributeurs-bloc-2-1-1.jpg 1024w, https:\/\/www.elicit-plant.com\/app\/uploads\/sites\/10\/2024\/12\/img-distributeurs-bloc-2-1-1.jpg 1400w\" class=\"\" alt=\"Colaboraci\u00f3n entre dos agricultores\" width=\"624\" height=\"400\" sizes=\"auto, 100vw\" loading=\"lazy\" \/>\t\t\t\t\t<\/figure>\n\n\t\t\t\t\t<h3 class=\"inner-title cbo-title-3\">\n\t\t\t\t\t\tNuestras alianzas cient\u00edficas\t\t\t\t\t<\/h3>\n\n\t\t\t\t\t<span class=\"inner-button cbo-buttonmore\">\n\t\t\t\t\t\t<i class=\"icon icon-cross\"><\/i>\n\t\t\t\t\t<\/span>\n\t\t\t\t<\/a>\n\t\t\t<\/div>\n\n\t\t\t\t\t<\/div>\n\n\t<\/div>\n<\/section>\n","protected":false},"excerpt":{"rendered":"<p>EliTerra\u00ae, la plataforma tecnol\u00f3gica de Elicit Plant Ingente potencial de investigaci\u00f3n Existen multitud de fitoesteroles y cada especie vegetal cuenta con diferentes combinaciones que utiliza para responder ante el estr\u00e9s. Nuestros investigadores seleccionan y desarrollan la formulaci\u00f3n m\u00e1s eficaz en funci\u00f3n de la soluci\u00f3n requerida y los resultados que deseamos conseguir en cada campo en particular. Mediante tecnolog\u00edas de an\u00e1lisis de metabolomas, transcriptomas y los fenotipos, Elicit Plant lleva a cabo investigaciones para seleccionar principios activos naturales dirigidos contra los estreses ambientales. En los laboratorios y c\u00e1maras de cultivo de Elicit Plant, los cient\u00edficos y agr\u00f3nomos trabajan mano a mano para\u00a0seleccionar diferentes equilibrios de fitoesteroles, comprender c\u00f3mo funcionan nuestros principios activos e identificar los respectivos procesos f\u00edsicos y biol\u00f3gicos a los que se dirigen las sustancias basadas en fitoesteroles. La\u00a0plataforma&#8230;<\/p>\n","protected":false},"author":6,"featured_media":21,"parent":118,"menu_order":0,"comment_status":"closed","ping_status":"closed","template":"","meta":{"_acf_changed":false,"footnotes":""},"class_list":["post-122","page","type-page","status-publish","has-post-thumbnail","hentry"],"acf":[],"yoast_head":"<!-- This site is optimized with the Yoast SEO plugin v27.3 - https:\/\/yoast.com\/product\/yoast-seo-wordpress\/ -->\n<title>Plataforma tecnol\u00f3gica EliTerra\u00ae - Elicit Plant Espa\u00f1a<\/title>\n<meta name=\"description\" content=\"Descubra EliTerra\u00ae, el fruto de la investigaci\u00f3n de los fitoesteroles y su papel en la resistencia al estr\u00e9s de los cultivos extensivos (ma\u00edz, trigo, cebada, girasol, soja, etc.).\" \/>\n<meta name=\"robots\" content=\"index, follow, max-snippet:-1, max-image-preview:large, max-video-preview:-1\" \/>\n<link rel=\"canonical\" href=\"https:\/\/www.elicit-plant.com\/es\/ciencia-y-tecnologia\/plataforma-tecnologica-eliterra\/\" \/>\n<meta property=\"og:locale\" content=\"es_ES\" \/>\n<meta property=\"og:type\" content=\"article\" \/>\n<meta property=\"og:title\" content=\"Plataforma tecnol\u00f3gica EliTerra\u00ae - Elicit Plant Espa\u00f1a\" \/>\n<meta property=\"og:description\" content=\"Descubra EliTerra\u00ae, el fruto de la investigaci\u00f3n de los fitoesteroles y su papel en la resistencia al estr\u00e9s de los cultivos extensivos (ma\u00edz, trigo, cebada, girasol, soja, etc.).\" \/>\n<meta property=\"og:url\" content=\"https:\/\/www.elicit-plant.com\/es\/ciencia-y-tecnologia\/plataforma-tecnologica-eliterra\/\" \/>\n<meta property=\"og:site_name\" content=\"Elicit Plant Espa\u00f1a\" \/>\n<meta property=\"article:modified_time\" content=\"2024-12-05T15:00:40+00:00\" \/>\n<meta property=\"og:image\" content=\"https:\/\/www.elicit-plant.com\/es\/wp-content\/uploads\/sites\/10\/2024\/12\/Phytosterols-multiples-768x768-1.jpg\" \/>\n\t<meta property=\"og:image:width\" content=\"768\" \/>\n\t<meta property=\"og:image:height\" content=\"768\" \/>\n\t<meta property=\"og:image:type\" content=\"image\/jpeg\" \/>\n<meta name=\"twitter:card\" content=\"summary_large_image\" \/>\n<meta name=\"twitter:label1\" content=\"Tiempo de lectura\" \/>\n\t<meta name=\"twitter:data1\" content=\"1 minuto\" \/>\n<script type=\"application\/ld+json\" class=\"yoast-schema-graph\">{\"@context\":\"https:\\\/\\\/schema.org\",\"@graph\":[{\"@type\":\"WebPage\",\"@id\":\"https:\\\/\\\/www.elicit-plant.com\\\/es\\\/ciencia-y-tecnologia\\\/plataforma-tecnologica-eliterra\\\/\",\"url\":\"https:\\\/\\\/www.elicit-plant.com\\\/es\\\/ciencia-y-tecnologia\\\/plataforma-tecnologica-eliterra\\\/\",\"name\":\"Plataforma tecnol\u00f3gica EliTerra\u00ae - Elicit Plant Espa\u00f1a\",\"isPartOf\":{\"@id\":\"https:\\\/\\\/www.elicit-plant.com\\\/es\\\/#website\"},\"primaryImageOfPage\":{\"@id\":\"https:\\\/\\\/www.elicit-plant.com\\\/es\\\/ciencia-y-tecnologia\\\/plataforma-tecnologica-eliterra\\\/#primaryimage\"},\"image\":{\"@id\":\"https:\\\/\\\/www.elicit-plant.com\\\/es\\\/ciencia-y-tecnologia\\\/plataforma-tecnologica-eliterra\\\/#primaryimage\"},\"thumbnailUrl\":\"https:\\\/\\\/www.elicit-plant.com\\\/app\\\/uploads\\\/sites\\\/10\\\/2024\\\/12\\\/Phytosterols-multiples-768x768-1.jpg\",\"datePublished\":\"2024-12-05T08:27:32+00:00\",\"dateModified\":\"2024-12-05T15:00:40+00:00\",\"description\":\"Descubra EliTerra\u00ae, el fruto de la investigaci\u00f3n de los fitoesteroles y su papel en la resistencia al estr\u00e9s de los cultivos extensivos (ma\u00edz, trigo, cebada, girasol, soja, etc.).\",\"breadcrumb\":{\"@id\":\"https:\\\/\\\/www.elicit-plant.com\\\/es\\\/ciencia-y-tecnologia\\\/plataforma-tecnologica-eliterra\\\/#breadcrumb\"},\"inLanguage\":\"es\",\"potentialAction\":[{\"@type\":\"ReadAction\",\"target\":[\"https:\\\/\\\/www.elicit-plant.com\\\/es\\\/ciencia-y-tecnologia\\\/plataforma-tecnologica-eliterra\\\/\"]}]},{\"@type\":\"ImageObject\",\"inLanguage\":\"es\",\"@id\":\"https:\\\/\\\/www.elicit-plant.com\\\/es\\\/ciencia-y-tecnologia\\\/plataforma-tecnologica-eliterra\\\/#primaryimage\",\"url\":\"https:\\\/\\\/www.elicit-plant.com\\\/app\\\/uploads\\\/sites\\\/10\\\/2024\\\/12\\\/Phytosterols-multiples-768x768-1.jpg\",\"contentUrl\":\"https:\\\/\\\/www.elicit-plant.com\\\/app\\\/uploads\\\/sites\\\/10\\\/2024\\\/12\\\/Phytosterols-multiples-768x768-1.jpg\",\"width\":768,\"height\":768,\"caption\":\"Fitoesteroles\"},{\"@type\":\"BreadcrumbList\",\"@id\":\"https:\\\/\\\/www.elicit-plant.com\\\/es\\\/ciencia-y-tecnologia\\\/plataforma-tecnologica-eliterra\\\/#breadcrumb\",\"itemListElement\":[{\"@type\":\"ListItem\",\"position\":1,\"name\":\"Inicio\",\"item\":\"https:\\\/\\\/www.elicit-plant.com\\\/es\\\/\"},{\"@type\":\"ListItem\",\"position\":2,\"name\":\"Ciencia y tecnolog\u00eda\",\"item\":\"https:\\\/\\\/www.elicit-plant.com\\\/es\\\/ciencia-y-tecnologia\\\/\"},{\"@type\":\"ListItem\",\"position\":3,\"name\":\"Plataforma tecnol\u00f3gica EliTerra\u00ae\"}]},{\"@type\":\"WebSite\",\"@id\":\"https:\\\/\\\/www.elicit-plant.com\\\/es\\\/#website\",\"url\":\"https:\\\/\\\/www.elicit-plant.com\\\/es\\\/\",\"name\":\"Elicit Plant Espa\u00f1a\",\"description\":\"\",\"publisher\":{\"@id\":\"https:\\\/\\\/www.elicit-plant.com\\\/es\\\/#organization\"},\"potentialAction\":[{\"@type\":\"SearchAction\",\"target\":{\"@type\":\"EntryPoint\",\"urlTemplate\":\"https:\\\/\\\/www.elicit-plant.com\\\/es\\\/?s={search_term_string}\"},\"query-input\":{\"@type\":\"PropertyValueSpecification\",\"valueRequired\":true,\"valueName\":\"search_term_string\"}}],\"inLanguage\":\"es\"},{\"@type\":\"Organization\",\"@id\":\"https:\\\/\\\/www.elicit-plant.com\\\/es\\\/#organization\",\"name\":\"Elicit Plant Espa\u00f1a\",\"url\":\"https:\\\/\\\/www.elicit-plant.com\\\/es\\\/\",\"logo\":{\"@type\":\"ImageObject\",\"inLanguage\":\"es\",\"@id\":\"https:\\\/\\\/www.elicit-plant.com\\\/es\\\/#\\\/schema\\\/logo\\\/image\\\/\",\"url\":\"https:\\\/\\\/www.elicit-plant.com\\\/es\\\/wp-content\\\/uploads\\\/sites\\\/10\\\/2024\\\/12\\\/Elicit-Plant-logo-full-color-rgb.png\",\"contentUrl\":\"https:\\\/\\\/www.elicit-plant.com\\\/es\\\/wp-content\\\/uploads\\\/sites\\\/10\\\/2024\\\/12\\\/Elicit-Plant-logo-full-color-rgb.png\",\"width\":2304,\"height\":641,\"caption\":\"Elicit Plant Espa\u00f1a\"},\"image\":{\"@id\":\"https:\\\/\\\/www.elicit-plant.com\\\/es\\\/#\\\/schema\\\/logo\\\/image\\\/\"}}]}<\/script>\n<!-- \/ Yoast SEO plugin. -->","yoast_head_json":{"title":"Plataforma tecnol\u00f3gica EliTerra\u00ae - Elicit Plant Espa\u00f1a","description":"Descubra EliTerra\u00ae, el fruto de la investigaci\u00f3n de los fitoesteroles y su papel en la resistencia al estr\u00e9s de los cultivos extensivos (ma\u00edz, trigo, cebada, girasol, soja, etc.).","robots":{"index":"index","follow":"follow","max-snippet":"max-snippet:-1","max-image-preview":"max-image-preview:large","max-video-preview":"max-video-preview:-1"},"canonical":"https:\/\/www.elicit-plant.com\/es\/ciencia-y-tecnologia\/plataforma-tecnologica-eliterra\/","og_locale":"es_ES","og_type":"article","og_title":"Plataforma tecnol\u00f3gica EliTerra\u00ae - Elicit Plant Espa\u00f1a","og_description":"Descubra EliTerra\u00ae, el fruto de la investigaci\u00f3n de los fitoesteroles y su papel en la resistencia al estr\u00e9s de los cultivos extensivos (ma\u00edz, trigo, cebada, girasol, soja, etc.).","og_url":"https:\/\/www.elicit-plant.com\/es\/ciencia-y-tecnologia\/plataforma-tecnologica-eliterra\/","og_site_name":"Elicit Plant Espa\u00f1a","article_modified_time":"2024-12-05T15:00:40+00:00","og_image":[{"width":768,"height":768,"url":"https:\/\/www.elicit-plant.com\/es\/wp-content\/uploads\/sites\/10\/2024\/12\/Phytosterols-multiples-768x768-1.jpg","type":"image\/jpeg"}],"twitter_card":"summary_large_image","twitter_misc":{"Tiempo de lectura":"1 minuto"},"schema":{"@context":"https:\/\/schema.org","@graph":[{"@type":"WebPage","@id":"https:\/\/www.elicit-plant.com\/es\/ciencia-y-tecnologia\/plataforma-tecnologica-eliterra\/","url":"https:\/\/www.elicit-plant.com\/es\/ciencia-y-tecnologia\/plataforma-tecnologica-eliterra\/","name":"Plataforma tecnol\u00f3gica EliTerra\u00ae - Elicit Plant Espa\u00f1a","isPartOf":{"@id":"https:\/\/www.elicit-plant.com\/es\/#website"},"primaryImageOfPage":{"@id":"https:\/\/www.elicit-plant.com\/es\/ciencia-y-tecnologia\/plataforma-tecnologica-eliterra\/#primaryimage"},"image":{"@id":"https:\/\/www.elicit-plant.com\/es\/ciencia-y-tecnologia\/plataforma-tecnologica-eliterra\/#primaryimage"},"thumbnailUrl":"https:\/\/www.elicit-plant.com\/app\/uploads\/sites\/10\/2024\/12\/Phytosterols-multiples-768x768-1.jpg","datePublished":"2024-12-05T08:27:32+00:00","dateModified":"2024-12-05T15:00:40+00:00","description":"Descubra EliTerra\u00ae, el fruto de la investigaci\u00f3n de los fitoesteroles y su papel en la resistencia al estr\u00e9s de los cultivos extensivos (ma\u00edz, trigo, cebada, girasol, soja, etc.).","breadcrumb":{"@id":"https:\/\/www.elicit-plant.com\/es\/ciencia-y-tecnologia\/plataforma-tecnologica-eliterra\/#breadcrumb"},"inLanguage":"es","potentialAction":[{"@type":"ReadAction","target":["https:\/\/www.elicit-plant.com\/es\/ciencia-y-tecnologia\/plataforma-tecnologica-eliterra\/"]}]},{"@type":"ImageObject","inLanguage":"es","@id":"https:\/\/www.elicit-plant.com\/es\/ciencia-y-tecnologia\/plataforma-tecnologica-eliterra\/#primaryimage","url":"https:\/\/www.elicit-plant.com\/app\/uploads\/sites\/10\/2024\/12\/Phytosterols-multiples-768x768-1.jpg","contentUrl":"https:\/\/www.elicit-plant.com\/app\/uploads\/sites\/10\/2024\/12\/Phytosterols-multiples-768x768-1.jpg","width":768,"height":768,"caption":"Fitoesteroles"},{"@type":"BreadcrumbList","@id":"https:\/\/www.elicit-plant.com\/es\/ciencia-y-tecnologia\/plataforma-tecnologica-eliterra\/#breadcrumb","itemListElement":[{"@type":"ListItem","position":1,"name":"Inicio","item":"https:\/\/www.elicit-plant.com\/es\/"},{"@type":"ListItem","position":2,"name":"Ciencia y tecnolog\u00eda","item":"https:\/\/www.elicit-plant.com\/es\/ciencia-y-tecnologia\/"},{"@type":"ListItem","position":3,"name":"Plataforma tecnol\u00f3gica EliTerra\u00ae"}]},{"@type":"WebSite","@id":"https:\/\/www.elicit-plant.com\/es\/#website","url":"https:\/\/www.elicit-plant.com\/es\/","name":"Elicit Plant Espa\u00f1a","description":"","publisher":{"@id":"https:\/\/www.elicit-plant.com\/es\/#organization"},"potentialAction":[{"@type":"SearchAction","target":{"@type":"EntryPoint","urlTemplate":"https:\/\/www.elicit-plant.com\/es\/?s={search_term_string}"},"query-input":{"@type":"PropertyValueSpecification","valueRequired":true,"valueName":"search_term_string"}}],"inLanguage":"es"},{"@type":"Organization","@id":"https:\/\/www.elicit-plant.com\/es\/#organization","name":"Elicit Plant Espa\u00f1a","url":"https:\/\/www.elicit-plant.com\/es\/","logo":{"@type":"ImageObject","inLanguage":"es","@id":"https:\/\/www.elicit-plant.com\/es\/#\/schema\/logo\/image\/","url":"https:\/\/www.elicit-plant.com\/es\/wp-content\/uploads\/sites\/10\/2024\/12\/Elicit-Plant-logo-full-color-rgb.png","contentUrl":"https:\/\/www.elicit-plant.com\/es\/wp-content\/uploads\/sites\/10\/2024\/12\/Elicit-Plant-logo-full-color-rgb.png","width":2304,"height":641,"caption":"Elicit Plant Espa\u00f1a"},"image":{"@id":"https:\/\/www.elicit-plant.com\/es\/#\/schema\/logo\/image\/"}}]}},"_links":{"self":[{"href":"https:\/\/www.elicit-plant.com\/es\/wp-json\/wp\/v2\/pages\/122","targetHints":{"allow":["GET"]}}],"collection":[{"href":"https:\/\/www.elicit-plant.com\/es\/wp-json\/wp\/v2\/pages"}],"about":[{"href":"https:\/\/www.elicit-plant.com\/es\/wp-json\/wp\/v2\/types\/page"}],"author":[{"embeddable":true,"href":"https:\/\/www.elicit-plant.com\/es\/wp-json\/wp\/v2\/users\/6"}],"replies":[{"embeddable":true,"href":"https:\/\/www.elicit-plant.com\/es\/wp-json\/wp\/v2\/comments?post=122"}],"version-history":[{"count":3,"href":"https:\/\/www.elicit-plant.com\/es\/wp-json\/wp\/v2\/pages\/122\/revisions"}],"predecessor-version":[{"id":260,"href":"https:\/\/www.elicit-plant.com\/es\/wp-json\/wp\/v2\/pages\/122\/revisions\/260"}],"up":[{"embeddable":true,"href":"https:\/\/www.elicit-plant.com\/es\/wp-json\/wp\/v2\/pages\/118"}],"wp:featuredmedia":[{"embeddable":true,"href":"https:\/\/www.elicit-plant.com\/es\/wp-json\/wp\/v2\/media\/21"}],"wp:attachment":[{"href":"https:\/\/www.elicit-plant.com\/es\/wp-json\/wp\/v2\/media?parent=122"}],"curies":[{"name":"wp","href":"https:\/\/api.w.org\/{rel}","templated":true}]}}