{"id":124,"date":"2024-12-05T09:29:25","date_gmt":"2024-12-05T08:29:25","guid":{"rendered":"https:\/\/www.elicit-plant.com\/es\/?page_id=124"},"modified":"2024-12-05T16:23:49","modified_gmt":"2024-12-05T15:23:49","slug":"cultura-y-valores","status":"publish","type":"page","link":"https:\/\/www.elicit-plant.com\/es\/cultura-y-valores\/","title":{"rendered":"Cultura y valores"},"content":{"rendered":"<section class=\"cbo-hero cbo-margin-container hero--colorgreen\" data-anim-group>\n\t<div class=\"cbo-breadcrumbs breadcrumbs--normal\">\n  <div class=\"breadcrumbs-inner\">\n    <span><span><a href=\"https:\/\/www.elicit-plant.com\/es\/\">Inicio<\/a><\/span><\/span>\t<\/div>\n<\/div>\n\t<div class=\"hero-inner cbo-container container--padding\">\n\n\t\t<div class=\"hero-shapes\">\n\t\t\t<div class=\"shapes-color scale-up\"><\/div>\n\n\t\t\t<div class=\"shapes-picture cbo-picture-cover scale-up\"  data-delay=\"450\">\n\t\t\t\t<img decoding=\"async\" src=\"https:\/\/www.elicit-plant.com\/app\/uploads\/sites\/10\/2024\/12\/Scientist-320x320.jpg\" srcset=\"https:\/\/www.elicit-plant.com\/app\/uploads\/sites\/10\/2024\/12\/Scientist-320x320.jpg 320w, https:\/\/www.elicit-plant.com\/app\/uploads\/sites\/10\/2024\/12\/Scientist.jpg 768w\" class=\"\" alt=\"\" width=\"320\" height=\"320\" sizes=\"auto, 100vw\" loading=\"lazy\" \/>\t\t\t<\/div>\n\t\t<\/div>\n\n\t\t<div class=\"hero-content cbo-cms cms--large cms--white\">\n\t\t\t<div class=\"content-text\">\n\t\t\t\t<h1 class=\"hero-title cbo-heading slide-down\">\n\t\t\t\t\tCulture &amp; Values\t\t\t\t<\/h1>\n\n\t\t\t\t\t\t\t<\/div>\n\t\t<\/div>\n\n\t<\/div>\n<\/section>\n\n<section class=\"cbo-text cbo-margin-container\">\n    <div class=\"\n        text-inner\n                cbo-container\n        container--small        \"\n    >\n        <div class=\"text-content cbo-cms cms--large\">\n            <h2><img loading=\"lazy\" decoding=\"async\" class=\"aligncenter size-medium wp-image-1211\" src=\"https:\/\/www.elicit-plant.com\/wp-content\/uploads\/2024\/02\/Elicit-Plant-logo-full-color-rgb-1024x285.png\" alt=\"\" width=\"1024\" height=\"285\" \/><\/h2>\n<h2 style=\"text-align: center;\"><strong>Nuestra misi\u00f3n<\/strong><\/h2>\n<h3 style=\"text-align: center;\">Asegurar el futuro de la producci\u00f3n alimentaria a trav\u00e9s de la innovaci\u00f3n cient\u00edfica en apoyo de una agricultura sostenible, ecol\u00f3gica y responsable.<\/h3>\n\n            <div style=\"clear: both;\"><\/div>\n        <\/div>\n    <\/div>\n<\/section>\n\n\n<section class=\"cbo-picture picture--contained\">\n\t<div class=\"picture-inner cbo-container container--small\">\n\t\t<div class=\"picture-element cbo-picture-cover\">\n\t\t\t<img decoding=\"async\" src=\"https:\/\/www.elicit-plant.com\/app\/uploads\/sites\/10\/2024\/12\/elicit-plant-est-en-phase-avec-le-plan-eau-du-gouvernement.webp\" srcset=\"https:\/\/www.elicit-plant.com\/app\/uploads\/sites\/10\/2024\/12\/elicit-plant-est-en-phase-avec-le-plan-eau-du-gouvernement-320x180.webp 320w, https:\/\/www.elicit-plant.com\/app\/uploads\/sites\/10\/2024\/12\/elicit-plant-est-en-phase-avec-le-plan-eau-du-gouvernement-768x432.webp 840w, https:\/\/www.elicit-plant.com\/app\/uploads\/sites\/10\/2024\/12\/elicit-plant-est-en-phase-avec-le-plan-eau-du-gouvernement.webp 1024w, https:\/\/www.elicit-plant.com\/app\/uploads\/sites\/10\/2024\/12\/elicit-plant-est-en-phase-avec-le-plan-eau-du-gouvernement.webp 1400w\" class=\"\" alt=\"Gota de agua desliz&aacute;ndose por una hoja de ma&iacute;z\" width=\"1000\" height=\"562\" sizes=\"auto, 100vw\" loading=\"lazy\" \/>\t\t<\/div>\n\n\t\t\t<\/div>\n<\/section>\n\n\n<section class=\"cbo-textblocks\">\n    <div class=\"textblocks-inner cbo-container\">\n\n        \t\t\t<h2 class=\"textblocks-title cbo-title-2\">\n\t\t\t\tPACE\t\t\t<\/h2>\n    \t\n\n        \t\t\t<div class=\"textblocks-chapo cbo-chapo\">\n\t\t\t\tLa comunidad de Elicit Plant se une en torno a 4 valores compartidos bajo la sigla PACE: Positiva, \u00e1gil, colectiva y entregada.\t\t\t<\/div>\n    \t\n        <div class=\"textblocks-list\">\n                        \n                                    <span class=\"list-el scale-up\" data-delay=\"0\">\n                \n                    <span class=\"el-inner inner--coloryellow cbo-cms cms--white\">\n                        \n                                                    <span class=\"el-title\">\n                                Positivo                            <\/span>\n                        \n                                                    <span class=\"el-content\">\n                                Sabe sacar lo mejor de cada situaci\u00f3n y a sus compa\u00f1eros les encanta su car\u00e1cter desenfadado                             <\/span>\n                        \n                                            <\/span>\n\n                                    <\/span>\n                \n                        \n                                    <span class=\"list-el scale-up\" data-delay=\"100\">\n                \n                    <span class=\"el-inner inner--colorbrown cbo-cms cms--white\">\n                        \n                                                    <span class=\"el-title\">\n                                \u00c1gil                            <\/span>\n                        \n                                                    <span class=\"el-content\">\n                                Es perspicaz y capaz de adaptarse                             <\/span>\n                        \n                                            <\/span>\n\n                                    <\/span>\n                \n                    <\/div>\n\n        \t\t\t<div class=\"textblocks-button\">\n\t\t\t\t\t\t\t<\/div>\n\t\t\n    <\/div>\n<\/section>\n\n\n<section class=\"cbo-textblocks\">\n    <div class=\"textblocks-inner cbo-container\">\n\n        \n\n        \n        <div class=\"textblocks-list\">\n                        \n                                    <span class=\"list-el scale-up\" data-delay=\"0\">\n                \n                    <span class=\"el-inner inner--colorbrown cbo-cms cms--white\">\n                        \n                                                    <span class=\"el-title\">\n                                Colectiva                            <\/span>\n                        \n                                                    <span class=\"el-content\">\n                                Cree que trabajando juntos podemos conseguir m\u00e1s                             <\/span>\n                        \n                                            <\/span>\n\n                                    <\/span>\n                \n                        \n                                    <span class=\"list-el scale-up\" data-delay=\"100\">\n                \n                    <span class=\"el-inner inner--coloryellow cbo-cms cms--white\">\n                        \n                                                    <span class=\"el-title\">\n                                Entregada                            <\/span>\n                        \n                                                    <span class=\"el-content\">\n                                \u00a1No hay freno a su motivaci\u00f3n!                             <\/span>\n                        \n                                            <\/span>\n\n                                    <\/span>\n                \n                    <\/div>\n\n        \t\t\t<div class=\"textblocks-button\">\n\t\t\t\t\t\t\t<\/div>\n\t\t\n    <\/div>\n<\/section>\n\n\n<section class=\"cbo-checkerboard checkerboard--normal\">\n    <div class=\"checkerboard-inner\">\n\n        <div class=\"checkerboard-picture\">\n            <div class=\"picture-inner cbo-picture-cover\">\n                <img decoding=\"async\" src=\"https:\/\/www.elicit-plant.com\/app\/uploads\/sites\/10\/2024\/12\/Elicit-Plant-team-picture-320x213.jpg\" srcset=\"https:\/\/www.elicit-plant.com\/app\/uploads\/sites\/10\/2024\/12\/Elicit-Plant-team-picture-320x213.jpg 320w, https:\/\/www.elicit-plant.com\/app\/uploads\/sites\/10\/2024\/12\/Elicit-Plant-team-picture-768x512.jpg 768w, https:\/\/www.elicit-plant.com\/app\/uploads\/sites\/10\/2024\/12\/Elicit-Plant-team-picture-1024x683.jpg 1024w\" class=\"\" alt=\"Foto del equipo de Elicit Plant\" width=\"320\" height=\"213\" sizes=\"auto, 100vw\" loading=\"lazy\" \/>            <\/div>\n        <\/div>\n        \n        <div class=\"checkerboard-content content--green cbo-cms cms--white\">\n            <div class=\"content-text\">\n                                    <span class=\"content-uptitle\">\n                        Momentos clave del a\u00f1o                    <\/span>\n                \n                <div class=\"content-title cbo-title-3\">\n                    Dado que la cohesi\u00f3n es una cuesti\u00f3n importante, Elicit Plant organiza aproximadamente una docena de reuniones a lo largo del a\u00f1o, que brindan la oportunidad de conocerse mejor y fomentar los v\u00ednculos interdepartamentales.                <\/div>\n            <\/div>\n        <\/div>\n\n    <\/div>\n<\/section>\n\n\n<section class=\"cbo-checkerboard checkerboard--reverse\">\n    <div class=\"checkerboard-inner\">\n\n        <div class=\"checkerboard-picture\">\n            <div class=\"picture-inner cbo-picture-cover\">\n                <img decoding=\"async\" src=\"https:\/\/www.elicit-plant.com\/app\/uploads\/sites\/10\/2024\/12\/Photo-equipe--320x320.png\" srcset=\"https:\/\/www.elicit-plant.com\/app\/uploads\/sites\/10\/2024\/12\/Photo-equipe--320x320.png 320w, https:\/\/www.elicit-plant.com\/app\/uploads\/sites\/10\/2024\/12\/Photo-equipe--768x768.png 768w, https:\/\/www.elicit-plant.com\/app\/uploads\/sites\/10\/2024\/12\/Photo-equipe--1024x1024.png 1024w\" class=\"\" alt=\"Team picture\" width=\"320\" height=\"320\" sizes=\"auto, 100vw\" loading=\"lazy\" \/>            <\/div>\n        <\/div>\n        \n        <div class=\"checkerboard-content content--green cbo-cms cms--white\">\n            <div class=\"content-text\">\n                \n                <div class=\"content-title cbo-title-3\">\n                    Cada a\u00f1o, todos los empleados est\u00e1n invitados a:<br \/>\r\n<br \/>\r\nUn seminario de empresa<br \/>\r\n<br \/>\r\nOportunidades para compartir e intercambiar informaci\u00f3n entre los equipos de investigaci\u00f3n, ventas e interfuncionales<br \/>\r\n<br \/>\r\nJornadas de iniciaci\u00f3n para dar a nuestros reci\u00e9n llegados una bienvenida adecuada.<br \/>\r\n                <\/div>\n            <\/div>\n        <\/div>\n\n    <\/div>\n<\/section>\n\n<section class=\"cbo-featuredlinks featuredlinks--colorwhite\">\n\t<div class=\"featuredlinks-inner cbo-container \">\n\n\t\t\t\t\t<h2 class=\"cbo-title-2 featuredlinks-title\">\n\t\t\t\t Saber m\u00e1s sobre Elicit Plant\t\t\t<\/h2>\n\t\t\n\t\t<div class=\"featuredlinks-list\" data-anim-group data-group-delay=\"100\">\n\t\t\t\n\t\t\t<div class=\"list-el\">\n\t\t\t\t<a class=\"el-inner\" href=\"https:\/\/www.elicit-plant.com\/es\/nuestra-empresa\/\">\n\n\t\t\t\t\t<figure class=\"inner-picture cbo-picture-cover\">\n\t\t\t\t\t\t<img decoding=\"async\" src=\"https:\/\/www.elicit-plant.com\/app\/uploads\/sites\/10\/2024\/12\/Tractor-treating-fields-768x427.jpg\" srcset=\"https:\/\/www.elicit-plant.com\/app\/uploads\/sites\/10\/2024\/12\/Tractor-treating-fields-320x178.jpg 320w, https:\/\/www.elicit-plant.com\/app\/uploads\/sites\/10\/2024\/12\/Tractor-treating-fields-768x427.jpg 840w, https:\/\/www.elicit-plant.com\/app\/uploads\/sites\/10\/2024\/12\/Tractor-treating-fields-768x427.jpg 1024w, https:\/\/www.elicit-plant.com\/app\/uploads\/sites\/10\/2024\/12\/Tractor-treating-fields-768x427.jpg 1400w\" class=\"\" alt=\"Tractor treating fields\" width=\"768\" height=\"427\" sizes=\"auto, 100vw\" loading=\"lazy\" \/>\t\t\t\t\t<\/figure>\n\n\t\t\t\t\t<h3 class=\"inner-title cbo-title-3\">\n\t\t\t\t\t\tNuestra empresa\t\t\t\t\t<\/h3>\n\n\t\t\t\t\t<span class=\"inner-button cbo-buttonmore\">\n\t\t\t\t\t\t<i class=\"icon icon-cross\"><\/i>\n\t\t\t\t\t<\/span>\n\t\t\t\t<\/a>\n\t\t\t<\/div>\n\n\t\t\t\n\t\t\t<div class=\"list-el\">\n\t\t\t\t<a class=\"el-inner\" href=\"https:\/\/www.elicit-plant.com\/es\/ciencia-y-tecnologia\/\">\n\n\t\t\t\t\t<figure class=\"inner-picture cbo-picture-cover\">\n\t\t\t\t\t\t<img decoding=\"async\" src=\"https:\/\/www.elicit-plant.com\/app\/uploads\/sites\/10\/2024\/12\/agronomical-scientist.jpg\" srcset=\"https:\/\/www.elicit-plant.com\/app\/uploads\/sites\/10\/2024\/12\/agronomical-scientist-320x320.jpg 320w, https:\/\/www.elicit-plant.com\/app\/uploads\/sites\/10\/2024\/12\/agronomical-scientist.jpg 840w, https:\/\/www.elicit-plant.com\/app\/uploads\/sites\/10\/2024\/12\/agronomical-scientist.jpg 1024w, https:\/\/www.elicit-plant.com\/app\/uploads\/sites\/10\/2024\/12\/agronomical-scientist.jpg 1400w\" class=\"\" alt=\"Cient\u00edfico agron\u00f3mico trabajando en el estr\u00e9s hidrico\" width=\"402\" height=\"403\" sizes=\"auto, 100vw\" loading=\"lazy\" \/>\t\t\t\t\t<\/figure>\n\n\t\t\t\t\t<h3 class=\"inner-title cbo-title-3\">\n\t\t\t\t\t\tCiencia y tecnolog\u00eda en torno a los fitoesteroles\t\t\t\t\t<\/h3>\n\n\t\t\t\t\t<span class=\"inner-button cbo-buttonmore\">\n\t\t\t\t\t\t<i class=\"icon icon-cross\"><\/i>\n\t\t\t\t\t<\/span>\n\t\t\t\t<\/a>\n\t\t\t<\/div>\n\n\t\t\t\t\t<\/div>\n\n\t<\/div>\n<\/section>\n","protected":false},"excerpt":{"rendered":"<p>Nuestra misi\u00f3n Asegurar el futuro de la producci\u00f3n alimentaria a trav\u00e9s de la innovaci\u00f3n cient\u00edfica en apoyo de una agricultura sostenible, ecol\u00f3gica y responsable.<\/p>\n","protected":false},"author":6,"featured_media":32,"parent":0,"menu_order":0,"comment_status":"closed","ping_status":"closed","template":"","meta":{"_acf_changed":false,"footnotes":""},"class_list":["post-124","page","type-page","status-publish","has-post-thumbnail","hentry"],"acf":[],"yoast_head":"<!-- This site is optimized with the Yoast SEO plugin v27.2 - https:\/\/yoast.com\/product\/yoast-seo-wordpress\/ -->\n<title>Nuestra cultura, valores y prop\u00f3sito - Elicit Plant Espa\u00f1a<\/title>\n<meta name=\"description\" content=\"Perpetuamos la producci\u00f3n de los recursos alimentarios mediante la innovaci\u00f3n cient\u00edfica al servicio de una agricultura sostenible, ecol\u00f3gica y responsable.\" \/>\n<meta name=\"robots\" content=\"index, follow, max-snippet:-1, max-image-preview:large, max-video-preview:-1\" \/>\n<link rel=\"canonical\" href=\"https:\/\/www.elicit-plant.com\/es\/cultura-y-valores\/\" \/>\n<meta property=\"og:locale\" content=\"es_ES\" \/>\n<meta property=\"og:type\" content=\"article\" \/>\n<meta property=\"og:title\" content=\"Nuestra cultura, valores y prop\u00f3sito - Elicit Plant Espa\u00f1a\" \/>\n<meta property=\"og:description\" content=\"Perpetuamos la producci\u00f3n de los recursos alimentarios mediante la innovaci\u00f3n cient\u00edfica al servicio de una agricultura sostenible, ecol\u00f3gica y responsable.\" \/>\n<meta property=\"og:url\" content=\"https:\/\/www.elicit-plant.com\/es\/cultura-y-valores\/\" \/>\n<meta property=\"og:site_name\" content=\"Elicit Plant Espa\u00f1a\" \/>\n<meta property=\"article:modified_time\" content=\"2024-12-05T15:23:49+00:00\" \/>\n<meta property=\"og:image\" content=\"https:\/\/www.elicit-plant.com\/es\/wp-content\/uploads\/sites\/10\/2024\/12\/Scientist.jpg\" \/>\n\t<meta property=\"og:image:width\" content=\"446\" \/>\n\t<meta property=\"og:image:height\" content=\"446\" \/>\n\t<meta property=\"og:image:type\" content=\"image\/jpeg\" \/>\n<meta name=\"twitter:card\" content=\"summary_large_image\" \/>\n<meta name=\"twitter:label1\" content=\"Tiempo de lectura\" \/>\n\t<meta name=\"twitter:data1\" content=\"1 minuto\" \/>\n<script type=\"application\/ld+json\" class=\"yoast-schema-graph\">{\"@context\":\"https:\/\/schema.org\",\"@graph\":[{\"@type\":\"WebPage\",\"@id\":\"https:\/\/www.elicit-plant.com\/es\/cultura-y-valores\/\",\"url\":\"https:\/\/www.elicit-plant.com\/es\/cultura-y-valores\/\",\"name\":\"Nuestra cultura, valores y prop\u00f3sito - Elicit Plant Espa\u00f1a\",\"isPartOf\":{\"@id\":\"https:\/\/www.elicit-plant.com\/es\/#website\"},\"primaryImageOfPage\":{\"@id\":\"https:\/\/www.elicit-plant.com\/es\/cultura-y-valores\/#primaryimage\"},\"image\":{\"@id\":\"https:\/\/www.elicit-plant.com\/es\/cultura-y-valores\/#primaryimage\"},\"thumbnailUrl\":\"https:\/\/www.elicit-plant.com\/app\/uploads\/sites\/10\/2024\/12\/Scientist.jpg\",\"datePublished\":\"2024-12-05T08:29:25+00:00\",\"dateModified\":\"2024-12-05T15:23:49+00:00\",\"description\":\"Perpetuamos la producci\u00f3n de los recursos alimentarios mediante la innovaci\u00f3n cient\u00edfica al servicio de una agricultura sostenible, ecol\u00f3gica y responsable.\",\"breadcrumb\":{\"@id\":\"https:\/\/www.elicit-plant.com\/es\/cultura-y-valores\/#breadcrumb\"},\"inLanguage\":\"es\",\"potentialAction\":[{\"@type\":\"ReadAction\",\"target\":[\"https:\/\/www.elicit-plant.com\/es\/cultura-y-valores\/\"]}]},{\"@type\":\"ImageObject\",\"inLanguage\":\"es\",\"@id\":\"https:\/\/www.elicit-plant.com\/es\/cultura-y-valores\/#primaryimage\",\"url\":\"https:\/\/www.elicit-plant.com\/app\/uploads\/sites\/10\/2024\/12\/Scientist.jpg\",\"contentUrl\":\"https:\/\/www.elicit-plant.com\/app\/uploads\/sites\/10\/2024\/12\/Scientist.jpg\",\"width\":446,\"height\":446,\"caption\":\"Cient\u00edfica\"},{\"@type\":\"BreadcrumbList\",\"@id\":\"https:\/\/www.elicit-plant.com\/es\/cultura-y-valores\/#breadcrumb\",\"itemListElement\":[{\"@type\":\"ListItem\",\"position\":1,\"name\":\"Inicio\",\"item\":\"https:\/\/www.elicit-plant.com\/es\/\"},{\"@type\":\"ListItem\",\"position\":2,\"name\":\"Cultura y valores\"}]},{\"@type\":\"WebSite\",\"@id\":\"https:\/\/www.elicit-plant.com\/es\/#website\",\"url\":\"https:\/\/www.elicit-plant.com\/es\/\",\"name\":\"Elicit Plant Espa\u00f1a\",\"description\":\"\",\"publisher\":{\"@id\":\"https:\/\/www.elicit-plant.com\/es\/#organization\"},\"potentialAction\":[{\"@type\":\"SearchAction\",\"target\":{\"@type\":\"EntryPoint\",\"urlTemplate\":\"https:\/\/www.elicit-plant.com\/es\/?s={search_term_string}\"},\"query-input\":{\"@type\":\"PropertyValueSpecification\",\"valueRequired\":true,\"valueName\":\"search_term_string\"}}],\"inLanguage\":\"es\"},{\"@type\":\"Organization\",\"@id\":\"https:\/\/www.elicit-plant.com\/es\/#organization\",\"name\":\"Elicit Plant Espa\u00f1a\",\"url\":\"https:\/\/www.elicit-plant.com\/es\/\",\"logo\":{\"@type\":\"ImageObject\",\"inLanguage\":\"es\",\"@id\":\"https:\/\/www.elicit-plant.com\/es\/#\/schema\/logo\/image\/\",\"url\":\"https:\/\/www.elicit-plant.com\/es\/wp-content\/uploads\/sites\/10\/2024\/12\/Elicit-Plant-logo-full-color-rgb.png\",\"contentUrl\":\"https:\/\/www.elicit-plant.com\/es\/wp-content\/uploads\/sites\/10\/2024\/12\/Elicit-Plant-logo-full-color-rgb.png\",\"width\":2304,\"height\":641,\"caption\":\"Elicit Plant Espa\u00f1a\"},\"image\":{\"@id\":\"https:\/\/www.elicit-plant.com\/es\/#\/schema\/logo\/image\/\"}}]}<\/script>\n<!-- \/ Yoast SEO plugin. -->","yoast_head_json":{"title":"Nuestra cultura, valores y prop\u00f3sito - Elicit Plant Espa\u00f1a","description":"Perpetuamos la producci\u00f3n de los recursos alimentarios mediante la innovaci\u00f3n cient\u00edfica al servicio de una agricultura sostenible, ecol\u00f3gica y responsable.","robots":{"index":"index","follow":"follow","max-snippet":"max-snippet:-1","max-image-preview":"max-image-preview:large","max-video-preview":"max-video-preview:-1"},"canonical":"https:\/\/www.elicit-plant.com\/es\/cultura-y-valores\/","og_locale":"es_ES","og_type":"article","og_title":"Nuestra cultura, valores y prop\u00f3sito - Elicit Plant Espa\u00f1a","og_description":"Perpetuamos la producci\u00f3n de los recursos alimentarios mediante la innovaci\u00f3n cient\u00edfica al servicio de una agricultura sostenible, ecol\u00f3gica y responsable.","og_url":"https:\/\/www.elicit-plant.com\/es\/cultura-y-valores\/","og_site_name":"Elicit Plant Espa\u00f1a","article_modified_time":"2024-12-05T15:23:49+00:00","og_image":[{"width":446,"height":446,"url":"https:\/\/www.elicit-plant.com\/es\/wp-content\/uploads\/sites\/10\/2024\/12\/Scientist.jpg","type":"image\/jpeg"}],"twitter_card":"summary_large_image","twitter_misc":{"Tiempo de lectura":"1 minuto"},"schema":{"@context":"https:\/\/schema.org","@graph":[{"@type":"WebPage","@id":"https:\/\/www.elicit-plant.com\/es\/cultura-y-valores\/","url":"https:\/\/www.elicit-plant.com\/es\/cultura-y-valores\/","name":"Nuestra cultura, valores y prop\u00f3sito - Elicit Plant Espa\u00f1a","isPartOf":{"@id":"https:\/\/www.elicit-plant.com\/es\/#website"},"primaryImageOfPage":{"@id":"https:\/\/www.elicit-plant.com\/es\/cultura-y-valores\/#primaryimage"},"image":{"@id":"https:\/\/www.elicit-plant.com\/es\/cultura-y-valores\/#primaryimage"},"thumbnailUrl":"https:\/\/www.elicit-plant.com\/app\/uploads\/sites\/10\/2024\/12\/Scientist.jpg","datePublished":"2024-12-05T08:29:25+00:00","dateModified":"2024-12-05T15:23:49+00:00","description":"Perpetuamos la producci\u00f3n de los recursos alimentarios mediante la innovaci\u00f3n cient\u00edfica al servicio de una agricultura sostenible, ecol\u00f3gica y responsable.","breadcrumb":{"@id":"https:\/\/www.elicit-plant.com\/es\/cultura-y-valores\/#breadcrumb"},"inLanguage":"es","potentialAction":[{"@type":"ReadAction","target":["https:\/\/www.elicit-plant.com\/es\/cultura-y-valores\/"]}]},{"@type":"ImageObject","inLanguage":"es","@id":"https:\/\/www.elicit-plant.com\/es\/cultura-y-valores\/#primaryimage","url":"https:\/\/www.elicit-plant.com\/app\/uploads\/sites\/10\/2024\/12\/Scientist.jpg","contentUrl":"https:\/\/www.elicit-plant.com\/app\/uploads\/sites\/10\/2024\/12\/Scientist.jpg","width":446,"height":446,"caption":"Cient\u00edfica"},{"@type":"BreadcrumbList","@id":"https:\/\/www.elicit-plant.com\/es\/cultura-y-valores\/#breadcrumb","itemListElement":[{"@type":"ListItem","position":1,"name":"Inicio","item":"https:\/\/www.elicit-plant.com\/es\/"},{"@type":"ListItem","position":2,"name":"Cultura y valores"}]},{"@type":"WebSite","@id":"https:\/\/www.elicit-plant.com\/es\/#website","url":"https:\/\/www.elicit-plant.com\/es\/","name":"Elicit Plant Espa\u00f1a","description":"","publisher":{"@id":"https:\/\/www.elicit-plant.com\/es\/#organization"},"potentialAction":[{"@type":"SearchAction","target":{"@type":"EntryPoint","urlTemplate":"https:\/\/www.elicit-plant.com\/es\/?s={search_term_string}"},"query-input":{"@type":"PropertyValueSpecification","valueRequired":true,"valueName":"search_term_string"}}],"inLanguage":"es"},{"@type":"Organization","@id":"https:\/\/www.elicit-plant.com\/es\/#organization","name":"Elicit Plant Espa\u00f1a","url":"https:\/\/www.elicit-plant.com\/es\/","logo":{"@type":"ImageObject","inLanguage":"es","@id":"https:\/\/www.elicit-plant.com\/es\/#\/schema\/logo\/image\/","url":"https:\/\/www.elicit-plant.com\/es\/wp-content\/uploads\/sites\/10\/2024\/12\/Elicit-Plant-logo-full-color-rgb.png","contentUrl":"https:\/\/www.elicit-plant.com\/es\/wp-content\/uploads\/sites\/10\/2024\/12\/Elicit-Plant-logo-full-color-rgb.png","width":2304,"height":641,"caption":"Elicit Plant Espa\u00f1a"},"image":{"@id":"https:\/\/www.elicit-plant.com\/es\/#\/schema\/logo\/image\/"}}]}},"_links":{"self":[{"href":"https:\/\/www.elicit-plant.com\/es\/wp-json\/wp\/v2\/pages\/124","targetHints":{"allow":["GET"]}}],"collection":[{"href":"https:\/\/www.elicit-plant.com\/es\/wp-json\/wp\/v2\/pages"}],"about":[{"href":"https:\/\/www.elicit-plant.com\/es\/wp-json\/wp\/v2\/types\/page"}],"author":[{"embeddable":true,"href":"https:\/\/www.elicit-plant.com\/es\/wp-json\/wp\/v2\/users\/6"}],"replies":[{"embeddable":true,"href":"https:\/\/www.elicit-plant.com\/es\/wp-json\/wp\/v2\/comments?post=124"}],"version-history":[{"count":4,"href":"https:\/\/www.elicit-plant.com\/es\/wp-json\/wp\/v2\/pages\/124\/revisions"}],"predecessor-version":[{"id":266,"href":"https:\/\/www.elicit-plant.com\/es\/wp-json\/wp\/v2\/pages\/124\/revisions\/266"}],"wp:featuredmedia":[{"embeddable":true,"href":"https:\/\/www.elicit-plant.com\/es\/wp-json\/wp\/v2\/media\/32"}],"wp:attachment":[{"href":"https:\/\/www.elicit-plant.com\/es\/wp-json\/wp\/v2\/media?parent=124"}],"curies":[{"name":"wp","href":"https:\/\/api.w.org\/{rel}","templated":true}]}}