{"id":126,"date":"2024-12-05T09:31:02","date_gmt":"2024-12-05T08:31:02","guid":{"rendered":"https:\/\/www.elicit-plant.com\/es\/?page_id=126"},"modified":"2026-03-10T10:31:23","modified_gmt":"2026-03-10T09:31:23","slug":"elicit-plant-en-pocas-palabras","status":"publish","type":"page","link":"https:\/\/www.elicit-plant.com\/es\/elicit-plant-en-pocas-palabras\/","title":{"rendered":"Elicit Plant en pocas palabras"},"content":{"rendered":"<section class=\"cbo-hero cbo-margin-container hero--colorgreen\" data-anim-group>\n\t<div class=\"cbo-breadcrumbs breadcrumbs--normal\">\n  <div class=\"breadcrumbs-inner\">\n    <span><span><a href=\"https:\/\/www.elicit-plant.com\/es\/\">Inicio<\/a><\/span><\/span>\t<\/div>\n<\/div>\n\t<div class=\"hero-inner cbo-container container--padding\">\n\n\t\t<div class=\"hero-shapes\">\n\t\t\t<div class=\"shapes-color scale-up\"><\/div>\n\n\t\t\t<div class=\"shapes-picture cbo-picture-cover scale-up\"  data-delay=\"450\">\n\t\t\t\t<img decoding=\"async\" src=\"https:\/\/www.elicit-plant.com\/app\/uploads\/sites\/10\/2024\/12\/Elicit-Plant-team-picture-320x213.jpg\" srcset=\"https:\/\/www.elicit-plant.com\/app\/uploads\/sites\/10\/2024\/12\/Elicit-Plant-team-picture-320x213.jpg 320w, https:\/\/www.elicit-plant.com\/app\/uploads\/sites\/10\/2024\/12\/Elicit-Plant-team-picture-768x512.jpg 768w\" class=\"\" alt=\"\" width=\"320\" height=\"213\" sizes=\"auto, 100vw\" loading=\"lazy\" \/>\t\t\t<\/div>\n\t\t<\/div>\n\n\t\t<div class=\"hero-content cbo-cms cms--large cms--white\">\n\t\t\t<div class=\"content-text\">\n\t\t\t\t<h1 class=\"hero-title cbo-heading slide-down\">\n\t\t\t\t\tElicit Plant en pocas palabras\t\t\t\t<\/h1>\n\n\t\t\t\t\t\t\t<\/div>\n\t\t<\/div>\n\n\t<\/div>\n<\/section>\n\n\n<section class=\"cbo-textblocks\">\n    <div class=\"textblocks-inner cbo-container\">\n\n        \t\t\t<h2 class=\"textblocks-title cbo-title-2\">\n\t\t\t\tCifras clave\t\t\t<\/h2>\n    \t\n\n        \n        <div class=\"textblocks-list\">\n                        \n                                    <span class=\"list-el scale-up\" data-delay=\"0\">\n                \n                    <span class=\"el-inner inner--colorbrown cbo-cms cms--white\">\n                        \n                                                    <span class=\"el-title\">\n                                76                            <\/span>\n                        \n                                                    <span class=\"el-content\">\n                                empleados en 2024                            <\/span>\n                        \n                                            <\/span>\n\n                                    <\/span>\n                \n                        \n                                    <span class=\"list-el scale-up\" data-delay=\"100\">\n                \n                    <span class=\"el-inner inner--colorgreen cbo-cms cms--white\">\n                        \n                                                    <span class=\"el-title\">\n                                8                            <\/span>\n                        \n                                                    <span class=\"el-content\">\n                                sedes internacionales                            <\/span>\n                        \n                                            <\/span>\n\n                                    <\/span>\n                \n                        \n                                    <span class=\"list-el scale-up\" data-delay=\"200\">\n                \n                    <span class=\"el-inner inner--coloryellow cbo-cms cms--white\">\n                        \n                                                    <span class=\"el-title\">\n                                #1                            <\/span>\n                        \n                                                    <span class=\"el-content\">\n                                l\u00edder mundial de la gesti\u00f3n de estr\u00e9s h\u00eddrico para cultivos extensivos                            <\/span>\n                        \n                                            <\/span>\n\n                                    <\/span>\n                \n                    <\/div>\n\n        \t\t\t<div class=\"textblocks-button\">\n\t\t\t\t\t\t\t<\/div>\n\t\t\n    <\/div>\n<\/section>\n\n\n<section class=\"cbo-textblocks\">\n    <div class=\"textblocks-inner cbo-container\">\n\n        \t\t\t<h2 class=\"textblocks-title cbo-title-2\">\n\t\t\t\tIgualdad de g\u00e9nero\t\t\t<\/h2>\n    \t\n\n        \t\t\t<div class=\"textblocks-chapo cbo-chapo\">\n\t\t\t\tElicit Plant est\u00e1 comprometida con la igualdad<br \/>\r\nde oportunidades y el equilibrio de g\u00e9nero.\t\t\t<\/div>\n    \t\n        <div class=\"textblocks-list\">\n                        \n                                    <span class=\"list-el scale-up\" data-delay=\"0\">\n                \n                    <span class=\"el-inner inner--colorbrown cbo-cms cms--white\">\n                        \n                                                    <span class=\"el-title\">\n                                Mujeres                            <\/span>\n                        \n                                                    <span class=\"el-content\">\n                                42%                            <\/span>\n                        \n                                            <\/span>\n\n                                    <\/span>\n                \n                        \n                                    <span class=\"list-el scale-up\" data-delay=\"100\">\n                \n                    <span class=\"el-inner inner--coloryellow cbo-cms cms--white\">\n                        \n                                                    <span class=\"el-title\">\n                                Hombres                            <\/span>\n                        \n                                                    <span class=\"el-content\">\n                                58%                            <\/span>\n                        \n                                            <\/span>\n\n                                    <\/span>\n                \n                    <\/div>\n\n        \t\t\t<div class=\"textblocks-button\">\n\t\t\t\t\t\t\t<\/div>\n\t\t\n    <\/div>\n<\/section>\n\n<section class=\"cbo-text cbo-margin-container\">\n    <div class=\"\n        text-inner\n                cbo-container\n        container--small        \"\n    >\n        <div class=\"text-content cbo-cms cms--large\">\n            <h3>\u00cdndice de igualdad de g\u00e9nero 2025<\/h3>\n<p>En Elicit Plant, estamos comprometidos a garantizar una remuneraci\u00f3n justa y equitativa para todos.<br \/>\nEn 2025, nuestro \u00cdndice de igualdad de g\u00e9nero alcanz\u00f3 79\/100, lo que refleja nuestros esfuerzos continuos en favor de la equidad salarial.<\/p>\n<p><strong>Detalle de la puntuaci\u00f3n:<\/strong><\/p>\n<ul>\n<li>Brecha salarial: 39\/40<\/li>\n<\/ul>\n<p>Seguimos aplicando una pol\u00edtica salarial basada en la evaluaci\u00f3n objetiva de las competencias y responsabilidades, con el fin de garantizar una equidad duradera entre mujeres y hombres.<\/p>\n<ul>\n<li>Diferencia en la tasa de aumentos salariales: 35\/35<\/li>\n<li>Retorno de la baja por maternidad: 0\/15<\/li>\n<\/ul>\n<p>En el regreso de la baja por maternidad, prestaremos especial atenci\u00f3n a la actualizaci\u00f3n del alcance del puesto y a la adecuaci\u00f3n de la remuneraci\u00f3n, con el objetivo de garantizar una reincorporaci\u00f3n en condiciones plenamente equitativas.<\/p>\n<ul>\n<li>Altas remuneraciones: 5\/10<\/li>\n<\/ul>\n<p>Para los puestos con mayores responsabilidades, fomentaremos una mayor diversidad de g\u00e9nero asegurando la identificaci\u00f3n de candidaturas femeninas cualificadas y, en igualdad de competencias, valorando la diversidad para reforzar el equilibrio entre las remuneraciones m\u00e1s altas.<\/p>\n<p>&nbsp;<\/p>\n<p>Nuestra pol\u00edtica de remuneraci\u00f3n se basa en tres principios clave: el reconocimiento de las competencias, la adecuaci\u00f3n a las responsabilidades de cada puesto y la alineaci\u00f3n con las tendencias del mercado. Garantizamos la equidad interna evaluando las competencias y el desempe\u00f1o de manera objetiva, sin distinci\u00f3n de g\u00e9nero.<\/p>\n\n            <div style=\"clear: both;\"><\/div>\n        <\/div>\n    <\/div>\n<\/section>\n\n\n<section class=\"cbo-text cbo-margin-container\">\n    <div class=\"\n        text-inner\n                cbo-container\n        container--small        \"\n    >\n        <div class=\"text-content cbo-cms cms--large\">\n            <h2><strong>ESG<\/strong><\/h2>\n<p>Los ESG son una prioridad clave en Elicit Plant por un buen motivo. La actividad principal de la empresa se basa en las cuestiones medioambientales. Elicit Plant se enorgullece de alinear su desarrollo con estos objetivos anuales.<\/p>\n<p><a class=\"cbo-button\" href=\"https:\/\/www.elicit-plant.com\/es\/nuestros-compromisos-esg\/\">Descubra nuestros compromisos ESG<\/a><\/p>\n\n            <div style=\"clear: both;\"><\/div>\n        <\/div>\n    <\/div>\n<\/section>\n","protected":false},"excerpt":{"rendered":"<p>\u00cdndice de igualdad de g\u00e9nero 2025 En Elicit Plant, estamos comprometidos a garantizar una remuneraci\u00f3n justa y equitativa para todos. En 2025, nuestro \u00cdndice de igualdad de g\u00e9nero alcanz\u00f3 79\/100, lo que refleja nuestros esfuerzos continuos en favor de la equidad salarial. Detalle de la puntuaci\u00f3n: Brecha salarial: 39\/40 Seguimos aplicando una pol\u00edtica salarial basada en la evaluaci\u00f3n objetiva de las competencias y responsabilidades, con el fin de garantizar una equidad duradera entre mujeres y hombres. Diferencia en la tasa de aumentos salariales: 35\/35 Retorno de la baja por maternidad: 0\/15 En el regreso de la baja por maternidad, prestaremos especial atenci\u00f3n a la actualizaci\u00f3n del alcance del puesto y a la adecuaci\u00f3n de la remuneraci\u00f3n, con el objetivo de garantizar una reincorporaci\u00f3n en condiciones plenamente equitativas. Altas remuneraciones: 5\/10 Para los puestos con mayores responsabilidades, fomentaremos una mayor diversidad de g\u00e9nero asegurando la&#8230;<\/p>\n","protected":false},"author":6,"featured_media":4,"parent":0,"menu_order":0,"comment_status":"closed","ping_status":"closed","template":"","meta":{"_acf_changed":false,"footnotes":""},"class_list":["post-126","page","type-page","status-publish","has-post-thumbnail","hentry"],"acf":[],"yoast_head":"<!-- This site is optimized with the Yoast SEO plugin v27.2 - https:\/\/yoast.com\/product\/yoast-seo-wordpress\/ -->\n<title>Elicit Plant en breve: Cifras clave, Paridad y ESG - Elicit Plant Espa\u00f1a<\/title>\n<meta name=\"description\" content=\"\u00bfQuiere saber m\u00e1s sobre Elicit Plant? \u00a1Ha llegado al lugar indicado!\" \/>\n<meta name=\"robots\" content=\"index, follow, max-snippet:-1, max-image-preview:large, max-video-preview:-1\" \/>\n<link rel=\"canonical\" href=\"https:\/\/www.elicit-plant.com\/es\/elicit-plant-en-pocas-palabras\/\" \/>\n<meta property=\"og:locale\" content=\"es_ES\" \/>\n<meta property=\"og:type\" content=\"article\" \/>\n<meta property=\"og:title\" content=\"Elicit Plant en breve: Cifras clave, Paridad y ESG - Elicit Plant Espa\u00f1a\" \/>\n<meta property=\"og:description\" content=\"\u00bfQuiere saber m\u00e1s sobre Elicit Plant? \u00a1Ha llegado al lugar indicado!\" \/>\n<meta property=\"og:url\" content=\"https:\/\/www.elicit-plant.com\/es\/elicit-plant-en-pocas-palabras\/\" \/>\n<meta property=\"og:site_name\" content=\"Elicit Plant Espa\u00f1a\" \/>\n<meta property=\"article:modified_time\" content=\"2026-03-10T09:31:23+00:00\" \/>\n<meta property=\"og:image\" content=\"https:\/\/www.elicit-plant.com\/app\/uploads\/sites\/10\/2024\/12\/Elicit-Plant-team-picture.jpg\" \/>\n\t<meta property=\"og:image:width\" content=\"1500\" \/>\n\t<meta property=\"og:image:height\" content=\"1000\" \/>\n\t<meta property=\"og:image:type\" content=\"image\/jpeg\" \/>\n<meta name=\"twitter:card\" content=\"summary_large_image\" \/>\n<meta name=\"twitter:label1\" content=\"Tiempo de lectura\" \/>\n\t<meta name=\"twitter:data1\" content=\"1 minuto\" \/>\n<script type=\"application\/ld+json\" class=\"yoast-schema-graph\">{\"@context\":\"https:\/\/schema.org\",\"@graph\":[{\"@type\":\"WebPage\",\"@id\":\"https:\/\/www.elicit-plant.com\/es\/elicit-plant-en-pocas-palabras\/\",\"url\":\"https:\/\/www.elicit-plant.com\/es\/elicit-plant-en-pocas-palabras\/\",\"name\":\"Elicit Plant en breve: Cifras clave, Paridad y ESG - Elicit Plant Espa\u00f1a\",\"isPartOf\":{\"@id\":\"https:\/\/www.elicit-plant.com\/es\/#website\"},\"primaryImageOfPage\":{\"@id\":\"https:\/\/www.elicit-plant.com\/es\/elicit-plant-en-pocas-palabras\/#primaryimage\"},\"image\":{\"@id\":\"https:\/\/www.elicit-plant.com\/es\/elicit-plant-en-pocas-palabras\/#primaryimage\"},\"thumbnailUrl\":\"https:\/\/www.elicit-plant.com\/app\/uploads\/sites\/10\/2024\/12\/Elicit-Plant-team-picture.jpg\",\"datePublished\":\"2024-12-05T08:31:02+00:00\",\"dateModified\":\"2026-03-10T09:31:23+00:00\",\"description\":\"\u00bfQuiere saber m\u00e1s sobre Elicit Plant? \u00a1Ha llegado al lugar indicado!\",\"breadcrumb\":{\"@id\":\"https:\/\/www.elicit-plant.com\/es\/elicit-plant-en-pocas-palabras\/#breadcrumb\"},\"inLanguage\":\"es\",\"potentialAction\":[{\"@type\":\"ReadAction\",\"target\":[\"https:\/\/www.elicit-plant.com\/es\/elicit-plant-en-pocas-palabras\/\"]}]},{\"@type\":\"ImageObject\",\"inLanguage\":\"es\",\"@id\":\"https:\/\/www.elicit-plant.com\/es\/elicit-plant-en-pocas-palabras\/#primaryimage\",\"url\":\"https:\/\/www.elicit-plant.com\/app\/uploads\/sites\/10\/2024\/12\/Elicit-Plant-team-picture.jpg\",\"contentUrl\":\"https:\/\/www.elicit-plant.com\/app\/uploads\/sites\/10\/2024\/12\/Elicit-Plant-team-picture.jpg\",\"width\":1500,\"height\":1000,\"caption\":\"Foto del equipo de Elicit Plant\"},{\"@type\":\"BreadcrumbList\",\"@id\":\"https:\/\/www.elicit-plant.com\/es\/elicit-plant-en-pocas-palabras\/#breadcrumb\",\"itemListElement\":[{\"@type\":\"ListItem\",\"position\":1,\"name\":\"Inicio\",\"item\":\"https:\/\/www.elicit-plant.com\/es\/\"},{\"@type\":\"ListItem\",\"position\":2,\"name\":\"Elicit Plant en pocas palabras\"}]},{\"@type\":\"WebSite\",\"@id\":\"https:\/\/www.elicit-plant.com\/es\/#website\",\"url\":\"https:\/\/www.elicit-plant.com\/es\/\",\"name\":\"Elicit Plant Espa\u00f1a\",\"description\":\"\",\"publisher\":{\"@id\":\"https:\/\/www.elicit-plant.com\/es\/#organization\"},\"potentialAction\":[{\"@type\":\"SearchAction\",\"target\":{\"@type\":\"EntryPoint\",\"urlTemplate\":\"https:\/\/www.elicit-plant.com\/es\/?s={search_term_string}\"},\"query-input\":{\"@type\":\"PropertyValueSpecification\",\"valueRequired\":true,\"valueName\":\"search_term_string\"}}],\"inLanguage\":\"es\"},{\"@type\":\"Organization\",\"@id\":\"https:\/\/www.elicit-plant.com\/es\/#organization\",\"name\":\"Elicit Plant Espa\u00f1a\",\"url\":\"https:\/\/www.elicit-plant.com\/es\/\",\"logo\":{\"@type\":\"ImageObject\",\"inLanguage\":\"es\",\"@id\":\"https:\/\/www.elicit-plant.com\/es\/#\/schema\/logo\/image\/\",\"url\":\"https:\/\/www.elicit-plant.com\/es\/wp-content\/uploads\/sites\/10\/2024\/12\/Elicit-Plant-logo-full-color-rgb.png\",\"contentUrl\":\"https:\/\/www.elicit-plant.com\/es\/wp-content\/uploads\/sites\/10\/2024\/12\/Elicit-Plant-logo-full-color-rgb.png\",\"width\":2304,\"height\":641,\"caption\":\"Elicit Plant Espa\u00f1a\"},\"image\":{\"@id\":\"https:\/\/www.elicit-plant.com\/es\/#\/schema\/logo\/image\/\"}}]}<\/script>\n<!-- \/ Yoast SEO plugin. -->","yoast_head_json":{"title":"Elicit Plant en breve: Cifras clave, Paridad y ESG - Elicit Plant Espa\u00f1a","description":"\u00bfQuiere saber m\u00e1s sobre Elicit Plant? \u00a1Ha llegado al lugar indicado!","robots":{"index":"index","follow":"follow","max-snippet":"max-snippet:-1","max-image-preview":"max-image-preview:large","max-video-preview":"max-video-preview:-1"},"canonical":"https:\/\/www.elicit-plant.com\/es\/elicit-plant-en-pocas-palabras\/","og_locale":"es_ES","og_type":"article","og_title":"Elicit Plant en breve: Cifras clave, Paridad y ESG - Elicit Plant Espa\u00f1a","og_description":"\u00bfQuiere saber m\u00e1s sobre Elicit Plant? \u00a1Ha llegado al lugar indicado!","og_url":"https:\/\/www.elicit-plant.com\/es\/elicit-plant-en-pocas-palabras\/","og_site_name":"Elicit Plant Espa\u00f1a","article_modified_time":"2026-03-10T09:31:23+00:00","og_image":[{"width":1500,"height":1000,"url":"https:\/\/www.elicit-plant.com\/app\/uploads\/sites\/10\/2024\/12\/Elicit-Plant-team-picture.jpg","type":"image\/jpeg"}],"twitter_card":"summary_large_image","twitter_misc":{"Tiempo de lectura":"1 minuto"},"schema":{"@context":"https:\/\/schema.org","@graph":[{"@type":"WebPage","@id":"https:\/\/www.elicit-plant.com\/es\/elicit-plant-en-pocas-palabras\/","url":"https:\/\/www.elicit-plant.com\/es\/elicit-plant-en-pocas-palabras\/","name":"Elicit Plant en breve: Cifras clave, Paridad y ESG - Elicit Plant Espa\u00f1a","isPartOf":{"@id":"https:\/\/www.elicit-plant.com\/es\/#website"},"primaryImageOfPage":{"@id":"https:\/\/www.elicit-plant.com\/es\/elicit-plant-en-pocas-palabras\/#primaryimage"},"image":{"@id":"https:\/\/www.elicit-plant.com\/es\/elicit-plant-en-pocas-palabras\/#primaryimage"},"thumbnailUrl":"https:\/\/www.elicit-plant.com\/app\/uploads\/sites\/10\/2024\/12\/Elicit-Plant-team-picture.jpg","datePublished":"2024-12-05T08:31:02+00:00","dateModified":"2026-03-10T09:31:23+00:00","description":"\u00bfQuiere saber m\u00e1s sobre Elicit Plant? \u00a1Ha llegado al lugar indicado!","breadcrumb":{"@id":"https:\/\/www.elicit-plant.com\/es\/elicit-plant-en-pocas-palabras\/#breadcrumb"},"inLanguage":"es","potentialAction":[{"@type":"ReadAction","target":["https:\/\/www.elicit-plant.com\/es\/elicit-plant-en-pocas-palabras\/"]}]},{"@type":"ImageObject","inLanguage":"es","@id":"https:\/\/www.elicit-plant.com\/es\/elicit-plant-en-pocas-palabras\/#primaryimage","url":"https:\/\/www.elicit-plant.com\/app\/uploads\/sites\/10\/2024\/12\/Elicit-Plant-team-picture.jpg","contentUrl":"https:\/\/www.elicit-plant.com\/app\/uploads\/sites\/10\/2024\/12\/Elicit-Plant-team-picture.jpg","width":1500,"height":1000,"caption":"Foto del equipo de Elicit Plant"},{"@type":"BreadcrumbList","@id":"https:\/\/www.elicit-plant.com\/es\/elicit-plant-en-pocas-palabras\/#breadcrumb","itemListElement":[{"@type":"ListItem","position":1,"name":"Inicio","item":"https:\/\/www.elicit-plant.com\/es\/"},{"@type":"ListItem","position":2,"name":"Elicit Plant en pocas palabras"}]},{"@type":"WebSite","@id":"https:\/\/www.elicit-plant.com\/es\/#website","url":"https:\/\/www.elicit-plant.com\/es\/","name":"Elicit Plant Espa\u00f1a","description":"","publisher":{"@id":"https:\/\/www.elicit-plant.com\/es\/#organization"},"potentialAction":[{"@type":"SearchAction","target":{"@type":"EntryPoint","urlTemplate":"https:\/\/www.elicit-plant.com\/es\/?s={search_term_string}"},"query-input":{"@type":"PropertyValueSpecification","valueRequired":true,"valueName":"search_term_string"}}],"inLanguage":"es"},{"@type":"Organization","@id":"https:\/\/www.elicit-plant.com\/es\/#organization","name":"Elicit Plant Espa\u00f1a","url":"https:\/\/www.elicit-plant.com\/es\/","logo":{"@type":"ImageObject","inLanguage":"es","@id":"https:\/\/www.elicit-plant.com\/es\/#\/schema\/logo\/image\/","url":"https:\/\/www.elicit-plant.com\/es\/wp-content\/uploads\/sites\/10\/2024\/12\/Elicit-Plant-logo-full-color-rgb.png","contentUrl":"https:\/\/www.elicit-plant.com\/es\/wp-content\/uploads\/sites\/10\/2024\/12\/Elicit-Plant-logo-full-color-rgb.png","width":2304,"height":641,"caption":"Elicit Plant Espa\u00f1a"},"image":{"@id":"https:\/\/www.elicit-plant.com\/es\/#\/schema\/logo\/image\/"}}]}},"_links":{"self":[{"href":"https:\/\/www.elicit-plant.com\/es\/wp-json\/wp\/v2\/pages\/126","targetHints":{"allow":["GET"]}}],"collection":[{"href":"https:\/\/www.elicit-plant.com\/es\/wp-json\/wp\/v2\/pages"}],"about":[{"href":"https:\/\/www.elicit-plant.com\/es\/wp-json\/wp\/v2\/types\/page"}],"author":[{"embeddable":true,"href":"https:\/\/www.elicit-plant.com\/es\/wp-json\/wp\/v2\/users\/6"}],"replies":[{"embeddable":true,"href":"https:\/\/www.elicit-plant.com\/es\/wp-json\/wp\/v2\/comments?post=126"}],"version-history":[{"count":5,"href":"https:\/\/www.elicit-plant.com\/es\/wp-json\/wp\/v2\/pages\/126\/revisions"}],"predecessor-version":[{"id":742,"href":"https:\/\/www.elicit-plant.com\/es\/wp-json\/wp\/v2\/pages\/126\/revisions\/742"}],"wp:featuredmedia":[{"embeddable":true,"href":"https:\/\/www.elicit-plant.com\/es\/wp-json\/wp\/v2\/media\/4"}],"wp:attachment":[{"href":"https:\/\/www.elicit-plant.com\/es\/wp-json\/wp\/v2\/media?parent=126"}],"curies":[{"name":"wp","href":"https:\/\/api.w.org\/{rel}","templated":true}]}}