{"id":134,"date":"2024-12-05T09:38:44","date_gmt":"2024-12-05T08:38:44","guid":{"rendered":"https:\/\/www.elicit-plant.com\/es\/?page_id=134"},"modified":"2024-12-06T16:55:44","modified_gmt":"2024-12-06T15:55:44","slug":"recursos-de-prensa","status":"publish","type":"page","link":"https:\/\/www.elicit-plant.com\/es\/recursos-de-prensa\/","title":{"rendered":"Recursos de prensa"},"content":{"rendered":"<section class=\"cbo-hero cbo-margin-container hero--colorblue\" data-anim-group>\n\t<div class=\"cbo-breadcrumbs breadcrumbs--normal\">\n  <div class=\"breadcrumbs-inner\">\n    <span><span><a href=\"https:\/\/www.elicit-plant.com\/es\/\">Inicio<\/a><\/span><\/span>\t<\/div>\n<\/div>\n\t<div class=\"hero-inner cbo-container container--padding\">\n\n\t\t<div class=\"hero-shapes\">\n\t\t\t<div class=\"shapes-color scale-up\"><\/div>\n\n\t\t\t<div class=\"shapes-picture cbo-picture-cover scale-up\"  data-delay=\"450\">\n\t\t\t\t\t\t\t<\/div>\n\t\t<\/div>\n\n\t\t<div class=\"hero-content cbo-cms cms--large cms--white\">\n\t\t\t<div class=\"content-text\">\n\t\t\t\t<h1 class=\"hero-title cbo-heading slide-down\">\n\t\t\t\t\tRecursos de prensa\t\t\t\t<\/h1>\n\n\t\t\t\t\t\t\t<\/div>\n\t\t<\/div>\n\n\t<\/div>\n<\/section>\n\n<section class=\"cbo-text cbo-margin-container\">\n    <div class=\"\n        text-inner\n                cbo-container\n        container--small        \"\n    >\n        <div class=\"text-content cbo-cms cms--large\">\n            <h2 style=\"text-align: left;\">Acerca de Elicit Plant<\/h2>\n<p><a href=\"https:\/\/www.elicit-plant.com\/es\/nuestra-empresa\/\">Elicit Plant<\/a> es la \u00fanica empresa del sector AgTech que aborda los desaf\u00edos del impacto del cambio clim\u00e1tico en los principales cultivos a nivel mundial, reduciendo el consumo de agua en las plantas en un 20%. Su tecnolog\u00eda \u00fanica, <a href=\"https:\/\/www.elicit-plant.com\/es\/plataforma-tecnologica-eliterra\/\">EliTerra\u00ae<\/a>, basada en el suministro ex\u00f3geno de fitosteroles, un grupo de mol\u00e9culas derivadas de plantas, aumenta la resistencia de las plantas al estr\u00e9s al activar sus defensas naturales.<\/p>\n<p>Cientos de ensayos de campo, junto con la r\u00e1pida adopci\u00f3n por parte de agricultores en tres continentes (Brasil, Europa y Estados Unidos) para el primer producto dirigido al ma\u00edz, demuestran que sus biosoluciones son las \u00fanicas capaces de asegurar los rendimientos y ofrecer a los agricultores un retorno significativo de la inversi\u00f3n durante per\u00edodos de escasez de agua.<\/p>\n<p>Elicit Plant opera con \u00e9xito en Brasil, Europa y Ucrania, y ha experimentado un crecimiento de tres d\u00edgitos en los \u00faltimos 2 a\u00f1os.<\/p>\n\n            <div style=\"clear: both;\"><\/div>\n        <\/div>\n    <\/div>\n<\/section>\n\n\n<section class=\"cbo-textintro textintro--transparent\">\n    <div class=\"textintro-inner cbo-container container--small\">\n\n        \n                \n        <div class=\"textintro-content\">\n            <p>Descubra todos nuestros recursos de prensa: descargue nuestros logotipos, fotos y documentos para presentar a Elicit Plant y sus innovadoras soluciones revolucionarias.<\/p>\n        <\/div>\n    <\/div>\n<\/section>\n\n\n<section class=\"cbo-textintro textintro--transparent\">\n    <div class=\"textintro-inner cbo-container container--small\">\n\n                <div class=\"textintro-picture cbo-picture-contain\">\n\t\t\t<img decoding=\"async\" src=\"https:\/\/www.elicit-plant.com\/app\/uploads\/sites\/10\/2024\/12\/icon-demarche-scientifique.svg\"  class=\"\" alt=\"\" width=\"1\" height=\"1\" sizes=\"auto, 100vw\" loading=\"lazy\" \/>\t\t<\/div>\n        \n                \n        <div class=\"textintro-content\">\n            <h2>Comunicados de prensa<\/h2>\n        <\/div>\n    <\/div>\n<\/section>\n\n\n<section class=\"cbo-downloads\">\n    <div class=\"downloads-inner cbo-container\">\n        <div class=\"downloads-list\" data-anim-group data-group-delay=\"100\">\n            \n                            <a class=\"list-el scale-up\" href=\"#\" target=\"_blank\">\n                    <span class=\"el-inner\">\n                        <span class=\"el-picture cbo-picture-contain\">\n                            <div class=\"cbo-picture-placeholder\"><span>Image manquante<\/span><\/div>                        <\/span>\n\n                        <span class=\"el-content\">\n                                                            <span class=\"content-uptitle cbo-uptitle\">\n                                    Surtitre manquant                                <\/span>\n                                                       \n                                                            <span class=\"content-title cbo-title-4\">\n                                    Titre manquant                                <\/span>\n                                                    <\/span>\n\n                        <i class=\"icon icon-download\"><\/i>\n                    <\/span>\n                <\/a>\n                            <a class=\"list-el scale-up\" href=\"#\" target=\"_blank\">\n                    <span class=\"el-inner\">\n                        <span class=\"el-picture cbo-picture-contain\">\n                            <div class=\"cbo-picture-placeholder\"><span>Image manquante<\/span><\/div>                        <\/span>\n\n                        <span class=\"el-content\">\n                                                            <span class=\"content-uptitle cbo-uptitle\">\n                                    Surtitre manquant                                <\/span>\n                                                       \n                                                            <span class=\"content-title cbo-title-4\">\n                                    Titre manquant                                <\/span>\n                                                    <\/span>\n\n                        <i class=\"icon icon-download\"><\/i>\n                    <\/span>\n                <\/a>\n                            <a class=\"list-el scale-up\" href=\"#\" target=\"_blank\">\n                    <span class=\"el-inner\">\n                        <span class=\"el-picture cbo-picture-contain\">\n                            <div class=\"cbo-picture-placeholder\"><span>Image manquante<\/span><\/div>                        <\/span>\n\n                        <span class=\"el-content\">\n                                                            <span class=\"content-uptitle cbo-uptitle\">\n                                    Surtitre manquant                                <\/span>\n                                                       \n                                                            <span class=\"content-title cbo-title-4\">\n                                    Titre manquant                                <\/span>\n                                                    <\/span>\n\n                        <i class=\"icon icon-download\"><\/i>\n                    <\/span>\n                <\/a>\n                            <a class=\"list-el scale-up\" href=\"#\" target=\"_blank\">\n                    <span class=\"el-inner\">\n                        <span class=\"el-picture cbo-picture-contain\">\n                            <div class=\"cbo-picture-placeholder\"><span>Image manquante<\/span><\/div>                        <\/span>\n\n                        <span class=\"el-content\">\n                                                            <span class=\"content-uptitle cbo-uptitle\">\n                                    Surtitre manquant                                <\/span>\n                                                       \n                                                            <span class=\"content-title cbo-title-4\">\n                                    Titre manquant                                <\/span>\n                                                    <\/span>\n\n                        <i class=\"icon icon-download\"><\/i>\n                    <\/span>\n                <\/a>\n            \n        <\/div>\n    <\/div>\n<\/section>\n\n<section class=\"cbo-textintro textintro--transparent\">\n    <div class=\"textintro-inner cbo-container container--small\">\n\n                <div class=\"textintro-picture cbo-picture-contain\">\n\t\t\t<img decoding=\"async\" src=\"https:\/\/www.elicit-plant.com\/app\/uploads\/sites\/10\/2024\/12\/icon-economie.svg\"  class=\"\" alt=\"\" width=\"1\" height=\"1\" sizes=\"auto, 100vw\" loading=\"lazy\" \/>\t\t<\/div>\n        \n                \n        <div class=\"textintro-content\">\n            <p>Encuentre una serie de fotos para ilustrar las investigaciones de Elicit Plant, as\u00ed como el logotipo de la empresa.<\/p>\n<p>Recursos iconogr\u00e1ficos<\/p>\n        <\/div>\n    <\/div>\n<\/section>\n\n\n<section class=\"cbo-text cbo-margin-container\">\n    <div class=\"\n        text-inner\n                cbo-container\n        container--small        \"\n    >\n        <div class=\"text-content cbo-cms cms--large\">\n            <div class=\"col-12 col-md-7\" style=\"text-align: center;\">\n<p>Cuando necesite el logotipo oficial de Elicit Plant para un sitio web o una publicaci\u00f3n, utilice uno de los logotipos a continuaci\u00f3n.<\/p>\n<\/div>\n<p style=\"text-align: center;\"><a class=\"cbo-button\" href=\"https:\/\/www.elicit-plant.com\/fr\/wp-content\/uploads\/sites\/1\/2024\/03\/Elicit-Plant-logo-mark-full-color-rgb.png\">Descargar nuestro logotipo en formato vertical<\/a><br \/>\n<a class=\"cbo-button\" href=\"https:\/\/www.elicit-plant.com\/fr\/wp-content\/uploads\/sites\/1\/2024\/02\/Elicit-Plant-logo-full-color-rgb.png\">Descargar nuestro logotipo est\u00e1ndar<\/a><\/p>\n\n            <div style=\"clear: both;\"><\/div>\n        <\/div>\n    <\/div>\n<\/section>\n\n\n<section class=\"cbo-textintro textintro--transparent\">\n    <div class=\"textintro-inner cbo-container container--small\">\n\n        \n                \n        <div class=\"textintro-content\">\n            <p>Biblioteca de fotos<\/p>\n        <\/div>\n    <\/div>\n<\/section>\n\n\n<section class=\"cbo-text cbo-margin-container\">\n    <div class=\"\n        text-inner\n                cbo-container\n        container--small        \"\n    >\n        <div class=\"text-content cbo-cms cms--large\">\n            <p style=\"text-align: center;\">Encuentre a continuaci\u00f3n im\u00e1genes que ilustran nuestra I+D y el desarrollo de soluciones. Estas im\u00e1genes son propiedad de Elicit Plant y deben llevar la menci\u00f3n \u00abCopyright Elicit Plant\u00bb. Ilustraciones y videos en HD est\u00e1n disponibles bajo solicitud.<\/p>\n<p style=\"text-align: center;\"><a class=\"cbo-button\" href=\"https:\/\/www.elicit-plant.com\/es\/contacto\/\">Contacto<\/a><\/p>\n\n            <div style=\"clear: both;\"><\/div>\n        <\/div>\n    <\/div>\n<\/section>\n\n\n<section class=\"cbo-featuredlinks featuredlinks--colorsand\">\n\t<div class=\"featuredlinks-inner cbo-container container--padding\">\n\n\t\t\n\t\t<div class=\"featuredlinks-list\" data-anim-group data-group-delay=\"100\">\n\t\t\t\n\t\t\t<div class=\"list-el\">\n\t\t\t\t<a class=\"el-inner\" href=\"https:\/\/www.elicit-plant.com\/es\/ciencia-y-tecnologia\/\">\n\n\t\t\t\t\t<figure class=\"inner-picture cbo-picture-cover\">\n\t\t\t\t\t\t<img decoding=\"async\" src=\"https:\/\/www.elicit-plant.com\/app\/uploads\/sites\/10\/2024\/12\/agronomical-scientist.jpg\" srcset=\"https:\/\/www.elicit-plant.com\/app\/uploads\/sites\/10\/2024\/12\/agronomical-scientist-320x320.jpg 320w, https:\/\/www.elicit-plant.com\/app\/uploads\/sites\/10\/2024\/12\/agronomical-scientist.jpg 840w, https:\/\/www.elicit-plant.com\/app\/uploads\/sites\/10\/2024\/12\/agronomical-scientist.jpg 1024w, https:\/\/www.elicit-plant.com\/app\/uploads\/sites\/10\/2024\/12\/agronomical-scientist.jpg 1400w\" class=\"\" alt=\"Cient\u00edfico agron\u00f3mico trabajando en el estr\u00e9s hidrico\" width=\"402\" height=\"403\" sizes=\"auto, 100vw\" loading=\"lazy\" \/>\t\t\t\t\t<\/figure>\n\n\t\t\t\t\t<h3 class=\"inner-title cbo-title-3\">\n\t\t\t\t\t\tCiencia y tecnolog\u00eda en torno a los fitoesteroles\t\t\t\t\t<\/h3>\n\n\t\t\t\t\t<span class=\"inner-button cbo-buttonmore\">\n\t\t\t\t\t\t<i class=\"icon icon-cross\"><\/i>\n\t\t\t\t\t<\/span>\n\t\t\t\t<\/a>\n\t\t\t<\/div>\n\n\t\t\t\n\t\t\t<div class=\"list-el\">\n\t\t\t\t<a class=\"el-inner\" href=\"https:\/\/www.elicit-plant.com\/es\/nuestra-empresa\/\">\n\n\t\t\t\t\t<figure class=\"inner-picture cbo-picture-cover\">\n\t\t\t\t\t\t<img decoding=\"async\" src=\"https:\/\/www.elicit-plant.com\/app\/uploads\/sites\/10\/2024\/12\/Tractor-treating-fields-768x427.jpg\" srcset=\"https:\/\/www.elicit-plant.com\/app\/uploads\/sites\/10\/2024\/12\/Tractor-treating-fields-320x178.jpg 320w, https:\/\/www.elicit-plant.com\/app\/uploads\/sites\/10\/2024\/12\/Tractor-treating-fields-768x427.jpg 840w, https:\/\/www.elicit-plant.com\/app\/uploads\/sites\/10\/2024\/12\/Tractor-treating-fields-768x427.jpg 1024w, https:\/\/www.elicit-plant.com\/app\/uploads\/sites\/10\/2024\/12\/Tractor-treating-fields-768x427.jpg 1400w\" class=\"\" alt=\"Tractor treating fields\" width=\"768\" height=\"427\" sizes=\"auto, 100vw\" loading=\"lazy\" \/>\t\t\t\t\t<\/figure>\n\n\t\t\t\t\t<h3 class=\"inner-title cbo-title-3\">\n\t\t\t\t\t\tAcerca de nuestra empresa\t\t\t\t\t<\/h3>\n\n\t\t\t\t\t<span class=\"inner-button cbo-buttonmore\">\n\t\t\t\t\t\t<i class=\"icon icon-cross\"><\/i>\n\t\t\t\t\t<\/span>\n\t\t\t\t<\/a>\n\t\t\t<\/div>\n\n\t\t\t\t\t<\/div>\n\n\t<\/div>\n<\/section>\n","protected":false},"excerpt":{"rendered":"<p>Acerca de Elicit Plant Elicit Plant es la \u00fanica empresa del sector AgTech que aborda los desaf\u00edos del impacto del cambio clim\u00e1tico en los principales cultivos a nivel mundial, reduciendo el consumo de agua en las plantas en un 20%. Su tecnolog\u00eda \u00fanica, EliTerra\u00ae, basada en el suministro ex\u00f3geno de fitosteroles, un grupo de mol\u00e9culas derivadas de plantas, aumenta la resistencia de las plantas al estr\u00e9s al activar sus defensas naturales. Cientos de ensayos de campo, junto con la r\u00e1pida adopci\u00f3n por parte de agricultores en tres continentes (Brasil, Europa y Estados Unidos) para el primer producto dirigido al ma\u00edz, demuestran que sus biosoluciones son las \u00fanicas capaces de asegurar los rendimientos y ofrecer a los agricultores un retorno significativo de la inversi\u00f3n durante per\u00edodos de escasez de agua. Elicit Plant opera con \u00e9xito en Brasil, Europa y Ucrania, y ha experimentado un crecimiento de tres d\u00edgitos en los \u00faltimos 2 a\u00f1os. Cuando necesite el logotipo oficial&#8230;<\/p>\n","protected":false},"author":6,"featured_media":14,"parent":0,"menu_order":0,"comment_status":"closed","ping_status":"closed","template":"","meta":{"_acf_changed":false,"footnotes":""},"class_list":["post-134","page","type-page","status-publish","has-post-thumbnail","hentry"],"acf":[],"yoast_head":"<!-- This site is optimized with the Yoast SEO plugin v27.3 - https:\/\/yoast.com\/product\/yoast-seo-wordpress\/ -->\n<title>Recursos de prensa - Elicit Plant Espa\u00f1a<\/title>\n<meta name=\"description\" content=\"Descubra todos los recursos para la prensa: logotipos, fotos y documentos para presentar a Elicit Plant y sus innovadoras soluciones revolucionarias.\" \/>\n<meta name=\"robots\" content=\"index, follow, max-snippet:-1, max-image-preview:large, max-video-preview:-1\" \/>\n<link rel=\"canonical\" href=\"https:\/\/www.elicit-plant.com\/es\/recursos-de-prensa\/\" \/>\n<meta property=\"og:locale\" content=\"es_ES\" \/>\n<meta property=\"og:type\" content=\"article\" \/>\n<meta property=\"og:title\" content=\"Recursos de prensa - Elicit Plant Espa\u00f1a\" \/>\n<meta property=\"og:description\" content=\"Descubra todos los recursos para la prensa: logotipos, fotos y documentos para presentar a Elicit Plant y sus innovadoras soluciones revolucionarias.\" \/>\n<meta property=\"og:url\" content=\"https:\/\/www.elicit-plant.com\/es\/recursos-de-prensa\/\" \/>\n<meta property=\"og:site_name\" content=\"Elicit Plant Espa\u00f1a\" \/>\n<meta property=\"article:modified_time\" content=\"2024-12-06T15:55:44+00:00\" \/>\n<meta property=\"og:image\" content=\"https:\/\/www.elicit-plant.com\/es\/wp-content\/uploads\/sites\/10\/2024\/12\/Tractor-treating-fields.jpg\" \/>\n\t<meta property=\"og:image:width\" content=\"1400\" \/>\n\t<meta property=\"og:image:height\" content=\"779\" \/>\n\t<meta property=\"og:image:type\" content=\"image\/jpeg\" \/>\n<meta name=\"twitter:card\" content=\"summary_large_image\" \/>\n<meta name=\"twitter:label1\" content=\"Tiempo de lectura\" \/>\n\t<meta name=\"twitter:data1\" content=\"1 minuto\" \/>\n<script type=\"application\/ld+json\" class=\"yoast-schema-graph\">{\"@context\":\"https:\\\/\\\/schema.org\",\"@graph\":[{\"@type\":\"WebPage\",\"@id\":\"https:\\\/\\\/www.elicit-plant.com\\\/es\\\/recursos-de-prensa\\\/\",\"url\":\"https:\\\/\\\/www.elicit-plant.com\\\/es\\\/recursos-de-prensa\\\/\",\"name\":\"Recursos de prensa - Elicit Plant Espa\u00f1a\",\"isPartOf\":{\"@id\":\"https:\\\/\\\/www.elicit-plant.com\\\/es\\\/#website\"},\"primaryImageOfPage\":{\"@id\":\"https:\\\/\\\/www.elicit-plant.com\\\/es\\\/recursos-de-prensa\\\/#primaryimage\"},\"image\":{\"@id\":\"https:\\\/\\\/www.elicit-plant.com\\\/es\\\/recursos-de-prensa\\\/#primaryimage\"},\"thumbnailUrl\":\"https:\\\/\\\/www.elicit-plant.com\\\/app\\\/uploads\\\/sites\\\/10\\\/2024\\\/12\\\/Tractor-treating-fields.jpg\",\"datePublished\":\"2024-12-05T08:38:44+00:00\",\"dateModified\":\"2024-12-06T15:55:44+00:00\",\"description\":\"Descubra todos los recursos para la prensa: logotipos, fotos y documentos para presentar a Elicit Plant y sus innovadoras soluciones revolucionarias.\",\"breadcrumb\":{\"@id\":\"https:\\\/\\\/www.elicit-plant.com\\\/es\\\/recursos-de-prensa\\\/#breadcrumb\"},\"inLanguage\":\"es\",\"potentialAction\":[{\"@type\":\"ReadAction\",\"target\":[\"https:\\\/\\\/www.elicit-plant.com\\\/es\\\/recursos-de-prensa\\\/\"]}]},{\"@type\":\"ImageObject\",\"inLanguage\":\"es\",\"@id\":\"https:\\\/\\\/www.elicit-plant.com\\\/es\\\/recursos-de-prensa\\\/#primaryimage\",\"url\":\"https:\\\/\\\/www.elicit-plant.com\\\/app\\\/uploads\\\/sites\\\/10\\\/2024\\\/12\\\/Tractor-treating-fields.jpg\",\"contentUrl\":\"https:\\\/\\\/www.elicit-plant.com\\\/app\\\/uploads\\\/sites\\\/10\\\/2024\\\/12\\\/Tractor-treating-fields.jpg\",\"width\":1400,\"height\":779,\"caption\":\"Tractor treating fields\"},{\"@type\":\"BreadcrumbList\",\"@id\":\"https:\\\/\\\/www.elicit-plant.com\\\/es\\\/recursos-de-prensa\\\/#breadcrumb\",\"itemListElement\":[{\"@type\":\"ListItem\",\"position\":1,\"name\":\"Inicio\",\"item\":\"https:\\\/\\\/www.elicit-plant.com\\\/es\\\/\"},{\"@type\":\"ListItem\",\"position\":2,\"name\":\"Recursos de prensa\"}]},{\"@type\":\"WebSite\",\"@id\":\"https:\\\/\\\/www.elicit-plant.com\\\/es\\\/#website\",\"url\":\"https:\\\/\\\/www.elicit-plant.com\\\/es\\\/\",\"name\":\"Elicit Plant Espa\u00f1a\",\"description\":\"\",\"publisher\":{\"@id\":\"https:\\\/\\\/www.elicit-plant.com\\\/es\\\/#organization\"},\"potentialAction\":[{\"@type\":\"SearchAction\",\"target\":{\"@type\":\"EntryPoint\",\"urlTemplate\":\"https:\\\/\\\/www.elicit-plant.com\\\/es\\\/?s={search_term_string}\"},\"query-input\":{\"@type\":\"PropertyValueSpecification\",\"valueRequired\":true,\"valueName\":\"search_term_string\"}}],\"inLanguage\":\"es\"},{\"@type\":\"Organization\",\"@id\":\"https:\\\/\\\/www.elicit-plant.com\\\/es\\\/#organization\",\"name\":\"Elicit Plant Espa\u00f1a\",\"url\":\"https:\\\/\\\/www.elicit-plant.com\\\/es\\\/\",\"logo\":{\"@type\":\"ImageObject\",\"inLanguage\":\"es\",\"@id\":\"https:\\\/\\\/www.elicit-plant.com\\\/es\\\/#\\\/schema\\\/logo\\\/image\\\/\",\"url\":\"https:\\\/\\\/www.elicit-plant.com\\\/es\\\/wp-content\\\/uploads\\\/sites\\\/10\\\/2024\\\/12\\\/Elicit-Plant-logo-full-color-rgb.png\",\"contentUrl\":\"https:\\\/\\\/www.elicit-plant.com\\\/es\\\/wp-content\\\/uploads\\\/sites\\\/10\\\/2024\\\/12\\\/Elicit-Plant-logo-full-color-rgb.png\",\"width\":2304,\"height\":641,\"caption\":\"Elicit Plant Espa\u00f1a\"},\"image\":{\"@id\":\"https:\\\/\\\/www.elicit-plant.com\\\/es\\\/#\\\/schema\\\/logo\\\/image\\\/\"}}]}<\/script>\n<!-- \/ Yoast SEO plugin. -->","yoast_head_json":{"title":"Recursos de prensa - Elicit Plant Espa\u00f1a","description":"Descubra todos los recursos para la prensa: logotipos, fotos y documentos para presentar a Elicit Plant y sus innovadoras soluciones revolucionarias.","robots":{"index":"index","follow":"follow","max-snippet":"max-snippet:-1","max-image-preview":"max-image-preview:large","max-video-preview":"max-video-preview:-1"},"canonical":"https:\/\/www.elicit-plant.com\/es\/recursos-de-prensa\/","og_locale":"es_ES","og_type":"article","og_title":"Recursos de prensa - Elicit Plant Espa\u00f1a","og_description":"Descubra todos los recursos para la prensa: logotipos, fotos y documentos para presentar a Elicit Plant y sus innovadoras soluciones revolucionarias.","og_url":"https:\/\/www.elicit-plant.com\/es\/recursos-de-prensa\/","og_site_name":"Elicit Plant Espa\u00f1a","article_modified_time":"2024-12-06T15:55:44+00:00","og_image":[{"width":1400,"height":779,"url":"https:\/\/www.elicit-plant.com\/es\/wp-content\/uploads\/sites\/10\/2024\/12\/Tractor-treating-fields.jpg","type":"image\/jpeg"}],"twitter_card":"summary_large_image","twitter_misc":{"Tiempo de lectura":"1 minuto"},"schema":{"@context":"https:\/\/schema.org","@graph":[{"@type":"WebPage","@id":"https:\/\/www.elicit-plant.com\/es\/recursos-de-prensa\/","url":"https:\/\/www.elicit-plant.com\/es\/recursos-de-prensa\/","name":"Recursos de prensa - Elicit Plant Espa\u00f1a","isPartOf":{"@id":"https:\/\/www.elicit-plant.com\/es\/#website"},"primaryImageOfPage":{"@id":"https:\/\/www.elicit-plant.com\/es\/recursos-de-prensa\/#primaryimage"},"image":{"@id":"https:\/\/www.elicit-plant.com\/es\/recursos-de-prensa\/#primaryimage"},"thumbnailUrl":"https:\/\/www.elicit-plant.com\/app\/uploads\/sites\/10\/2024\/12\/Tractor-treating-fields.jpg","datePublished":"2024-12-05T08:38:44+00:00","dateModified":"2024-12-06T15:55:44+00:00","description":"Descubra todos los recursos para la prensa: logotipos, fotos y documentos para presentar a Elicit Plant y sus innovadoras soluciones revolucionarias.","breadcrumb":{"@id":"https:\/\/www.elicit-plant.com\/es\/recursos-de-prensa\/#breadcrumb"},"inLanguage":"es","potentialAction":[{"@type":"ReadAction","target":["https:\/\/www.elicit-plant.com\/es\/recursos-de-prensa\/"]}]},{"@type":"ImageObject","inLanguage":"es","@id":"https:\/\/www.elicit-plant.com\/es\/recursos-de-prensa\/#primaryimage","url":"https:\/\/www.elicit-plant.com\/app\/uploads\/sites\/10\/2024\/12\/Tractor-treating-fields.jpg","contentUrl":"https:\/\/www.elicit-plant.com\/app\/uploads\/sites\/10\/2024\/12\/Tractor-treating-fields.jpg","width":1400,"height":779,"caption":"Tractor treating fields"},{"@type":"BreadcrumbList","@id":"https:\/\/www.elicit-plant.com\/es\/recursos-de-prensa\/#breadcrumb","itemListElement":[{"@type":"ListItem","position":1,"name":"Inicio","item":"https:\/\/www.elicit-plant.com\/es\/"},{"@type":"ListItem","position":2,"name":"Recursos de prensa"}]},{"@type":"WebSite","@id":"https:\/\/www.elicit-plant.com\/es\/#website","url":"https:\/\/www.elicit-plant.com\/es\/","name":"Elicit Plant Espa\u00f1a","description":"","publisher":{"@id":"https:\/\/www.elicit-plant.com\/es\/#organization"},"potentialAction":[{"@type":"SearchAction","target":{"@type":"EntryPoint","urlTemplate":"https:\/\/www.elicit-plant.com\/es\/?s={search_term_string}"},"query-input":{"@type":"PropertyValueSpecification","valueRequired":true,"valueName":"search_term_string"}}],"inLanguage":"es"},{"@type":"Organization","@id":"https:\/\/www.elicit-plant.com\/es\/#organization","name":"Elicit Plant Espa\u00f1a","url":"https:\/\/www.elicit-plant.com\/es\/","logo":{"@type":"ImageObject","inLanguage":"es","@id":"https:\/\/www.elicit-plant.com\/es\/#\/schema\/logo\/image\/","url":"https:\/\/www.elicit-plant.com\/es\/wp-content\/uploads\/sites\/10\/2024\/12\/Elicit-Plant-logo-full-color-rgb.png","contentUrl":"https:\/\/www.elicit-plant.com\/es\/wp-content\/uploads\/sites\/10\/2024\/12\/Elicit-Plant-logo-full-color-rgb.png","width":2304,"height":641,"caption":"Elicit Plant Espa\u00f1a"},"image":{"@id":"https:\/\/www.elicit-plant.com\/es\/#\/schema\/logo\/image\/"}}]}},"_links":{"self":[{"href":"https:\/\/www.elicit-plant.com\/es\/wp-json\/wp\/v2\/pages\/134","targetHints":{"allow":["GET"]}}],"collection":[{"href":"https:\/\/www.elicit-plant.com\/es\/wp-json\/wp\/v2\/pages"}],"about":[{"href":"https:\/\/www.elicit-plant.com\/es\/wp-json\/wp\/v2\/types\/page"}],"author":[{"embeddable":true,"href":"https:\/\/www.elicit-plant.com\/es\/wp-json\/wp\/v2\/users\/6"}],"replies":[{"embeddable":true,"href":"https:\/\/www.elicit-plant.com\/es\/wp-json\/wp\/v2\/comments?post=134"}],"version-history":[{"count":4,"href":"https:\/\/www.elicit-plant.com\/es\/wp-json\/wp\/v2\/pages\/134\/revisions"}],"predecessor-version":[{"id":311,"href":"https:\/\/www.elicit-plant.com\/es\/wp-json\/wp\/v2\/pages\/134\/revisions\/311"}],"wp:featuredmedia":[{"embeddable":true,"href":"https:\/\/www.elicit-plant.com\/es\/wp-json\/wp\/v2\/media\/14"}],"wp:attachment":[{"href":"https:\/\/www.elicit-plant.com\/es\/wp-json\/wp\/v2\/media?parent=134"}],"curies":[{"name":"wp","href":"https:\/\/api.w.org\/{rel}","templated":true}]}}