{"id":166,"date":"2024-12-05T11:08:05","date_gmt":"2024-12-05T10:08:05","guid":{"rendered":"https:\/\/www.elicit-plant.com\/es\/?page_id=166"},"modified":"2025-04-07T17:13:47","modified_gmt":"2025-04-07T15:13:47","slug":"unirse-a-la-red-de-distribucion","status":"publish","type":"page","link":"https:\/\/www.elicit-plant.com\/es\/unirse-a-la-red-de-distribucion\/","title":{"rendered":"Distribuidores"},"content":{"rendered":"<section class=\"cbo-hero cbo-margin-container hero--colorblue\" data-anim-group>\n\t<div class=\"cbo-breadcrumbs breadcrumbs--normal\">\n  <div class=\"breadcrumbs-inner\">\n    <span><span><a href=\"https:\/\/www.elicit-plant.com\/es\/\">Inicio<\/a><\/span><\/span>\t<\/div>\n<\/div>\n\t<div class=\"hero-inner cbo-container container--padding\">\n\n\t\t<div class=\"hero-shapes\">\n\t\t\t<div class=\"shapes-color scale-up\"><\/div>\n\n\t\t\t<div class=\"shapes-picture cbo-picture-cover scale-up\"  data-delay=\"450\">\n\t\t\t\t<img decoding=\"async\" src=\"https:\/\/www.elicit-plant.com\/app\/uploads\/sites\/10\/2025\/04\/Patricia-Fernandez-Delgado-320x320.jpg\" srcset=\"https:\/\/www.elicit-plant.com\/app\/uploads\/sites\/10\/2025\/04\/Patricia-Fernandez-Delgado-320x320.jpg 320w, https:\/\/www.elicit-plant.com\/app\/uploads\/sites\/10\/2025\/04\/Patricia-Fernandez-Delgado.jpg 768w\" class=\"\" alt=\"\" width=\"320\" height=\"320\" sizes=\"auto, 100vw\" loading=\"lazy\" \/>\t\t\t<\/div>\n\t\t<\/div>\n\n\t\t<div class=\"hero-content cbo-cms cms--large cms--white\">\n\t\t\t<div class=\"content-text\">\n\t\t\t\t<h1 class=\"hero-title cbo-heading slide-down\">\n\t\t\t\t\tUnete a la red Elicit Plant\t\t\t\t<\/h1>\n\n\t\t\t\t\t\t\t\t\t<p class=\"fade-in\" data-delay=\"450\">\n\t\t\t\t\t\tComplete el formulario a continuaci\u00f3n y nos pondremos en contacto con usted lo antes posible.\t\t\t\t\t<\/p>\n\t\t\t\t\t\t\t<\/div>\n\t\t<\/div>\n\n\t<\/div>\n<\/section>\n\n\n<section class=\"cbo-forminfos\">\n\n    <div class=\"forminfos-inner cbo-container container--small\">\n                    <h2 class=\"forminfos-title\">\n                Contacta con Patricia, tu responsable de desarrollo de negocio en Espa\u00f1a            <\/h2>\n         \n\n                    <div class=\"cbo-form\">\n                \n<div class=\"wpcf7 no-js\" id=\"wpcf7-f272-o1\" lang=\"fr-FR\" dir=\"ltr\" data-wpcf7-id=\"272\">\n<div class=\"screen-reader-response\"><p role=\"status\" aria-live=\"polite\" aria-atomic=\"true\"><\/p> <ul><\/ul><\/div>\n<form action=\"\/es\/wp-json\/wp\/v2\/pages\/166#wpcf7-f272-o1\" method=\"post\" class=\"wpcf7-form init\" id=\"form--272\" aria-label=\"Formulaire de contact\" novalidate=\"novalidate\" data-status=\"init\">\n<fieldset class=\"hidden-fields-container\"><input type=\"hidden\" name=\"_wpcf7\" value=\"272\" \/><input type=\"hidden\" name=\"_wpcf7_version\" value=\"6.1.5\" \/><input type=\"hidden\" name=\"_wpcf7_locale\" value=\"fr_FR\" \/><input type=\"hidden\" name=\"_wpcf7_unit_tag\" value=\"wpcf7-f272-o1\" \/><input type=\"hidden\" name=\"_wpcf7_container_post\" value=\"0\" \/><input type=\"hidden\" name=\"_wpcf7_posted_data_hash\" value=\"\" \/><input type=\"hidden\" name=\"_wpcf7cf_hidden_group_fields\" value=\"[]\" \/><input type=\"hidden\" name=\"_wpcf7cf_hidden_groups\" value=\"[]\" \/><input type=\"hidden\" name=\"_wpcf7cf_visible_groups\" value=\"[]\" \/><input type=\"hidden\" name=\"_wpcf7cf_repeaters\" value=\"[]\" \/><input type=\"hidden\" name=\"_wpcf7cf_steps\" value=\"{}\" \/><input type=\"hidden\" name=\"_wpcf7cf_options\" value=\"{&quot;form_id&quot;:272,&quot;conditions&quot;:[],&quot;settings&quot;:{&quot;animation&quot;:&quot;yes&quot;,&quot;animation_intime&quot;:200,&quot;animation_outtime&quot;:200,&quot;conditions_ui&quot;:&quot;normal&quot;,&quot;notice_dismissed&quot;:false}}\" \/>\n<\/fieldset>\n<div class=\"form-field\">\n    <div class=\"field-inner\">\n        <label>Apellido<\/label>\n        <span class=\"wpcf7-form-control-wrap\" data-name=\"contact_name\"><input size=\"40\" maxlength=\"400\" class=\"wpcf7-form-control wpcf7-text wpcf7-validates-as-required\" autocomplete=\"name\" aria-required=\"true\" aria-invalid=\"false\" value=\"\" type=\"text\" name=\"contact_name\" \/><\/span>\n    <\/div>\n<\/div>\n\n<div class=\"form-field\">\n    <div class=\"field-inner\">\n        <label>Nombre<\/label>\n        <span class=\"wpcf7-form-control-wrap\" data-name=\"contact_firstname\"><input size=\"40\" maxlength=\"400\" class=\"wpcf7-form-control wpcf7-text wpcf7-validates-as-required\" aria-required=\"true\" aria-invalid=\"false\" value=\"\" type=\"text\" name=\"contact_firstname\" \/><\/span>\n    <\/div>\n<\/div>\n\n<div class=\"form-field\">\n    <div class=\"field-inner\">\n        <label>Tel\u00e9fono*<\/label>\n        <span class=\"wpcf7-form-control-wrap\" data-name=\"contact_phone\"><input size=\"40\" maxlength=\"400\" class=\"wpcf7-form-control wpcf7-tel wpcf7-text wpcf7-validates-as-tel\" aria-invalid=\"false\" value=\"\" type=\"tel\" name=\"contact_phone\" \/><\/span>\n    <\/div>\n<\/div>\n\n<div class=\"form-field\">\n    <div class=\"field-inner\">\n        <label>Email Profesional*<\/label>\n        <span class=\"wpcf7-form-control-wrap\" data-name=\"contact_email\"><input size=\"40\" maxlength=\"400\" class=\"wpcf7-form-control wpcf7-email wpcf7-validates-as-required wpcf7-text wpcf7-validates-as-email\" aria-required=\"true\" aria-invalid=\"false\" value=\"\" type=\"email\" name=\"contact_email\" \/><\/span>\n    <\/div>\n<\/div>\n\n<div class=\"form-field\">\n    <div class=\"field-inner\">\n        <label>Regi\u00f3n*<\/label>\n        <span class=\"wpcf7-form-control-wrap\" data-name=\"contact_region\"><input size=\"40\" maxlength=\"400\" class=\"wpcf7-form-control wpcf7-text\" aria-invalid=\"false\" value=\"\" type=\"text\" name=\"contact_region\" \/><\/span>\n    <\/div>\n<\/div>\n\n<div class=\"form-field\">\n    <div class=\"field-inner\">\n        <label>Empresa<\/label>\n        <span class=\"wpcf7-form-control-wrap\" data-name=\"contact_company\"><input size=\"40\" maxlength=\"400\" class=\"wpcf7-form-control wpcf7-text\" aria-invalid=\"false\" value=\"\" type=\"text\" name=\"contact_company\" \/><\/span>\n    <\/div>\n<\/div>\n\n<div class=\"form-field form-textarea\">\n    <div class=\"field-inner\">\n        <label>Mensaje*<\/label>\n        <span class=\"wpcf7-form-control-wrap\" data-name=\"contact_message\"><textarea cols=\"40\" rows=\"10\" maxlength=\"2000\" class=\"wpcf7-form-control wpcf7-textarea\" aria-invalid=\"false\" name=\"contact_message\"><\/textarea><\/span>\n    <\/div>\n<\/div>\n\n<div class=\"form-field form-acceptance novalidate\">\n    <span class=\"wpcf7-form-control-wrap\" data-name=\"contact_acceptance\"><span class=\"wpcf7-form-control wpcf7-acceptance\"><span class=\"wpcf7-list-item\"><input type=\"checkbox\" name=\"contact_acceptance\" value=\"1\" id=\"contact_acceptance\" aria-invalid=\"false\" \/><\/span><\/span><\/span>\n    <label for=\"contact_acceptance\">\n        <span>Acepto enviar este mensaje y que Elicit Plant pueda compartir mis datos con terceros, exclusivamente con el prop\u00f3sito de encontrar un distribuidor. Tambi\u00e9n acepto ser contactado por Elicit Plant o un tercero. Elicit Plant garantiza que mis datos ser\u00e1n utilizados de acuerdo con la <a href=\"https:\/\/www.elicit-plant.com\/es\/politica-de-privacidad\/\">pol\u00edtica de privacidad<\/a>.<\/span><\/label>\n<\/div>\n\n<div class=\"wpcf7-response-output\" aria-hidden=\"true\"><\/div>\n\n<div class=\"form-field form-submit\">\n    <button type=\"submit\" class=\"cbo-button wpcf7-form-control wpcf7-submit\">\n        Enviar\n    <\/button>\n<\/div><div class=\"frc-captcha \" data-sitekey=\"FCMPJ7B9DDN459ON\" data-lang=\"es\" ><\/div>\n\t\t<noscript>You need to enable Javascript for the anti-spam check.<\/noscript>\n<\/form>\n<\/div>\n            <\/div>\n            <\/div>\n\n    <div class=\"forminfos-picture cbo-picture-cover\">\n        <img decoding=\"async\" src=\"https:\/\/www.elicit-plant.com\/app\/uploads\/sites\/10\/2024\/12\/corn-leafs-background-320x213.jpg\" srcset=\"https:\/\/www.elicit-plant.com\/app\/uploads\/sites\/10\/2024\/12\/corn-leafs-background-320x213.jpg 320w, https:\/\/www.elicit-plant.com\/app\/uploads\/sites\/10\/2024\/12\/corn-leafs-background-768x512.jpg 768w, https:\/\/www.elicit-plant.com\/app\/uploads\/sites\/10\/2024\/12\/corn-leafs-background-1024x683.jpg 1024w\" class=\"\" alt=\"Fondo de hojas de ma\u00edz\" width=\"320\" height=\"213\" sizes=\"auto, 100vw\" loading=\"lazy\" \/>    <\/div>\n\n<\/section>","protected":false},"excerpt":{"rendered":"","protected":false},"author":6,"featured_media":143,"parent":0,"menu_order":0,"comment_status":"closed","ping_status":"closed","template":"","meta":{"_acf_changed":false,"footnotes":""},"class_list":["post-166","page","type-page","status-publish","has-post-thumbnail","hentry"],"acf":[],"yoast_head":"<!-- This site is optimized with the Yoast SEO plugin v27.2 - https:\/\/yoast.com\/product\/yoast-seo-wordpress\/ -->\n<title>Distribuidores - Elicit Plant Espa\u00f1a<\/title>\n<meta name=\"description\" content=\"\u00bfInteresado en comprar o distribuir nuestros productos? \u00a1Cont\u00e1ctenos!\" \/>\n<meta name=\"robots\" content=\"index, follow, max-snippet:-1, max-image-preview:large, max-video-preview:-1\" \/>\n<link rel=\"canonical\" href=\"https:\/\/www.elicit-plant.com\/es\/unirse-a-la-red-de-distribucion\/\" \/>\n<meta property=\"og:locale\" content=\"es_ES\" \/>\n<meta property=\"og:type\" content=\"article\" \/>\n<meta property=\"og:title\" content=\"Distribuidores - Elicit Plant Espa\u00f1a\" \/>\n<meta property=\"og:description\" content=\"\u00bfInteresado en comprar o distribuir nuestros productos? \u00a1Cont\u00e1ctenos!\" \/>\n<meta property=\"og:url\" content=\"https:\/\/www.elicit-plant.com\/es\/unirse-a-la-red-de-distribucion\/\" \/>\n<meta property=\"og:site_name\" content=\"Elicit Plant Espa\u00f1a\" \/>\n<meta property=\"article:modified_time\" content=\"2025-04-07T15:13:47+00:00\" \/>\n<meta property=\"og:image\" content=\"https:\/\/www.elicit-plant.com\/es\/wp-content\/uploads\/sites\/10\/2024\/12\/Bidon-Best-a-champ-de-mais.jpg\" \/>\n\t<meta property=\"og:image:width\" content=\"500\" \/>\n\t<meta property=\"og:image:height\" content=\"334\" \/>\n\t<meta property=\"og:image:type\" content=\"image\/jpeg\" \/>\n<meta name=\"twitter:card\" content=\"summary_large_image\" \/>\n<meta name=\"twitter:label1\" content=\"Tiempo de lectura\" \/>\n\t<meta name=\"twitter:data1\" content=\"1 minuto\" \/>\n<script type=\"application\/ld+json\" class=\"yoast-schema-graph\">{\"@context\":\"https:\/\/schema.org\",\"@graph\":[{\"@type\":\"WebPage\",\"@id\":\"https:\/\/www.elicit-plant.com\/es\/unirse-a-la-red-de-distribucion\/\",\"url\":\"https:\/\/www.elicit-plant.com\/es\/unirse-a-la-red-de-distribucion\/\",\"name\":\"Distribuidores - Elicit Plant Espa\u00f1a\",\"isPartOf\":{\"@id\":\"https:\/\/www.elicit-plant.com\/es\/#website\"},\"primaryImageOfPage\":{\"@id\":\"https:\/\/www.elicit-plant.com\/es\/unirse-a-la-red-de-distribucion\/#primaryimage\"},\"image\":{\"@id\":\"https:\/\/www.elicit-plant.com\/es\/unirse-a-la-red-de-distribucion\/#primaryimage\"},\"thumbnailUrl\":\"https:\/\/www.elicit-plant.com\/app\/uploads\/sites\/10\/2024\/12\/Bidon-Best-a-champ-de-mais.jpg\",\"datePublished\":\"2024-12-05T10:08:05+00:00\",\"dateModified\":\"2025-04-07T15:13:47+00:00\",\"description\":\"\u00bfInteresado en comprar o distribuir nuestros productos? \u00a1Cont\u00e1ctenos!\",\"breadcrumb\":{\"@id\":\"https:\/\/www.elicit-plant.com\/es\/unirse-a-la-red-de-distribucion\/#breadcrumb\"},\"inLanguage\":\"es\",\"potentialAction\":[{\"@type\":\"ReadAction\",\"target\":[\"https:\/\/www.elicit-plant.com\/es\/unirse-a-la-red-de-distribucion\/\"]}]},{\"@type\":\"ImageObject\",\"inLanguage\":\"es\",\"@id\":\"https:\/\/www.elicit-plant.com\/es\/unirse-a-la-red-de-distribucion\/#primaryimage\",\"url\":\"https:\/\/www.elicit-plant.com\/app\/uploads\/sites\/10\/2024\/12\/Bidon-Best-a-champ-de-mais.jpg\",\"contentUrl\":\"https:\/\/www.elicit-plant.com\/app\/uploads\/sites\/10\/2024\/12\/Bidon-Best-a-champ-de-mais.jpg\",\"width\":500,\"height\":334},{\"@type\":\"BreadcrumbList\",\"@id\":\"https:\/\/www.elicit-plant.com\/es\/unirse-a-la-red-de-distribucion\/#breadcrumb\",\"itemListElement\":[{\"@type\":\"ListItem\",\"position\":1,\"name\":\"Inicio\",\"item\":\"https:\/\/www.elicit-plant.com\/es\/\"},{\"@type\":\"ListItem\",\"position\":2,\"name\":\"Distribuidores\"}]},{\"@type\":\"WebSite\",\"@id\":\"https:\/\/www.elicit-plant.com\/es\/#website\",\"url\":\"https:\/\/www.elicit-plant.com\/es\/\",\"name\":\"Elicit Plant Espa\u00f1a\",\"description\":\"\",\"publisher\":{\"@id\":\"https:\/\/www.elicit-plant.com\/es\/#organization\"},\"potentialAction\":[{\"@type\":\"SearchAction\",\"target\":{\"@type\":\"EntryPoint\",\"urlTemplate\":\"https:\/\/www.elicit-plant.com\/es\/?s={search_term_string}\"},\"query-input\":{\"@type\":\"PropertyValueSpecification\",\"valueRequired\":true,\"valueName\":\"search_term_string\"}}],\"inLanguage\":\"es\"},{\"@type\":\"Organization\",\"@id\":\"https:\/\/www.elicit-plant.com\/es\/#organization\",\"name\":\"Elicit Plant Espa\u00f1a\",\"url\":\"https:\/\/www.elicit-plant.com\/es\/\",\"logo\":{\"@type\":\"ImageObject\",\"inLanguage\":\"es\",\"@id\":\"https:\/\/www.elicit-plant.com\/es\/#\/schema\/logo\/image\/\",\"url\":\"https:\/\/www.elicit-plant.com\/es\/wp-content\/uploads\/sites\/10\/2024\/12\/Elicit-Plant-logo-full-color-rgb.png\",\"contentUrl\":\"https:\/\/www.elicit-plant.com\/es\/wp-content\/uploads\/sites\/10\/2024\/12\/Elicit-Plant-logo-full-color-rgb.png\",\"width\":2304,\"height\":641,\"caption\":\"Elicit Plant Espa\u00f1a\"},\"image\":{\"@id\":\"https:\/\/www.elicit-plant.com\/es\/#\/schema\/logo\/image\/\"}}]}<\/script>\n<!-- \/ Yoast SEO plugin. -->","yoast_head_json":{"title":"Distribuidores - Elicit Plant Espa\u00f1a","description":"\u00bfInteresado en comprar o distribuir nuestros productos? \u00a1Cont\u00e1ctenos!","robots":{"index":"index","follow":"follow","max-snippet":"max-snippet:-1","max-image-preview":"max-image-preview:large","max-video-preview":"max-video-preview:-1"},"canonical":"https:\/\/www.elicit-plant.com\/es\/unirse-a-la-red-de-distribucion\/","og_locale":"es_ES","og_type":"article","og_title":"Distribuidores - Elicit Plant Espa\u00f1a","og_description":"\u00bfInteresado en comprar o distribuir nuestros productos? \u00a1Cont\u00e1ctenos!","og_url":"https:\/\/www.elicit-plant.com\/es\/unirse-a-la-red-de-distribucion\/","og_site_name":"Elicit Plant Espa\u00f1a","article_modified_time":"2025-04-07T15:13:47+00:00","og_image":[{"width":500,"height":334,"url":"https:\/\/www.elicit-plant.com\/es\/wp-content\/uploads\/sites\/10\/2024\/12\/Bidon-Best-a-champ-de-mais.jpg","type":"image\/jpeg"}],"twitter_card":"summary_large_image","twitter_misc":{"Tiempo de lectura":"1 minuto"},"schema":{"@context":"https:\/\/schema.org","@graph":[{"@type":"WebPage","@id":"https:\/\/www.elicit-plant.com\/es\/unirse-a-la-red-de-distribucion\/","url":"https:\/\/www.elicit-plant.com\/es\/unirse-a-la-red-de-distribucion\/","name":"Distribuidores - Elicit Plant Espa\u00f1a","isPartOf":{"@id":"https:\/\/www.elicit-plant.com\/es\/#website"},"primaryImageOfPage":{"@id":"https:\/\/www.elicit-plant.com\/es\/unirse-a-la-red-de-distribucion\/#primaryimage"},"image":{"@id":"https:\/\/www.elicit-plant.com\/es\/unirse-a-la-red-de-distribucion\/#primaryimage"},"thumbnailUrl":"https:\/\/www.elicit-plant.com\/app\/uploads\/sites\/10\/2024\/12\/Bidon-Best-a-champ-de-mais.jpg","datePublished":"2024-12-05T10:08:05+00:00","dateModified":"2025-04-07T15:13:47+00:00","description":"\u00bfInteresado en comprar o distribuir nuestros productos? \u00a1Cont\u00e1ctenos!","breadcrumb":{"@id":"https:\/\/www.elicit-plant.com\/es\/unirse-a-la-red-de-distribucion\/#breadcrumb"},"inLanguage":"es","potentialAction":[{"@type":"ReadAction","target":["https:\/\/www.elicit-plant.com\/es\/unirse-a-la-red-de-distribucion\/"]}]},{"@type":"ImageObject","inLanguage":"es","@id":"https:\/\/www.elicit-plant.com\/es\/unirse-a-la-red-de-distribucion\/#primaryimage","url":"https:\/\/www.elicit-plant.com\/app\/uploads\/sites\/10\/2024\/12\/Bidon-Best-a-champ-de-mais.jpg","contentUrl":"https:\/\/www.elicit-plant.com\/app\/uploads\/sites\/10\/2024\/12\/Bidon-Best-a-champ-de-mais.jpg","width":500,"height":334},{"@type":"BreadcrumbList","@id":"https:\/\/www.elicit-plant.com\/es\/unirse-a-la-red-de-distribucion\/#breadcrumb","itemListElement":[{"@type":"ListItem","position":1,"name":"Inicio","item":"https:\/\/www.elicit-plant.com\/es\/"},{"@type":"ListItem","position":2,"name":"Distribuidores"}]},{"@type":"WebSite","@id":"https:\/\/www.elicit-plant.com\/es\/#website","url":"https:\/\/www.elicit-plant.com\/es\/","name":"Elicit Plant Espa\u00f1a","description":"","publisher":{"@id":"https:\/\/www.elicit-plant.com\/es\/#organization"},"potentialAction":[{"@type":"SearchAction","target":{"@type":"EntryPoint","urlTemplate":"https:\/\/www.elicit-plant.com\/es\/?s={search_term_string}"},"query-input":{"@type":"PropertyValueSpecification","valueRequired":true,"valueName":"search_term_string"}}],"inLanguage":"es"},{"@type":"Organization","@id":"https:\/\/www.elicit-plant.com\/es\/#organization","name":"Elicit Plant Espa\u00f1a","url":"https:\/\/www.elicit-plant.com\/es\/","logo":{"@type":"ImageObject","inLanguage":"es","@id":"https:\/\/www.elicit-plant.com\/es\/#\/schema\/logo\/image\/","url":"https:\/\/www.elicit-plant.com\/es\/wp-content\/uploads\/sites\/10\/2024\/12\/Elicit-Plant-logo-full-color-rgb.png","contentUrl":"https:\/\/www.elicit-plant.com\/es\/wp-content\/uploads\/sites\/10\/2024\/12\/Elicit-Plant-logo-full-color-rgb.png","width":2304,"height":641,"caption":"Elicit Plant Espa\u00f1a"},"image":{"@id":"https:\/\/www.elicit-plant.com\/es\/#\/schema\/logo\/image\/"}}]}},"_links":{"self":[{"href":"https:\/\/www.elicit-plant.com\/es\/wp-json\/wp\/v2\/pages\/166","targetHints":{"allow":["GET"]}}],"collection":[{"href":"https:\/\/www.elicit-plant.com\/es\/wp-json\/wp\/v2\/pages"}],"about":[{"href":"https:\/\/www.elicit-plant.com\/es\/wp-json\/wp\/v2\/types\/page"}],"author":[{"embeddable":true,"href":"https:\/\/www.elicit-plant.com\/es\/wp-json\/wp\/v2\/users\/6"}],"replies":[{"embeddable":true,"href":"https:\/\/www.elicit-plant.com\/es\/wp-json\/wp\/v2\/comments?post=166"}],"version-history":[{"count":5,"href":"https:\/\/www.elicit-plant.com\/es\/wp-json\/wp\/v2\/pages\/166\/revisions"}],"predecessor-version":[{"id":431,"href":"https:\/\/www.elicit-plant.com\/es\/wp-json\/wp\/v2\/pages\/166\/revisions\/431"}],"wp:featuredmedia":[{"embeddable":true,"href":"https:\/\/www.elicit-plant.com\/es\/wp-json\/wp\/v2\/media\/143"}],"wp:attachment":[{"href":"https:\/\/www.elicit-plant.com\/es\/wp-json\/wp\/v2\/media?parent=166"}],"curies":[{"name":"wp","href":"https:\/\/api.w.org\/{rel}","templated":true}]}}