{"id":289,"date":"2024-12-06T15:20:05","date_gmt":"2024-12-06T14:20:05","guid":{"rendered":"https:\/\/www.elicit-plant.com\/es\/?page_id=289"},"modified":"2025-10-07T11:53:53","modified_gmt":"2025-10-07T09:53:53","slug":"aviso-legal","status":"publish","type":"page","link":"https:\/\/www.elicit-plant.com\/es\/aviso-legal\/","title":{"rendered":"Aviso legal"},"content":{"rendered":"<section class=\"cbo-heropicture\" data-anim-group>\n\t<div class=\"cbo-breadcrumbs breadcrumbs--normal\">\n  <div class=\"breadcrumbs-inner\">\n    <span><span><a href=\"https:\/\/www.elicit-plant.com\/es\/\">Inicio<\/a><\/span><\/span>\t<\/div>\n<\/div>\n\t<div class=\"heropicture-picture cbo-picture-cover\">\n\t\t<img decoding=\"async\" src=\"https:\/\/www.elicit-plant.com\/app\/uploads\/sites\/10\/2024\/12\/Tractor-treating-fields-1024x570.jpg\" srcset=\"https:\/\/www.elicit-plant.com\/app\/uploads\/sites\/10\/2024\/12\/Tractor-treating-fields-320x178.jpg 320w, https:\/\/www.elicit-plant.com\/app\/uploads\/sites\/10\/2024\/12\/Tractor-treating-fields-768x427.jpg 768w, https:\/\/www.elicit-plant.com\/app\/uploads\/sites\/10\/2024\/12\/Tractor-treating-fields-1024x570.jpg 1024w, https:\/\/www.elicit-plant.com\/app\/uploads\/sites\/10\/2024\/12\/Tractor-treating-fields.jpg 1280w, https:\/\/www.elicit-plant.com\/app\/uploads\/sites\/10\/2024\/12\/Tractor-treating-fields.jpg 1920w\" class=\"\" alt=\"Tractor treating fields\" width=\"1024\" height=\"570\" sizes=\"auto, 100vw\" loading=\"lazy\" \/>\t<\/div>\n\n\t<div class=\"heropicture-inner cbo-container container--small container--padding\">\n\t\t<div class=\"heropicture-content\">\n\n\t\t\t\n\t\t\t<h1 class=\"content-title cbo-title-2 slide-down\">\n\t\t\t\tAviso legal\t\t\t<\/h1>\n\t\t<\/div>\n\t<\/div>\n<\/section>\n\n<section class=\"cbo-text cbo-margin-container\">\n    <div class=\"\n        text-inner\n                cbo-container\n        container--small        \"\n    >\n        <div class=\"text-content cbo-cms cms--large\">\n            <p>Los siguientes avisos legales se aplican al presente sitio web <a href=\"http:\/\/www.elicit-plant.com\">www.elicit-plant.com<\/a><\/p>\n<p><strong>Denominaci\u00f3n social<\/strong>: ELICIT PLANT<\/p>\n<p><strong>Sede social<\/strong>: LIEUDIT LE CHATAIGNIER, 1 PAS DE LA CROIX, 16220 MOULINS-SUR-TARDOIRE, CHARENTE (16)<\/p>\n<p><strong>Forma jur\u00eddica<\/strong>: Sociedad por Acciones Simplificada (SAS)<\/p>\n<p><strong>Capital social<\/strong>: 139 417,50 \u20ac<\/p>\n<p><strong>Inscrita en el RCS de Angulema<\/strong>: n\u00famero SIREN: 831 286 455 y n\u00famero SIRET: 831 286 455 00025<\/p>\n<p><strong>N.\u00ba de IVA intracomunitario<\/strong>: FR47831286455<\/p>\n<p><strong>Director de la publicaci\u00f3n<\/strong>: Sr. Jean-Fran\u00e7ois DECHANT<\/p>\n<p><strong>Tel\u00e9fono<\/strong>: +33 <a href=\"https:\/\/www.google.com\/search?q=t%C3%A9l%C3%A9phone+elicit+plant&amp;rlz=1C1GCEU_frFR1073FR1073&amp;oq=t%C3%A9l%C3%A9phone+elicit+plant&amp;gs_lcrp=EgZjaHJvbWUyCAgAEEUYFRg5MgcIARAhGKABMgcIAhAhGKABMgcIAxAhGKAB0gEINTk1N2owajeoAgCwAgA&amp;sourceid=chrome&amp;ie=UTF-8\">05 45 23 18 38<\/a><\/p>\n<p><strong>Correo electr\u00f3nico<\/strong>: <a href=\"mailto:dataprivacy@elicit-plant.com\">dataprivacy@elicit-plant.com<\/a><\/p>\n<p><strong>Alojamiento<\/strong>: Infomaniak,<\/p>\n<p><u>Denominaci\u00f3n social<\/u>: Infomaniak Network SA<br \/>\n<u>Direcci\u00f3n<\/u>: Rue Eug\u00e8ne Marziano 25 &#8211; 1227 Les Acacias (GE)<br \/>\n<u><a href=\"https:\/\/www.infomaniak.com\/fr\/aide\">Contacto<\/a><\/u><\/p>\n<p>&nbsp;<\/p>\n<h2 style=\"text-align: center;\"><strong>CONDICIONES GENERALES DE USO DEL SITIO WEB<br \/>\n<\/strong><a href=\"http:\/\/WWW.ASDIA.FR\"><strong>WWW.ELICIT-PLANT.COM<\/strong><\/a><\/h2>\n<p>&nbsp;<\/p>\n<p>El acceso, la consulta y el uso del sitio www. <a href=\"https:\/\/www.elicit-plant.com\">https:\/\/www.elicit-plant.com<\/a> (el \u00ab<strong><em>Sitio web<\/em><\/strong>\u00bb o el \u00ab<strong><em>Sitio<\/em><\/strong>\u00bb) se rigen por las presentes Condiciones Generales de Uso (\u00ab<strong><em>CGU<\/em><\/strong>\u00bb).<\/p>\n<p>Al consultar y\/o acceder al Sitio, el visitante y\/o usuario (\u00ab<strong><em>Usted<\/em><\/strong>\u00bb) se considera que acepta, sin restricci\u00f3n ni reserva, las presentes CGU. Por lo tanto, se le invita a leerlas con atenci\u00f3n antes de cualquier navegaci\u00f3n y\/o continuaci\u00f3n de la navegaci\u00f3n en el Sitio.<\/p>\n<p>ELICIT PLANT se reserva el derecho de modificar las presentes CGU en cualquier momento. Las publicadas en el Sitio constituyen la \u00faltima versi\u00f3n actualizada y vigente.<\/p>\n<p>Si alguna de las disposiciones de las CGU fuera declarada nula y\/o sin efecto por las leyes y reglamentos vigentes, las dem\u00e1s disposiciones seguir\u00e1n siendo aplicables.<\/p>\n<p>&nbsp;<\/p>\n<h2>ART\u00cdCULO 1 &#8211; ACCESO AL SITIO &#8211; FUNCIONALIDADES &#8211; USO<\/h2>\n<p>1.1.<\/p>\n<p>El acceso al Sitio y su uso est\u00e1n reservados a un uso estrictamente personal. Usted se compromete a no utilizar este Sitio ni la informaci\u00f3n o los datos que figuran en \u00e9l con fines comerciales, pol\u00edticos o publicitarios, ni para cualquier forma de solicitud comercial, en particular el env\u00edo de correos electr\u00f3nicos no solicitados.<\/p>\n<p>De forma general, en el marco de su acceso, consulta y uso del Sitio, Usted se compromete a:<\/p>\n<ul>\n<li>verificar que la configuraci\u00f3n inform\u00e1tica utilizada no contenga ning\u00fan virus y que est\u00e9 en perfecto estado de funcionamiento;<\/li>\n<li>no copiar todo o parte del Sitio en otro sitio u otro soporte;<\/li>\n<li>no implementar sistemas susceptibles de piratear el Sitio total o parcialmente, o que puedan vulnerar las presentes CGU;<\/li>\n<li>informar a ELICIT PLANT tan pronto tenga conocimiento de un \u00ab<em>pirateo<\/em>\u00bb, y en particular de cualquier uso il\u00edcito o no contractual de los elementos que figuran en el Sitio, cualquiera que sea el modo de difusi\u00f3n utilizado;<\/li>\n<li>respetar las presentes CGU.<\/li>\n<\/ul>\n<p>1.2.<\/p>\n<p>El Sitio tiene, en particular, las siguientes funcionalidades:<\/p>\n<ul>\n<li>la presentaci\u00f3n de ELICIT PLANT y de su actividad;<\/li>\n<li>la difusi\u00f3n y publicaci\u00f3n de informaci\u00f3n relativa a las actividades, productos y servicios de ELICIT PLANT;<\/li>\n<li>la publicaci\u00f3n de ofertas de empleo en ELICIT PLANT;<\/li>\n<li>el contacto con los diferentes departamentos de ELICIT PLANT.<\/li>\n<\/ul>\n<h2><\/h2>\n<h2>ART\u00cdCULO 2 &#8211; PROPIEDAD INTELECTUAL<\/h2>\n<p>ELICIT PLANT le concede un simple derecho de consulta de la informaci\u00f3n y los contenidos accesibles en el Sitio durante el tiempo de su acceso y consulta.<\/p>\n<p>Todos los elementos y contenidos del Sitio web \u2014en particular marcas, logotipos, im\u00e1genes, dibujos, gr\u00e1ficos, cartas gr\u00e1ficas, iconos, estructuras, presentaciones, contenidos textuales, as\u00ed como todas las aplicaciones inform\u00e1ticas que puedan utilizarse para el funcionamiento del Sitio\u2014 son y seguir\u00e1n siendo propiedad exclusiva de ELICIT PLANT y\/o de sus socios.<\/p>\n<p>Las marcas denominativas y figurativas (logotipos) \u00abELICIT PLANT\u00bb, o las que designan sus productos y servicios, est\u00e1n protegidas por derechos de propiedad intelectual y est\u00e1n registradas como marcas en Francia y a nivel internacional.<\/p>\n<p>En consecuencia, cualquier reproducci\u00f3n, representaci\u00f3n, utilizaci\u00f3n, modificaci\u00f3n o adaptaci\u00f3n, de cualquier forma, de la totalidad o parte de los elementos y contenidos del Sitio, incluidas las aplicaciones inform\u00e1ticas, sin la autorizaci\u00f3n previa, expresa y por escrito de ELICIT PLANT, est\u00e1 estrictamente prohibida y puede dar lugar a acciones legales, en particular por motivos de falsificaci\u00f3n y competencia desleal, de conformidad con la normativa vigente.<\/p>\n<p>El hecho de que ELICIT PLANT no inicie un procedimiento en cuanto tenga conocimiento de usos no autorizados no constituye aceptaci\u00f3n de dichos usos ni renuncia a emprender acciones.<\/p>\n<p>&nbsp;<\/p>\n<h2>ART\u00cdCULO 3 &#8211; GESTI\u00d3N DEL SITIO<\/h2>\n<p>Para garantizar la correcta gesti\u00f3n del Sitio, ELICIT PLANT podr\u00e1 en cualquier momento, de forma permanente o temporal:<\/p>\n<ul>\n<li>suspender, interrumpir o limitar el acceso a todo o parte del Sitio, reservar el acceso al Sitio o a ciertas partes del Sitio a una categor\u00eda determinada de internautas;<\/li>\n<\/ul>\n<ul>\n<li>suprimir y\/o modificar toda o parte de la configuraci\u00f3n del Sitio, o cualquier informaci\u00f3n que pueda perturbar su funcionamiento, o que contravenga las leyes nacionales o internacionales, o las reglas de la \u00abNetiqueta\u00bb;<\/li>\n<\/ul>\n<ul>\n<li>suspender el Sitio, en particular para realizar actualizaciones y\/o operaciones de mantenimiento. Las intervenciones de mantenimiento podr\u00e1n efectuarse sin previo aviso.<\/li>\n<\/ul>\n<p>&nbsp;<\/p>\n<p><span style=\"font-size: 2.25rem; font-weight: 600; letter-spacing: -0.0536em;\">ART\u00cdCULO 4 &#8211; RESPONSABILIDADES<\/span><\/p>\n<p>4.1.<\/p>\n<p>La informaci\u00f3n que aparece en el sitio de ELICIT PLANT se proporciona a t\u00edtulo informativo y no constituye en modo alguno una oferta relativa a un producto o servicio espec\u00edfico prestado por ELICIT PLANT. Si desea conocer los detalles de las prestaciones ofrecidas por ELICIT PLANT, puede ponerse en contacto directamente a trav\u00e9s de los datos indicados en el Sitio.<\/p>\n<p>Si bien ELICIT PLANT toma las precauciones razonables para verificar toda la informaci\u00f3n proporcionada en su Sitio, no garantiza que la informaci\u00f3n difundida en el Sitio, as\u00ed como en los sitios vinculados, sea completa, exacta y est\u00e9 actualizada en todo momento.<\/p>\n<p>4.2.<\/p>\n<p>ELICIT PLANT har\u00e1 todos los esfuerzos razonables para asegurar el acceso, la consulta y el uso del Sitio, en el marco y l\u00edmite de una obligaci\u00f3n de medios.<\/p>\n<p>El Sitio est\u00e1 accesible las 24 horas del d\u00eda, los 7 d\u00edas de la semana, salvo en caso de fuerza mayor, causa ajena, acontecimiento fuera de su control y, en cualquier caso, a reserva de posibles aver\u00edas, fallos y operaciones de mantenimiento correctivo o evolutivo relacionados con las contingencias de Internet y\/o necesarios para el buen funcionamiento y la evoluci\u00f3n del Sitio.<\/p>\n<p>La responsabilidad de ELICIT PLANT no podr\u00e1 verse comprometida en caso de fallo, aver\u00eda, dificultad o interrupci\u00f3n de funcionamiento que impida el acceso al Sitio o a una de sus funcionalidades.<\/p>\n<p>4.3.<\/p>\n<p>El equipo de conexi\u00f3n al Sitio que Usted utiliza es de su exclusiva responsabilidad.<\/p>\n<p>Debe tomar todas las medidas adecuadas para proteger su equipo y sus propios datos, en particular contra ataques virales a trav\u00e9s de Internet.<\/p>\n<p>Asimismo, Usted es el \u00fanico responsable del uso que hace del Sitio, as\u00ed como de los sitios, servicios y datos que consulta y a los que accede a trav\u00e9s de Internet.<\/p>\n<p>ELICIT PLANT no es responsable de los da\u00f1os causados a Usted mismo, a terceros y\/o a su equipo, ni de cualquier acci\u00f3n judicial en su contra, como consecuencia de su conexi\u00f3n o uso del Sitio, as\u00ed como de cualquier servicio accesible v\u00eda Internet, o como consecuencia del incumplimiento de las presentes CGU.<\/p>\n<p>Si ELICIT PLANT fuera objeto de un procedimiento amistoso o judicial como consecuencia de su utilizaci\u00f3n del Sitio, ELICIT PLANT se reserva la facultad de dirigirse contra Usted para obtener la indemnizaci\u00f3n de todos los perjuicios, importes, condenas y gastos que pudieran derivarse de dicho procedimiento.<\/p>\n<h2>ART\u00cdCULO 5 &#8211; ENLACES HIPERTEXTO<\/h2>\n<p>5.1.<\/p>\n<p>Desde el Sitio, ELICIT PLANT puede poner a su disposici\u00f3n enlaces hacia otros sitios web u otras fuentes de informaci\u00f3n gestionadas por sitios asociados.<\/p>\n<p>En la medida en que ELICIT PLANT no puede ejercer control sobre estos servicios asociados y fuentes externas, los enlaces directos o indirectos contenidos en el Sitio y que remiten a otros sitios web se proporcionan sin ninguna garant\u00eda, tal cual y bajo su propia responsabilidad.<\/p>\n<p>Por lo tanto, ELICIT PLANT declina toda responsabilidad en cuanto a la disponibilidad y contenidos de dichos sitios y fuentes externas, incluyendo publicidad, productos, servicios o cualquier otro material disponible en o desde dichos sitios o fuentes externas, as\u00ed como por los da\u00f1os que pudieran eventualmente causar.<\/p>\n<p>5.2.<\/p>\n<p>La creaci\u00f3n y\/o implementaci\u00f3n por su parte de un enlace de hipertexto hacia la totalidad del contenido del Sitio o cualquier otra t\u00e9cnica consistente en mostrar una parte del Sitio en un sitio de terceros est\u00e1 estrictamente prohibida y s\u00f3lo podr\u00e1 realizarse con la autorizaci\u00f3n expresa, previa y por escrito de ELICIT PLANT, y siempre que no se altere la informaci\u00f3n original presente en el Sitio ni su procedencia.<\/p>\n<p>En caso de que ELICIT PLANT le conceda tal autorizaci\u00f3n, \u00e9sta ser\u00e1 en todo caso temporal y podr\u00e1 retirarse en cualquier momento, sin obligaci\u00f3n de justificaci\u00f3n por parte de ELICIT PLANT.<\/p>\n<p>En cualquier caso, cualquier enlace que Usted pudiera insertar en el Sitio deber\u00e1 retirarse a primera solicitud de ELICIT PLANT.<\/p>\n<p>&nbsp;<\/p>\n<h2>ART\u00cdCULO 6 &#8211; PROTECCI\u00d3N DE DATOS PERSONALES<\/h2>\n<p>Puede informarse sobre los tratamientos que ELICIT PLANT puede realizar respecto de sus datos personales, as\u00ed como, en general, sobre nuestros compromisos en materia de protecci\u00f3n de datos personales, accediendo a nuestra Pol\u00edtica de privacidad.<\/p>\n<p>&nbsp;<\/p>\n<h2>ART\u00cdCULO 7 &#8211; COOKIES<\/h2>\n<p>Para m\u00e1s informaci\u00f3n sobre las cookies utilizadas en el marco del Sitio y la gesti\u00f3n de su consentimiento, rem\u00edtase a nuestra Carta de Cookies.<\/p>\n<p>&nbsp;<\/p>\n<h2>ART\u00cdCULO 8 &#8211; LEY APLICABLE \/ JURISDICCI\u00d3N COMPETENTE<\/h2>\n<p>Las presentes CGU se rigen por las leyes francesas y est\u00e1n sometidas a la competencia exclusiva de los tribunales franceses.<\/p>\n\n            <div style=\"clear: both;\"><\/div>\n        <\/div>\n    <\/div>\n<\/section>\n","protected":false},"excerpt":{"rendered":"<p>Los siguientes avisos legales se aplican al presente sitio web www.elicit-plant.com Denominaci\u00f3n social: ELICIT PLANT Sede social: LIEUDIT LE CHATAIGNIER, 1 PAS DE LA CROIX, 16220 MOULINS-SUR-TARDOIRE, CHARENTE (16) Forma jur\u00eddica: Sociedad por Acciones Simplificada (SAS) Capital social: 139 417,50 \u20ac Inscrita en el RCS de Angulema: n\u00famero SIREN: 831 286 455 y n\u00famero SIRET: 831 286 455 00025 N.\u00ba de IVA intracomunitario: FR47831286455 Director de la publicaci\u00f3n: Sr. Jean-Fran\u00e7ois DECHANT Tel\u00e9fono: +33 05 45 23 18 38 Correo electr\u00f3nico: dataprivacy@elicit-plant.com Alojamiento: Infomaniak, Denominaci\u00f3n social: Infomaniak Network SA Direcci\u00f3n: Rue Eug\u00e8ne Marziano 25 &#8211; 1227 Les Acacias (GE) Contacto &nbsp; CONDICIONES GENERALES DE USO DEL SITIO WEB WWW.ELICIT-PLANT.COM &nbsp; El acceso, la consulta y el uso del sitio www. https:\/\/www.elicit-plant.com (el \u00abSitio web\u00bb o el \u00abSitio\u00bb) se rigen por las presentes Condiciones Generales de Uso (\u00abCGU\u00bb). Al consultar y\/o acceder&#8230;<\/p>\n","protected":false},"author":6,"featured_media":14,"parent":0,"menu_order":0,"comment_status":"closed","ping_status":"closed","template":"","meta":{"_acf_changed":false,"footnotes":""},"class_list":["post-289","page","type-page","status-publish","has-post-thumbnail","hentry"],"acf":[],"yoast_head":"<!-- This site is optimized with the Yoast SEO plugin v27.3 - https:\/\/yoast.com\/product\/yoast-seo-wordpress\/ -->\n<title>Aviso legal - Elicit Plant Espa\u00f1a<\/title>\n<meta name=\"robots\" content=\"noindex, follow\" \/>\n<meta property=\"og:locale\" content=\"es_ES\" \/>\n<meta property=\"og:type\" content=\"article\" \/>\n<meta property=\"og:title\" content=\"Aviso legal - Elicit Plant Espa\u00f1a\" \/>\n<meta property=\"og:description\" content=\"Los siguientes avisos legales se aplican al presente sitio web www.elicit-plant.com Denominaci\u00f3n social: ELICIT PLANT Sede social: LIEUDIT LE CHATAIGNIER, 1 PAS DE LA CROIX, 16220 MOULINS-SUR-TARDOIRE, CHARENTE (16) Forma jur\u00eddica: Sociedad por Acciones Simplificada (SAS) Capital social: 139 417,50 \u20ac Inscrita en el RCS de Angulema: n\u00famero SIREN: 831 286 455 y n\u00famero SIRET: 831 286 455 00025 N.\u00ba de IVA intracomunitario: FR47831286455 Director de la publicaci\u00f3n: Sr. Jean-Fran\u00e7ois DECHANT Tel\u00e9fono: +33 05 45 23 18 38 Correo electr\u00f3nico: dataprivacy@elicit-plant.com Alojamiento: Infomaniak, Denominaci\u00f3n social: Infomaniak Network SA Direcci\u00f3n: Rue Eug\u00e8ne Marziano 25 - 1227 Les Acacias (GE) Contacto &nbsp; CONDICIONES GENERALES DE USO DEL SITIO WEB WWW.ELICIT-PLANT.COM &nbsp; El acceso, la consulta y el uso del sitio www. https:\/\/www.elicit-plant.com (el \u00abSitio web\u00bb o el \u00abSitio\u00bb) se rigen por las presentes Condiciones Generales de Uso (\u00abCGU\u00bb). Al consultar y\/o acceder...\" \/>\n<meta property=\"og:url\" content=\"https:\/\/www.elicit-plant.com\/es\/aviso-legal\/\" \/>\n<meta property=\"og:site_name\" content=\"Elicit Plant Espa\u00f1a\" \/>\n<meta property=\"article:modified_time\" content=\"2025-10-07T09:53:53+00:00\" \/>\n<meta property=\"og:image\" content=\"https:\/\/www.elicit-plant.com\/app\/uploads\/sites\/10\/2024\/12\/Tractor-treating-fields.jpg\" \/>\n\t<meta property=\"og:image:width\" content=\"1400\" \/>\n\t<meta property=\"og:image:height\" content=\"779\" \/>\n\t<meta property=\"og:image:type\" content=\"image\/jpeg\" \/>\n<meta name=\"twitter:card\" content=\"summary_large_image\" \/>\n<meta name=\"twitter:label1\" content=\"Tiempo de lectura\" \/>\n\t<meta name=\"twitter:data1\" content=\"1 minuto\" \/>\n<script type=\"application\/ld+json\" class=\"yoast-schema-graph\">{\"@context\":\"https:\\\/\\\/schema.org\",\"@graph\":[{\"@type\":\"WebPage\",\"@id\":\"https:\\\/\\\/www.elicit-plant.com\\\/es\\\/aviso-legal\\\/\",\"url\":\"https:\\\/\\\/www.elicit-plant.com\\\/es\\\/aviso-legal\\\/\",\"name\":\"Aviso legal - Elicit Plant Espa\u00f1a\",\"isPartOf\":{\"@id\":\"https:\\\/\\\/www.elicit-plant.com\\\/es\\\/#website\"},\"primaryImageOfPage\":{\"@id\":\"https:\\\/\\\/www.elicit-plant.com\\\/es\\\/aviso-legal\\\/#primaryimage\"},\"image\":{\"@id\":\"https:\\\/\\\/www.elicit-plant.com\\\/es\\\/aviso-legal\\\/#primaryimage\"},\"thumbnailUrl\":\"https:\\\/\\\/www.elicit-plant.com\\\/app\\\/uploads\\\/sites\\\/10\\\/2024\\\/12\\\/Tractor-treating-fields.jpg\",\"datePublished\":\"2024-12-06T14:20:05+00:00\",\"dateModified\":\"2025-10-07T09:53:53+00:00\",\"breadcrumb\":{\"@id\":\"https:\\\/\\\/www.elicit-plant.com\\\/es\\\/aviso-legal\\\/#breadcrumb\"},\"inLanguage\":\"es\",\"potentialAction\":[{\"@type\":\"ReadAction\",\"target\":[\"https:\\\/\\\/www.elicit-plant.com\\\/es\\\/aviso-legal\\\/\"]}]},{\"@type\":\"ImageObject\",\"inLanguage\":\"es\",\"@id\":\"https:\\\/\\\/www.elicit-plant.com\\\/es\\\/aviso-legal\\\/#primaryimage\",\"url\":\"https:\\\/\\\/www.elicit-plant.com\\\/app\\\/uploads\\\/sites\\\/10\\\/2024\\\/12\\\/Tractor-treating-fields.jpg\",\"contentUrl\":\"https:\\\/\\\/www.elicit-plant.com\\\/app\\\/uploads\\\/sites\\\/10\\\/2024\\\/12\\\/Tractor-treating-fields.jpg\",\"width\":1400,\"height\":779,\"caption\":\"Tractor treating fields\"},{\"@type\":\"BreadcrumbList\",\"@id\":\"https:\\\/\\\/www.elicit-plant.com\\\/es\\\/aviso-legal\\\/#breadcrumb\",\"itemListElement\":[{\"@type\":\"ListItem\",\"position\":1,\"name\":\"Inicio\",\"item\":\"https:\\\/\\\/www.elicit-plant.com\\\/es\\\/\"},{\"@type\":\"ListItem\",\"position\":2,\"name\":\"Aviso legal\"}]},{\"@type\":\"WebSite\",\"@id\":\"https:\\\/\\\/www.elicit-plant.com\\\/es\\\/#website\",\"url\":\"https:\\\/\\\/www.elicit-plant.com\\\/es\\\/\",\"name\":\"Elicit Plant Espa\u00f1a\",\"description\":\"\",\"publisher\":{\"@id\":\"https:\\\/\\\/www.elicit-plant.com\\\/es\\\/#organization\"},\"potentialAction\":[{\"@type\":\"SearchAction\",\"target\":{\"@type\":\"EntryPoint\",\"urlTemplate\":\"https:\\\/\\\/www.elicit-plant.com\\\/es\\\/?s={search_term_string}\"},\"query-input\":{\"@type\":\"PropertyValueSpecification\",\"valueRequired\":true,\"valueName\":\"search_term_string\"}}],\"inLanguage\":\"es\"},{\"@type\":\"Organization\",\"@id\":\"https:\\\/\\\/www.elicit-plant.com\\\/es\\\/#organization\",\"name\":\"Elicit Plant Espa\u00f1a\",\"url\":\"https:\\\/\\\/www.elicit-plant.com\\\/es\\\/\",\"logo\":{\"@type\":\"ImageObject\",\"inLanguage\":\"es\",\"@id\":\"https:\\\/\\\/www.elicit-plant.com\\\/es\\\/#\\\/schema\\\/logo\\\/image\\\/\",\"url\":\"https:\\\/\\\/www.elicit-plant.com\\\/es\\\/wp-content\\\/uploads\\\/sites\\\/10\\\/2024\\\/12\\\/Elicit-Plant-logo-full-color-rgb.png\",\"contentUrl\":\"https:\\\/\\\/www.elicit-plant.com\\\/es\\\/wp-content\\\/uploads\\\/sites\\\/10\\\/2024\\\/12\\\/Elicit-Plant-logo-full-color-rgb.png\",\"width\":2304,\"height\":641,\"caption\":\"Elicit Plant Espa\u00f1a\"},\"image\":{\"@id\":\"https:\\\/\\\/www.elicit-plant.com\\\/es\\\/#\\\/schema\\\/logo\\\/image\\\/\"}}]}<\/script>\n<!-- \/ Yoast SEO plugin. -->","yoast_head_json":{"title":"Aviso legal - Elicit Plant Espa\u00f1a","robots":{"index":"noindex","follow":"follow"},"og_locale":"es_ES","og_type":"article","og_title":"Aviso legal - Elicit Plant Espa\u00f1a","og_description":"Los siguientes avisos legales se aplican al presente sitio web www.elicit-plant.com Denominaci\u00f3n social: ELICIT PLANT Sede social: LIEUDIT LE CHATAIGNIER, 1 PAS DE LA CROIX, 16220 MOULINS-SUR-TARDOIRE, CHARENTE (16) Forma jur\u00eddica: Sociedad por Acciones Simplificada (SAS) Capital social: 139 417,50 \u20ac Inscrita en el RCS de Angulema: n\u00famero SIREN: 831 286 455 y n\u00famero SIRET: 831 286 455 00025 N.\u00ba de IVA intracomunitario: FR47831286455 Director de la publicaci\u00f3n: Sr. Jean-Fran\u00e7ois DECHANT Tel\u00e9fono: +33 05 45 23 18 38 Correo electr\u00f3nico: dataprivacy@elicit-plant.com Alojamiento: Infomaniak, Denominaci\u00f3n social: Infomaniak Network SA Direcci\u00f3n: Rue Eug\u00e8ne Marziano 25 - 1227 Les Acacias (GE) Contacto &nbsp; CONDICIONES GENERALES DE USO DEL SITIO WEB WWW.ELICIT-PLANT.COM &nbsp; El acceso, la consulta y el uso del sitio www. https:\/\/www.elicit-plant.com (el \u00abSitio web\u00bb o el \u00abSitio\u00bb) se rigen por las presentes Condiciones Generales de Uso (\u00abCGU\u00bb). Al consultar y\/o acceder...","og_url":"https:\/\/www.elicit-plant.com\/es\/aviso-legal\/","og_site_name":"Elicit Plant Espa\u00f1a","article_modified_time":"2025-10-07T09:53:53+00:00","og_image":[{"width":1400,"height":779,"url":"https:\/\/www.elicit-plant.com\/app\/uploads\/sites\/10\/2024\/12\/Tractor-treating-fields.jpg","type":"image\/jpeg"}],"twitter_card":"summary_large_image","twitter_misc":{"Tiempo de lectura":"1 minuto"},"schema":{"@context":"https:\/\/schema.org","@graph":[{"@type":"WebPage","@id":"https:\/\/www.elicit-plant.com\/es\/aviso-legal\/","url":"https:\/\/www.elicit-plant.com\/es\/aviso-legal\/","name":"Aviso legal - Elicit Plant Espa\u00f1a","isPartOf":{"@id":"https:\/\/www.elicit-plant.com\/es\/#website"},"primaryImageOfPage":{"@id":"https:\/\/www.elicit-plant.com\/es\/aviso-legal\/#primaryimage"},"image":{"@id":"https:\/\/www.elicit-plant.com\/es\/aviso-legal\/#primaryimage"},"thumbnailUrl":"https:\/\/www.elicit-plant.com\/app\/uploads\/sites\/10\/2024\/12\/Tractor-treating-fields.jpg","datePublished":"2024-12-06T14:20:05+00:00","dateModified":"2025-10-07T09:53:53+00:00","breadcrumb":{"@id":"https:\/\/www.elicit-plant.com\/es\/aviso-legal\/#breadcrumb"},"inLanguage":"es","potentialAction":[{"@type":"ReadAction","target":["https:\/\/www.elicit-plant.com\/es\/aviso-legal\/"]}]},{"@type":"ImageObject","inLanguage":"es","@id":"https:\/\/www.elicit-plant.com\/es\/aviso-legal\/#primaryimage","url":"https:\/\/www.elicit-plant.com\/app\/uploads\/sites\/10\/2024\/12\/Tractor-treating-fields.jpg","contentUrl":"https:\/\/www.elicit-plant.com\/app\/uploads\/sites\/10\/2024\/12\/Tractor-treating-fields.jpg","width":1400,"height":779,"caption":"Tractor treating fields"},{"@type":"BreadcrumbList","@id":"https:\/\/www.elicit-plant.com\/es\/aviso-legal\/#breadcrumb","itemListElement":[{"@type":"ListItem","position":1,"name":"Inicio","item":"https:\/\/www.elicit-plant.com\/es\/"},{"@type":"ListItem","position":2,"name":"Aviso legal"}]},{"@type":"WebSite","@id":"https:\/\/www.elicit-plant.com\/es\/#website","url":"https:\/\/www.elicit-plant.com\/es\/","name":"Elicit Plant Espa\u00f1a","description":"","publisher":{"@id":"https:\/\/www.elicit-plant.com\/es\/#organization"},"potentialAction":[{"@type":"SearchAction","target":{"@type":"EntryPoint","urlTemplate":"https:\/\/www.elicit-plant.com\/es\/?s={search_term_string}"},"query-input":{"@type":"PropertyValueSpecification","valueRequired":true,"valueName":"search_term_string"}}],"inLanguage":"es"},{"@type":"Organization","@id":"https:\/\/www.elicit-plant.com\/es\/#organization","name":"Elicit Plant Espa\u00f1a","url":"https:\/\/www.elicit-plant.com\/es\/","logo":{"@type":"ImageObject","inLanguage":"es","@id":"https:\/\/www.elicit-plant.com\/es\/#\/schema\/logo\/image\/","url":"https:\/\/www.elicit-plant.com\/es\/wp-content\/uploads\/sites\/10\/2024\/12\/Elicit-Plant-logo-full-color-rgb.png","contentUrl":"https:\/\/www.elicit-plant.com\/es\/wp-content\/uploads\/sites\/10\/2024\/12\/Elicit-Plant-logo-full-color-rgb.png","width":2304,"height":641,"caption":"Elicit Plant Espa\u00f1a"},"image":{"@id":"https:\/\/www.elicit-plant.com\/es\/#\/schema\/logo\/image\/"}}]}},"_links":{"self":[{"href":"https:\/\/www.elicit-plant.com\/es\/wp-json\/wp\/v2\/pages\/289","targetHints":{"allow":["GET"]}}],"collection":[{"href":"https:\/\/www.elicit-plant.com\/es\/wp-json\/wp\/v2\/pages"}],"about":[{"href":"https:\/\/www.elicit-plant.com\/es\/wp-json\/wp\/v2\/types\/page"}],"author":[{"embeddable":true,"href":"https:\/\/www.elicit-plant.com\/es\/wp-json\/wp\/v2\/users\/6"}],"replies":[{"embeddable":true,"href":"https:\/\/www.elicit-plant.com\/es\/wp-json\/wp\/v2\/comments?post=289"}],"version-history":[{"count":2,"href":"https:\/\/www.elicit-plant.com\/es\/wp-json\/wp\/v2\/pages\/289\/revisions"}],"predecessor-version":[{"id":605,"href":"https:\/\/www.elicit-plant.com\/es\/wp-json\/wp\/v2\/pages\/289\/revisions\/605"}],"wp:featuredmedia":[{"embeddable":true,"href":"https:\/\/www.elicit-plant.com\/es\/wp-json\/wp\/v2\/media\/14"}],"wp:attachment":[{"href":"https:\/\/www.elicit-plant.com\/es\/wp-json\/wp\/v2\/media?parent=289"}],"curies":[{"name":"wp","href":"https:\/\/api.w.org\/{rel}","templated":true}]}}