{"id":433,"date":"2025-04-10T12:32:09","date_gmt":"2025-04-10T10:32:09","guid":{"rendered":"https:\/\/www.elicit-plant.com\/es\/?page_id=433"},"modified":"2025-04-10T12:32:10","modified_gmt":"2025-04-10T10:32:10","slug":"notas-de-prensa","status":"publish","type":"page","link":"https:\/\/www.elicit-plant.com\/es\/notas-de-prensa\/","title":{"rendered":"Notas de prensa"},"content":{"rendered":"<section class=\"cbo-hero cbo-margin-container hero--colorblue\" data-anim-group>\n\t<div class=\"cbo-breadcrumbs breadcrumbs--normal\">\n  <div class=\"breadcrumbs-inner\">\n    <span><span><a href=\"https:\/\/www.elicit-plant.com\/es\/\">Inicio<\/a><\/span><\/span>\t<\/div>\n<\/div>\n\t<div class=\"hero-inner cbo-container container--padding\">\n\n\t\t<div class=\"hero-shapes\">\n\t\t\t<div class=\"shapes-color scale-up\"><\/div>\n\n\t\t\t<div class=\"shapes-picture cbo-picture-cover scale-up\"  data-delay=\"450\">\n\t\t\t\t<img decoding=\"async\" src=\"https:\/\/www.elicit-plant.com\/app\/uploads\/sites\/10\/2025\/04\/img-contact-form-elicit-plant-320x213.jpg\" srcset=\"https:\/\/www.elicit-plant.com\/app\/uploads\/sites\/10\/2025\/04\/img-contact-form-elicit-plant-320x213.jpg 320w, https:\/\/www.elicit-plant.com\/app\/uploads\/sites\/10\/2025\/04\/img-contact-form-elicit-plant-768x512.jpg 768w\" class=\"\" alt=\"\" width=\"320\" height=\"213\" sizes=\"auto, 100vw\" loading=\"lazy\" \/>\t\t\t<\/div>\n\t\t<\/div>\n\n\t\t<div class=\"hero-content cbo-cms cms--large cms--white\">\n\t\t\t<div class=\"content-text\">\n\t\t\t\t<h1 class=\"hero-title cbo-heading slide-down\">\n\t\t\t\t\tNotas de prensa\t\t\t\t<\/h1>\n\n\t\t\t\t\t\t\t<\/div>\n\t\t<\/div>\n\n\t<\/div>\n<\/section>\n\n<section class=\"cbo-text cbo-margin-container\">\n    <div class=\"\n        text-inner\n                cbo-container\n        container--small        \"\n    >\n        <div class=\"text-content cbo-cms cms--large\">\n            <h2 style=\"text-align: left\">Sobre Elicit Plant<\/h2>\n<p><a href=\"https:\/\/www.elicit-plant.com\/es\/\">Elicit Plant<\/a> es la \u00fanica empresa del sector AgTech que aborda los efectos del cambio clim\u00e1tico en los principales cultivos agr\u00edcolas a nivel mundial, reduciendo el consumo de agua por parte de las plantas en un 20%. Su tecnolog\u00eda \u00fanica, EliTerra\u00ae, basada en la aplicaci\u00f3n ex\u00f3gena de fitoesteroles \u2014un grupo de mol\u00e9culas vegetales\u2014 mejora la resistencia de las plantas al estr\u00e9s activando sus mecanismos de defensa natural.<br \/>\nCientos de ensayos de campo, junto con una r\u00e1pida adopci\u00f3n por parte de agricultores en tres continentes (Brasil, Europa y Estados Unidos) del primer producto dirigido al cultivo de ma\u00edz, demuestran que sus soluciones biol\u00f3gicas son las \u00fanicas que garantizan rendimientos y ofrecen a los agricultores un retorno significativo de la inversi\u00f3n en condiciones de escasez de agua.<\/p>\n<p>ELICIT PLANT ya opera con \u00e9xito en Brasil, Europa y Ucrania, y ha triplicado su crecimiento en los \u00faltimos dos a\u00f1os. Para m\u00e1s informaci\u00f3n, <a href=\"https:\/\/www.elicit-plant.com\/es\/contacto\/\">contacte con nuestro equipo de asesores.<\/a><\/p>\n\n            <div style=\"clear: both;\"><\/div>\n        <\/div>\n    <\/div>\n<\/section>\n\n\n<section class=\"cbo-textintro textintro--transparent\">\n    <div class=\"textintro-inner cbo-container container--small\">\n\n        \n                \n        <div class=\"textintro-content\">\n            <p>Descubra todos nuestros recursos de prensa: descargue nuestros logotipos, fotograf\u00edas y documentos para presentar a Elicit Plant y sus innovadoras soluciones revolucionarias.<\/p>\n        <\/div>\n    <\/div>\n<\/section>\n\n\n<section class=\"cbo-textintro textintro--transparent\">\n    <div class=\"textintro-inner cbo-container container--small\">\n\n                <div class=\"textintro-picture cbo-picture-contain\">\n\t\t\t<img decoding=\"async\" src=\"https:\/\/www.elicit-plant.com\/app\/uploads\/sites\/10\/2025\/04\/icon-resistance.png\"  class=\"\" alt=\"\" width=\"117\" height=\"118\" sizes=\"auto, 100vw\" loading=\"lazy\" \/>\t\t<\/div>\n        \n                \n        <div class=\"textintro-content\">\n            <p>Notas de prensa<\/p>\n        <\/div>\n    <\/div>\n<\/section>\n\n\n<section class=\"cbo-downloads\">\n    <div class=\"downloads-inner cbo-container\">\n        <div class=\"downloads-list\" data-anim-group data-group-delay=\"100\">\n            \n                            <a class=\"list-el scale-up\" href=\"https:\/\/www.elicit-plant.com\/app\/uploads\/sites\/10\/2025\/04\/09_04_2025_PR_Desarrollo_y_exito_comercial_de_nuevas_biosoluciones.pdf\" target=\"_blank\">\n                    <span class=\"el-inner\">\n                        <span class=\"el-picture cbo-picture-contain\">\n                            <img decoding=\"async\" src=\"https:\/\/www.elicit-plant.com\/app\/uploads\/sites\/10\/2025\/04\/09_04_2025_PR_Desarrollo_y_exito_comercial_de_nuevas_biosoluciones-227x320.jpg\" srcset=\"https:\/\/www.elicit-plant.com\/app\/uploads\/sites\/10\/2025\/04\/09_04_2025_PR_Desarrollo_y_exito_comercial_de_nuevas_biosoluciones-725x1024.jpg 725w, https:\/\/www.elicit-plant.com\/app\/uploads\/sites\/10\/2025\/04\/09_04_2025_PR_Desarrollo_y_exito_comercial_de_nuevas_biosoluciones-991x1400.jpg 991w, https:\/\/www.elicit-plant.com\/app\/uploads\/sites\/10\/2025\/04\/09_04_2025_PR_Desarrollo_y_exito_comercial_de_nuevas_biosoluciones-768x1085.jpg 768w, https:\/\/www.elicit-plant.com\/app\/uploads\/sites\/10\/2025\/04\/09_04_2025_PR_Desarrollo_y_exito_comercial_de_nuevas_biosoluciones-227x320.jpg 227w, https:\/\/www.elicit-plant.com\/app\/uploads\/sites\/10\/2025\/04\/09_04_2025_PR_Desarrollo_y_exito_comercial_de_nuevas_biosoluciones-544x768.jpg 544w, https:\/\/www.elicit-plant.com\/app\/uploads\/sites\/10\/2025\/04\/09_04_2025_PR_Desarrollo_y_exito_comercial_de_nuevas_biosoluciones.jpg 1059w\" class=\"\" alt=\"09_04_2025_PR_Desarrollo_y_exito_comercial_de_nuevas_biosoluciones\" width=\"227\" height=\"320\" sizes=\"auto, 100vw\" loading=\"lazy\" \/>                        <\/span>\n\n                        <span class=\"el-content\">\n                                                            <span class=\"content-uptitle cbo-uptitle\">\n                                    Comunicado de prensa 9 de abril de 2025                                <\/span>\n                                                       \n                                                            <span class=\"content-title cbo-title-4\">\n                                    Elicit Plant: Desarrollo y \u00e9xito comercial de nuevas biosoluciones gracias al Programa de Aceleraci\u00f3n del Consejo Europeo de Innovaci\u00f3n (EIC)                                <\/span>\n                                                    <\/span>\n\n                        <i class=\"icon icon-download\"><\/i>\n                    <\/span>\n                <\/a>\n            \n        <\/div>\n    <\/div>\n<\/section>\n\n<section class=\"cbo-textintro textintro--transparent\">\n    <div class=\"textintro-inner cbo-container container--small\">\n\n                <div class=\"textintro-picture cbo-picture-contain\">\n\t\t\t<img decoding=\"async\" src=\"https:\/\/www.elicit-plant.com\/app\/uploads\/sites\/10\/2025\/04\/icon-engagementsd-RSE-vert.svg\"  class=\"\" alt=\"\" width=\"1\" height=\"1\" sizes=\"auto, 100vw\" loading=\"lazy\" \/>\t\t<\/div>\n        \n                \n        <div class=\"textintro-content\">\n            <p>Explore las im\u00e1genes que ilustran la investigaci\u00f3n de Elicit Plant, as\u00ed como el logotipo de la empresa.<\/p>\n        <\/div>\n    <\/div>\n<\/section>\n\n\n<section class=\"cbo-textintro textintro--transparent\">\n    <div class=\"textintro-inner cbo-container container--small\">\n\n        \n                \n        <div class=\"textintro-content\">\n            <p>Recursos e im\u00e1genes<\/p>\n        <\/div>\n    <\/div>\n<\/section>\n\n\n<section class=\"cbo-text cbo-margin-container\">\n    <div class=\"\n        text-inner\n                cbo-container\n        container--small        \"\n    >\n        <div class=\"text-content cbo-cms cms--large\">\n            <div class=\"wp-bootstrap-blocks-row row align-items-start\">\n<div class=\"col-12 col-md-7\"><\/div>\n<\/div>\n<div class=\"wp-bootstrap-blocks-row row align-items-start\">\n<div class=\"col-12 col-md-7\" style=\"text-align: center\">\n<p>Si necesita el logotipo oficial de Elicit Plant para un sitio web o publicaci\u00f3n, utilice uno de los logotipos que encontrar\u00e1 a continuaci\u00f3n.<\/p>\n<\/div>\n<p style=\"text-align: center\"><a class=\"cbo-button\" href=\"https:\/\/staging.elicit-plant.com\/wp-content\/uploads\/2023\/07\/Elicit-Plant-logo-full-color-rgb-vertical.png\" target=\"_blank\" rel=\"noopener\">Descargue nuestro logotipo en versi\u00f3n vertical <\/a>\u00a0 \u00a0\u00a0<a class=\"cbo-button\" href=\"https:\/\/staging.elicit-plant.com\/wp-content\/uploads\/2023\/07\/Elicit-Plant-logo-full-color-rgb-standard.png\" target=\"_blank\" rel=\"noopener\">Descargue nuestro logotipo en versi\u00f3n est\u00e1ndar<\/a><\/p>\n<\/div>\n\n            <div style=\"clear: both;\"><\/div>\n        <\/div>\n    <\/div>\n<\/section>\n\n\n<section class=\"cbo-textintro textintro--transparent\">\n    <div class=\"textintro-inner cbo-container container--small\">\n\n        \n                \n        <div class=\"textintro-content\">\n            <p>Biblioteca de im\u00e1genes<\/p>\n        <\/div>\n    <\/div>\n<\/section>\n\n\n<section class=\"cbo-text cbo-margin-container\">\n    <div class=\"\n        text-inner\n                cbo-container\n        container--small        \"\n    >\n        <div class=\"text-content cbo-cms cms--large\">\n            <p style=\"text-align: center\">A continuaci\u00f3n encontrar\u00e1 im\u00e1genes que ilustran nuestras investigaciones y el desarrollo de soluciones. Estas im\u00e1genes son propiedad de Elicit Plant y deben ir acompa\u00f1adas de la menci\u00f3n \u00abCopyright Elicit Plant\u00bb. Ilustraciones y v\u00eddeos en alta definici\u00f3n est\u00e1n disponibles bajo solicitud<\/p>\n<p style=\"text-align: center\"><a class=\"cbo-button\" href=\"https:\/\/www.elicit-plant.com\/es\/contacto\/\">Contacto<\/a><\/p>\n\n            <div style=\"clear: both;\"><\/div>\n        <\/div>\n    <\/div>\n<\/section>\n\n\n<section class=\"cbo-featuredlinks featuredlinks--colorsand\">\n\t<div class=\"featuredlinks-inner cbo-container container--padding\">\n\n\t\t\n\t\t<div class=\"featuredlinks-list\" data-anim-group data-group-delay=\"100\">\n\t\t\t\n\t\t\t<div class=\"list-el\">\n\t\t\t\t<a class=\"el-inner\" href=\"https:\/\/www.elicit-plant.com\/es\/ciencia-y-tecnologia\/\">\n\n\t\t\t\t\t<figure class=\"inner-picture cbo-picture-cover\">\n\t\t\t\t\t\t<img decoding=\"async\" src=\"https:\/\/www.elicit-plant.com\/app\/uploads\/sites\/10\/2025\/04\/img-contact-form-elicit-plant-768x512.jpg\" srcset=\"https:\/\/www.elicit-plant.com\/app\/uploads\/sites\/10\/2025\/04\/img-contact-form-elicit-plant-320x213.jpg 320w, https:\/\/www.elicit-plant.com\/app\/uploads\/sites\/10\/2025\/04\/img-contact-form-elicit-plant-768x512.jpg 840w, https:\/\/www.elicit-plant.com\/app\/uploads\/sites\/10\/2025\/04\/img-contact-form-elicit-plant-768x512.jpg 1024w, https:\/\/www.elicit-plant.com\/app\/uploads\/sites\/10\/2025\/04\/img-contact-form-elicit-plant-768x512.jpg 1400w\" class=\"\" alt=\"\" width=\"768\" height=\"512\" sizes=\"auto, 100vw\" loading=\"lazy\" \/>\t\t\t\t\t<\/figure>\n\n\t\t\t\t\t<h3 class=\"inner-title cbo-title-3\">\n\t\t\t\t\t\tCiencia y tecnolog\u00eda\t\t\t\t\t<\/h3>\n\n\t\t\t\t\t<span class=\"inner-button cbo-buttonmore\">\n\t\t\t\t\t\t<i class=\"icon icon-cross\"><\/i>\n\t\t\t\t\t<\/span>\n\t\t\t\t<\/a>\n\t\t\t<\/div>\n\n\t\t\t\n\t\t\t<div class=\"list-el\">\n\t\t\t\t<a class=\"el-inner\" href=\"https:\/\/www.elicit-plant.com\/es\/nuestra-empresa\/\">\n\n\t\t\t\t\t<figure class=\"inner-picture cbo-picture-cover\">\n\t\t\t\t\t\t<img decoding=\"async\" src=\"https:\/\/www.elicit-plant.com\/app\/uploads\/sites\/10\/2025\/04\/Agronomists-working-in-the-fields.jpg\" srcset=\"https:\/\/www.elicit-plant.com\/app\/uploads\/sites\/10\/2025\/04\/Agronomists-working-in-the-fields-320x320.jpg 320w, https:\/\/www.elicit-plant.com\/app\/uploads\/sites\/10\/2025\/04\/Agronomists-working-in-the-fields.jpg 840w, https:\/\/www.elicit-plant.com\/app\/uploads\/sites\/10\/2025\/04\/Agronomists-working-in-the-fields.jpg 1024w, https:\/\/www.elicit-plant.com\/app\/uploads\/sites\/10\/2025\/04\/Agronomists-working-in-the-fields.jpg 1400w\" class=\"\" alt=\"\" width=\"402\" height=\"403\" sizes=\"auto, 100vw\" loading=\"lazy\" \/>\t\t\t\t\t<\/figure>\n\n\t\t\t\t\t<h3 class=\"inner-title cbo-title-3\">\n\t\t\t\t\t\tNuestra comunidad\t\t\t\t\t<\/h3>\n\n\t\t\t\t\t<span class=\"inner-button cbo-buttonmore\">\n\t\t\t\t\t\t<i class=\"icon icon-cross\"><\/i>\n\t\t\t\t\t<\/span>\n\t\t\t\t<\/a>\n\t\t\t<\/div>\n\n\t\t\t\t\t<\/div>\n\n\t<\/div>\n<\/section>\n","protected":false},"excerpt":{"rendered":"<p>Sobre Elicit Plant Elicit Plant es la \u00fanica empresa del sector AgTech que aborda los efectos del cambio clim\u00e1tico en los principales cultivos agr\u00edcolas a nivel mundial, reduciendo el consumo de agua por parte de las plantas en un 20%. Su tecnolog\u00eda \u00fanica, EliTerra\u00ae, basada en la aplicaci\u00f3n ex\u00f3gena de fitoesteroles \u2014un grupo de mol\u00e9culas vegetales\u2014 mejora la resistencia de las plantas al estr\u00e9s activando sus mecanismos de defensa natural. Cientos de ensayos de campo, junto con una r\u00e1pida adopci\u00f3n por parte de agricultores en tres continentes (Brasil, Europa y Estados Unidos) del primer producto dirigido al cultivo de ma\u00edz, demuestran que sus soluciones biol\u00f3gicas son las \u00fanicas que garantizan rendimientos y ofrecen a los agricultores un retorno significativo de la inversi\u00f3n en condiciones de escasez de agua. ELICIT PLANT ya opera con \u00e9xito en Brasil, Europa y Ucrania, y ha triplicado su crecimiento en los \u00faltimos dos a\u00f1os. Para m\u00e1s informaci\u00f3n, contacte con&#8230;<\/p>\n","protected":false},"author":10,"featured_media":0,"parent":0,"menu_order":0,"comment_status":"closed","ping_status":"closed","template":"","meta":{"_acf_changed":false,"footnotes":""},"class_list":["post-433","page","type-page","status-publish","hentry"],"acf":[],"yoast_head":"<!-- This site is optimized with the Yoast SEO plugin v27.2 - https:\/\/yoast.com\/product\/yoast-seo-wordpress\/ -->\n<title>\u00daltimos comunicados de prensa y noticias corporativas de Elicit Plant<\/title>\n<meta name=\"description\" content=\"Los comunicados de prensa de Elicit Plant destacan las innovaciones y logros en el \u00e1mbito de la agrotecnolog\u00eda. Las \u00faltimas noticias muestran el impacto de la investigaci\u00f3n cient\u00edfica en la industria agr\u00edcola.\" \/>\n<meta name=\"robots\" content=\"index, follow, max-snippet:-1, max-image-preview:large, max-video-preview:-1\" \/>\n<link rel=\"canonical\" href=\"https:\/\/www.elicit-plant.com\/es\/notas-de-prensa\/\" \/>\n<meta property=\"og:locale\" content=\"es_ES\" \/>\n<meta property=\"og:type\" content=\"article\" \/>\n<meta property=\"og:title\" content=\"\u00daltimos comunicados de prensa y noticias corporativas de Elicit Plant\" \/>\n<meta property=\"og:description\" content=\"Los comunicados de prensa de Elicit Plant destacan las innovaciones y logros en el \u00e1mbito de la agrotecnolog\u00eda. Las \u00faltimas noticias muestran el impacto de la investigaci\u00f3n cient\u00edfica en la industria agr\u00edcola.\" \/>\n<meta property=\"og:url\" content=\"https:\/\/www.elicit-plant.com\/es\/notas-de-prensa\/\" \/>\n<meta property=\"og:site_name\" content=\"Elicit Plant Espa\u00f1a\" \/>\n<meta property=\"article:modified_time\" content=\"2025-04-10T10:32:10+00:00\" \/>\n<meta name=\"twitter:card\" content=\"summary_large_image\" \/>\n<script type=\"application\/ld+json\" class=\"yoast-schema-graph\">{\"@context\":\"https:\/\/schema.org\",\"@graph\":[{\"@type\":\"WebPage\",\"@id\":\"https:\/\/www.elicit-plant.com\/es\/notas-de-prensa\/\",\"url\":\"https:\/\/www.elicit-plant.com\/es\/notas-de-prensa\/\",\"name\":\"\u00daltimos comunicados de prensa y noticias corporativas de Elicit Plant\",\"isPartOf\":{\"@id\":\"https:\/\/www.elicit-plant.com\/es\/#website\"},\"datePublished\":\"2025-04-10T10:32:09+00:00\",\"dateModified\":\"2025-04-10T10:32:10+00:00\",\"description\":\"Los comunicados de prensa de Elicit Plant destacan las innovaciones y logros en el \u00e1mbito de la agrotecnolog\u00eda. Las \u00faltimas noticias muestran el impacto de la investigaci\u00f3n cient\u00edfica en la industria agr\u00edcola.\",\"breadcrumb\":{\"@id\":\"https:\/\/www.elicit-plant.com\/es\/notas-de-prensa\/#breadcrumb\"},\"inLanguage\":\"es\",\"potentialAction\":[{\"@type\":\"ReadAction\",\"target\":[\"https:\/\/www.elicit-plant.com\/es\/notas-de-prensa\/\"]}]},{\"@type\":\"BreadcrumbList\",\"@id\":\"https:\/\/www.elicit-plant.com\/es\/notas-de-prensa\/#breadcrumb\",\"itemListElement\":[{\"@type\":\"ListItem\",\"position\":1,\"name\":\"Inicio\",\"item\":\"https:\/\/www.elicit-plant.com\/es\/\"},{\"@type\":\"ListItem\",\"position\":2,\"name\":\"Notas de prensa\"}]},{\"@type\":\"WebSite\",\"@id\":\"https:\/\/www.elicit-plant.com\/es\/#website\",\"url\":\"https:\/\/www.elicit-plant.com\/es\/\",\"name\":\"Elicit Plant Espa\u00f1a\",\"description\":\"\",\"publisher\":{\"@id\":\"https:\/\/www.elicit-plant.com\/es\/#organization\"},\"potentialAction\":[{\"@type\":\"SearchAction\",\"target\":{\"@type\":\"EntryPoint\",\"urlTemplate\":\"https:\/\/www.elicit-plant.com\/es\/?s={search_term_string}\"},\"query-input\":{\"@type\":\"PropertyValueSpecification\",\"valueRequired\":true,\"valueName\":\"search_term_string\"}}],\"inLanguage\":\"es\"},{\"@type\":\"Organization\",\"@id\":\"https:\/\/www.elicit-plant.com\/es\/#organization\",\"name\":\"Elicit Plant Espa\u00f1a\",\"url\":\"https:\/\/www.elicit-plant.com\/es\/\",\"logo\":{\"@type\":\"ImageObject\",\"inLanguage\":\"es\",\"@id\":\"https:\/\/www.elicit-plant.com\/es\/#\/schema\/logo\/image\/\",\"url\":\"https:\/\/www.elicit-plant.com\/es\/wp-content\/uploads\/sites\/10\/2024\/12\/Elicit-Plant-logo-full-color-rgb.png\",\"contentUrl\":\"https:\/\/www.elicit-plant.com\/es\/wp-content\/uploads\/sites\/10\/2024\/12\/Elicit-Plant-logo-full-color-rgb.png\",\"width\":2304,\"height\":641,\"caption\":\"Elicit Plant Espa\u00f1a\"},\"image\":{\"@id\":\"https:\/\/www.elicit-plant.com\/es\/#\/schema\/logo\/image\/\"}}]}<\/script>\n<!-- \/ Yoast SEO plugin. -->","yoast_head_json":{"title":"\u00daltimos comunicados de prensa y noticias corporativas de Elicit Plant","description":"Los comunicados de prensa de Elicit Plant destacan las innovaciones y logros en el \u00e1mbito de la agrotecnolog\u00eda. Las \u00faltimas noticias muestran el impacto de la investigaci\u00f3n cient\u00edfica en la industria agr\u00edcola.","robots":{"index":"index","follow":"follow","max-snippet":"max-snippet:-1","max-image-preview":"max-image-preview:large","max-video-preview":"max-video-preview:-1"},"canonical":"https:\/\/www.elicit-plant.com\/es\/notas-de-prensa\/","og_locale":"es_ES","og_type":"article","og_title":"\u00daltimos comunicados de prensa y noticias corporativas de Elicit Plant","og_description":"Los comunicados de prensa de Elicit Plant destacan las innovaciones y logros en el \u00e1mbito de la agrotecnolog\u00eda. Las \u00faltimas noticias muestran el impacto de la investigaci\u00f3n cient\u00edfica en la industria agr\u00edcola.","og_url":"https:\/\/www.elicit-plant.com\/es\/notas-de-prensa\/","og_site_name":"Elicit Plant Espa\u00f1a","article_modified_time":"2025-04-10T10:32:10+00:00","twitter_card":"summary_large_image","schema":{"@context":"https:\/\/schema.org","@graph":[{"@type":"WebPage","@id":"https:\/\/www.elicit-plant.com\/es\/notas-de-prensa\/","url":"https:\/\/www.elicit-plant.com\/es\/notas-de-prensa\/","name":"\u00daltimos comunicados de prensa y noticias corporativas de Elicit Plant","isPartOf":{"@id":"https:\/\/www.elicit-plant.com\/es\/#website"},"datePublished":"2025-04-10T10:32:09+00:00","dateModified":"2025-04-10T10:32:10+00:00","description":"Los comunicados de prensa de Elicit Plant destacan las innovaciones y logros en el \u00e1mbito de la agrotecnolog\u00eda. Las \u00faltimas noticias muestran el impacto de la investigaci\u00f3n cient\u00edfica en la industria agr\u00edcola.","breadcrumb":{"@id":"https:\/\/www.elicit-plant.com\/es\/notas-de-prensa\/#breadcrumb"},"inLanguage":"es","potentialAction":[{"@type":"ReadAction","target":["https:\/\/www.elicit-plant.com\/es\/notas-de-prensa\/"]}]},{"@type":"BreadcrumbList","@id":"https:\/\/www.elicit-plant.com\/es\/notas-de-prensa\/#breadcrumb","itemListElement":[{"@type":"ListItem","position":1,"name":"Inicio","item":"https:\/\/www.elicit-plant.com\/es\/"},{"@type":"ListItem","position":2,"name":"Notas de prensa"}]},{"@type":"WebSite","@id":"https:\/\/www.elicit-plant.com\/es\/#website","url":"https:\/\/www.elicit-plant.com\/es\/","name":"Elicit Plant Espa\u00f1a","description":"","publisher":{"@id":"https:\/\/www.elicit-plant.com\/es\/#organization"},"potentialAction":[{"@type":"SearchAction","target":{"@type":"EntryPoint","urlTemplate":"https:\/\/www.elicit-plant.com\/es\/?s={search_term_string}"},"query-input":{"@type":"PropertyValueSpecification","valueRequired":true,"valueName":"search_term_string"}}],"inLanguage":"es"},{"@type":"Organization","@id":"https:\/\/www.elicit-plant.com\/es\/#organization","name":"Elicit Plant Espa\u00f1a","url":"https:\/\/www.elicit-plant.com\/es\/","logo":{"@type":"ImageObject","inLanguage":"es","@id":"https:\/\/www.elicit-plant.com\/es\/#\/schema\/logo\/image\/","url":"https:\/\/www.elicit-plant.com\/es\/wp-content\/uploads\/sites\/10\/2024\/12\/Elicit-Plant-logo-full-color-rgb.png","contentUrl":"https:\/\/www.elicit-plant.com\/es\/wp-content\/uploads\/sites\/10\/2024\/12\/Elicit-Plant-logo-full-color-rgb.png","width":2304,"height":641,"caption":"Elicit Plant Espa\u00f1a"},"image":{"@id":"https:\/\/www.elicit-plant.com\/es\/#\/schema\/logo\/image\/"}}]}},"_links":{"self":[{"href":"https:\/\/www.elicit-plant.com\/es\/wp-json\/wp\/v2\/pages\/433","targetHints":{"allow":["GET"]}}],"collection":[{"href":"https:\/\/www.elicit-plant.com\/es\/wp-json\/wp\/v2\/pages"}],"about":[{"href":"https:\/\/www.elicit-plant.com\/es\/wp-json\/wp\/v2\/types\/page"}],"author":[{"embeddable":true,"href":"https:\/\/www.elicit-plant.com\/es\/wp-json\/wp\/v2\/users\/10"}],"replies":[{"embeddable":true,"href":"https:\/\/www.elicit-plant.com\/es\/wp-json\/wp\/v2\/comments?post=433"}],"version-history":[{"count":10,"href":"https:\/\/www.elicit-plant.com\/es\/wp-json\/wp\/v2\/pages\/433\/revisions"}],"predecessor-version":[{"id":449,"href":"https:\/\/www.elicit-plant.com\/es\/wp-json\/wp\/v2\/pages\/433\/revisions\/449"}],"wp:attachment":[{"href":"https:\/\/www.elicit-plant.com\/es\/wp-json\/wp\/v2\/media?parent=433"}],"curies":[{"name":"wp","href":"https:\/\/api.w.org\/{rel}","templated":true}]}}