{"id":606,"date":"2025-10-07T11:53:49","date_gmt":"2025-10-07T09:53:49","guid":{"rendered":"https:\/\/www.elicit-plant.com\/es\/?page_id=606"},"modified":"2025-10-07T11:53:50","modified_gmt":"2025-10-07T09:53:50","slug":"carta-de-cookies","status":"publish","type":"page","link":"https:\/\/www.elicit-plant.com\/es\/carta-de-cookies\/","title":{"rendered":"Carta de Cookies"},"content":{"rendered":"<section class=\"cbo-heropicture\" data-anim-group>\n\t<div class=\"cbo-breadcrumbs breadcrumbs--normal\">\n  <div class=\"breadcrumbs-inner\">\n    <span><span><a href=\"https:\/\/www.elicit-plant.com\/es\/\">Inicio<\/a><\/span><\/span>\t<\/div>\n<\/div>\n\t<div class=\"heropicture-picture cbo-picture-cover\">\n\t\t<img decoding=\"async\" src=\"https:\/\/www.elicit-plant.com\/app\/uploads\/sites\/10\/2024\/12\/Tractor-treating-fields-1024x570.jpg\" srcset=\"https:\/\/www.elicit-plant.com\/app\/uploads\/sites\/10\/2024\/12\/Tractor-treating-fields-320x178.jpg 320w, https:\/\/www.elicit-plant.com\/app\/uploads\/sites\/10\/2024\/12\/Tractor-treating-fields-768x427.jpg 768w, https:\/\/www.elicit-plant.com\/app\/uploads\/sites\/10\/2024\/12\/Tractor-treating-fields-1024x570.jpg 1024w, https:\/\/www.elicit-plant.com\/app\/uploads\/sites\/10\/2024\/12\/Tractor-treating-fields.jpg 1280w, https:\/\/www.elicit-plant.com\/app\/uploads\/sites\/10\/2024\/12\/Tractor-treating-fields.jpg 1920w\" class=\"\" alt=\"Tractor treating fields\" width=\"1024\" height=\"570\" sizes=\"auto, 100vw\" loading=\"lazy\" \/>\t<\/div>\n\n\t<div class=\"heropicture-inner cbo-container container--small container--padding\">\n\t\t<div class=\"heropicture-content\">\n\n\t\t\t\n\t\t\t<h1 class=\"content-title cbo-title-2 slide-down\">\n\t\t\t\tCarta de Cookies\t\t\t<\/h1>\n\t\t<\/div>\n\t<\/div>\n<\/section>\n\n<section class=\"cbo-text cbo-margin-container\">\n    <div class=\"\n        text-inner\n                cbo-container\n        container--small        \"\n    >\n        <div class=\"text-content cbo-cms cms--large\">\n            <h2>\u00bfC\u00d3MO CONFIGURAR LAS COOKIES UTILIZADAS EN EL SITIO?<\/h2>\n<p>Esta secci\u00f3n explica c\u00f3mo autorizar o no autorizar el uso de cookies en el Sitio.<\/p>\n<p>Cuando visita el Sitio por primera vez, se le invita a configurar el uso de las cookies en el mismo.<\/p>\n<p>Esta configuraci\u00f3n se realiza mediante un banner informativo sobre su uso que, al aparecer, le invitar\u00e1 a conocer las cookies utilizadas, aceptarlas o rechazarlas de forma global y, de manera m\u00e1s general, a configurarlas desde la interfaz del Sitio haciendo clic en el icono situado en la parte inferior izquierda de su navegador.<\/p>\n<p><img loading=\"lazy\" decoding=\"async\" class=\"size-full wp-image-6841 alignnone\" src=\"https:\/\/www.elicit-plant.com\/app\/uploads\/sites\/1\/2025\/10\/Axeptio-logo.png\" alt=\"Logotipo de Axeptio\" width=\"61\" height=\"62\" \/><\/p>\n<p>Durante toda su utilizaci\u00f3n del Sitio y en cualquier momento, puede modificar la configuraci\u00f3n de las cookies \u2014aceptarlas o rechazarlas\u2014 accediendo al m\u00f3dulo de gesti\u00f3n del consentimiento desde el apartado indicado m\u00e1s arriba.<\/p>\n<p>Tambi\u00e9n puede bloquear, desde los ajustes de su navegador, parte o la totalidad de las cookies t\u00e9cnicas del Sitio necesarias para su correcto funcionamiento. No obstante, rechazar el dep\u00f3sito de estas cookies a trav\u00e9s del navegador puede conllevar la imposibilidad de acceder a determinadas funciones\/partes del Sitio o un funcionamiento degradado del mismo.<\/p>\n<h2>\u00bfA QUI\u00c9N CONTACTAR EN CASO DE PREGUNTAS SOBRE LAS COOKIES?<\/h2>\n<p>Para cualquier consulta relativa a la presente Carta de Cookies, o para cualquier solicitud relacionada con las cookies utilizadas en el Sitio en general, puede ponerse en contacto con nosotros en cualquier momento:<\/p>\n<ul>\n<li>Por correo postal: ELICIT PLANT &#8211; LIEUDIT LE CHATAIGNIER, 1 PASSAGE DE LA CROIX, 16220 MOULINS-SUR-TARDOIRE, CHARENTE (16)<br \/>\nPor correo electr\u00f3nico: <a href=\"mailto:dataprivacy@elicit-plant.com\">dataprivacy@elicit-plant.com<\/a><\/li>\n<\/ul>\n\n            <div style=\"clear: both;\"><\/div>\n        <\/div>\n    <\/div>\n<\/section>\n","protected":false},"excerpt":{"rendered":"<p>\u00bfC\u00d3MO CONFIGURAR LAS COOKIES UTILIZADAS EN EL SITIO? Esta secci\u00f3n explica c\u00f3mo autorizar o no autorizar el uso de cookies en el Sitio. Cuando visita el Sitio por primera vez, se le invita a configurar el uso de las cookies en el mismo. Esta configuraci\u00f3n se realiza mediante un banner informativo sobre su uso que, al aparecer, le invitar\u00e1 a conocer las cookies utilizadas, aceptarlas o rechazarlas de forma global y, de manera m\u00e1s general, a configurarlas desde la interfaz del Sitio haciendo clic en el icono situado en la parte inferior izquierda de su navegador. Durante toda su utilizaci\u00f3n del Sitio y en cualquier momento, puede modificar la configuraci\u00f3n de las cookies \u2014aceptarlas o rechazarlas\u2014 accediendo al m\u00f3dulo de gesti\u00f3n del consentimiento desde el apartado indicado m\u00e1s arriba. Tambi\u00e9n puede bloquear, desde los ajustes de su navegador, parte o la totalidad de las cookies t\u00e9cnicas del Sitio necesarias para su correcto funcionamiento. No obstante, rechazar el&#8230;<\/p>\n","protected":false},"author":6,"featured_media":0,"parent":0,"menu_order":0,"comment_status":"closed","ping_status":"closed","template":"","meta":{"_acf_changed":false,"footnotes":""},"class_list":["post-606","page","type-page","status-publish","hentry"],"acf":[],"yoast_head":"<!-- This site is optimized with the Yoast SEO plugin v27.3 - https:\/\/yoast.com\/product\/yoast-seo-wordpress\/ -->\n<title>Carta de Cookies - Elicit Plant Espa\u00f1a<\/title>\n<meta name=\"robots\" content=\"noindex, follow\" \/>\n<meta property=\"og:locale\" content=\"es_ES\" \/>\n<meta property=\"og:type\" content=\"article\" \/>\n<meta property=\"og:title\" content=\"Carta de Cookies - Elicit Plant Espa\u00f1a\" \/>\n<meta property=\"og:description\" content=\"\u00bfC\u00d3MO CONFIGURAR LAS COOKIES UTILIZADAS EN EL SITIO? Esta secci\u00f3n explica c\u00f3mo autorizar o no autorizar el uso de cookies en el Sitio. Cuando visita el Sitio por primera vez, se le invita a configurar el uso de las cookies en el mismo. Esta configuraci\u00f3n se realiza mediante un banner informativo sobre su uso que, al aparecer, le invitar\u00e1 a conocer las cookies utilizadas, aceptarlas o rechazarlas de forma global y, de manera m\u00e1s general, a configurarlas desde la interfaz del Sitio haciendo clic en el icono situado en la parte inferior izquierda de su navegador. Durante toda su utilizaci\u00f3n del Sitio y en cualquier momento, puede modificar la configuraci\u00f3n de las cookies \u2014aceptarlas o rechazarlas\u2014 accediendo al m\u00f3dulo de gesti\u00f3n del consentimiento desde el apartado indicado m\u00e1s arriba. Tambi\u00e9n puede bloquear, desde los ajustes de su navegador, parte o la totalidad de las cookies t\u00e9cnicas del Sitio necesarias para su correcto funcionamiento. No obstante, rechazar el...\" \/>\n<meta property=\"og:url\" content=\"https:\/\/www.elicit-plant.com\/es\/carta-de-cookies\/\" \/>\n<meta property=\"og:site_name\" content=\"Elicit Plant Espa\u00f1a\" \/>\n<meta property=\"article:modified_time\" content=\"2025-10-07T09:53:50+00:00\" \/>\n<meta name=\"twitter:card\" content=\"summary_large_image\" \/>\n<script type=\"application\/ld+json\" class=\"yoast-schema-graph\">{\"@context\":\"https:\\\/\\\/schema.org\",\"@graph\":[{\"@type\":\"WebPage\",\"@id\":\"https:\\\/\\\/www.elicit-plant.com\\\/es\\\/carta-de-cookies\\\/\",\"url\":\"https:\\\/\\\/www.elicit-plant.com\\\/es\\\/carta-de-cookies\\\/\",\"name\":\"Carta de Cookies - Elicit Plant Espa\u00f1a\",\"isPartOf\":{\"@id\":\"https:\\\/\\\/www.elicit-plant.com\\\/es\\\/#website\"},\"datePublished\":\"2025-10-07T09:53:49+00:00\",\"dateModified\":\"2025-10-07T09:53:50+00:00\",\"breadcrumb\":{\"@id\":\"https:\\\/\\\/www.elicit-plant.com\\\/es\\\/carta-de-cookies\\\/#breadcrumb\"},\"inLanguage\":\"es\",\"potentialAction\":[{\"@type\":\"ReadAction\",\"target\":[\"https:\\\/\\\/www.elicit-plant.com\\\/es\\\/carta-de-cookies\\\/\"]}]},{\"@type\":\"BreadcrumbList\",\"@id\":\"https:\\\/\\\/www.elicit-plant.com\\\/es\\\/carta-de-cookies\\\/#breadcrumb\",\"itemListElement\":[{\"@type\":\"ListItem\",\"position\":1,\"name\":\"Inicio\",\"item\":\"https:\\\/\\\/www.elicit-plant.com\\\/es\\\/\"},{\"@type\":\"ListItem\",\"position\":2,\"name\":\"Carta de Cookies\"}]},{\"@type\":\"WebSite\",\"@id\":\"https:\\\/\\\/www.elicit-plant.com\\\/es\\\/#website\",\"url\":\"https:\\\/\\\/www.elicit-plant.com\\\/es\\\/\",\"name\":\"Elicit Plant Espa\u00f1a\",\"description\":\"\",\"publisher\":{\"@id\":\"https:\\\/\\\/www.elicit-plant.com\\\/es\\\/#organization\"},\"potentialAction\":[{\"@type\":\"SearchAction\",\"target\":{\"@type\":\"EntryPoint\",\"urlTemplate\":\"https:\\\/\\\/www.elicit-plant.com\\\/es\\\/?s={search_term_string}\"},\"query-input\":{\"@type\":\"PropertyValueSpecification\",\"valueRequired\":true,\"valueName\":\"search_term_string\"}}],\"inLanguage\":\"es\"},{\"@type\":\"Organization\",\"@id\":\"https:\\\/\\\/www.elicit-plant.com\\\/es\\\/#organization\",\"name\":\"Elicit Plant Espa\u00f1a\",\"url\":\"https:\\\/\\\/www.elicit-plant.com\\\/es\\\/\",\"logo\":{\"@type\":\"ImageObject\",\"inLanguage\":\"es\",\"@id\":\"https:\\\/\\\/www.elicit-plant.com\\\/es\\\/#\\\/schema\\\/logo\\\/image\\\/\",\"url\":\"https:\\\/\\\/www.elicit-plant.com\\\/es\\\/wp-content\\\/uploads\\\/sites\\\/10\\\/2024\\\/12\\\/Elicit-Plant-logo-full-color-rgb.png\",\"contentUrl\":\"https:\\\/\\\/www.elicit-plant.com\\\/es\\\/wp-content\\\/uploads\\\/sites\\\/10\\\/2024\\\/12\\\/Elicit-Plant-logo-full-color-rgb.png\",\"width\":2304,\"height\":641,\"caption\":\"Elicit Plant Espa\u00f1a\"},\"image\":{\"@id\":\"https:\\\/\\\/www.elicit-plant.com\\\/es\\\/#\\\/schema\\\/logo\\\/image\\\/\"}}]}<\/script>\n<!-- \/ Yoast SEO plugin. -->","yoast_head_json":{"title":"Carta de Cookies - Elicit Plant Espa\u00f1a","robots":{"index":"noindex","follow":"follow"},"og_locale":"es_ES","og_type":"article","og_title":"Carta de Cookies - Elicit Plant Espa\u00f1a","og_description":"\u00bfC\u00d3MO CONFIGURAR LAS COOKIES UTILIZADAS EN EL SITIO? Esta secci\u00f3n explica c\u00f3mo autorizar o no autorizar el uso de cookies en el Sitio. Cuando visita el Sitio por primera vez, se le invita a configurar el uso de las cookies en el mismo. Esta configuraci\u00f3n se realiza mediante un banner informativo sobre su uso que, al aparecer, le invitar\u00e1 a conocer las cookies utilizadas, aceptarlas o rechazarlas de forma global y, de manera m\u00e1s general, a configurarlas desde la interfaz del Sitio haciendo clic en el icono situado en la parte inferior izquierda de su navegador. Durante toda su utilizaci\u00f3n del Sitio y en cualquier momento, puede modificar la configuraci\u00f3n de las cookies \u2014aceptarlas o rechazarlas\u2014 accediendo al m\u00f3dulo de gesti\u00f3n del consentimiento desde el apartado indicado m\u00e1s arriba. Tambi\u00e9n puede bloquear, desde los ajustes de su navegador, parte o la totalidad de las cookies t\u00e9cnicas del Sitio necesarias para su correcto funcionamiento. No obstante, rechazar el...","og_url":"https:\/\/www.elicit-plant.com\/es\/carta-de-cookies\/","og_site_name":"Elicit Plant Espa\u00f1a","article_modified_time":"2025-10-07T09:53:50+00:00","twitter_card":"summary_large_image","schema":{"@context":"https:\/\/schema.org","@graph":[{"@type":"WebPage","@id":"https:\/\/www.elicit-plant.com\/es\/carta-de-cookies\/","url":"https:\/\/www.elicit-plant.com\/es\/carta-de-cookies\/","name":"Carta de Cookies - Elicit Plant Espa\u00f1a","isPartOf":{"@id":"https:\/\/www.elicit-plant.com\/es\/#website"},"datePublished":"2025-10-07T09:53:49+00:00","dateModified":"2025-10-07T09:53:50+00:00","breadcrumb":{"@id":"https:\/\/www.elicit-plant.com\/es\/carta-de-cookies\/#breadcrumb"},"inLanguage":"es","potentialAction":[{"@type":"ReadAction","target":["https:\/\/www.elicit-plant.com\/es\/carta-de-cookies\/"]}]},{"@type":"BreadcrumbList","@id":"https:\/\/www.elicit-plant.com\/es\/carta-de-cookies\/#breadcrumb","itemListElement":[{"@type":"ListItem","position":1,"name":"Inicio","item":"https:\/\/www.elicit-plant.com\/es\/"},{"@type":"ListItem","position":2,"name":"Carta de Cookies"}]},{"@type":"WebSite","@id":"https:\/\/www.elicit-plant.com\/es\/#website","url":"https:\/\/www.elicit-plant.com\/es\/","name":"Elicit Plant Espa\u00f1a","description":"","publisher":{"@id":"https:\/\/www.elicit-plant.com\/es\/#organization"},"potentialAction":[{"@type":"SearchAction","target":{"@type":"EntryPoint","urlTemplate":"https:\/\/www.elicit-plant.com\/es\/?s={search_term_string}"},"query-input":{"@type":"PropertyValueSpecification","valueRequired":true,"valueName":"search_term_string"}}],"inLanguage":"es"},{"@type":"Organization","@id":"https:\/\/www.elicit-plant.com\/es\/#organization","name":"Elicit Plant Espa\u00f1a","url":"https:\/\/www.elicit-plant.com\/es\/","logo":{"@type":"ImageObject","inLanguage":"es","@id":"https:\/\/www.elicit-plant.com\/es\/#\/schema\/logo\/image\/","url":"https:\/\/www.elicit-plant.com\/es\/wp-content\/uploads\/sites\/10\/2024\/12\/Elicit-Plant-logo-full-color-rgb.png","contentUrl":"https:\/\/www.elicit-plant.com\/es\/wp-content\/uploads\/sites\/10\/2024\/12\/Elicit-Plant-logo-full-color-rgb.png","width":2304,"height":641,"caption":"Elicit Plant Espa\u00f1a"},"image":{"@id":"https:\/\/www.elicit-plant.com\/es\/#\/schema\/logo\/image\/"}}]}},"_links":{"self":[{"href":"https:\/\/www.elicit-plant.com\/es\/wp-json\/wp\/v2\/pages\/606","targetHints":{"allow":["GET"]}}],"collection":[{"href":"https:\/\/www.elicit-plant.com\/es\/wp-json\/wp\/v2\/pages"}],"about":[{"href":"https:\/\/www.elicit-plant.com\/es\/wp-json\/wp\/v2\/types\/page"}],"author":[{"embeddable":true,"href":"https:\/\/www.elicit-plant.com\/es\/wp-json\/wp\/v2\/users\/6"}],"replies":[{"embeddable":true,"href":"https:\/\/www.elicit-plant.com\/es\/wp-json\/wp\/v2\/comments?post=606"}],"version-history":[{"count":1,"href":"https:\/\/www.elicit-plant.com\/es\/wp-json\/wp\/v2\/pages\/606\/revisions"}],"predecessor-version":[{"id":608,"href":"https:\/\/www.elicit-plant.com\/es\/wp-json\/wp\/v2\/pages\/606\/revisions\/608"}],"wp:attachment":[{"href":"https:\/\/www.elicit-plant.com\/es\/wp-json\/wp\/v2\/media?parent=606"}],"curies":[{"name":"wp","href":"https:\/\/api.w.org\/{rel}","templated":true}]}}