{"id":1816,"date":"2023-08-18T12:08:35","date_gmt":"2023-08-18T10:08:35","guid":{"rendered":"https:\/\/www.elicit-plant.com\/?page_id=1816"},"modified":"2025-02-21T10:04:22","modified_gmt":"2025-02-21T09:04:22","slug":"cultures-valeurs","status":"publish","type":"page","link":"https:\/\/www.elicit-plant.com\/fr\/cultures-valeurs\/","title":{"rendered":"Cultures &amp; valeurs"},"content":{"rendered":"<section class=\"cbo-hero cbo-margin-container hero--colorgreen\" data-anim-group>\n\t<div class=\"cbo-breadcrumbs breadcrumbs--normal\">\n  <div class=\"breadcrumbs-inner\">\n    <span><span><a href=\"https:\/\/www.elicit-plant.com\/fr\/\">Accueil<\/a><\/span><\/span>\t<\/div>\n<\/div>\n\t<div class=\"hero-inner cbo-container container--padding\">\n\n\t\t<div class=\"hero-shapes\">\n\t\t\t<div class=\"shapes-color scale-up\"><\/div>\n\n\t\t\t<div class=\"shapes-picture cbo-picture-cover scale-up\"  data-delay=\"450\">\n\t\t\t\t<img decoding=\"async\" src=\"https:\/\/www.elicit-plant.com\/app\/uploads\/sites\/1\/2023\/07\/img-home-demarche-scentifique-320x320.png\" srcset=\"https:\/\/www.elicit-plant.com\/app\/uploads\/sites\/1\/2023\/07\/img-home-demarche-scentifique-320x320.png 320w, https:\/\/www.elicit-plant.com\/app\/uploads\/sites\/1\/2023\/07\/img-home-demarche-scentifique.png 768w\" class=\"\" alt=\"\" width=\"320\" height=\"320\" sizes=\"auto, 100vw\" loading=\"lazy\" \/>\t\t\t<\/div>\n\t\t<\/div>\n\n\t\t<div class=\"hero-content cbo-cms cms--large cms--white\">\n\t\t\t<div class=\"content-text\">\n\t\t\t\t<h1 class=\"hero-title cbo-heading slide-down\">\n\t\t\t\t\tCulture &amp; Valeurs\t\t\t\t<\/h1>\n\n\t\t\t\t\t\t\t<\/div>\n\t\t<\/div>\n\n\t<\/div>\n<\/section>\n\n<section class=\"cbo-text cbo-margin-container\">\n    <div class=\"\n        text-inner\n                cbo-container\n        container--small        \"\n    >\n        <div class=\"text-content cbo-cms cms--large\">\n            <p><img decoding=\"async\" src=\"https:\/\/www.elicit-plant.com\/fr\/wp-content\/uploads\/sites\/1\/2024\/02\/Elicit-Plant-logo-full-color-rgb.png\" \/><\/p>\n<h2><\/h2>\n<h2 style=\"text-align: center;\"><strong>Notre Raison d&rsquo;\u00eatre<\/strong><\/h2>\n<h3 style=\"text-align: center;\">P\u00e9renniser la production de ressources alimentaires par l\u2019innovation scientifique au service d\u2019une agriculture durable, \u00e9cologique et responsable.<\/h3>\n\n            <div style=\"clear: both;\"><\/div>\n        <\/div>\n    <\/div>\n<\/section>\n\n\n<section class=\"cbo-picture picture--contained\">\n\t<div class=\"picture-inner cbo-container container--small\">\n\t\t<div class=\"picture-element cbo-picture-cover\">\n\t\t\t<img decoding=\"async\" src=\"https:\/\/www.elicit-plant.com\/app\/uploads\/sites\/1\/2023\/07\/img-article-intro@2x-1024x575.jpg\" srcset=\"https:\/\/www.elicit-plant.com\/app\/uploads\/sites\/1\/2023\/07\/img-article-intro@2x-320x180.jpg 320w, https:\/\/www.elicit-plant.com\/app\/uploads\/sites\/1\/2023\/07\/img-article-intro@2x-768x431.jpg 840w, https:\/\/www.elicit-plant.com\/app\/uploads\/sites\/1\/2023\/07\/img-article-intro@2x-1024x575.jpg 1024w, https:\/\/www.elicit-plant.com\/app\/uploads\/sites\/1\/2023\/07\/img-article-intro@2x-1400x786.jpg 1400w\" class=\"\" alt=\"\" width=\"1024\" height=\"575\" sizes=\"auto, 100vw\" loading=\"lazy\" \/>\t\t<\/div>\n\n\t\t\t<\/div>\n<\/section>\n\n\n<section class=\"cbo-textblocks\">\n    <div class=\"textblocks-inner cbo-container\">\n\n        \t\t\t<h2 class=\"textblocks-title cbo-title-2\">\n\t\t\t\tPACE\t\t\t<\/h2>\n    \t\n\n        \t\t\t<div class=\"textblocks-chapo cbo-chapo\">\n\t\t\t\tLa communaut\u00e9 Elicit Plant se rassemble autour de 4 valeurs communes r\u00e9unies sous l\u2019acronyme PACE : Positif, Agile, Collectif et Engag\u00e9.\t\t\t<\/div>\n    \t\n        <div class=\"textblocks-list\">\n                        \n                                    <span class=\"list-el scale-up\" data-delay=\"0\">\n                \n                    <span class=\"el-inner inner--coloryellow cbo-cms cms--white\">\n                                                    <span class=\"el-icon cbo-picture-contain\">\n                                <img decoding=\"async\" src=\"https:\/\/www.elicit-plant.com\/app\/uploads\/sites\/1\/2023\/08\/icon-reasurance-transparent.svg\"  class=\"\" alt=\"\" width=\"1\" height=\"1\" sizes=\"auto, 100vw\" loading=\"lazy\" \/>                            <\/span>\n                        \n                                                    <span class=\"el-title\">\n                                Positif                            <\/span>\n                        \n                                                    <span class=\"el-content\">\n                                Vous savez tirer le meilleur de chaque situation et votre bonne humeur ravit vos coll\u00e8gues                            <\/span>\n                        \n                                            <\/span>\n\n                                    <\/span>\n                \n                        \n                                    <span class=\"list-el scale-up\" data-delay=\"100\">\n                \n                    <span class=\"el-inner inner--colorbrown cbo-cms cms--white\">\n                                                    <span class=\"el-icon cbo-picture-contain\">\n                                <img decoding=\"async\" src=\"https:\/\/www.elicit-plant.com\/app\/uploads\/sites\/1\/2023\/08\/icon-reasurance-2-transparent.svg\"  class=\"\" alt=\"\" width=\"1\" height=\"1\" sizes=\"auto, 100vw\" loading=\"lazy\" \/>                            <\/span>\n                        \n                                                    <span class=\"el-title\">\n                                Agile                            <\/span>\n                        \n                                                    <span class=\"el-content\">\n                                Vous \u00eates curieux et \u00eates capable de vous adapter                            <\/span>\n                        \n                                            <\/span>\n\n                                    <\/span>\n                \n                    <\/div>\n\n        \t\t\t<div class=\"textblocks-button\">\n\t\t\t\t\t\t\t<\/div>\n\t\t\n    <\/div>\n<\/section>\n\n\n<section class=\"cbo-textblocks\">\n    <div class=\"textblocks-inner cbo-container\">\n\n        \n\n        \n        <div class=\"textblocks-list\">\n                        \n                                    <span class=\"list-el scale-up\" data-delay=\"0\">\n                \n                    <span class=\"el-inner inner--colorbrown cbo-cms cms--white\">\n                                                    <span class=\"el-icon cbo-picture-contain\">\n                                <img decoding=\"async\" src=\"https:\/\/www.elicit-plant.com\/app\/uploads\/sites\/1\/2023\/07\/icon-resilience.svg\"  class=\"\" alt=\"\" width=\"1\" height=\"1\" sizes=\"auto, 100vw\" loading=\"lazy\" \/>                            <\/span>\n                        \n                                                    <span class=\"el-title\">\n                                Collectif                            <\/span>\n                        \n                                                    <span class=\"el-content\">\n                                Vous \u00eates convaincu qu\u2019ensemble, on va plus loin                            <\/span>\n                        \n                                            <\/span>\n\n                                    <\/span>\n                \n                        \n                                    <span class=\"list-el scale-up\" data-delay=\"100\">\n                \n                    <span class=\"el-inner inner--coloryellow cbo-cms cms--white\">\n                                                    <span class=\"el-icon cbo-picture-contain\">\n                                <img decoding=\"async\" src=\"https:\/\/www.elicit-plant.com\/app\/uploads\/sites\/1\/2023\/07\/icon-performance.svg\"  class=\"\" alt=\"Performances accrues\" width=\"1\" height=\"1\" sizes=\"auto, 100vw\" loading=\"lazy\" \/>                            <\/span>\n                        \n                                                    <span class=\"el-title\">\n                                Engag\u00e9                            <\/span>\n                        \n                                                    <span class=\"el-content\">\n                                Rien n\u2019arr\u00eate votre motivation                            <\/span>\n                        \n                                            <\/span>\n\n                                    <\/span>\n                \n                    <\/div>\n\n        \t\t\t<div class=\"textblocks-button\">\n\t\t\t\t\t\t\t<\/div>\n\t\t\n    <\/div>\n<\/section>\n\n\n<section class=\"cbo-checkerboard checkerboard--normal\">\n    <div class=\"checkerboard-inner\">\n\n        <div class=\"checkerboard-picture\">\n            <div class=\"picture-inner cbo-picture-cover\">\n                <img decoding=\"async\" src=\"https:\/\/www.elicit-plant.com\/app\/uploads\/sites\/1\/2024\/12\/Elicit-Plant-team-picture-320x213.jpg\" srcset=\"https:\/\/www.elicit-plant.com\/app\/uploads\/sites\/1\/2024\/12\/Elicit-Plant-team-picture-320x213.jpg 320w, https:\/\/www.elicit-plant.com\/app\/uploads\/sites\/1\/2024\/12\/Elicit-Plant-team-picture-768x512.jpg 768w, https:\/\/www.elicit-plant.com\/app\/uploads\/sites\/1\/2024\/12\/Elicit-Plant-team-picture-1024x683.jpg 1024w\" class=\"\" alt=\"Elicit Plant \u00e9quipes\" width=\"320\" height=\"213\" sizes=\"auto, 100vw\" loading=\"lazy\" \/>            <\/div>\n        <\/div>\n        \n        <div class=\"checkerboard-content content--green cbo-cms cms--white\">\n            <div class=\"content-text\">\n                                    <span class=\"content-uptitle\">\n                        Temps forts                    <\/span>\n                \n                <div class=\"content-title cbo-title-3\">\n                    Parce que la coh\u00e9sion est un enjeu important, Elicit Plant anime une dizaine de rendez-vous sur l\u2019ann\u00e9e, qui sont autant de moments pour mieux se conna\u00eetre et favoriser les liens interservices.                 <\/div>\n            <\/div>\n        <\/div>\n\n    <\/div>\n<\/section>\n\n\n<section class=\"cbo-checkerboard checkerboard--reverse\">\n    <div class=\"checkerboard-inner\">\n\n        <div class=\"checkerboard-picture\">\n            <div class=\"picture-inner cbo-picture-cover\">\n                <img decoding=\"async\" src=\"https:\/\/www.elicit-plant.com\/app\/uploads\/sites\/1\/2023\/08\/Photo-equipe--320x320.png\" srcset=\"https:\/\/www.elicit-plant.com\/app\/uploads\/sites\/1\/2023\/08\/Photo-equipe--320x320.png 320w, https:\/\/www.elicit-plant.com\/app\/uploads\/sites\/1\/2023\/08\/Photo-equipe--768x768.png 768w, https:\/\/www.elicit-plant.com\/app\/uploads\/sites\/1\/2023\/08\/Photo-equipe--1024x1024.png 1024w\" class=\"\" alt=\"\" width=\"320\" height=\"320\" sizes=\"auto, 100vw\" loading=\"lazy\" \/>            <\/div>\n        <\/div>\n        \n        <div class=\"checkerboard-content content--green cbo-cms cms--white\">\n            <div class=\"content-text\">\n                \n                <div class=\"content-title cbo-title-3\">\n                    L\u2019ensemble des collaborateurs sont r\u00e9guli\u00e8rement convi\u00e9s \u00e0 :<br \/>\r\n<br \/>\r\nUn s\u00e9minaire d\u2019entreprise<br \/>\r\n<br \/>\r\nDes moments de partages et d\u2019\u00e9changes entre \u00e9quipes de recherche, commerciale et fonctions transversales<br \/>\r\n<br \/>\r\nDes journ\u00e9es d\u2019int\u00e9gration afin accueillir comme il se doit nos nouveaux arrivants                <\/div>\n            <\/div>\n        <\/div>\n\n    <\/div>\n<\/section>\n\n<section class=\"cbo-featuredlinks featuredlinks--colorwhite\">\n\t<div class=\"featuredlinks-inner cbo-container \">\n\n\t\t\n\t\t<div class=\"featuredlinks-list\" data-anim-group data-group-delay=\"100\">\n\t\t\t\n\t\t\t<div class=\"list-el\">\n\t\t\t\t<a class=\"el-inner\" href=\"https:\/\/www.elicit-plant.com\/fr\/equipes\/\">\n\n\t\t\t\t\t<figure class=\"inner-picture cbo-picture-cover\">\n\t\t\t\t\t\t<img decoding=\"async\" src=\"https:\/\/www.elicit-plant.com\/app\/uploads\/sites\/1\/2023\/08\/Equipe_Elicit-Plant-2-768x512.jpg\" srcset=\"https:\/\/www.elicit-plant.com\/app\/uploads\/sites\/1\/2023\/08\/Equipe_Elicit-Plant-2-320x213.jpg 320w, https:\/\/www.elicit-plant.com\/app\/uploads\/sites\/1\/2023\/08\/Equipe_Elicit-Plant-2-768x512.jpg 840w, https:\/\/www.elicit-plant.com\/app\/uploads\/sites\/1\/2023\/08\/Equipe_Elicit-Plant-2-768x512.jpg 1024w, https:\/\/www.elicit-plant.com\/app\/uploads\/sites\/1\/2023\/08\/Equipe_Elicit-Plant-2-768x512.jpg 1400w\" class=\"\" alt=\"\" width=\"768\" height=\"512\" sizes=\"auto, 100vw\" loading=\"lazy\" \/>\t\t\t\t\t<\/figure>\n\n\t\t\t\t\t<h3 class=\"inner-title cbo-title-3\">\n\t\t\t\t\t\tNos \u00e9quipes\t\t\t\t\t<\/h3>\n\n\t\t\t\t\t<span class=\"inner-button cbo-buttonmore\">\n\t\t\t\t\t\t<i class=\"icon icon-cross\"><\/i>\n\t\t\t\t\t<\/span>\n\t\t\t\t<\/a>\n\t\t\t<\/div>\n\n\t\t\t\n\t\t\t<div class=\"list-el\">\n\t\t\t\t<a class=\"el-inner\" href=\"https:\/\/www.elicit-plant.com\/fr\/opportunites\/\">\n\n\t\t\t\t\t<figure class=\"inner-picture cbo-picture-cover\">\n\t\t\t\t\t\t<img decoding=\"async\" src=\"https:\/\/www.elicit-plant.com\/app\/uploads\/sites\/1\/2023\/07\/img-carrieres-header.jpg\" srcset=\"https:\/\/www.elicit-plant.com\/app\/uploads\/sites\/1\/2023\/07\/img-carrieres-header-320x320.jpg 320w, https:\/\/www.elicit-plant.com\/app\/uploads\/sites\/1\/2023\/07\/img-carrieres-header.jpg 840w, https:\/\/www.elicit-plant.com\/app\/uploads\/sites\/1\/2023\/07\/img-carrieres-header.jpg 1024w, https:\/\/www.elicit-plant.com\/app\/uploads\/sites\/1\/2023\/07\/img-carrieres-header.jpg 1400w\" class=\"\" alt=\"\" width=\"402\" height=\"403\" sizes=\"auto, 100vw\" loading=\"lazy\" \/>\t\t\t\t\t<\/figure>\n\n\t\t\t\t\t<h3 class=\"inner-title cbo-title-3\">\n\t\t\t\t\t\tCarri\u00e8res\t\t\t\t\t<\/h3>\n\n\t\t\t\t\t<span class=\"inner-button cbo-buttonmore\">\n\t\t\t\t\t\t<i class=\"icon icon-cross\"><\/i>\n\t\t\t\t\t<\/span>\n\t\t\t\t<\/a>\n\t\t\t<\/div>\n\n\t\t\t\t\t<\/div>\n\n\t<\/div>\n<\/section>\n","protected":false},"excerpt":{"rendered":"<p>Notre Raison d&rsquo;\u00eatre P\u00e9renniser la production de ressources alimentaires par l\u2019innovation scientifique au service d\u2019une agriculture durable, \u00e9cologique et responsable.<\/p>\n","protected":false},"author":2,"featured_media":0,"parent":0,"menu_order":0,"comment_status":"closed","ping_status":"closed","template":"","meta":{"_acf_changed":false,"footnotes":""},"class_list":["post-1816","page","type-page","status-publish","hentry"],"acf":[],"yoast_head":"<!-- This site is optimized with the Yoast SEO plugin v27.3 - https:\/\/yoast.com\/product\/yoast-seo-wordpress\/ -->\n<title>Culture, Valeurs et Raison d&#039;\u00eatre - Elicit Plant<\/title>\n<meta name=\"description\" content=\"Nous p\u00e9rennisons la production de ressources alimentaires par l\u2019innovation scientifique au service d\u2019une agriculture durable, \u00e9cologique et responsable.\" \/>\n<meta name=\"robots\" content=\"index, follow, max-snippet:-1, max-image-preview:large, max-video-preview:-1\" \/>\n<link rel=\"canonical\" href=\"https:\/\/www.elicit-plant.com\/fr\/cultures-valeurs\/\" \/>\n<meta property=\"og:locale\" content=\"fr_FR\" \/>\n<meta property=\"og:type\" content=\"article\" \/>\n<meta property=\"og:title\" content=\"Culture, Valeurs et Raison d&#039;\u00eatre - Elicit Plant\" \/>\n<meta property=\"og:description\" content=\"Nous p\u00e9rennisons la production de ressources alimentaires par l\u2019innovation scientifique au service d\u2019une agriculture durable, \u00e9cologique et responsable.\" \/>\n<meta property=\"og:url\" content=\"https:\/\/www.elicit-plant.com\/fr\/cultures-valeurs\/\" \/>\n<meta property=\"og:site_name\" content=\"Elicit Plant France\" \/>\n<meta property=\"article:modified_time\" content=\"2025-02-21T09:04:22+00:00\" \/>\n<meta name=\"twitter:card\" content=\"summary_large_image\" \/>\n<script type=\"application\/ld+json\" class=\"yoast-schema-graph\">{\"@context\":\"https:\\\/\\\/schema.org\",\"@graph\":[{\"@type\":\"WebPage\",\"@id\":\"https:\\\/\\\/www.elicit-plant.com\\\/fr\\\/cultures-valeurs\\\/\",\"url\":\"https:\\\/\\\/www.elicit-plant.com\\\/fr\\\/cultures-valeurs\\\/\",\"name\":\"Culture, Valeurs et Raison d'\u00eatre - Elicit Plant\",\"isPartOf\":{\"@id\":\"https:\\\/\\\/www.elicit-plant.com\\\/fr\\\/#website\"},\"datePublished\":\"2023-08-18T10:08:35+00:00\",\"dateModified\":\"2025-02-21T09:04:22+00:00\",\"description\":\"Nous p\u00e9rennisons la production de ressources alimentaires par l\u2019innovation scientifique au service d\u2019une agriculture durable, \u00e9cologique et responsable.\",\"breadcrumb\":{\"@id\":\"https:\\\/\\\/www.elicit-plant.com\\\/fr\\\/cultures-valeurs\\\/#breadcrumb\"},\"inLanguage\":\"fr-FR\",\"potentialAction\":[{\"@type\":\"ReadAction\",\"target\":[\"https:\\\/\\\/www.elicit-plant.com\\\/fr\\\/cultures-valeurs\\\/\"]}]},{\"@type\":\"BreadcrumbList\",\"@id\":\"https:\\\/\\\/www.elicit-plant.com\\\/fr\\\/cultures-valeurs\\\/#breadcrumb\",\"itemListElement\":[{\"@type\":\"ListItem\",\"position\":1,\"name\":\"Accueil\",\"item\":\"https:\\\/\\\/www.elicit-plant.com\\\/fr\\\/\"},{\"@type\":\"ListItem\",\"position\":2,\"name\":\"Cultures &amp; valeurs\"}]},{\"@type\":\"WebSite\",\"@id\":\"https:\\\/\\\/www.elicit-plant.com\\\/fr\\\/#website\",\"url\":\"https:\\\/\\\/www.elicit-plant.com\\\/fr\\\/\",\"name\":\"Elicit Plant France\",\"description\":\"Elicit Plant est experte dans la ma\u00eetrise de l\u2019apport des phytost\u00e9rols sur les cultures en plein champ. En r\u00e9duisant le stress des plantes, cette technologie am\u00e9liore les rendements et pr\u00e9serve les ressources naturelles.\",\"potentialAction\":[{\"@type\":\"SearchAction\",\"target\":{\"@type\":\"EntryPoint\",\"urlTemplate\":\"https:\\\/\\\/www.elicit-plant.com\\\/fr\\\/?s={search_term_string}\"},\"query-input\":{\"@type\":\"PropertyValueSpecification\",\"valueRequired\":true,\"valueName\":\"search_term_string\"}}],\"inLanguage\":\"fr-FR\"}]}<\/script>\n<!-- \/ Yoast SEO plugin. -->","yoast_head_json":{"title":"Culture, Valeurs et Raison d'\u00eatre - Elicit Plant","description":"Nous p\u00e9rennisons la production de ressources alimentaires par l\u2019innovation scientifique au service d\u2019une agriculture durable, \u00e9cologique et responsable.","robots":{"index":"index","follow":"follow","max-snippet":"max-snippet:-1","max-image-preview":"max-image-preview:large","max-video-preview":"max-video-preview:-1"},"canonical":"https:\/\/www.elicit-plant.com\/fr\/cultures-valeurs\/","og_locale":"fr_FR","og_type":"article","og_title":"Culture, Valeurs et Raison d'\u00eatre - Elicit Plant","og_description":"Nous p\u00e9rennisons la production de ressources alimentaires par l\u2019innovation scientifique au service d\u2019une agriculture durable, \u00e9cologique et responsable.","og_url":"https:\/\/www.elicit-plant.com\/fr\/cultures-valeurs\/","og_site_name":"Elicit Plant France","article_modified_time":"2025-02-21T09:04:22+00:00","twitter_card":"summary_large_image","schema":{"@context":"https:\/\/schema.org","@graph":[{"@type":"WebPage","@id":"https:\/\/www.elicit-plant.com\/fr\/cultures-valeurs\/","url":"https:\/\/www.elicit-plant.com\/fr\/cultures-valeurs\/","name":"Culture, Valeurs et Raison d'\u00eatre - Elicit Plant","isPartOf":{"@id":"https:\/\/www.elicit-plant.com\/fr\/#website"},"datePublished":"2023-08-18T10:08:35+00:00","dateModified":"2025-02-21T09:04:22+00:00","description":"Nous p\u00e9rennisons la production de ressources alimentaires par l\u2019innovation scientifique au service d\u2019une agriculture durable, \u00e9cologique et responsable.","breadcrumb":{"@id":"https:\/\/www.elicit-plant.com\/fr\/cultures-valeurs\/#breadcrumb"},"inLanguage":"fr-FR","potentialAction":[{"@type":"ReadAction","target":["https:\/\/www.elicit-plant.com\/fr\/cultures-valeurs\/"]}]},{"@type":"BreadcrumbList","@id":"https:\/\/www.elicit-plant.com\/fr\/cultures-valeurs\/#breadcrumb","itemListElement":[{"@type":"ListItem","position":1,"name":"Accueil","item":"https:\/\/www.elicit-plant.com\/fr\/"},{"@type":"ListItem","position":2,"name":"Cultures &amp; valeurs"}]},{"@type":"WebSite","@id":"https:\/\/www.elicit-plant.com\/fr\/#website","url":"https:\/\/www.elicit-plant.com\/fr\/","name":"Elicit Plant France","description":"Elicit Plant est experte dans la ma\u00eetrise de l\u2019apport des phytost\u00e9rols sur les cultures en plein champ. En r\u00e9duisant le stress des plantes, cette technologie am\u00e9liore les rendements et pr\u00e9serve les ressources naturelles.","potentialAction":[{"@type":"SearchAction","target":{"@type":"EntryPoint","urlTemplate":"https:\/\/www.elicit-plant.com\/fr\/?s={search_term_string}"},"query-input":{"@type":"PropertyValueSpecification","valueRequired":true,"valueName":"search_term_string"}}],"inLanguage":"fr-FR"}]}},"_links":{"self":[{"href":"https:\/\/www.elicit-plant.com\/fr\/wp-json\/wp\/v2\/pages\/1816","targetHints":{"allow":["GET"]}}],"collection":[{"href":"https:\/\/www.elicit-plant.com\/fr\/wp-json\/wp\/v2\/pages"}],"about":[{"href":"https:\/\/www.elicit-plant.com\/fr\/wp-json\/wp\/v2\/types\/page"}],"author":[{"embeddable":true,"href":"https:\/\/www.elicit-plant.com\/fr\/wp-json\/wp\/v2\/users\/2"}],"replies":[{"embeddable":true,"href":"https:\/\/www.elicit-plant.com\/fr\/wp-json\/wp\/v2\/comments?post=1816"}],"version-history":[{"count":44,"href":"https:\/\/www.elicit-plant.com\/fr\/wp-json\/wp\/v2\/pages\/1816\/revisions"}],"predecessor-version":[{"id":6513,"href":"https:\/\/www.elicit-plant.com\/fr\/wp-json\/wp\/v2\/pages\/1816\/revisions\/6513"}],"wp:attachment":[{"href":"https:\/\/www.elicit-plant.com\/fr\/wp-json\/wp\/v2\/media?parent=1816"}],"curies":[{"name":"wp","href":"https:\/\/api.w.org\/{rel}","templated":true}]}}