{"id":1863,"date":"2023-08-18T19:20:08","date_gmt":"2023-08-18T17:20:08","guid":{"rendered":"https:\/\/www.elicit-plant.com\/?page_id=1863"},"modified":"2026-03-10T10:25:06","modified_gmt":"2026-03-10T09:25:06","slug":"elicit-plant-en-bref","status":"publish","type":"page","link":"https:\/\/www.elicit-plant.com\/fr\/elicit-plant-en-bref\/","title":{"rendered":"Elicit Plant en bref"},"content":{"rendered":"<section class=\"cbo-hero cbo-margin-container hero--colorgreen\" data-anim-group>\n\t<div class=\"cbo-breadcrumbs breadcrumbs--normal\">\n  <div class=\"breadcrumbs-inner\">\n    <span><span><a href=\"https:\/\/www.elicit-plant.com\/fr\/\">Accueil<\/a><\/span><\/span>\t<\/div>\n<\/div>\n\t<div class=\"hero-inner cbo-container container--padding\">\n\n\t\t<div class=\"hero-shapes\">\n\t\t\t<div class=\"shapes-color scale-up\"><\/div>\n\n\t\t\t<div class=\"shapes-picture cbo-picture-cover scale-up\"  data-delay=\"450\">\n\t\t\t\t<img decoding=\"async\" src=\"https:\/\/www.elicit-plant.com\/app\/uploads\/sites\/1\/2023\/08\/plante_Elicit-269x320.jpg\" srcset=\"https:\/\/www.elicit-plant.com\/app\/uploads\/sites\/1\/2023\/08\/plante_Elicit-269x320.jpg 320w, https:\/\/www.elicit-plant.com\/app\/uploads\/sites\/1\/2023\/08\/plante_Elicit.jpg 768w\" class=\"\" alt=\"\" width=\"269\" height=\"320\" sizes=\"auto, 100vw\" loading=\"lazy\" \/>\t\t\t<\/div>\n\t\t<\/div>\n\n\t\t<div class=\"hero-content cbo-cms cms--large cms--white\">\n\t\t\t<div class=\"content-text\">\n\t\t\t\t<h1 class=\"hero-title cbo-heading slide-down\">\n\t\t\t\t\tElicit Plant\t\t\t\t<\/h1>\n\n\t\t\t\t\t\t\t\t\t<p class=\"fade-in\" data-delay=\"450\">\n\t\t\t\t\t\t en bref\t\t\t\t\t<\/p>\n\t\t\t\t\t\t\t<\/div>\n\t\t<\/div>\n\n\t<\/div>\n<\/section>\n\n\n<section class=\"cbo-textblocks\">\n    <div class=\"textblocks-inner cbo-container\">\n\n        \t\t\t<h2 class=\"textblocks-title cbo-title-2\">\n\t\t\t\tChiffres cl\u00e9s\t\t\t<\/h2>\n    \t\n\n        \n        <div class=\"textblocks-list\">\n                        \n                                    <span class=\"list-el scale-up\" data-delay=\"0\">\n                \n                    <span class=\"el-inner inner--colorbrown cbo-cms cms--white\">\n                        \n                                                    <span class=\"el-title\">\n                                76                            <\/span>\n                        \n                                                    <span class=\"el-content\">\n                                Effectif 2024                            <\/span>\n                        \n                                            <\/span>\n\n                                    <\/span>\n                \n                        \n                                    <span class=\"list-el scale-up\" data-delay=\"100\">\n                \n                    <span class=\"el-inner inner--colorgreen cbo-cms cms--white\">\n                        \n                                                    <span class=\"el-title\">\n                                8                            <\/span>\n                        \n                                                    <span class=\"el-content\">\n                                Nombre d&rsquo;implantations internationales                            <\/span>\n                        \n                                            <\/span>\n\n                                    <\/span>\n                \n                        \n                                    <span class=\"list-el scale-up\" data-delay=\"200\">\n                \n                    <span class=\"el-inner inner--coloryellow cbo-cms cms--white\">\n                        \n                                                    <span class=\"el-title\">\n                                #1                            <\/span>\n                        \n                                                    <span class=\"el-content\">\n                                Leader mondial du Stress Hydrique sur les grandes cultures                            <\/span>\n                        \n                                            <\/span>\n\n                                    <\/span>\n                \n                    <\/div>\n\n        \t\t\t<div class=\"textblocks-button\">\n\t\t\t\t\t\t\t<\/div>\n\t\t\n    <\/div>\n<\/section>\n\n\n<section class=\"cbo-textblocks\">\n    <div class=\"textblocks-inner cbo-container\">\n\n        \t\t\t<h2 class=\"textblocks-title cbo-title-2\">\n\t\t\t\tParit\u00e9\t\t\t<\/h2>\n    \t\n\n        \t\t\t<div class=\"textblocks-chapo cbo-chapo\">\n\t\t\t\tElicit plant s\u2019engage en faveur de l\u2019\u00e9galit\u00e9 des chances et du respect de l\u2019\u00e9quilibre hommes femmes.\t\t\t<\/div>\n    \t\n        <div class=\"textblocks-list\">\n                        \n                                    <span class=\"list-el scale-up\" data-delay=\"0\">\n                \n                    <span class=\"el-inner inner--colorbrown cbo-cms cms--white\">\n                        \n                                                    <span class=\"el-title\">\n                                Femmes                            <\/span>\n                        \n                                                    <span class=\"el-content\">\n                                42%                            <\/span>\n                        \n                                            <\/span>\n\n                                    <\/span>\n                \n                        \n                                    <span class=\"list-el scale-up\" data-delay=\"100\">\n                \n                    <span class=\"el-inner inner--coloryellow cbo-cms cms--white\">\n                        \n                                                    <span class=\"el-title\">\n                                Hommes                            <\/span>\n                        \n                                                    <span class=\"el-content\">\n                                58%                            <\/span>\n                        \n                                            <\/span>\n\n                                    <\/span>\n                \n                    <\/div>\n\n        \t\t\t<div class=\"textblocks-button\">\n\t\t\t\t\t\t\t<\/div>\n\t\t\n    <\/div>\n<\/section>\n\n<section class=\"cbo-text cbo-margin-container\">\n    <div class=\"\n        text-inner\n                cbo-container\n        container--small        \"\n    >\n        <div class=\"text-content cbo-cms cms--large\">\n            <h3>Index \u00e9galit\u00e9 femmes-hommes 2025<\/h3>\n<p>Chez Elicit Plant, nous nous engageons \u00e0 assurer une r\u00e9mun\u00e9ration juste et \u00e9quitable pour tous.<br \/>\nEn 2025, notre Index \u00e9galit\u00e9 femmes-hommes atteint 79\/100, illustrant nos efforts continus en faveur de l\u2019\u00e9quit\u00e9 salariale.<\/p>\n<p><strong>D\u00e9tail du score :<\/strong><\/p>\n<ul>\n<li>\u00c9cart de r\u00e9mun\u00e9ration : 39\/40<\/li>\n<\/ul>\n<p>Nous poursuivons notre politique salariale fond\u00e9e sur l\u2019\u00e9valuation objective des comp\u00e9tences et des responsabilit\u00e9s afin de garantir une \u00e9quit\u00e9 durable entre les femmes et les hommes.<\/p>\n<ul>\n<li>\u00c9cart de taux d\u2019augmentations : 35\/35<\/li>\n<li>Retour de cong\u00e9 maternit\u00e9 : 0\/15<\/li>\n<\/ul>\n<p>Lors du retour de cong\u00e9 maternit\u00e9, nous apporterons une attention particuli\u00e8re \u00e0 la mise \u00e0 jour du p\u00e9rim\u00e8tre du poste et \u00e0 l\u2019ad\u00e9quation de la r\u00e9mun\u00e9ration, afin de garantir une reprise dans un cadre pleinement \u00e9quitable.<\/p>\n<ul>\n<li>Hautes r\u00e9mun\u00e9rations : 5\/10<\/li>\n<\/ul>\n<p>Pour les postes \u00e0 responsabilit\u00e9s, nous favoriserons une plus grande mixit\u00e9 en veillant \u00e0 identifier des candidatures f\u00e9minines qualifi\u00e9es et, \u00e0 comp\u00e9tences \u00e9gales, \u00e0 valoriser la diversit\u00e9 afin de renforcer l\u2019\u00e9quilibre des plus hautes r\u00e9mun\u00e9rations.<\/p>\n<p>&nbsp;<\/p>\n<p>Notre politique de r\u00e9mun\u00e9ration repose sur trois principes cl\u00e9s : la reconnaissance des comp\u00e9tences, l\u2019ad\u00e9quation avec les responsabilit\u00e9s de chaque poste et l\u2019alignement avec les tendances du march\u00e9. Nous veillons \u00e0 garantir une \u00e9quit\u00e9 interne en \u00e9valuant les comp\u00e9tences et la performance de mani\u00e8re objective, sans distinction de genre.<\/p>\n\n            <div style=\"clear: both;\"><\/div>\n        <\/div>\n    <\/div>\n<\/section>\n\n\n<section class=\"cbo-text cbo-margin-container\">\n    <div class=\"\n        text-inner\n                cbo-container\n        container--normal        \"\n    >\n        <div class=\"text-content cbo-cms cms--large\">\n            <h2><strong>RSE<\/strong><\/h2>\n<p>La RSE est un pilier chez Elicit Plant. Et pour cause, le projet m\u00eame de l\u2019entreprise repose sur des enjeux environnementaux. Elicit Plant met un point d\u2019honneur \u00e0 inscrire son d\u00e9veloppement dans ces objectifs annuels.<\/p>\n<p><a  class=\"cbo-button\" href=\"https:\/\/www.elicit-plant.com\/fr\/nos-engagements-rse\/\">En savoir plus sur notre politique RSE<\/a><\/p>\n\n            <div style=\"clear: both;\"><\/div>\n        <\/div>\n    <\/div>\n<\/section>\n","protected":false},"excerpt":{"rendered":"<p>Index \u00e9galit\u00e9 femmes-hommes 2025 Chez Elicit Plant, nous nous engageons \u00e0 assurer une r\u00e9mun\u00e9ration juste et \u00e9quitable pour tous. En 2025, notre Index \u00e9galit\u00e9 femmes-hommes atteint 79\/100, illustrant nos efforts continus en faveur de l\u2019\u00e9quit\u00e9 salariale. D\u00e9tail du score : \u00c9cart de r\u00e9mun\u00e9ration : 39\/40 Nous poursuivons notre politique salariale fond\u00e9e sur l\u2019\u00e9valuation objective des comp\u00e9tences et des responsabilit\u00e9s afin de garantir une \u00e9quit\u00e9 durable entre les femmes et les hommes. \u00c9cart de taux d\u2019augmentations : 35\/35 Retour de cong\u00e9 maternit\u00e9 : 0\/15 Lors du retour de cong\u00e9 maternit\u00e9, nous apporterons une attention particuli\u00e8re \u00e0 la mise \u00e0 jour du p\u00e9rim\u00e8tre du poste et \u00e0 l\u2019ad\u00e9quation de la r\u00e9mun\u00e9ration, afin de garantir une reprise dans un cadre pleinement \u00e9quitable. Hautes r\u00e9mun\u00e9rations : 5\/10 Pour les postes \u00e0 responsabilit\u00e9s, nous favoriserons une plus grande mixit\u00e9 en veillant \u00e0 identifier des candidatures f\u00e9minines qualifi\u00e9es et,&#8230;<\/p>\n","protected":false},"author":2,"featured_media":0,"parent":0,"menu_order":0,"comment_status":"closed","ping_status":"closed","template":"","meta":{"_acf_changed":false,"footnotes":""},"class_list":["post-1863","page","type-page","status-publish","hentry"],"acf":[],"yoast_head":"<!-- This site is optimized with the Yoast SEO plugin v27.2 - https:\/\/yoast.com\/product\/yoast-seo-wordpress\/ -->\n<title>Elicit Plant en Bref : Chiffres Cl\u00e9s, Parit\u00e9 et RSE<\/title>\n<meta name=\"description\" content=\"Vous voulez en savoir plus sur Elicit Plant ? Alors vous \u00eates au bon endroit !\" \/>\n<meta name=\"robots\" content=\"index, follow, max-snippet:-1, max-image-preview:large, max-video-preview:-1\" \/>\n<link rel=\"canonical\" href=\"https:\/\/www.elicit-plant.com\/fr\/elicit-plant-en-bref\/\" \/>\n<meta property=\"og:locale\" content=\"fr_FR\" \/>\n<meta property=\"og:type\" content=\"article\" \/>\n<meta property=\"og:title\" content=\"Elicit Plant en Bref : Chiffres Cl\u00e9s, Parit\u00e9 et RSE\" \/>\n<meta property=\"og:description\" content=\"Vous voulez en savoir plus sur Elicit Plant ? Alors vous \u00eates au bon endroit !\" \/>\n<meta property=\"og:url\" content=\"https:\/\/www.elicit-plant.com\/fr\/elicit-plant-en-bref\/\" \/>\n<meta property=\"og:site_name\" content=\"Elicit Plant France\" \/>\n<meta property=\"article:modified_time\" content=\"2026-03-10T09:25:06+00:00\" \/>\n<meta name=\"twitter:card\" content=\"summary_large_image\" \/>\n<script type=\"application\/ld+json\" class=\"yoast-schema-graph\">{\"@context\":\"https:\/\/schema.org\",\"@graph\":[{\"@type\":\"WebPage\",\"@id\":\"https:\/\/www.elicit-plant.com\/fr\/elicit-plant-en-bref\/\",\"url\":\"https:\/\/www.elicit-plant.com\/fr\/elicit-plant-en-bref\/\",\"name\":\"Elicit Plant en Bref : Chiffres Cl\u00e9s, Parit\u00e9 et RSE\",\"isPartOf\":{\"@id\":\"https:\/\/www.elicit-plant.com\/fr\/#website\"},\"datePublished\":\"2023-08-18T17:20:08+00:00\",\"dateModified\":\"2026-03-10T09:25:06+00:00\",\"description\":\"Vous voulez en savoir plus sur Elicit Plant ? Alors vous \u00eates au bon endroit !\",\"breadcrumb\":{\"@id\":\"https:\/\/www.elicit-plant.com\/fr\/elicit-plant-en-bref\/#breadcrumb\"},\"inLanguage\":\"fr-FR\",\"potentialAction\":[{\"@type\":\"ReadAction\",\"target\":[\"https:\/\/www.elicit-plant.com\/fr\/elicit-plant-en-bref\/\"]}]},{\"@type\":\"BreadcrumbList\",\"@id\":\"https:\/\/www.elicit-plant.com\/fr\/elicit-plant-en-bref\/#breadcrumb\",\"itemListElement\":[{\"@type\":\"ListItem\",\"position\":1,\"name\":\"Accueil\",\"item\":\"https:\/\/www.elicit-plant.com\/fr\/\"},{\"@type\":\"ListItem\",\"position\":2,\"name\":\"Elicit Plant en bref\"}]},{\"@type\":\"WebSite\",\"@id\":\"https:\/\/www.elicit-plant.com\/fr\/#website\",\"url\":\"https:\/\/www.elicit-plant.com\/fr\/\",\"name\":\"Elicit Plant France\",\"description\":\"Elicit Plant est experte dans la ma\u00eetrise de l\u2019apport des phytost\u00e9rols sur les cultures en plein champ. En r\u00e9duisant le stress des plantes, cette technologie am\u00e9liore les rendements et pr\u00e9serve les ressources naturelles.\",\"potentialAction\":[{\"@type\":\"SearchAction\",\"target\":{\"@type\":\"EntryPoint\",\"urlTemplate\":\"https:\/\/www.elicit-plant.com\/fr\/?s={search_term_string}\"},\"query-input\":{\"@type\":\"PropertyValueSpecification\",\"valueRequired\":true,\"valueName\":\"search_term_string\"}}],\"inLanguage\":\"fr-FR\"}]}<\/script>\n<!-- \/ Yoast SEO plugin. -->","yoast_head_json":{"title":"Elicit Plant en Bref : Chiffres Cl\u00e9s, Parit\u00e9 et RSE","description":"Vous voulez en savoir plus sur Elicit Plant ? Alors vous \u00eates au bon endroit !","robots":{"index":"index","follow":"follow","max-snippet":"max-snippet:-1","max-image-preview":"max-image-preview:large","max-video-preview":"max-video-preview:-1"},"canonical":"https:\/\/www.elicit-plant.com\/fr\/elicit-plant-en-bref\/","og_locale":"fr_FR","og_type":"article","og_title":"Elicit Plant en Bref : Chiffres Cl\u00e9s, Parit\u00e9 et RSE","og_description":"Vous voulez en savoir plus sur Elicit Plant ? Alors vous \u00eates au bon endroit !","og_url":"https:\/\/www.elicit-plant.com\/fr\/elicit-plant-en-bref\/","og_site_name":"Elicit Plant France","article_modified_time":"2026-03-10T09:25:06+00:00","twitter_card":"summary_large_image","schema":{"@context":"https:\/\/schema.org","@graph":[{"@type":"WebPage","@id":"https:\/\/www.elicit-plant.com\/fr\/elicit-plant-en-bref\/","url":"https:\/\/www.elicit-plant.com\/fr\/elicit-plant-en-bref\/","name":"Elicit Plant en Bref : Chiffres Cl\u00e9s, Parit\u00e9 et RSE","isPartOf":{"@id":"https:\/\/www.elicit-plant.com\/fr\/#website"},"datePublished":"2023-08-18T17:20:08+00:00","dateModified":"2026-03-10T09:25:06+00:00","description":"Vous voulez en savoir plus sur Elicit Plant ? Alors vous \u00eates au bon endroit !","breadcrumb":{"@id":"https:\/\/www.elicit-plant.com\/fr\/elicit-plant-en-bref\/#breadcrumb"},"inLanguage":"fr-FR","potentialAction":[{"@type":"ReadAction","target":["https:\/\/www.elicit-plant.com\/fr\/elicit-plant-en-bref\/"]}]},{"@type":"BreadcrumbList","@id":"https:\/\/www.elicit-plant.com\/fr\/elicit-plant-en-bref\/#breadcrumb","itemListElement":[{"@type":"ListItem","position":1,"name":"Accueil","item":"https:\/\/www.elicit-plant.com\/fr\/"},{"@type":"ListItem","position":2,"name":"Elicit Plant en bref"}]},{"@type":"WebSite","@id":"https:\/\/www.elicit-plant.com\/fr\/#website","url":"https:\/\/www.elicit-plant.com\/fr\/","name":"Elicit Plant France","description":"Elicit Plant est experte dans la ma\u00eetrise de l\u2019apport des phytost\u00e9rols sur les cultures en plein champ. En r\u00e9duisant le stress des plantes, cette technologie am\u00e9liore les rendements et pr\u00e9serve les ressources naturelles.","potentialAction":[{"@type":"SearchAction","target":{"@type":"EntryPoint","urlTemplate":"https:\/\/www.elicit-plant.com\/fr\/?s={search_term_string}"},"query-input":{"@type":"PropertyValueSpecification","valueRequired":true,"valueName":"search_term_string"}}],"inLanguage":"fr-FR"}]}},"_links":{"self":[{"href":"https:\/\/www.elicit-plant.com\/fr\/wp-json\/wp\/v2\/pages\/1863","targetHints":{"allow":["GET"]}}],"collection":[{"href":"https:\/\/www.elicit-plant.com\/fr\/wp-json\/wp\/v2\/pages"}],"about":[{"href":"https:\/\/www.elicit-plant.com\/fr\/wp-json\/wp\/v2\/types\/page"}],"author":[{"embeddable":true,"href":"https:\/\/www.elicit-plant.com\/fr\/wp-json\/wp\/v2\/users\/2"}],"replies":[{"embeddable":true,"href":"https:\/\/www.elicit-plant.com\/fr\/wp-json\/wp\/v2\/comments?post=1863"}],"version-history":[{"count":16,"href":"https:\/\/www.elicit-plant.com\/fr\/wp-json\/wp\/v2\/pages\/1863\/revisions"}],"predecessor-version":[{"id":7191,"href":"https:\/\/www.elicit-plant.com\/fr\/wp-json\/wp\/v2\/pages\/1863\/revisions\/7191"}],"wp:attachment":[{"href":"https:\/\/www.elicit-plant.com\/fr\/wp-json\/wp\/v2\/media?parent=1863"}],"curies":[{"name":"wp","href":"https:\/\/api.w.org\/{rel}","templated":true}]}}