{"id":1932,"date":"2023-08-21T19:56:41","date_gmt":"2023-08-21T17:56:41","guid":{"rendered":"https:\/\/www.elicit-plant.com\/?page_id=1932"},"modified":"2024-11-18T13:19:33","modified_gmt":"2024-11-18T12:19:33","slug":"eliterra","status":"publish","type":"page","link":"https:\/\/www.elicit-plant.com\/fr\/science-et-technologie\/eliterra\/","title":{"rendered":"Eliterra\u00ae"},"content":{"rendered":"<section class=\"cbo-hero cbo-margin-container hero--colorgreen\" data-anim-group>\n\t<div class=\"cbo-breadcrumbs breadcrumbs--normal\">\n  <div class=\"breadcrumbs-inner\">\n    <span><span><a href=\"https:\/\/www.elicit-plant.com\/fr\/\">Accueil<\/a><\/span><\/span>\t<\/div>\n<\/div>\n\t<div class=\"hero-inner cbo-container container--padding\">\n\n\t\t<div class=\"hero-shapes\">\n\t\t\t<div class=\"shapes-color scale-up\"><\/div>\n\n\t\t\t<div class=\"shapes-picture cbo-picture-cover scale-up\"  data-delay=\"450\">\n\t\t\t\t<img decoding=\"async\" src=\"https:\/\/www.elicit-plant.com\/app\/uploads\/sites\/1\/2023\/08\/Phytosterols-multiples-320x320.png\" srcset=\"https:\/\/www.elicit-plant.com\/app\/uploads\/sites\/1\/2023\/08\/Phytosterols-multiples-320x320.png 320w, https:\/\/www.elicit-plant.com\/app\/uploads\/sites\/1\/2023\/08\/Phytosterols-multiples-768x768.png 768w\" class=\"\" alt=\"\" width=\"320\" height=\"320\" sizes=\"auto, 100vw\" loading=\"lazy\" \/>\t\t\t<\/div>\n\t\t<\/div>\n\n\t\t<div class=\"hero-content cbo-cms cms--large cms--white\">\n\t\t\t<div class=\"content-text\">\n\t\t\t\t<h1 class=\"hero-title cbo-heading slide-down\">\n\t\t\t\t\tPlateforme de recherche Eliterra\u00ae\t\t\t\t<\/h1>\n\n\t\t\t\t\t\t\t<\/div>\n\t\t<\/div>\n\n\t<\/div>\n<\/section>\n\n<section class=\"cbo-text cbo-margin-container\">\n    <div class=\"\n        text-inner\n                cbo-container\n        container--normal        \"\n    >\n        <div class=\"text-content cbo-cms cms--large\">\n            <p><img decoding=\"async\" src=\"https:\/\/www.elicit-plant.com\/fr\/wp-content\/uploads\/sites\/1\/2023\/08\/EliTerra.png\" alt=\"EliTerra, Plateforme technologique\" \/><\/p>\n<h2><strong>la plateforme technologique d\u2019Elicit Plant<\/strong><\/h2>\n\n            <div style=\"clear: both;\"><\/div>\n        <\/div>\n    <\/div>\n<\/section>\n\n\n<section class=\"cbo-picture picture--contained\">\n\t<div class=\"picture-inner cbo-container container--small\">\n\t\t<div class=\"picture-element cbo-picture-cover\">\n\t\t\t<img decoding=\"async\" src=\"https:\/\/www.elicit-plant.com\/app\/uploads\/sites\/1\/2023\/08\/Plateforme-eliterra-fr-1-1024x531.png\" srcset=\"https:\/\/www.elicit-plant.com\/app\/uploads\/sites\/1\/2023\/08\/Plateforme-eliterra-fr-1-320x166.png 320w, https:\/\/www.elicit-plant.com\/app\/uploads\/sites\/1\/2023\/08\/Plateforme-eliterra-fr-1-768x398.png 840w, https:\/\/www.elicit-plant.com\/app\/uploads\/sites\/1\/2023\/08\/Plateforme-eliterra-fr-1-1024x531.png 1024w, https:\/\/www.elicit-plant.com\/app\/uploads\/sites\/1\/2023\/08\/Plateforme-eliterra-fr-1-1400x726.png 1400w\" class=\"\" alt=\"\" width=\"1024\" height=\"531\" sizes=\"auto, 100vw\" loading=\"lazy\" \/>\t\t<\/div>\n\n\t\t\t<\/div>\n<\/section>\n\n<section class=\"cbo-textpicture textpicture--reverse\">\n    <div class=\"textpicture-inner cbo-container container--small\">\n\n        <div class=\"textpicture-picture\">\n            <div class=\"picture-inner cbo-picture-cover\">\n                <img decoding=\"async\" src=\"https:\/\/www.elicit-plant.com\/app\/uploads\/sites\/1\/2023\/07\/img-320x320.jpg\" srcset=\"https:\/\/www.elicit-plant.com\/app\/uploads\/sites\/1\/2023\/07\/img-320x320.jpg 320w, https:\/\/www.elicit-plant.com\/app\/uploads\/sites\/1\/2023\/07\/img.jpg 768w, https:\/\/www.elicit-plant.com\/app\/uploads\/sites\/1\/2023\/07\/img.jpg 1024w\" class=\"\" alt=\"\" width=\"320\" height=\"320\" sizes=\"auto, 100vw\" loading=\"lazy\" \/>            <\/div>\n        <\/div>\n\n        <div class=\"textpicture-content cbo-cms cms--large\">\n                            <picture class=\"content-icon cbo-picture-contain\">\n                    <img decoding=\"async\" src=\"https:\/\/www.elicit-plant.com\/app\/uploads\/sites\/1\/2023\/07\/icon-reasurance.svg\"  class=\"\" alt=\"\" width=\"1\" height=\"1\" sizes=\"auto, 100vw\" loading=\"lazy\" \/>                <\/picture>\n            \n            \n            <p class=\"cbo-chapo\">Un potentiel de recherche important<\/p>\n<ul>\n<li>Il existe une multitude de phytost\u00e9rols et chaque esp\u00e8ce de plantes disposent de combinaisons diff\u00e9rentes qu\u2019elle va utiliser pour r\u00e9pondre \u00e0 un stress.<\/li>\n<li>Nos chercheurs s\u00e9lectionnent et d\u00e9veloppent la formulation la plus efficace en fonction de la solution recherch\u00e9e et des r\u00e9sultats que nous souhaitons obtenir dans les champs des agriculteurs.<\/li>\n<\/ul>\n        <\/div>\n\n    <\/div>\n<\/section>\n\n\n<section class=\"cbo-quote\">\n    <div class=\"quote-inner cbo-container container--small\">\n\n        <div class=\"quote-infos\">\n            <i class=\"icon icon-quote\"><\/i>\n\n                            Benoit Poinssot, Professeur-Chercheur \u00e0 l\u2019UMR Agro\u00e9cologie (INRAE, Universit\u00e9 de Bourgogne, Institut Agro Dijon)                    <\/div>\n       \n        <div class=\"quote-content cbo-title-3\">\n\t\t\tIl n\u2019existe pas un mais des phytost\u00e9rols. Dans la nature, on en d\u00e9nombre plus de 200 qui sont chacun stress-sp\u00e9cifique et esp\u00e8ce-sp\u00e9cifique. Les phytost\u00e9rols n\u2019ont donc rien d\u2019une solution g\u00e9n\u00e9rique universelle et leur niveau de performances sur les cultures d\u00e9pend de leur diversit\u00e9 mais aussi de leur combinaison et bien s\u00fbr de la formulation. La plateforme EliTerra\u00ae offre donc un potentiel de d\u00e9veloppement produits tr\u00e8s important. \t\t<\/div>\n    <\/div>\n<\/section>\n\n<section class=\"cbo-text cbo-margin-container\">\n    <div class=\"\n        text-inner\n                cbo-container\n        container--small        \"\n    >\n        <div class=\"text-content cbo-cms cms--large\">\n            <p>En recourant \u00e0 des technologies d\u2019analyse m\u00e9tabolomique, transcriptomique et ph\u00e9notypique, Elicit Plant poursuit ses recherches pour s\u00e9lectionner des mati\u00e8res actives naturelles ciblant les stress environnementaux.<\/p>\n<p>Dans les laboratoires et les chambres de cultures d\u2019Elicit Plant, les scientifiques et les agronomes travaillent ensemble pour <strong>cribler les diff\u00e9rentes balances de phytost\u00e9rols<\/strong>, comprendre le mode d\u2019action de nos mati\u00e8res actives, et pour identifier les processus physiques et biologiques respectifs qui sont cibl\u00e9s par les substances \u00e0 base de phytost\u00e9rols.<\/p>\n<p>Ainsi, la <strong>plateforme technologique EliTerra\u00ae<\/strong> est le fruit de ces travaux de recherches sur les <strong>phytost\u00e9rols et leur r\u00f4le dans la r\u00e9sistance aux stress des Grandes Cultures<\/strong> (Ma\u00efs, Bl\u00e9, Orge, Tournesol, Soja\u2026).<\/p>\n\n            <div style=\"clear: both;\"><\/div>\n        <\/div>\n    <\/div>\n<\/section>\n\n\n<section class=\"cbo-textpicture textpicture--normal\">\n    <div class=\"textpicture-inner cbo-container container--small\">\n\n        <div class=\"textpicture-picture\">\n            <div class=\"picture-inner cbo-picture-cover\">\n                <img decoding=\"async\" src=\"https:\/\/www.elicit-plant.com\/app\/uploads\/sites\/1\/2023\/08\/Phytosterols-multiples-320x320.png\" srcset=\"https:\/\/www.elicit-plant.com\/app\/uploads\/sites\/1\/2023\/08\/Phytosterols-multiples-320x320.png 320w, https:\/\/www.elicit-plant.com\/app\/uploads\/sites\/1\/2023\/08\/Phytosterols-multiples-768x768.png 768w, https:\/\/www.elicit-plant.com\/app\/uploads\/sites\/1\/2023\/08\/Phytosterols-multiples-1024x1024.png 1024w\" class=\"\" alt=\"\" width=\"320\" height=\"320\" sizes=\"auto, 100vw\" loading=\"lazy\" \/>            <\/div>\n        <\/div>\n\n        <div class=\"textpicture-content cbo-cms cms--large\">\n            \n            \n            <ul>\n<li>Le processus de d\u00e9couverte et de validation par les laboratoires d\u2019Elicit Plant et ses partenaires scientifiques permettent d\u2019identifier des nouvelles formulations compos\u00e9es de diff\u00e9rents Phytost\u00e9rols pour lutter sp\u00e9cifiquement et efficacement contre l\u2019impact du changement climatique sur plusieurs grandes cultures.<\/li>\n<li>Le potentiel de d\u00e9veloppement de nouveaux produits, stress sp\u00e9cifiques et esp\u00e8ces sp\u00e9cifiques, issus de la plateforme technologique EliTerra\u00ae est immense et la Road-Map Produits qui en d\u00e9coule va permettre d\u2019adresser de nombreuses cultures sur tous les continents.<\/li>\n<\/ul>\n        <\/div>\n\n    <\/div>\n<\/section>\n\n<section class=\"cbo-textintro textintro--transparent\">\n    <div class=\"textintro-inner cbo-container container--small\">\n\n        \n                \n        <div class=\"textintro-content\">\n                    <\/div>\n    <\/div>\n<\/section>\n\n\n<section class=\"cbo-featuredlinks featuredlinks--colorwhite\">\n\t<div class=\"featuredlinks-inner cbo-container \">\n\n\t\t\t\t\t<h2 class=\"cbo-title-2 featuredlinks-title\">\n\t\t\t\tEn savoir plus sur notre recherche\t\t\t<\/h2>\n\t\t\n\t\t<div class=\"featuredlinks-list\" data-anim-group data-group-delay=\"100\">\n\t\t\t\n\t\t\t<div class=\"list-el\">\n\t\t\t\t<a class=\"el-inner\" href=\"https:\/\/www.elicit-plant.com\/fr\/science-et-technologie\/\">\n\n\t\t\t\t\t<figure class=\"inner-picture cbo-picture-cover\">\n\t\t\t\t\t\t<img decoding=\"async\" src=\"https:\/\/www.elicit-plant.com\/app\/uploads\/sites\/1\/2023\/07\/img.jpg\" srcset=\"https:\/\/www.elicit-plant.com\/app\/uploads\/sites\/1\/2023\/07\/img-320x320.jpg 320w, https:\/\/www.elicit-plant.com\/app\/uploads\/sites\/1\/2023\/07\/img.jpg 840w, https:\/\/www.elicit-plant.com\/app\/uploads\/sites\/1\/2023\/07\/img.jpg 1024w, https:\/\/www.elicit-plant.com\/app\/uploads\/sites\/1\/2023\/07\/img.jpg 1400w\" class=\"\" alt=\"\" width=\"456\" height=\"456\" sizes=\"auto, 100vw\" loading=\"lazy\" \/>\t\t\t\t\t<\/figure>\n\n\t\t\t\t\t<h3 class=\"inner-title cbo-title-3\">\n\t\t\t\t\t\tLes Phytost\u00e9rols\t\t\t\t\t<\/h3>\n\n\t\t\t\t\t<span class=\"inner-button cbo-buttonmore\">\n\t\t\t\t\t\t<i class=\"icon icon-cross\"><\/i>\n\t\t\t\t\t<\/span>\n\t\t\t\t<\/a>\n\t\t\t<\/div>\n\n\t\t\t\n\t\t\t<div class=\"list-el\">\n\t\t\t\t<a class=\"el-inner\" href=\"https:\/\/www.elicit-plant.com\/fr\/science-et-technologie\/partenariats-scientifiques\/\">\n\n\t\t\t\t\t<figure class=\"inner-picture cbo-picture-cover\">\n\t\t\t\t\t\t<img decoding=\"async\" src=\"https:\/\/www.elicit-plant.com\/app\/uploads\/sites\/1\/2023\/07\/img-distributeurs-bloc-2.jpg\" srcset=\"https:\/\/www.elicit-plant.com\/app\/uploads\/sites\/1\/2023\/07\/img-distributeurs-bloc-2-320x205.jpg 320w, https:\/\/www.elicit-plant.com\/app\/uploads\/sites\/1\/2023\/07\/img-distributeurs-bloc-2.jpg 840w, https:\/\/www.elicit-plant.com\/app\/uploads\/sites\/1\/2023\/07\/img-distributeurs-bloc-2.jpg 1024w, https:\/\/www.elicit-plant.com\/app\/uploads\/sites\/1\/2023\/07\/img-distributeurs-bloc-2.jpg 1400w\" class=\"\" alt=\"Poign\u00e9e de mains entre agriculteurs\" width=\"624\" height=\"400\" sizes=\"auto, 100vw\" loading=\"lazy\" \/>\t\t\t\t\t<\/figure>\n\n\t\t\t\t\t<h3 class=\"inner-title cbo-title-3\">\n\t\t\t\t\t\tPartenariats scientifiques et validation des performances\t\t\t\t\t<\/h3>\n\n\t\t\t\t\t<span class=\"inner-button cbo-buttonmore\">\n\t\t\t\t\t\t<i class=\"icon icon-cross\"><\/i>\n\t\t\t\t\t<\/span>\n\t\t\t\t<\/a>\n\t\t\t<\/div>\n\n\t\t\t\t\t<\/div>\n\n\t<\/div>\n<\/section>\n","protected":false},"excerpt":{"rendered":"<p>la plateforme technologique d\u2019Elicit Plant Un potentiel de recherche important Il existe une multitude de phytost\u00e9rols et chaque esp\u00e8ce de plantes disposent de combinaisons diff\u00e9rentes qu\u2019elle va utiliser pour r\u00e9pondre \u00e0 un stress. Nos chercheurs s\u00e9lectionnent et d\u00e9veloppent la formulation la plus efficace en fonction de la solution recherch\u00e9e et des r\u00e9sultats que nous souhaitons obtenir dans les champs des agriculteurs. En recourant \u00e0 des technologies d\u2019analyse m\u00e9tabolomique, transcriptomique et ph\u00e9notypique, Elicit Plant poursuit ses recherches pour s\u00e9lectionner des mati\u00e8res actives naturelles ciblant les stress environnementaux. Dans les laboratoires et les chambres de cultures d\u2019Elicit Plant, les scientifiques et les agronomes travaillent ensemble pour cribler les diff\u00e9rentes balances de phytost\u00e9rols, comprendre le mode d\u2019action de nos mati\u00e8res actives, et pour identifier les processus physiques et biologiques respectifs qui sont cibl\u00e9s par les&#8230;<\/p>\n","protected":false},"author":2,"featured_media":450,"parent":1731,"menu_order":0,"comment_status":"closed","ping_status":"closed","template":"","meta":{"_acf_changed":false,"footnotes":""},"class_list":["post-1932","page","type-page","status-publish","has-post-thumbnail","hentry"],"acf":[],"yoast_head":"<!-- This site is optimized with the Yoast SEO plugin v27.2 - https:\/\/yoast.com\/product\/yoast-seo-wordpress\/ -->\n<title>EliTerra \u00ae : La Plateforme Technologique d\u2019Elicit Plant<\/title>\n<meta name=\"description\" content=\"D\u00e9couvrez EliTerra\u00ae : plateforme de recherche sur les phytost\u00e9rols et leur r\u00f4le dans la r\u00e9sistance aux stress des Grandes Cultures (Ma\u00efs, Bl\u00e9, Orge, Tournesol, Soja\u2026)\" \/>\n<meta name=\"robots\" content=\"index, follow, max-snippet:-1, max-image-preview:large, max-video-preview:-1\" \/>\n<link rel=\"canonical\" href=\"https:\/\/www.elicit-plant.com\/fr\/science-et-technologie\/eliterra\/\" \/>\n<meta property=\"og:locale\" content=\"fr_FR\" \/>\n<meta property=\"og:type\" content=\"article\" \/>\n<meta property=\"og:title\" content=\"EliTerra \u00ae : La Plateforme Technologique d\u2019Elicit Plant\" \/>\n<meta property=\"og:description\" content=\"D\u00e9couvrez EliTerra\u00ae : plateforme de recherche sur les phytost\u00e9rols et leur r\u00f4le dans la r\u00e9sistance aux stress des Grandes Cultures (Ma\u00efs, Bl\u00e9, Orge, Tournesol, Soja\u2026)\" \/>\n<meta property=\"og:url\" content=\"https:\/\/www.elicit-plant.com\/fr\/science-et-technologie\/eliterra\/\" \/>\n<meta property=\"og:site_name\" content=\"Elicit Plant France\" \/>\n<meta property=\"article:modified_time\" content=\"2024-11-18T12:19:33+00:00\" \/>\n<meta property=\"og:image\" content=\"https:\/\/www.elicit-plant.com\/fr\/wp-content\/uploads\/sites\/1\/2023\/07\/img-carrieres-header.jpg\" \/>\n\t<meta property=\"og:image:width\" content=\"402\" \/>\n\t<meta property=\"og:image:height\" content=\"403\" \/>\n\t<meta property=\"og:image:type\" content=\"image\/jpeg\" \/>\n<meta name=\"twitter:card\" content=\"summary_large_image\" \/>\n<meta name=\"twitter:label1\" content=\"Dur\u00e9e de lecture estim\u00e9e\" \/>\n\t<meta name=\"twitter:data1\" content=\"1 minute\" \/>\n<script type=\"application\/ld+json\" class=\"yoast-schema-graph\">{\"@context\":\"https:\/\/schema.org\",\"@graph\":[{\"@type\":\"WebPage\",\"@id\":\"https:\/\/www.elicit-plant.com\/fr\/science-et-technologie\/eliterra\/\",\"url\":\"https:\/\/www.elicit-plant.com\/fr\/science-et-technologie\/eliterra\/\",\"name\":\"EliTerra \u00ae : La Plateforme Technologique d\u2019Elicit Plant\",\"isPartOf\":{\"@id\":\"https:\/\/www.elicit-plant.com\/fr\/#website\"},\"primaryImageOfPage\":{\"@id\":\"https:\/\/www.elicit-plant.com\/fr\/science-et-technologie\/eliterra\/#primaryimage\"},\"image\":{\"@id\":\"https:\/\/www.elicit-plant.com\/fr\/science-et-technologie\/eliterra\/#primaryimage\"},\"thumbnailUrl\":\"https:\/\/www.elicit-plant.com\/app\/uploads\/sites\/1\/2023\/07\/img-carrieres-header.jpg\",\"datePublished\":\"2023-08-21T17:56:41+00:00\",\"dateModified\":\"2024-11-18T12:19:33+00:00\",\"description\":\"D\u00e9couvrez EliTerra\u00ae : plateforme de recherche sur les phytost\u00e9rols et leur r\u00f4le dans la r\u00e9sistance aux stress des Grandes Cultures (Ma\u00efs, Bl\u00e9, Orge, Tournesol, Soja\u2026)\",\"breadcrumb\":{\"@id\":\"https:\/\/www.elicit-plant.com\/fr\/science-et-technologie\/eliterra\/#breadcrumb\"},\"inLanguage\":\"fr-FR\",\"potentialAction\":[{\"@type\":\"ReadAction\",\"target\":[\"https:\/\/www.elicit-plant.com\/fr\/science-et-technologie\/eliterra\/\"]}]},{\"@type\":\"ImageObject\",\"inLanguage\":\"fr-FR\",\"@id\":\"https:\/\/www.elicit-plant.com\/fr\/science-et-technologie\/eliterra\/#primaryimage\",\"url\":\"https:\/\/www.elicit-plant.com\/app\/uploads\/sites\/1\/2023\/07\/img-carrieres-header.jpg\",\"contentUrl\":\"https:\/\/www.elicit-plant.com\/app\/uploads\/sites\/1\/2023\/07\/img-carrieres-header.jpg\",\"width\":402,\"height\":403},{\"@type\":\"BreadcrumbList\",\"@id\":\"https:\/\/www.elicit-plant.com\/fr\/science-et-technologie\/eliterra\/#breadcrumb\",\"itemListElement\":[{\"@type\":\"ListItem\",\"position\":1,\"name\":\"Accueil\",\"item\":\"https:\/\/www.elicit-plant.com\/fr\/\"},{\"@type\":\"ListItem\",\"position\":2,\"name\":\"Science et Technologie\",\"item\":\"https:\/\/www.elicit-plant.com\/fr\/science-et-technologie\/\"},{\"@type\":\"ListItem\",\"position\":3,\"name\":\"Eliterra\u00ae\"}]},{\"@type\":\"WebSite\",\"@id\":\"https:\/\/www.elicit-plant.com\/fr\/#website\",\"url\":\"https:\/\/www.elicit-plant.com\/fr\/\",\"name\":\"Elicit Plant France\",\"description\":\"Elicit Plant est experte dans la ma\u00eetrise de l\u2019apport des phytost\u00e9rols sur les cultures en plein champ. En r\u00e9duisant le stress des plantes, cette technologie am\u00e9liore les rendements et pr\u00e9serve les ressources naturelles.\",\"potentialAction\":[{\"@type\":\"SearchAction\",\"target\":{\"@type\":\"EntryPoint\",\"urlTemplate\":\"https:\/\/www.elicit-plant.com\/fr\/?s={search_term_string}\"},\"query-input\":{\"@type\":\"PropertyValueSpecification\",\"valueRequired\":true,\"valueName\":\"search_term_string\"}}],\"inLanguage\":\"fr-FR\"}]}<\/script>\n<!-- \/ Yoast SEO plugin. -->","yoast_head_json":{"title":"EliTerra \u00ae : La Plateforme Technologique d\u2019Elicit Plant","description":"D\u00e9couvrez EliTerra\u00ae : plateforme de recherche sur les phytost\u00e9rols et leur r\u00f4le dans la r\u00e9sistance aux stress des Grandes Cultures (Ma\u00efs, Bl\u00e9, Orge, Tournesol, Soja\u2026)","robots":{"index":"index","follow":"follow","max-snippet":"max-snippet:-1","max-image-preview":"max-image-preview:large","max-video-preview":"max-video-preview:-1"},"canonical":"https:\/\/www.elicit-plant.com\/fr\/science-et-technologie\/eliterra\/","og_locale":"fr_FR","og_type":"article","og_title":"EliTerra \u00ae : La Plateforme Technologique d\u2019Elicit Plant","og_description":"D\u00e9couvrez EliTerra\u00ae : plateforme de recherche sur les phytost\u00e9rols et leur r\u00f4le dans la r\u00e9sistance aux stress des Grandes Cultures (Ma\u00efs, Bl\u00e9, Orge, Tournesol, Soja\u2026)","og_url":"https:\/\/www.elicit-plant.com\/fr\/science-et-technologie\/eliterra\/","og_site_name":"Elicit Plant France","article_modified_time":"2024-11-18T12:19:33+00:00","og_image":[{"width":402,"height":403,"url":"https:\/\/www.elicit-plant.com\/fr\/wp-content\/uploads\/sites\/1\/2023\/07\/img-carrieres-header.jpg","type":"image\/jpeg"}],"twitter_card":"summary_large_image","twitter_misc":{"Dur\u00e9e de lecture estim\u00e9e":"1 minute"},"schema":{"@context":"https:\/\/schema.org","@graph":[{"@type":"WebPage","@id":"https:\/\/www.elicit-plant.com\/fr\/science-et-technologie\/eliterra\/","url":"https:\/\/www.elicit-plant.com\/fr\/science-et-technologie\/eliterra\/","name":"EliTerra \u00ae : La Plateforme Technologique d\u2019Elicit Plant","isPartOf":{"@id":"https:\/\/www.elicit-plant.com\/fr\/#website"},"primaryImageOfPage":{"@id":"https:\/\/www.elicit-plant.com\/fr\/science-et-technologie\/eliterra\/#primaryimage"},"image":{"@id":"https:\/\/www.elicit-plant.com\/fr\/science-et-technologie\/eliterra\/#primaryimage"},"thumbnailUrl":"https:\/\/www.elicit-plant.com\/app\/uploads\/sites\/1\/2023\/07\/img-carrieres-header.jpg","datePublished":"2023-08-21T17:56:41+00:00","dateModified":"2024-11-18T12:19:33+00:00","description":"D\u00e9couvrez EliTerra\u00ae : plateforme de recherche sur les phytost\u00e9rols et leur r\u00f4le dans la r\u00e9sistance aux stress des Grandes Cultures (Ma\u00efs, Bl\u00e9, Orge, Tournesol, Soja\u2026)","breadcrumb":{"@id":"https:\/\/www.elicit-plant.com\/fr\/science-et-technologie\/eliterra\/#breadcrumb"},"inLanguage":"fr-FR","potentialAction":[{"@type":"ReadAction","target":["https:\/\/www.elicit-plant.com\/fr\/science-et-technologie\/eliterra\/"]}]},{"@type":"ImageObject","inLanguage":"fr-FR","@id":"https:\/\/www.elicit-plant.com\/fr\/science-et-technologie\/eliterra\/#primaryimage","url":"https:\/\/www.elicit-plant.com\/app\/uploads\/sites\/1\/2023\/07\/img-carrieres-header.jpg","contentUrl":"https:\/\/www.elicit-plant.com\/app\/uploads\/sites\/1\/2023\/07\/img-carrieres-header.jpg","width":402,"height":403},{"@type":"BreadcrumbList","@id":"https:\/\/www.elicit-plant.com\/fr\/science-et-technologie\/eliterra\/#breadcrumb","itemListElement":[{"@type":"ListItem","position":1,"name":"Accueil","item":"https:\/\/www.elicit-plant.com\/fr\/"},{"@type":"ListItem","position":2,"name":"Science et Technologie","item":"https:\/\/www.elicit-plant.com\/fr\/science-et-technologie\/"},{"@type":"ListItem","position":3,"name":"Eliterra\u00ae"}]},{"@type":"WebSite","@id":"https:\/\/www.elicit-plant.com\/fr\/#website","url":"https:\/\/www.elicit-plant.com\/fr\/","name":"Elicit Plant France","description":"Elicit Plant est experte dans la ma\u00eetrise de l\u2019apport des phytost\u00e9rols sur les cultures en plein champ. En r\u00e9duisant le stress des plantes, cette technologie am\u00e9liore les rendements et pr\u00e9serve les ressources naturelles.","potentialAction":[{"@type":"SearchAction","target":{"@type":"EntryPoint","urlTemplate":"https:\/\/www.elicit-plant.com\/fr\/?s={search_term_string}"},"query-input":{"@type":"PropertyValueSpecification","valueRequired":true,"valueName":"search_term_string"}}],"inLanguage":"fr-FR"}]}},"_links":{"self":[{"href":"https:\/\/www.elicit-plant.com\/fr\/wp-json\/wp\/v2\/pages\/1932","targetHints":{"allow":["GET"]}}],"collection":[{"href":"https:\/\/www.elicit-plant.com\/fr\/wp-json\/wp\/v2\/pages"}],"about":[{"href":"https:\/\/www.elicit-plant.com\/fr\/wp-json\/wp\/v2\/types\/page"}],"author":[{"embeddable":true,"href":"https:\/\/www.elicit-plant.com\/fr\/wp-json\/wp\/v2\/users\/2"}],"replies":[{"embeddable":true,"href":"https:\/\/www.elicit-plant.com\/fr\/wp-json\/wp\/v2\/comments?post=1932"}],"version-history":[{"count":18,"href":"https:\/\/www.elicit-plant.com\/fr\/wp-json\/wp\/v2\/pages\/1932\/revisions"}],"predecessor-version":[{"id":6105,"href":"https:\/\/www.elicit-plant.com\/fr\/wp-json\/wp\/v2\/pages\/1932\/revisions\/6105"}],"up":[{"embeddable":true,"href":"https:\/\/www.elicit-plant.com\/fr\/wp-json\/wp\/v2\/pages\/1731"}],"wp:featuredmedia":[{"embeddable":true,"href":"https:\/\/www.elicit-plant.com\/fr\/wp-json\/wp\/v2\/media\/450"}],"wp:attachment":[{"href":"https:\/\/www.elicit-plant.com\/fr\/wp-json\/wp\/v2\/media?parent=1932"}],"curies":[{"name":"wp","href":"https:\/\/api.w.org\/{rel}","templated":true}]}}