{"id":2163,"date":"2023-09-01T12:04:40","date_gmt":"2023-09-01T10:04:40","guid":{"rendered":"https:\/\/www.elicit-plant.com\/?page_id=2163"},"modified":"2024-03-14T14:44:34","modified_gmt":"2024-03-14T13:44:34","slug":"ameliorer-les-rendements-sur-le-mais","status":"publish","type":"page","link":"https:\/\/www.elicit-plant.com\/fr\/temoignages\/ameliorer-les-rendements-sur-le-mais\/","title":{"rendered":"T\u00e9moignage : Am\u00e9liorer les rendements sur le ma\u00efs"},"content":{"rendered":"<section class=\"cbo-hero cbo-margin-container hero--colorgreen\" data-anim-group>\n\t<div class=\"cbo-breadcrumbs breadcrumbs--normal\">\n  <div class=\"breadcrumbs-inner\">\n    <span><span><a href=\"https:\/\/www.elicit-plant.com\/fr\/\">Accueil<\/a><\/span><\/span>\t<\/div>\n<\/div>\n\t<div class=\"hero-inner cbo-container container--padding\">\n\n\t\t<div class=\"hero-shapes\">\n\t\t\t<div class=\"shapes-color scale-up\"><\/div>\n\n\t\t\t<div class=\"shapes-picture cbo-picture-cover scale-up\"  data-delay=\"450\">\n\t\t\t\t\t\t\t<\/div>\n\t\t<\/div>\n\n\t\t<div class=\"hero-content cbo-cms cms--large cms--white\">\n\t\t\t<div class=\"content-text\">\n\t\t\t\t<h1 class=\"hero-title cbo-heading slide-down\">\n\t\t\t\t\tAm\u00e9liorer les rendements sur le ma\u00efs\t\t\t\t<\/h1>\n\n\t\t\t\t\t\t\t<\/div>\n\t\t<\/div>\n\n\t<\/div>\n<\/section>\n\n<section class=\"cbo-text cbo-margin-container\">\n    <div class=\"\n        text-inner\n                cbo-container\n        container--small        \"\n    >\n        <div class=\"text-content cbo-cms cms--large\">\n            <h2 class=\"index-title entry-title\">D\u00e9couvrez le t\u00e9moignage de\u00a0Fabrice Thibaudeau, AGRICULTEUR, Charente Maritime (17)<\/h2>\n<div class=\"entry-content\">\n<p>Fabrice Thibaudeau, agriculteur en Poitou-Charentes, a test\u00e9 le BEST-a pour aider ses cultures de ma\u00efs \u00e0 mieux r\u00e9sister au manque d\u2019eau.<\/p>\n<\/div>\n\n            <div style=\"clear: both;\"><\/div>\n        <\/div>\n    <\/div>\n<\/section>\n\n\n<section class=\"cbo-video video--normal video--titleover cbo-margin-container\">\n\t<div class=\"video-inner cbo-container container--small\">\n\n\t\t\n\t\t<div class=\"video-player\" data-player-ancestor>\n\n\t\t\t<div class=\"player-inner\">\n\t\t\t\t<div class=\"cbo-youtube\">\n\t<div class=\"youtube-inner\">\n\n\t\t\t\t<div\n\t\t\tclass=\"youtube-player\"\n\t\t\tdata-id=\"lKI-HH7ZLIA\"\n\t\t\tid=\"yt_9nJEf5WgCx\"\n\t\t><\/div>\n\t\t\n\t\t<div class=\"youtube-cover cbo-picture-cover\">\n\n\t\t\t<img decoding=\"async\" src=\"https:\/\/www.elicit-plant.com\/app\/uploads\/sites\/1\/2023\/07\/best-a-une-solution-pour-lagriculture-quand-lirrigation-est-sous-contrainte.png\"  sizes=\"100vw\" class=\"\" alt=\"\"  loading=\"lazy\" \/>\n\t\t\t<button type=\"button\" class=\"cover-button cbo-youtube-button\">\n\t\t\t\t<i class=\"icon icon-play\"><\/i>\n\t\t\t\t<div class=\"button-spinner cbo-spinner\">\n\t\t\t\t\t<div><\/div>\n\t\t\t\t\t<div><\/div>\n\t\t\t\t\t<div><\/div>\n\t\t\t\t\t<div><\/div>\n\t\t\t\t<\/div>\n\t\t\t<\/button>\n\t\t<\/div>\n\n\t<\/div>\n\n\t<\/div>\t\t\t<\/div>\n\n\t\t\t\t\t\t<div class=\"player-content\">\n\t\t\t\t<button type=\"button\" class=\"content-button cbo-youtube-button\" data-player-button>\n\t\t\t\t\t<i class=\"icon icon-play\"><\/i>\n\t\t\t\t<\/button>\n\n\t\t\t\t<h3 class=\"content-title\">\n\t\t\t\t\tT\u00e9moignage de Fabrice Thibaudeau sur l&rsquo;application du BEST-a Ma\u00efs\t\t\t\t<\/h3>\n\t\t\t<\/div>\n\t\t\t\n\t\t<\/div>\n\t<\/div>\n<\/section>\n\n\n<section class=\"cbo-text cbo-margin-container\">\n    <div class=\"\n        text-inner\n                cbo-container\n        container--small        \"\n    >\n        <div class=\"text-content cbo-cms cms--large\">\n            <p>Sur son exploitation situ\u00e9e \u00e0 Gr\u00e9zac, Fabrice Thibaudeau cultive entre autres 100 ha de ma\u00efs et tournesol. Il conna\u00eet une pression assez forte li\u00e9e au tourisme sur le bassin de Seudre, ainsi qu\u2019au niveau du bassin ostr\u00e9icole Marennes-Ol\u00e9ron. L\u2019irrigation, pratiqu\u00e9e sur 20 ha, risque donc d\u2019\u00eatre remise en cause \u00e0 court terme.<\/p>\n<h2 class=\"wp-block-heading\">Plus de 10% d\u2019\u00e9volution en rendement<\/h2>\n<p>Fabrice Thibaudeau cherchait donc une solution pour r\u00e9cup\u00e9rer quelques quintaux suppl\u00e9mentaires, quand sa conseill\u00e8re d\u2019exploitation Oc\u00e9alia lui a parl\u00e9 du protocole d\u2019essai Elicit Plant.<\/p>\n<p>Objectif attendu : compenser le stress hydrique de la plante et r\u00e9cup\u00e9rer un peu de rendement. L\u2019agriculteur a donc mis en place des essais selon deux modalit\u00e9s : avec et sans le BEST-a d\u2019Elicit Plant. \u00c0 la r\u00e9colte, il a observ\u00e9 un dess\u00e8chement plus important sur les plantes non trait\u00e9es. Il a surtout not\u00e9 une diff\u00e9rence en termes de rendement, avec environ 500 kg de ma\u00efs en plus dans la tr\u00e9mie pour l\u2019essai trait\u00e9 au BEST-a. Les chiffres montrent plus de 10% d\u2019\u00e9volution, ce qui a convaincu Fabrice Thibaudeau de l\u2019int\u00e9r\u00eat du produit.<\/p>\n\n            <div style=\"clear: both;\"><\/div>\n        <\/div>\n    <\/div>\n<\/section>\n\n\n\n<section class=\"cbo-quote\">\n    <div class=\"quote-inner cbo-container container--small\">\n\n        <div class=\"quote-infos\">\n            <i class=\"icon icon-quote\"><\/i>\n\n                    <\/div>\n       \n        <div class=\"quote-content cbo-title-3\">\n\t\t\tClairement, on a constat\u00e9 des diff\u00e9rences au niveau du rendement assez importantes (\u2026) de l\u2019ordre de 10 \u00e0 12% en faveur du BEST-a, sur des essais \u00e7a parle\u201d\t\t<\/div>\n    <\/div>\n<\/section>\n\n<section class=\"cbo-featuredlinks featuredlinks--colorwhite\">\n\t<div class=\"featuredlinks-inner cbo-container \">\n\n\t\t\t\t\t<h2 class=\"cbo-title-2 featuredlinks-title\">\n\t\t\t\tEn savoir plus\t\t\t<\/h2>\n\t\t\n\t\t<div class=\"featuredlinks-list\" data-anim-group data-group-delay=\"100\">\n\t\t\t\n\t\t\t<div class=\"list-el\">\n\t\t\t\t<a class=\"el-inner\" href=\"https:\/\/www.elicit-plant.com\/fr\/temoignages\/\">\n\n\t\t\t\t\t<figure class=\"inner-picture cbo-picture-cover\">\n\t\t\t\t\t\t<img decoding=\"async\" src=\"https:\/\/www.elicit-plant.com\/app\/uploads\/sites\/1\/2023\/11\/Tous-les-temoignages.jpg\" srcset=\"https:\/\/www.elicit-plant.com\/app\/uploads\/sites\/1\/2023\/11\/Tous-les-temoignages-320x205.jpg 320w, https:\/\/www.elicit-plant.com\/app\/uploads\/sites\/1\/2023\/11\/Tous-les-temoignages.jpg 840w, https:\/\/www.elicit-plant.com\/app\/uploads\/sites\/1\/2023\/11\/Tous-les-temoignages.jpg 1024w, https:\/\/www.elicit-plant.com\/app\/uploads\/sites\/1\/2023\/11\/Tous-les-temoignages.jpg 1400w\" class=\"\" alt=\"Tous nos t\u00e9moignages\" width=\"547\" height=\"350\" sizes=\"auto, 100vw\" loading=\"lazy\" \/>\t\t\t\t\t<\/figure>\n\n\t\t\t\t\t<h3 class=\"inner-title cbo-title-3\">\n\t\t\t\t\t\tD\u00e9couvrez tous nos t\u00e9moignages\t\t\t\t\t<\/h3>\n\n\t\t\t\t\t<span class=\"inner-button cbo-buttonmore\">\n\t\t\t\t\t\t<i class=\"icon icon-cross\"><\/i>\n\t\t\t\t\t<\/span>\n\t\t\t\t<\/a>\n\t\t\t<\/div>\n\n\t\t\t\n\t\t\t<div class=\"list-el\">\n\t\t\t\t<a class=\"el-inner\" href=\"https:\/\/www.elicit-plant.com\/fr\/produits\/best-a-mais\/\">\n\n\t\t\t\t\t<figure class=\"inner-picture cbo-picture-cover\">\n\t\t\t\t\t\t<img decoding=\"async\" src=\"https:\/\/www.elicit-plant.com\/app\/uploads\/sites\/1\/2024\/03\/Bidon-Best-a-champ-de-mais.jpg\" srcset=\"https:\/\/www.elicit-plant.com\/app\/uploads\/sites\/1\/2024\/03\/Bidon-Best-a-champ-de-mais-320x214.jpg 320w, https:\/\/www.elicit-plant.com\/app\/uploads\/sites\/1\/2024\/03\/Bidon-Best-a-champ-de-mais.jpg 840w, https:\/\/www.elicit-plant.com\/app\/uploads\/sites\/1\/2024\/03\/Bidon-Best-a-champ-de-mais.jpg 1024w, https:\/\/www.elicit-plant.com\/app\/uploads\/sites\/1\/2024\/03\/Bidon-Best-a-champ-de-mais.jpg 1400w\" class=\"\" alt=\"Bidon Best-a dans un champ de ma\u00efs\" width=\"500\" height=\"334\" sizes=\"auto, 100vw\" loading=\"lazy\" \/>\t\t\t\t\t<\/figure>\n\n\t\t\t\t\t<h3 class=\"inner-title cbo-title-3\">\n\t\t\t\t\t\tVoir la fiche produit du Best-a Ma\u00efs\t\t\t\t\t<\/h3>\n\n\t\t\t\t\t<span class=\"inner-button cbo-buttonmore\">\n\t\t\t\t\t\t<i class=\"icon icon-cross\"><\/i>\n\t\t\t\t\t<\/span>\n\t\t\t\t<\/a>\n\t\t\t<\/div>\n\n\t\t\t\t\t<\/div>\n\n\t<\/div>\n<\/section>\n","protected":false},"excerpt":{"rendered":"<p>D\u00e9couvrez le t\u00e9moignage de\u00a0Fabrice Thibaudeau, AGRICULTEUR, Charente Maritime (17) Fabrice Thibaudeau, agriculteur en Poitou-Charentes, a test\u00e9 le BEST-a pour aider ses cultures de ma\u00efs \u00e0 mieux r\u00e9sister au manque d\u2019eau. Sur son exploitation situ\u00e9e \u00e0 Gr\u00e9zac, Fabrice Thibaudeau cultive entre autres 100 ha de ma\u00efs et tournesol. Il conna\u00eet une pression assez forte li\u00e9e au tourisme sur le bassin de Seudre, ainsi qu\u2019au niveau du bassin ostr\u00e9icole Marennes-Ol\u00e9ron. L\u2019irrigation, pratiqu\u00e9e sur 20 ha, risque donc d\u2019\u00eatre remise en cause \u00e0 court terme. Plus de 10% d\u2019\u00e9volution en rendement Fabrice Thibaudeau cherchait donc une solution pour r\u00e9cup\u00e9rer quelques quintaux suppl\u00e9mentaires, quand sa conseill\u00e8re d\u2019exploitation Oc\u00e9alia lui a parl\u00e9 du protocole d\u2019essai Elicit Plant. Objectif attendu : compenser le stress hydrique de la plante et r\u00e9cup\u00e9rer un peu de rendement. L\u2019agriculteur a donc mis en place des essais selon deux modalit\u00e9s : avec et sans le&#8230;<\/p>\n","protected":false},"author":2,"featured_media":0,"parent":568,"menu_order":0,"comment_status":"closed","ping_status":"closed","template":"","meta":{"_acf_changed":false,"footnotes":""},"class_list":["post-2163","page","type-page","status-publish","hentry"],"acf":[],"yoast_head":"<!-- This site is optimized with the Yoast SEO plugin v27.2 - https:\/\/yoast.com\/product\/yoast-seo-wordpress\/ -->\n<title>T\u00e9moignage : Am\u00e9liorer les rendements sur le ma\u00efs - Elicit Plant France<\/title>\n<meta name=\"description\" content=\"Fabrice Thibaudeau, agriculteur en Poitou-Charentes, a test\u00e9 le BEST-a pour aider ses cultures de ma\u00efs \u00e0 mieux r\u00e9sister au manque d\u2019eau.\" \/>\n<meta name=\"robots\" content=\"index, follow, max-snippet:-1, max-image-preview:large, max-video-preview:-1\" \/>\n<link rel=\"canonical\" href=\"https:\/\/www.elicit-plant.com\/fr\/temoignages\/ameliorer-les-rendements-sur-le-mais\/\" \/>\n<meta property=\"og:locale\" content=\"fr_FR\" \/>\n<meta property=\"og:type\" content=\"article\" \/>\n<meta property=\"og:title\" content=\"T\u00e9moignage : Am\u00e9liorer les rendements sur le ma\u00efs - Elicit Plant France\" \/>\n<meta property=\"og:description\" content=\"Fabrice Thibaudeau, agriculteur en Poitou-Charentes, a test\u00e9 le BEST-a pour aider ses cultures de ma\u00efs \u00e0 mieux r\u00e9sister au manque d\u2019eau.\" \/>\n<meta property=\"og:url\" content=\"https:\/\/www.elicit-plant.com\/fr\/temoignages\/ameliorer-les-rendements-sur-le-mais\/\" \/>\n<meta property=\"og:site_name\" content=\"Elicit Plant France\" \/>\n<meta property=\"article:modified_time\" content=\"2024-03-14T13:44:34+00:00\" \/>\n<meta name=\"twitter:card\" content=\"summary_large_image\" \/>\n<script type=\"application\/ld+json\" class=\"yoast-schema-graph\">{\"@context\":\"https:\/\/schema.org\",\"@graph\":[{\"@type\":\"WebPage\",\"@id\":\"https:\/\/www.elicit-plant.com\/fr\/temoignages\/ameliorer-les-rendements-sur-le-mais\/\",\"url\":\"https:\/\/www.elicit-plant.com\/fr\/temoignages\/ameliorer-les-rendements-sur-le-mais\/\",\"name\":\"T\u00e9moignage : Am\u00e9liorer les rendements sur le ma\u00efs - Elicit Plant France\",\"isPartOf\":{\"@id\":\"https:\/\/www.elicit-plant.com\/fr\/#website\"},\"datePublished\":\"2023-09-01T10:04:40+00:00\",\"dateModified\":\"2024-03-14T13:44:34+00:00\",\"description\":\"Fabrice Thibaudeau, agriculteur en Poitou-Charentes, a test\u00e9 le BEST-a pour aider ses cultures de ma\u00efs \u00e0 mieux r\u00e9sister au manque d\u2019eau.\",\"breadcrumb\":{\"@id\":\"https:\/\/www.elicit-plant.com\/fr\/temoignages\/ameliorer-les-rendements-sur-le-mais\/#breadcrumb\"},\"inLanguage\":\"fr-FR\",\"potentialAction\":[{\"@type\":\"ReadAction\",\"target\":[\"https:\/\/www.elicit-plant.com\/fr\/temoignages\/ameliorer-les-rendements-sur-le-mais\/\"]}]},{\"@type\":\"BreadcrumbList\",\"@id\":\"https:\/\/www.elicit-plant.com\/fr\/temoignages\/ameliorer-les-rendements-sur-le-mais\/#breadcrumb\",\"itemListElement\":[{\"@type\":\"ListItem\",\"position\":1,\"name\":\"Accueil\",\"item\":\"https:\/\/www.elicit-plant.com\/fr\/\"},{\"@type\":\"ListItem\",\"position\":2,\"name\":\"T\u00e9moignages\",\"item\":\"https:\/\/www.elicit-plant.com\/fr\/temoignages\/\"},{\"@type\":\"ListItem\",\"position\":3,\"name\":\"T\u00e9moignage : Am\u00e9liorer les rendements sur le ma\u00efs\"}]},{\"@type\":\"WebSite\",\"@id\":\"https:\/\/www.elicit-plant.com\/fr\/#website\",\"url\":\"https:\/\/www.elicit-plant.com\/fr\/\",\"name\":\"Elicit Plant France\",\"description\":\"Elicit Plant est experte dans la ma\u00eetrise de l\u2019apport des phytost\u00e9rols sur les cultures en plein champ. En r\u00e9duisant le stress des plantes, cette technologie am\u00e9liore les rendements et pr\u00e9serve les ressources naturelles.\",\"potentialAction\":[{\"@type\":\"SearchAction\",\"target\":{\"@type\":\"EntryPoint\",\"urlTemplate\":\"https:\/\/www.elicit-plant.com\/fr\/?s={search_term_string}\"},\"query-input\":{\"@type\":\"PropertyValueSpecification\",\"valueRequired\":true,\"valueName\":\"search_term_string\"}}],\"inLanguage\":\"fr-FR\"}]}<\/script>\n<!-- \/ Yoast SEO plugin. -->","yoast_head_json":{"title":"T\u00e9moignage : Am\u00e9liorer les rendements sur le ma\u00efs - Elicit Plant France","description":"Fabrice Thibaudeau, agriculteur en Poitou-Charentes, a test\u00e9 le BEST-a pour aider ses cultures de ma\u00efs \u00e0 mieux r\u00e9sister au manque d\u2019eau.","robots":{"index":"index","follow":"follow","max-snippet":"max-snippet:-1","max-image-preview":"max-image-preview:large","max-video-preview":"max-video-preview:-1"},"canonical":"https:\/\/www.elicit-plant.com\/fr\/temoignages\/ameliorer-les-rendements-sur-le-mais\/","og_locale":"fr_FR","og_type":"article","og_title":"T\u00e9moignage : Am\u00e9liorer les rendements sur le ma\u00efs - Elicit Plant France","og_description":"Fabrice Thibaudeau, agriculteur en Poitou-Charentes, a test\u00e9 le BEST-a pour aider ses cultures de ma\u00efs \u00e0 mieux r\u00e9sister au manque d\u2019eau.","og_url":"https:\/\/www.elicit-plant.com\/fr\/temoignages\/ameliorer-les-rendements-sur-le-mais\/","og_site_name":"Elicit Plant France","article_modified_time":"2024-03-14T13:44:34+00:00","twitter_card":"summary_large_image","schema":{"@context":"https:\/\/schema.org","@graph":[{"@type":"WebPage","@id":"https:\/\/www.elicit-plant.com\/fr\/temoignages\/ameliorer-les-rendements-sur-le-mais\/","url":"https:\/\/www.elicit-plant.com\/fr\/temoignages\/ameliorer-les-rendements-sur-le-mais\/","name":"T\u00e9moignage : Am\u00e9liorer les rendements sur le ma\u00efs - Elicit Plant France","isPartOf":{"@id":"https:\/\/www.elicit-plant.com\/fr\/#website"},"datePublished":"2023-09-01T10:04:40+00:00","dateModified":"2024-03-14T13:44:34+00:00","description":"Fabrice Thibaudeau, agriculteur en Poitou-Charentes, a test\u00e9 le BEST-a pour aider ses cultures de ma\u00efs \u00e0 mieux r\u00e9sister au manque d\u2019eau.","breadcrumb":{"@id":"https:\/\/www.elicit-plant.com\/fr\/temoignages\/ameliorer-les-rendements-sur-le-mais\/#breadcrumb"},"inLanguage":"fr-FR","potentialAction":[{"@type":"ReadAction","target":["https:\/\/www.elicit-plant.com\/fr\/temoignages\/ameliorer-les-rendements-sur-le-mais\/"]}]},{"@type":"BreadcrumbList","@id":"https:\/\/www.elicit-plant.com\/fr\/temoignages\/ameliorer-les-rendements-sur-le-mais\/#breadcrumb","itemListElement":[{"@type":"ListItem","position":1,"name":"Accueil","item":"https:\/\/www.elicit-plant.com\/fr\/"},{"@type":"ListItem","position":2,"name":"T\u00e9moignages","item":"https:\/\/www.elicit-plant.com\/fr\/temoignages\/"},{"@type":"ListItem","position":3,"name":"T\u00e9moignage : Am\u00e9liorer les rendements sur le ma\u00efs"}]},{"@type":"WebSite","@id":"https:\/\/www.elicit-plant.com\/fr\/#website","url":"https:\/\/www.elicit-plant.com\/fr\/","name":"Elicit Plant France","description":"Elicit Plant est experte dans la ma\u00eetrise de l\u2019apport des phytost\u00e9rols sur les cultures en plein champ. En r\u00e9duisant le stress des plantes, cette technologie am\u00e9liore les rendements et pr\u00e9serve les ressources naturelles.","potentialAction":[{"@type":"SearchAction","target":{"@type":"EntryPoint","urlTemplate":"https:\/\/www.elicit-plant.com\/fr\/?s={search_term_string}"},"query-input":{"@type":"PropertyValueSpecification","valueRequired":true,"valueName":"search_term_string"}}],"inLanguage":"fr-FR"}]}},"_links":{"self":[{"href":"https:\/\/www.elicit-plant.com\/fr\/wp-json\/wp\/v2\/pages\/2163","targetHints":{"allow":["GET"]}}],"collection":[{"href":"https:\/\/www.elicit-plant.com\/fr\/wp-json\/wp\/v2\/pages"}],"about":[{"href":"https:\/\/www.elicit-plant.com\/fr\/wp-json\/wp\/v2\/types\/page"}],"author":[{"embeddable":true,"href":"https:\/\/www.elicit-plant.com\/fr\/wp-json\/wp\/v2\/users\/2"}],"replies":[{"embeddable":true,"href":"https:\/\/www.elicit-plant.com\/fr\/wp-json\/wp\/v2\/comments?post=2163"}],"version-history":[{"count":11,"href":"https:\/\/www.elicit-plant.com\/fr\/wp-json\/wp\/v2\/pages\/2163\/revisions"}],"predecessor-version":[{"id":4643,"href":"https:\/\/www.elicit-plant.com\/fr\/wp-json\/wp\/v2\/pages\/2163\/revisions\/4643"}],"up":[{"embeddable":true,"href":"https:\/\/www.elicit-plant.com\/fr\/wp-json\/wp\/v2\/pages\/568"}],"wp:attachment":[{"href":"https:\/\/www.elicit-plant.com\/fr\/wp-json\/wp\/v2\/media?parent=2163"}],"curies":[{"name":"wp","href":"https:\/\/api.w.org\/{rel}","templated":true}]}}