{"id":2226,"date":"2023-08-30T16:05:28","date_gmt":"2023-08-30T14:05:28","guid":{"rendered":"https:\/\/www.elicit-plant.com\/?page_id=2226"},"modified":"2025-10-07T10:00:16","modified_gmt":"2025-10-07T08:00:16","slug":"mentions-legales","status":"publish","type":"page","link":"https:\/\/www.elicit-plant.com\/fr\/mentions-legales\/","title":{"rendered":"Mentions l\u00e9gales"},"content":{"rendered":"<section class=\"cbo-heropicture\" data-anim-group>\n\t<div class=\"cbo-breadcrumbs breadcrumbs--normal\">\n  <div class=\"breadcrumbs-inner\">\n    <span><span><a href=\"https:\/\/www.elicit-plant.com\/fr\/\">Accueil<\/a><\/span><\/span>\t<\/div>\n<\/div>\n\t<div class=\"heropicture-picture cbo-picture-cover\">\n\t\t<img decoding=\"async\" src=\"https:\/\/www.elicit-plant.com\/app\/uploads\/sites\/1\/2023\/08\/max-saeling-momfzb2vtpk-unsplash-scaled-1707x700-1-1024x420.jpg\" srcset=\"https:\/\/www.elicit-plant.com\/app\/uploads\/sites\/1\/2023\/08\/max-saeling-momfzb2vtpk-unsplash-scaled-1707x700-1-320x131.jpg 320w, https:\/\/www.elicit-plant.com\/app\/uploads\/sites\/1\/2023\/08\/max-saeling-momfzb2vtpk-unsplash-scaled-1707x700-1-768x315.jpg 768w, https:\/\/www.elicit-plant.com\/app\/uploads\/sites\/1\/2023\/08\/max-saeling-momfzb2vtpk-unsplash-scaled-1707x700-1-1024x420.jpg 1024w, https:\/\/www.elicit-plant.com\/app\/uploads\/sites\/1\/2023\/08\/max-saeling-momfzb2vtpk-unsplash-scaled-1707x700-1-1400x574.jpg 1280w, https:\/\/www.elicit-plant.com\/app\/uploads\/sites\/1\/2023\/08\/max-saeling-momfzb2vtpk-unsplash-scaled-1707x700-1.jpg 1920w\" class=\"\" alt=\"\" width=\"1024\" height=\"420\" sizes=\"auto, 100vw\" loading=\"lazy\" \/>\t<\/div>\n\n\t<div class=\"heropicture-inner cbo-container container--small container--padding\">\n\t\t<div class=\"heropicture-content\">\n\n\t\t\t\n\t\t\t<h1 class=\"content-title cbo-title-2 slide-down\">\n\t\t\t\tMentions l\u00e9gales\t\t\t<\/h1>\n\t\t<\/div>\n\t<\/div>\n<\/section>\n\n<section class=\"cbo-text cbo-margin-container\">\n    <div class=\"\n        text-inner\n                cbo-container\n        container--small        \"\n    >\n        <div class=\"text-content cbo-cms cms--large\">\n            <p>Les mentions l\u00e9gales ci-dessous s\u2019appliquent au pr\u00e9sent site internet <a href=\"http:\/\/www.elicit-plant.com\">www.elicit-plant.com<\/a><\/p>\n<p><strong>D\u00e9nomination sociale<\/strong>\u00a0: ELICIT PLANT<\/p>\n<p><strong>Si\u00e8ge social<\/strong>\u00a0: LIEUDIT LE CHATAIGNIER, 1 PAS DE LA CROIX, 16220 MOULINS-SUR-TARDOIRE, CHARENTE (16)<\/p>\n<p><strong>Forme juridique<\/strong>\u00a0: Soci\u00e9t\u00e9 par Actions Simplifi\u00e9e<\/p>\n<p><strong>Capital social <\/strong>: 139 417,50 \u20ac<\/p>\n<p><strong>Immatricul\u00e9e au RCS d\u2019Angoul\u00eame<\/strong>\u00a0: num\u00e9ro SIREN\u00a0: 831 286 455 et num\u00e9ro SIRET\u00a0: 831 286 455 00025<\/p>\n<p><strong>N\u00b0 TVA intracommunautaire<\/strong>\u00a0: FR47831286455<\/p>\n<p><strong>Directeur de la publication<\/strong>\u00a0: Monsieur Jean-Fran\u00e7ois DECHANT<\/p>\n<p><strong>T\u00e9l\u00e9phone<\/strong>\u00a0: +33\u00a0<a href=\"https:\/\/www.google.com\/search?q=t%C3%A9l%C3%A9phone+elicit+plant&amp;rlz=1C1GCEU_frFR1073FR1073&amp;oq=t%C3%A9l%C3%A9phone+elicit+plant&amp;gs_lcrp=EgZjaHJvbWUyCAgAEEUYFRg5MgcIARAhGKABMgcIAhAhGKABMgcIAxAhGKAB0gEINTk1N2owajeoAgCwAgA&amp;sourceid=chrome&amp;ie=UTF-8\">05 45 23 18 38<\/a><\/p>\n<p><strong>Mail<\/strong>\u00a0: <a href=\"mailto:dataprivacy@elicit-plant.com\">dataprivacy@elicit-plant.com<\/a><\/p>\n<p><strong>\u00a0<\/strong><strong>H\u00e9bergeur<\/strong>\u00a0: Infomaniak,<\/p>\n<p><u>D\u00e9nomination sociale<\/u>\u00a0: Infomaniak Network SA<br \/>\n<u>Adresse<\/u>\u00a0: Rue Eug\u00e8ne Marziano 25 &#8211; 1227 Les Acacias (GE)<br \/>\n<u><a href=\"https:\/\/www.infomaniak.com\/fr\/aide\">Contact<\/a><\/u><\/p>\n<p><strong>\u00a0<\/strong><\/p>\n<h2 style=\"text-align: center;\"><strong>CONDITIONS GENERALES D\u2019UTILISATION DU SITE INTERNET<br \/>\n<\/strong><a href=\"http:\/\/WWW.ASDIA.FR\"><strong>WWW.ELICIT-PLANT.COM<\/strong><\/a><\/h2>\n<p>&nbsp;<\/p>\n<p>L\u2019acc\u00e8s, la consultation et l\u2019utilisation du site www. <a href=\"https:\/\/www.elicit-plant.com\">https:\/\/www.elicit-plant.com<\/a> (\u00ab\u00a0<strong><em>Site internet\u00a0<\/em><\/strong>\u00bb ou \u00ab\u00a0<strong><em>Site\u00a0<\/em><\/strong>\u00bb) sont r\u00e9gis par les pr\u00e9sentes Conditions G\u00e9n\u00e9rales d\u2019Utilisation (\u00ab\u00a0<strong><em>CGU\u00a0<\/em><\/strong>\u00bb).<\/p>\n<p>En consultant et\/ou acc\u00e9dant au Site, le visiteur et\/ou utilisateur (\u00ab\u00a0<strong><em>Vous\u00a0<\/em><\/strong>\u00bb) est r\u00e9put\u00e9 accepter, sans restriction ni r\u00e9serve, les pr\u00e9sentes CGU. Vous \u00eates donc invit\u00e9 \u00e0 en prendre connaissance avec attention avant toute navigation et\/ou poursuite de la navigation sur le Site.<\/p>\n<p>ELICIT PLANT se r\u00e9serve le droit de modifier les pr\u00e9sentes CGU \u00e0 tout moment. Celles pr\u00e9sentes sur le Site en constituent la derni\u00e8re version \u00e0 jour et en vigueur.<\/p>\n<p>Si l\u2019une des dispositions des CGU venait \u00e0 \u00eatre d\u00e9clar\u00e9e nulle et\/ou sans effet de par les lois et r\u00e8glements en vigueur, les autres dispositions demeureraient applicables.<\/p>\n<p>&nbsp;<\/p>\n<h2>ARTICLE 1\u00a0 &#8211;\u00a0 ACCES AU SITE &#8211; FONCTIONNALITES &#8211; UTILISATION<\/h2>\n<p>1.1.<\/p>\n<p>L\u2019acc\u00e8s au Site et son utilisation sont r\u00e9serv\u00e9s \u00e0 un usage strictement personnel. Vous vous engagez \u00e0 ne pas utiliser ce Site et les informations ou donn\u00e9es qui y figurent \u00e0 des fins commerciales, politiques, publicitaires et pour toutes formes de sollicitation commerciale, notamment l\u2019envoi de courriers \u00e9lectroniques non sollicit\u00e9s.<\/p>\n<p>Plus g\u00e9n\u00e9ralement, Vous engagez dans le cadre de votre acc\u00e8s, consultation, et utilisation du Site \u00e0 :<\/p>\n<ul>\n<li>v\u00e9rifier que la configuration informatique utilis\u00e9e ne contient aucun virus et qu\u2019elle est en parfait \u00e9tat de fonctionnement ;<\/li>\n<li>ne pas recopier tout ou partie du Site sur un autre site ou tout autre support ;<\/li>\n<li>ne pas mettre en place des syst\u00e8mes susceptibles ou de nature \u00e0 pirater le Site en tout ou partie, ou de nature \u00e0 violer les pr\u00e9sentes CGU,<\/li>\n<li>informer ELICIT PLANT d\u00e8s que Vous avez connaissance d\u2019un \u00ab <em>piratage <\/em>\u00bb, et en particulier de toute utilisation illicite ou non contractuelle des \u00e9l\u00e9ments figurant sur le Site et ce, quel que soit le mode de diffusion utilis\u00e9\u00a0;<\/li>\n<li>respecter les pr\u00e9sentes CGU.<\/li>\n<\/ul>\n<p>1.2.<\/p>\n<p>Le Site a notamment pour fonctionnalit\u00e9s :<\/p>\n<ul>\n<li>la pr\u00e9sentation d\u2019ELICIT PLANT et de son activit\u00e9 ;<\/li>\n<li>la diffusion et publication d\u2019informations quant aux activit\u00e9s, produits et services d\u2019ELICIT PLANT ;<\/li>\n<li>la publication d\u2019offre d\u2019emplois chez ELICIT PLANT ;<\/li>\n<li>la prise de contact avec les diff\u00e9rents services d\u2019ELICIT PLANT.<\/li>\n<\/ul>\n<h2><\/h2>\n<h2>ARTICLE 2\u00a0 &#8211;\u00a0 PROPRIETE INTELLECTUELLE<\/h2>\n<p>ELICIT PLANT vous accorde un simple droit de consultation des informations et contenus accessibles sur le Site pendant votre dur\u00e9e d\u2019acc\u00e8s et de consultation.<\/p>\n<p>L\u2019ensemble des \u00e9l\u00e9ments et contenus du Site internet, notamment les marques, logos, images, dessins, graphismes, chartes graphiques, ic\u00f4nes, structures, pr\u00e9sentations, contenus textuels, ainsi que toutes les applications informatiques qui pourraient \u00eatre utilis\u00e9es pour faire fonctionner ce Site, sont et demeurent la propri\u00e9t\u00e9 exclusive d\u2019ELICIT PLANT et\/ou de ses partenaires.<\/p>\n<p>Les marques verbales et visuelles (logos) ELICIT PLANT, ou d\u00e9signant ses produits et services, font l\u2019objet d\u2019une protection au titre de droits de propri\u00e9t\u00e9 intellectuelle, et sont notamment d\u00e9pos\u00e9es \u00e0 titre de marques en France et \u00e0 l\u2019international.<\/p>\n<p>Par cons\u00e9quent toute reproduction, repr\u00e9sentation, utilisation, modification ou adaptation, sous quelque forme que ce soit, de tout ou partie des \u00e9l\u00e9ments et contenus, y compris les applications informatiques, du Site sans l\u2019accord pr\u00e9alable, expr\u00e8s et \u00e9crit d\u2019ELICIT PLANT sont strictement interdites, et sont passibles de poursuites, notamment sur le fondement de la contrefa\u00e7on et de la concurrence d\u00e9loyale conform\u00e9ment \u00e0 la r\u00e9glementation en vigueur.<\/p>\n<p>Le fait qu\u2019ELICIT PLANT n\u2019engage pas de proc\u00e9dure d\u00e8s la prise de connaissance de ces utilisations non autoris\u00e9es ne vaut pas acceptation desdites utilisations et renonciation aux poursuites.<\/p>\n<p>&nbsp;<\/p>\n<h2>ARTICLE 3\u00a0 &#8211;\u00a0 GESTION DU SITE<\/h2>\n<p>Pour assurer la bonne gestion du site, ELICIT PLANT pourra \u00e0 tout moment, de mani\u00e8re permanente ou provisoire:<\/p>\n<ul>\n<li>suspendre, interrompre ou limiter l\u2019acc\u00e8s \u00e0 tout ou partie du Site, r\u00e9server l\u2019acc\u00e8s au Site, ou \u00e0 certaines parties du Site \u00e0 une cat\u00e9gorie d\u00e9termin\u00e9e d\u2019internautes ;<\/li>\n<\/ul>\n<ul>\n<li>supprimer et\/ou modifier toute ou partie de la configuration du Site, ou toute information pouvant en perturber le fonctionnement, ou entrant en contradiction avec les lois nationales ou internationales, ou avec les r\u00e8gles de la \u00ab N\u00e9tiquette \u00bb ;<\/li>\n<\/ul>\n<ul>\n<li>suspendre le Site, notamment afin de proc\u00e9der \u00e0 des mises \u00e0 jour, et\/ou op\u00e9rations de maintenance. Les interventions de maintenance pourront \u00eatre effectu\u00e9es sans que Vous en ayez \u00e9t\u00e9 pr\u00e9alablement averti.<\/li>\n<\/ul>\n<p>&nbsp;<\/p>\n<p><span style=\"font-size: 2.25rem; font-weight: 600; letter-spacing: -0.0536em;\">ARTICLE 4\u00a0 &#8211;\u00a0 RESPONSABILITES<\/span><\/p>\n<p>4.1.<\/p>\n<p>Les informations qui apparaissent sur le site d\u2019ELICIT PLANT sont donn\u00e9es \u00e0 titre indicatif, et ne constituent aucunement une offre pour un produit ou service sp\u00e9cifique d\u00e9livr\u00e9 par ELICIT PLANT. Si Vous souhaitez conna\u00eetre le d\u00e9tail des prestations d\u00e9livr\u00e9es par ELICIT PLANT, Vous pouvez la contacter directement via les coordonn\u00e9es indiqu\u00e9es sur le Site.<\/p>\n<p>Si ELICIT PLANT prend les soins raisonnables aux fins de v\u00e9rifier l\u2019ensemble des informations fournies sur son Site, elle ne garantit pas que les informations diffus\u00e9es sur ce Site, ainsi que sur les sites qui peuvent y \u00eatre li\u00e9s, soient compl\u00e8tes, exactes et \u00e0 jour \u00e0 tout instant.<\/p>\n<p>4.2.<\/p>\n<p>ELICIT PLANT fera tout effort raisonnable aux fins de s\u00e9curiser l\u2019acc\u00e8s, la consultation et l\u2019utilisation du Site, dans le cadre et la limite d\u2019une obligation de moyen.<\/p>\n<p>Le Site est accessible 24 heures sur 24, 7 jours sur 7, sauf notamment en cas de force majeure, d\u2019une cause \u00e9trang\u00e8re, de la survenance d\u2019un \u00e9v\u00e8nement hors de son contr\u00f4le, et en tout \u00e9tat de cause sous r\u00e9serve des \u00e9ventuelles pannes, dysfonctionnements et interventions de maintenance corrective ou \u00e9volutive li\u00e9s aux al\u00e9a de l\u2019Internet, et\/ou n\u00e9cessaires au bon fonctionnement et \u00e0 l\u2019\u00e9volution du Site.<\/p>\n<p>La responsabilit\u00e9 d\u2019ELICIT PLANT ne peut \u00eatre engag\u00e9e en cas de d\u00e9faillance, panne, difficult\u00e9 ou interruption de fonctionnement emp\u00eachant l\u2019acc\u00e8s au Site ou \u00e0 une de ses fonctionnalit\u00e9s.<\/p>\n<p>4.3.<\/p>\n<p>Le mat\u00e9riel de connexion au Site que Vous utilisez est sous votre enti\u00e8re responsabilit\u00e9.<\/p>\n<p>Vous devez prendre toutes les mesures appropri\u00e9es pour prot\u00e9ger votre mat\u00e9riel et vos propres donn\u00e9es notamment d\u2019attaques virales par Internet.<\/p>\n<p>Vous \u00eates par ailleurs le seul responsable de l\u2019usage que Vous fa\u00eetes du Site, ainsi que des sites, services et donn\u00e9es que Vous consultez et auxquelles Vous acc\u00e9dez via Internet.<\/p>\n<p>ELICIT PLANT n\u2019est ainsi pas responsable des dommages caus\u00e9s \u00e0 Vous-m\u00eame, \u00e0 des tiers et\/ou \u00e0 votre \u00e9quipement, ou encore de toute poursuite judiciaire \u00e0 votre encontre, du fait de votre connexion ou de votre utilisation du Site, ainsi que de tout service accessible via Internet, ou encore du fait du non-respect des pr\u00e9sentes CGU.<\/p>\n<p>Si ELICIT PLANT venait \u00e0 faire l&rsquo;objet d&rsquo;une proc\u00e9dure amiable ou judiciaire \u00e0 raison de votre utilisation du Site, ELICIT PLANT se r\u00e9serve la facult\u00e9 de se retourner contre Vous pour obtenir indemnisation de tous les pr\u00e9judices, sommes, condamnations et frais qui pourraient d\u00e9couler de cette proc\u00e9dure.<\/p>\n<h2>ARTICLE 5\u00a0 &#8211;\u00a0 LIENS HYPERTEXTES<\/h2>\n<p>5.1.<\/p>\n<p>Depuis le Site, ELICIT PLANT peut mettre \u00e0 votre disposition des liens vers d\u2019autres sites internet ou d&rsquo;autres sources d&rsquo;informations g\u00e9r\u00e9es par des sites partenaires.<\/p>\n<p>Dans la mesure o\u00f9 ELICIT PLANT ne peut exercer un contr\u00f4le sur ces services partenaires et ces sources externes, les liens directs ou indirects contenus sur ce Site et renvoyant sur d\u2019autres sites internet sont fournis sans aucune garantie, en l\u2019\u00e9tat et \u00e0 votre risque et p\u00e9ril.<\/p>\n<p>ELICIT PLANT d\u00e9cline donc toute responsabilit\u00e9 quant \u00e0 la mise \u00e0 disposition et les contenus de ces sites et sources externes, et notamment toutes publicit\u00e9s, produits, services ou tout autre mat\u00e9riel disponible sur ou \u00e0 partir de ces sites ou sources externes, ainsi que des dommages qu\u2019ils pourraient \u00e9ventuellement causer.<\/p>\n<p>5.2.<\/p>\n<p>La cr\u00e9ation et\/ou mise en place d\u2019un lien hypertexte par Vous vers l\u2019ensemble du contenu du Site ou toute autre technique consistant \u00e0 afficher une partie du Site sur un site tiers est strictement interdite, et ne peut donc se faire qu\u2019avec l\u2019autorisation expresse, pr\u00e9alable et \u00e9crite d\u2019ELICIT PLANT, et ce sous r\u00e9serve de ne pas alt\u00e9rer les informations d\u2019origine pr\u00e9sentes sur le site ou leur provenance.<\/p>\n<p>Dans le cas o\u00f9 ELICIT PLANT Vous accorderait une telle autorisation, celle-ci ne sera, dans tous les cas, que temporaire et pourra \u00eatre retir\u00e9e \u00e0 tout moment, sans obligation de justification \u00e0 la charge d\u2019ELICIT PLANT.<\/p>\n<p>En tout \u00e9tat de cause, tout lien que Vous pourriez ins\u00e9rer sur le Site devra \u00eatre retir\u00e9 \u00e0 premi\u00e8re demande d\u2019ELICIT PLANT.<\/p>\n<p>&nbsp;<\/p>\n<h2>ARTICLE 6\u00a0 &#8211;\u00a0 PROTECTION DES DONNEES PERSONNELLES<\/h2>\n<p>Vous pouvez prendre connaissance des traitements qu\u2019ELICIT PLANT peut \u00eatre amen\u00e9e \u00e0 r\u00e9aliser sur vos donn\u00e9es personnelles, ainsi que plus g\u00e9n\u00e9ralement de ses engagements en mati\u00e8re de protection des donn\u00e9es personnelles en acc\u00e9dant \u00e0 notre Politique de confidentialit\u00e9.<\/p>\n<p>&nbsp;<\/p>\n<h2>ARTICLE 7\u00a0 &#8211;\u00a0 COOKIES<\/h2>\n<p>Pour plus d\u2019informations concernant les cookies utilis\u00e9s dans le cadre du Site, et la gestion de votre consentement, reportez-Vous \u00e0 notre Charte des Cookies.<\/p>\n<p>&nbsp;<\/p>\n<h2>ARTICLE 8\u00a0 &#8211;\u00a0 LOI APPLICABLE \/ TRIBUNAL COMPETENT<\/h2>\n<p>Les pr\u00e9sentes CGU sont soumises aux lois fran\u00e7aises et rel\u00e8vent de la comp\u00e9tence exclusive des tribunaux fran\u00e7ais.<\/p>\n\n            <div style=\"clear: both;\"><\/div>\n        <\/div>\n    <\/div>\n<\/section>\n","protected":false},"excerpt":{"rendered":"<p>Les mentions l\u00e9gales ci-dessous s\u2019appliquent au pr\u00e9sent site internet www.elicit-plant.com D\u00e9nomination sociale\u00a0: ELICIT PLANT Si\u00e8ge social\u00a0: LIEUDIT LE CHATAIGNIER, 1 PAS DE LA CROIX, 16220 MOULINS-SUR-TARDOIRE, CHARENTE (16) Forme juridique\u00a0: Soci\u00e9t\u00e9 par Actions Simplifi\u00e9e Capital social : 139 417,50 \u20ac Immatricul\u00e9e au RCS d\u2019Angoul\u00eame\u00a0: num\u00e9ro SIREN\u00a0: 831 286 455 et num\u00e9ro SIRET\u00a0: 831 286 455 00025 N\u00b0 TVA intracommunautaire\u00a0: FR47831286455 Directeur de la publication\u00a0: Monsieur Jean-Fran\u00e7ois DECHANT T\u00e9l\u00e9phone\u00a0: +33\u00a005 45 23 18 38 Mail\u00a0: dataprivacy@elicit-plant.com \u00a0H\u00e9bergeur\u00a0: Infomaniak, D\u00e9nomination sociale\u00a0: Infomaniak Network SA Adresse\u00a0: Rue Eug\u00e8ne Marziano 25 &#8211; 1227 Les Acacias (GE) Contact \u00a0 CONDITIONS GENERALES D\u2019UTILISATION DU SITE INTERNET WWW.ELICIT-PLANT.COM &nbsp; L\u2019acc\u00e8s, la consultation et l\u2019utilisation du site www. https:\/\/www.elicit-plant.com (\u00ab\u00a0Site internet\u00a0\u00bb ou \u00ab\u00a0Site\u00a0\u00bb) sont r\u00e9gis par les pr\u00e9sentes&#8230;<\/p>\n","protected":false},"author":7,"featured_media":0,"parent":0,"menu_order":0,"comment_status":"closed","ping_status":"closed","template":"","meta":{"_acf_changed":false,"footnotes":""},"class_list":["post-2226","page","type-page","status-publish","hentry"],"acf":[],"yoast_head":"<!-- This site is optimized with the Yoast SEO plugin v27.3 - https:\/\/yoast.com\/product\/yoast-seo-wordpress\/ -->\n<title>Mentions l\u00e9gales - Elicit Plant France<\/title>\n<meta name=\"description\" content=\"Nos mentions l\u00e9gales\" \/>\n<meta name=\"robots\" content=\"noindex, follow\" \/>\n<meta property=\"og:locale\" content=\"fr_FR\" \/>\n<meta property=\"og:type\" content=\"article\" \/>\n<meta property=\"og:title\" content=\"Mentions l\u00e9gales - Elicit Plant France\" \/>\n<meta property=\"og:description\" content=\"Nos mentions l\u00e9gales\" \/>\n<meta property=\"og:url\" content=\"https:\/\/www.elicit-plant.com\/fr\/mentions-legales\/\" \/>\n<meta property=\"og:site_name\" content=\"Elicit Plant France\" \/>\n<meta property=\"article:modified_time\" content=\"2025-10-07T08:00:16+00:00\" \/>\n<meta name=\"twitter:card\" content=\"summary_large_image\" \/>\n<script type=\"application\/ld+json\" class=\"yoast-schema-graph\">{\"@context\":\"https:\\\/\\\/schema.org\",\"@graph\":[{\"@type\":\"WebPage\",\"@id\":\"https:\\\/\\\/www.elicit-plant.com\\\/fr\\\/mentions-legales\\\/\",\"url\":\"https:\\\/\\\/www.elicit-plant.com\\\/fr\\\/mentions-legales\\\/\",\"name\":\"Mentions l\u00e9gales - Elicit Plant France\",\"isPartOf\":{\"@id\":\"https:\\\/\\\/www.elicit-plant.com\\\/fr\\\/#website\"},\"datePublished\":\"2023-08-30T14:05:28+00:00\",\"dateModified\":\"2025-10-07T08:00:16+00:00\",\"description\":\"Nos mentions l\u00e9gales\",\"breadcrumb\":{\"@id\":\"https:\\\/\\\/www.elicit-plant.com\\\/fr\\\/mentions-legales\\\/#breadcrumb\"},\"inLanguage\":\"fr-FR\",\"potentialAction\":[{\"@type\":\"ReadAction\",\"target\":[\"https:\\\/\\\/www.elicit-plant.com\\\/fr\\\/mentions-legales\\\/\"]}]},{\"@type\":\"BreadcrumbList\",\"@id\":\"https:\\\/\\\/www.elicit-plant.com\\\/fr\\\/mentions-legales\\\/#breadcrumb\",\"itemListElement\":[{\"@type\":\"ListItem\",\"position\":1,\"name\":\"Accueil\",\"item\":\"https:\\\/\\\/www.elicit-plant.com\\\/fr\\\/\"},{\"@type\":\"ListItem\",\"position\":2,\"name\":\"Mentions l\u00e9gales\"}]},{\"@type\":\"WebSite\",\"@id\":\"https:\\\/\\\/www.elicit-plant.com\\\/fr\\\/#website\",\"url\":\"https:\\\/\\\/www.elicit-plant.com\\\/fr\\\/\",\"name\":\"Elicit Plant France\",\"description\":\"Elicit Plant est experte dans la ma\u00eetrise de l\u2019apport des phytost\u00e9rols sur les cultures en plein champ. En r\u00e9duisant le stress des plantes, cette technologie am\u00e9liore les rendements et pr\u00e9serve les ressources naturelles.\",\"potentialAction\":[{\"@type\":\"SearchAction\",\"target\":{\"@type\":\"EntryPoint\",\"urlTemplate\":\"https:\\\/\\\/www.elicit-plant.com\\\/fr\\\/?s={search_term_string}\"},\"query-input\":{\"@type\":\"PropertyValueSpecification\",\"valueRequired\":true,\"valueName\":\"search_term_string\"}}],\"inLanguage\":\"fr-FR\"}]}<\/script>\n<!-- \/ Yoast SEO plugin. -->","yoast_head_json":{"title":"Mentions l\u00e9gales - Elicit Plant France","description":"Nos mentions l\u00e9gales","robots":{"index":"noindex","follow":"follow"},"og_locale":"fr_FR","og_type":"article","og_title":"Mentions l\u00e9gales - Elicit Plant France","og_description":"Nos mentions l\u00e9gales","og_url":"https:\/\/www.elicit-plant.com\/fr\/mentions-legales\/","og_site_name":"Elicit Plant France","article_modified_time":"2025-10-07T08:00:16+00:00","twitter_card":"summary_large_image","schema":{"@context":"https:\/\/schema.org","@graph":[{"@type":"WebPage","@id":"https:\/\/www.elicit-plant.com\/fr\/mentions-legales\/","url":"https:\/\/www.elicit-plant.com\/fr\/mentions-legales\/","name":"Mentions l\u00e9gales - Elicit Plant France","isPartOf":{"@id":"https:\/\/www.elicit-plant.com\/fr\/#website"},"datePublished":"2023-08-30T14:05:28+00:00","dateModified":"2025-10-07T08:00:16+00:00","description":"Nos mentions l\u00e9gales","breadcrumb":{"@id":"https:\/\/www.elicit-plant.com\/fr\/mentions-legales\/#breadcrumb"},"inLanguage":"fr-FR","potentialAction":[{"@type":"ReadAction","target":["https:\/\/www.elicit-plant.com\/fr\/mentions-legales\/"]}]},{"@type":"BreadcrumbList","@id":"https:\/\/www.elicit-plant.com\/fr\/mentions-legales\/#breadcrumb","itemListElement":[{"@type":"ListItem","position":1,"name":"Accueil","item":"https:\/\/www.elicit-plant.com\/fr\/"},{"@type":"ListItem","position":2,"name":"Mentions l\u00e9gales"}]},{"@type":"WebSite","@id":"https:\/\/www.elicit-plant.com\/fr\/#website","url":"https:\/\/www.elicit-plant.com\/fr\/","name":"Elicit Plant France","description":"Elicit Plant est experte dans la ma\u00eetrise de l\u2019apport des phytost\u00e9rols sur les cultures en plein champ. En r\u00e9duisant le stress des plantes, cette technologie am\u00e9liore les rendements et pr\u00e9serve les ressources naturelles.","potentialAction":[{"@type":"SearchAction","target":{"@type":"EntryPoint","urlTemplate":"https:\/\/www.elicit-plant.com\/fr\/?s={search_term_string}"},"query-input":{"@type":"PropertyValueSpecification","valueRequired":true,"valueName":"search_term_string"}}],"inLanguage":"fr-FR"}]}},"_links":{"self":[{"href":"https:\/\/www.elicit-plant.com\/fr\/wp-json\/wp\/v2\/pages\/2226","targetHints":{"allow":["GET"]}}],"collection":[{"href":"https:\/\/www.elicit-plant.com\/fr\/wp-json\/wp\/v2\/pages"}],"about":[{"href":"https:\/\/www.elicit-plant.com\/fr\/wp-json\/wp\/v2\/types\/page"}],"author":[{"embeddable":true,"href":"https:\/\/www.elicit-plant.com\/fr\/wp-json\/wp\/v2\/users\/7"}],"replies":[{"embeddable":true,"href":"https:\/\/www.elicit-plant.com\/fr\/wp-json\/wp\/v2\/comments?post=2226"}],"version-history":[{"count":7,"href":"https:\/\/www.elicit-plant.com\/fr\/wp-json\/wp\/v2\/pages\/2226\/revisions"}],"predecessor-version":[{"id":6872,"href":"https:\/\/www.elicit-plant.com\/fr\/wp-json\/wp\/v2\/pages\/2226\/revisions\/6872"}],"wp:attachment":[{"href":"https:\/\/www.elicit-plant.com\/fr\/wp-json\/wp\/v2\/media?parent=2226"}],"curies":[{"name":"wp","href":"https:\/\/api.w.org\/{rel}","templated":true}]}}