{"id":2268,"date":"2023-08-31T15:34:35","date_gmt":"2023-08-31T13:34:35","guid":{"rendered":"https:\/\/www.elicit-plant.com\/?page_id=2268"},"modified":"2024-03-14T14:44:43","modified_gmt":"2024-03-14T13:44:43","slug":"best-a-de-lespoir-pour-lavenir","status":"publish","type":"page","link":"https:\/\/www.elicit-plant.com\/fr\/temoignages\/best-a-de-lespoir-pour-lavenir\/","title":{"rendered":"T\u00e9moignage : Best-a : de l\u2019espoir pour l\u2019avenir"},"content":{"rendered":"<section class=\"cbo-hero cbo-margin-container hero--colorgreen\" data-anim-group>\n\t<div class=\"cbo-breadcrumbs breadcrumbs--normal\">\n  <div class=\"breadcrumbs-inner\">\n    <span><span><a href=\"https:\/\/www.elicit-plant.com\/fr\/\">Accueil<\/a><\/span><\/span>\t<\/div>\n<\/div>\n\t<div class=\"hero-inner cbo-container container--padding\">\n\n\t\t<div class=\"hero-shapes\">\n\t\t\t<div class=\"shapes-color scale-up\"><\/div>\n\n\t\t\t<div class=\"shapes-picture cbo-picture-cover scale-up\"  data-delay=\"450\">\n\t\t\t\t\t\t\t<\/div>\n\t\t<\/div>\n\n\t\t<div class=\"hero-content cbo-cms cms--large cms--white\">\n\t\t\t<div class=\"content-text\">\n\t\t\t\t<h1 class=\"hero-title cbo-heading slide-down\">\n\t\t\t\t\tBest-a : de l\u2019espoir pour l\u2019avenir\t\t\t\t<\/h1>\n\n\t\t\t\t\t\t\t<\/div>\n\t\t<\/div>\n\n\t<\/div>\n<\/section>\n\n<section class=\"cbo-text cbo-margin-container\">\n    <div class=\"\n        text-inner\n                cbo-container\n        container--small        \"\n    >\n        <div class=\"text-content cbo-cms cms--large\">\n            <h2 class=\"index-title entry-title\">D\u00e9couvrez le t\u00e9moignage de\u00a0Philippe Merle, directeur du P\u00f4le Agriculture Oc\u00e9alia &#8211; COOPERATIVE<\/h2>\n<div class=\"entry-content\">Philippe Merle, directeur du P\u00f4le Agriculture d\u2019Oc\u00e9alia, explique les enjeux de la coop\u00e9rative concernant la gestion du stress hydrique des grandes cultures.<\/div>\n\n            <div style=\"clear: both;\"><\/div>\n        <\/div>\n    <\/div>\n<\/section>\n\n\n<section class=\"cbo-video video--normal video--titleover cbo-margin-container\">\n\t<div class=\"video-inner cbo-container container--small\">\n\n\t\t\n\t\t<div class=\"video-player\" data-player-ancestor>\n\n\t\t\t<div class=\"player-inner\">\n\t\t\t\t<div class=\"cbo-youtube\">\n\t<div class=\"youtube-inner\">\n\n\t\t\t\t<div\n\t\t\tclass=\"youtube-player\"\n\t\t\tdata-id=\"6ES14KBGwZQ\"\n\t\t\tid=\"yt_39Rqg5bM6n\"\n\t\t><\/div>\n\t\t\n\t\t<div class=\"youtube-cover cbo-picture-cover\">\n\n\t\t\t<img decoding=\"async\" src=\"https:\/\/www.elicit-plant.com\/app\/uploads\/sites\/1\/2023\/07\/philippe-merle-charente-16-350x481-1.jpg\"  sizes=\"100vw\" class=\"\" alt=\"\"  loading=\"lazy\" \/>\n\t\t\t<button type=\"button\" class=\"cover-button cbo-youtube-button\">\n\t\t\t\t<i class=\"icon icon-play\"><\/i>\n\t\t\t\t<div class=\"button-spinner cbo-spinner\">\n\t\t\t\t\t<div><\/div>\n\t\t\t\t\t<div><\/div>\n\t\t\t\t\t<div><\/div>\n\t\t\t\t\t<div><\/div>\n\t\t\t\t<\/div>\n\t\t\t<\/button>\n\t\t<\/div>\n\n\t<\/div>\n\n\t<\/div>\t\t\t<\/div>\n\n\t\t\t\t\t\t<div class=\"player-content\">\n\t\t\t\t<button type=\"button\" class=\"content-button cbo-youtube-button\" data-player-button>\n\t\t\t\t\t<i class=\"icon icon-play\"><\/i>\n\t\t\t\t<\/button>\n\n\t\t\t\t<h3 class=\"content-title\">\n\t\t\t\t\tGestion du stress hydrique des cultures : quels enjeux pour Oc\u00e9alia ?\t\t\t\t<\/h3>\n\t\t\t<\/div>\n\t\t\t\n\t\t<\/div>\n\t<\/div>\n<\/section>\n\n\n<section class=\"cbo-text cbo-margin-container\">\n    <div class=\"\n        text-inner\n                cbo-container\n        container--small        \"\n    >\n        <div class=\"text-content cbo-cms cms--large\">\n            <p>Le stress hydrique est un enjeu majeur pour Oc\u00e9alia, qui op\u00e8re sur la Nouvelle-Aquitaine. La coop\u00e9rative aux 10 000 adh\u00e9rents se donne pour objectif d\u2019acc\u00e9l\u00e9rer la transition agro-\u00e9cologique de ses exploitations. Parmi les mesures : allonger les rotations et chercher de nouvelles fili\u00e8res \u201c<em>pour avoi<\/em>r\u00a0<em>un concept d\u2019agriculture de troisi\u00e8me voie plus \u00e9conome en intrants et plus r\u00e9mun\u00e9rateur pour les adh\u00e9rents<\/em>\u201d, explique Philippe Merle. L\u2019allongement des rotations demandera plus de cultures d\u2019\u00e9t\u00e9, toutefois l\u2019acc\u00e8s \u00e0 l\u2019eau est limit\u00e9.<\/p>\n<p>Oc\u00e9alia a vu dans le Best-a un moyen de r\u00e9pondre \u00e0 ces enjeux dans les zones irrigu\u00e9es, voire dans des zones s\u00e8ches.<\/p>\n\n            <div style=\"clear: both;\"><\/div>\n        <\/div>\n    <\/div>\n<\/section>\n\n\n\n<section class=\"cbo-quote\">\n    <div class=\"quote-inner cbo-container container--small\">\n\n        <div class=\"quote-infos\">\n            <i class=\"icon icon-quote\"><\/i>\n\n                            directeur du P\u00f4le Agronomique.                    <\/div>\n       \n        <div class=\"quote-content cbo-title-3\">\n\t\t\tTout ce qui pourra aider la plante \u00e0 passer les p\u00e9riodes de stress hydrique nous int\u00e9resse fortement,\t\t<\/div>\n    <\/div>\n<\/section>\n\n<section class=\"cbo-text cbo-margin-container\">\n    <div class=\"\n        text-inner\n                cbo-container\n        container--small        \"\n    >\n        <div class=\"text-content cbo-cms cms--large\">\n            <h2 class=\"wp-block-heading\">Vers l\u2019autonomie prot\u00e9ique<\/h2>\n<p>Philippe Merle constate que la coop\u00e9rative teste r\u00e9guli\u00e8rement des biostimulants, avec des r\u00e9sultats plus ou moins probants. Il consid\u00e8re que l\u2019action des phytost\u00e9rols tels qu\u2019ils ont \u00e9t\u00e9 travaill\u00e9s est un concept tr\u00e8s int\u00e9ressant. C\u2019est pour cela qu\u2019Oc\u00e9alia a d\u00e9cid\u00e9 de les mettre en essai en mico-parcelles et en plein champs\u00a0d\u00e8s la premi\u00e8re ann\u00e9e.<\/p>\n\n            <div style=\"clear: both;\"><\/div>\n        <\/div>\n    <\/div>\n<\/section>\n\n\n\n<section class=\"cbo-quote\">\n    <div class=\"quote-inner cbo-container container--small\">\n\n        <div class=\"quote-infos\">\n            <i class=\"icon icon-quote\"><\/i>\n\n                            Philippe Merle                    <\/div>\n       \n        <div class=\"quote-content cbo-title-3\">\n\t\t\tLe produit nous paraissait un peu novateur et diff\u00e9rent de ce qu\u2019on avait pu proposer, ce qui nous a s\u00e9duits et donc nous avons fait le pas d\u00e8s la premi\u00e8re ann\u00e9e\t\t<\/div>\n    <\/div>\n<\/section>\n\n\n<section class=\"cbo-quote\">\n    <div class=\"quote-inner cbo-container container--small\">\n\n        <div class=\"quote-infos\">\n            <i class=\"icon icon-quote\"><\/i>\n\n                    <\/div>\n       \n        <div class=\"quote-content cbo-title-3\">\n\t\t\tLe produit nous a \u00e9t\u00e9 pr\u00e9sent\u00e9 sur le soja avec de tr\u00e8s bons r\u00e9sultats. Or, c\u2019est une culture que nous voulons d\u00e9velopper demain pour notre agriculture de troisi\u00e8me voie et pour nos fili\u00e8res animales, pour une autonomie prot\u00e9ique locale\u201d.\t\t<\/div>\n    <\/div>\n<\/section>\n\n<section class=\"cbo-text cbo-margin-container\">\n    <div class=\"\n        text-inner\n                cbo-container\n        container--small        \"\n    >\n        <div class=\"text-content cbo-cms cms--large\">\n            <h2 class=\"wp-block-heading\">Des r\u00e9sultats prometteurs<\/h2>\n<p>Pour le directeur du P\u00f4le, les premiers r\u00e9sultats semblent prometteurs. Durant l\u2019ann\u00e9e 2021, le stress hydrique n\u2019a quasiment pas exist\u00e9, et d\u00e9j\u00e0 des r\u00e9sultats sont visibles au rendement.<\/p>\n\n            <div style=\"clear: both;\"><\/div>\n        <\/div>\n    <\/div>\n<\/section>\n\n\n\n<section class=\"cbo-quote\">\n    <div class=\"quote-inner cbo-container container--small\">\n\n        <div class=\"quote-infos\">\n            <i class=\"icon icon-quote\"><\/i>\n\n                    <\/div>\n       \n        <div class=\"quote-content cbo-title-3\">\n\t\t\tCela nous laisse beaucoup d\u2019espoir pour l\u2019avenir car 4 ann\u00e9es sur 5, nous avons des stress de d\u00e9but de campagne qui sont pr\u00e9judiciables au rendement,\r\n\r\n\t\t<\/div>\n    <\/div>\n<\/section>\n\n<section class=\"cbo-text cbo-margin-container\">\n    <div class=\"\n        text-inner\n                cbo-container\n        container--small        \"\n    >\n        <div class=\"text-content cbo-cms cms--large\">\n            <p>Objectifs \u00e0 venir pour Oc\u00e9alia : diffuser l\u2019utilisation du Best-a plus largement aupr\u00e8s des adh\u00e9rents, en soja comme en ma\u00efs.<\/p>\n\n            <div style=\"clear: both;\"><\/div>\n        <\/div>\n    <\/div>\n<\/section>\n\n\n<section class=\"cbo-featuredlinks featuredlinks--colorwhite\">\n\t<div class=\"featuredlinks-inner cbo-container \">\n\n\t\t\t\t\t<h2 class=\"cbo-title-2 featuredlinks-title\">\n\t\t\t\tEn savoir plus\t\t\t<\/h2>\n\t\t\n\t\t<div class=\"featuredlinks-list\" data-anim-group data-group-delay=\"100\">\n\t\t\t\n\t\t\t<div class=\"list-el\">\n\t\t\t\t<a class=\"el-inner\" href=\"https:\/\/www.elicit-plant.com\/fr\/temoignages\/\">\n\n\t\t\t\t\t<figure class=\"inner-picture cbo-picture-cover\">\n\t\t\t\t\t\t<img decoding=\"async\" src=\"https:\/\/www.elicit-plant.com\/app\/uploads\/sites\/1\/2023\/11\/Tous-les-temoignages.jpg\" srcset=\"https:\/\/www.elicit-plant.com\/app\/uploads\/sites\/1\/2023\/11\/Tous-les-temoignages-320x205.jpg 320w, https:\/\/www.elicit-plant.com\/app\/uploads\/sites\/1\/2023\/11\/Tous-les-temoignages.jpg 840w, https:\/\/www.elicit-plant.com\/app\/uploads\/sites\/1\/2023\/11\/Tous-les-temoignages.jpg 1024w, https:\/\/www.elicit-plant.com\/app\/uploads\/sites\/1\/2023\/11\/Tous-les-temoignages.jpg 1400w\" class=\"\" alt=\"Tous nos t\u00e9moignages\" width=\"547\" height=\"350\" sizes=\"auto, 100vw\" loading=\"lazy\" \/>\t\t\t\t\t<\/figure>\n\n\t\t\t\t\t<h3 class=\"inner-title cbo-title-3\">\n\t\t\t\t\t\tD\u00e9couvrez tous nos t\u00e9moignages\t\t\t\t\t<\/h3>\n\n\t\t\t\t\t<span class=\"inner-button cbo-buttonmore\">\n\t\t\t\t\t\t<i class=\"icon icon-cross\"><\/i>\n\t\t\t\t\t<\/span>\n\t\t\t\t<\/a>\n\t\t\t<\/div>\n\n\t\t\t\n\t\t\t<div class=\"list-el\">\n\t\t\t\t<a class=\"el-inner\" href=\"https:\/\/www.elicit-plant.com\/fr\/produits\/best-a-mais\/\">\n\n\t\t\t\t\t<figure class=\"inner-picture cbo-picture-cover\">\n\t\t\t\t\t\t<img decoding=\"async\" src=\"https:\/\/www.elicit-plant.com\/app\/uploads\/sites\/1\/2024\/03\/Bidon-Best-a-champ-de-mais.jpg\" srcset=\"https:\/\/www.elicit-plant.com\/app\/uploads\/sites\/1\/2024\/03\/Bidon-Best-a-champ-de-mais-320x214.jpg 320w, https:\/\/www.elicit-plant.com\/app\/uploads\/sites\/1\/2024\/03\/Bidon-Best-a-champ-de-mais.jpg 840w, https:\/\/www.elicit-plant.com\/app\/uploads\/sites\/1\/2024\/03\/Bidon-Best-a-champ-de-mais.jpg 1024w, https:\/\/www.elicit-plant.com\/app\/uploads\/sites\/1\/2024\/03\/Bidon-Best-a-champ-de-mais.jpg 1400w\" class=\"\" alt=\"Bidon Best-a dans un champ de ma\u00efs\" width=\"500\" height=\"334\" sizes=\"auto, 100vw\" loading=\"lazy\" \/>\t\t\t\t\t<\/figure>\n\n\t\t\t\t\t<h3 class=\"inner-title cbo-title-3\">\n\t\t\t\t\t\tVoir la fiche produit du Best-a Ma\u00efs\t\t\t\t\t<\/h3>\n\n\t\t\t\t\t<span class=\"inner-button cbo-buttonmore\">\n\t\t\t\t\t\t<i class=\"icon icon-cross\"><\/i>\n\t\t\t\t\t<\/span>\n\t\t\t\t<\/a>\n\t\t\t<\/div>\n\n\t\t\t\t\t<\/div>\n\n\t<\/div>\n<\/section>\n","protected":false},"excerpt":{"rendered":"<p>D\u00e9couvrez le t\u00e9moignage de\u00a0Philippe Merle, directeur du P\u00f4le Agriculture Oc\u00e9alia &#8211; COOPERATIVE Philippe Merle, directeur du P\u00f4le Agriculture d\u2019Oc\u00e9alia, explique les enjeux de la coop\u00e9rative concernant la gestion du stress hydrique des grandes cultures. Le stress hydrique est un enjeu majeur pour Oc\u00e9alia, qui op\u00e8re sur la Nouvelle-Aquitaine. La coop\u00e9rative aux 10 000 adh\u00e9rents se donne pour objectif d\u2019acc\u00e9l\u00e9rer la transition agro-\u00e9cologique de ses exploitations. Parmi les mesures : allonger les rotations et chercher de nouvelles fili\u00e8res \u201cpour avoir\u00a0un concept d\u2019agriculture de troisi\u00e8me voie plus \u00e9conome en intrants et plus r\u00e9mun\u00e9rateur pour les adh\u00e9rents\u201d, explique Philippe Merle. L\u2019allongement des rotations demandera plus de cultures d\u2019\u00e9t\u00e9, toutefois l\u2019acc\u00e8s \u00e0 l\u2019eau est limit\u00e9. Oc\u00e9alia a vu dans le Best-a un moyen de r\u00e9pondre \u00e0 ces enjeux dans les zones irrigu\u00e9es, voire dans des zones s\u00e8ches. Vers l\u2019autonomie prot\u00e9ique Philippe&#8230;<\/p>\n","protected":false},"author":3,"featured_media":0,"parent":568,"menu_order":0,"comment_status":"closed","ping_status":"closed","template":"","meta":{"_acf_changed":false,"footnotes":""},"class_list":["post-2268","page","type-page","status-publish","hentry"],"acf":[],"yoast_head":"<!-- This site is optimized with the Yoast SEO plugin v27.3 - https:\/\/yoast.com\/product\/yoast-seo-wordpress\/ -->\n<title>Best-a : de l\u2019espoir pour l\u2019avenir - Elicit Plant France<\/title>\n<meta name=\"description\" content=\"Philippe Merle, directeur du P\u00f4le Agriculture d\u2019Oc\u00e9alia, explique les enjeux de la coop\u00e9rative concernant la gestion du stress hydrique des grandes cultures.\" \/>\n<meta name=\"robots\" content=\"index, follow, max-snippet:-1, max-image-preview:large, max-video-preview:-1\" \/>\n<link rel=\"canonical\" href=\"https:\/\/www.elicit-plant.com\/fr\/temoignages\/best-a-de-lespoir-pour-lavenir\/\" \/>\n<meta property=\"og:locale\" content=\"fr_FR\" \/>\n<meta property=\"og:type\" content=\"article\" \/>\n<meta property=\"og:title\" content=\"Best-a : de l\u2019espoir pour l\u2019avenir - Elicit Plant France\" \/>\n<meta property=\"og:description\" content=\"Philippe Merle, directeur du P\u00f4le Agriculture d\u2019Oc\u00e9alia, explique les enjeux de la coop\u00e9rative concernant la gestion du stress hydrique des grandes cultures.\" \/>\n<meta property=\"og:url\" content=\"https:\/\/www.elicit-plant.com\/fr\/temoignages\/best-a-de-lespoir-pour-lavenir\/\" \/>\n<meta property=\"og:site_name\" content=\"Elicit Plant France\" \/>\n<meta property=\"article:modified_time\" content=\"2024-03-14T13:44:43+00:00\" \/>\n<meta name=\"twitter:card\" content=\"summary_large_image\" \/>\n<script type=\"application\/ld+json\" class=\"yoast-schema-graph\">{\"@context\":\"https:\\\/\\\/schema.org\",\"@graph\":[{\"@type\":\"WebPage\",\"@id\":\"https:\\\/\\\/www.elicit-plant.com\\\/fr\\\/temoignages\\\/best-a-de-lespoir-pour-lavenir\\\/\",\"url\":\"https:\\\/\\\/www.elicit-plant.com\\\/fr\\\/temoignages\\\/best-a-de-lespoir-pour-lavenir\\\/\",\"name\":\"Best-a : de l\u2019espoir pour l\u2019avenir - Elicit Plant France\",\"isPartOf\":{\"@id\":\"https:\\\/\\\/www.elicit-plant.com\\\/fr\\\/#website\"},\"datePublished\":\"2023-08-31T13:34:35+00:00\",\"dateModified\":\"2024-03-14T13:44:43+00:00\",\"description\":\"Philippe Merle, directeur du P\u00f4le Agriculture d\u2019Oc\u00e9alia, explique les enjeux de la coop\u00e9rative concernant la gestion du stress hydrique des grandes cultures.\",\"breadcrumb\":{\"@id\":\"https:\\\/\\\/www.elicit-plant.com\\\/fr\\\/temoignages\\\/best-a-de-lespoir-pour-lavenir\\\/#breadcrumb\"},\"inLanguage\":\"fr-FR\",\"potentialAction\":[{\"@type\":\"ReadAction\",\"target\":[\"https:\\\/\\\/www.elicit-plant.com\\\/fr\\\/temoignages\\\/best-a-de-lespoir-pour-lavenir\\\/\"]}]},{\"@type\":\"BreadcrumbList\",\"@id\":\"https:\\\/\\\/www.elicit-plant.com\\\/fr\\\/temoignages\\\/best-a-de-lespoir-pour-lavenir\\\/#breadcrumb\",\"itemListElement\":[{\"@type\":\"ListItem\",\"position\":1,\"name\":\"Accueil\",\"item\":\"https:\\\/\\\/www.elicit-plant.com\\\/fr\\\/\"},{\"@type\":\"ListItem\",\"position\":2,\"name\":\"T\u00e9moignages\",\"item\":\"https:\\\/\\\/www.elicit-plant.com\\\/fr\\\/temoignages\\\/\"},{\"@type\":\"ListItem\",\"position\":3,\"name\":\"T\u00e9moignage : Best-a : de l\u2019espoir pour l\u2019avenir\"}]},{\"@type\":\"WebSite\",\"@id\":\"https:\\\/\\\/www.elicit-plant.com\\\/fr\\\/#website\",\"url\":\"https:\\\/\\\/www.elicit-plant.com\\\/fr\\\/\",\"name\":\"Elicit Plant France\",\"description\":\"Elicit Plant est experte dans la ma\u00eetrise de l\u2019apport des phytost\u00e9rols sur les cultures en plein champ. En r\u00e9duisant le stress des plantes, cette technologie am\u00e9liore les rendements et pr\u00e9serve les ressources naturelles.\",\"potentialAction\":[{\"@type\":\"SearchAction\",\"target\":{\"@type\":\"EntryPoint\",\"urlTemplate\":\"https:\\\/\\\/www.elicit-plant.com\\\/fr\\\/?s={search_term_string}\"},\"query-input\":{\"@type\":\"PropertyValueSpecification\",\"valueRequired\":true,\"valueName\":\"search_term_string\"}}],\"inLanguage\":\"fr-FR\"}]}<\/script>\n<!-- \/ Yoast SEO plugin. -->","yoast_head_json":{"title":"Best-a : de l\u2019espoir pour l\u2019avenir - Elicit Plant France","description":"Philippe Merle, directeur du P\u00f4le Agriculture d\u2019Oc\u00e9alia, explique les enjeux de la coop\u00e9rative concernant la gestion du stress hydrique des grandes cultures.","robots":{"index":"index","follow":"follow","max-snippet":"max-snippet:-1","max-image-preview":"max-image-preview:large","max-video-preview":"max-video-preview:-1"},"canonical":"https:\/\/www.elicit-plant.com\/fr\/temoignages\/best-a-de-lespoir-pour-lavenir\/","og_locale":"fr_FR","og_type":"article","og_title":"Best-a : de l\u2019espoir pour l\u2019avenir - Elicit Plant France","og_description":"Philippe Merle, directeur du P\u00f4le Agriculture d\u2019Oc\u00e9alia, explique les enjeux de la coop\u00e9rative concernant la gestion du stress hydrique des grandes cultures.","og_url":"https:\/\/www.elicit-plant.com\/fr\/temoignages\/best-a-de-lespoir-pour-lavenir\/","og_site_name":"Elicit Plant France","article_modified_time":"2024-03-14T13:44:43+00:00","twitter_card":"summary_large_image","schema":{"@context":"https:\/\/schema.org","@graph":[{"@type":"WebPage","@id":"https:\/\/www.elicit-plant.com\/fr\/temoignages\/best-a-de-lespoir-pour-lavenir\/","url":"https:\/\/www.elicit-plant.com\/fr\/temoignages\/best-a-de-lespoir-pour-lavenir\/","name":"Best-a : de l\u2019espoir pour l\u2019avenir - Elicit Plant France","isPartOf":{"@id":"https:\/\/www.elicit-plant.com\/fr\/#website"},"datePublished":"2023-08-31T13:34:35+00:00","dateModified":"2024-03-14T13:44:43+00:00","description":"Philippe Merle, directeur du P\u00f4le Agriculture d\u2019Oc\u00e9alia, explique les enjeux de la coop\u00e9rative concernant la gestion du stress hydrique des grandes cultures.","breadcrumb":{"@id":"https:\/\/www.elicit-plant.com\/fr\/temoignages\/best-a-de-lespoir-pour-lavenir\/#breadcrumb"},"inLanguage":"fr-FR","potentialAction":[{"@type":"ReadAction","target":["https:\/\/www.elicit-plant.com\/fr\/temoignages\/best-a-de-lespoir-pour-lavenir\/"]}]},{"@type":"BreadcrumbList","@id":"https:\/\/www.elicit-plant.com\/fr\/temoignages\/best-a-de-lespoir-pour-lavenir\/#breadcrumb","itemListElement":[{"@type":"ListItem","position":1,"name":"Accueil","item":"https:\/\/www.elicit-plant.com\/fr\/"},{"@type":"ListItem","position":2,"name":"T\u00e9moignages","item":"https:\/\/www.elicit-plant.com\/fr\/temoignages\/"},{"@type":"ListItem","position":3,"name":"T\u00e9moignage : Best-a : de l\u2019espoir pour l\u2019avenir"}]},{"@type":"WebSite","@id":"https:\/\/www.elicit-plant.com\/fr\/#website","url":"https:\/\/www.elicit-plant.com\/fr\/","name":"Elicit Plant France","description":"Elicit Plant est experte dans la ma\u00eetrise de l\u2019apport des phytost\u00e9rols sur les cultures en plein champ. En r\u00e9duisant le stress des plantes, cette technologie am\u00e9liore les rendements et pr\u00e9serve les ressources naturelles.","potentialAction":[{"@type":"SearchAction","target":{"@type":"EntryPoint","urlTemplate":"https:\/\/www.elicit-plant.com\/fr\/?s={search_term_string}"},"query-input":{"@type":"PropertyValueSpecification","valueRequired":true,"valueName":"search_term_string"}}],"inLanguage":"fr-FR"}]}},"_links":{"self":[{"href":"https:\/\/www.elicit-plant.com\/fr\/wp-json\/wp\/v2\/pages\/2268","targetHints":{"allow":["GET"]}}],"collection":[{"href":"https:\/\/www.elicit-plant.com\/fr\/wp-json\/wp\/v2\/pages"}],"about":[{"href":"https:\/\/www.elicit-plant.com\/fr\/wp-json\/wp\/v2\/types\/page"}],"author":[{"embeddable":true,"href":"https:\/\/www.elicit-plant.com\/fr\/wp-json\/wp\/v2\/users\/3"}],"replies":[{"embeddable":true,"href":"https:\/\/www.elicit-plant.com\/fr\/wp-json\/wp\/v2\/comments?post=2268"}],"version-history":[{"count":11,"href":"https:\/\/www.elicit-plant.com\/fr\/wp-json\/wp\/v2\/pages\/2268\/revisions"}],"predecessor-version":[{"id":4644,"href":"https:\/\/www.elicit-plant.com\/fr\/wp-json\/wp\/v2\/pages\/2268\/revisions\/4644"}],"up":[{"embeddable":true,"href":"https:\/\/www.elicit-plant.com\/fr\/wp-json\/wp\/v2\/pages\/568"}],"wp:attachment":[{"href":"https:\/\/www.elicit-plant.com\/fr\/wp-json\/wp\/v2\/media?parent=2268"}],"curies":[{"name":"wp","href":"https:\/\/api.w.org\/{rel}","templated":true}]}}