{"id":2271,"date":"2023-08-31T15:52:58","date_gmt":"2023-08-31T13:52:58","guid":{"rendered":"https:\/\/www.elicit-plant.com\/?page_id=2271"},"modified":"2024-03-14T14:45:14","modified_gmt":"2024-03-14T13:45:14","slug":"essais-sur-les-fermes-dinnovations","status":"publish","type":"page","link":"https:\/\/www.elicit-plant.com\/fr\/temoignages\/essais-sur-les-fermes-dinnovations\/","title":{"rendered":"T\u00e9moignage : Essais sur les Fermes d\u2019Innovations"},"content":{"rendered":"<section class=\"cbo-hero cbo-margin-container hero--colorgreen\" data-anim-group>\n\t<div class=\"cbo-breadcrumbs breadcrumbs--normal\">\n  <div class=\"breadcrumbs-inner\">\n    <span><span><a href=\"https:\/\/www.elicit-plant.com\/fr\/\">Accueil<\/a><\/span><\/span>\t<\/div>\n<\/div>\n\t<div class=\"hero-inner cbo-container container--padding\">\n\n\t\t<div class=\"hero-shapes\">\n\t\t\t<div class=\"shapes-color scale-up\"><\/div>\n\n\t\t\t<div class=\"shapes-picture cbo-picture-cover scale-up\"  data-delay=\"450\">\n\t\t\t\t\t\t\t<\/div>\n\t\t<\/div>\n\n\t\t<div class=\"hero-content cbo-cms cms--large cms--white\">\n\t\t\t<div class=\"content-text\">\n\t\t\t\t<h1 class=\"hero-title cbo-heading slide-down\">\n\t\t\t\t\tEssais sur les Fermes d\u2019Innovations\t\t\t\t<\/h1>\n\n\t\t\t\t\t\t\t<\/div>\n\t\t<\/div>\n\n\t<\/div>\n<\/section>\n\n<section class=\"cbo-text cbo-margin-container\">\n    <div class=\"\n        text-inner\n                cbo-container\n        container--small        \"\n    >\n        <div class=\"text-content cbo-cms cms--large\">\n            <h2 class=\"index-title entry-title\">D\u00e9couvrez le t\u00e9moignage de S\u00e9bastien Forest, responsable du march\u00e9 nutrition Oc\u00e9alia &#8211; COOPERATIVE<\/h2>\n<div class=\"entry-content\">\n<p>Responsable du march\u00e9 nutrition chez Oc\u00e9alia, S\u00e9bastien Forest revient sur les essais mis en place dans les Fermes d\u2019Innovations de la coop\u00e9rative. Objectif : valider l\u2019int\u00e9r\u00eat du BEST-a pour lutter contre le stress hydrique.<\/p>\n<\/div>\n\n            <div style=\"clear: both;\"><\/div>\n        <\/div>\n    <\/div>\n<\/section>\n\n\n<section class=\"cbo-video video--normal video--titleover cbo-margin-container\">\n\t<div class=\"video-inner cbo-container container--small\">\n\n\t\t\n\t\t<div class=\"video-player\" data-player-ancestor>\n\n\t\t\t<div class=\"player-inner\">\n\t\t\t\t<div class=\"cbo-youtube\">\n\t<div class=\"youtube-inner\">\n\n\t\t\t\t<div\n\t\t\tclass=\"youtube-player\"\n\t\t\tdata-id=\"i_1vsUrSLPY\"\n\t\t\tid=\"yt_jcqlEBC142\"\n\t\t><\/div>\n\t\t\n\t\t<div class=\"youtube-cover cbo-picture-cover\">\n\n\t\t\t<img decoding=\"async\" src=\"https:\/\/www.elicit-plant.com\/app\/uploads\/sites\/1\/2023\/07\/sebastien-forest-charente-16-350x481-1.jpg\"  sizes=\"100vw\" class=\"\" alt=\"\"  loading=\"lazy\" \/>\n\t\t\t<button type=\"button\" class=\"cover-button cbo-youtube-button\">\n\t\t\t\t<i class=\"icon icon-play\"><\/i>\n\t\t\t\t<div class=\"button-spinner cbo-spinner\">\n\t\t\t\t\t<div><\/div>\n\t\t\t\t\t<div><\/div>\n\t\t\t\t\t<div><\/div>\n\t\t\t\t\t<div><\/div>\n\t\t\t\t<\/div>\n\t\t\t<\/button>\n\t\t<\/div>\n\n\t<\/div>\n\n\t<\/div>\t\t\t<\/div>\n\n\t\t\t\t\t\t<div class=\"player-content\">\n\t\t\t\t<button type=\"button\" class=\"content-button cbo-youtube-button\" data-player-button>\n\t\t\t\t\t<i class=\"icon icon-play\"><\/i>\n\t\t\t\t<\/button>\n\n\t\t\t\t<h3 class=\"content-title\">\n\t\t\t\t\tR\u00e9sultats des essais mis en place au sein des Fermes d&rsquo;Innovations d&rsquo;Oc\u00e9alia\t\t\t\t<\/h3>\n\t\t\t<\/div>\n\t\t\t\n\t\t<\/div>\n\t<\/div>\n<\/section>\n\n\n<section class=\"cbo-text cbo-margin-container\">\n    <div class=\"\n        text-inner\n                cbo-container\n        container--small        \"\n    >\n        <div class=\"text-content cbo-cms cms--large\">\n            <p>Le r\u00e9seau Fermes d\u2019Innovations compte une vingtaine de fermes r\u00e9alisant des exp\u00e9rimentations avec la coop\u00e9rative Oc\u00e9alia.<\/p>\n\n            <div style=\"clear: both;\"><\/div>\n        <\/div>\n    <\/div>\n<\/section>\n\n\n\n<section class=\"cbo-quote\">\n    <div class=\"quote-inner cbo-container container--small\">\n\n        <div class=\"quote-infos\">\n            <i class=\"icon icon-quote\"><\/i>\n\n                            S\u00e9bastien Forest                    <\/div>\n       \n        <div class=\"quote-content cbo-title-3\">\n\t\t\tL\u2019objectif est de multiplier les r\u00e9f\u00e9rences sur nos diff\u00e9rents p\u00e9doclimats et d\u2019appuyer ce qu\u2019on peut observer dans nos essais 4 r\u00e9p\u00e9titions classiques\t\t<\/div>\n    <\/div>\n<\/section>\n\n<section class=\"cbo-text cbo-margin-container\">\n    <div class=\"\n        text-inner\n                cbo-container\n        container--small        \"\n    >\n        <div class=\"text-content cbo-cms cms--large\">\n            <h2 class=\"wp-block-heading\">Maintenir les performances des cultures de printemps<\/h2>\n<p>Oc\u00e9alia travaille sur les anciens contours du Poitou-Charente et du Limousin. \u00c0 dominante argilo-calcaire, le territoire dispose de r\u00e9serves utiles vari\u00e9es, allant de moins de 40 mm \u00e0 plus de 200 mm.<\/p>\n\n            <div style=\"clear: both;\"><\/div>\n        <\/div>\n    <\/div>\n<\/section>\n\n\n\n<section class=\"cbo-quote\">\n    <div class=\"quote-inner cbo-container container--small\">\n\n        <div class=\"quote-infos\">\n            <i class=\"icon icon-quote\"><\/i>\n\n                            S\u00e9bastien Forest                    <\/div>\n       \n        <div class=\"quote-content cbo-title-3\">\n\t\t\tLe stress hydrique est le premier facteur de perte de rendement, notamment en cultures de printemps\t\t<\/div>\n    <\/div>\n<\/section>\n\n<section class=\"cbo-text cbo-margin-container\">\n    <div class=\"\n        text-inner\n                cbo-container\n        container--small        \"\n    >\n        <div class=\"text-content cbo-cms cms--large\">\n            <p>L\u2019enjeu pour la coop\u00e9rative de mettre le BEST-a au c\u0153ur des Fermes d\u2019Innovations est de v\u00e9rifier la performance de la solution pour valider qu\u2019il est possible de la d\u00e9velopper largement aux adh\u00e9rents Oc\u00e9alia. L\u2019objectif est \u00e9galement d\u2019arriver \u00e0 mieux qualifier comment se comporte le produit et quel gain de rendement ou possibilit\u00e9 de r\u00e9duction d\u2019irrigation on peut en attendre.<\/p>\n\n            <div style=\"clear: both;\"><\/div>\n        <\/div>\n    <\/div>\n<\/section>\n\n\n\n<section class=\"cbo-quote\">\n    <div class=\"quote-inner cbo-container container--small\">\n\n        <div class=\"quote-infos\">\n            <i class=\"icon icon-quote\"><\/i>\n\n                    <\/div>\n       \n        <div class=\"quote-content cbo-title-3\">\n\t\t\tPour la coop\u00e9rative, travailler des leviers de maintien de la performance des cultures de printemps est une priorit\u00e9.\t\t<\/div>\n    <\/div>\n<\/section>\n\n<section class=\"cbo-text cbo-margin-container\">\n    <div class=\"\n        text-inner\n                cbo-container\n        container--small        \"\n    >\n        <div class=\"text-content cbo-cms cms--large\">\n            <p>C\u2019est l\u2019originalit\u00e9 du mode d\u2019action et la performance observ\u00e9e dans les essais qui font qu\u2019Oc\u00e9alia souhaite d\u00e9velopper le BEST-a en culture.<\/p>\n\n            <div style=\"clear: both;\"><\/div>\n        <\/div>\n    <\/div>\n<\/section>\n\n\n<section class=\"cbo-featuredlinks featuredlinks--colorwhite\">\n\t<div class=\"featuredlinks-inner cbo-container \">\n\n\t\t\t\t\t<h2 class=\"cbo-title-2 featuredlinks-title\">\n\t\t\t\tEn savoir plus\t\t\t<\/h2>\n\t\t\n\t\t<div class=\"featuredlinks-list\" data-anim-group data-group-delay=\"100\">\n\t\t\t\n\t\t\t<div class=\"list-el\">\n\t\t\t\t<a class=\"el-inner\" href=\"https:\/\/www.elicit-plant.com\/fr\/temoignages\/\">\n\n\t\t\t\t\t<figure class=\"inner-picture cbo-picture-cover\">\n\t\t\t\t\t\t<img decoding=\"async\" src=\"https:\/\/www.elicit-plant.com\/app\/uploads\/sites\/1\/2023\/11\/Tous-les-temoignages.jpg\" srcset=\"https:\/\/www.elicit-plant.com\/app\/uploads\/sites\/1\/2023\/11\/Tous-les-temoignages-320x205.jpg 320w, https:\/\/www.elicit-plant.com\/app\/uploads\/sites\/1\/2023\/11\/Tous-les-temoignages.jpg 840w, https:\/\/www.elicit-plant.com\/app\/uploads\/sites\/1\/2023\/11\/Tous-les-temoignages.jpg 1024w, https:\/\/www.elicit-plant.com\/app\/uploads\/sites\/1\/2023\/11\/Tous-les-temoignages.jpg 1400w\" class=\"\" alt=\"Tous nos t\u00e9moignages\" width=\"547\" height=\"350\" sizes=\"auto, 100vw\" loading=\"lazy\" \/>\t\t\t\t\t<\/figure>\n\n\t\t\t\t\t<h3 class=\"inner-title cbo-title-3\">\n\t\t\t\t\t\tD\u00e9couvrez tous nos t\u00e9moignages\t\t\t\t\t<\/h3>\n\n\t\t\t\t\t<span class=\"inner-button cbo-buttonmore\">\n\t\t\t\t\t\t<i class=\"icon icon-cross\"><\/i>\n\t\t\t\t\t<\/span>\n\t\t\t\t<\/a>\n\t\t\t<\/div>\n\n\t\t\t\n\t\t\t<div class=\"list-el\">\n\t\t\t\t<a class=\"el-inner\" href=\"https:\/\/www.elicit-plant.com\/fr\/produits\/best-a-mais\/\">\n\n\t\t\t\t\t<figure class=\"inner-picture cbo-picture-cover\">\n\t\t\t\t\t\t<img decoding=\"async\" src=\"https:\/\/www.elicit-plant.com\/app\/uploads\/sites\/1\/2024\/03\/Bidon-Best-a-champ-de-mais.jpg\" srcset=\"https:\/\/www.elicit-plant.com\/app\/uploads\/sites\/1\/2024\/03\/Bidon-Best-a-champ-de-mais-320x214.jpg 320w, https:\/\/www.elicit-plant.com\/app\/uploads\/sites\/1\/2024\/03\/Bidon-Best-a-champ-de-mais.jpg 840w, https:\/\/www.elicit-plant.com\/app\/uploads\/sites\/1\/2024\/03\/Bidon-Best-a-champ-de-mais.jpg 1024w, https:\/\/www.elicit-plant.com\/app\/uploads\/sites\/1\/2024\/03\/Bidon-Best-a-champ-de-mais.jpg 1400w\" class=\"\" alt=\"Bidon Best-a dans un champ de ma\u00efs\" width=\"500\" height=\"334\" sizes=\"auto, 100vw\" loading=\"lazy\" \/>\t\t\t\t\t<\/figure>\n\n\t\t\t\t\t<h3 class=\"inner-title cbo-title-3\">\n\t\t\t\t\t\tVoir la fiche produit du Best-a Ma\u00efs\t\t\t\t\t<\/h3>\n\n\t\t\t\t\t<span class=\"inner-button cbo-buttonmore\">\n\t\t\t\t\t\t<i class=\"icon icon-cross\"><\/i>\n\t\t\t\t\t<\/span>\n\t\t\t\t<\/a>\n\t\t\t<\/div>\n\n\t\t\t\t\t<\/div>\n\n\t<\/div>\n<\/section>\n","protected":false},"excerpt":{"rendered":"<p>D\u00e9couvrez le t\u00e9moignage de S\u00e9bastien Forest, responsable du march\u00e9 nutrition Oc\u00e9alia &#8211; COOPERATIVE Responsable du march\u00e9 nutrition chez Oc\u00e9alia, S\u00e9bastien Forest revient sur les essais mis en place dans les Fermes d\u2019Innovations de la coop\u00e9rative. Objectif : valider l\u2019int\u00e9r\u00eat du BEST-a pour lutter contre le stress hydrique. Le r\u00e9seau Fermes d\u2019Innovations compte une vingtaine de fermes r\u00e9alisant des exp\u00e9rimentations avec la coop\u00e9rative Oc\u00e9alia. Maintenir les performances des cultures de printemps Oc\u00e9alia travaille sur les anciens contours du Poitou-Charente et du Limousin. \u00c0 dominante argilo-calcaire, le territoire dispose de r\u00e9serves utiles vari\u00e9es, allant de moins de 40 mm \u00e0 plus de 200 mm. L\u2019enjeu pour la coop\u00e9rative de mettre le BEST-a au c\u0153ur des Fermes d\u2019Innovations est de v\u00e9rifier la performance de la solution pour valider qu\u2019il est possible de la d\u00e9velopper largement aux adh\u00e9rents Oc\u00e9alia. L\u2019objectif est \u00e9galement d\u2019arriver \u00e0 mieux&#8230;<\/p>\n","protected":false},"author":3,"featured_media":0,"parent":568,"menu_order":0,"comment_status":"closed","ping_status":"closed","template":"","meta":{"_acf_changed":false,"footnotes":""},"class_list":["post-2271","page","type-page","status-publish","hentry"],"acf":[],"yoast_head":"<!-- This site is optimized with the Yoast SEO plugin v27.2 - https:\/\/yoast.com\/product\/yoast-seo-wordpress\/ -->\n<title>T\u00e9moignage : Essais sur les Fermes d\u2019Innovations - Elicit Plant France<\/title>\n<meta name=\"description\" content=\"Responsable du march\u00e9 nutrition chez Oc\u00e9alia, S\u00e9bastien Forest revient sur les essais mis en place dans les Fermes d\u2019Innovations de la coop\u00e9rative.\" \/>\n<meta name=\"robots\" content=\"index, follow, max-snippet:-1, max-image-preview:large, max-video-preview:-1\" \/>\n<link rel=\"canonical\" href=\"https:\/\/www.elicit-plant.com\/fr\/temoignages\/essais-sur-les-fermes-dinnovations\/\" \/>\n<meta property=\"og:locale\" content=\"fr_FR\" \/>\n<meta property=\"og:type\" content=\"article\" \/>\n<meta property=\"og:title\" content=\"T\u00e9moignage : Essais sur les Fermes d\u2019Innovations - Elicit Plant France\" \/>\n<meta property=\"og:description\" content=\"Responsable du march\u00e9 nutrition chez Oc\u00e9alia, S\u00e9bastien Forest revient sur les essais mis en place dans les Fermes d\u2019Innovations de la coop\u00e9rative.\" \/>\n<meta property=\"og:url\" content=\"https:\/\/www.elicit-plant.com\/fr\/temoignages\/essais-sur-les-fermes-dinnovations\/\" \/>\n<meta property=\"og:site_name\" content=\"Elicit Plant France\" \/>\n<meta property=\"article:modified_time\" content=\"2024-03-14T13:45:14+00:00\" \/>\n<meta name=\"twitter:card\" content=\"summary_large_image\" \/>\n<script type=\"application\/ld+json\" class=\"yoast-schema-graph\">{\"@context\":\"https:\/\/schema.org\",\"@graph\":[{\"@type\":\"WebPage\",\"@id\":\"https:\/\/www.elicit-plant.com\/fr\/temoignages\/essais-sur-les-fermes-dinnovations\/\",\"url\":\"https:\/\/www.elicit-plant.com\/fr\/temoignages\/essais-sur-les-fermes-dinnovations\/\",\"name\":\"T\u00e9moignage : Essais sur les Fermes d\u2019Innovations - Elicit Plant France\",\"isPartOf\":{\"@id\":\"https:\/\/www.elicit-plant.com\/fr\/#website\"},\"datePublished\":\"2023-08-31T13:52:58+00:00\",\"dateModified\":\"2024-03-14T13:45:14+00:00\",\"description\":\"Responsable du march\u00e9 nutrition chez Oc\u00e9alia, S\u00e9bastien Forest revient sur les essais mis en place dans les Fermes d\u2019Innovations de la coop\u00e9rative.\",\"breadcrumb\":{\"@id\":\"https:\/\/www.elicit-plant.com\/fr\/temoignages\/essais-sur-les-fermes-dinnovations\/#breadcrumb\"},\"inLanguage\":\"fr-FR\",\"potentialAction\":[{\"@type\":\"ReadAction\",\"target\":[\"https:\/\/www.elicit-plant.com\/fr\/temoignages\/essais-sur-les-fermes-dinnovations\/\"]}]},{\"@type\":\"BreadcrumbList\",\"@id\":\"https:\/\/www.elicit-plant.com\/fr\/temoignages\/essais-sur-les-fermes-dinnovations\/#breadcrumb\",\"itemListElement\":[{\"@type\":\"ListItem\",\"position\":1,\"name\":\"Accueil\",\"item\":\"https:\/\/www.elicit-plant.com\/fr\/\"},{\"@type\":\"ListItem\",\"position\":2,\"name\":\"T\u00e9moignages\",\"item\":\"https:\/\/www.elicit-plant.com\/fr\/temoignages\/\"},{\"@type\":\"ListItem\",\"position\":3,\"name\":\"T\u00e9moignage : Essais sur les Fermes d\u2019Innovations\"}]},{\"@type\":\"WebSite\",\"@id\":\"https:\/\/www.elicit-plant.com\/fr\/#website\",\"url\":\"https:\/\/www.elicit-plant.com\/fr\/\",\"name\":\"Elicit Plant France\",\"description\":\"Elicit Plant est experte dans la ma\u00eetrise de l\u2019apport des phytost\u00e9rols sur les cultures en plein champ. En r\u00e9duisant le stress des plantes, cette technologie am\u00e9liore les rendements et pr\u00e9serve les ressources naturelles.\",\"potentialAction\":[{\"@type\":\"SearchAction\",\"target\":{\"@type\":\"EntryPoint\",\"urlTemplate\":\"https:\/\/www.elicit-plant.com\/fr\/?s={search_term_string}\"},\"query-input\":{\"@type\":\"PropertyValueSpecification\",\"valueRequired\":true,\"valueName\":\"search_term_string\"}}],\"inLanguage\":\"fr-FR\"}]}<\/script>\n<!-- \/ Yoast SEO plugin. -->","yoast_head_json":{"title":"T\u00e9moignage : Essais sur les Fermes d\u2019Innovations - Elicit Plant France","description":"Responsable du march\u00e9 nutrition chez Oc\u00e9alia, S\u00e9bastien Forest revient sur les essais mis en place dans les Fermes d\u2019Innovations de la coop\u00e9rative.","robots":{"index":"index","follow":"follow","max-snippet":"max-snippet:-1","max-image-preview":"max-image-preview:large","max-video-preview":"max-video-preview:-1"},"canonical":"https:\/\/www.elicit-plant.com\/fr\/temoignages\/essais-sur-les-fermes-dinnovations\/","og_locale":"fr_FR","og_type":"article","og_title":"T\u00e9moignage : Essais sur les Fermes d\u2019Innovations - Elicit Plant France","og_description":"Responsable du march\u00e9 nutrition chez Oc\u00e9alia, S\u00e9bastien Forest revient sur les essais mis en place dans les Fermes d\u2019Innovations de la coop\u00e9rative.","og_url":"https:\/\/www.elicit-plant.com\/fr\/temoignages\/essais-sur-les-fermes-dinnovations\/","og_site_name":"Elicit Plant France","article_modified_time":"2024-03-14T13:45:14+00:00","twitter_card":"summary_large_image","schema":{"@context":"https:\/\/schema.org","@graph":[{"@type":"WebPage","@id":"https:\/\/www.elicit-plant.com\/fr\/temoignages\/essais-sur-les-fermes-dinnovations\/","url":"https:\/\/www.elicit-plant.com\/fr\/temoignages\/essais-sur-les-fermes-dinnovations\/","name":"T\u00e9moignage : Essais sur les Fermes d\u2019Innovations - Elicit Plant France","isPartOf":{"@id":"https:\/\/www.elicit-plant.com\/fr\/#website"},"datePublished":"2023-08-31T13:52:58+00:00","dateModified":"2024-03-14T13:45:14+00:00","description":"Responsable du march\u00e9 nutrition chez Oc\u00e9alia, S\u00e9bastien Forest revient sur les essais mis en place dans les Fermes d\u2019Innovations de la coop\u00e9rative.","breadcrumb":{"@id":"https:\/\/www.elicit-plant.com\/fr\/temoignages\/essais-sur-les-fermes-dinnovations\/#breadcrumb"},"inLanguage":"fr-FR","potentialAction":[{"@type":"ReadAction","target":["https:\/\/www.elicit-plant.com\/fr\/temoignages\/essais-sur-les-fermes-dinnovations\/"]}]},{"@type":"BreadcrumbList","@id":"https:\/\/www.elicit-plant.com\/fr\/temoignages\/essais-sur-les-fermes-dinnovations\/#breadcrumb","itemListElement":[{"@type":"ListItem","position":1,"name":"Accueil","item":"https:\/\/www.elicit-plant.com\/fr\/"},{"@type":"ListItem","position":2,"name":"T\u00e9moignages","item":"https:\/\/www.elicit-plant.com\/fr\/temoignages\/"},{"@type":"ListItem","position":3,"name":"T\u00e9moignage : Essais sur les Fermes d\u2019Innovations"}]},{"@type":"WebSite","@id":"https:\/\/www.elicit-plant.com\/fr\/#website","url":"https:\/\/www.elicit-plant.com\/fr\/","name":"Elicit Plant France","description":"Elicit Plant est experte dans la ma\u00eetrise de l\u2019apport des phytost\u00e9rols sur les cultures en plein champ. En r\u00e9duisant le stress des plantes, cette technologie am\u00e9liore les rendements et pr\u00e9serve les ressources naturelles.","potentialAction":[{"@type":"SearchAction","target":{"@type":"EntryPoint","urlTemplate":"https:\/\/www.elicit-plant.com\/fr\/?s={search_term_string}"},"query-input":{"@type":"PropertyValueSpecification","valueRequired":true,"valueName":"search_term_string"}}],"inLanguage":"fr-FR"}]}},"_links":{"self":[{"href":"https:\/\/www.elicit-plant.com\/fr\/wp-json\/wp\/v2\/pages\/2271","targetHints":{"allow":["GET"]}}],"collection":[{"href":"https:\/\/www.elicit-plant.com\/fr\/wp-json\/wp\/v2\/pages"}],"about":[{"href":"https:\/\/www.elicit-plant.com\/fr\/wp-json\/wp\/v2\/types\/page"}],"author":[{"embeddable":true,"href":"https:\/\/www.elicit-plant.com\/fr\/wp-json\/wp\/v2\/users\/3"}],"replies":[{"embeddable":true,"href":"https:\/\/www.elicit-plant.com\/fr\/wp-json\/wp\/v2\/comments?post=2271"}],"version-history":[{"count":10,"href":"https:\/\/www.elicit-plant.com\/fr\/wp-json\/wp\/v2\/pages\/2271\/revisions"}],"predecessor-version":[{"id":4648,"href":"https:\/\/www.elicit-plant.com\/fr\/wp-json\/wp\/v2\/pages\/2271\/revisions\/4648"}],"up":[{"embeddable":true,"href":"https:\/\/www.elicit-plant.com\/fr\/wp-json\/wp\/v2\/pages\/568"}],"wp:attachment":[{"href":"https:\/\/www.elicit-plant.com\/fr\/wp-json\/wp\/v2\/media?parent=2271"}],"curies":[{"name":"wp","href":"https:\/\/api.w.org\/{rel}","templated":true}]}}