{"id":2274,"date":"2023-08-31T16:13:16","date_gmt":"2023-08-31T14:13:16","guid":{"rendered":"https:\/\/www.elicit-plant.com\/?page_id=2274"},"modified":"2024-03-14T14:46:03","modified_gmt":"2024-03-14T13:46:03","slug":"securiser-la-valeur-alimentaire-du-fourrage-2-2","status":"publish","type":"page","link":"https:\/\/www.elicit-plant.com\/fr\/temoignages\/securiser-la-valeur-alimentaire-du-fourrage-2-2\/","title":{"rendered":"T\u00e9moignage : S\u00e9curiser la valeur alimentaire du fourrage (2\/2)"},"content":{"rendered":"<section class=\"cbo-hero cbo-margin-container hero--colorgreen\" data-anim-group>\n\t<div class=\"cbo-breadcrumbs breadcrumbs--normal\">\n  <div class=\"breadcrumbs-inner\">\n    <span><span><a href=\"https:\/\/www.elicit-plant.com\/fr\/\">Accueil<\/a><\/span><\/span>\t<\/div>\n<\/div>\n\t<div class=\"hero-inner cbo-container container--padding\">\n\n\t\t<div class=\"hero-shapes\">\n\t\t\t<div class=\"shapes-color scale-up\"><\/div>\n\n\t\t\t<div class=\"shapes-picture cbo-picture-cover scale-up\"  data-delay=\"450\">\n\t\t\t\t\t\t\t<\/div>\n\t\t<\/div>\n\n\t\t<div class=\"hero-content cbo-cms cms--large cms--white\">\n\t\t\t<div class=\"content-text\">\n\t\t\t\t<h1 class=\"hero-title cbo-heading slide-down\">\n\t\t\t\t\tS\u00e9curiser la valeur alimentaire du fourrage (2\/2)\t\t\t\t<\/h1>\n\n\t\t\t\t\t\t\t<\/div>\n\t\t<\/div>\n\n\t<\/div>\n<\/section>\n\n<section class=\"cbo-text cbo-margin-container\">\n    <div class=\"\n        text-inner\n                cbo-container\n        container--small        \"\n    >\n        <div class=\"text-content cbo-cms cms--large\">\n            <h2 class=\"index-title entry-title\">D\u00e9couvrez le t\u00e9moignage de\u00a0Alain Mazier, AGRICULTEUR, Haute-Vienne (87)<\/h2>\n<div class=\"entry-content\">\n<p>Alain Mazier, dont l\u2019\u00e9levage est situ\u00e9 en centre Haute-Vienne, nous explique les effets du BEST-a Ma\u00efs sur son ma\u00efs ensilage.<\/p>\n<\/div>\n\n            <div style=\"clear: both;\"><\/div>\n        <\/div>\n    <\/div>\n<\/section>\n\n\n<section class=\"cbo-video video--normal video--titleover cbo-margin-container\">\n\t<div class=\"video-inner cbo-container container--small\">\n\n\t\t\n\t\t<div class=\"video-player\" data-player-ancestor>\n\n\t\t\t<div class=\"player-inner\">\n\t\t\t\t<div class=\"cbo-youtube\">\n\t<div class=\"youtube-inner\">\n\n\t\t\t\t<div\n\t\t\tclass=\"youtube-player\"\n\t\t\tdata-id=\"Pahr9yahfW4\"\n\t\t\tid=\"yt_xk9RcwhzKZ\"\n\t\t><\/div>\n\t\t\n\t\t<div class=\"youtube-cover cbo-picture-cover\">\n\n\t\t\t<img decoding=\"async\" src=\"https:\/\/www.elicit-plant.com\/app\/uploads\/sites\/1\/2023\/07\/alain-mazier-haute-vienne-87-350x481-1.jpg\"  sizes=\"100vw\" class=\"\" alt=\"\"  loading=\"lazy\" \/>\n\t\t\t<button type=\"button\" class=\"cover-button cbo-youtube-button\">\n\t\t\t\t<i class=\"icon icon-play\"><\/i>\n\t\t\t\t<div class=\"button-spinner cbo-spinner\">\n\t\t\t\t\t<div><\/div>\n\t\t\t\t\t<div><\/div>\n\t\t\t\t\t<div><\/div>\n\t\t\t\t\t<div><\/div>\n\t\t\t\t<\/div>\n\t\t\t<\/button>\n\t\t<\/div>\n\n\t<\/div>\n\n\t<\/div>\t\t\t<\/div>\n\n\t\t\t\t\t\t<div class=\"player-content\">\n\t\t\t\t<button type=\"button\" class=\"content-button cbo-youtube-button\" data-player-button>\n\t\t\t\t\t<i class=\"icon icon-play\"><\/i>\n\t\t\t\t<\/button>\n\n\t\t\t\t<h3 class=\"content-title\">\n\t\t\t\t\tT\u00e9moignage de Alain Mazier sur l&rsquo;utilisation du BEST-a Ma\u00efs\t\t\t\t<\/h3>\n\t\t\t<\/div>\n\t\t\t\n\t\t<\/div>\n\t<\/div>\n<\/section>\n\n\n<section class=\"cbo-text cbo-margin-container\">\n    <div class=\"\n        text-inner\n                cbo-container\n        container--small        \"\n    >\n        <div class=\"text-content cbo-cms cms--large\">\n            <p>Polyculteur-\u00e9leveur en centre Haute-Vienne, Alain Mazier traverse parfois des p\u00e9riodes de fortes chaleurs provoquant des manques d\u2019eau sur son exploitation. Le d\u00e9ficit hydrique peut alors r\u00e9duire le nombre de grains par \u00e9pis sur ses cultures de ma\u00efs ensilage et donc p\u00e9naliser le rendement. Son conseiller Oc\u00e9alia,\u00a0<a href=\"https:\/\/youtu.be\/dJacK56vIcU\">Michel Blondy<\/a>, lui a propos\u00e9 de tester le BEST-a sur son ma\u00efs.<\/p>\n\n            <div style=\"clear: both;\"><\/div>\n        <\/div>\n    <\/div>\n<\/section>\n\n\n\n<section class=\"cbo-quote\">\n    <div class=\"quote-inner cbo-container container--small\">\n\n        <div class=\"quote-infos\">\n            <i class=\"icon icon-quote\"><\/i>\n\n                            affirme Alain Mazier.<br \/>\r\n                    <\/div>\n       \n        <div class=\"quote-content cbo-title-3\">\n\t\t\tJe suis toujours partant pour les nouvelles technologies, il faut \u00e9voluer si on veut s\u2019en sortir\t\t<\/div>\n    <\/div>\n<\/section>\n\n<section class=\"cbo-text cbo-margin-container\">\n    <div class=\"\n        text-inner\n                cbo-container\n        container--small        \"\n    >\n        <div class=\"text-content cbo-cms cms--large\">\n            <h2 class=\"wp-block-heading\">Jusqu\u2019\u00e0 +15 % d\u2019amidon<\/h2>\n<p>L\u2019ann\u00e9e 2021 ayant \u00e9t\u00e9 pluvieuse, un \u0153il aguerri \u00e9tait n\u00e9cessaire pour souligner la diff\u00e9rence au champ entre le ma\u00efs trait\u00e9 et non-trait\u00e9. En revanche, les analyses parlent d\u2019elles-m\u00eames : l\u2019amidon a augment\u00e9 jusqu\u2019\u00e0 15 %.<\/p>\n\n            <div style=\"clear: both;\"><\/div>\n        <\/div>\n    <\/div>\n<\/section>\n\n\n\n<section class=\"cbo-quote\">\n    <div class=\"quote-inner cbo-container container--small\">\n\n        <div class=\"quote-infos\">\n            <i class=\"icon icon-quote\"><\/i>\n\n                    <\/div>\n       \n        <div class=\"quote-content cbo-title-3\">\n\t\t\tVu les r\u00e9sultats qu\u2019on a eu en 2021, \u00e7a doit \u00eatre int\u00e9ressant une ann\u00e9e difficile.\r\n\r\n\t\t<\/div>\n    <\/div>\n<\/section>\n\n<section class=\"cbo-featuredlinks featuredlinks--colorwhite\">\n\t<div class=\"featuredlinks-inner cbo-container \">\n\n\t\t\t\t\t<h2 class=\"cbo-title-2 featuredlinks-title\">\n\t\t\t\tEn savoir plus\t\t\t<\/h2>\n\t\t\n\t\t<div class=\"featuredlinks-list\" data-anim-group data-group-delay=\"100\">\n\t\t\t\n\t\t\t<div class=\"list-el\">\n\t\t\t\t<a class=\"el-inner\" href=\"https:\/\/www.elicit-plant.com\/fr\/temoignages\/\">\n\n\t\t\t\t\t<figure class=\"inner-picture cbo-picture-cover\">\n\t\t\t\t\t\t<img decoding=\"async\" src=\"https:\/\/www.elicit-plant.com\/app\/uploads\/sites\/1\/2023\/11\/Tous-les-temoignages.jpg\" srcset=\"https:\/\/www.elicit-plant.com\/app\/uploads\/sites\/1\/2023\/11\/Tous-les-temoignages-320x205.jpg 320w, https:\/\/www.elicit-plant.com\/app\/uploads\/sites\/1\/2023\/11\/Tous-les-temoignages.jpg 840w, https:\/\/www.elicit-plant.com\/app\/uploads\/sites\/1\/2023\/11\/Tous-les-temoignages.jpg 1024w, https:\/\/www.elicit-plant.com\/app\/uploads\/sites\/1\/2023\/11\/Tous-les-temoignages.jpg 1400w\" class=\"\" alt=\"Tous nos t\u00e9moignages\" width=\"547\" height=\"350\" sizes=\"auto, 100vw\" loading=\"lazy\" \/>\t\t\t\t\t<\/figure>\n\n\t\t\t\t\t<h3 class=\"inner-title cbo-title-3\">\n\t\t\t\t\t\tD\u00e9couvrez tous nos t\u00e9moignages\t\t\t\t\t<\/h3>\n\n\t\t\t\t\t<span class=\"inner-button cbo-buttonmore\">\n\t\t\t\t\t\t<i class=\"icon icon-cross\"><\/i>\n\t\t\t\t\t<\/span>\n\t\t\t\t<\/a>\n\t\t\t<\/div>\n\n\t\t\t\n\t\t\t<div class=\"list-el\">\n\t\t\t\t<a class=\"el-inner\" href=\"https:\/\/www.elicit-plant.com\/fr\/produits\/best-a-mais\/\">\n\n\t\t\t\t\t<figure class=\"inner-picture cbo-picture-cover\">\n\t\t\t\t\t\t<img decoding=\"async\" src=\"https:\/\/www.elicit-plant.com\/app\/uploads\/sites\/1\/2024\/03\/Bidon-Best-a-champ-de-mais.jpg\" srcset=\"https:\/\/www.elicit-plant.com\/app\/uploads\/sites\/1\/2024\/03\/Bidon-Best-a-champ-de-mais-320x214.jpg 320w, https:\/\/www.elicit-plant.com\/app\/uploads\/sites\/1\/2024\/03\/Bidon-Best-a-champ-de-mais.jpg 840w, https:\/\/www.elicit-plant.com\/app\/uploads\/sites\/1\/2024\/03\/Bidon-Best-a-champ-de-mais.jpg 1024w, https:\/\/www.elicit-plant.com\/app\/uploads\/sites\/1\/2024\/03\/Bidon-Best-a-champ-de-mais.jpg 1400w\" class=\"\" alt=\"Bidon Best-a dans un champ de ma\u00efs\" width=\"500\" height=\"334\" sizes=\"auto, 100vw\" loading=\"lazy\" \/>\t\t\t\t\t<\/figure>\n\n\t\t\t\t\t<h3 class=\"inner-title cbo-title-3\">\n\t\t\t\t\t\tVoir la fiche produit du Best-a Ma\u00efs\t\t\t\t\t<\/h3>\n\n\t\t\t\t\t<span class=\"inner-button cbo-buttonmore\">\n\t\t\t\t\t\t<i class=\"icon icon-cross\"><\/i>\n\t\t\t\t\t<\/span>\n\t\t\t\t<\/a>\n\t\t\t<\/div>\n\n\t\t\t\t\t<\/div>\n\n\t<\/div>\n<\/section>\n","protected":false},"excerpt":{"rendered":"<p>D\u00e9couvrez le t\u00e9moignage de\u00a0Alain Mazier, AGRICULTEUR, Haute-Vienne (87) Alain Mazier, dont l\u2019\u00e9levage est situ\u00e9 en centre Haute-Vienne, nous explique les effets du BEST-a Ma\u00efs sur son ma\u00efs ensilage. Polyculteur-\u00e9leveur en centre Haute-Vienne, Alain Mazier traverse parfois des p\u00e9riodes de fortes chaleurs provoquant des manques d\u2019eau sur son exploitation. Le d\u00e9ficit hydrique peut alors r\u00e9duire le nombre de grains par \u00e9pis sur ses cultures de ma\u00efs ensilage et donc p\u00e9naliser le rendement. Son conseiller Oc\u00e9alia,\u00a0Michel Blondy, lui a propos\u00e9 de tester le BEST-a sur son ma\u00efs. Jusqu\u2019\u00e0 +15 % d\u2019amidon L\u2019ann\u00e9e 2021 ayant \u00e9t\u00e9 pluvieuse, un \u0153il aguerri \u00e9tait n\u00e9cessaire pour souligner la diff\u00e9rence au champ entre le ma\u00efs trait\u00e9 et non-trait\u00e9. En revanche, les analyses parlent d\u2019elles-m\u00eames : l\u2019amidon a augment\u00e9 jusqu\u2019\u00e0 15 %.<\/p>\n","protected":false},"author":3,"featured_media":0,"parent":568,"menu_order":0,"comment_status":"closed","ping_status":"closed","template":"","meta":{"_acf_changed":false,"footnotes":""},"class_list":["post-2274","page","type-page","status-publish","hentry"],"acf":[],"yoast_head":"<!-- This site is optimized with the Yoast SEO plugin v27.2 - https:\/\/yoast.com\/product\/yoast-seo-wordpress\/ -->\n<title>S\u00e9curiser la valeur alimentaire du fourrage (2\/2) - Elicit Plant France<\/title>\n<meta name=\"description\" content=\"Alain Mazier, dont l\u2019\u00e9levage est situ\u00e9 en centre Haute-Vienne, nous explique les effets du BEST-a Ma\u00efs sur son ma\u00efs ensilage.\" \/>\n<meta name=\"robots\" content=\"index, follow, max-snippet:-1, max-image-preview:large, max-video-preview:-1\" \/>\n<link rel=\"canonical\" href=\"https:\/\/www.elicit-plant.com\/fr\/temoignages\/securiser-la-valeur-alimentaire-du-fourrage-2-2\/\" \/>\n<meta property=\"og:locale\" content=\"fr_FR\" \/>\n<meta property=\"og:type\" content=\"article\" \/>\n<meta property=\"og:title\" content=\"S\u00e9curiser la valeur alimentaire du fourrage (2\/2) - Elicit Plant France\" \/>\n<meta property=\"og:description\" content=\"Alain Mazier, dont l\u2019\u00e9levage est situ\u00e9 en centre Haute-Vienne, nous explique les effets du BEST-a Ma\u00efs sur son ma\u00efs ensilage.\" \/>\n<meta property=\"og:url\" content=\"https:\/\/www.elicit-plant.com\/fr\/temoignages\/securiser-la-valeur-alimentaire-du-fourrage-2-2\/\" \/>\n<meta property=\"og:site_name\" content=\"Elicit Plant France\" \/>\n<meta property=\"article:modified_time\" content=\"2024-03-14T13:46:03+00:00\" \/>\n<meta name=\"twitter:card\" content=\"summary_large_image\" \/>\n<script type=\"application\/ld+json\" class=\"yoast-schema-graph\">{\"@context\":\"https:\/\/schema.org\",\"@graph\":[{\"@type\":\"WebPage\",\"@id\":\"https:\/\/www.elicit-plant.com\/fr\/temoignages\/securiser-la-valeur-alimentaire-du-fourrage-2-2\/\",\"url\":\"https:\/\/www.elicit-plant.com\/fr\/temoignages\/securiser-la-valeur-alimentaire-du-fourrage-2-2\/\",\"name\":\"S\u00e9curiser la valeur alimentaire du fourrage (2\/2) - Elicit Plant France\",\"isPartOf\":{\"@id\":\"https:\/\/www.elicit-plant.com\/fr\/#website\"},\"datePublished\":\"2023-08-31T14:13:16+00:00\",\"dateModified\":\"2024-03-14T13:46:03+00:00\",\"description\":\"Alain Mazier, dont l\u2019\u00e9levage est situ\u00e9 en centre Haute-Vienne, nous explique les effets du BEST-a Ma\u00efs sur son ma\u00efs ensilage.\",\"breadcrumb\":{\"@id\":\"https:\/\/www.elicit-plant.com\/fr\/temoignages\/securiser-la-valeur-alimentaire-du-fourrage-2-2\/#breadcrumb\"},\"inLanguage\":\"fr-FR\",\"potentialAction\":[{\"@type\":\"ReadAction\",\"target\":[\"https:\/\/www.elicit-plant.com\/fr\/temoignages\/securiser-la-valeur-alimentaire-du-fourrage-2-2\/\"]}]},{\"@type\":\"BreadcrumbList\",\"@id\":\"https:\/\/www.elicit-plant.com\/fr\/temoignages\/securiser-la-valeur-alimentaire-du-fourrage-2-2\/#breadcrumb\",\"itemListElement\":[{\"@type\":\"ListItem\",\"position\":1,\"name\":\"Accueil\",\"item\":\"https:\/\/www.elicit-plant.com\/fr\/\"},{\"@type\":\"ListItem\",\"position\":2,\"name\":\"T\u00e9moignages\",\"item\":\"https:\/\/www.elicit-plant.com\/fr\/temoignages\/\"},{\"@type\":\"ListItem\",\"position\":3,\"name\":\"T\u00e9moignage : S\u00e9curiser la valeur alimentaire du fourrage (2\/2)\"}]},{\"@type\":\"WebSite\",\"@id\":\"https:\/\/www.elicit-plant.com\/fr\/#website\",\"url\":\"https:\/\/www.elicit-plant.com\/fr\/\",\"name\":\"Elicit Plant France\",\"description\":\"Elicit Plant est experte dans la ma\u00eetrise de l\u2019apport des phytost\u00e9rols sur les cultures en plein champ. En r\u00e9duisant le stress des plantes, cette technologie am\u00e9liore les rendements et pr\u00e9serve les ressources naturelles.\",\"potentialAction\":[{\"@type\":\"SearchAction\",\"target\":{\"@type\":\"EntryPoint\",\"urlTemplate\":\"https:\/\/www.elicit-plant.com\/fr\/?s={search_term_string}\"},\"query-input\":{\"@type\":\"PropertyValueSpecification\",\"valueRequired\":true,\"valueName\":\"search_term_string\"}}],\"inLanguage\":\"fr-FR\"}]}<\/script>\n<!-- \/ Yoast SEO plugin. -->","yoast_head_json":{"title":"S\u00e9curiser la valeur alimentaire du fourrage (2\/2) - Elicit Plant France","description":"Alain Mazier, dont l\u2019\u00e9levage est situ\u00e9 en centre Haute-Vienne, nous explique les effets du BEST-a Ma\u00efs sur son ma\u00efs ensilage.","robots":{"index":"index","follow":"follow","max-snippet":"max-snippet:-1","max-image-preview":"max-image-preview:large","max-video-preview":"max-video-preview:-1"},"canonical":"https:\/\/www.elicit-plant.com\/fr\/temoignages\/securiser-la-valeur-alimentaire-du-fourrage-2-2\/","og_locale":"fr_FR","og_type":"article","og_title":"S\u00e9curiser la valeur alimentaire du fourrage (2\/2) - Elicit Plant France","og_description":"Alain Mazier, dont l\u2019\u00e9levage est situ\u00e9 en centre Haute-Vienne, nous explique les effets du BEST-a Ma\u00efs sur son ma\u00efs ensilage.","og_url":"https:\/\/www.elicit-plant.com\/fr\/temoignages\/securiser-la-valeur-alimentaire-du-fourrage-2-2\/","og_site_name":"Elicit Plant France","article_modified_time":"2024-03-14T13:46:03+00:00","twitter_card":"summary_large_image","schema":{"@context":"https:\/\/schema.org","@graph":[{"@type":"WebPage","@id":"https:\/\/www.elicit-plant.com\/fr\/temoignages\/securiser-la-valeur-alimentaire-du-fourrage-2-2\/","url":"https:\/\/www.elicit-plant.com\/fr\/temoignages\/securiser-la-valeur-alimentaire-du-fourrage-2-2\/","name":"S\u00e9curiser la valeur alimentaire du fourrage (2\/2) - Elicit Plant France","isPartOf":{"@id":"https:\/\/www.elicit-plant.com\/fr\/#website"},"datePublished":"2023-08-31T14:13:16+00:00","dateModified":"2024-03-14T13:46:03+00:00","description":"Alain Mazier, dont l\u2019\u00e9levage est situ\u00e9 en centre Haute-Vienne, nous explique les effets du BEST-a Ma\u00efs sur son ma\u00efs ensilage.","breadcrumb":{"@id":"https:\/\/www.elicit-plant.com\/fr\/temoignages\/securiser-la-valeur-alimentaire-du-fourrage-2-2\/#breadcrumb"},"inLanguage":"fr-FR","potentialAction":[{"@type":"ReadAction","target":["https:\/\/www.elicit-plant.com\/fr\/temoignages\/securiser-la-valeur-alimentaire-du-fourrage-2-2\/"]}]},{"@type":"BreadcrumbList","@id":"https:\/\/www.elicit-plant.com\/fr\/temoignages\/securiser-la-valeur-alimentaire-du-fourrage-2-2\/#breadcrumb","itemListElement":[{"@type":"ListItem","position":1,"name":"Accueil","item":"https:\/\/www.elicit-plant.com\/fr\/"},{"@type":"ListItem","position":2,"name":"T\u00e9moignages","item":"https:\/\/www.elicit-plant.com\/fr\/temoignages\/"},{"@type":"ListItem","position":3,"name":"T\u00e9moignage : S\u00e9curiser la valeur alimentaire du fourrage (2\/2)"}]},{"@type":"WebSite","@id":"https:\/\/www.elicit-plant.com\/fr\/#website","url":"https:\/\/www.elicit-plant.com\/fr\/","name":"Elicit Plant France","description":"Elicit Plant est experte dans la ma\u00eetrise de l\u2019apport des phytost\u00e9rols sur les cultures en plein champ. En r\u00e9duisant le stress des plantes, cette technologie am\u00e9liore les rendements et pr\u00e9serve les ressources naturelles.","potentialAction":[{"@type":"SearchAction","target":{"@type":"EntryPoint","urlTemplate":"https:\/\/www.elicit-plant.com\/fr\/?s={search_term_string}"},"query-input":{"@type":"PropertyValueSpecification","valueRequired":true,"valueName":"search_term_string"}}],"inLanguage":"fr-FR"}]}},"_links":{"self":[{"href":"https:\/\/www.elicit-plant.com\/fr\/wp-json\/wp\/v2\/pages\/2274","targetHints":{"allow":["GET"]}}],"collection":[{"href":"https:\/\/www.elicit-plant.com\/fr\/wp-json\/wp\/v2\/pages"}],"about":[{"href":"https:\/\/www.elicit-plant.com\/fr\/wp-json\/wp\/v2\/types\/page"}],"author":[{"embeddable":true,"href":"https:\/\/www.elicit-plant.com\/fr\/wp-json\/wp\/v2\/users\/3"}],"replies":[{"embeddable":true,"href":"https:\/\/www.elicit-plant.com\/fr\/wp-json\/wp\/v2\/comments?post=2274"}],"version-history":[{"count":8,"href":"https:\/\/www.elicit-plant.com\/fr\/wp-json\/wp\/v2\/pages\/2274\/revisions"}],"predecessor-version":[{"id":4653,"href":"https:\/\/www.elicit-plant.com\/fr\/wp-json\/wp\/v2\/pages\/2274\/revisions\/4653"}],"up":[{"embeddable":true,"href":"https:\/\/www.elicit-plant.com\/fr\/wp-json\/wp\/v2\/pages\/568"}],"wp:attachment":[{"href":"https:\/\/www.elicit-plant.com\/fr\/wp-json\/wp\/v2\/media?parent=2274"}],"curies":[{"name":"wp","href":"https:\/\/api.w.org\/{rel}","templated":true}]}}