{"id":2283,"date":"2023-08-31T16:35:33","date_gmt":"2023-08-31T14:35:33","guid":{"rendered":"https:\/\/www.elicit-plant.com\/?page_id=2283"},"modified":"2024-03-14T14:45:41","modified_gmt":"2024-03-14T13:45:41","slug":"multiplier-les-strategies-contre-la-secheresse","status":"publish","type":"page","link":"https:\/\/www.elicit-plant.com\/fr\/temoignages\/multiplier-les-strategies-contre-la-secheresse\/","title":{"rendered":"T\u00e9moignage : Multiplier les strat\u00e9gies contre la s\u00e9cheresse"},"content":{"rendered":"<section class=\"cbo-hero cbo-margin-container hero--colorgreen\" data-anim-group>\n\t<div class=\"cbo-breadcrumbs breadcrumbs--normal\">\n  <div class=\"breadcrumbs-inner\">\n    <span><span><a href=\"https:\/\/www.elicit-plant.com\/fr\/\">Accueil<\/a><\/span><\/span>\t<\/div>\n<\/div>\n\t<div class=\"hero-inner cbo-container container--padding\">\n\n\t\t<div class=\"hero-shapes\">\n\t\t\t<div class=\"shapes-color scale-up\"><\/div>\n\n\t\t\t<div class=\"shapes-picture cbo-picture-cover scale-up\"  data-delay=\"450\">\n\t\t\t\t\t\t\t<\/div>\n\t\t<\/div>\n\n\t\t<div class=\"hero-content cbo-cms cms--large cms--white\">\n\t\t\t<div class=\"content-text\">\n\t\t\t\t<h1 class=\"hero-title cbo-heading slide-down\">\n\t\t\t\t\tMultiplier les strat\u00e9gies contre la s\u00e9cheresse\t\t\t\t<\/h1>\n\n\t\t\t\t\t\t\t<\/div>\n\t\t<\/div>\n\n\t<\/div>\n<\/section>\n\n<section class=\"cbo-text cbo-margin-container\">\n    <div class=\"\n        text-inner\n                cbo-container\n        container--small        \"\n    >\n        <div class=\"text-content cbo-cms cms--large\">\n            <h2 class=\"index-title entry-title\">D\u00e9couvrez le t\u00e9moignage de S\u00e9bastien Gauthier, AGRICULTEUR, Charente (16)<\/h2>\n<div class=\"entry-content\">\n<p>S\u00e9bastien Gauthier, agriculteur en Nord Charente, nous parle des effets constat\u00e9s sur ses cultures suite \u00e0 l\u2019application du BEST-a.<\/p>\n<figure class=\"wp-block-embed is-type-video is-provider-youtube wp-block-embed-youtube wp-embed-aspect-16-9 wp-has-aspect-ratio\">\n<div class=\"wp-block-embed__wrapper\" data-placeholder_class_index=\"1\" data-placeholder-image=\"https:\/\/www.elicit-plant.com\/fr\/wp-content\/uploads\/complianz\/placeholders\/youtubesv3h2GhOt84-maxresdefault.webp\"><\/div>\n<\/figure>\n<\/div>\n\n            <div style=\"clear: both;\"><\/div>\n        <\/div>\n    <\/div>\n<\/section>\n\n\n<section class=\"cbo-video video--normal video--titleover cbo-margin-container\">\n\t<div class=\"video-inner cbo-container container--small\">\n\n\t\t\n\t\t<div class=\"video-player\" data-player-ancestor>\n\n\t\t\t<div class=\"player-inner\">\n\t\t\t\t<div class=\"cbo-youtube\">\n\t<div class=\"youtube-inner\">\n\n\t\t\t\t<div\n\t\t\tclass=\"youtube-player\"\n\t\t\tdata-id=\"sv3h2GhOt84\"\n\t\t\tid=\"yt_E2dLlKEuSN\"\n\t\t><\/div>\n\t\t\n\t\t<div class=\"youtube-cover cbo-picture-cover\">\n\n\t\t\t<img decoding=\"async\" src=\"https:\/\/www.elicit-plant.com\/app\/uploads\/sites\/1\/2023\/08\/maxresdefault-1024x576.jpg\"  sizes=\"100vw\" class=\"\" alt=\"\"  loading=\"lazy\" \/>\n\t\t\t<button type=\"button\" class=\"cover-button cbo-youtube-button\">\n\t\t\t\t<i class=\"icon icon-play\"><\/i>\n\t\t\t\t<div class=\"button-spinner cbo-spinner\">\n\t\t\t\t\t<div><\/div>\n\t\t\t\t\t<div><\/div>\n\t\t\t\t\t<div><\/div>\n\t\t\t\t\t<div><\/div>\n\t\t\t\t<\/div>\n\t\t\t<\/button>\n\t\t<\/div>\n\n\t<\/div>\n\n\t<\/div>\t\t\t<\/div>\n\n\t\t\t\t\t\t<div class=\"player-content\">\n\t\t\t\t<button type=\"button\" class=\"content-button cbo-youtube-button\" data-player-button>\n\t\t\t\t\t<i class=\"icon icon-play\"><\/i>\n\t\t\t\t<\/button>\n\n\t\t\t\t<h3 class=\"content-title\">\n\t\t\t\t\tMultiplier les strat\u00e9gies contre la s\u00e9cheresse\t\t\t\t<\/h3>\n\t\t\t<\/div>\n\t\t\t\n\t\t<\/div>\n\t<\/div>\n<\/section>\n\n\n<section class=\"cbo-text cbo-margin-container\">\n    <div class=\"\n        text-inner\n                cbo-container\n        container--small        \"\n    >\n        <div class=\"text-content cbo-cms cms--large\">\n            <p>L\u2019exploitation de S\u00e9bastien Gauthier est situ\u00e9e sur des sols peu profonds, avec de la groie superficielle argilo-calcaire. Ces sols ont une r\u00e9serve utile tr\u00e8s faible de 30 mm et sont sensibles \u00e0 la s\u00e9cheresse.<\/p>\n<h2 class=\"wp-block-heading\">Strat\u00e9gies de lutte contre la s\u00e9cheresse<\/h2>\n<p>Pour faire face au stress hydrique du ma\u00efs, l\u2019agriculteur est pass\u00e9 d\u2019un \u00e9cartement de 80 \u00e0 60 cm et utilise des vari\u00e9t\u00e9s plus r\u00e9sistantes. Il pratique aussi au maximum le binage pour chausser le ma\u00efs et limiter l\u2019\u00e9vaporation. Enfin, il utilise le BEST-a pour d\u00e9velopper le potentiel de la culture. Les r\u00e9sultats sont surtout observables \u00e0 la fin de la croissance de la plante, quand le ma\u00efs est de plus en plus m\u00fbr ; la plante trait\u00e9e reste plus verte que la plante non-trait\u00e9e.<\/p>\n<h2 class=\"wp-block-heading\">Facile d\u2019utilisation<\/h2>\n<p>Le BEST-a a \u00e9t\u00e9 appliqu\u00e9 au mois de juin sur du ma\u00efs 10-12 feuilles, limite passage tracteur. S\u00e9bastien Gauthier appr\u00e9cie la facilit\u00e9 d\u2019utilisation du produit, tr\u00e8s fluide et liquide, et du dosage (1 L\/ha).<\/p>\n\n            <div style=\"clear: both;\"><\/div>\n        <\/div>\n    <\/div>\n<\/section>\n\n\n\n<section class=\"cbo-quote\">\n    <div class=\"quote-inner cbo-container container--small\">\n\n        <div class=\"quote-infos\">\n            <i class=\"icon icon-quote\"><\/i>\n\n                    <\/div>\n       \n        <div class=\"quote-content cbo-title-3\">\n\t\t\tDu c\u00f4t\u00e9 \u00e9conomique, le BEST-a est facilement amortissable\r\n\r\n\t\t<\/div>\n    <\/div>\n<\/section>\n\n<section class=\"cbo-featuredlinks featuredlinks--colorwhite\">\n\t<div class=\"featuredlinks-inner cbo-container \">\n\n\t\t\t\t\t<h2 class=\"cbo-title-2 featuredlinks-title\">\n\t\t\t\tEn savoir plus\t\t\t<\/h2>\n\t\t\n\t\t<div class=\"featuredlinks-list\" data-anim-group data-group-delay=\"100\">\n\t\t\t\n\t\t\t<div class=\"list-el\">\n\t\t\t\t<a class=\"el-inner\" href=\"https:\/\/www.elicit-plant.com\/fr\/temoignages\/\">\n\n\t\t\t\t\t<figure class=\"inner-picture cbo-picture-cover\">\n\t\t\t\t\t\t<img decoding=\"async\" src=\"https:\/\/www.elicit-plant.com\/app\/uploads\/sites\/1\/2023\/11\/Tous-les-temoignages.jpg\" srcset=\"https:\/\/www.elicit-plant.com\/app\/uploads\/sites\/1\/2023\/11\/Tous-les-temoignages-320x205.jpg 320w, https:\/\/www.elicit-plant.com\/app\/uploads\/sites\/1\/2023\/11\/Tous-les-temoignages.jpg 840w, https:\/\/www.elicit-plant.com\/app\/uploads\/sites\/1\/2023\/11\/Tous-les-temoignages.jpg 1024w, https:\/\/www.elicit-plant.com\/app\/uploads\/sites\/1\/2023\/11\/Tous-les-temoignages.jpg 1400w\" class=\"\" alt=\"Tous nos t\u00e9moignages\" width=\"547\" height=\"350\" sizes=\"auto, 100vw\" loading=\"lazy\" \/>\t\t\t\t\t<\/figure>\n\n\t\t\t\t\t<h3 class=\"inner-title cbo-title-3\">\n\t\t\t\t\t\tD\u00e9couvrez tous nos t\u00e9moignages\t\t\t\t\t<\/h3>\n\n\t\t\t\t\t<span class=\"inner-button cbo-buttonmore\">\n\t\t\t\t\t\t<i class=\"icon icon-cross\"><\/i>\n\t\t\t\t\t<\/span>\n\t\t\t\t<\/a>\n\t\t\t<\/div>\n\n\t\t\t\n\t\t\t<div class=\"list-el\">\n\t\t\t\t<a class=\"el-inner\" href=\"https:\/\/www.elicit-plant.com\/fr\/produits\/best-a-mais\/\">\n\n\t\t\t\t\t<figure class=\"inner-picture cbo-picture-cover\">\n\t\t\t\t\t\t<img decoding=\"async\" src=\"https:\/\/www.elicit-plant.com\/app\/uploads\/sites\/1\/2024\/03\/Bidon-Best-a-champ-de-mais.jpg\" srcset=\"https:\/\/www.elicit-plant.com\/app\/uploads\/sites\/1\/2024\/03\/Bidon-Best-a-champ-de-mais-320x214.jpg 320w, https:\/\/www.elicit-plant.com\/app\/uploads\/sites\/1\/2024\/03\/Bidon-Best-a-champ-de-mais.jpg 840w, https:\/\/www.elicit-plant.com\/app\/uploads\/sites\/1\/2024\/03\/Bidon-Best-a-champ-de-mais.jpg 1024w, https:\/\/www.elicit-plant.com\/app\/uploads\/sites\/1\/2024\/03\/Bidon-Best-a-champ-de-mais.jpg 1400w\" class=\"\" alt=\"Bidon Best-a dans un champ de ma\u00efs\" width=\"500\" height=\"334\" sizes=\"auto, 100vw\" loading=\"lazy\" \/>\t\t\t\t\t<\/figure>\n\n\t\t\t\t\t<h3 class=\"inner-title cbo-title-3\">\n\t\t\t\t\t\tVoir la fiche produit du Best-a Ma\u00efs\t\t\t\t\t<\/h3>\n\n\t\t\t\t\t<span class=\"inner-button cbo-buttonmore\">\n\t\t\t\t\t\t<i class=\"icon icon-cross\"><\/i>\n\t\t\t\t\t<\/span>\n\t\t\t\t<\/a>\n\t\t\t<\/div>\n\n\t\t\t\t\t<\/div>\n\n\t<\/div>\n<\/section>\n","protected":false},"excerpt":{"rendered":"<p>D\u00e9couvrez le t\u00e9moignage de S\u00e9bastien Gauthier, AGRICULTEUR, Charente (16) S\u00e9bastien Gauthier, agriculteur en Nord Charente, nous parle des effets constat\u00e9s sur ses cultures suite \u00e0 l\u2019application du BEST-a. L\u2019exploitation de S\u00e9bastien Gauthier est situ\u00e9e sur des sols peu profonds, avec de la groie superficielle argilo-calcaire. Ces sols ont une r\u00e9serve utile tr\u00e8s faible de 30 mm et sont sensibles \u00e0 la s\u00e9cheresse. Strat\u00e9gies de lutte contre la s\u00e9cheresse Pour faire face au stress hydrique du ma\u00efs, l\u2019agriculteur est pass\u00e9 d\u2019un \u00e9cartement de 80 \u00e0 60 cm et utilise des vari\u00e9t\u00e9s plus r\u00e9sistantes. Il pratique aussi au maximum le binage pour chausser le ma\u00efs et limiter l\u2019\u00e9vaporation. Enfin, il utilise le BEST-a pour d\u00e9velopper le potentiel de la culture. Les r\u00e9sultats sont surtout observables \u00e0 la fin de la croissance de la plante, quand le ma\u00efs est de plus en plus m\u00fbr ; la plante trait\u00e9e reste plus verte que la plante non-trait\u00e9e. Facile d\u2019utilisation&#8230;<\/p>\n","protected":false},"author":3,"featured_media":0,"parent":568,"menu_order":0,"comment_status":"closed","ping_status":"closed","template":"","meta":{"_acf_changed":false,"footnotes":""},"class_list":["post-2283","page","type-page","status-publish","hentry"],"acf":[],"yoast_head":"<!-- This site is optimized with the Yoast SEO plugin v27.3 - https:\/\/yoast.com\/product\/yoast-seo-wordpress\/ -->\n<title>Multiplier les strat\u00e9gies contre la s\u00e9cheresse - Elicit Plant France<\/title>\n<meta name=\"description\" content=\"S\u00e9bastien Gauthier, agriculteur en Nord Charente, nous parle des effets constat\u00e9s sur ses cultures suite \u00e0 l\u2019application du BEST-a.\" \/>\n<meta name=\"robots\" content=\"index, follow, max-snippet:-1, max-image-preview:large, max-video-preview:-1\" \/>\n<link rel=\"canonical\" href=\"https:\/\/www.elicit-plant.com\/fr\/temoignages\/multiplier-les-strategies-contre-la-secheresse\/\" \/>\n<meta property=\"og:locale\" content=\"fr_FR\" \/>\n<meta property=\"og:type\" content=\"article\" \/>\n<meta property=\"og:title\" content=\"Multiplier les strat\u00e9gies contre la s\u00e9cheresse - Elicit Plant France\" \/>\n<meta property=\"og:description\" content=\"S\u00e9bastien Gauthier, agriculteur en Nord Charente, nous parle des effets constat\u00e9s sur ses cultures suite \u00e0 l\u2019application du BEST-a.\" \/>\n<meta property=\"og:url\" content=\"https:\/\/www.elicit-plant.com\/fr\/temoignages\/multiplier-les-strategies-contre-la-secheresse\/\" \/>\n<meta property=\"og:site_name\" content=\"Elicit Plant France\" \/>\n<meta property=\"article:modified_time\" content=\"2024-03-14T13:45:41+00:00\" \/>\n<meta name=\"twitter:card\" content=\"summary_large_image\" \/>\n<script type=\"application\/ld+json\" class=\"yoast-schema-graph\">{\"@context\":\"https:\\\/\\\/schema.org\",\"@graph\":[{\"@type\":\"WebPage\",\"@id\":\"https:\\\/\\\/www.elicit-plant.com\\\/fr\\\/temoignages\\\/multiplier-les-strategies-contre-la-secheresse\\\/\",\"url\":\"https:\\\/\\\/www.elicit-plant.com\\\/fr\\\/temoignages\\\/multiplier-les-strategies-contre-la-secheresse\\\/\",\"name\":\"Multiplier les strat\u00e9gies contre la s\u00e9cheresse - Elicit Plant France\",\"isPartOf\":{\"@id\":\"https:\\\/\\\/www.elicit-plant.com\\\/fr\\\/#website\"},\"datePublished\":\"2023-08-31T14:35:33+00:00\",\"dateModified\":\"2024-03-14T13:45:41+00:00\",\"description\":\"S\u00e9bastien Gauthier, agriculteur en Nord Charente, nous parle des effets constat\u00e9s sur ses cultures suite \u00e0 l\u2019application du BEST-a.\",\"breadcrumb\":{\"@id\":\"https:\\\/\\\/www.elicit-plant.com\\\/fr\\\/temoignages\\\/multiplier-les-strategies-contre-la-secheresse\\\/#breadcrumb\"},\"inLanguage\":\"fr-FR\",\"potentialAction\":[{\"@type\":\"ReadAction\",\"target\":[\"https:\\\/\\\/www.elicit-plant.com\\\/fr\\\/temoignages\\\/multiplier-les-strategies-contre-la-secheresse\\\/\"]}]},{\"@type\":\"BreadcrumbList\",\"@id\":\"https:\\\/\\\/www.elicit-plant.com\\\/fr\\\/temoignages\\\/multiplier-les-strategies-contre-la-secheresse\\\/#breadcrumb\",\"itemListElement\":[{\"@type\":\"ListItem\",\"position\":1,\"name\":\"Accueil\",\"item\":\"https:\\\/\\\/www.elicit-plant.com\\\/fr\\\/\"},{\"@type\":\"ListItem\",\"position\":2,\"name\":\"T\u00e9moignages\",\"item\":\"https:\\\/\\\/www.elicit-plant.com\\\/fr\\\/temoignages\\\/\"},{\"@type\":\"ListItem\",\"position\":3,\"name\":\"T\u00e9moignage : Multiplier les strat\u00e9gies contre la s\u00e9cheresse\"}]},{\"@type\":\"WebSite\",\"@id\":\"https:\\\/\\\/www.elicit-plant.com\\\/fr\\\/#website\",\"url\":\"https:\\\/\\\/www.elicit-plant.com\\\/fr\\\/\",\"name\":\"Elicit Plant France\",\"description\":\"Elicit Plant est experte dans la ma\u00eetrise de l\u2019apport des phytost\u00e9rols sur les cultures en plein champ. En r\u00e9duisant le stress des plantes, cette technologie am\u00e9liore les rendements et pr\u00e9serve les ressources naturelles.\",\"potentialAction\":[{\"@type\":\"SearchAction\",\"target\":{\"@type\":\"EntryPoint\",\"urlTemplate\":\"https:\\\/\\\/www.elicit-plant.com\\\/fr\\\/?s={search_term_string}\"},\"query-input\":{\"@type\":\"PropertyValueSpecification\",\"valueRequired\":true,\"valueName\":\"search_term_string\"}}],\"inLanguage\":\"fr-FR\"}]}<\/script>\n<!-- \/ Yoast SEO plugin. -->","yoast_head_json":{"title":"Multiplier les strat\u00e9gies contre la s\u00e9cheresse - Elicit Plant France","description":"S\u00e9bastien Gauthier, agriculteur en Nord Charente, nous parle des effets constat\u00e9s sur ses cultures suite \u00e0 l\u2019application du BEST-a.","robots":{"index":"index","follow":"follow","max-snippet":"max-snippet:-1","max-image-preview":"max-image-preview:large","max-video-preview":"max-video-preview:-1"},"canonical":"https:\/\/www.elicit-plant.com\/fr\/temoignages\/multiplier-les-strategies-contre-la-secheresse\/","og_locale":"fr_FR","og_type":"article","og_title":"Multiplier les strat\u00e9gies contre la s\u00e9cheresse - Elicit Plant France","og_description":"S\u00e9bastien Gauthier, agriculteur en Nord Charente, nous parle des effets constat\u00e9s sur ses cultures suite \u00e0 l\u2019application du BEST-a.","og_url":"https:\/\/www.elicit-plant.com\/fr\/temoignages\/multiplier-les-strategies-contre-la-secheresse\/","og_site_name":"Elicit Plant France","article_modified_time":"2024-03-14T13:45:41+00:00","twitter_card":"summary_large_image","schema":{"@context":"https:\/\/schema.org","@graph":[{"@type":"WebPage","@id":"https:\/\/www.elicit-plant.com\/fr\/temoignages\/multiplier-les-strategies-contre-la-secheresse\/","url":"https:\/\/www.elicit-plant.com\/fr\/temoignages\/multiplier-les-strategies-contre-la-secheresse\/","name":"Multiplier les strat\u00e9gies contre la s\u00e9cheresse - Elicit Plant France","isPartOf":{"@id":"https:\/\/www.elicit-plant.com\/fr\/#website"},"datePublished":"2023-08-31T14:35:33+00:00","dateModified":"2024-03-14T13:45:41+00:00","description":"S\u00e9bastien Gauthier, agriculteur en Nord Charente, nous parle des effets constat\u00e9s sur ses cultures suite \u00e0 l\u2019application du BEST-a.","breadcrumb":{"@id":"https:\/\/www.elicit-plant.com\/fr\/temoignages\/multiplier-les-strategies-contre-la-secheresse\/#breadcrumb"},"inLanguage":"fr-FR","potentialAction":[{"@type":"ReadAction","target":["https:\/\/www.elicit-plant.com\/fr\/temoignages\/multiplier-les-strategies-contre-la-secheresse\/"]}]},{"@type":"BreadcrumbList","@id":"https:\/\/www.elicit-plant.com\/fr\/temoignages\/multiplier-les-strategies-contre-la-secheresse\/#breadcrumb","itemListElement":[{"@type":"ListItem","position":1,"name":"Accueil","item":"https:\/\/www.elicit-plant.com\/fr\/"},{"@type":"ListItem","position":2,"name":"T\u00e9moignages","item":"https:\/\/www.elicit-plant.com\/fr\/temoignages\/"},{"@type":"ListItem","position":3,"name":"T\u00e9moignage : Multiplier les strat\u00e9gies contre la s\u00e9cheresse"}]},{"@type":"WebSite","@id":"https:\/\/www.elicit-plant.com\/fr\/#website","url":"https:\/\/www.elicit-plant.com\/fr\/","name":"Elicit Plant France","description":"Elicit Plant est experte dans la ma\u00eetrise de l\u2019apport des phytost\u00e9rols sur les cultures en plein champ. En r\u00e9duisant le stress des plantes, cette technologie am\u00e9liore les rendements et pr\u00e9serve les ressources naturelles.","potentialAction":[{"@type":"SearchAction","target":{"@type":"EntryPoint","urlTemplate":"https:\/\/www.elicit-plant.com\/fr\/?s={search_term_string}"},"query-input":{"@type":"PropertyValueSpecification","valueRequired":true,"valueName":"search_term_string"}}],"inLanguage":"fr-FR"}]}},"_links":{"self":[{"href":"https:\/\/www.elicit-plant.com\/fr\/wp-json\/wp\/v2\/pages\/2283","targetHints":{"allow":["GET"]}}],"collection":[{"href":"https:\/\/www.elicit-plant.com\/fr\/wp-json\/wp\/v2\/pages"}],"about":[{"href":"https:\/\/www.elicit-plant.com\/fr\/wp-json\/wp\/v2\/types\/page"}],"author":[{"embeddable":true,"href":"https:\/\/www.elicit-plant.com\/fr\/wp-json\/wp\/v2\/users\/3"}],"replies":[{"embeddable":true,"href":"https:\/\/www.elicit-plant.com\/fr\/wp-json\/wp\/v2\/comments?post=2283"}],"version-history":[{"count":7,"href":"https:\/\/www.elicit-plant.com\/fr\/wp-json\/wp\/v2\/pages\/2283\/revisions"}],"predecessor-version":[{"id":4651,"href":"https:\/\/www.elicit-plant.com\/fr\/wp-json\/wp\/v2\/pages\/2283\/revisions\/4651"}],"up":[{"embeddable":true,"href":"https:\/\/www.elicit-plant.com\/fr\/wp-json\/wp\/v2\/pages\/568"}],"wp:attachment":[{"href":"https:\/\/www.elicit-plant.com\/fr\/wp-json\/wp\/v2\/media?parent=2283"}],"curies":[{"name":"wp","href":"https:\/\/api.w.org\/{rel}","templated":true}]}}