{"id":2297,"date":"2023-08-31T17:00:31","date_gmt":"2023-08-31T15:00:31","guid":{"rendered":"https:\/\/www.elicit-plant.com\/?page_id=2297"},"modified":"2024-03-14T14:45:50","modified_gmt":"2024-03-14T13:45:50","slug":"securiser-la-valeur-alimentaire-du-fourrage-1-2","status":"publish","type":"page","link":"https:\/\/www.elicit-plant.com\/fr\/temoignages\/securiser-la-valeur-alimentaire-du-fourrage-1-2\/","title":{"rendered":"T\u00e9moignage : S\u00e9curiser la valeur alimentaire du fourrage (1\/2)"},"content":{"rendered":"<section class=\"cbo-hero cbo-margin-container hero--colorgreen\" data-anim-group>\n\t<div class=\"cbo-breadcrumbs breadcrumbs--normal\">\n  <div class=\"breadcrumbs-inner\">\n    <span><span><a href=\"https:\/\/www.elicit-plant.com\/fr\/\">Accueil<\/a><\/span><\/span>\t<\/div>\n<\/div>\n\t<div class=\"hero-inner cbo-container container--padding\">\n\n\t\t<div class=\"hero-shapes\">\n\t\t\t<div class=\"shapes-color scale-up\"><\/div>\n\n\t\t\t<div class=\"shapes-picture cbo-picture-cover scale-up\"  data-delay=\"450\">\n\t\t\t\t\t\t\t<\/div>\n\t\t<\/div>\n\n\t\t<div class=\"hero-content cbo-cms cms--large cms--white\">\n\t\t\t<div class=\"content-text\">\n\t\t\t\t<h1 class=\"hero-title cbo-heading slide-down\">\n\t\t\t\t\tS\u00e9curiser la valeur alimentaire du fourrage (1\/2)\t\t\t\t<\/h1>\n\n\t\t\t\t\t\t\t<\/div>\n\t\t<\/div>\n\n\t<\/div>\n<\/section>\n\n<section class=\"cbo-text cbo-margin-container\">\n    <div class=\"\n        text-inner\n                cbo-container\n        container--small        \"\n    >\n        <div class=\"text-content cbo-cms cms--large\">\n            <h2 class=\"index-title entry-title\">D\u00e9couvrez le t\u00e9moignage de Michel Blondy, conseiller d&rsquo;exploitation Oc\u00e9alia (87) &#8211; COOPERATIVE<\/h2>\n<div class=\"entry-content\">\n<p>Michel Blondy, conseiller d\u2019exploitation chez Oc\u00e9alia, revient sur les essais 2021 et \u00e9voque l\u2019int\u00e9r\u00eat du BEST-a ma\u00efs sur les valeurs alimentaires des fourrages.<\/p>\n<figure class=\"wp-block-embed is-type-video is-provider-youtube wp-block-embed-youtube wp-embed-aspect-16-9 wp-has-aspect-ratio\">\n<div class=\"wp-block-embed__wrapper\" data-placeholder_class_index=\"1\" data-placeholder-image=\"https:\/\/www.elicit-plant.com\/fr\/wp-content\/uploads\/complianz\/placeholders\/youtubedJacK56vIcU-maxresdefault.webp\"><\/div>\n<\/figure>\n<\/div>\n\n            <div style=\"clear: both;\"><\/div>\n        <\/div>\n    <\/div>\n<\/section>\n\n\n<section class=\"cbo-video video--normal video--titleover cbo-margin-container\">\n\t<div class=\"video-inner cbo-container container--small\">\n\n\t\t\n\t\t<div class=\"video-player\" data-player-ancestor>\n\n\t\t\t<div class=\"player-inner\">\n\t\t\t\t<div class=\"cbo-youtube\">\n\t<div class=\"youtube-inner\">\n\n\t\t\t\t<div\n\t\t\tclass=\"youtube-player\"\n\t\t\tdata-id=\"dJacK56vIcU\"\n\t\t\tid=\"yt_76tVnjaReP\"\n\t\t><\/div>\n\t\t\n\t\t<div class=\"youtube-cover cbo-picture-cover\">\n\n\t\t\t<img decoding=\"async\" src=\"https:\/\/www.elicit-plant.com\/app\/uploads\/sites\/1\/2023\/07\/michel-blondy-haute-vienne-87-350x481-1.jpg\"  sizes=\"100vw\" class=\"\" alt=\"\"  loading=\"lazy\" \/>\n\t\t\t<button type=\"button\" class=\"cover-button cbo-youtube-button\">\n\t\t\t\t<i class=\"icon icon-play\"><\/i>\n\t\t\t\t<div class=\"button-spinner cbo-spinner\">\n\t\t\t\t\t<div><\/div>\n\t\t\t\t\t<div><\/div>\n\t\t\t\t\t<div><\/div>\n\t\t\t\t\t<div><\/div>\n\t\t\t\t<\/div>\n\t\t\t<\/button>\n\t\t<\/div>\n\n\t<\/div>\n\n\t<\/div>\t\t\t<\/div>\n\n\t\t\t\t\t\t<div class=\"player-content\">\n\t\t\t\t<button type=\"button\" class=\"content-button cbo-youtube-button\" data-player-button>\n\t\t\t\t\t<i class=\"icon icon-play\"><\/i>\n\t\t\t\t<\/button>\n\n\t\t\t\t<h3 class=\"content-title\">\n\t\t\t\t\tT\u00e9moignage de Michel Blondy sur l&rsquo;int\u00e9r\u00eat du BEST-a Ma\u00efs sur le ma\u00efs ensilage\t\t\t\t<\/h3>\n\t\t\t<\/div>\n\t\t\t\n\t\t<\/div>\n\t<\/div>\n<\/section>\n\n\n\n<section class=\"cbo-quote\">\n    <div class=\"quote-inner cbo-container container--small\">\n\n        <div class=\"quote-infos\">\n            <i class=\"icon icon-quote\"><\/i>\n\n                            selon Michel Blondy.                    <\/div>\n       \n        <div class=\"quote-content cbo-title-3\">\n\t\t\tLe BEST-a est une innovation importante pour la culture de ma\u00efs, qui est toujours d\u00e9cri\u00e9e comme \u00e9tant une grosse consommatrice d\u2019eau. Oc\u00e9alia privil\u00e9gie des vari\u00e9t\u00e9s ayant des crit\u00e8res de rusticit\u00e9. Apporter un produit qui am\u00e9liorerait le tonnage et la valeur alimentaire est un plus pour cette culture.\t\t<\/div>\n    <\/div>\n<\/section>\n\n<section class=\"cbo-text cbo-margin-container\">\n    <div class=\"\n        text-inner\n                cbo-container\n        container--small        \"\n    >\n        <div class=\"text-content cbo-cms cms--large\">\n            <h2 class=\"wp-block-heading\">Lutter contre le d\u00e9ficit hydrique<\/h2>\n<p>Le conseiller accompagne des agriculteurs sur le Limousin, avec des sols plut\u00f4t sableux aux r\u00e9serves utiles faibles. L\u2019exploitation agricole d\u2019<a class=\"ek-link\" href=\"https:\/\/youtu.be\/Pahr9yahfW4\">Alain Mazier<\/a>, situ\u00e9e autour de Limoges, se retrouve r\u00e9guli\u00e8rement en d\u00e9ficit hydrique pendant la p\u00e9riode estivale. Michel Blondy a donc recommand\u00e9 l\u2019utilisation du BEST-a \u00e0 l\u2019agriculteur.<\/p>\n\n            <div style=\"clear: both;\"><\/div>\n        <\/div>\n    <\/div>\n<\/section>\n\n\n\n<section class=\"cbo-quote\">\n    <div class=\"quote-inner cbo-container container--small\">\n\n        <div class=\"quote-infos\">\n            <i class=\"icon icon-quote\"><\/i>\n\n                            explique-t-il.<br \/>\r\n                    <\/div>\n       \n        <div class=\"quote-content cbo-title-3\">\n\t\t\tSur l\u2019exploitation d\u2019Alain, le ma\u00efs est utilis\u00e9 pour l\u2019autonomie fourrag\u00e8re. Il est donc important de s\u00e9curiser la valeur alimentaire\r\n\r\n\t\t<\/div>\n    <\/div>\n<\/section>\n\n<section class=\"cbo-text cbo-margin-container\">\n    <div class=\"\n        text-inner\n                cbo-container\n        container--small        \"\n    >\n        <div class=\"text-content cbo-cms cms--large\">\n            <h2 class=\"wp-block-heading\">Augmentation du taux d\u2019amidon<\/h2>\n<p>Le produit a \u00e9t\u00e9 utilis\u00e9 au stade limite passage tracteur pour avoir le maximum de surface foliaire, \u00e0 8-10 feuilles. Des contr\u00f4les visuels au champ, au moment de la r\u00e9colte, ont permis d\u2019observer des feuilles plus vertes en dessous des \u00e9pis sur les bandes trait\u00e9es.<\/p>\n<p>A l\u2019analyse, les r\u00e9sultats sont facilement observables :<\/p>\n\n            <div style=\"clear: both;\"><\/div>\n        <\/div>\n    <\/div>\n<\/section>\n\n\n\n<section class=\"cbo-quote\">\n    <div class=\"quote-inner cbo-container container--small\">\n\n        <div class=\"quote-infos\">\n            <i class=\"icon icon-quote\"><\/i>\n\n                    <\/div>\n       \n        <div class=\"quote-content cbo-title-3\">\n\t\t\tSyst\u00e9matiquement, on est mont\u00e9 en mati\u00e8re s\u00e8che. Elle provenait principalement d\u2019un taux d\u2019amidon sup\u00e9rieur de 10 \u00e0 12 % par rapport au t\u00e9moin non trait\u00e9. Par cons\u00e9quent, on remonte en nombre d\u2019UF (unit\u00e9 fourrag\u00e8re) \u00e0 l\u2019hectare.\r\n\r\n\t\t<\/div>\n    <\/div>\n<\/section>\n\n<section class=\"cbo-featuredlinks featuredlinks--colorwhite\">\n\t<div class=\"featuredlinks-inner cbo-container \">\n\n\t\t\t\t\t<h2 class=\"cbo-title-2 featuredlinks-title\">\n\t\t\t\tEn savoir plus\t\t\t<\/h2>\n\t\t\n\t\t<div class=\"featuredlinks-list\" data-anim-group data-group-delay=\"100\">\n\t\t\t\n\t\t\t<div class=\"list-el\">\n\t\t\t\t<a class=\"el-inner\" href=\"https:\/\/www.elicit-plant.com\/fr\/temoignages\/\">\n\n\t\t\t\t\t<figure class=\"inner-picture cbo-picture-cover\">\n\t\t\t\t\t\t<img decoding=\"async\" src=\"https:\/\/www.elicit-plant.com\/app\/uploads\/sites\/1\/2023\/11\/Tous-les-temoignages.jpg\" srcset=\"https:\/\/www.elicit-plant.com\/app\/uploads\/sites\/1\/2023\/11\/Tous-les-temoignages-320x205.jpg 320w, https:\/\/www.elicit-plant.com\/app\/uploads\/sites\/1\/2023\/11\/Tous-les-temoignages.jpg 840w, https:\/\/www.elicit-plant.com\/app\/uploads\/sites\/1\/2023\/11\/Tous-les-temoignages.jpg 1024w, https:\/\/www.elicit-plant.com\/app\/uploads\/sites\/1\/2023\/11\/Tous-les-temoignages.jpg 1400w\" class=\"\" alt=\"Tous nos t\u00e9moignages\" width=\"547\" height=\"350\" sizes=\"auto, 100vw\" loading=\"lazy\" \/>\t\t\t\t\t<\/figure>\n\n\t\t\t\t\t<h3 class=\"inner-title cbo-title-3\">\n\t\t\t\t\t\tD\u00e9couvrez tous nos t\u00e9moignages\t\t\t\t\t<\/h3>\n\n\t\t\t\t\t<span class=\"inner-button cbo-buttonmore\">\n\t\t\t\t\t\t<i class=\"icon icon-cross\"><\/i>\n\t\t\t\t\t<\/span>\n\t\t\t\t<\/a>\n\t\t\t<\/div>\n\n\t\t\t\n\t\t\t<div class=\"list-el\">\n\t\t\t\t<a class=\"el-inner\" href=\"https:\/\/www.elicit-plant.com\/fr\/produits\/best-a-mais\/\">\n\n\t\t\t\t\t<figure class=\"inner-picture cbo-picture-cover\">\n\t\t\t\t\t\t<img decoding=\"async\" src=\"https:\/\/www.elicit-plant.com\/app\/uploads\/sites\/1\/2024\/03\/Bidon-Best-a-champ-de-mais.jpg\" srcset=\"https:\/\/www.elicit-plant.com\/app\/uploads\/sites\/1\/2024\/03\/Bidon-Best-a-champ-de-mais-320x214.jpg 320w, https:\/\/www.elicit-plant.com\/app\/uploads\/sites\/1\/2024\/03\/Bidon-Best-a-champ-de-mais.jpg 840w, https:\/\/www.elicit-plant.com\/app\/uploads\/sites\/1\/2024\/03\/Bidon-Best-a-champ-de-mais.jpg 1024w, https:\/\/www.elicit-plant.com\/app\/uploads\/sites\/1\/2024\/03\/Bidon-Best-a-champ-de-mais.jpg 1400w\" class=\"\" alt=\"Bidon Best-a dans un champ de ma\u00efs\" width=\"500\" height=\"334\" sizes=\"auto, 100vw\" loading=\"lazy\" \/>\t\t\t\t\t<\/figure>\n\n\t\t\t\t\t<h3 class=\"inner-title cbo-title-3\">\n\t\t\t\t\t\tVoir la fiche produit du Best-a Ma\u00efs\t\t\t\t\t<\/h3>\n\n\t\t\t\t\t<span class=\"inner-button cbo-buttonmore\">\n\t\t\t\t\t\t<i class=\"icon icon-cross\"><\/i>\n\t\t\t\t\t<\/span>\n\t\t\t\t<\/a>\n\t\t\t<\/div>\n\n\t\t\t\t\t<\/div>\n\n\t<\/div>\n<\/section>\n","protected":false},"excerpt":{"rendered":"<p>D\u00e9couvrez le t\u00e9moignage de Michel Blondy, conseiller d&rsquo;exploitation Oc\u00e9alia (87) &#8211; COOPERATIVE Michel Blondy, conseiller d\u2019exploitation chez Oc\u00e9alia, revient sur les essais 2021 et \u00e9voque l\u2019int\u00e9r\u00eat du BEST-a ma\u00efs sur les valeurs alimentaires des fourrages. Lutter contre le d\u00e9ficit hydrique Le conseiller accompagne des agriculteurs sur le Limousin, avec des sols plut\u00f4t sableux aux r\u00e9serves utiles faibles. L\u2019exploitation agricole d\u2019Alain Mazier, situ\u00e9e autour de Limoges, se retrouve r\u00e9guli\u00e8rement en d\u00e9ficit hydrique pendant la p\u00e9riode estivale. Michel Blondy a donc recommand\u00e9 l\u2019utilisation du BEST-a \u00e0 l\u2019agriculteur. Augmentation du taux d\u2019amidon Le produit a \u00e9t\u00e9 utilis\u00e9 au stade limite passage tracteur pour avoir le maximum de surface foliaire, \u00e0 8-10 feuilles. Des contr\u00f4les visuels au champ, au moment de la r\u00e9colte, ont permis d\u2019observer des feuilles plus vertes en dessous des \u00e9pis sur les bandes trait\u00e9es. A l\u2019analyse, les r\u00e9sultats sont&#8230;<\/p>\n","protected":false},"author":3,"featured_media":0,"parent":568,"menu_order":0,"comment_status":"closed","ping_status":"closed","template":"","meta":{"_acf_changed":false,"footnotes":""},"class_list":["post-2297","page","type-page","status-publish","hentry"],"acf":[],"yoast_head":"<!-- This site is optimized with the Yoast SEO plugin v27.3 - https:\/\/yoast.com\/product\/yoast-seo-wordpress\/ -->\n<title>Securiser la valeur alimentaire du fourrage (1\/2) - Elicit Plant France<\/title>\n<meta name=\"description\" content=\"Michel Blondy, conseiller d\u2019exploitation chez Oc\u00e9alia, revient sur les essais 2021 et \u00e9voque l\u2019int\u00e9r\u00eat du BEST-a ma\u00efs sur les valeurs alimentaires des fourrages.\" \/>\n<meta name=\"robots\" content=\"index, follow, max-snippet:-1, max-image-preview:large, max-video-preview:-1\" \/>\n<link rel=\"canonical\" href=\"https:\/\/www.elicit-plant.com\/fr\/temoignages\/securiser-la-valeur-alimentaire-du-fourrage-1-2\/\" \/>\n<meta property=\"og:locale\" content=\"fr_FR\" \/>\n<meta property=\"og:type\" content=\"article\" \/>\n<meta property=\"og:title\" content=\"Securiser la valeur alimentaire du fourrage (1\/2) - Elicit Plant France\" \/>\n<meta property=\"og:description\" content=\"Michel Blondy, conseiller d\u2019exploitation chez Oc\u00e9alia, revient sur les essais 2021 et \u00e9voque l\u2019int\u00e9r\u00eat du BEST-a ma\u00efs sur les valeurs alimentaires des fourrages.\" \/>\n<meta property=\"og:url\" content=\"https:\/\/www.elicit-plant.com\/fr\/temoignages\/securiser-la-valeur-alimentaire-du-fourrage-1-2\/\" \/>\n<meta property=\"og:site_name\" content=\"Elicit Plant France\" \/>\n<meta property=\"article:modified_time\" content=\"2024-03-14T13:45:50+00:00\" \/>\n<meta name=\"twitter:card\" content=\"summary_large_image\" \/>\n<script type=\"application\/ld+json\" class=\"yoast-schema-graph\">{\"@context\":\"https:\\\/\\\/schema.org\",\"@graph\":[{\"@type\":\"WebPage\",\"@id\":\"https:\\\/\\\/www.elicit-plant.com\\\/fr\\\/temoignages\\\/securiser-la-valeur-alimentaire-du-fourrage-1-2\\\/\",\"url\":\"https:\\\/\\\/www.elicit-plant.com\\\/fr\\\/temoignages\\\/securiser-la-valeur-alimentaire-du-fourrage-1-2\\\/\",\"name\":\"Securiser la valeur alimentaire du fourrage (1\\\/2) - Elicit Plant France\",\"isPartOf\":{\"@id\":\"https:\\\/\\\/www.elicit-plant.com\\\/fr\\\/#website\"},\"datePublished\":\"2023-08-31T15:00:31+00:00\",\"dateModified\":\"2024-03-14T13:45:50+00:00\",\"description\":\"Michel Blondy, conseiller d\u2019exploitation chez Oc\u00e9alia, revient sur les essais 2021 et \u00e9voque l\u2019int\u00e9r\u00eat du BEST-a ma\u00efs sur les valeurs alimentaires des fourrages.\",\"breadcrumb\":{\"@id\":\"https:\\\/\\\/www.elicit-plant.com\\\/fr\\\/temoignages\\\/securiser-la-valeur-alimentaire-du-fourrage-1-2\\\/#breadcrumb\"},\"inLanguage\":\"fr-FR\",\"potentialAction\":[{\"@type\":\"ReadAction\",\"target\":[\"https:\\\/\\\/www.elicit-plant.com\\\/fr\\\/temoignages\\\/securiser-la-valeur-alimentaire-du-fourrage-1-2\\\/\"]}]},{\"@type\":\"BreadcrumbList\",\"@id\":\"https:\\\/\\\/www.elicit-plant.com\\\/fr\\\/temoignages\\\/securiser-la-valeur-alimentaire-du-fourrage-1-2\\\/#breadcrumb\",\"itemListElement\":[{\"@type\":\"ListItem\",\"position\":1,\"name\":\"Accueil\",\"item\":\"https:\\\/\\\/www.elicit-plant.com\\\/fr\\\/\"},{\"@type\":\"ListItem\",\"position\":2,\"name\":\"T\u00e9moignages\",\"item\":\"https:\\\/\\\/www.elicit-plant.com\\\/fr\\\/temoignages\\\/\"},{\"@type\":\"ListItem\",\"position\":3,\"name\":\"T\u00e9moignage : S\u00e9curiser la valeur alimentaire du fourrage (1\\\/2)\"}]},{\"@type\":\"WebSite\",\"@id\":\"https:\\\/\\\/www.elicit-plant.com\\\/fr\\\/#website\",\"url\":\"https:\\\/\\\/www.elicit-plant.com\\\/fr\\\/\",\"name\":\"Elicit Plant France\",\"description\":\"Elicit Plant est experte dans la ma\u00eetrise de l\u2019apport des phytost\u00e9rols sur les cultures en plein champ. En r\u00e9duisant le stress des plantes, cette technologie am\u00e9liore les rendements et pr\u00e9serve les ressources naturelles.\",\"potentialAction\":[{\"@type\":\"SearchAction\",\"target\":{\"@type\":\"EntryPoint\",\"urlTemplate\":\"https:\\\/\\\/www.elicit-plant.com\\\/fr\\\/?s={search_term_string}\"},\"query-input\":{\"@type\":\"PropertyValueSpecification\",\"valueRequired\":true,\"valueName\":\"search_term_string\"}}],\"inLanguage\":\"fr-FR\"}]}<\/script>\n<!-- \/ Yoast SEO plugin. -->","yoast_head_json":{"title":"Securiser la valeur alimentaire du fourrage (1\/2) - Elicit Plant France","description":"Michel Blondy, conseiller d\u2019exploitation chez Oc\u00e9alia, revient sur les essais 2021 et \u00e9voque l\u2019int\u00e9r\u00eat du BEST-a ma\u00efs sur les valeurs alimentaires des fourrages.","robots":{"index":"index","follow":"follow","max-snippet":"max-snippet:-1","max-image-preview":"max-image-preview:large","max-video-preview":"max-video-preview:-1"},"canonical":"https:\/\/www.elicit-plant.com\/fr\/temoignages\/securiser-la-valeur-alimentaire-du-fourrage-1-2\/","og_locale":"fr_FR","og_type":"article","og_title":"Securiser la valeur alimentaire du fourrage (1\/2) - Elicit Plant France","og_description":"Michel Blondy, conseiller d\u2019exploitation chez Oc\u00e9alia, revient sur les essais 2021 et \u00e9voque l\u2019int\u00e9r\u00eat du BEST-a ma\u00efs sur les valeurs alimentaires des fourrages.","og_url":"https:\/\/www.elicit-plant.com\/fr\/temoignages\/securiser-la-valeur-alimentaire-du-fourrage-1-2\/","og_site_name":"Elicit Plant France","article_modified_time":"2024-03-14T13:45:50+00:00","twitter_card":"summary_large_image","schema":{"@context":"https:\/\/schema.org","@graph":[{"@type":"WebPage","@id":"https:\/\/www.elicit-plant.com\/fr\/temoignages\/securiser-la-valeur-alimentaire-du-fourrage-1-2\/","url":"https:\/\/www.elicit-plant.com\/fr\/temoignages\/securiser-la-valeur-alimentaire-du-fourrage-1-2\/","name":"Securiser la valeur alimentaire du fourrage (1\/2) - Elicit Plant France","isPartOf":{"@id":"https:\/\/www.elicit-plant.com\/fr\/#website"},"datePublished":"2023-08-31T15:00:31+00:00","dateModified":"2024-03-14T13:45:50+00:00","description":"Michel Blondy, conseiller d\u2019exploitation chez Oc\u00e9alia, revient sur les essais 2021 et \u00e9voque l\u2019int\u00e9r\u00eat du BEST-a ma\u00efs sur les valeurs alimentaires des fourrages.","breadcrumb":{"@id":"https:\/\/www.elicit-plant.com\/fr\/temoignages\/securiser-la-valeur-alimentaire-du-fourrage-1-2\/#breadcrumb"},"inLanguage":"fr-FR","potentialAction":[{"@type":"ReadAction","target":["https:\/\/www.elicit-plant.com\/fr\/temoignages\/securiser-la-valeur-alimentaire-du-fourrage-1-2\/"]}]},{"@type":"BreadcrumbList","@id":"https:\/\/www.elicit-plant.com\/fr\/temoignages\/securiser-la-valeur-alimentaire-du-fourrage-1-2\/#breadcrumb","itemListElement":[{"@type":"ListItem","position":1,"name":"Accueil","item":"https:\/\/www.elicit-plant.com\/fr\/"},{"@type":"ListItem","position":2,"name":"T\u00e9moignages","item":"https:\/\/www.elicit-plant.com\/fr\/temoignages\/"},{"@type":"ListItem","position":3,"name":"T\u00e9moignage : S\u00e9curiser la valeur alimentaire du fourrage (1\/2)"}]},{"@type":"WebSite","@id":"https:\/\/www.elicit-plant.com\/fr\/#website","url":"https:\/\/www.elicit-plant.com\/fr\/","name":"Elicit Plant France","description":"Elicit Plant est experte dans la ma\u00eetrise de l\u2019apport des phytost\u00e9rols sur les cultures en plein champ. En r\u00e9duisant le stress des plantes, cette technologie am\u00e9liore les rendements et pr\u00e9serve les ressources naturelles.","potentialAction":[{"@type":"SearchAction","target":{"@type":"EntryPoint","urlTemplate":"https:\/\/www.elicit-plant.com\/fr\/?s={search_term_string}"},"query-input":{"@type":"PropertyValueSpecification","valueRequired":true,"valueName":"search_term_string"}}],"inLanguage":"fr-FR"}]}},"_links":{"self":[{"href":"https:\/\/www.elicit-plant.com\/fr\/wp-json\/wp\/v2\/pages\/2297","targetHints":{"allow":["GET"]}}],"collection":[{"href":"https:\/\/www.elicit-plant.com\/fr\/wp-json\/wp\/v2\/pages"}],"about":[{"href":"https:\/\/www.elicit-plant.com\/fr\/wp-json\/wp\/v2\/types\/page"}],"author":[{"embeddable":true,"href":"https:\/\/www.elicit-plant.com\/fr\/wp-json\/wp\/v2\/users\/3"}],"replies":[{"embeddable":true,"href":"https:\/\/www.elicit-plant.com\/fr\/wp-json\/wp\/v2\/comments?post=2297"}],"version-history":[{"count":26,"href":"https:\/\/www.elicit-plant.com\/fr\/wp-json\/wp\/v2\/pages\/2297\/revisions"}],"predecessor-version":[{"id":4652,"href":"https:\/\/www.elicit-plant.com\/fr\/wp-json\/wp\/v2\/pages\/2297\/revisions\/4652"}],"up":[{"embeddable":true,"href":"https:\/\/www.elicit-plant.com\/fr\/wp-json\/wp\/v2\/pages\/568"}],"wp:attachment":[{"href":"https:\/\/www.elicit-plant.com\/fr\/wp-json\/wp\/v2\/media?parent=2297"}],"curies":[{"name":"wp","href":"https:\/\/api.w.org\/{rel}","templated":true}]}}