{"id":2326,"date":"2023-08-31T17:21:43","date_gmt":"2023-08-31T15:21:43","guid":{"rendered":"https:\/\/www.elicit-plant.com\/?page_id=2326"},"modified":"2024-03-14T14:44:54","modified_gmt":"2024-03-14T13:44:54","slug":"campagne-dessai-du-best-a","status":"publish","type":"page","link":"https:\/\/www.elicit-plant.com\/fr\/temoignages\/campagne-dessai-du-best-a\/","title":{"rendered":"T\u00e9moignage : Campagne d\u2019essai du Best-a"},"content":{"rendered":"<section class=\"cbo-hero cbo-margin-container hero--colorgreen\" data-anim-group>\n\t<div class=\"cbo-breadcrumbs breadcrumbs--normal\">\n  <div class=\"breadcrumbs-inner\">\n    <span><span><a href=\"https:\/\/www.elicit-plant.com\/fr\/\">Accueil<\/a><\/span><\/span>\t<\/div>\n<\/div>\n\t<div class=\"hero-inner cbo-container container--padding\">\n\n\t\t<div class=\"hero-shapes\">\n\t\t\t<div class=\"shapes-color scale-up\"><\/div>\n\n\t\t\t<div class=\"shapes-picture cbo-picture-cover scale-up\"  data-delay=\"450\">\n\t\t\t\t\t\t\t<\/div>\n\t\t<\/div>\n\n\t\t<div class=\"hero-content cbo-cms cms--large cms--white\">\n\t\t\t<div class=\"content-text\">\n\t\t\t\t<h1 class=\"hero-title cbo-heading slide-down\">\n\t\t\t\t\tCampagne d\u2019essai du Best-a\t\t\t\t<\/h1>\n\n\t\t\t\t\t\t\t<\/div>\n\t\t<\/div>\n\n\t<\/div>\n<\/section>\n\n<section class=\"cbo-text cbo-margin-container\">\n    <div class=\"\n        text-inner\n                cbo-container\n        container--small        \"\n    >\n        <div class=\"text-content cbo-cms cms--large\">\n            <h2 class=\"index-title entry-title\">D\u00e9couvrez le t\u00e9moignage de S\u00e9bastien Forest, responsable du march\u00e9 nutrition Oc\u00e9alia &#8211; COOPERATIVE<\/h2>\n<div class=\"entry-content\">S\u00e9bastien Forest, responsable du march\u00e9 nutrition chez Oc\u00e9alia, nous explique la campagne d\u2019essais mise en place par son \u00e9quipe et les r\u00e9sultats obtenus.<\/div>\n\n            <div style=\"clear: both;\"><\/div>\n        <\/div>\n    <\/div>\n<\/section>\n\n\n<section class=\"cbo-video video--normal video--titleover cbo-margin-container\">\n\t<div class=\"video-inner cbo-container container--small\">\n\n\t\t\n\t\t<div class=\"video-player\" data-player-ancestor>\n\n\t\t\t<div class=\"player-inner\">\n\t\t\t\t<div class=\"cbo-youtube\">\n\t<div class=\"youtube-inner\">\n\n\t\t\t\t<div\n\t\t\tclass=\"youtube-player\"\n\t\t\tdata-id=\"TLfyqNRphao\"\n\t\t\tid=\"yt_gw95wSt57z\"\n\t\t><\/div>\n\t\t\n\t\t<div class=\"youtube-cover cbo-picture-cover\">\n\n\t\t\t<img decoding=\"async\" src=\"https:\/\/www.elicit-plant.com\/app\/uploads\/sites\/1\/2023\/07\/sebastien-forest-charente-16-350x481-1.jpg\"  sizes=\"100vw\" class=\"\" alt=\"\"  loading=\"lazy\" \/>\n\t\t\t<button type=\"button\" class=\"cover-button cbo-youtube-button\">\n\t\t\t\t<i class=\"icon icon-play\"><\/i>\n\t\t\t\t<div class=\"button-spinner cbo-spinner\">\n\t\t\t\t\t<div><\/div>\n\t\t\t\t\t<div><\/div>\n\t\t\t\t\t<div><\/div>\n\t\t\t\t\t<div><\/div>\n\t\t\t\t<\/div>\n\t\t\t<\/button>\n\t\t<\/div>\n\n\t<\/div>\n\n\t<\/div>\t\t\t<\/div>\n\n\t\t\t\t\t\t<div class=\"player-content\">\n\t\t\t\t<button type=\"button\" class=\"content-button cbo-youtube-button\" data-player-button>\n\t\t\t\t\t<i class=\"icon icon-play\"><\/i>\n\t\t\t\t<\/button>\n\n\t\t\t\t<h3 class=\"content-title\">\n\t\t\t\t\tDes essais Best-a prometteurs r\u00e9alis\u00e9s chez Oc\u00e9alia par S\u00e9bastien Forest\t\t\t\t<\/h3>\n\t\t\t<\/div>\n\t\t\t\n\t\t<\/div>\n\t<\/div>\n<\/section>\n\n\n<section class=\"cbo-text cbo-margin-container\">\n    <div class=\"\n        text-inner\n                cbo-container\n        container--small        \"\n    >\n        <div class=\"text-content cbo-cms cms--large\">\n            <p>Cette premi\u00e8re campagne d\u2019essai du Best-a a \u00e9t\u00e9 mise en \u0153uvre sur un peu plus de 1000 ha au sein de la coop\u00e9rative Oc\u00e9alia. Dans le r\u00e9seau, une vingtaine de parcelles a re\u00e7u le produit de mani\u00e8re protocolaire, et suivie en exp\u00e9rimentation, soit un peu plus de 100 ha.<\/p>\n\n            <div style=\"clear: both;\"><\/div>\n        <\/div>\n    <\/div>\n<\/section>\n\n\n\n<section class=\"cbo-quote\">\n    <div class=\"quote-inner cbo-container container--small\">\n\n        <div class=\"quote-infos\">\n            <i class=\"icon icon-quote\"><\/i>\n\n                            explique S\u00e9bastien Forest<br \/>\r\n                    <\/div>\n       \n        <div class=\"quote-content cbo-title-3\">\n\t\t\tCette ann\u00e9e, pour bien \u00e9valuer la performance du produit, on a choisi de travailler \u00e0 la fois sur nos sites d\u2019exp\u00e9rimentation en 4 r\u00e9p\u00e9titions, et avec notre r\u00e9seau d\u2019agriculteurs. Cela repr\u00e9sente 3 essais micro-parcelles plac\u00e9s de part et d\u2019autre de la coop\u00e9rative, plut\u00f4t en situation irrigu\u00e9e ou partiellement irrigu\u00e9e sur diff\u00e9rentes cultures : ma\u00efs grain et popcorn.\t\t<\/div>\n    <\/div>\n<\/section>\n\n<section class=\"cbo-text cbo-margin-container\">\n    <div class=\"\n        text-inner\n                cbo-container\n        container--small        \"\n    >\n        <div class=\"text-content cbo-cms cms--large\">\n            <h2 class=\"wp-block-heading\">Protocole commun, sols diversifi\u00e9s<\/h2>\n<p>Pour l\u2019essai au sein du r\u00e9seau d\u2019agriculteurs, Oc\u00e9alia a choisi de diversifier les sols (toujours de moyennement profonds \u00e0 profonds) et d\u2019appliquer un protocole commun. La comparaison en bandes parcellaires implique de bien conna\u00eetre le sol de la parcelle pour savoir comment placer les essais. L\u2019objectif de cette premi\u00e8re campagne \u00e9tait d\u2019appliquer le Best-a le plus tard possible pour s\u2019approcher des p\u00e9riodes les plus sensibles du cycle (encadrement floraison) : limite passage tracteur pour le ma\u00efs, stade 3 feuilles trifoli\u00e9es pour le soja.<\/p>\n<h2 class=\"wp-block-heading\">10 \u00e0 20 % de grains par \u00e9pis en plus<\/h2>\n<p>Quand un stress hydrique survient entre le d\u00e9but de la floraison m\u00e2le et le seuil limite d\u2019avortement des grains, le nombre de grains par \u00e9pi augmente de 10 \u00e0 20 % sur les bandes trait\u00e9es. Or, cette diff\u00e9rence implique syst\u00e9matiquement une diff\u00e9rence de rendement.<\/p>\n\n            <div style=\"clear: both;\"><\/div>\n        <\/div>\n    <\/div>\n<\/section>\n\n\n\n<section class=\"cbo-quote\">\n    <div class=\"quote-inner cbo-container container--small\">\n\n        <div class=\"quote-infos\">\n            <i class=\"icon icon-quote\"><\/i>\n\n                            ajoute le responsable<br \/>\r\n                    <\/div>\n       \n        <div class=\"quote-content cbo-title-3\">\n\t\t\tDans les situations avec un sol \u00e0 r\u00e9serve utile plus faible, un stay green un peu plus fort a \u00e9t\u00e9 observ\u00e9 dans les bandes trait\u00e9es. On peut s\u2019attendre \u00e0 une activit\u00e9 photosynth\u00e9tique un peu plus longue qui alimente la composante PMG (poids de mille grains).\r\n\r\n\t\t<\/div>\n    <\/div>\n<\/section>\n\n\n<section class=\"cbo-quote\">\n    <div class=\"quote-inner cbo-container container--small\">\n\n        <div class=\"quote-infos\">\n            <i class=\"icon icon-quote\"><\/i>\n\n                    <\/div>\n       \n        <div class=\"quote-content cbo-title-3\">\n\t\t\tCette ann\u00e9e, sur des sites o\u00f9 on avait 80 \u00e0 90 quintaux de ma\u00efs en sec, soit un potentiel int\u00e9ressant avec une ann\u00e9e avec de la pluie, on pouvait esp\u00e9rer 5 \u00e0 10 quintaux suppl\u00e9mentaires avec du Best-a selon les plateaux.\r\n\r\n\t\t<\/div>\n    <\/div>\n<\/section>\n\n<section class=\"cbo-text cbo-margin-container\">\n    <div class=\"\n        text-inner\n                cbo-container\n        container--small        \"\n    >\n        <div class=\"text-content cbo-cms cms--large\">\n            <h2 class=\"wp-block-heading\">Des essais convaincants<\/h2>\n<p>L\u2019essai grandeur nature sur 15 fermes a aussi permis de v\u00e9rifier la praticit\u00e9 du produit : m\u00e9lange facile, pas de buse bouch\u00e9e, dose d\u2019application simple (1 L\/ha pour le ma\u00efs). Le taux de satisfaction est important chez les agriculteurs, avec des observations visuelles surtout en fin de cycle li\u00e9es au stay green ou au gain de grains par \u00e9pis.<\/p>\n<h3 class=\"wp-block-heading\"><strong>Pour la coop\u00e9rative :<\/strong><\/h3>\n\n            <div style=\"clear: both;\"><\/div>\n        <\/div>\n    <\/div>\n<\/section>\n\n\n\n<section class=\"cbo-quote\">\n    <div class=\"quote-inner cbo-container container--small\">\n\n        <div class=\"quote-infos\">\n            <i class=\"icon icon-quote\"><\/i>\n\n                    <\/div>\n       \n        <div class=\"quote-content cbo-title-3\">\n\t\t\tMalgr\u00e9 un \u00e9t\u00e9 pluvieux sur lequel nous n\u2019\u00e9tions pas certains d\u2019avoir de la rentabilit\u00e9 sur ces technologies, nous sommes convaincus de la performance de ces produits, notamment sur le ma\u00efs grain, ensilage et popcorn. C\u2019est un outil suppl\u00e9mentaire dans nos itin\u00e9raires, pour continuer d\u2019avoir de la performance pour les agriculteurs et une r\u00e9ponse pour un changement climatique de plus en plus rigoureux.\t\t<\/div>\n    <\/div>\n<\/section>\n\n<section class=\"cbo-featuredlinks featuredlinks--colorwhite\">\n\t<div class=\"featuredlinks-inner cbo-container \">\n\n\t\t\t\t\t<h2 class=\"cbo-title-2 featuredlinks-title\">\n\t\t\t\tEn savoir plus\t\t\t<\/h2>\n\t\t\n\t\t<div class=\"featuredlinks-list\" data-anim-group data-group-delay=\"100\">\n\t\t\t\n\t\t\t<div class=\"list-el\">\n\t\t\t\t<a class=\"el-inner\" href=\"https:\/\/www.elicit-plant.com\/fr\/temoignages\/\">\n\n\t\t\t\t\t<figure class=\"inner-picture cbo-picture-cover\">\n\t\t\t\t\t\t<img decoding=\"async\" src=\"https:\/\/www.elicit-plant.com\/app\/uploads\/sites\/1\/2023\/11\/Tous-les-temoignages.jpg\" srcset=\"https:\/\/www.elicit-plant.com\/app\/uploads\/sites\/1\/2023\/11\/Tous-les-temoignages-320x205.jpg 320w, https:\/\/www.elicit-plant.com\/app\/uploads\/sites\/1\/2023\/11\/Tous-les-temoignages.jpg 840w, https:\/\/www.elicit-plant.com\/app\/uploads\/sites\/1\/2023\/11\/Tous-les-temoignages.jpg 1024w, https:\/\/www.elicit-plant.com\/app\/uploads\/sites\/1\/2023\/11\/Tous-les-temoignages.jpg 1400w\" class=\"\" alt=\"Tous nos t\u00e9moignages\" width=\"547\" height=\"350\" sizes=\"auto, 100vw\" loading=\"lazy\" \/>\t\t\t\t\t<\/figure>\n\n\t\t\t\t\t<h3 class=\"inner-title cbo-title-3\">\n\t\t\t\t\t\tD\u00e9couvrez tous nos t\u00e9moignages\t\t\t\t\t<\/h3>\n\n\t\t\t\t\t<span class=\"inner-button cbo-buttonmore\">\n\t\t\t\t\t\t<i class=\"icon icon-cross\"><\/i>\n\t\t\t\t\t<\/span>\n\t\t\t\t<\/a>\n\t\t\t<\/div>\n\n\t\t\t\n\t\t\t<div class=\"list-el\">\n\t\t\t\t<a class=\"el-inner\" href=\"https:\/\/www.elicit-plant.com\/fr\/produits\/best-a-mais\/\">\n\n\t\t\t\t\t<figure class=\"inner-picture cbo-picture-cover\">\n\t\t\t\t\t\t<img decoding=\"async\" src=\"https:\/\/www.elicit-plant.com\/app\/uploads\/sites\/1\/2024\/03\/Bidon-Best-a-champ-de-mais.jpg\" srcset=\"https:\/\/www.elicit-plant.com\/app\/uploads\/sites\/1\/2024\/03\/Bidon-Best-a-champ-de-mais-320x214.jpg 320w, https:\/\/www.elicit-plant.com\/app\/uploads\/sites\/1\/2024\/03\/Bidon-Best-a-champ-de-mais.jpg 840w, https:\/\/www.elicit-plant.com\/app\/uploads\/sites\/1\/2024\/03\/Bidon-Best-a-champ-de-mais.jpg 1024w, https:\/\/www.elicit-plant.com\/app\/uploads\/sites\/1\/2024\/03\/Bidon-Best-a-champ-de-mais.jpg 1400w\" class=\"\" alt=\"Bidon Best-a dans un champ de ma\u00efs\" width=\"500\" height=\"334\" sizes=\"auto, 100vw\" loading=\"lazy\" \/>\t\t\t\t\t<\/figure>\n\n\t\t\t\t\t<h3 class=\"inner-title cbo-title-3\">\n\t\t\t\t\t\tVoir la fiche produit du Best-a Ma\u00efs\t\t\t\t\t<\/h3>\n\n\t\t\t\t\t<span class=\"inner-button cbo-buttonmore\">\n\t\t\t\t\t\t<i class=\"icon icon-cross\"><\/i>\n\t\t\t\t\t<\/span>\n\t\t\t\t<\/a>\n\t\t\t<\/div>\n\n\t\t\t\t\t<\/div>\n\n\t<\/div>\n<\/section>\n","protected":false},"excerpt":{"rendered":"<p>D\u00e9couvrez le t\u00e9moignage de S\u00e9bastien Forest, responsable du march\u00e9 nutrition Oc\u00e9alia &#8211; COOPERATIVE S\u00e9bastien Forest, responsable du march\u00e9 nutrition chez Oc\u00e9alia, nous explique la campagne d\u2019essais mise en place par son \u00e9quipe et les r\u00e9sultats obtenus. Cette premi\u00e8re campagne d\u2019essai du Best-a a \u00e9t\u00e9 mise en \u0153uvre sur un peu plus de 1000 ha au sein de la coop\u00e9rative Oc\u00e9alia. Dans le r\u00e9seau, une vingtaine de parcelles a re\u00e7u le produit de mani\u00e8re protocolaire, et suivie en exp\u00e9rimentation, soit un peu plus de 100 ha. Protocole commun, sols diversifi\u00e9s Pour l\u2019essai au sein du r\u00e9seau d\u2019agriculteurs, Oc\u00e9alia a choisi de diversifier les sols (toujours de moyennement profonds \u00e0 profonds) et d\u2019appliquer un protocole commun. La comparaison en bandes parcellaires implique de bien conna\u00eetre le sol de la parcelle pour savoir comment placer les essais. L\u2019objectif de cette premi\u00e8re campagne \u00e9tait d\u2019appliquer le Best-a le plus tard possible pour s\u2019approcher&#8230;<\/p>\n","protected":false},"author":3,"featured_media":0,"parent":568,"menu_order":0,"comment_status":"closed","ping_status":"closed","template":"","meta":{"_acf_changed":false,"footnotes":""},"class_list":["post-2326","page","type-page","status-publish","hentry"],"acf":[],"yoast_head":"<!-- This site is optimized with the Yoast SEO plugin v27.3 - https:\/\/yoast.com\/product\/yoast-seo-wordpress\/ -->\n<title>T\u00e9moignage : Campagne d\u2019essai du Best-a - Elicit Plant France<\/title>\n<meta name=\"description\" content=\"S\u00e9bastien Forest, responsable du march\u00e9 nutrition chez Oc\u00e9alia, nous explique la campagne d\u2019essais mise en place par son \u00e9quipe et les r\u00e9sultats obtenus.\" \/>\n<meta name=\"robots\" content=\"index, follow, max-snippet:-1, max-image-preview:large, max-video-preview:-1\" \/>\n<link rel=\"canonical\" href=\"https:\/\/www.elicit-plant.com\/fr\/temoignages\/campagne-dessai-du-best-a\/\" \/>\n<meta property=\"og:locale\" content=\"fr_FR\" \/>\n<meta property=\"og:type\" content=\"article\" \/>\n<meta property=\"og:title\" content=\"T\u00e9moignage : Campagne d\u2019essai du Best-a - Elicit Plant France\" \/>\n<meta property=\"og:description\" content=\"S\u00e9bastien Forest, responsable du march\u00e9 nutrition chez Oc\u00e9alia, nous explique la campagne d\u2019essais mise en place par son \u00e9quipe et les r\u00e9sultats obtenus.\" \/>\n<meta property=\"og:url\" content=\"https:\/\/www.elicit-plant.com\/fr\/temoignages\/campagne-dessai-du-best-a\/\" \/>\n<meta property=\"og:site_name\" content=\"Elicit Plant France\" \/>\n<meta property=\"article:modified_time\" content=\"2024-03-14T13:44:54+00:00\" \/>\n<meta name=\"twitter:card\" content=\"summary_large_image\" \/>\n<script type=\"application\/ld+json\" class=\"yoast-schema-graph\">{\"@context\":\"https:\\\/\\\/schema.org\",\"@graph\":[{\"@type\":\"WebPage\",\"@id\":\"https:\\\/\\\/www.elicit-plant.com\\\/fr\\\/temoignages\\\/campagne-dessai-du-best-a\\\/\",\"url\":\"https:\\\/\\\/www.elicit-plant.com\\\/fr\\\/temoignages\\\/campagne-dessai-du-best-a\\\/\",\"name\":\"T\u00e9moignage : Campagne d\u2019essai du Best-a - Elicit Plant France\",\"isPartOf\":{\"@id\":\"https:\\\/\\\/www.elicit-plant.com\\\/fr\\\/#website\"},\"datePublished\":\"2023-08-31T15:21:43+00:00\",\"dateModified\":\"2024-03-14T13:44:54+00:00\",\"description\":\"S\u00e9bastien Forest, responsable du march\u00e9 nutrition chez Oc\u00e9alia, nous explique la campagne d\u2019essais mise en place par son \u00e9quipe et les r\u00e9sultats obtenus.\",\"breadcrumb\":{\"@id\":\"https:\\\/\\\/www.elicit-plant.com\\\/fr\\\/temoignages\\\/campagne-dessai-du-best-a\\\/#breadcrumb\"},\"inLanguage\":\"fr-FR\",\"potentialAction\":[{\"@type\":\"ReadAction\",\"target\":[\"https:\\\/\\\/www.elicit-plant.com\\\/fr\\\/temoignages\\\/campagne-dessai-du-best-a\\\/\"]}]},{\"@type\":\"BreadcrumbList\",\"@id\":\"https:\\\/\\\/www.elicit-plant.com\\\/fr\\\/temoignages\\\/campagne-dessai-du-best-a\\\/#breadcrumb\",\"itemListElement\":[{\"@type\":\"ListItem\",\"position\":1,\"name\":\"Accueil\",\"item\":\"https:\\\/\\\/www.elicit-plant.com\\\/fr\\\/\"},{\"@type\":\"ListItem\",\"position\":2,\"name\":\"T\u00e9moignages\",\"item\":\"https:\\\/\\\/www.elicit-plant.com\\\/fr\\\/temoignages\\\/\"},{\"@type\":\"ListItem\",\"position\":3,\"name\":\"T\u00e9moignage : Campagne d\u2019essai du Best-a\"}]},{\"@type\":\"WebSite\",\"@id\":\"https:\\\/\\\/www.elicit-plant.com\\\/fr\\\/#website\",\"url\":\"https:\\\/\\\/www.elicit-plant.com\\\/fr\\\/\",\"name\":\"Elicit Plant France\",\"description\":\"Elicit Plant est experte dans la ma\u00eetrise de l\u2019apport des phytost\u00e9rols sur les cultures en plein champ. En r\u00e9duisant le stress des plantes, cette technologie am\u00e9liore les rendements et pr\u00e9serve les ressources naturelles.\",\"potentialAction\":[{\"@type\":\"SearchAction\",\"target\":{\"@type\":\"EntryPoint\",\"urlTemplate\":\"https:\\\/\\\/www.elicit-plant.com\\\/fr\\\/?s={search_term_string}\"},\"query-input\":{\"@type\":\"PropertyValueSpecification\",\"valueRequired\":true,\"valueName\":\"search_term_string\"}}],\"inLanguage\":\"fr-FR\"}]}<\/script>\n<!-- \/ Yoast SEO plugin. -->","yoast_head_json":{"title":"T\u00e9moignage : Campagne d\u2019essai du Best-a - Elicit Plant France","description":"S\u00e9bastien Forest, responsable du march\u00e9 nutrition chez Oc\u00e9alia, nous explique la campagne d\u2019essais mise en place par son \u00e9quipe et les r\u00e9sultats obtenus.","robots":{"index":"index","follow":"follow","max-snippet":"max-snippet:-1","max-image-preview":"max-image-preview:large","max-video-preview":"max-video-preview:-1"},"canonical":"https:\/\/www.elicit-plant.com\/fr\/temoignages\/campagne-dessai-du-best-a\/","og_locale":"fr_FR","og_type":"article","og_title":"T\u00e9moignage : Campagne d\u2019essai du Best-a - Elicit Plant France","og_description":"S\u00e9bastien Forest, responsable du march\u00e9 nutrition chez Oc\u00e9alia, nous explique la campagne d\u2019essais mise en place par son \u00e9quipe et les r\u00e9sultats obtenus.","og_url":"https:\/\/www.elicit-plant.com\/fr\/temoignages\/campagne-dessai-du-best-a\/","og_site_name":"Elicit Plant France","article_modified_time":"2024-03-14T13:44:54+00:00","twitter_card":"summary_large_image","schema":{"@context":"https:\/\/schema.org","@graph":[{"@type":"WebPage","@id":"https:\/\/www.elicit-plant.com\/fr\/temoignages\/campagne-dessai-du-best-a\/","url":"https:\/\/www.elicit-plant.com\/fr\/temoignages\/campagne-dessai-du-best-a\/","name":"T\u00e9moignage : Campagne d\u2019essai du Best-a - Elicit Plant France","isPartOf":{"@id":"https:\/\/www.elicit-plant.com\/fr\/#website"},"datePublished":"2023-08-31T15:21:43+00:00","dateModified":"2024-03-14T13:44:54+00:00","description":"S\u00e9bastien Forest, responsable du march\u00e9 nutrition chez Oc\u00e9alia, nous explique la campagne d\u2019essais mise en place par son \u00e9quipe et les r\u00e9sultats obtenus.","breadcrumb":{"@id":"https:\/\/www.elicit-plant.com\/fr\/temoignages\/campagne-dessai-du-best-a\/#breadcrumb"},"inLanguage":"fr-FR","potentialAction":[{"@type":"ReadAction","target":["https:\/\/www.elicit-plant.com\/fr\/temoignages\/campagne-dessai-du-best-a\/"]}]},{"@type":"BreadcrumbList","@id":"https:\/\/www.elicit-plant.com\/fr\/temoignages\/campagne-dessai-du-best-a\/#breadcrumb","itemListElement":[{"@type":"ListItem","position":1,"name":"Accueil","item":"https:\/\/www.elicit-plant.com\/fr\/"},{"@type":"ListItem","position":2,"name":"T\u00e9moignages","item":"https:\/\/www.elicit-plant.com\/fr\/temoignages\/"},{"@type":"ListItem","position":3,"name":"T\u00e9moignage : Campagne d\u2019essai du Best-a"}]},{"@type":"WebSite","@id":"https:\/\/www.elicit-plant.com\/fr\/#website","url":"https:\/\/www.elicit-plant.com\/fr\/","name":"Elicit Plant France","description":"Elicit Plant est experte dans la ma\u00eetrise de l\u2019apport des phytost\u00e9rols sur les cultures en plein champ. En r\u00e9duisant le stress des plantes, cette technologie am\u00e9liore les rendements et pr\u00e9serve les ressources naturelles.","potentialAction":[{"@type":"SearchAction","target":{"@type":"EntryPoint","urlTemplate":"https:\/\/www.elicit-plant.com\/fr\/?s={search_term_string}"},"query-input":{"@type":"PropertyValueSpecification","valueRequired":true,"valueName":"search_term_string"}}],"inLanguage":"fr-FR"}]}},"_links":{"self":[{"href":"https:\/\/www.elicit-plant.com\/fr\/wp-json\/wp\/v2\/pages\/2326","targetHints":{"allow":["GET"]}}],"collection":[{"href":"https:\/\/www.elicit-plant.com\/fr\/wp-json\/wp\/v2\/pages"}],"about":[{"href":"https:\/\/www.elicit-plant.com\/fr\/wp-json\/wp\/v2\/types\/page"}],"author":[{"embeddable":true,"href":"https:\/\/www.elicit-plant.com\/fr\/wp-json\/wp\/v2\/users\/3"}],"replies":[{"embeddable":true,"href":"https:\/\/www.elicit-plant.com\/fr\/wp-json\/wp\/v2\/comments?post=2326"}],"version-history":[{"count":11,"href":"https:\/\/www.elicit-plant.com\/fr\/wp-json\/wp\/v2\/pages\/2326\/revisions"}],"predecessor-version":[{"id":4645,"href":"https:\/\/www.elicit-plant.com\/fr\/wp-json\/wp\/v2\/pages\/2326\/revisions\/4645"}],"up":[{"embeddable":true,"href":"https:\/\/www.elicit-plant.com\/fr\/wp-json\/wp\/v2\/pages\/568"}],"wp:attachment":[{"href":"https:\/\/www.elicit-plant.com\/fr\/wp-json\/wp\/v2\/media?parent=2326"}],"curies":[{"name":"wp","href":"https:\/\/api.w.org\/{rel}","templated":true}]}}