{"id":2384,"date":"2023-09-01T12:50:51","date_gmt":"2023-09-01T10:50:51","guid":{"rendered":"https:\/\/www.elicit-plant.com\/?page_id=2384"},"modified":"2024-03-14T14:45:33","modified_gmt":"2024-03-14T13:45:33","slug":"moins-deau-sur-le-mais","status":"publish","type":"page","link":"https:\/\/www.elicit-plant.com\/fr\/temoignages\/moins-deau-sur-le-mais\/","title":{"rendered":"T\u00e9moignage : Moins d\u2019eau sur le ma\u00efs"},"content":{"rendered":"<section class=\"cbo-hero cbo-margin-container hero--colorgreen\" data-anim-group>\n\t<div class=\"cbo-breadcrumbs breadcrumbs--normal\">\n  <div class=\"breadcrumbs-inner\">\n    <span><span><a href=\"https:\/\/www.elicit-plant.com\/fr\/\">Accueil<\/a><\/span><\/span>\t<\/div>\n<\/div>\n\t<div class=\"hero-inner cbo-container container--padding\">\n\n\t\t<div class=\"hero-shapes\">\n\t\t\t<div class=\"shapes-color scale-up\"><\/div>\n\n\t\t\t<div class=\"shapes-picture cbo-picture-cover scale-up\"  data-delay=\"450\">\n\t\t\t\t\t\t\t<\/div>\n\t\t<\/div>\n\n\t\t<div class=\"hero-content cbo-cms cms--large cms--white\">\n\t\t\t<div class=\"content-text\">\n\t\t\t\t<h1 class=\"hero-title cbo-heading slide-down\">\n\t\t\t\t\tMoins d\u2019eau sur le ma\u00efs\t\t\t\t<\/h1>\n\n\t\t\t\t\t\t\t<\/div>\n\t\t<\/div>\n\n\t<\/div>\n<\/section>\n\n<section class=\"cbo-text cbo-margin-container\">\n    <div class=\"\n        text-inner\n                cbo-container\n        container--small        \"\n    >\n        <div class=\"text-content cbo-cms cms--large\">\n            <h2>D\u00e9couvrez le t\u00e9moignage de Jean-Michel Lacuve, AGRICULTEUR, Charente (16)<\/h2>\n<p>&nbsp;<\/p>\n<p>Jean-Michel Lacuve, agriculteur en Charente, a utilis\u00e9 le BEST-a Ma\u00efs pour lutter contre le stress hydrique. Il nous partage les r\u00e9sultats obtenus sur ses cultures de ma\u00efs en 2021.<\/p>\n\n            <div style=\"clear: both;\"><\/div>\n        <\/div>\n    <\/div>\n<\/section>\n\n\n<section class=\"cbo-video video--normal video--titleover cbo-margin-container\">\n\t<div class=\"video-inner cbo-container container--small\">\n\n\t\t\n\t\t<div class=\"video-player\" data-player-ancestor>\n\n\t\t\t<div class=\"player-inner\">\n\t\t\t\t<div class=\"cbo-youtube\">\n\t<div class=\"youtube-inner\">\n\n\t\t\t\t<div\n\t\t\tclass=\"youtube-player\"\n\t\t\tdata-id=\"EUU6Xlpg52A\"\n\t\t\tid=\"yt_9LAzdjj8cb\"\n\t\t><\/div>\n\t\t\n\t\t<div class=\"youtube-cover cbo-picture-cover\">\n\n\t\t\t<img decoding=\"async\" src=\"https:\/\/www.elicit-plant.com\/app\/uploads\/sites\/1\/2023\/09\/Capture-decran-2023-09-01-a-12.44.15-1024x533.png\"  sizes=\"100vw\" class=\"\" alt=\"\"  loading=\"lazy\" \/>\n\t\t\t<button type=\"button\" class=\"cover-button cbo-youtube-button\">\n\t\t\t\t<i class=\"icon icon-play\"><\/i>\n\t\t\t\t<div class=\"button-spinner cbo-spinner\">\n\t\t\t\t\t<div><\/div>\n\t\t\t\t\t<div><\/div>\n\t\t\t\t\t<div><\/div>\n\t\t\t\t\t<div><\/div>\n\t\t\t\t<\/div>\n\t\t\t<\/button>\n\t\t<\/div>\n\n\t<\/div>\n\n\t<\/div>\t\t\t<\/div>\n\n\t\t\t\t\t\t<div class=\"player-content\">\n\t\t\t\t<button type=\"button\" class=\"content-button cbo-youtube-button\" data-player-button>\n\t\t\t\t\t<i class=\"icon icon-play\"><\/i>\n\t\t\t\t<\/button>\n\n\t\t\t\t<h3 class=\"content-title\">\n\t\t\t\t\tT\u00e9moignage de Jean-Michel Lacuve, utilisateur Best-a Mais\t\t\t\t<\/h3>\n\t\t\t<\/div>\n\t\t\t\n\t\t<\/div>\n\t<\/div>\n<\/section>\n\n\n<section class=\"cbo-text cbo-margin-container\">\n    <div class=\"\n        text-inner\n                cbo-container\n        container--small        \"\n    >\n        <div class=\"text-content cbo-cms cms--large\">\n            <p>Les parcelles de Jean-Michel Lacuve sont tr\u00e8s h\u00e9t\u00e9rog\u00e8nes : sables, groies, terres plus argileuses. La culture de ma\u00efs repr\u00e9sente 45 % de l\u2019exploitation, et la moiti\u00e9 est en irrigation. Quand il fait chaud, l\u2019agriculteur peut perdre jusqu\u2019\u00e0 30 quintaux sur son rendement en ma\u00efs, voire 40 s\u2019il n\u2019a pas mis d\u2019eau \u00e0 temps.<\/p>\n<h2 class=\"wp-block-heading\">Application au stade 8-10 feuilles<\/h2>\n<p>Avec le BEST-a, Jean-Michel Lacuve voulait essayer d\u2019homog\u00e9n\u00e9iser les parcelles pour avoir un rendement correct et apporter moins d\u2019eau. Il a donc appliqu\u00e9 le produit au stade 8-10 feuilles.<\/p>\n<blockquote>\n<p>\u00ab\u00a0V<em>isuellement, on voit un petit peu la diff\u00e9rence mais ce n\u2019est pas flagrant car il a beaucoup plu au printemps et au d\u00e9but de l\u2019\u00e9t\u00e9 cette ann\u00e9e. Par contre, on a l\u2019impression que le sol se dess\u00e8che moins<\/em>\u201c, <cite>observe l\u2019agriculteur.<\/cite><\/p>\n<p>&nbsp;<\/p>\n<p>\u00ab\u00a0Et en fin de cycle, on dirait que les \u00e9pis se dess\u00e8chent et que les feuilles du haut restent toujours vertes.<span style=\"font-size: 0.875rem;letter-spacing: -0.0313rem\">\u201d<\/span><\/p>\n<\/blockquote>\n\n            <div style=\"clear: both;\"><\/div>\n        <\/div>\n    <\/div>\n<\/section>\n\n\n<section class=\"cbo-featuredlinks featuredlinks--colorwhite\">\n\t<div class=\"featuredlinks-inner cbo-container \">\n\n\t\t\t\t\t<h2 class=\"cbo-title-2 featuredlinks-title\">\n\t\t\t\tEn savoir plus\t\t\t<\/h2>\n\t\t\n\t\t<div class=\"featuredlinks-list\" data-anim-group data-group-delay=\"100\">\n\t\t\t\n\t\t\t<div class=\"list-el\">\n\t\t\t\t<a class=\"el-inner\" href=\"https:\/\/www.elicit-plant.com\/fr\/temoignages\/\">\n\n\t\t\t\t\t<figure class=\"inner-picture cbo-picture-cover\">\n\t\t\t\t\t\t<img decoding=\"async\" src=\"https:\/\/www.elicit-plant.com\/app\/uploads\/sites\/1\/2023\/11\/Tous-les-temoignages.jpg\" srcset=\"https:\/\/www.elicit-plant.com\/app\/uploads\/sites\/1\/2023\/11\/Tous-les-temoignages-320x205.jpg 320w, https:\/\/www.elicit-plant.com\/app\/uploads\/sites\/1\/2023\/11\/Tous-les-temoignages.jpg 840w, https:\/\/www.elicit-plant.com\/app\/uploads\/sites\/1\/2023\/11\/Tous-les-temoignages.jpg 1024w, https:\/\/www.elicit-plant.com\/app\/uploads\/sites\/1\/2023\/11\/Tous-les-temoignages.jpg 1400w\" class=\"\" alt=\"Tous nos t\u00e9moignages\" width=\"547\" height=\"350\" sizes=\"auto, 100vw\" loading=\"lazy\" \/>\t\t\t\t\t<\/figure>\n\n\t\t\t\t\t<h3 class=\"inner-title cbo-title-3\">\n\t\t\t\t\t\tD\u00e9couvrez tous nos t\u00e9moignages\t\t\t\t\t<\/h3>\n\n\t\t\t\t\t<span class=\"inner-button cbo-buttonmore\">\n\t\t\t\t\t\t<i class=\"icon icon-cross\"><\/i>\n\t\t\t\t\t<\/span>\n\t\t\t\t<\/a>\n\t\t\t<\/div>\n\n\t\t\t\n\t\t\t<div class=\"list-el\">\n\t\t\t\t<a class=\"el-inner\" href=\"https:\/\/www.elicit-plant.com\/fr\/produits\/best-a-mais\/\">\n\n\t\t\t\t\t<figure class=\"inner-picture cbo-picture-cover\">\n\t\t\t\t\t\t<img decoding=\"async\" src=\"https:\/\/www.elicit-plant.com\/app\/uploads\/sites\/1\/2024\/03\/Bidon-Best-a-champ-de-mais.jpg\" srcset=\"https:\/\/www.elicit-plant.com\/app\/uploads\/sites\/1\/2024\/03\/Bidon-Best-a-champ-de-mais-320x214.jpg 320w, https:\/\/www.elicit-plant.com\/app\/uploads\/sites\/1\/2024\/03\/Bidon-Best-a-champ-de-mais.jpg 840w, https:\/\/www.elicit-plant.com\/app\/uploads\/sites\/1\/2024\/03\/Bidon-Best-a-champ-de-mais.jpg 1024w, https:\/\/www.elicit-plant.com\/app\/uploads\/sites\/1\/2024\/03\/Bidon-Best-a-champ-de-mais.jpg 1400w\" class=\"\" alt=\"Bidon Best-a dans un champ de ma\u00efs\" width=\"500\" height=\"334\" sizes=\"auto, 100vw\" loading=\"lazy\" \/>\t\t\t\t\t<\/figure>\n\n\t\t\t\t\t<h3 class=\"inner-title cbo-title-3\">\n\t\t\t\t\t\tVoir la fiche produit du Best-a Ma\u00efs\t\t\t\t\t<\/h3>\n\n\t\t\t\t\t<span class=\"inner-button cbo-buttonmore\">\n\t\t\t\t\t\t<i class=\"icon icon-cross\"><\/i>\n\t\t\t\t\t<\/span>\n\t\t\t\t<\/a>\n\t\t\t<\/div>\n\n\t\t\t\t\t<\/div>\n\n\t<\/div>\n<\/section>\n","protected":false},"excerpt":{"rendered":"<p>D\u00e9couvrez le t\u00e9moignage de Jean-Michel Lacuve, AGRICULTEUR, Charente (16) &nbsp; Jean-Michel Lacuve, agriculteur en Charente, a utilis\u00e9 le BEST-a Ma\u00efs pour lutter contre le stress hydrique. Il nous partage les r\u00e9sultats obtenus sur ses cultures de ma\u00efs en 2021. Les parcelles de Jean-Michel Lacuve sont tr\u00e8s h\u00e9t\u00e9rog\u00e8nes : sables, groies, terres plus argileuses. La culture de ma\u00efs repr\u00e9sente 45 % de l\u2019exploitation, et la moiti\u00e9 est en irrigation. Quand il fait chaud, l\u2019agriculteur peut perdre jusqu\u2019\u00e0 30 quintaux sur son rendement en ma\u00efs, voire 40 s\u2019il n\u2019a pas mis d\u2019eau \u00e0 temps. Application au stade 8-10 feuilles Avec le BEST-a, Jean-Michel Lacuve voulait essayer d\u2019homog\u00e9n\u00e9iser les parcelles pour avoir un rendement correct et apporter moins d\u2019eau. Il a donc appliqu\u00e9 le produit au stade 8-10 feuilles. \u00ab\u00a0Visuellement, on voit un petit peu la diff\u00e9rence mais ce n\u2019est pas flagrant car il a beaucoup plu au printemps et au d\u00e9but de l\u2019\u00e9t\u00e9 cette ann\u00e9e&#8230;.<\/p>\n","protected":false},"author":3,"featured_media":0,"parent":568,"menu_order":0,"comment_status":"closed","ping_status":"closed","template":"","meta":{"_acf_changed":false,"footnotes":""},"class_list":["post-2384","page","type-page","status-publish","hentry"],"acf":[],"yoast_head":"<!-- This site is optimized with the Yoast SEO plugin v27.2 - https:\/\/yoast.com\/product\/yoast-seo-wordpress\/ -->\n<title>Moins d\u2019eau sur le ma\u00efs - Elicit Plant<\/title>\n<meta name=\"description\" content=\"&quot;Jean-Michel Lacuve a utilis\u00e9 le BEST-a Ma\u00efs pour lutter contre le stress hydrique. Il nous partage les r\u00e9sultats obtenus sur ses cultures de ma\u00efs en 2021.&quot;\" \/>\n<meta name=\"robots\" content=\"index, follow, max-snippet:-1, max-image-preview:large, max-video-preview:-1\" \/>\n<link rel=\"canonical\" href=\"https:\/\/www.elicit-plant.com\/fr\/temoignages\/moins-deau-sur-le-mais\/\" \/>\n<meta property=\"og:locale\" content=\"fr_FR\" \/>\n<meta property=\"og:type\" content=\"article\" \/>\n<meta property=\"og:title\" content=\"Moins d\u2019eau sur le ma\u00efs - Elicit Plant\" \/>\n<meta property=\"og:description\" content=\"&quot;Jean-Michel Lacuve a utilis\u00e9 le BEST-a Ma\u00efs pour lutter contre le stress hydrique. Il nous partage les r\u00e9sultats obtenus sur ses cultures de ma\u00efs en 2021.&quot;\" \/>\n<meta property=\"og:url\" content=\"https:\/\/www.elicit-plant.com\/fr\/temoignages\/moins-deau-sur-le-mais\/\" \/>\n<meta property=\"og:site_name\" content=\"Elicit Plant France\" \/>\n<meta property=\"article:modified_time\" content=\"2024-03-14T13:45:33+00:00\" \/>\n<meta name=\"twitter:card\" content=\"summary_large_image\" \/>\n<script type=\"application\/ld+json\" class=\"yoast-schema-graph\">{\"@context\":\"https:\/\/schema.org\",\"@graph\":[{\"@type\":\"WebPage\",\"@id\":\"https:\/\/www.elicit-plant.com\/fr\/temoignages\/moins-deau-sur-le-mais\/\",\"url\":\"https:\/\/www.elicit-plant.com\/fr\/temoignages\/moins-deau-sur-le-mais\/\",\"name\":\"Moins d\u2019eau sur le ma\u00efs - Elicit Plant\",\"isPartOf\":{\"@id\":\"https:\/\/www.elicit-plant.com\/fr\/#website\"},\"datePublished\":\"2023-09-01T10:50:51+00:00\",\"dateModified\":\"2024-03-14T13:45:33+00:00\",\"description\":\"\\\"Jean-Michel Lacuve a utilis\u00e9 le BEST-a Ma\u00efs pour lutter contre le stress hydrique. Il nous partage les r\u00e9sultats obtenus sur ses cultures de ma\u00efs en 2021.\\\"\",\"breadcrumb\":{\"@id\":\"https:\/\/www.elicit-plant.com\/fr\/temoignages\/moins-deau-sur-le-mais\/#breadcrumb\"},\"inLanguage\":\"fr-FR\",\"potentialAction\":[{\"@type\":\"ReadAction\",\"target\":[\"https:\/\/www.elicit-plant.com\/fr\/temoignages\/moins-deau-sur-le-mais\/\"]}]},{\"@type\":\"BreadcrumbList\",\"@id\":\"https:\/\/www.elicit-plant.com\/fr\/temoignages\/moins-deau-sur-le-mais\/#breadcrumb\",\"itemListElement\":[{\"@type\":\"ListItem\",\"position\":1,\"name\":\"Accueil\",\"item\":\"https:\/\/www.elicit-plant.com\/fr\/\"},{\"@type\":\"ListItem\",\"position\":2,\"name\":\"T\u00e9moignages\",\"item\":\"https:\/\/www.elicit-plant.com\/fr\/temoignages\/\"},{\"@type\":\"ListItem\",\"position\":3,\"name\":\"T\u00e9moignage : Moins d\u2019eau sur le ma\u00efs\"}]},{\"@type\":\"WebSite\",\"@id\":\"https:\/\/www.elicit-plant.com\/fr\/#website\",\"url\":\"https:\/\/www.elicit-plant.com\/fr\/\",\"name\":\"Elicit Plant France\",\"description\":\"Elicit Plant est experte dans la ma\u00eetrise de l\u2019apport des phytost\u00e9rols sur les cultures en plein champ. En r\u00e9duisant le stress des plantes, cette technologie am\u00e9liore les rendements et pr\u00e9serve les ressources naturelles.\",\"potentialAction\":[{\"@type\":\"SearchAction\",\"target\":{\"@type\":\"EntryPoint\",\"urlTemplate\":\"https:\/\/www.elicit-plant.com\/fr\/?s={search_term_string}\"},\"query-input\":{\"@type\":\"PropertyValueSpecification\",\"valueRequired\":true,\"valueName\":\"search_term_string\"}}],\"inLanguage\":\"fr-FR\"}]}<\/script>\n<!-- \/ Yoast SEO plugin. -->","yoast_head_json":{"title":"Moins d\u2019eau sur le ma\u00efs - Elicit Plant","description":"\"Jean-Michel Lacuve a utilis\u00e9 le BEST-a Ma\u00efs pour lutter contre le stress hydrique. Il nous partage les r\u00e9sultats obtenus sur ses cultures de ma\u00efs en 2021.\"","robots":{"index":"index","follow":"follow","max-snippet":"max-snippet:-1","max-image-preview":"max-image-preview:large","max-video-preview":"max-video-preview:-1"},"canonical":"https:\/\/www.elicit-plant.com\/fr\/temoignages\/moins-deau-sur-le-mais\/","og_locale":"fr_FR","og_type":"article","og_title":"Moins d\u2019eau sur le ma\u00efs - Elicit Plant","og_description":"\"Jean-Michel Lacuve a utilis\u00e9 le BEST-a Ma\u00efs pour lutter contre le stress hydrique. Il nous partage les r\u00e9sultats obtenus sur ses cultures de ma\u00efs en 2021.\"","og_url":"https:\/\/www.elicit-plant.com\/fr\/temoignages\/moins-deau-sur-le-mais\/","og_site_name":"Elicit Plant France","article_modified_time":"2024-03-14T13:45:33+00:00","twitter_card":"summary_large_image","schema":{"@context":"https:\/\/schema.org","@graph":[{"@type":"WebPage","@id":"https:\/\/www.elicit-plant.com\/fr\/temoignages\/moins-deau-sur-le-mais\/","url":"https:\/\/www.elicit-plant.com\/fr\/temoignages\/moins-deau-sur-le-mais\/","name":"Moins d\u2019eau sur le ma\u00efs - Elicit Plant","isPartOf":{"@id":"https:\/\/www.elicit-plant.com\/fr\/#website"},"datePublished":"2023-09-01T10:50:51+00:00","dateModified":"2024-03-14T13:45:33+00:00","description":"\"Jean-Michel Lacuve a utilis\u00e9 le BEST-a Ma\u00efs pour lutter contre le stress hydrique. Il nous partage les r\u00e9sultats obtenus sur ses cultures de ma\u00efs en 2021.\"","breadcrumb":{"@id":"https:\/\/www.elicit-plant.com\/fr\/temoignages\/moins-deau-sur-le-mais\/#breadcrumb"},"inLanguage":"fr-FR","potentialAction":[{"@type":"ReadAction","target":["https:\/\/www.elicit-plant.com\/fr\/temoignages\/moins-deau-sur-le-mais\/"]}]},{"@type":"BreadcrumbList","@id":"https:\/\/www.elicit-plant.com\/fr\/temoignages\/moins-deau-sur-le-mais\/#breadcrumb","itemListElement":[{"@type":"ListItem","position":1,"name":"Accueil","item":"https:\/\/www.elicit-plant.com\/fr\/"},{"@type":"ListItem","position":2,"name":"T\u00e9moignages","item":"https:\/\/www.elicit-plant.com\/fr\/temoignages\/"},{"@type":"ListItem","position":3,"name":"T\u00e9moignage : Moins d\u2019eau sur le ma\u00efs"}]},{"@type":"WebSite","@id":"https:\/\/www.elicit-plant.com\/fr\/#website","url":"https:\/\/www.elicit-plant.com\/fr\/","name":"Elicit Plant France","description":"Elicit Plant est experte dans la ma\u00eetrise de l\u2019apport des phytost\u00e9rols sur les cultures en plein champ. En r\u00e9duisant le stress des plantes, cette technologie am\u00e9liore les rendements et pr\u00e9serve les ressources naturelles.","potentialAction":[{"@type":"SearchAction","target":{"@type":"EntryPoint","urlTemplate":"https:\/\/www.elicit-plant.com\/fr\/?s={search_term_string}"},"query-input":{"@type":"PropertyValueSpecification","valueRequired":true,"valueName":"search_term_string"}}],"inLanguage":"fr-FR"}]}},"_links":{"self":[{"href":"https:\/\/www.elicit-plant.com\/fr\/wp-json\/wp\/v2\/pages\/2384","targetHints":{"allow":["GET"]}}],"collection":[{"href":"https:\/\/www.elicit-plant.com\/fr\/wp-json\/wp\/v2\/pages"}],"about":[{"href":"https:\/\/www.elicit-plant.com\/fr\/wp-json\/wp\/v2\/types\/page"}],"author":[{"embeddable":true,"href":"https:\/\/www.elicit-plant.com\/fr\/wp-json\/wp\/v2\/users\/3"}],"replies":[{"embeddable":true,"href":"https:\/\/www.elicit-plant.com\/fr\/wp-json\/wp\/v2\/comments?post=2384"}],"version-history":[{"count":6,"href":"https:\/\/www.elicit-plant.com\/fr\/wp-json\/wp\/v2\/pages\/2384\/revisions"}],"predecessor-version":[{"id":4650,"href":"https:\/\/www.elicit-plant.com\/fr\/wp-json\/wp\/v2\/pages\/2384\/revisions\/4650"}],"up":[{"embeddable":true,"href":"https:\/\/www.elicit-plant.com\/fr\/wp-json\/wp\/v2\/pages\/568"}],"wp:attachment":[{"href":"https:\/\/www.elicit-plant.com\/fr\/wp-json\/wp\/v2\/media?parent=2384"}],"curies":[{"name":"wp","href":"https:\/\/api.w.org\/{rel}","templated":true}]}}