{"id":275,"date":"2023-07-18T15:30:42","date_gmt":"2023-07-18T13:30:42","guid":{"rendered":"https:\/\/www.elicit-plant.com\/?page_id=275"},"modified":"2024-10-01T14:44:13","modified_gmt":"2024-10-01T12:44:13","slug":"carrieres","status":"publish","type":"page","link":"https:\/\/www.elicit-plant.com\/fr\/carrieres\/","title":{"rendered":"Opportunit\u00e9s"},"content":{"rendered":"<section class=\"cbo-testimonialslider cbo-margin-container cbo-halo\">\n\t<div class=\"testimonialslider-inner cbo-container container--xsmall\">\n\n\t\t<div class=\"testimonialslider-top\">\n\t\t\t\t\t\t<h2 class=\"top-title\">\n\t\t\t\tNos  \u00e9quipes t\u00e9moignent\t\t\t<\/h2>\n\t\t\t\t\t<\/div>\n\n\t\t<div class=\"testimonialslider-list\">\n\n\t\t\t\n\t\t\t<div class=\"list-el\">\n\t\t\t\t<div class=\"cbo-testimonial testimonial--slider\">\n\t<a class=\"cbo-testimonial-wrapper\" href=\"https:\/\/www.elicit-plant.com\/fr\/temoignages\/temoignage-rencontrez-mathilde-ingenieure-de-recherche-en-chimie\/\">\n\t\t<span class=\"testimonial-content\">\n\t\t\t<span class=\"content-head\">\n\t\t\t\t<h3 class=\"head-title cbo-title-2\">\n\t\t\t\t\tRencontrez Mathilde, Ing\u00e9nieure de recherche en chimie\t\t\t\t<\/h3>\n\t\t\t\t<p class=\"content-author\">\n\t\t\t\t\t<span class=\"author-name\">\n\t\t\t\t\t\tMathilde L.\t\t\t\t\t<\/span><br \/>\n\t\t\t\t\t<span class=\"author-desc\">\n\t\t\t\t\t\tIng\u00e9nieure de recherche en chimie\t\t\t\t\t\t\t\t\t\t\t<\/span>\n\t\t\t\t<\/p>\n\t\t\t<\/span>\n\n\t\t\t\n\t\t\t<span class=\"content-picture cbo-picture-cover\">\n\t\t\t\t<img decoding=\"async\" src=\"https:\/\/www.elicit-plant.com\/app\/uploads\/sites\/1\/2023\/08\/Mathilde-1024x683.jpg\"  sizes=\"100vw\" class=\"\" alt=\"\"  loading=\"lazy\" \/>\t\t\t<\/span>\n\t\t\t<span class=\"cbo-testimonial-link content-link\">\n\t\t\t\t<span>\n\t\t\t\t\tVoir le t\u00e9moignage\t\t\t\t<\/span>\n\t\t\t\t<i class=\"icon icon-angle\"><\/i>\n\t\t\t<\/span>\n\t\t<\/a>\n\t<\/span>\n<\/div>\t\t\t<\/div>\n\n\t\t\t\n\t\t\t<div class=\"list-el\">\n\t\t\t\t<div class=\"cbo-testimonial testimonial--slider\">\n\t<a class=\"cbo-testimonial-wrapper\" href=\"https:\/\/www.elicit-plant.com\/fr\/temoignages\/temoignage-rencontrez-ghislain-ingenieur-daffaires\/\">\n\t\t<span class=\"testimonial-content\">\n\t\t\t<span class=\"content-head\">\n\t\t\t\t<h3 class=\"head-title cbo-title-2\">\n\t\t\t\t\tRencontrez Ghislain, Ing\u00e9nieur d&rsquo;affaires\t\t\t\t<\/h3>\n\t\t\t\t<p class=\"content-author\">\n\t\t\t\t\t<span class=\"author-name\">\n\t\t\t\t\t\tGhislain R.\t\t\t\t\t<\/span><br \/>\n\t\t\t\t\t<span class=\"author-desc\">\n\t\t\t\t\t\tIng\u00e9nieur d&rsquo;affaires\t\t\t\t\t\t\t\t\t\t\t<\/span>\n\t\t\t\t<\/p>\n\t\t\t<\/span>\n\n\t\t\t\n\t\t\t<span class=\"content-picture cbo-picture-cover\">\n\t\t\t\t<img decoding=\"async\" src=\"https:\/\/www.elicit-plant.com\/app\/uploads\/sites\/1\/2023\/08\/Ghislain-1024x683.jpg\"  sizes=\"100vw\" class=\"\" alt=\"\"  loading=\"lazy\" \/>\t\t\t<\/span>\n\t\t\t<span class=\"cbo-testimonial-link content-link\">\n\t\t\t\t<span>\n\t\t\t\t\tVoir le t\u00e9moignage\t\t\t\t<\/span>\n\t\t\t\t<i class=\"icon icon-angle\"><\/i>\n\t\t\t<\/span>\n\t\t<\/a>\n\t<\/span>\n<\/div>\t\t\t<\/div>\n\n\t\t\t\n\t\t\t<div class=\"list-el\">\n\t\t\t\t<div class=\"cbo-testimonial testimonial--slider\">\n\t<a class=\"cbo-testimonial-wrapper\" href=\"https:\/\/www.elicit-plant.com\/fr\/temoignages\/temoignage-rencontrez-chloe-ingenieure-agronome\/\">\n\t\t<span class=\"testimonial-content\">\n\t\t\t<span class=\"content-head\">\n\t\t\t\t<h3 class=\"head-title cbo-title-2\">\n\t\t\t\t\tRencontrez Chlo\u00e9, Ing\u00e9nieure agronome\t\t\t\t<\/h3>\n\t\t\t\t<p class=\"content-author\">\n\t\t\t\t\t<span class=\"author-name\">\n\t\t\t\t\t\tChlo\u00e9 C.\t\t\t\t\t<\/span><br \/>\n\t\t\t\t\t<span class=\"author-desc\">\n\t\t\t\t\t\tIng\u00e9nieure agronome\t\t\t\t\t\t\t\t\t\t\t<\/span>\n\t\t\t\t<\/p>\n\t\t\t<\/span>\n\n\t\t\t\n\t\t\t<span class=\"content-picture cbo-picture-cover\">\n\t\t\t\t<img decoding=\"async\" src=\"https:\/\/www.elicit-plant.com\/app\/uploads\/sites\/1\/2023\/08\/Chloe-1024x683.jpg\"  sizes=\"100vw\" class=\"\" alt=\"\"  loading=\"lazy\" \/>\t\t\t<\/span>\n\t\t\t<span class=\"cbo-testimonial-link content-link\">\n\t\t\t\t<span>\n\t\t\t\t\tVoir le t\u00e9moignage\t\t\t\t<\/span>\n\t\t\t\t<i class=\"icon icon-angle\"><\/i>\n\t\t\t<\/span>\n\t\t<\/a>\n\t<\/span>\n<\/div>\t\t\t<\/div>\n\n\t\t\t\n\t\t\t<div class=\"list-el\">\n\t\t\t\t<div class=\"cbo-testimonial testimonial--slider\">\n\t<a class=\"cbo-testimonial-wrapper\" href=\"https:\/\/www.elicit-plant.com\/fr\/temoignages\/temoignage-rencontrez-justine-docteure-en-phytopathologie\/\">\n\t\t<span class=\"testimonial-content\">\n\t\t\t<span class=\"content-head\">\n\t\t\t\t<h3 class=\"head-title cbo-title-2\">\n\t\t\t\t\tRencontrez Justine, Docteure en phytopathologie\t\t\t\t<\/h3>\n\t\t\t\t<p class=\"content-author\">\n\t\t\t\t\t<span class=\"author-name\">\n\t\t\t\t\t\tJustine C.\t\t\t\t\t<\/span><br \/>\n\t\t\t\t\t<span class=\"author-desc\">\n\t\t\t\t\t\tDocteure en phytopathologie\t\t\t\t\t\t\t\t\t\t\t<\/span>\n\t\t\t\t<\/p>\n\t\t\t<\/span>\n\n\t\t\t\n\t\t\t<span class=\"content-picture cbo-picture-cover\">\n\t\t\t\t<img decoding=\"async\" src=\"https:\/\/www.elicit-plant.com\/app\/uploads\/sites\/1\/2023\/08\/Justine-1024x683.jpg\"  sizes=\"100vw\" class=\"\" alt=\"\"  loading=\"lazy\" \/>\t\t\t<\/span>\n\t\t\t<span class=\"cbo-testimonial-link content-link\">\n\t\t\t\t<span>\n\t\t\t\t\tVoir le t\u00e9moignage\t\t\t\t<\/span>\n\t\t\t\t<i class=\"icon icon-angle\"><\/i>\n\t\t\t<\/span>\n\t\t<\/a>\n\t<\/span>\n<\/div>\t\t\t<\/div>\n\n\t\t\t\n\t\t<\/div>\n\n\t<\/div>\n<\/section>\n","protected":false},"excerpt":{"rendered":"","protected":false},"author":3,"featured_media":0,"parent":0,"menu_order":0,"comment_status":"closed","ping_status":"closed","template":"","meta":{"_acf_changed":false,"footnotes":""},"class_list":["post-275","page","type-page","status-publish","hentry"],"acf":[],"yoast_head":"<!-- This site is optimized with the Yoast SEO plugin v27.3 - https:\/\/yoast.com\/product\/yoast-seo-wordpress\/ -->\n<title>Rejoignez nos \u00c9quipes : Emplois &amp; Stages - Elicit Plant<\/title>\n<meta name=\"description\" content=\"D\u00e9veloppez avec nos \u00e9quipes des produits innovants et de haute technologie, pour contribuer \u00e0 une agriculture r\u00e9siliente face au changement climatique.\" \/>\n<meta name=\"robots\" content=\"index, follow, max-snippet:-1, max-image-preview:large, max-video-preview:-1\" \/>\n<link rel=\"canonical\" href=\"https:\/\/www.elicit-plant.com\/fr\/carrieres\/\" \/>\n<meta property=\"og:locale\" content=\"fr_FR\" \/>\n<meta property=\"og:type\" content=\"article\" \/>\n<meta property=\"og:title\" content=\"Rejoignez nos \u00c9quipes : Emplois &amp; Stages - Elicit Plant\" \/>\n<meta property=\"og:description\" content=\"D\u00e9veloppez avec nos \u00e9quipes des produits innovants et de haute technologie, pour contribuer \u00e0 une agriculture r\u00e9siliente face au changement climatique.\" \/>\n<meta property=\"og:url\" content=\"https:\/\/www.elicit-plant.com\/fr\/carrieres\/\" \/>\n<meta property=\"og:site_name\" content=\"Elicit Plant France\" \/>\n<meta property=\"article:modified_time\" content=\"2024-10-01T12:44:13+00:00\" \/>\n<meta name=\"twitter:card\" content=\"summary_large_image\" \/>\n<script type=\"application\/ld+json\" class=\"yoast-schema-graph\">{\"@context\":\"https:\\\/\\\/schema.org\",\"@graph\":[{\"@type\":\"WebPage\",\"@id\":\"https:\\\/\\\/www.elicit-plant.com\\\/fr\\\/carrieres\\\/\",\"url\":\"https:\\\/\\\/www.elicit-plant.com\\\/fr\\\/carrieres\\\/\",\"name\":\"Rejoignez nos \u00c9quipes : Emplois & Stages - Elicit Plant\",\"isPartOf\":{\"@id\":\"https:\\\/\\\/www.elicit-plant.com\\\/fr\\\/#website\"},\"datePublished\":\"2023-07-18T13:30:42+00:00\",\"dateModified\":\"2024-10-01T12:44:13+00:00\",\"description\":\"D\u00e9veloppez avec nos \u00e9quipes des produits innovants et de haute technologie, pour contribuer \u00e0 une agriculture r\u00e9siliente face au changement climatique.\",\"breadcrumb\":{\"@id\":\"https:\\\/\\\/www.elicit-plant.com\\\/fr\\\/carrieres\\\/#breadcrumb\"},\"inLanguage\":\"fr-FR\",\"potentialAction\":[{\"@type\":\"ReadAction\",\"target\":[\"https:\\\/\\\/www.elicit-plant.com\\\/fr\\\/carrieres\\\/\"]}]},{\"@type\":\"BreadcrumbList\",\"@id\":\"https:\\\/\\\/www.elicit-plant.com\\\/fr\\\/carrieres\\\/#breadcrumb\",\"itemListElement\":[{\"@type\":\"ListItem\",\"position\":1,\"name\":\"Accueil\",\"item\":\"https:\\\/\\\/www.elicit-plant.com\\\/fr\\\/\"},{\"@type\":\"ListItem\",\"position\":2,\"name\":\"Opportunit\u00e9s\"}]},{\"@type\":\"WebSite\",\"@id\":\"https:\\\/\\\/www.elicit-plant.com\\\/fr\\\/#website\",\"url\":\"https:\\\/\\\/www.elicit-plant.com\\\/fr\\\/\",\"name\":\"Elicit Plant France\",\"description\":\"Elicit Plant est experte dans la ma\u00eetrise de l\u2019apport des phytost\u00e9rols sur les cultures en plein champ. En r\u00e9duisant le stress des plantes, cette technologie am\u00e9liore les rendements et pr\u00e9serve les ressources naturelles.\",\"potentialAction\":[{\"@type\":\"SearchAction\",\"target\":{\"@type\":\"EntryPoint\",\"urlTemplate\":\"https:\\\/\\\/www.elicit-plant.com\\\/fr\\\/?s={search_term_string}\"},\"query-input\":{\"@type\":\"PropertyValueSpecification\",\"valueRequired\":true,\"valueName\":\"search_term_string\"}}],\"inLanguage\":\"fr-FR\"}]}<\/script>\n<!-- \/ Yoast SEO plugin. -->","yoast_head_json":{"title":"Rejoignez nos \u00c9quipes : Emplois & Stages - Elicit Plant","description":"D\u00e9veloppez avec nos \u00e9quipes des produits innovants et de haute technologie, pour contribuer \u00e0 une agriculture r\u00e9siliente face au changement climatique.","robots":{"index":"index","follow":"follow","max-snippet":"max-snippet:-1","max-image-preview":"max-image-preview:large","max-video-preview":"max-video-preview:-1"},"canonical":"https:\/\/www.elicit-plant.com\/fr\/carrieres\/","og_locale":"fr_FR","og_type":"article","og_title":"Rejoignez nos \u00c9quipes : Emplois & Stages - Elicit Plant","og_description":"D\u00e9veloppez avec nos \u00e9quipes des produits innovants et de haute technologie, pour contribuer \u00e0 une agriculture r\u00e9siliente face au changement climatique.","og_url":"https:\/\/www.elicit-plant.com\/fr\/carrieres\/","og_site_name":"Elicit Plant France","article_modified_time":"2024-10-01T12:44:13+00:00","twitter_card":"summary_large_image","schema":{"@context":"https:\/\/schema.org","@graph":[{"@type":"WebPage","@id":"https:\/\/www.elicit-plant.com\/fr\/carrieres\/","url":"https:\/\/www.elicit-plant.com\/fr\/carrieres\/","name":"Rejoignez nos \u00c9quipes : Emplois & Stages - Elicit Plant","isPartOf":{"@id":"https:\/\/www.elicit-plant.com\/fr\/#website"},"datePublished":"2023-07-18T13:30:42+00:00","dateModified":"2024-10-01T12:44:13+00:00","description":"D\u00e9veloppez avec nos \u00e9quipes des produits innovants et de haute technologie, pour contribuer \u00e0 une agriculture r\u00e9siliente face au changement climatique.","breadcrumb":{"@id":"https:\/\/www.elicit-plant.com\/fr\/carrieres\/#breadcrumb"},"inLanguage":"fr-FR","potentialAction":[{"@type":"ReadAction","target":["https:\/\/www.elicit-plant.com\/fr\/carrieres\/"]}]},{"@type":"BreadcrumbList","@id":"https:\/\/www.elicit-plant.com\/fr\/carrieres\/#breadcrumb","itemListElement":[{"@type":"ListItem","position":1,"name":"Accueil","item":"https:\/\/www.elicit-plant.com\/fr\/"},{"@type":"ListItem","position":2,"name":"Opportunit\u00e9s"}]},{"@type":"WebSite","@id":"https:\/\/www.elicit-plant.com\/fr\/#website","url":"https:\/\/www.elicit-plant.com\/fr\/","name":"Elicit Plant France","description":"Elicit Plant est experte dans la ma\u00eetrise de l\u2019apport des phytost\u00e9rols sur les cultures en plein champ. En r\u00e9duisant le stress des plantes, cette technologie am\u00e9liore les rendements et pr\u00e9serve les ressources naturelles.","potentialAction":[{"@type":"SearchAction","target":{"@type":"EntryPoint","urlTemplate":"https:\/\/www.elicit-plant.com\/fr\/?s={search_term_string}"},"query-input":{"@type":"PropertyValueSpecification","valueRequired":true,"valueName":"search_term_string"}}],"inLanguage":"fr-FR"}]}},"_links":{"self":[{"href":"https:\/\/www.elicit-plant.com\/fr\/wp-json\/wp\/v2\/pages\/275","targetHints":{"allow":["GET"]}}],"collection":[{"href":"https:\/\/www.elicit-plant.com\/fr\/wp-json\/wp\/v2\/pages"}],"about":[{"href":"https:\/\/www.elicit-plant.com\/fr\/wp-json\/wp\/v2\/types\/page"}],"author":[{"embeddable":true,"href":"https:\/\/www.elicit-plant.com\/fr\/wp-json\/wp\/v2\/users\/3"}],"replies":[{"embeddable":true,"href":"https:\/\/www.elicit-plant.com\/fr\/wp-json\/wp\/v2\/comments?post=275"}],"version-history":[{"count":9,"href":"https:\/\/www.elicit-plant.com\/fr\/wp-json\/wp\/v2\/pages\/275\/revisions"}],"predecessor-version":[{"id":5525,"href":"https:\/\/www.elicit-plant.com\/fr\/wp-json\/wp\/v2\/pages\/275\/revisions\/5525"}],"wp:attachment":[{"href":"https:\/\/www.elicit-plant.com\/fr\/wp-json\/wp\/v2\/media?parent=275"}],"curies":[{"name":"wp","href":"https:\/\/api.w.org\/{rel}","templated":true}]}}