{"id":3273,"date":"2023-11-08T16:14:00","date_gmt":"2023-11-08T15:14:00","guid":{"rendered":"https:\/\/www.elicit-plant.com\/?page_id=3273"},"modified":"2024-03-14T14:46:32","modified_gmt":"2024-03-14T13:46:32","slug":"patrick-mounier-agriculteur-et-utilisateur-du-best-a-en-charente-16","status":"publish","type":"page","link":"https:\/\/www.elicit-plant.com\/fr\/temoignages\/patrick-mounier-agriculteur-et-utilisateur-du-best-a-en-charente-16\/","title":{"rendered":"T\u00e9moignage de Patrick Mounier, agriculteur et utilisateur du Best-a en Charente (16)"},"content":{"rendered":"<section class=\"cbo-hero cbo-margin-container hero--colorgreen\" data-anim-group>\n\t<div class=\"cbo-breadcrumbs breadcrumbs--normal\">\n  <div class=\"breadcrumbs-inner\">\n    <span><span><a href=\"https:\/\/www.elicit-plant.com\/fr\/\">Accueil<\/a><\/span><\/span>\t<\/div>\n<\/div>\n\t<div class=\"hero-inner cbo-container container--padding\">\n\n\t\t<div class=\"hero-shapes\">\n\t\t\t<div class=\"shapes-color scale-up\"><\/div>\n\n\t\t\t<div class=\"shapes-picture cbo-picture-cover scale-up\"  data-delay=\"450\">\n\t\t\t\t\t\t\t<\/div>\n\t\t<\/div>\n\n\t\t<div class=\"hero-content cbo-cms cms--large cms--white\">\n\t\t\t<div class=\"content-text\">\n\t\t\t\t<h1 class=\"hero-title cbo-heading slide-down\">\n\t\t\t\t\tAvec le Best-a ma\u00efs : \u00ab\u00a0je gagne 200\u20ac par hectare\u00a0\u00bb\t\t\t\t<\/h1>\n\n\t\t\t\t\t\t\t<\/div>\n\t\t<\/div>\n\n\t<\/div>\n<\/section>\n\n<section class=\"cbo-text cbo-margin-container\">\n    <div class=\"\n        text-inner\n                cbo-container\n        container--small        \"\n    >\n        <div class=\"text-content cbo-cms cms--large\">\n            <h2 class=\"index-title entry-title\">D\u00e9couvrez le t\u00e9moignage de Patrick Mounier, agriculteur, Charente (16)<\/h2>\n<div class=\"entry-content\">\n<p>Patrick Mounier, agriculteur et entrepreneur de travaux agricoles est confront\u00e9 \u00e0 un fort stress hydrique chaque ann\u00e9e malgr\u00e9 l\u2019irrigation. Il t\u00e9moigne de son exp\u00e9rience positive avec le BEST-a ma\u00efs qu\u2019il utilise pour la seconde ann\u00e9e.<\/p>\n<figure class=\"wp-block-embed is-type-video is-provider-youtube wp-block-embed-youtube wp-embed-aspect-16-9 wp-has-aspect-ratio\">\n<div class=\"wp-block-embed__wrapper\" data-placeholder_class_index=\"1\" data-placeholder-image=\"https:\/\/www.elicit-plant.com\/fr\/wp-content\/uploads\/complianz\/placeholders\/youtubedJacK56vIcU-maxresdefault.webp\"><\/div>\n<\/figure>\n<\/div>\n\n            <div style=\"clear: both;\"><\/div>\n        <\/div>\n    <\/div>\n<\/section>\n\n\n<section class=\"cbo-video video--normal video--titleover cbo-margin-container\">\n\t<div class=\"video-inner cbo-container container--small\">\n\n\t\t\n\t\t<div class=\"video-player\" data-player-ancestor>\n\n\t\t\t<div class=\"player-inner\">\n\t\t\t\t<div class=\"cbo-youtube\">\n\t<div class=\"youtube-inner\">\n\n\t\t\t\t<div\n\t\t\tclass=\"youtube-player\"\n\t\t\tdata-id=\"U9CZWt2zmis\"\n\t\t\tid=\"yt_Dv7FZmhmt9\"\n\t\t><\/div>\n\t\t\n\t\t<div class=\"youtube-cover cbo-picture-cover\">\n\n\t\t\t<img decoding=\"async\" src=\"https:\/\/www.elicit-plant.com\/app\/uploads\/sites\/1\/2023\/11\/Patrick-Mounier-1024x576.jpg\"  sizes=\"100vw\" class=\"\" alt=\"\"  loading=\"lazy\" \/>\n\t\t\t<button type=\"button\" class=\"cover-button cbo-youtube-button\">\n\t\t\t\t<i class=\"icon icon-play\"><\/i>\n\t\t\t\t<div class=\"button-spinner cbo-spinner\">\n\t\t\t\t\t<div><\/div>\n\t\t\t\t\t<div><\/div>\n\t\t\t\t\t<div><\/div>\n\t\t\t\t\t<div><\/div>\n\t\t\t\t<\/div>\n\t\t\t<\/button>\n\t\t<\/div>\n\n\t<\/div>\n\n\t<\/div>\t\t\t<\/div>\n\n\t\t\t\t\t\t<div class=\"player-content\">\n\t\t\t\t<button type=\"button\" class=\"content-button cbo-youtube-button\" data-player-button>\n\t\t\t\t\t<i class=\"icon icon-play\"><\/i>\n\t\t\t\t<\/button>\n\n\t\t\t\t<h3 class=\"content-title\">\n\t\t\t\t\tD\u00e9couvrez le t\u00e9moignage de Patrick Mounier, utilisateur convaincu par le Best-a\t\t\t\t<\/h3>\n\t\t\t<\/div>\n\t\t\t\n\t\t<\/div>\n\t<\/div>\n<\/section>\n\n\n<section class=\"cbo-text cbo-margin-container\">\n    <div class=\"\n        text-inner\n                cbo-container\n        container--small        \"\n    >\n        <div class=\"text-content cbo-cms cms--large\">\n            <h3><strong>BEST-a ma\u00efs devient un investissement de base de chaque itin\u00e9raire<\/strong><\/h3>\n<p>Patrick Mounier explique avoir a gagn\u00e9 en moyenne 10 quintaux suppl\u00e9mentaires et 200 \u20ac par hectare, repr\u00e9sentant un retour sur investissement trois \u00e0 quatre fois sup\u00e9rieur \u00e0 son co\u00fbt. Ce gain a conduit Patrick Mounier \u00e0 consid\u00e9rer le BEST-a ma\u00efs comme un investissement de base pour toutes ses productions de ma\u00efs. Il se montre \u00e9galement enthousiaste quant \u00e0 l&rsquo;application des nouvelles solutions Elicit Plant pour le tournesol et les c\u00e9r\u00e9ales, si elles d\u00e9montrent la m\u00eame efficacit\u00e9.<\/p>\n\n            <div style=\"clear: both;\"><\/div>\n        <\/div>\n    <\/div>\n<\/section>\n\n\n\n<section class=\"cbo-quote\">\n    <div class=\"quote-inner cbo-container container--small\">\n\n        <div class=\"quote-infos\">\n            <i class=\"icon icon-quote\"><\/i>\n\n                            selon Patrick Mounier.                    <\/div>\n       \n        <div class=\"quote-content cbo-title-3\">\n\t\t\t\u00ab Au moment de la r\u00e9colte, le capteur de rendement a clairement montr\u00e9 une diff\u00e9rence entre le t\u00e9moin et les ma\u00efs prot\u00e9g\u00e9s par Best-a\u00bb\t\t<\/div>\n    <\/div>\n<\/section>\n\n<section class=\"cbo-featuredlinks featuredlinks--colorwhite\">\n\t<div class=\"featuredlinks-inner cbo-container \">\n\n\t\t\t\t\t<h2 class=\"cbo-title-2 featuredlinks-title\">\n\t\t\t\tEn savoir plus\t\t\t<\/h2>\n\t\t\n\t\t<div class=\"featuredlinks-list\" data-anim-group data-group-delay=\"100\">\n\t\t\t\n\t\t\t<div class=\"list-el\">\n\t\t\t\t<a class=\"el-inner\" href=\"https:\/\/www.elicit-plant.com\/fr\/temoignages\/\">\n\n\t\t\t\t\t<figure class=\"inner-picture cbo-picture-cover\">\n\t\t\t\t\t\t<img decoding=\"async\" src=\"https:\/\/www.elicit-plant.com\/app\/uploads\/sites\/1\/2023\/11\/Tous-les-temoignages.jpg\" srcset=\"https:\/\/www.elicit-plant.com\/app\/uploads\/sites\/1\/2023\/11\/Tous-les-temoignages-320x205.jpg 320w, https:\/\/www.elicit-plant.com\/app\/uploads\/sites\/1\/2023\/11\/Tous-les-temoignages.jpg 840w, https:\/\/www.elicit-plant.com\/app\/uploads\/sites\/1\/2023\/11\/Tous-les-temoignages.jpg 1024w, https:\/\/www.elicit-plant.com\/app\/uploads\/sites\/1\/2023\/11\/Tous-les-temoignages.jpg 1400w\" class=\"\" alt=\"Tous nos t\u00e9moignages\" width=\"547\" height=\"350\" sizes=\"auto, 100vw\" loading=\"lazy\" \/>\t\t\t\t\t<\/figure>\n\n\t\t\t\t\t<h3 class=\"inner-title cbo-title-3\">\n\t\t\t\t\t\tD\u00e9couvrez tous nos t\u00e9moignages\t\t\t\t\t<\/h3>\n\n\t\t\t\t\t<span class=\"inner-button cbo-buttonmore\">\n\t\t\t\t\t\t<i class=\"icon icon-cross\"><\/i>\n\t\t\t\t\t<\/span>\n\t\t\t\t<\/a>\n\t\t\t<\/div>\n\n\t\t\t\n\t\t\t<div class=\"list-el\">\n\t\t\t\t<a class=\"el-inner\" href=\"https:\/\/www.elicit-plant.com\/fr\/produits\/best-a-mais\/\">\n\n\t\t\t\t\t<figure class=\"inner-picture cbo-picture-cover\">\n\t\t\t\t\t\t<img decoding=\"async\" src=\"https:\/\/www.elicit-plant.com\/app\/uploads\/sites\/1\/2024\/03\/Bidon-Best-a-champ-de-mais.jpg\" srcset=\"https:\/\/www.elicit-plant.com\/app\/uploads\/sites\/1\/2024\/03\/Bidon-Best-a-champ-de-mais-320x214.jpg 320w, https:\/\/www.elicit-plant.com\/app\/uploads\/sites\/1\/2024\/03\/Bidon-Best-a-champ-de-mais.jpg 840w, https:\/\/www.elicit-plant.com\/app\/uploads\/sites\/1\/2024\/03\/Bidon-Best-a-champ-de-mais.jpg 1024w, https:\/\/www.elicit-plant.com\/app\/uploads\/sites\/1\/2024\/03\/Bidon-Best-a-champ-de-mais.jpg 1400w\" class=\"\" alt=\"Bidon Best-a dans un champ de ma\u00efs\" width=\"500\" height=\"334\" sizes=\"auto, 100vw\" loading=\"lazy\" \/>\t\t\t\t\t<\/figure>\n\n\t\t\t\t\t<h3 class=\"inner-title cbo-title-3\">\n\t\t\t\t\t\tVoir la fiche produit du Best-a Ma\u00efs\t\t\t\t\t<\/h3>\n\n\t\t\t\t\t<span class=\"inner-button cbo-buttonmore\">\n\t\t\t\t\t\t<i class=\"icon icon-cross\"><\/i>\n\t\t\t\t\t<\/span>\n\t\t\t\t<\/a>\n\t\t\t<\/div>\n\n\t\t\t\t\t<\/div>\n\n\t<\/div>\n<\/section>\n","protected":false},"excerpt":{"rendered":"<p>D\u00e9couvrez le t\u00e9moignage de Patrick Mounier, agriculteur, Charente (16) Patrick Mounier, agriculteur et entrepreneur de travaux agricoles est confront\u00e9 \u00e0 un fort stress hydrique chaque ann\u00e9e malgr\u00e9 l\u2019irrigation. Il t\u00e9moigne de son exp\u00e9rience positive avec le BEST-a ma\u00efs qu\u2019il utilise pour la seconde ann\u00e9e. BEST-a ma\u00efs devient un investissement de base de chaque itin\u00e9raire Patrick Mounier explique avoir a gagn\u00e9 en moyenne 10 quintaux suppl\u00e9mentaires et 200 \u20ac par hectare, repr\u00e9sentant un retour sur investissement trois \u00e0 quatre fois sup\u00e9rieur \u00e0 son co\u00fbt. Ce gain a conduit Patrick Mounier \u00e0 consid\u00e9rer le BEST-a ma\u00efs comme un investissement de base pour toutes ses productions de ma\u00efs. Il se montre \u00e9galement enthousiaste quant \u00e0 l&rsquo;application des nouvelles solutions Elicit Plant pour le tournesol et les c\u00e9r\u00e9ales, si elles d\u00e9montrent la m\u00eame efficacit\u00e9.<\/p>\n","protected":false},"author":6,"featured_media":0,"parent":568,"menu_order":0,"comment_status":"closed","ping_status":"closed","template":"","meta":{"_acf_changed":false,"footnotes":""},"class_list":["post-3273","page","type-page","status-publish","hentry"],"acf":[],"yoast_head":"<!-- This site is optimized with the Yoast SEO plugin v27.2 - https:\/\/yoast.com\/product\/yoast-seo-wordpress\/ -->\n<title>T\u00e9moignage de Patrick Mounier, agriculteur et utilisateur du Best-a en Charente (16) - Elicit Plant France<\/title>\n<meta name=\"description\" content=\"Patrick Mounier, agriculteur et entrepreneur de travaux agricoles est confront\u00e9 \u00e0 un fort stress hydrique chaque ann\u00e9e malgr\u00e9 l\u2019irrigation. Il t\u00e9moigne de son exp\u00e9rience positive avec le BEST-a ma\u00efs qu\u2019il utilise pour la seconde ann\u00e9e.\" \/>\n<meta name=\"robots\" content=\"index, follow, max-snippet:-1, max-image-preview:large, max-video-preview:-1\" \/>\n<link rel=\"canonical\" href=\"https:\/\/www.elicit-plant.com\/fr\/temoignages\/patrick-mounier-agriculteur-et-utilisateur-du-best-a-en-charente-16\/\" \/>\n<meta property=\"og:locale\" content=\"fr_FR\" \/>\n<meta property=\"og:type\" content=\"article\" \/>\n<meta property=\"og:title\" content=\"T\u00e9moignage de Patrick Mounier, agriculteur et utilisateur du Best-a en Charente (16) - Elicit Plant France\" \/>\n<meta property=\"og:description\" content=\"Patrick Mounier, agriculteur et entrepreneur de travaux agricoles est confront\u00e9 \u00e0 un fort stress hydrique chaque ann\u00e9e malgr\u00e9 l\u2019irrigation. Il t\u00e9moigne de son exp\u00e9rience positive avec le BEST-a ma\u00efs qu\u2019il utilise pour la seconde ann\u00e9e.\" \/>\n<meta property=\"og:url\" content=\"https:\/\/www.elicit-plant.com\/fr\/temoignages\/patrick-mounier-agriculteur-et-utilisateur-du-best-a-en-charente-16\/\" \/>\n<meta property=\"og:site_name\" content=\"Elicit Plant France\" \/>\n<meta property=\"article:modified_time\" content=\"2024-03-14T13:46:32+00:00\" \/>\n<meta name=\"twitter:card\" content=\"summary_large_image\" \/>\n<script type=\"application\/ld+json\" class=\"yoast-schema-graph\">{\"@context\":\"https:\/\/schema.org\",\"@graph\":[{\"@type\":\"WebPage\",\"@id\":\"https:\/\/www.elicit-plant.com\/fr\/temoignages\/patrick-mounier-agriculteur-et-utilisateur-du-best-a-en-charente-16\/\",\"url\":\"https:\/\/www.elicit-plant.com\/fr\/temoignages\/patrick-mounier-agriculteur-et-utilisateur-du-best-a-en-charente-16\/\",\"name\":\"T\u00e9moignage de Patrick Mounier, agriculteur et utilisateur du Best-a en Charente (16) - Elicit Plant France\",\"isPartOf\":{\"@id\":\"https:\/\/www.elicit-plant.com\/fr\/#website\"},\"datePublished\":\"2023-11-08T15:14:00+00:00\",\"dateModified\":\"2024-03-14T13:46:32+00:00\",\"description\":\"Patrick Mounier, agriculteur et entrepreneur de travaux agricoles est confront\u00e9 \u00e0 un fort stress hydrique chaque ann\u00e9e malgr\u00e9 l\u2019irrigation. Il t\u00e9moigne de son exp\u00e9rience positive avec le BEST-a ma\u00efs qu\u2019il utilise pour la seconde ann\u00e9e.\",\"breadcrumb\":{\"@id\":\"https:\/\/www.elicit-plant.com\/fr\/temoignages\/patrick-mounier-agriculteur-et-utilisateur-du-best-a-en-charente-16\/#breadcrumb\"},\"inLanguage\":\"fr-FR\",\"potentialAction\":[{\"@type\":\"ReadAction\",\"target\":[\"https:\/\/www.elicit-plant.com\/fr\/temoignages\/patrick-mounier-agriculteur-et-utilisateur-du-best-a-en-charente-16\/\"]}]},{\"@type\":\"BreadcrumbList\",\"@id\":\"https:\/\/www.elicit-plant.com\/fr\/temoignages\/patrick-mounier-agriculteur-et-utilisateur-du-best-a-en-charente-16\/#breadcrumb\",\"itemListElement\":[{\"@type\":\"ListItem\",\"position\":1,\"name\":\"Accueil\",\"item\":\"https:\/\/www.elicit-plant.com\/fr\/\"},{\"@type\":\"ListItem\",\"position\":2,\"name\":\"T\u00e9moignages\",\"item\":\"https:\/\/www.elicit-plant.com\/fr\/temoignages\/\"},{\"@type\":\"ListItem\",\"position\":3,\"name\":\"T\u00e9moignage de Patrick Mounier, agriculteur et utilisateur du Best-a en Charente (16)\"}]},{\"@type\":\"WebSite\",\"@id\":\"https:\/\/www.elicit-plant.com\/fr\/#website\",\"url\":\"https:\/\/www.elicit-plant.com\/fr\/\",\"name\":\"Elicit Plant France\",\"description\":\"Elicit Plant est experte dans la ma\u00eetrise de l\u2019apport des phytost\u00e9rols sur les cultures en plein champ. En r\u00e9duisant le stress des plantes, cette technologie am\u00e9liore les rendements et pr\u00e9serve les ressources naturelles.\",\"potentialAction\":[{\"@type\":\"SearchAction\",\"target\":{\"@type\":\"EntryPoint\",\"urlTemplate\":\"https:\/\/www.elicit-plant.com\/fr\/?s={search_term_string}\"},\"query-input\":{\"@type\":\"PropertyValueSpecification\",\"valueRequired\":true,\"valueName\":\"search_term_string\"}}],\"inLanguage\":\"fr-FR\"}]}<\/script>\n<!-- \/ Yoast SEO plugin. -->","yoast_head_json":{"title":"T\u00e9moignage de Patrick Mounier, agriculteur et utilisateur du Best-a en Charente (16) - Elicit Plant France","description":"Patrick Mounier, agriculteur et entrepreneur de travaux agricoles est confront\u00e9 \u00e0 un fort stress hydrique chaque ann\u00e9e malgr\u00e9 l\u2019irrigation. Il t\u00e9moigne de son exp\u00e9rience positive avec le BEST-a ma\u00efs qu\u2019il utilise pour la seconde ann\u00e9e.","robots":{"index":"index","follow":"follow","max-snippet":"max-snippet:-1","max-image-preview":"max-image-preview:large","max-video-preview":"max-video-preview:-1"},"canonical":"https:\/\/www.elicit-plant.com\/fr\/temoignages\/patrick-mounier-agriculteur-et-utilisateur-du-best-a-en-charente-16\/","og_locale":"fr_FR","og_type":"article","og_title":"T\u00e9moignage de Patrick Mounier, agriculteur et utilisateur du Best-a en Charente (16) - Elicit Plant France","og_description":"Patrick Mounier, agriculteur et entrepreneur de travaux agricoles est confront\u00e9 \u00e0 un fort stress hydrique chaque ann\u00e9e malgr\u00e9 l\u2019irrigation. Il t\u00e9moigne de son exp\u00e9rience positive avec le BEST-a ma\u00efs qu\u2019il utilise pour la seconde ann\u00e9e.","og_url":"https:\/\/www.elicit-plant.com\/fr\/temoignages\/patrick-mounier-agriculteur-et-utilisateur-du-best-a-en-charente-16\/","og_site_name":"Elicit Plant France","article_modified_time":"2024-03-14T13:46:32+00:00","twitter_card":"summary_large_image","schema":{"@context":"https:\/\/schema.org","@graph":[{"@type":"WebPage","@id":"https:\/\/www.elicit-plant.com\/fr\/temoignages\/patrick-mounier-agriculteur-et-utilisateur-du-best-a-en-charente-16\/","url":"https:\/\/www.elicit-plant.com\/fr\/temoignages\/patrick-mounier-agriculteur-et-utilisateur-du-best-a-en-charente-16\/","name":"T\u00e9moignage de Patrick Mounier, agriculteur et utilisateur du Best-a en Charente (16) - Elicit Plant France","isPartOf":{"@id":"https:\/\/www.elicit-plant.com\/fr\/#website"},"datePublished":"2023-11-08T15:14:00+00:00","dateModified":"2024-03-14T13:46:32+00:00","description":"Patrick Mounier, agriculteur et entrepreneur de travaux agricoles est confront\u00e9 \u00e0 un fort stress hydrique chaque ann\u00e9e malgr\u00e9 l\u2019irrigation. Il t\u00e9moigne de son exp\u00e9rience positive avec le BEST-a ma\u00efs qu\u2019il utilise pour la seconde ann\u00e9e.","breadcrumb":{"@id":"https:\/\/www.elicit-plant.com\/fr\/temoignages\/patrick-mounier-agriculteur-et-utilisateur-du-best-a-en-charente-16\/#breadcrumb"},"inLanguage":"fr-FR","potentialAction":[{"@type":"ReadAction","target":["https:\/\/www.elicit-plant.com\/fr\/temoignages\/patrick-mounier-agriculteur-et-utilisateur-du-best-a-en-charente-16\/"]}]},{"@type":"BreadcrumbList","@id":"https:\/\/www.elicit-plant.com\/fr\/temoignages\/patrick-mounier-agriculteur-et-utilisateur-du-best-a-en-charente-16\/#breadcrumb","itemListElement":[{"@type":"ListItem","position":1,"name":"Accueil","item":"https:\/\/www.elicit-plant.com\/fr\/"},{"@type":"ListItem","position":2,"name":"T\u00e9moignages","item":"https:\/\/www.elicit-plant.com\/fr\/temoignages\/"},{"@type":"ListItem","position":3,"name":"T\u00e9moignage de Patrick Mounier, agriculteur et utilisateur du Best-a en Charente (16)"}]},{"@type":"WebSite","@id":"https:\/\/www.elicit-plant.com\/fr\/#website","url":"https:\/\/www.elicit-plant.com\/fr\/","name":"Elicit Plant France","description":"Elicit Plant est experte dans la ma\u00eetrise de l\u2019apport des phytost\u00e9rols sur les cultures en plein champ. En r\u00e9duisant le stress des plantes, cette technologie am\u00e9liore les rendements et pr\u00e9serve les ressources naturelles.","potentialAction":[{"@type":"SearchAction","target":{"@type":"EntryPoint","urlTemplate":"https:\/\/www.elicit-plant.com\/fr\/?s={search_term_string}"},"query-input":{"@type":"PropertyValueSpecification","valueRequired":true,"valueName":"search_term_string"}}],"inLanguage":"fr-FR"}]}},"_links":{"self":[{"href":"https:\/\/www.elicit-plant.com\/fr\/wp-json\/wp\/v2\/pages\/3273","targetHints":{"allow":["GET"]}}],"collection":[{"href":"https:\/\/www.elicit-plant.com\/fr\/wp-json\/wp\/v2\/pages"}],"about":[{"href":"https:\/\/www.elicit-plant.com\/fr\/wp-json\/wp\/v2\/types\/page"}],"author":[{"embeddable":true,"href":"https:\/\/www.elicit-plant.com\/fr\/wp-json\/wp\/v2\/users\/6"}],"replies":[{"embeddable":true,"href":"https:\/\/www.elicit-plant.com\/fr\/wp-json\/wp\/v2\/comments?post=3273"}],"version-history":[{"count":12,"href":"https:\/\/www.elicit-plant.com\/fr\/wp-json\/wp\/v2\/pages\/3273\/revisions"}],"predecessor-version":[{"id":4656,"href":"https:\/\/www.elicit-plant.com\/fr\/wp-json\/wp\/v2\/pages\/3273\/revisions\/4656"}],"up":[{"embeddable":true,"href":"https:\/\/www.elicit-plant.com\/fr\/wp-json\/wp\/v2\/pages\/568"}],"wp:attachment":[{"href":"https:\/\/www.elicit-plant.com\/fr\/wp-json\/wp\/v2\/media?parent=3273"}],"curies":[{"name":"wp","href":"https:\/\/api.w.org\/{rel}","templated":true}]}}