{"id":4622,"date":"2024-03-14T10:51:34","date_gmt":"2024-03-14T09:51:34","guid":{"rendered":"https:\/\/www.elicit-plant.com\/fr\/?page_id=4622"},"modified":"2024-03-19T11:55:28","modified_gmt":"2024-03-19T10:55:28","slug":"temoignage-christophe-gourdain-exploitant-agricole-dans-lindre-et-loire-37","status":"publish","type":"page","link":"https:\/\/www.elicit-plant.com\/fr\/temoignages\/temoignage-christophe-gourdain-exploitant-agricole-dans-lindre-et-loire-37\/","title":{"rendered":"T\u00e9moignage : Christophe Gourdain, Exploitant Agricole dans l&rsquo;Indre-et-Loire (37)"},"content":{"rendered":"<section class=\"cbo-hero cbo-margin-container hero--colorgreen\" data-anim-group>\n\t<div class=\"cbo-breadcrumbs breadcrumbs--normal\">\n  <div class=\"breadcrumbs-inner\">\n    <span><span><a href=\"https:\/\/www.elicit-plant.com\/fr\/\">Accueil<\/a><\/span><\/span>\t<\/div>\n<\/div>\n\t<div class=\"hero-inner cbo-container container--padding\">\n\n\t\t<div class=\"hero-shapes\">\n\t\t\t<div class=\"shapes-color scale-up\"><\/div>\n\n\t\t\t<div class=\"shapes-picture cbo-picture-cover scale-up\"  data-delay=\"450\">\n\t\t\t\t\t\t\t<\/div>\n\t\t<\/div>\n\n\t\t<div class=\"hero-content cbo-cms cms--large cms--white\">\n\t\t\t<div class=\"content-text\">\n\t\t\t\t<h1 class=\"hero-title cbo-heading slide-down\">\n\t\t\t\t\t\u00ab\u00a0En moyenne sur l&rsquo;essai, on \u00e9tait \u00e0 +12% de gain pour le Best-a\u00a0\u00bb\t\t\t\t<\/h1>\n\n\t\t\t\t\t\t\t<\/div>\n\t\t<\/div>\n\n\t<\/div>\n<\/section>\n\n<section class=\"cbo-text cbo-margin-container\">\n    <div class=\"\n        text-inner\n                cbo-container\n        container--small        \"\n    >\n        <div class=\"text-content cbo-cms cms--large\">\n            <h3>D\u00e9couvrez le t\u00e9moignage de Christophe Gourdain, exploitant agricole bas\u00e9 en Indre-et-Loire, au c\u0153ur de la r\u00e9gion Centre.<\/h3>\n<p>Christophe partage ses probl\u00e9matiques li\u00e9es au manque d\u2019eau dans sa r\u00e9gion et livre ses impressions sur ses 3 ann\u00e9es d\u2019utilisation de <a href=\"https:\/\/www.elicit-plant.com\/fr\/produits\/best-a-mais\/\">Best-a Ma\u00efs<\/a>. De la rencontre avec la marque, jusqu\u2019aux r\u00e9sultats obtenus, son t\u00e9moignage d\u00e9peint le portrait d\u2019un agriculteur passionn\u00e9, ouvert aux nouvelles technologies pour optimiser ses pratiques et assurer une production durable.<\/p>\n\n            <div style=\"clear: both;\"><\/div>\n        <\/div>\n    <\/div>\n<\/section>\n\n\n<section class=\"cbo-video video--normal video--titleover cbo-margin-container\">\n\t<div class=\"video-inner cbo-container container--small\">\n\n\t\t\n\t\t<div class=\"video-player\" data-player-ancestor>\n\n\t\t\t<div class=\"player-inner\">\n\t\t\t\t<div class=\"cbo-youtube\">\n\t<div class=\"youtube-inner\">\n\n\t\t\t\t<div\n\t\t\tclass=\"youtube-player\"\n\t\t\tdata-id=\"Wgbt1kclK7U\"\n\t\t\tid=\"yt_JpZYlNqGyk\"\n\t\t><\/div>\n\t\t\n\t\t<div class=\"youtube-cover cbo-picture-cover\">\n\n\t\t\t<img decoding=\"async\" src=\"https:\/\/www.elicit-plant.com\/app\/uploads\/sites\/1\/2023\/12\/Christophe-Gourdain-1024x493.png\"  sizes=\"100vw\" class=\"\" alt=\"\"  loading=\"lazy\" \/>\n\t\t\t<button type=\"button\" class=\"cover-button cbo-youtube-button\">\n\t\t\t\t<i class=\"icon icon-play\"><\/i>\n\t\t\t\t<div class=\"button-spinner cbo-spinner\">\n\t\t\t\t\t<div><\/div>\n\t\t\t\t\t<div><\/div>\n\t\t\t\t\t<div><\/div>\n\t\t\t\t\t<div><\/div>\n\t\t\t\t<\/div>\n\t\t\t<\/button>\n\t\t<\/div>\n\n\t<\/div>\n\n\t<\/div>\t\t\t<\/div>\n\n\t\t\t\t\t\t<div class=\"player-content\">\n\t\t\t\t<button type=\"button\" class=\"content-button cbo-youtube-button\" data-player-button>\n\t\t\t\t\t<i class=\"icon icon-play\"><\/i>\n\t\t\t\t<\/button>\n\n\t\t\t\t<h3 class=\"content-title\">\n\t\t\t\t\tT\u00e9moignage de Christophe Gourdain, utilisateur de Best-a depuis 3 ans\t\t\t\t<\/h3>\n\t\t\t<\/div>\n\t\t\t\n\t\t<\/div>\n\t<\/div>\n<\/section>\n\n\n<section class=\"cbo-text cbo-margin-container\">\n    <div class=\"\n        text-inner\n                cbo-container\n        container--small        \"\n    >\n        <div class=\"text-content cbo-cms cms--large\">\n            <p>Dans son exploitation de 300 hectares en Indre-et-Loire, Christophe cultive une diversit\u00e9 de cultures comprenant le bl\u00e9, le colza, le ma\u00efs, les pois, les f\u00e9verolles et le lin. Cependant, ce qui distingue son exploitation, c&rsquo;est son engagement en agriculture de conservation depuis plus de 10 ans. La d\u00e9cision de ne plus labourer les sols depuis un quart de si\u00e8cle a pr\u00e9sent\u00e9 des d\u00e9fis uniques, notamment en ce qui concerne l&rsquo;infiltration de l&rsquo;eau dans les limons sur argile.<\/p>\n<p>Le manque d&rsquo;eau est un probl\u00e8me r\u00e9current pour Christophe et son exploitation\u00a0: \u00ab\u00a0Malgr\u00e9 les syst\u00e8mes de drainage et d&rsquo;irrigation mis en place, les hivers atypiques et les \u00e9t\u00e9s secs rendent parfois difficile l&rsquo;acc\u00e8s \u00e0 l&rsquo;eau n\u00e9cessaire pour nos cultures\u00a0\u00bb d\u00e9plore Christophe.<\/p>\n<p>La rencontre avec Best-a il y a trois ans lors d&rsquo;un salon Innov-Agri a alors \u00e9t\u00e9 d\u00e9terminante pour lui. Cette solution lui a permis de mener des essais et de comparer avec d&rsquo;autres m\u00e9thodes. Les r\u00e9sultats ont \u00e9t\u00e9 encourageants, avec <strong>une augmentation de rendement moyenne de 12%<\/strong>. Christophe a appris de ses erreurs et a ajust\u00e9 la gestion des couverts v\u00e9g\u00e9taux, ce qui a am\u00e9lior\u00e9 les r\u00e9sultats au fil du temps.<\/p>\n<p>Fort de ces succ\u00e8s, Christophe pr\u00e9voit de renouveler l&rsquo;utilisation de Best-a cette ann\u00e9e, en particulier sur une partie de ses cultures de ma\u00efs. Il esp\u00e8re ainsi maintenir les performances et la rentabilit\u00e9 de son exploitation.<\/p>\n\n            <div style=\"clear: both;\"><\/div>\n        <\/div>\n    <\/div>\n<\/section>\n\n\n<section class=\"cbo-featuredlinks featuredlinks--colorwhite\">\n\t<div class=\"featuredlinks-inner cbo-container \">\n\n\t\t\t\t\t<h2 class=\"cbo-title-2 featuredlinks-title\">\n\t\t\t\tEn savoir plus\t\t\t<\/h2>\n\t\t\n\t\t<div class=\"featuredlinks-list\" data-anim-group data-group-delay=\"100\">\n\t\t\t\n\t\t\t<div class=\"list-el\">\n\t\t\t\t<a class=\"el-inner\" href=\"https:\/\/www.elicit-plant.com\/fr\/temoignages\/\">\n\n\t\t\t\t\t<figure class=\"inner-picture cbo-picture-cover\">\n\t\t\t\t\t\t<img decoding=\"async\" src=\"https:\/\/www.elicit-plant.com\/app\/uploads\/sites\/1\/2023\/11\/Tous-les-temoignages.jpg\" srcset=\"https:\/\/www.elicit-plant.com\/app\/uploads\/sites\/1\/2023\/11\/Tous-les-temoignages-320x205.jpg 320w, https:\/\/www.elicit-plant.com\/app\/uploads\/sites\/1\/2023\/11\/Tous-les-temoignages.jpg 840w, https:\/\/www.elicit-plant.com\/app\/uploads\/sites\/1\/2023\/11\/Tous-les-temoignages.jpg 1024w, https:\/\/www.elicit-plant.com\/app\/uploads\/sites\/1\/2023\/11\/Tous-les-temoignages.jpg 1400w\" class=\"\" alt=\"Tous nos t\u00e9moignages\" width=\"547\" height=\"350\" sizes=\"auto, 100vw\" loading=\"lazy\" \/>\t\t\t\t\t<\/figure>\n\n\t\t\t\t\t<h3 class=\"inner-title cbo-title-3\">\n\t\t\t\t\t\tD\u00e9couvrez tous nos t\u00e9moignages\t\t\t\t\t<\/h3>\n\n\t\t\t\t\t<span class=\"inner-button cbo-buttonmore\">\n\t\t\t\t\t\t<i class=\"icon icon-cross\"><\/i>\n\t\t\t\t\t<\/span>\n\t\t\t\t<\/a>\n\t\t\t<\/div>\n\n\t\t\t\n\t\t\t<div class=\"list-el\">\n\t\t\t\t<a class=\"el-inner\" href=\"https:\/\/www.elicit-plant.com\/fr\/produits\/best-a-mais\/\">\n\n\t\t\t\t\t<figure class=\"inner-picture cbo-picture-cover\">\n\t\t\t\t\t\t<img decoding=\"async\" src=\"https:\/\/www.elicit-plant.com\/app\/uploads\/sites\/1\/2024\/03\/Bidon-Best-a-champ-de-mais.jpg\" srcset=\"https:\/\/www.elicit-plant.com\/app\/uploads\/sites\/1\/2024\/03\/Bidon-Best-a-champ-de-mais-320x214.jpg 320w, https:\/\/www.elicit-plant.com\/app\/uploads\/sites\/1\/2024\/03\/Bidon-Best-a-champ-de-mais.jpg 840w, https:\/\/www.elicit-plant.com\/app\/uploads\/sites\/1\/2024\/03\/Bidon-Best-a-champ-de-mais.jpg 1024w, https:\/\/www.elicit-plant.com\/app\/uploads\/sites\/1\/2024\/03\/Bidon-Best-a-champ-de-mais.jpg 1400w\" class=\"\" alt=\"Bidon Best-a dans un champ de ma\u00efs\" width=\"500\" height=\"334\" sizes=\"auto, 100vw\" loading=\"lazy\" \/>\t\t\t\t\t<\/figure>\n\n\t\t\t\t\t<h3 class=\"inner-title cbo-title-3\">\n\t\t\t\t\t\tVoir la fiche produit du Best-a Ma\u00efs\t\t\t\t\t<\/h3>\n\n\t\t\t\t\t<span class=\"inner-button cbo-buttonmore\">\n\t\t\t\t\t\t<i class=\"icon icon-cross\"><\/i>\n\t\t\t\t\t<\/span>\n\t\t\t\t<\/a>\n\t\t\t<\/div>\n\n\t\t\t\t\t<\/div>\n\n\t<\/div>\n<\/section>\n","protected":false},"excerpt":{"rendered":"<p>D\u00e9couvrez le t\u00e9moignage de Christophe Gourdain, exploitant agricole bas\u00e9 en Indre-et-Loire, au c\u0153ur de la r\u00e9gion Centre. Christophe partage ses probl\u00e9matiques li\u00e9es au manque d\u2019eau dans sa r\u00e9gion et livre ses impressions sur ses 3 ann\u00e9es d\u2019utilisation de Best-a Ma\u00efs. De la rencontre avec la marque, jusqu\u2019aux r\u00e9sultats obtenus, son t\u00e9moignage d\u00e9peint le portrait d\u2019un agriculteur passionn\u00e9, ouvert aux nouvelles technologies pour optimiser ses pratiques et assurer une production durable. Dans son exploitation de 300 hectares en Indre-et-Loire, Christophe cultive une diversit\u00e9 de cultures comprenant le bl\u00e9, le colza, le ma\u00efs, les pois, les f\u00e9verolles et le lin. Cependant, ce qui distingue son exploitation, c&rsquo;est son engagement en agriculture de conservation depuis plus de 10 ans. La d\u00e9cision de ne plus labourer les sols depuis un quart de si\u00e8cle a pr\u00e9sent\u00e9 des d\u00e9fis uniques, notamment en ce qui concerne l&rsquo;infiltration de l&rsquo;eau dans les limons sur argile. Le&#8230;<\/p>\n","protected":false},"author":6,"featured_media":0,"parent":568,"menu_order":0,"comment_status":"closed","ping_status":"closed","template":"","meta":{"_acf_changed":false,"footnotes":""},"class_list":["post-4622","page","type-page","status-publish","hentry"],"acf":[],"yoast_head":"<!-- This site is optimized with the Yoast SEO plugin v27.3 - https:\/\/yoast.com\/product\/yoast-seo-wordpress\/ -->\n<title>T\u00e9moignage : &quot;En moyenne on \u00e9tait \u00e0 12% de gain avec le Best-a&quot; - Elicit Plant France<\/title>\n<meta name=\"description\" content=\"D\u00e9couvrez le t\u00e9moignage Christophe Gourdain, exploitant Agricole dans l&#039;Indre-et-Loire (37), utilisateur convaincu par le Best-a depuis 3ans.\" \/>\n<meta name=\"robots\" content=\"index, follow, max-snippet:-1, max-image-preview:large, max-video-preview:-1\" \/>\n<link rel=\"canonical\" href=\"https:\/\/www.elicit-plant.com\/fr\/temoignages\/temoignage-christophe-gourdain-exploitant-agricole-dans-lindre-et-loire-37\/\" \/>\n<meta property=\"og:locale\" content=\"fr_FR\" \/>\n<meta property=\"og:type\" content=\"article\" \/>\n<meta property=\"og:title\" content=\"T\u00e9moignage : &quot;En moyenne on \u00e9tait \u00e0 12% de gain avec le Best-a&quot; - Elicit Plant France\" \/>\n<meta property=\"og:description\" content=\"D\u00e9couvrez le t\u00e9moignage Christophe Gourdain, exploitant Agricole dans l&#039;Indre-et-Loire (37), utilisateur convaincu par le Best-a depuis 3ans.\" \/>\n<meta property=\"og:url\" content=\"https:\/\/www.elicit-plant.com\/fr\/temoignages\/temoignage-christophe-gourdain-exploitant-agricole-dans-lindre-et-loire-37\/\" \/>\n<meta property=\"og:site_name\" content=\"Elicit Plant France\" \/>\n<meta property=\"article:modified_time\" content=\"2024-03-19T10:55:28+00:00\" \/>\n<meta name=\"twitter:card\" content=\"summary_large_image\" \/>\n<script type=\"application\/ld+json\" class=\"yoast-schema-graph\">{\"@context\":\"https:\\\/\\\/schema.org\",\"@graph\":[{\"@type\":\"WebPage\",\"@id\":\"https:\\\/\\\/www.elicit-plant.com\\\/fr\\\/temoignages\\\/temoignage-christophe-gourdain-exploitant-agricole-dans-lindre-et-loire-37\\\/\",\"url\":\"https:\\\/\\\/www.elicit-plant.com\\\/fr\\\/temoignages\\\/temoignage-christophe-gourdain-exploitant-agricole-dans-lindre-et-loire-37\\\/\",\"name\":\"T\u00e9moignage : \\\"En moyenne on \u00e9tait \u00e0 12% de gain avec le Best-a\\\" - Elicit Plant France\",\"isPartOf\":{\"@id\":\"https:\\\/\\\/www.elicit-plant.com\\\/fr\\\/#website\"},\"datePublished\":\"2024-03-14T09:51:34+00:00\",\"dateModified\":\"2024-03-19T10:55:28+00:00\",\"description\":\"D\u00e9couvrez le t\u00e9moignage Christophe Gourdain, exploitant Agricole dans l'Indre-et-Loire (37), utilisateur convaincu par le Best-a depuis 3ans.\",\"breadcrumb\":{\"@id\":\"https:\\\/\\\/www.elicit-plant.com\\\/fr\\\/temoignages\\\/temoignage-christophe-gourdain-exploitant-agricole-dans-lindre-et-loire-37\\\/#breadcrumb\"},\"inLanguage\":\"fr-FR\",\"potentialAction\":[{\"@type\":\"ReadAction\",\"target\":[\"https:\\\/\\\/www.elicit-plant.com\\\/fr\\\/temoignages\\\/temoignage-christophe-gourdain-exploitant-agricole-dans-lindre-et-loire-37\\\/\"]}]},{\"@type\":\"BreadcrumbList\",\"@id\":\"https:\\\/\\\/www.elicit-plant.com\\\/fr\\\/temoignages\\\/temoignage-christophe-gourdain-exploitant-agricole-dans-lindre-et-loire-37\\\/#breadcrumb\",\"itemListElement\":[{\"@type\":\"ListItem\",\"position\":1,\"name\":\"Accueil\",\"item\":\"https:\\\/\\\/www.elicit-plant.com\\\/fr\\\/\"},{\"@type\":\"ListItem\",\"position\":2,\"name\":\"T\u00e9moignages\",\"item\":\"https:\\\/\\\/www.elicit-plant.com\\\/fr\\\/temoignages\\\/\"},{\"@type\":\"ListItem\",\"position\":3,\"name\":\"T\u00e9moignage : Christophe Gourdain, Exploitant Agricole dans l&rsquo;Indre-et-Loire (37)\"}]},{\"@type\":\"WebSite\",\"@id\":\"https:\\\/\\\/www.elicit-plant.com\\\/fr\\\/#website\",\"url\":\"https:\\\/\\\/www.elicit-plant.com\\\/fr\\\/\",\"name\":\"Elicit Plant France\",\"description\":\"Elicit Plant est experte dans la ma\u00eetrise de l\u2019apport des phytost\u00e9rols sur les cultures en plein champ. En r\u00e9duisant le stress des plantes, cette technologie am\u00e9liore les rendements et pr\u00e9serve les ressources naturelles.\",\"potentialAction\":[{\"@type\":\"SearchAction\",\"target\":{\"@type\":\"EntryPoint\",\"urlTemplate\":\"https:\\\/\\\/www.elicit-plant.com\\\/fr\\\/?s={search_term_string}\"},\"query-input\":{\"@type\":\"PropertyValueSpecification\",\"valueRequired\":true,\"valueName\":\"search_term_string\"}}],\"inLanguage\":\"fr-FR\"}]}<\/script>\n<!-- \/ Yoast SEO plugin. -->","yoast_head_json":{"title":"T\u00e9moignage : \"En moyenne on \u00e9tait \u00e0 12% de gain avec le Best-a\" - Elicit Plant France","description":"D\u00e9couvrez le t\u00e9moignage Christophe Gourdain, exploitant Agricole dans l'Indre-et-Loire (37), utilisateur convaincu par le Best-a depuis 3ans.","robots":{"index":"index","follow":"follow","max-snippet":"max-snippet:-1","max-image-preview":"max-image-preview:large","max-video-preview":"max-video-preview:-1"},"canonical":"https:\/\/www.elicit-plant.com\/fr\/temoignages\/temoignage-christophe-gourdain-exploitant-agricole-dans-lindre-et-loire-37\/","og_locale":"fr_FR","og_type":"article","og_title":"T\u00e9moignage : \"En moyenne on \u00e9tait \u00e0 12% de gain avec le Best-a\" - Elicit Plant France","og_description":"D\u00e9couvrez le t\u00e9moignage Christophe Gourdain, exploitant Agricole dans l'Indre-et-Loire (37), utilisateur convaincu par le Best-a depuis 3ans.","og_url":"https:\/\/www.elicit-plant.com\/fr\/temoignages\/temoignage-christophe-gourdain-exploitant-agricole-dans-lindre-et-loire-37\/","og_site_name":"Elicit Plant France","article_modified_time":"2024-03-19T10:55:28+00:00","twitter_card":"summary_large_image","schema":{"@context":"https:\/\/schema.org","@graph":[{"@type":"WebPage","@id":"https:\/\/www.elicit-plant.com\/fr\/temoignages\/temoignage-christophe-gourdain-exploitant-agricole-dans-lindre-et-loire-37\/","url":"https:\/\/www.elicit-plant.com\/fr\/temoignages\/temoignage-christophe-gourdain-exploitant-agricole-dans-lindre-et-loire-37\/","name":"T\u00e9moignage : \"En moyenne on \u00e9tait \u00e0 12% de gain avec le Best-a\" - Elicit Plant France","isPartOf":{"@id":"https:\/\/www.elicit-plant.com\/fr\/#website"},"datePublished":"2024-03-14T09:51:34+00:00","dateModified":"2024-03-19T10:55:28+00:00","description":"D\u00e9couvrez le t\u00e9moignage Christophe Gourdain, exploitant Agricole dans l'Indre-et-Loire (37), utilisateur convaincu par le Best-a depuis 3ans.","breadcrumb":{"@id":"https:\/\/www.elicit-plant.com\/fr\/temoignages\/temoignage-christophe-gourdain-exploitant-agricole-dans-lindre-et-loire-37\/#breadcrumb"},"inLanguage":"fr-FR","potentialAction":[{"@type":"ReadAction","target":["https:\/\/www.elicit-plant.com\/fr\/temoignages\/temoignage-christophe-gourdain-exploitant-agricole-dans-lindre-et-loire-37\/"]}]},{"@type":"BreadcrumbList","@id":"https:\/\/www.elicit-plant.com\/fr\/temoignages\/temoignage-christophe-gourdain-exploitant-agricole-dans-lindre-et-loire-37\/#breadcrumb","itemListElement":[{"@type":"ListItem","position":1,"name":"Accueil","item":"https:\/\/www.elicit-plant.com\/fr\/"},{"@type":"ListItem","position":2,"name":"T\u00e9moignages","item":"https:\/\/www.elicit-plant.com\/fr\/temoignages\/"},{"@type":"ListItem","position":3,"name":"T\u00e9moignage : Christophe Gourdain, Exploitant Agricole dans l&rsquo;Indre-et-Loire (37)"}]},{"@type":"WebSite","@id":"https:\/\/www.elicit-plant.com\/fr\/#website","url":"https:\/\/www.elicit-plant.com\/fr\/","name":"Elicit Plant France","description":"Elicit Plant est experte dans la ma\u00eetrise de l\u2019apport des phytost\u00e9rols sur les cultures en plein champ. En r\u00e9duisant le stress des plantes, cette technologie am\u00e9liore les rendements et pr\u00e9serve les ressources naturelles.","potentialAction":[{"@type":"SearchAction","target":{"@type":"EntryPoint","urlTemplate":"https:\/\/www.elicit-plant.com\/fr\/?s={search_term_string}"},"query-input":{"@type":"PropertyValueSpecification","valueRequired":true,"valueName":"search_term_string"}}],"inLanguage":"fr-FR"}]}},"_links":{"self":[{"href":"https:\/\/www.elicit-plant.com\/fr\/wp-json\/wp\/v2\/pages\/4622","targetHints":{"allow":["GET"]}}],"collection":[{"href":"https:\/\/www.elicit-plant.com\/fr\/wp-json\/wp\/v2\/pages"}],"about":[{"href":"https:\/\/www.elicit-plant.com\/fr\/wp-json\/wp\/v2\/types\/page"}],"author":[{"embeddable":true,"href":"https:\/\/www.elicit-plant.com\/fr\/wp-json\/wp\/v2\/users\/6"}],"replies":[{"embeddable":true,"href":"https:\/\/www.elicit-plant.com\/fr\/wp-json\/wp\/v2\/comments?post=4622"}],"version-history":[{"count":14,"href":"https:\/\/www.elicit-plant.com\/fr\/wp-json\/wp\/v2\/pages\/4622\/revisions"}],"predecessor-version":[{"id":4750,"href":"https:\/\/www.elicit-plant.com\/fr\/wp-json\/wp\/v2\/pages\/4622\/revisions\/4750"}],"up":[{"embeddable":true,"href":"https:\/\/www.elicit-plant.com\/fr\/wp-json\/wp\/v2\/pages\/568"}],"wp:attachment":[{"href":"https:\/\/www.elicit-plant.com\/fr\/wp-json\/wp\/v2\/media?parent=4622"}],"curies":[{"name":"wp","href":"https:\/\/api.w.org\/{rel}","templated":true}]}}