{"id":5282,"date":"2024-09-09T10:57:14","date_gmt":"2024-09-09T08:57:14","guid":{"rendered":"https:\/\/www.elicit-plant.com\/fr\/?page_id=5282"},"modified":"2024-11-28T11:54:14","modified_gmt":"2024-11-28T10:54:14","slug":"trouver-ou-devenir-distributeur","status":"publish","type":"page","link":"https:\/\/www.elicit-plant.com\/fr\/trouver-ou-devenir-distributeur\/","title":{"rendered":"Trouver ou devenir distributeur"},"content":{"rendered":"<section class=\"cbo-hero cbo-margin-container hero--colorblue\" data-anim-group>\n\t<div class=\"cbo-breadcrumbs breadcrumbs--normal\">\n  <div class=\"breadcrumbs-inner\">\n    <span><span><a href=\"https:\/\/www.elicit-plant.com\/fr\/\">Accueil<\/a><\/span><\/span>\t<\/div>\n<\/div>\n\t<div class=\"hero-inner cbo-container container--padding\">\n\n\t\t<div class=\"hero-shapes\">\n\t\t\t<div class=\"shapes-color scale-up\"><\/div>\n\n\t\t\t<div class=\"shapes-picture cbo-picture-cover scale-up\"  data-delay=\"450\">\n\t\t\t\t<img decoding=\"async\" src=\"https:\/\/www.elicit-plant.com\/app\/uploads\/sites\/1\/2024\/09\/Tracteur-appliquant-produit-Elicit-Plant-320x320.jpg\" srcset=\"https:\/\/www.elicit-plant.com\/app\/uploads\/sites\/1\/2024\/09\/Tracteur-appliquant-produit-Elicit-Plant-320x320.jpg 320w, https:\/\/www.elicit-plant.com\/app\/uploads\/sites\/1\/2024\/09\/Tracteur-appliquant-produit-Elicit-Plant-768x768.jpg 768w\" class=\"\" alt=\"\" width=\"320\" height=\"320\" sizes=\"auto, 100vw\" loading=\"lazy\" \/>\t\t\t<\/div>\n\t\t<\/div>\n\n\t\t<div class=\"hero-content cbo-cms cms--large cms--white\">\n\t\t\t<div class=\"content-text\">\n\t\t\t\t<h1 class=\"hero-title cbo-heading slide-down\">\n\t\t\t\t\tTrouver ou devenir un distributeur\t\t\t\t<\/h1>\n\n\t\t\t\t\t\t\t<\/div>\n\t\t<\/div>\n\n\t<\/div>\n<\/section>\n\n<section class=\"cbo-text cbo-margin-container\">\n    <div class=\"\n        text-inner\n                cbo-container\n        container--small        \"\n    >\n        <div class=\"text-content cbo-cms cms--large\">\n            <div style=\"background-color: #faf7ef; padding: 50px;\">\n<h2 style=\"text-align: center;\">Vous souhaitez trouver un distributeur<br \/>\nou rejoindre notre r\u00e9seau en tant que distributeur ?<\/h2>\n<p style=\"text-align: center;\">Nous sommes l\u00e0 pour vous guider ! S\u00e9lectionnez simplement votre type de requ\u00eate et le type de culture pour acc\u00e9der aux informations recherch\u00e9es.<\/p>\n<div style=\"display: flex; justify-content: center; gap: 20px; margin-top: 20px;\">\n<div style=\"flex: 1; text-align: center;\"><a class=\"cbo-button button--bordergreen\" href=\"#trouver\">Trouver un distributeur<\/a><\/div>\n<div style=\"flex: 1; text-align: center;\"><a class=\"cbo-button\" href=\"#devenir\">Devenir un distributeur<\/a><\/div>\n<\/div>\n<\/div>\n\n            <div style=\"clear: both;\"><\/div>\n        <\/div>\n    <\/div>\n<\/section>\n\n\n<section class=\"cbo-text cbo-margin-container\">\n    <div class=\"\n        text-inner\n                cbo-container\n        container--small        \"\n    >\n        <div class=\"text-content cbo-cms cms--large\">\n            <div id=\"trouver\"><\/div>\n<p style=\"text-align: center;\"><img loading=\"lazy\" decoding=\"async\" class=\"aligncenter size-full wp-image-1277\" src=\"https:\/\/www.elicit-plant.com\/fr\/wp-content\/uploads\/sites\/1\/2023\/11\/Separateur-web.png\" alt=\"\" width=\"1165\" height=\"44\" \/><\/p>\n\n            <div style=\"clear: both;\"><\/div>\n        <\/div>\n    <\/div>\n<\/section>\n\n\n<section class=\"cbo-text cbo-halo cbo-margin-container\">\n    <div class=\"\n        text-inner\n                cbo-container\n        container--small        \"\n    >\n        <div class=\"text-content cbo-cms cms--large\">\n            <h3>Trouver un distributeur<\/h3>\n<p>Nous travaillons avec un r\u00e9seau \u00e9tendu de partenaires agricoles qualifi\u00e9s \u00e0 travers toute la France pour vous offrir le meilleur service possible. Pour localiser un distributeur pr\u00e8s de chez vous, veuillez s\u00e9lectionner le type de culture.<\/p>\n\n            <div style=\"clear: both;\"><\/div>\n        <\/div>\n    <\/div>\n<\/section>\n\n\n\n<section class=\"cbo-blocspictxt cbo-margin-container\">\n\t<div class=\"blocspictxt-inner cbo-container\">\n\n\t\t<div class=\"blocspictxt-list list--blocsfour blocs--rounded list--aligncenter\">\n\t\t\t\t\t\t<div class=\"list-el\">\n\t\t\t\t<div class=\"el-inner\">\n\n\t\t\t\t\t<div class=\"el-picture cbo-picture-cover\">\n\t\t\t\t\t\t<img decoding=\"async\" src=\"https:\/\/www.elicit-plant.com\/app\/uploads\/sites\/1\/2023\/07\/img-produit-background-pattern_mais@2x.png\" srcset=\"https:\/\/www.elicit-plant.com\/app\/uploads\/sites\/1\/2023\/07\/img-produit-background-pattern_mais@2x.png 320w, https:\/\/www.elicit-plant.com\/app\/uploads\/sites\/1\/2023\/07\/img-produit-background-pattern_mais@2x.png 768w\" class=\"\" alt=\"Fond orange ma\u00efs\" width=\"580\" height=\"586\" sizes=\"auto, 100vw\" loading=\"lazy\" \/>\t\t\t\t\t<\/div>\n\n\t\t\t\t\t<div class=\"el-content cbo-cms\">\n\t\t\t\t\t\t<h4 style=\"text-align: center;\">Ma\u00efs<\/h4>\n<p style=\"text-align: center;\">Trouvez un distributeur de produits Best-a ou EliZea.<\/p>\n<p style=\"text-align: center;\"><a class=\"cbo-button\" href=\"https:\/\/www.elicit-plant.com\/fr\/trouver-ou-devenir-distributeur\/distributeur-best-a-et-elizea-en-france\/\">Voir les distributeurs<\/a><\/p>\n\t\t\t\t\t<\/div>\n\n\t\t\t\t<\/div>\n\t\t\t<\/div>\n\t\t\t\t\t\t<div class=\"list-el\">\n\t\t\t\t<div class=\"el-inner\">\n\n\t\t\t\t\t<div class=\"el-picture cbo-picture-cover\">\n\t\t\t\t\t\t<img decoding=\"async\" src=\"https:\/\/www.elicit-plant.com\/app\/uploads\/sites\/1\/2023\/07\/img-produit-background-pattern_ble@2x.png\" srcset=\"https:\/\/www.elicit-plant.com\/app\/uploads\/sites\/1\/2023\/07\/img-produit-background-pattern_ble@2x.png 320w, https:\/\/www.elicit-plant.com\/app\/uploads\/sites\/1\/2023\/07\/img-produit-background-pattern_ble@2x.png 768w\" class=\"\" alt=\"Fond jaune C\u00e9r\u00e9ales\" width=\"580\" height=\"590\" sizes=\"auto, 100vw\" loading=\"lazy\" \/>\t\t\t\t\t<\/div>\n\n\t\t\t\t\t<div class=\"el-content cbo-cms\">\n\t\t\t\t\t\t<h4 style=\"text-align: center;\">C\u00e9r\u00e9ales<\/h4>\n<p style=\"text-align: center;\">Trouvez un distributeur de produit EliGrain-a.<\/p>\n<p style=\"text-align: center;\"><a class=\"cbo-button\" href=\"https:\/\/www.elicit-plant.com\/fr\/trouver-ou-devenir-distributeur\/distributeurs-eligrain-a-en-france\/\">Voir les distributeurs<\/a><\/p>\n<p style=\"text-align: center;\">\n\t\t\t\t\t<\/div>\n\n\t\t\t\t<\/div>\n\t\t\t<\/div>\n\t\t\t\t\t\t<div class=\"list-el\">\n\t\t\t\t<div class=\"el-inner\">\n\n\t\t\t\t\t<div class=\"el-picture cbo-picture-cover\">\n\t\t\t\t\t\t<img decoding=\"async\" src=\"https:\/\/www.elicit-plant.com\/app\/uploads\/sites\/1\/2023\/07\/img-produit-background-pattern_tournesol@2x.png\" srcset=\"https:\/\/www.elicit-plant.com\/app\/uploads\/sites\/1\/2023\/07\/img-produit-background-pattern_tournesol@2x.png 320w, https:\/\/www.elicit-plant.com\/app\/uploads\/sites\/1\/2023\/07\/img-produit-background-pattern_tournesol@2x.png 768w\" class=\"\" alt=\"Fond marron Tournesol\" width=\"582\" height=\"590\" sizes=\"auto, 100vw\" loading=\"lazy\" \/>\t\t\t\t\t<\/div>\n\n\t\t\t\t\t<div class=\"el-content cbo-cms\">\n\t\t\t\t\t\t<h4 style=\"text-align: center;\">Tournesol<\/h4>\n<p style=\"text-align: center;\">Trouvez un distributeur de produit EliSun-a.<\/p>\n<p style=\"text-align: center;\"><a class=\"cbo-button\" href=\"https:\/\/www.elicit-plant.com\/fr\/trouver-ou-devenir-distributeur\/distributeurs-elisun-a-en-france\/\">Voir les distributeurs<\/a><\/p>\n<p style=\"text-align: center;\">\n\t\t\t\t\t<\/div>\n\n\t\t\t\t<\/div>\n\t\t\t<\/div>\n\t\t\t\t\t\t<div class=\"list-el\">\n\t\t\t\t<div class=\"el-inner\">\n\n\t\t\t\t\t<div class=\"el-picture cbo-picture-cover\">\n\t\t\t\t\t\t<img decoding=\"async\" src=\"https:\/\/www.elicit-plant.com\/app\/uploads\/sites\/1\/2024\/09\/Fond-Autres-cultures.png\" srcset=\"https:\/\/www.elicit-plant.com\/app\/uploads\/sites\/1\/2024\/09\/Fond-Autres-cultures.png 320w, https:\/\/www.elicit-plant.com\/app\/uploads\/sites\/1\/2024\/09\/Fond-Autres-cultures.png 768w\" class=\"\" alt=\"\" width=\"580\" height=\"586\" sizes=\"auto, 100vw\" loading=\"lazy\" \/>\t\t\t\t\t<\/div>\n\n\t\t\t\t\t<div class=\"el-content cbo-cms\">\n\t\t\t\t\t\t<h4 style=\"text-align: center;\">Autres cultures<\/h4>\n<p style=\"text-align: center;\">Vous avez d&rsquo;autres cultures ? Discutons-en !<\/p>\n<p style=\"text-align: center;\"><a class=\"cbo-button button--bordergreen\" href=\"https:\/\/www.elicit-plant.com\/fr\/trouver-ou-devenir-distributeur\/distributeurs-pour-autres-cultures\/\">Contacter Elicit Plant<\/a><\/p>\n<p style=\"text-align: center;\">\n\t\t\t\t\t<\/div>\n\n\t\t\t\t<\/div>\n\t\t\t<\/div>\n\t\t\t\t\t<\/div>\n\n\t<\/div>\n<\/section>\n\n<section class=\"cbo-text cbo-margin-container\">\n    <div class=\"\n        text-inner\n                cbo-container\n        container--normal        \"\n    >\n        <div class=\"text-content cbo-cms cms--large\">\n            <div id=\"devenir\" style=\"text-align: center;\"><\/div>\n<p style=\"text-align: center;\"><img loading=\"lazy\" decoding=\"async\" class=\"aligncenter size-full wp-image-1277\" src=\"https:\/\/www.elicit-plant.com\/fr\/wp-content\/uploads\/sites\/1\/2023\/11\/Separateur-web.png\" alt=\"\" width=\"1165\" height=\"44\" \/><\/p>\n\n            <div style=\"clear: both;\"><\/div>\n        <\/div>\n    <\/div>\n<\/section>\n\n\n<section class=\"cbo-text cbo-margin-container\">\n    <div class=\"\n        text-inner\n                cbo-container\n        container--small        \"\n    >\n        <div class=\"text-content cbo-cms cms--large\">\n            <h3>Devenir un distributeur<\/h3>\n<p>Chez Elicit Plant, nous nous engageons \u00e0 fournir des solutions innovantes et durables pour limiter l&rsquo;impact du stress hydrique li\u00e9 au changement climatique, r\u00e9pondant ainsi \u00e0 une pr\u00e9occupation majeure des agriculteurs : am\u00e9liorer la r\u00e9silience et la productivit\u00e9 des cultures. Nos distributeurs jouent un r\u00f4le essentiel en apportant notre technologie de pointe directement aux agriculteurs dans le respect de l&rsquo;environnement.<\/p>\n\n            <div style=\"clear: both;\"><\/div>\n        <\/div>\n    <\/div>\n<\/section>\n\n\n<section class=\"cbo-textpicture textpicture--normal\">\n    <div class=\"textpicture-inner cbo-container container--small\">\n\n        <div class=\"textpicture-picture\">\n            <div class=\"picture-inner cbo-picture-cover\">\n                <img decoding=\"async\" src=\"https:\/\/www.elicit-plant.com\/app\/uploads\/sites\/1\/2024\/09\/Partenaires-Distribution-Produits-Elicit-Plant-320x320.jpg\" srcset=\"https:\/\/www.elicit-plant.com\/app\/uploads\/sites\/1\/2024\/09\/Partenaires-Distribution-Produits-Elicit-Plant-320x320.jpg 320w, https:\/\/www.elicit-plant.com\/app\/uploads\/sites\/1\/2024\/09\/Partenaires-Distribution-Produits-Elicit-Plant.jpg 768w, https:\/\/www.elicit-plant.com\/app\/uploads\/sites\/1\/2024\/09\/Partenaires-Distribution-Produits-Elicit-Plant.jpg 1024w\" class=\"\" alt=\"Distribuer Produits Elicit Plant\" width=\"320\" height=\"320\" sizes=\"auto, 100vw\" loading=\"lazy\" \/>            <\/div>\n        <\/div>\n\n        <div class=\"textpicture-content cbo-cms cms--large\">\n            \n            \n            <h4><strong>Vous aussi rejoignez notre r\u00e9seau de distribution !<\/strong><\/h4>\n<p>Rejoignez notre r\u00e9seau en pleine croissance et b\u00e9n\u00e9ficiez de nos <strong>formations<\/strong>, de notre soutien <strong>marketing<\/strong>, ainsi que de notre <strong>expertise<\/strong> pour d\u00e9velopper sereinement votre activit\u00e9 avec les solutions Elicit Plant.<\/p>\n<p><a class=\"cbo-button\" href=\"https:\/\/www.elicit-plant.com\/fr\/trouver-ou-devenir-distributeur\/devenir-distributeur\/\">Devenir distributeur<\/a><\/p>\n        <\/div>\n\n    <\/div>\n<\/section>\n\n<section class=\"cbo-productpush\">\n\t<div class=\"productpush-inner cbo-container container--padding\">\n\n\t\t\t\t<h2 class=\"productpush-title\">\n\t\t\tD\u00e9couvrez notre gamme contre le stress hydrique\t\t<\/h2>\n\t\t\n\t\t<div class=\"productpush-list\">\n\t\t\t\t\t\t<div class=\"list-el\">\n\t\t\t\t<a href=\"https:\/\/www.elicit-plant.com\/fr\/produits\/best-a-mais\/\" class=\"cbo-product product--orange\">\n\t<span class=\"product-picture\">\n\t\t<span class=\"picture-background cbo-picture-cover\">\n\t\t\t<img decoding=\"async\" src=\"https:\/\/www.elicit-plant.com\/app\/uploads\/sites\/1\/2023\/07\/img-produit-background-pattern_mais@2x-317x320.png\" srcset=\"https:\/\/www.elicit-plant.com\/app\/uploads\/sites\/1\/2023\/07\/img-produit-background-pattern_mais@2x.png 768w, https:\/\/www.elicit-plant.com\/app\/uploads\/sites\/1\/2023\/07\/img-produit-background-pattern_mais@2x.png 1024w\" class=\"\" alt=\"Fond orange ma\u00efs\" width=\"317\" height=\"320\" sizes=\"auto, 100vw\" loading=\"lazy\" \/>\t\t<\/span>\n\t\t<span class=\"picture-thumbnail cbo-picture-contain\">\n\t\t\t<img decoding=\"async\" src=\"https:\/\/www.elicit-plant.com\/app\/uploads\/sites\/1\/2023\/07\/Best-a-bayer-biais-570x768.png\"  sizes=\"100vw\" class=\"\" alt=\"Best-a Bayer Ma\u00efs\"  loading=\"lazy\" \/>\t\t<\/span>\n\t<\/span>\n\t<h3 class=\"product-title cbo-title-4\">\n\t\tBest-a : Ma\u00efs\t<\/h3>\n<\/a>\t\t\t<\/div>\n\t\t\t\t\t\t<div class=\"list-el\">\n\t\t\t\t<a href=\"https:\/\/www.elicit-plant.com\/fr\/produits\/eligrain-a-cereales\/\" class=\"cbo-product product--yellow\">\n\t<span class=\"product-picture\">\n\t\t<span class=\"picture-background cbo-picture-cover\">\n\t\t\t<img decoding=\"async\" src=\"https:\/\/www.elicit-plant.com\/app\/uploads\/sites\/1\/2023\/07\/img-produit-background-pattern_ble@2x-315x320.png\" srcset=\"https:\/\/www.elicit-plant.com\/app\/uploads\/sites\/1\/2023\/07\/img-produit-background-pattern_ble@2x.png 768w, https:\/\/www.elicit-plant.com\/app\/uploads\/sites\/1\/2023\/07\/img-produit-background-pattern_ble@2x.png 1024w\" class=\"\" alt=\"Fond jaune C\u00e9r\u00e9ales\" width=\"315\" height=\"320\" sizes=\"auto, 100vw\" loading=\"lazy\" \/>\t\t<\/span>\n\t\t<span class=\"picture-thumbnail cbo-picture-contain\">\n\t\t\t<img decoding=\"async\" src=\"https:\/\/www.elicit-plant.com\/app\/uploads\/sites\/1\/2023\/07\/EliGrain-biais-2.png\"  sizes=\"100vw\" class=\"\" alt=\"EliGrain-a C\u00e9r\u00e9ales\"  loading=\"lazy\" \/>\t\t<\/span>\n\t<\/span>\n\t<h3 class=\"product-title cbo-title-4\">\n\t\tEliGrain-a : Orge\t<\/h3>\n<\/a>\t\t\t<\/div>\n\t\t\t\t\t\t<div class=\"list-el\">\n\t\t\t\t<a href=\"https:\/\/www.elicit-plant.com\/fr\/produits\/elisun-a-tournesol\/\" class=\"cbo-product product--brown\">\n\t<span class=\"product-picture\">\n\t\t<span class=\"picture-background cbo-picture-cover\">\n\t\t\t<img decoding=\"async\" src=\"https:\/\/www.elicit-plant.com\/app\/uploads\/sites\/1\/2023\/07\/img-produit-background-pattern_tournesol@2x-316x320.png\" srcset=\"https:\/\/www.elicit-plant.com\/app\/uploads\/sites\/1\/2023\/07\/img-produit-background-pattern_tournesol@2x.png 768w, https:\/\/www.elicit-plant.com\/app\/uploads\/sites\/1\/2023\/07\/img-produit-background-pattern_tournesol@2x.png 1024w\" class=\"\" alt=\"Fond marron Tournesol\" width=\"316\" height=\"320\" sizes=\"auto, 100vw\" loading=\"lazy\" \/>\t\t<\/span>\n\t\t<span class=\"picture-thumbnail cbo-picture-contain\">\n\t\t\t<img decoding=\"async\" src=\"https:\/\/www.elicit-plant.com\/app\/uploads\/sites\/1\/2023\/07\/EliSun-biais-570x768.png\"  sizes=\"100vw\" class=\"\" alt=\"EliSun-a Tournesol\"  loading=\"lazy\" \/>\t\t<\/span>\n\t<\/span>\n\t<h3 class=\"product-title cbo-title-4\">\n\t\tEliSun-a : Tournesol\t<\/h3>\n<\/a>\t\t\t<\/div>\n\t\t\t\t\t<\/div>\n\n\t<\/div>\n<\/section>","protected":false},"excerpt":{"rendered":"<p>Vous souhaitez trouver un distributeur ou rejoindre notre r\u00e9seau en tant que distributeur ? Nous sommes l\u00e0 pour vous guider ! S\u00e9lectionnez simplement votre type de requ\u00eate et le type de culture pour acc\u00e9der aux informations recherch\u00e9es. Trouver un distributeur Devenir un distributeur Trouver un distributeur Nous travaillons avec un r\u00e9seau \u00e9tendu de partenaires agricoles qualifi\u00e9s \u00e0 travers toute la France pour vous offrir le meilleur service possible. Pour localiser un distributeur pr\u00e8s de chez vous, veuillez s\u00e9lectionner le type de culture. Devenir un distributeur Chez Elicit Plant, nous nous engageons \u00e0 fournir des solutions innovantes et durables pour limiter l&rsquo;impact du stress hydrique li\u00e9 au changement climatique, r\u00e9pondant ainsi \u00e0 une pr\u00e9occupation majeure des agriculteurs : am\u00e9liorer la r\u00e9silience et la productivit\u00e9 des cultures. Nos distributeurs jouent un r\u00f4le essentiel en apportant notre technologie de pointe directement aux agriculteurs dans le respect&#8230;<\/p>\n","protected":false},"author":6,"featured_media":5286,"parent":0,"menu_order":0,"comment_status":"closed","ping_status":"closed","template":"","meta":{"_acf_changed":false,"footnotes":""},"class_list":["post-5282","page","type-page","status-publish","has-post-thumbnail","hentry"],"acf":[],"yoast_head":"<!-- This site is optimized with the Yoast SEO plugin v27.2 - https:\/\/yoast.com\/product\/yoast-seo-wordpress\/ -->\n<title>Trouver ou Distribuer nos Produits - Elicit Plant France<\/title>\n<meta name=\"description\" content=\"Envie de vendre ou d&#039;acheter les solutions innovantes d&#039;Elicit Plant ? D\u00e9couvrez tout ce qu&#039;il vous faut ici !\" \/>\n<meta name=\"robots\" content=\"index, follow, max-snippet:-1, max-image-preview:large, max-video-preview:-1\" \/>\n<link rel=\"canonical\" href=\"https:\/\/www.elicit-plant.com\/fr\/trouver-ou-devenir-distributeur\/\" \/>\n<meta property=\"og:locale\" content=\"fr_FR\" \/>\n<meta property=\"og:type\" content=\"article\" \/>\n<meta property=\"og:title\" content=\"Trouver ou Distribuer nos Produits - Elicit Plant France\" \/>\n<meta property=\"og:description\" content=\"Envie de vendre ou d&#039;acheter les solutions innovantes d&#039;Elicit Plant ? D\u00e9couvrez tout ce qu&#039;il vous faut ici !\" \/>\n<meta property=\"og:url\" content=\"https:\/\/www.elicit-plant.com\/fr\/trouver-ou-devenir-distributeur\/\" \/>\n<meta property=\"og:site_name\" content=\"Elicit Plant France\" \/>\n<meta property=\"article:modified_time\" content=\"2024-11-28T10:54:14+00:00\" \/>\n<meta property=\"og:image\" content=\"https:\/\/www.elicit-plant.com\/fr\/wp-content\/uploads\/sites\/1\/2024\/09\/Tracteur-appliquant-produit-Elicit-Plant.jpg\" \/>\n\t<meta property=\"og:image:width\" content=\"1000\" \/>\n\t<meta property=\"og:image:height\" content=\"1000\" \/>\n\t<meta property=\"og:image:type\" content=\"image\/jpeg\" \/>\n<meta name=\"twitter:card\" content=\"summary_large_image\" \/>\n<meta name=\"twitter:label1\" content=\"Dur\u00e9e de lecture estim\u00e9e\" \/>\n\t<meta name=\"twitter:data1\" content=\"1 minute\" \/>\n<script type=\"application\/ld+json\" class=\"yoast-schema-graph\">{\"@context\":\"https:\/\/schema.org\",\"@graph\":[{\"@type\":\"WebPage\",\"@id\":\"https:\/\/www.elicit-plant.com\/fr\/trouver-ou-devenir-distributeur\/\",\"url\":\"https:\/\/www.elicit-plant.com\/fr\/trouver-ou-devenir-distributeur\/\",\"name\":\"Trouver ou Distribuer nos Produits - Elicit Plant France\",\"isPartOf\":{\"@id\":\"https:\/\/www.elicit-plant.com\/fr\/#website\"},\"primaryImageOfPage\":{\"@id\":\"https:\/\/www.elicit-plant.com\/fr\/trouver-ou-devenir-distributeur\/#primaryimage\"},\"image\":{\"@id\":\"https:\/\/www.elicit-plant.com\/fr\/trouver-ou-devenir-distributeur\/#primaryimage\"},\"thumbnailUrl\":\"https:\/\/www.elicit-plant.com\/app\/uploads\/sites\/1\/2024\/09\/Tracteur-appliquant-produit-Elicit-Plant.jpg\",\"datePublished\":\"2024-09-09T08:57:14+00:00\",\"dateModified\":\"2024-11-28T10:54:14+00:00\",\"description\":\"Envie de vendre ou d'acheter les solutions innovantes d'Elicit Plant ? D\u00e9couvrez tout ce qu'il vous faut ici !\",\"breadcrumb\":{\"@id\":\"https:\/\/www.elicit-plant.com\/fr\/trouver-ou-devenir-distributeur\/#breadcrumb\"},\"inLanguage\":\"fr-FR\",\"potentialAction\":[{\"@type\":\"ReadAction\",\"target\":[\"https:\/\/www.elicit-plant.com\/fr\/trouver-ou-devenir-distributeur\/\"]}]},{\"@type\":\"ImageObject\",\"inLanguage\":\"fr-FR\",\"@id\":\"https:\/\/www.elicit-plant.com\/fr\/trouver-ou-devenir-distributeur\/#primaryimage\",\"url\":\"https:\/\/www.elicit-plant.com\/app\/uploads\/sites\/1\/2024\/09\/Tracteur-appliquant-produit-Elicit-Plant.jpg\",\"contentUrl\":\"https:\/\/www.elicit-plant.com\/app\/uploads\/sites\/1\/2024\/09\/Tracteur-appliquant-produit-Elicit-Plant.jpg\",\"width\":1000,\"height\":1000,\"caption\":\"Tracteur appliquant produit Elicit Plant\"},{\"@type\":\"BreadcrumbList\",\"@id\":\"https:\/\/www.elicit-plant.com\/fr\/trouver-ou-devenir-distributeur\/#breadcrumb\",\"itemListElement\":[{\"@type\":\"ListItem\",\"position\":1,\"name\":\"Accueil\",\"item\":\"https:\/\/www.elicit-plant.com\/fr\/\"},{\"@type\":\"ListItem\",\"position\":2,\"name\":\"Trouver ou devenir distributeur\"}]},{\"@type\":\"WebSite\",\"@id\":\"https:\/\/www.elicit-plant.com\/fr\/#website\",\"url\":\"https:\/\/www.elicit-plant.com\/fr\/\",\"name\":\"Elicit Plant France\",\"description\":\"Elicit Plant est experte dans la ma\u00eetrise de l\u2019apport des phytost\u00e9rols sur les cultures en plein champ. En r\u00e9duisant le stress des plantes, cette technologie am\u00e9liore les rendements et pr\u00e9serve les ressources naturelles.\",\"potentialAction\":[{\"@type\":\"SearchAction\",\"target\":{\"@type\":\"EntryPoint\",\"urlTemplate\":\"https:\/\/www.elicit-plant.com\/fr\/?s={search_term_string}\"},\"query-input\":{\"@type\":\"PropertyValueSpecification\",\"valueRequired\":true,\"valueName\":\"search_term_string\"}}],\"inLanguage\":\"fr-FR\"}]}<\/script>\n<!-- \/ Yoast SEO plugin. -->","yoast_head_json":{"title":"Trouver ou Distribuer nos Produits - Elicit Plant France","description":"Envie de vendre ou d'acheter les solutions innovantes d'Elicit Plant ? D\u00e9couvrez tout ce qu'il vous faut ici !","robots":{"index":"index","follow":"follow","max-snippet":"max-snippet:-1","max-image-preview":"max-image-preview:large","max-video-preview":"max-video-preview:-1"},"canonical":"https:\/\/www.elicit-plant.com\/fr\/trouver-ou-devenir-distributeur\/","og_locale":"fr_FR","og_type":"article","og_title":"Trouver ou Distribuer nos Produits - Elicit Plant France","og_description":"Envie de vendre ou d'acheter les solutions innovantes d'Elicit Plant ? D\u00e9couvrez tout ce qu'il vous faut ici !","og_url":"https:\/\/www.elicit-plant.com\/fr\/trouver-ou-devenir-distributeur\/","og_site_name":"Elicit Plant France","article_modified_time":"2024-11-28T10:54:14+00:00","og_image":[{"width":1000,"height":1000,"url":"https:\/\/www.elicit-plant.com\/fr\/wp-content\/uploads\/sites\/1\/2024\/09\/Tracteur-appliquant-produit-Elicit-Plant.jpg","type":"image\/jpeg"}],"twitter_card":"summary_large_image","twitter_misc":{"Dur\u00e9e de lecture estim\u00e9e":"1 minute"},"schema":{"@context":"https:\/\/schema.org","@graph":[{"@type":"WebPage","@id":"https:\/\/www.elicit-plant.com\/fr\/trouver-ou-devenir-distributeur\/","url":"https:\/\/www.elicit-plant.com\/fr\/trouver-ou-devenir-distributeur\/","name":"Trouver ou Distribuer nos Produits - Elicit Plant France","isPartOf":{"@id":"https:\/\/www.elicit-plant.com\/fr\/#website"},"primaryImageOfPage":{"@id":"https:\/\/www.elicit-plant.com\/fr\/trouver-ou-devenir-distributeur\/#primaryimage"},"image":{"@id":"https:\/\/www.elicit-plant.com\/fr\/trouver-ou-devenir-distributeur\/#primaryimage"},"thumbnailUrl":"https:\/\/www.elicit-plant.com\/app\/uploads\/sites\/1\/2024\/09\/Tracteur-appliquant-produit-Elicit-Plant.jpg","datePublished":"2024-09-09T08:57:14+00:00","dateModified":"2024-11-28T10:54:14+00:00","description":"Envie de vendre ou d'acheter les solutions innovantes d'Elicit Plant ? D\u00e9couvrez tout ce qu'il vous faut ici !","breadcrumb":{"@id":"https:\/\/www.elicit-plant.com\/fr\/trouver-ou-devenir-distributeur\/#breadcrumb"},"inLanguage":"fr-FR","potentialAction":[{"@type":"ReadAction","target":["https:\/\/www.elicit-plant.com\/fr\/trouver-ou-devenir-distributeur\/"]}]},{"@type":"ImageObject","inLanguage":"fr-FR","@id":"https:\/\/www.elicit-plant.com\/fr\/trouver-ou-devenir-distributeur\/#primaryimage","url":"https:\/\/www.elicit-plant.com\/app\/uploads\/sites\/1\/2024\/09\/Tracteur-appliquant-produit-Elicit-Plant.jpg","contentUrl":"https:\/\/www.elicit-plant.com\/app\/uploads\/sites\/1\/2024\/09\/Tracteur-appliquant-produit-Elicit-Plant.jpg","width":1000,"height":1000,"caption":"Tracteur appliquant produit Elicit Plant"},{"@type":"BreadcrumbList","@id":"https:\/\/www.elicit-plant.com\/fr\/trouver-ou-devenir-distributeur\/#breadcrumb","itemListElement":[{"@type":"ListItem","position":1,"name":"Accueil","item":"https:\/\/www.elicit-plant.com\/fr\/"},{"@type":"ListItem","position":2,"name":"Trouver ou devenir distributeur"}]},{"@type":"WebSite","@id":"https:\/\/www.elicit-plant.com\/fr\/#website","url":"https:\/\/www.elicit-plant.com\/fr\/","name":"Elicit Plant France","description":"Elicit Plant est experte dans la ma\u00eetrise de l\u2019apport des phytost\u00e9rols sur les cultures en plein champ. En r\u00e9duisant le stress des plantes, cette technologie am\u00e9liore les rendements et pr\u00e9serve les ressources naturelles.","potentialAction":[{"@type":"SearchAction","target":{"@type":"EntryPoint","urlTemplate":"https:\/\/www.elicit-plant.com\/fr\/?s={search_term_string}"},"query-input":{"@type":"PropertyValueSpecification","valueRequired":true,"valueName":"search_term_string"}}],"inLanguage":"fr-FR"}]}},"_links":{"self":[{"href":"https:\/\/www.elicit-plant.com\/fr\/wp-json\/wp\/v2\/pages\/5282","targetHints":{"allow":["GET"]}}],"collection":[{"href":"https:\/\/www.elicit-plant.com\/fr\/wp-json\/wp\/v2\/pages"}],"about":[{"href":"https:\/\/www.elicit-plant.com\/fr\/wp-json\/wp\/v2\/types\/page"}],"author":[{"embeddable":true,"href":"https:\/\/www.elicit-plant.com\/fr\/wp-json\/wp\/v2\/users\/6"}],"replies":[{"embeddable":true,"href":"https:\/\/www.elicit-plant.com\/fr\/wp-json\/wp\/v2\/comments?post=5282"}],"version-history":[{"count":8,"href":"https:\/\/www.elicit-plant.com\/fr\/wp-json\/wp\/v2\/pages\/5282\/revisions"}],"predecessor-version":[{"id":6275,"href":"https:\/\/www.elicit-plant.com\/fr\/wp-json\/wp\/v2\/pages\/5282\/revisions\/6275"}],"wp:featuredmedia":[{"embeddable":true,"href":"https:\/\/www.elicit-plant.com\/fr\/wp-json\/wp\/v2\/media\/5286"}],"wp:attachment":[{"href":"https:\/\/www.elicit-plant.com\/fr\/wp-json\/wp\/v2\/media?parent=5282"}],"curies":[{"name":"wp","href":"https:\/\/api.w.org\/{rel}","templated":true}]}}