{"id":5288,"date":"2024-09-09T11:05:55","date_gmt":"2024-09-09T09:05:55","guid":{"rendered":"https:\/\/www.elicit-plant.com\/fr\/?page_id=5288"},"modified":"2025-01-13T11:22:31","modified_gmt":"2025-01-13T10:22:31","slug":"devenir-distributeur","status":"publish","type":"page","link":"https:\/\/www.elicit-plant.com\/fr\/trouver-ou-devenir-distributeur\/devenir-distributeur\/","title":{"rendered":"Devenir distributeur"},"content":{"rendered":"<section class=\"cbo-hero cbo-margin-container hero--colorblue\" data-anim-group>\n\t<div class=\"cbo-breadcrumbs breadcrumbs--normal\">\n  <div class=\"breadcrumbs-inner\">\n    <span><span><a href=\"https:\/\/www.elicit-plant.com\/fr\/\">Accueil<\/a><\/span><\/span>\t<\/div>\n<\/div>\n\t<div class=\"hero-inner cbo-container container--padding\">\n\n\t\t<div class=\"hero-shapes\">\n\t\t\t<div class=\"shapes-color scale-up\"><\/div>\n\n\t\t\t<div class=\"shapes-picture cbo-picture-cover scale-up\"  data-delay=\"450\">\n\t\t\t\t<img decoding=\"async\" src=\"https:\/\/www.elicit-plant.com\/app\/uploads\/sites\/1\/2024\/09\/Devenir-Distributeur-EP-320x180.jpg\" srcset=\"https:\/\/www.elicit-plant.com\/app\/uploads\/sites\/1\/2024\/09\/Devenir-Distributeur-EP-320x180.jpg 320w, https:\/\/www.elicit-plant.com\/app\/uploads\/sites\/1\/2024\/09\/Devenir-Distributeur-EP.jpg 768w\" class=\"\" alt=\"\" width=\"320\" height=\"180\" sizes=\"auto, 100vw\" loading=\"lazy\" \/>\t\t\t<\/div>\n\t\t<\/div>\n\n\t\t<div class=\"hero-content cbo-cms cms--large cms--white\">\n\t\t\t<div class=\"content-text\">\n\t\t\t\t<h1 class=\"hero-title cbo-heading slide-down\">\n\t\t\t\t\tDistribuer les produits Elicit Plant\t\t\t\t<\/h1>\n\n\t\t\t\t\t\t\t\t\t<p class=\"fade-in\" data-delay=\"450\">\n\t\t\t\t\t\tVous aussi embarquez dans l&rsquo;aventure Elicit Plant !\t\t\t\t\t<\/p>\n\t\t\t\t\t\t\t<\/div>\n\t\t<\/div>\n\n\t<\/div>\n<\/section>\n\n<section class=\"cbo-text cbo-margin-container\">\n    <div class=\"\n        text-inner\n                cbo-container\n        container--small        \"\n    >\n        <div class=\"text-content cbo-cms cms--large\">\n            <div id=\"devenir\"><\/div>\n<h2>Comment devenir distributeur ?<\/h2>\n<p>Il vous suffit de remplir le formulaire de contact ci-dessous. Notre \u00e9quipe se fera un plaisir de vous fournir toutes les informations n\u00e9cessaires et de r\u00e9pondre \u00e0 vos questions. Ensemble, nous \u00e9tablirons un partenariat fructueux et durable.<\/p>\n<p><a href=\"#avantages\">Connaitre les avantages \u00e0 devenir distributeur de produits Elicit Plant<\/a><\/p>\n\n            <div style=\"clear: both;\"><\/div>\n        <\/div>\n    <\/div>\n<\/section>\n\n\n<section class=\"cbo-text cbo-margin-container\">\n    <div class=\"\n        text-inner\n                cbo-container\n        container--small        \"\n    >\n        <div class=\"text-content cbo-cms cms--large\">\n            <p>&nbsp;<\/p>\n<p><img decoding=\"async\" class=\"aligncenter size-full wp-image-1742\" src=\"https:\/\/www.elicit-plant.com\/fr\/wp-content\/uploads\/sites\/1\/2025\/01\/Bandeau-Devenir-Distributeur-Elicit-Plant-1.jpg\" alt=\"\" width=\"100%\" \/><\/p>\n<h2 style=\"text-align: center;\">Vous aussi vivez l\u2019aventure Elicit Plant !<\/h2>\n<h3 style=\"text-align: center;\"><strong>Contactez-nous pour en discuter\u2026<\/strong><\/h3>\n<p><script charset=\"utf-8\" type=\"text\/javascript\" src=\"\/\/js-eu1.hsforms.net\/forms\/embed\/v2.js\"><\/script><br \/>\n<script>\n  hbspt.forms.create({\n    region: \"eu1\",\n    portalId: \"143801506\",\n    formId: \"90d3048f-5ab0-4100-8730-0715717885f5\"\n  });\n<\/script><br \/>\n<img decoding=\"async\" class=\"aligncenter size-full wp-image-1742\" src=\"https:\/\/www.elicit-plant.com\/fr\/wp-content\/uploads\/sites\/1\/2025\/01\/Bandeau-Devenir-Distributeur-Elicit-Plant-v3-1.jpg\" alt=\"\" width=\"100%\" \/><\/p>\n\n            <div style=\"clear: both;\"><\/div>\n        <\/div>\n    <\/div>\n<\/section>\n\n\n<section class=\"cbo-text cbo-margin-container\">\n    <div class=\"\n        text-inner\n                cbo-container\n        container--small        \"\n    >\n        <div class=\"text-content cbo-cms cms--large\">\n            <div id=\"avantages\"><\/div>\n\n            <div style=\"clear: both;\"><\/div>\n        <\/div>\n    <\/div>\n<\/section>\n\n\n<section class=\"cbo-text cbo-halo cbo-margin-container\">\n    <div class=\"\n        text-inner\n                cbo-container\n        container--small        \"\n    >\n        <div class=\"text-content cbo-cms cms--large\">\n            <h2>Pourquoi distribuer nos produits ?<\/h2>\n<h3>\u2705 Des produits test\u00e9s aux performances valid\u00e9es<\/h3>\n<p>Nos produits sont issus de recherches approfondies et ont prouv\u00e9 leur efficacit\u00e9 dans de nombreux essais en plein champ \u00e0 travers le monde. En devenant distributeur, vous offrez \u00e0 vos clients des solutions fiables et performantes pour faire face au stress hydrique, am\u00e9liorer la r\u00e9silience et s\u00e9curiser les rendements de leurs cultures, tout en consommant moins d&rsquo;eau.<\/p>\n<h3>\u2705 Innovation et Agriculture durable<\/h3>\n<p>Elicit Plant se distingue par sa technologie de pointe \u00e0 base de phytost\u00e9rols et son engagement envers une agriculture durable. En vendant nos produits, vous proposez des solutions innovantes qui r\u00e9pondent aux d\u00e9fis actuels de l&rsquo;agriculture dans le respect de l&rsquo;environnement. Vos clients peuvent ainsi s&rsquo;armer face aux difficult\u00e9s et probl\u00e9matiques de rentabilit\u00e9 li\u00e9es aux cons\u00e9quences du r\u00e9chauffement climatique.<\/p>\n<h3>\u2705 Soutien et Formation<\/h3>\n<p>Nous croyons en la r\u00e9ussite de nos distributeurs et fournissons un support complet, incluant des formations approfondies sur nos produits, des outils et supports marketing, et un accompagnement continu. Vous serez \u00e9quip\u00e9 pour conseiller efficacement vos clients et maximiser vos ventes.<\/p>\n<h3>\u2705 Opportunit\u00e9s de Croissance<\/h3>\n<p>En devenant distributeur d&rsquo;Elicit Plant, vous acc\u00e9dez \u00e0 un march\u00e9 en pleine expansion avec des opportunit\u00e9s prometteuses. Nos produits sont de plus en plus pris\u00e9s pour leur capacit\u00e9 \u00e0 augmenter la productivit\u00e9 agricole, s\u00e9curiser les rendements et r\u00e9duire la consommation d&rsquo;eau, tout en respectant l&rsquo;environnement. Rejoignez-nous pour b\u00e9n\u00e9ficier de perspectives de croissance exceptionnelles et d&rsquo;un retour sur investissement attractif !<\/p>\n<h3>\u2705 Communaut\u00e9 responsable<\/h3>\n<p>Rejoindre notre r\u00e9seau de distributeurs, c&rsquo;est entrer dans une communaut\u00e9 de professionnels engag\u00e9s et conscients des enjeux actuels pour construire l&rsquo;agriculture de demain.<\/p>\n\n            <div style=\"clear: both;\"><\/div>\n        <\/div>\n    <\/div>\n<\/section>\n\n\n<section class=\"cbo-text cbo-margin-container\">\n    <div class=\"\n        text-inner\n                cbo-container\n        container--small        \"\n    >\n        <div class=\"text-content cbo-cms cms--large\">\n            <p style=\"text-align: center;\"><a class=\"cbo-button\" href=\"#devenir\">Remplir le formulaire pour devenir distributeur<\/a><\/p>\n\n            <div style=\"clear: both;\"><\/div>\n        <\/div>\n    <\/div>\n<\/section>\n\n\n<section class=\"cbo-productpush\">\n\t<div class=\"productpush-inner cbo-container container--padding\">\n\n\t\t\t\t<h2 class=\"productpush-title\">\n\t\t\tD\u00e9couvrez notre gamme contre le stress hydrique\t\t<\/h2>\n\t\t\n\t\t<div class=\"productpush-list\">\n\t\t\t\t\t\t<div class=\"list-el\">\n\t\t\t\t<a href=\"https:\/\/www.elicit-plant.com\/fr\/produits\/best-a-mais\/\" class=\"cbo-product product--orange\">\n\t<span class=\"product-picture\">\n\t\t<span class=\"picture-background cbo-picture-cover\">\n\t\t\t<img decoding=\"async\" src=\"https:\/\/www.elicit-plant.com\/app\/uploads\/sites\/1\/2023\/07\/img-produit-background-pattern_mais@2x-317x320.png\" srcset=\"https:\/\/www.elicit-plant.com\/app\/uploads\/sites\/1\/2023\/07\/img-produit-background-pattern_mais@2x.png 768w, https:\/\/www.elicit-plant.com\/app\/uploads\/sites\/1\/2023\/07\/img-produit-background-pattern_mais@2x.png 1024w\" class=\"\" alt=\"Fond orange ma\u00efs\" width=\"317\" height=\"320\" sizes=\"auto, 100vw\" loading=\"lazy\" \/>\t\t<\/span>\n\t\t<span class=\"picture-thumbnail cbo-picture-contain\">\n\t\t\t<img decoding=\"async\" src=\"https:\/\/www.elicit-plant.com\/app\/uploads\/sites\/1\/2023\/07\/Best-a-bayer-biais-570x768.png\"  sizes=\"100vw\" class=\"\" alt=\"Best-a Bayer Ma\u00efs\"  loading=\"lazy\" \/>\t\t<\/span>\n\t<\/span>\n\t<h3 class=\"product-title cbo-title-4\">\n\t\tBest-a : Ma\u00efs\t<\/h3>\n<\/a>\t\t\t<\/div>\n\t\t\t\t\t\t<div class=\"list-el\">\n\t\t\t\t<a href=\"https:\/\/www.elicit-plant.com\/fr\/produits\/eligrain-a-cereales\/\" class=\"cbo-product product--yellow\">\n\t<span class=\"product-picture\">\n\t\t<span class=\"picture-background cbo-picture-cover\">\n\t\t\t<img decoding=\"async\" src=\"https:\/\/www.elicit-plant.com\/app\/uploads\/sites\/1\/2023\/07\/img-produit-background-pattern_ble@2x-315x320.png\" srcset=\"https:\/\/www.elicit-plant.com\/app\/uploads\/sites\/1\/2023\/07\/img-produit-background-pattern_ble@2x.png 768w, https:\/\/www.elicit-plant.com\/app\/uploads\/sites\/1\/2023\/07\/img-produit-background-pattern_ble@2x.png 1024w\" class=\"\" alt=\"Fond jaune C\u00e9r\u00e9ales\" width=\"315\" height=\"320\" sizes=\"auto, 100vw\" loading=\"lazy\" \/>\t\t<\/span>\n\t\t<span class=\"picture-thumbnail cbo-picture-contain\">\n\t\t\t<img decoding=\"async\" src=\"https:\/\/www.elicit-plant.com\/app\/uploads\/sites\/1\/2023\/07\/EliGrain-biais-2.png\"  sizes=\"100vw\" class=\"\" alt=\"EliGrain-a C\u00e9r\u00e9ales\"  loading=\"lazy\" \/>\t\t<\/span>\n\t<\/span>\n\t<h3 class=\"product-title cbo-title-4\">\n\t\tEliGrain-a : Orge\t<\/h3>\n<\/a>\t\t\t<\/div>\n\t\t\t\t\t\t<div class=\"list-el\">\n\t\t\t\t<a href=\"https:\/\/www.elicit-plant.com\/fr\/produits\/elisun-a-tournesol\/\" class=\"cbo-product product--brown\">\n\t<span class=\"product-picture\">\n\t\t<span class=\"picture-background cbo-picture-cover\">\n\t\t\t<img decoding=\"async\" src=\"https:\/\/www.elicit-plant.com\/app\/uploads\/sites\/1\/2023\/07\/img-produit-background-pattern_tournesol@2x-316x320.png\" srcset=\"https:\/\/www.elicit-plant.com\/app\/uploads\/sites\/1\/2023\/07\/img-produit-background-pattern_tournesol@2x.png 768w, https:\/\/www.elicit-plant.com\/app\/uploads\/sites\/1\/2023\/07\/img-produit-background-pattern_tournesol@2x.png 1024w\" class=\"\" alt=\"Fond marron Tournesol\" width=\"316\" height=\"320\" sizes=\"auto, 100vw\" loading=\"lazy\" \/>\t\t<\/span>\n\t\t<span class=\"picture-thumbnail cbo-picture-contain\">\n\t\t\t<img decoding=\"async\" src=\"https:\/\/www.elicit-plant.com\/app\/uploads\/sites\/1\/2023\/07\/EliSun-biais-570x768.png\"  sizes=\"100vw\" class=\"\" alt=\"EliSun-a Tournesol\"  loading=\"lazy\" \/>\t\t<\/span>\n\t<\/span>\n\t<h3 class=\"product-title cbo-title-4\">\n\t\tEliSun-a : Tournesol\t<\/h3>\n<\/a>\t\t\t<\/div>\n\t\t\t\t\t<\/div>\n\n\t<\/div>\n<\/section>","protected":false},"excerpt":{"rendered":"<p>Comment devenir distributeur ? Il vous suffit de remplir le formulaire de contact ci-dessous. Notre \u00e9quipe se fera un plaisir de vous fournir toutes les informations n\u00e9cessaires et de r\u00e9pondre \u00e0 vos questions. Ensemble, nous \u00e9tablirons un partenariat fructueux et durable. Connaitre les avantages \u00e0 devenir distributeur de produits Elicit Plant &nbsp; Vous aussi vivez l\u2019aventure Elicit Plant ! Contactez-nous pour en discuter\u2026 hbspt.forms.create({ region: \u00ab\u00a0eu1\u00a0\u00bb, portalId: \u00ab\u00a0143801506\u00a0\u00bb, formId: \u00ab\u00a090d3048f-5ab0-4100-8730-0715717885f5\u00a0\u00bb }); Pourquoi distribuer nos produits ? \u2705 Des produits test\u00e9s aux performances valid\u00e9es Nos produits sont issus de recherches approfondies et ont prouv\u00e9 leur efficacit\u00e9 dans de nombreux essais en plein champ \u00e0 travers le monde. En devenant distributeur, vous offrez \u00e0 vos clients des solutions fiables et performantes pour faire face au stress hydrique, am\u00e9liorer la r\u00e9silience et s\u00e9curiser les rendements de leurs cultures, tout en consommant&#8230;<\/p>\n","protected":false},"author":6,"featured_media":5289,"parent":5282,"menu_order":0,"comment_status":"closed","ping_status":"closed","template":"","meta":{"_acf_changed":false,"footnotes":""},"class_list":["post-5288","page","type-page","status-publish","has-post-thumbnail","hentry"],"acf":[],"yoast_head":"<!-- This site is optimized with the Yoast SEO plugin v27.3 - https:\/\/yoast.com\/product\/yoast-seo-wordpress\/ -->\n<title>Rejoindre notre R\u00e9seau de Distribution - Elicit Plant France<\/title>\n<meta name=\"description\" content=\"Int\u00e9grez notre r\u00e9seau de distributeurs et rejoignez une communaut\u00e9 de professionnels engag\u00e9s pour construire l&#039;agriculture de demain !\" \/>\n<meta name=\"robots\" content=\"index, follow, max-snippet:-1, max-image-preview:large, max-video-preview:-1\" \/>\n<link rel=\"canonical\" href=\"https:\/\/www.elicit-plant.com\/fr\/trouver-ou-devenir-distributeur\/devenir-distributeur\/\" \/>\n<meta property=\"og:locale\" content=\"fr_FR\" \/>\n<meta property=\"og:type\" content=\"article\" \/>\n<meta property=\"og:title\" content=\"Rejoindre notre R\u00e9seau de Distribution - Elicit Plant France\" \/>\n<meta property=\"og:description\" content=\"Int\u00e9grez notre r\u00e9seau de distributeurs et rejoignez une communaut\u00e9 de professionnels engag\u00e9s pour construire l&#039;agriculture de demain !\" \/>\n<meta property=\"og:url\" content=\"https:\/\/www.elicit-plant.com\/fr\/trouver-ou-devenir-distributeur\/devenir-distributeur\/\" \/>\n<meta property=\"og:site_name\" content=\"Elicit Plant France\" \/>\n<meta property=\"article:modified_time\" content=\"2025-01-13T10:22:31+00:00\" \/>\n<meta property=\"og:image\" content=\"https:\/\/www.elicit-plant.com\/fr\/wp-content\/uploads\/sites\/1\/2024\/09\/Devenir-Distributeur-EP.jpg\" \/>\n\t<meta property=\"og:image:width\" content=\"560\" \/>\n\t<meta property=\"og:image:height\" content=\"315\" \/>\n\t<meta property=\"og:image:type\" content=\"image\/jpeg\" \/>\n<meta name=\"twitter:card\" content=\"summary_large_image\" \/>\n<meta name=\"twitter:label1\" content=\"Dur\u00e9e de lecture estim\u00e9e\" \/>\n\t<meta name=\"twitter:data1\" content=\"1 minute\" \/>\n<script type=\"application\/ld+json\" class=\"yoast-schema-graph\">{\"@context\":\"https:\\\/\\\/schema.org\",\"@graph\":[{\"@type\":\"WebPage\",\"@id\":\"https:\\\/\\\/www.elicit-plant.com\\\/fr\\\/trouver-ou-devenir-distributeur\\\/devenir-distributeur\\\/\",\"url\":\"https:\\\/\\\/www.elicit-plant.com\\\/fr\\\/trouver-ou-devenir-distributeur\\\/devenir-distributeur\\\/\",\"name\":\"Rejoindre notre R\u00e9seau de Distribution - Elicit Plant France\",\"isPartOf\":{\"@id\":\"https:\\\/\\\/www.elicit-plant.com\\\/fr\\\/#website\"},\"primaryImageOfPage\":{\"@id\":\"https:\\\/\\\/www.elicit-plant.com\\\/fr\\\/trouver-ou-devenir-distributeur\\\/devenir-distributeur\\\/#primaryimage\"},\"image\":{\"@id\":\"https:\\\/\\\/www.elicit-plant.com\\\/fr\\\/trouver-ou-devenir-distributeur\\\/devenir-distributeur\\\/#primaryimage\"},\"thumbnailUrl\":\"https:\\\/\\\/www.elicit-plant.com\\\/app\\\/uploads\\\/sites\\\/1\\\/2024\\\/09\\\/Devenir-Distributeur-EP.jpg\",\"datePublished\":\"2024-09-09T09:05:55+00:00\",\"dateModified\":\"2025-01-13T10:22:31+00:00\",\"description\":\"Int\u00e9grez notre r\u00e9seau de distributeurs et rejoignez une communaut\u00e9 de professionnels engag\u00e9s pour construire l'agriculture de demain !\",\"breadcrumb\":{\"@id\":\"https:\\\/\\\/www.elicit-plant.com\\\/fr\\\/trouver-ou-devenir-distributeur\\\/devenir-distributeur\\\/#breadcrumb\"},\"inLanguage\":\"fr-FR\",\"potentialAction\":[{\"@type\":\"ReadAction\",\"target\":[\"https:\\\/\\\/www.elicit-plant.com\\\/fr\\\/trouver-ou-devenir-distributeur\\\/devenir-distributeur\\\/\"]}]},{\"@type\":\"ImageObject\",\"inLanguage\":\"fr-FR\",\"@id\":\"https:\\\/\\\/www.elicit-plant.com\\\/fr\\\/trouver-ou-devenir-distributeur\\\/devenir-distributeur\\\/#primaryimage\",\"url\":\"https:\\\/\\\/www.elicit-plant.com\\\/app\\\/uploads\\\/sites\\\/1\\\/2024\\\/09\\\/Devenir-Distributeur-EP.jpg\",\"contentUrl\":\"https:\\\/\\\/www.elicit-plant.com\\\/app\\\/uploads\\\/sites\\\/1\\\/2024\\\/09\\\/Devenir-Distributeur-EP.jpg\",\"width\":560,\"height\":315,\"caption\":\"Distribuer les produits Elicit Plant\"},{\"@type\":\"BreadcrumbList\",\"@id\":\"https:\\\/\\\/www.elicit-plant.com\\\/fr\\\/trouver-ou-devenir-distributeur\\\/devenir-distributeur\\\/#breadcrumb\",\"itemListElement\":[{\"@type\":\"ListItem\",\"position\":1,\"name\":\"Accueil\",\"item\":\"https:\\\/\\\/www.elicit-plant.com\\\/fr\\\/\"},{\"@type\":\"ListItem\",\"position\":2,\"name\":\"Trouver ou devenir distributeur\",\"item\":\"https:\\\/\\\/www.elicit-plant.com\\\/fr\\\/trouver-ou-devenir-distributeur\\\/\"},{\"@type\":\"ListItem\",\"position\":3,\"name\":\"Devenir distributeur\"}]},{\"@type\":\"WebSite\",\"@id\":\"https:\\\/\\\/www.elicit-plant.com\\\/fr\\\/#website\",\"url\":\"https:\\\/\\\/www.elicit-plant.com\\\/fr\\\/\",\"name\":\"Elicit Plant France\",\"description\":\"Elicit Plant est experte dans la ma\u00eetrise de l\u2019apport des phytost\u00e9rols sur les cultures en plein champ. En r\u00e9duisant le stress des plantes, cette technologie am\u00e9liore les rendements et pr\u00e9serve les ressources naturelles.\",\"potentialAction\":[{\"@type\":\"SearchAction\",\"target\":{\"@type\":\"EntryPoint\",\"urlTemplate\":\"https:\\\/\\\/www.elicit-plant.com\\\/fr\\\/?s={search_term_string}\"},\"query-input\":{\"@type\":\"PropertyValueSpecification\",\"valueRequired\":true,\"valueName\":\"search_term_string\"}}],\"inLanguage\":\"fr-FR\"}]}<\/script>\n<!-- \/ Yoast SEO plugin. -->","yoast_head_json":{"title":"Rejoindre notre R\u00e9seau de Distribution - Elicit Plant France","description":"Int\u00e9grez notre r\u00e9seau de distributeurs et rejoignez une communaut\u00e9 de professionnels engag\u00e9s pour construire l'agriculture de demain !","robots":{"index":"index","follow":"follow","max-snippet":"max-snippet:-1","max-image-preview":"max-image-preview:large","max-video-preview":"max-video-preview:-1"},"canonical":"https:\/\/www.elicit-plant.com\/fr\/trouver-ou-devenir-distributeur\/devenir-distributeur\/","og_locale":"fr_FR","og_type":"article","og_title":"Rejoindre notre R\u00e9seau de Distribution - Elicit Plant France","og_description":"Int\u00e9grez notre r\u00e9seau de distributeurs et rejoignez une communaut\u00e9 de professionnels engag\u00e9s pour construire l'agriculture de demain !","og_url":"https:\/\/www.elicit-plant.com\/fr\/trouver-ou-devenir-distributeur\/devenir-distributeur\/","og_site_name":"Elicit Plant France","article_modified_time":"2025-01-13T10:22:31+00:00","og_image":[{"width":560,"height":315,"url":"https:\/\/www.elicit-plant.com\/fr\/wp-content\/uploads\/sites\/1\/2024\/09\/Devenir-Distributeur-EP.jpg","type":"image\/jpeg"}],"twitter_card":"summary_large_image","twitter_misc":{"Dur\u00e9e de lecture estim\u00e9e":"1 minute"},"schema":{"@context":"https:\/\/schema.org","@graph":[{"@type":"WebPage","@id":"https:\/\/www.elicit-plant.com\/fr\/trouver-ou-devenir-distributeur\/devenir-distributeur\/","url":"https:\/\/www.elicit-plant.com\/fr\/trouver-ou-devenir-distributeur\/devenir-distributeur\/","name":"Rejoindre notre R\u00e9seau de Distribution - Elicit Plant France","isPartOf":{"@id":"https:\/\/www.elicit-plant.com\/fr\/#website"},"primaryImageOfPage":{"@id":"https:\/\/www.elicit-plant.com\/fr\/trouver-ou-devenir-distributeur\/devenir-distributeur\/#primaryimage"},"image":{"@id":"https:\/\/www.elicit-plant.com\/fr\/trouver-ou-devenir-distributeur\/devenir-distributeur\/#primaryimage"},"thumbnailUrl":"https:\/\/www.elicit-plant.com\/app\/uploads\/sites\/1\/2024\/09\/Devenir-Distributeur-EP.jpg","datePublished":"2024-09-09T09:05:55+00:00","dateModified":"2025-01-13T10:22:31+00:00","description":"Int\u00e9grez notre r\u00e9seau de distributeurs et rejoignez une communaut\u00e9 de professionnels engag\u00e9s pour construire l'agriculture de demain !","breadcrumb":{"@id":"https:\/\/www.elicit-plant.com\/fr\/trouver-ou-devenir-distributeur\/devenir-distributeur\/#breadcrumb"},"inLanguage":"fr-FR","potentialAction":[{"@type":"ReadAction","target":["https:\/\/www.elicit-plant.com\/fr\/trouver-ou-devenir-distributeur\/devenir-distributeur\/"]}]},{"@type":"ImageObject","inLanguage":"fr-FR","@id":"https:\/\/www.elicit-plant.com\/fr\/trouver-ou-devenir-distributeur\/devenir-distributeur\/#primaryimage","url":"https:\/\/www.elicit-plant.com\/app\/uploads\/sites\/1\/2024\/09\/Devenir-Distributeur-EP.jpg","contentUrl":"https:\/\/www.elicit-plant.com\/app\/uploads\/sites\/1\/2024\/09\/Devenir-Distributeur-EP.jpg","width":560,"height":315,"caption":"Distribuer les produits Elicit Plant"},{"@type":"BreadcrumbList","@id":"https:\/\/www.elicit-plant.com\/fr\/trouver-ou-devenir-distributeur\/devenir-distributeur\/#breadcrumb","itemListElement":[{"@type":"ListItem","position":1,"name":"Accueil","item":"https:\/\/www.elicit-plant.com\/fr\/"},{"@type":"ListItem","position":2,"name":"Trouver ou devenir distributeur","item":"https:\/\/www.elicit-plant.com\/fr\/trouver-ou-devenir-distributeur\/"},{"@type":"ListItem","position":3,"name":"Devenir distributeur"}]},{"@type":"WebSite","@id":"https:\/\/www.elicit-plant.com\/fr\/#website","url":"https:\/\/www.elicit-plant.com\/fr\/","name":"Elicit Plant France","description":"Elicit Plant est experte dans la ma\u00eetrise de l\u2019apport des phytost\u00e9rols sur les cultures en plein champ. En r\u00e9duisant le stress des plantes, cette technologie am\u00e9liore les rendements et pr\u00e9serve les ressources naturelles.","potentialAction":[{"@type":"SearchAction","target":{"@type":"EntryPoint","urlTemplate":"https:\/\/www.elicit-plant.com\/fr\/?s={search_term_string}"},"query-input":{"@type":"PropertyValueSpecification","valueRequired":true,"valueName":"search_term_string"}}],"inLanguage":"fr-FR"}]}},"_links":{"self":[{"href":"https:\/\/www.elicit-plant.com\/fr\/wp-json\/wp\/v2\/pages\/5288","targetHints":{"allow":["GET"]}}],"collection":[{"href":"https:\/\/www.elicit-plant.com\/fr\/wp-json\/wp\/v2\/pages"}],"about":[{"href":"https:\/\/www.elicit-plant.com\/fr\/wp-json\/wp\/v2\/types\/page"}],"author":[{"embeddable":true,"href":"https:\/\/www.elicit-plant.com\/fr\/wp-json\/wp\/v2\/users\/6"}],"replies":[{"embeddable":true,"href":"https:\/\/www.elicit-plant.com\/fr\/wp-json\/wp\/v2\/comments?post=5288"}],"version-history":[{"count":6,"href":"https:\/\/www.elicit-plant.com\/fr\/wp-json\/wp\/v2\/pages\/5288\/revisions"}],"predecessor-version":[{"id":6433,"href":"https:\/\/www.elicit-plant.com\/fr\/wp-json\/wp\/v2\/pages\/5288\/revisions\/6433"}],"up":[{"embeddable":true,"href":"https:\/\/www.elicit-plant.com\/fr\/wp-json\/wp\/v2\/pages\/5282"}],"wp:featuredmedia":[{"embeddable":true,"href":"https:\/\/www.elicit-plant.com\/fr\/wp-json\/wp\/v2\/media\/5289"}],"wp:attachment":[{"href":"https:\/\/www.elicit-plant.com\/fr\/wp-json\/wp\/v2\/media?parent=5288"}],"curies":[{"name":"wp","href":"https:\/\/api.w.org\/{rel}","templated":true}]}}