{"id":5305,"date":"2024-09-09T11:42:07","date_gmt":"2024-09-09T09:42:07","guid":{"rendered":"https:\/\/www.elicit-plant.com\/fr\/?page_id=5305"},"modified":"2024-09-09T11:52:07","modified_gmt":"2024-09-09T09:52:07","slug":"distributeurs-pour-autres-cultures","status":"publish","type":"page","link":"https:\/\/www.elicit-plant.com\/fr\/trouver-ou-devenir-distributeur\/distributeurs-pour-autres-cultures\/","title":{"rendered":"Distributeurs pour Autres cultures"},"content":{"rendered":"<section class=\"cbo-hero cbo-margin-container hero--colorblue\" data-anim-group>\n\t<div class=\"cbo-breadcrumbs breadcrumbs--normal\">\n  <div class=\"breadcrumbs-inner\">\n    <span><span><a href=\"https:\/\/www.elicit-plant.com\/fr\/\">Accueil<\/a><\/span><\/span>\t<\/div>\n<\/div>\n\t<div class=\"hero-inner cbo-container container--padding\">\n\n\t\t<div class=\"hero-shapes\">\n\t\t\t<div class=\"shapes-color scale-up\"><\/div>\n\n\t\t\t<div class=\"shapes-picture cbo-picture-cover scale-up\"  data-delay=\"450\">\n\t\t\t\t<img decoding=\"async\" src=\"https:\/\/www.elicit-plant.com\/app\/uploads\/sites\/1\/2024\/09\/Developper-Autres-Cultures-Elicit-Plant-320x180.jpg\" srcset=\"https:\/\/www.elicit-plant.com\/app\/uploads\/sites\/1\/2024\/09\/Developper-Autres-Cultures-Elicit-Plant-320x180.jpg 320w, https:\/\/www.elicit-plant.com\/app\/uploads\/sites\/1\/2024\/09\/Developper-Autres-Cultures-Elicit-Plant.jpg 768w\" class=\"\" alt=\"\" width=\"320\" height=\"180\" sizes=\"auto, 100vw\" loading=\"lazy\" \/>\t\t\t<\/div>\n\t\t<\/div>\n\n\t\t<div class=\"hero-content cbo-cms cms--large cms--white\">\n\t\t\t<div class=\"content-text\">\n\t\t\t\t<h1 class=\"hero-title cbo-heading slide-down\">\n\t\t\t\t\tVous avez des besoins pour d&rsquo;autres cultures ?\t\t\t\t<\/h1>\n\n\t\t\t\t\t\t\t\t\t<p class=\"fade-in\" data-delay=\"450\">\n\t\t\t\t\t\tEn savoir plus sur les prochaines cultures adress\u00e9es par nos solutions\t\t\t\t\t<\/p>\n\t\t\t\t\t\t\t<\/div>\n\t\t<\/div>\n\n\t<\/div>\n<\/section>\n\n<section class=\"cbo-text cbo-margin-container\">\n    <div class=\"\n        text-inner\n                cbo-container\n        container--small        \"\n    >\n        <div class=\"text-content cbo-cms cms--large\">\n            <h3>Travaillons ensemble pour trouver des solutions contre le stress hydrique<\/h3>\n<p>Chez Elicit Plant, nous sommes constamment \u00e0 la recherche de nouvelles opportunit\u00e9s pour aider les agriculteurs du monde entier \u00e0 faire face au probl\u00e9matiques climatiques et s\u00e9curiser leurs rendements.<\/p>\n<p>A la pointe de la recherche, nos \u00e9quipes travaillent sur de nouveaux produits pour adresser les cultures sujettes au stress hydrique. Vous voulez en savoir plus sur les prochaines sorties ou devenir un agriculteur pilote pour tester nos solutions en avant premi\u00e8re ? Discutons en ensemble !<\/p>\n<p>Pour se faire, veuillez remplir le formulaire ci-dessous en <span style=\"text-decoration: underline;\">sp\u00e9cifiant votre besoin<\/span>.<\/p>\n<p>Nous reviendrons vers vous dans les plus brefs d\u00e9lais.<\/p>\n\n            <div style=\"clear: both;\"><\/div>\n        <\/div>\n    <\/div>\n<\/section>\n\n\n<section class=\"cbo-textproduct textproduct--normal\">\n    <div class=\"textproduct-inner cbo-container\">\n\n        <div class=\"textproduct-picture\">\n                            <div class=\"picture-product cbo-picture-contain slide-right\">\n                    <img decoding=\"async\" src=\"https:\/\/www.elicit-plant.com\/app\/uploads\/sites\/1\/2024\/09\/Scientifique-travaillant-sur-le-stress-hydrique-570x768.png\" srcset=\"https:\/\/www.elicit-plant.com\/app\/uploads\/sites\/1\/2024\/09\/Scientifique-travaillant-sur-le-stress-hydrique-237x320.png 320w, https:\/\/www.elicit-plant.com\/app\/uploads\/sites\/1\/2024\/09\/Scientifique-travaillant-sur-le-stress-hydrique-570x768.png 768w, https:\/\/www.elicit-plant.com\/app\/uploads\/sites\/1\/2024\/09\/Scientifique-travaillant-sur-le-stress-hydrique-760x1024.png 1024w\" class=\"\" alt=\"Scientifique travaillant sur le stress hydrique\" width=\"570\" height=\"768\" sizes=\"auto, 100vw\" loading=\"lazy\" \/>                <\/div>\n                        <div class=\"picture-inner cbo-picture-cover\">\n                <img decoding=\"async\" src=\"https:\/\/www.elicit-plant.com\/app\/uploads\/sites\/1\/2023\/08\/Phytosterols-multiples-320x320.png\" srcset=\"https:\/\/www.elicit-plant.com\/app\/uploads\/sites\/1\/2023\/08\/Phytosterols-multiples-320x320.png 320w, https:\/\/www.elicit-plant.com\/app\/uploads\/sites\/1\/2023\/08\/Phytosterols-multiples-768x768.png 768w, https:\/\/www.elicit-plant.com\/app\/uploads\/sites\/1\/2023\/08\/Phytosterols-multiples-1024x1024.png 1024w\" class=\"\" alt=\"\" width=\"320\" height=\"320\" sizes=\"auto, 100vw\" loading=\"lazy\" \/>            <\/div>\n        <\/div>\n\n        <div class=\"textproduct-content cbo-cms cms--large\">\n                            <span class=\"content-uptitle\">\n                    <p style=\"font-size:130%;\">Le stress hydrique impacte vos cultures ?<\/p>                <\/span>\n            \n                            <h2 class=\"content-title cbo-title-2\">\n                    Avan\u00e7ons ensemble vers de nouvelles solutions !                <\/h2>\n             \n            <p><script charset=\"utf-8\" type=\"text\/javascript\" src=\"\/\/js-eu1.hsforms.net\/forms\/embed\/v2.js\"><\/script><br \/>\n<script>\n  hbspt.forms.create({\n    region: \"eu1\",\n    portalId: \"143801506\",\n    formId: \"33460cfc-5707-4363-a31d-5a99df5e7687\"\n  });\n<\/script><\/p>\n        <\/div>\n\n    <\/div>\n<\/section>\n\n<section class=\"cbo-productpush\">\n\t<div class=\"productpush-inner cbo-container container--padding\">\n\n\t\t\t\t<h2 class=\"productpush-title\">\n\t\t\tD\u00e9couvrez notre gamme contre le stress hydrique\t\t<\/h2>\n\t\t\n\t\t<div class=\"productpush-list\">\n\t\t\t\t\t\t<div class=\"list-el\">\n\t\t\t\t<a href=\"https:\/\/www.elicit-plant.com\/fr\/produits\/best-a-mais\/\" class=\"cbo-product product--orange\">\n\t<span class=\"product-picture\">\n\t\t<span class=\"picture-background cbo-picture-cover\">\n\t\t\t<img decoding=\"async\" src=\"https:\/\/www.elicit-plant.com\/app\/uploads\/sites\/1\/2023\/07\/img-produit-background-pattern_mais@2x-317x320.png\" srcset=\"https:\/\/www.elicit-plant.com\/app\/uploads\/sites\/1\/2023\/07\/img-produit-background-pattern_mais@2x.png 768w, https:\/\/www.elicit-plant.com\/app\/uploads\/sites\/1\/2023\/07\/img-produit-background-pattern_mais@2x.png 1024w\" class=\"\" alt=\"Fond orange ma\u00efs\" width=\"317\" height=\"320\" sizes=\"auto, 100vw\" loading=\"lazy\" \/>\t\t<\/span>\n\t\t<span class=\"picture-thumbnail cbo-picture-contain\">\n\t\t\t<img decoding=\"async\" src=\"https:\/\/www.elicit-plant.com\/app\/uploads\/sites\/1\/2023\/07\/Best-a-bayer-biais-570x768.png\"  sizes=\"100vw\" class=\"\" alt=\"Best-a Bayer Ma\u00efs\"  loading=\"lazy\" \/>\t\t<\/span>\n\t<\/span>\n\t<h3 class=\"product-title cbo-title-4\">\n\t\tBest-a : Ma\u00efs\t<\/h3>\n<\/a>\t\t\t<\/div>\n\t\t\t\t\t\t<div class=\"list-el\">\n\t\t\t\t<a href=\"https:\/\/www.elicit-plant.com\/fr\/produits\/eligrain-a-cereales\/\" class=\"cbo-product product--yellow\">\n\t<span class=\"product-picture\">\n\t\t<span class=\"picture-background cbo-picture-cover\">\n\t\t\t<img decoding=\"async\" src=\"https:\/\/www.elicit-plant.com\/app\/uploads\/sites\/1\/2023\/07\/img-produit-background-pattern_ble@2x-315x320.png\" srcset=\"https:\/\/www.elicit-plant.com\/app\/uploads\/sites\/1\/2023\/07\/img-produit-background-pattern_ble@2x.png 768w, https:\/\/www.elicit-plant.com\/app\/uploads\/sites\/1\/2023\/07\/img-produit-background-pattern_ble@2x.png 1024w\" class=\"\" alt=\"Fond jaune C\u00e9r\u00e9ales\" width=\"315\" height=\"320\" sizes=\"auto, 100vw\" loading=\"lazy\" \/>\t\t<\/span>\n\t\t<span class=\"picture-thumbnail cbo-picture-contain\">\n\t\t\t<img decoding=\"async\" src=\"https:\/\/www.elicit-plant.com\/app\/uploads\/sites\/1\/2023\/07\/EliGrain-biais-2.png\"  sizes=\"100vw\" class=\"\" alt=\"EliGrain-a C\u00e9r\u00e9ales\"  loading=\"lazy\" \/>\t\t<\/span>\n\t<\/span>\n\t<h3 class=\"product-title cbo-title-4\">\n\t\tEliGrain-a : Orge\t<\/h3>\n<\/a>\t\t\t<\/div>\n\t\t\t\t\t\t<div class=\"list-el\">\n\t\t\t\t<a href=\"https:\/\/www.elicit-plant.com\/fr\/produits\/elisun-a-tournesol\/\" class=\"cbo-product product--brown\">\n\t<span class=\"product-picture\">\n\t\t<span class=\"picture-background cbo-picture-cover\">\n\t\t\t<img decoding=\"async\" src=\"https:\/\/www.elicit-plant.com\/app\/uploads\/sites\/1\/2023\/07\/img-produit-background-pattern_tournesol@2x-316x320.png\" srcset=\"https:\/\/www.elicit-plant.com\/app\/uploads\/sites\/1\/2023\/07\/img-produit-background-pattern_tournesol@2x.png 768w, https:\/\/www.elicit-plant.com\/app\/uploads\/sites\/1\/2023\/07\/img-produit-background-pattern_tournesol@2x.png 1024w\" class=\"\" alt=\"Fond marron Tournesol\" width=\"316\" height=\"320\" sizes=\"auto, 100vw\" loading=\"lazy\" \/>\t\t<\/span>\n\t\t<span class=\"picture-thumbnail cbo-picture-contain\">\n\t\t\t<img decoding=\"async\" src=\"https:\/\/www.elicit-plant.com\/app\/uploads\/sites\/1\/2023\/07\/EliSun-biais-570x768.png\"  sizes=\"100vw\" class=\"\" alt=\"EliSun-a Tournesol\"  loading=\"lazy\" \/>\t\t<\/span>\n\t<\/span>\n\t<h3 class=\"product-title cbo-title-4\">\n\t\tEliSun-a : Tournesol\t<\/h3>\n<\/a>\t\t\t<\/div>\n\t\t\t\t\t<\/div>\n\n\t<\/div>\n<\/section>","protected":false},"excerpt":{"rendered":"<p>Travaillons ensemble pour trouver des solutions contre le stress hydrique Chez Elicit Plant, nous sommes constamment \u00e0 la recherche de nouvelles opportunit\u00e9s pour aider les agriculteurs du monde entier \u00e0 faire face au probl\u00e9matiques climatiques et s\u00e9curiser leurs rendements. A la pointe de la recherche, nos \u00e9quipes travaillent sur de nouveaux produits pour adresser les cultures sujettes au stress hydrique. Vous voulez en savoir plus sur les prochaines sorties ou devenir un agriculteur pilote pour tester nos solutions en avant premi\u00e8re ? Discutons en ensemble ! Pour se faire, veuillez remplir le formulaire ci-dessous en sp\u00e9cifiant votre besoin. Nous reviendrons vers vous dans les plus brefs d\u00e9lais.<\/p>\n","protected":false},"author":6,"featured_media":5293,"parent":5282,"menu_order":0,"comment_status":"closed","ping_status":"closed","template":"","meta":{"_acf_changed":false,"footnotes":""},"class_list":["post-5305","page","type-page","status-publish","has-post-thumbnail","hentry"],"acf":[],"yoast_head":"<!-- This site is optimized with the Yoast SEO plugin v27.2 - https:\/\/yoast.com\/product\/yoast-seo-wordpress\/ -->\n<title>Trouvons de Nouvelles Solutions contre le Stress Hydrique - Elicit Plant France<\/title>\n<meta name=\"description\" content=\"Int\u00e9ress\u00e9 par nos solutions ou par un test en avant-premi\u00e8re ? Remplissez le formulaire, nous vous contacterons rapidement.\" \/>\n<meta name=\"robots\" content=\"index, follow, max-snippet:-1, max-image-preview:large, max-video-preview:-1\" \/>\n<link rel=\"canonical\" href=\"https:\/\/www.elicit-plant.com\/fr\/trouver-ou-devenir-distributeur\/distributeurs-pour-autres-cultures\/\" \/>\n<meta property=\"og:locale\" content=\"fr_FR\" \/>\n<meta property=\"og:type\" content=\"article\" \/>\n<meta property=\"og:title\" content=\"Trouvons de Nouvelles Solutions contre le Stress Hydrique - Elicit Plant France\" \/>\n<meta property=\"og:description\" content=\"Int\u00e9ress\u00e9 par nos solutions ou par un test en avant-premi\u00e8re ? Remplissez le formulaire, nous vous contacterons rapidement.\" \/>\n<meta property=\"og:url\" content=\"https:\/\/www.elicit-plant.com\/fr\/trouver-ou-devenir-distributeur\/distributeurs-pour-autres-cultures\/\" \/>\n<meta property=\"og:site_name\" content=\"Elicit Plant France\" \/>\n<meta property=\"article:modified_time\" content=\"2024-09-09T09:52:07+00:00\" \/>\n<meta property=\"og:image\" content=\"https:\/\/www.elicit-plant.com\/fr\/wp-content\/uploads\/sites\/1\/2024\/09\/Developper-Autres-Cultures-Elicit-Plant.jpg\" \/>\n\t<meta property=\"og:image:width\" content=\"560\" \/>\n\t<meta property=\"og:image:height\" content=\"315\" \/>\n\t<meta property=\"og:image:type\" content=\"image\/jpeg\" \/>\n<meta name=\"twitter:card\" content=\"summary_large_image\" \/>\n<meta name=\"twitter:label1\" content=\"Dur\u00e9e de lecture estim\u00e9e\" \/>\n\t<meta name=\"twitter:data1\" content=\"1 minute\" \/>\n<script type=\"application\/ld+json\" class=\"yoast-schema-graph\">{\"@context\":\"https:\/\/schema.org\",\"@graph\":[{\"@type\":\"WebPage\",\"@id\":\"https:\/\/www.elicit-plant.com\/fr\/trouver-ou-devenir-distributeur\/distributeurs-pour-autres-cultures\/\",\"url\":\"https:\/\/www.elicit-plant.com\/fr\/trouver-ou-devenir-distributeur\/distributeurs-pour-autres-cultures\/\",\"name\":\"Trouvons de Nouvelles Solutions contre le Stress Hydrique - Elicit Plant France\",\"isPartOf\":{\"@id\":\"https:\/\/www.elicit-plant.com\/fr\/#website\"},\"primaryImageOfPage\":{\"@id\":\"https:\/\/www.elicit-plant.com\/fr\/trouver-ou-devenir-distributeur\/distributeurs-pour-autres-cultures\/#primaryimage\"},\"image\":{\"@id\":\"https:\/\/www.elicit-plant.com\/fr\/trouver-ou-devenir-distributeur\/distributeurs-pour-autres-cultures\/#primaryimage\"},\"thumbnailUrl\":\"https:\/\/www.elicit-plant.com\/app\/uploads\/sites\/1\/2024\/09\/Developper-Autres-Cultures-Elicit-Plant.jpg\",\"datePublished\":\"2024-09-09T09:42:07+00:00\",\"dateModified\":\"2024-09-09T09:52:07+00:00\",\"description\":\"Int\u00e9ress\u00e9 par nos solutions ou par un test en avant-premi\u00e8re ? Remplissez le formulaire, nous vous contacterons rapidement.\",\"breadcrumb\":{\"@id\":\"https:\/\/www.elicit-plant.com\/fr\/trouver-ou-devenir-distributeur\/distributeurs-pour-autres-cultures\/#breadcrumb\"},\"inLanguage\":\"fr-FR\",\"potentialAction\":[{\"@type\":\"ReadAction\",\"target\":[\"https:\/\/www.elicit-plant.com\/fr\/trouver-ou-devenir-distributeur\/distributeurs-pour-autres-cultures\/\"]}]},{\"@type\":\"ImageObject\",\"inLanguage\":\"fr-FR\",\"@id\":\"https:\/\/www.elicit-plant.com\/fr\/trouver-ou-devenir-distributeur\/distributeurs-pour-autres-cultures\/#primaryimage\",\"url\":\"https:\/\/www.elicit-plant.com\/app\/uploads\/sites\/1\/2024\/09\/Developper-Autres-Cultures-Elicit-Plant.jpg\",\"contentUrl\":\"https:\/\/www.elicit-plant.com\/app\/uploads\/sites\/1\/2024\/09\/Developper-Autres-Cultures-Elicit-Plant.jpg\",\"width\":560,\"height\":315},{\"@type\":\"BreadcrumbList\",\"@id\":\"https:\/\/www.elicit-plant.com\/fr\/trouver-ou-devenir-distributeur\/distributeurs-pour-autres-cultures\/#breadcrumb\",\"itemListElement\":[{\"@type\":\"ListItem\",\"position\":1,\"name\":\"Accueil\",\"item\":\"https:\/\/www.elicit-plant.com\/fr\/\"},{\"@type\":\"ListItem\",\"position\":2,\"name\":\"Trouver ou devenir distributeur\",\"item\":\"https:\/\/www.elicit-plant.com\/fr\/trouver-ou-devenir-distributeur\/\"},{\"@type\":\"ListItem\",\"position\":3,\"name\":\"Distributeurs pour Autres cultures\"}]},{\"@type\":\"WebSite\",\"@id\":\"https:\/\/www.elicit-plant.com\/fr\/#website\",\"url\":\"https:\/\/www.elicit-plant.com\/fr\/\",\"name\":\"Elicit Plant France\",\"description\":\"Elicit Plant est experte dans la ma\u00eetrise de l\u2019apport des phytost\u00e9rols sur les cultures en plein champ. En r\u00e9duisant le stress des plantes, cette technologie am\u00e9liore les rendements et pr\u00e9serve les ressources naturelles.\",\"potentialAction\":[{\"@type\":\"SearchAction\",\"target\":{\"@type\":\"EntryPoint\",\"urlTemplate\":\"https:\/\/www.elicit-plant.com\/fr\/?s={search_term_string}\"},\"query-input\":{\"@type\":\"PropertyValueSpecification\",\"valueRequired\":true,\"valueName\":\"search_term_string\"}}],\"inLanguage\":\"fr-FR\"}]}<\/script>\n<!-- \/ Yoast SEO plugin. -->","yoast_head_json":{"title":"Trouvons de Nouvelles Solutions contre le Stress Hydrique - Elicit Plant France","description":"Int\u00e9ress\u00e9 par nos solutions ou par un test en avant-premi\u00e8re ? Remplissez le formulaire, nous vous contacterons rapidement.","robots":{"index":"index","follow":"follow","max-snippet":"max-snippet:-1","max-image-preview":"max-image-preview:large","max-video-preview":"max-video-preview:-1"},"canonical":"https:\/\/www.elicit-plant.com\/fr\/trouver-ou-devenir-distributeur\/distributeurs-pour-autres-cultures\/","og_locale":"fr_FR","og_type":"article","og_title":"Trouvons de Nouvelles Solutions contre le Stress Hydrique - Elicit Plant France","og_description":"Int\u00e9ress\u00e9 par nos solutions ou par un test en avant-premi\u00e8re ? Remplissez le formulaire, nous vous contacterons rapidement.","og_url":"https:\/\/www.elicit-plant.com\/fr\/trouver-ou-devenir-distributeur\/distributeurs-pour-autres-cultures\/","og_site_name":"Elicit Plant France","article_modified_time":"2024-09-09T09:52:07+00:00","og_image":[{"width":560,"height":315,"url":"https:\/\/www.elicit-plant.com\/fr\/wp-content\/uploads\/sites\/1\/2024\/09\/Developper-Autres-Cultures-Elicit-Plant.jpg","type":"image\/jpeg"}],"twitter_card":"summary_large_image","twitter_misc":{"Dur\u00e9e de lecture estim\u00e9e":"1 minute"},"schema":{"@context":"https:\/\/schema.org","@graph":[{"@type":"WebPage","@id":"https:\/\/www.elicit-plant.com\/fr\/trouver-ou-devenir-distributeur\/distributeurs-pour-autres-cultures\/","url":"https:\/\/www.elicit-plant.com\/fr\/trouver-ou-devenir-distributeur\/distributeurs-pour-autres-cultures\/","name":"Trouvons de Nouvelles Solutions contre le Stress Hydrique - Elicit Plant France","isPartOf":{"@id":"https:\/\/www.elicit-plant.com\/fr\/#website"},"primaryImageOfPage":{"@id":"https:\/\/www.elicit-plant.com\/fr\/trouver-ou-devenir-distributeur\/distributeurs-pour-autres-cultures\/#primaryimage"},"image":{"@id":"https:\/\/www.elicit-plant.com\/fr\/trouver-ou-devenir-distributeur\/distributeurs-pour-autres-cultures\/#primaryimage"},"thumbnailUrl":"https:\/\/www.elicit-plant.com\/app\/uploads\/sites\/1\/2024\/09\/Developper-Autres-Cultures-Elicit-Plant.jpg","datePublished":"2024-09-09T09:42:07+00:00","dateModified":"2024-09-09T09:52:07+00:00","description":"Int\u00e9ress\u00e9 par nos solutions ou par un test en avant-premi\u00e8re ? Remplissez le formulaire, nous vous contacterons rapidement.","breadcrumb":{"@id":"https:\/\/www.elicit-plant.com\/fr\/trouver-ou-devenir-distributeur\/distributeurs-pour-autres-cultures\/#breadcrumb"},"inLanguage":"fr-FR","potentialAction":[{"@type":"ReadAction","target":["https:\/\/www.elicit-plant.com\/fr\/trouver-ou-devenir-distributeur\/distributeurs-pour-autres-cultures\/"]}]},{"@type":"ImageObject","inLanguage":"fr-FR","@id":"https:\/\/www.elicit-plant.com\/fr\/trouver-ou-devenir-distributeur\/distributeurs-pour-autres-cultures\/#primaryimage","url":"https:\/\/www.elicit-plant.com\/app\/uploads\/sites\/1\/2024\/09\/Developper-Autres-Cultures-Elicit-Plant.jpg","contentUrl":"https:\/\/www.elicit-plant.com\/app\/uploads\/sites\/1\/2024\/09\/Developper-Autres-Cultures-Elicit-Plant.jpg","width":560,"height":315},{"@type":"BreadcrumbList","@id":"https:\/\/www.elicit-plant.com\/fr\/trouver-ou-devenir-distributeur\/distributeurs-pour-autres-cultures\/#breadcrumb","itemListElement":[{"@type":"ListItem","position":1,"name":"Accueil","item":"https:\/\/www.elicit-plant.com\/fr\/"},{"@type":"ListItem","position":2,"name":"Trouver ou devenir distributeur","item":"https:\/\/www.elicit-plant.com\/fr\/trouver-ou-devenir-distributeur\/"},{"@type":"ListItem","position":3,"name":"Distributeurs pour Autres cultures"}]},{"@type":"WebSite","@id":"https:\/\/www.elicit-plant.com\/fr\/#website","url":"https:\/\/www.elicit-plant.com\/fr\/","name":"Elicit Plant France","description":"Elicit Plant est experte dans la ma\u00eetrise de l\u2019apport des phytost\u00e9rols sur les cultures en plein champ. En r\u00e9duisant le stress des plantes, cette technologie am\u00e9liore les rendements et pr\u00e9serve les ressources naturelles.","potentialAction":[{"@type":"SearchAction","target":{"@type":"EntryPoint","urlTemplate":"https:\/\/www.elicit-plant.com\/fr\/?s={search_term_string}"},"query-input":{"@type":"PropertyValueSpecification","valueRequired":true,"valueName":"search_term_string"}}],"inLanguage":"fr-FR"}]}},"_links":{"self":[{"href":"https:\/\/www.elicit-plant.com\/fr\/wp-json\/wp\/v2\/pages\/5305","targetHints":{"allow":["GET"]}}],"collection":[{"href":"https:\/\/www.elicit-plant.com\/fr\/wp-json\/wp\/v2\/pages"}],"about":[{"href":"https:\/\/www.elicit-plant.com\/fr\/wp-json\/wp\/v2\/types\/page"}],"author":[{"embeddable":true,"href":"https:\/\/www.elicit-plant.com\/fr\/wp-json\/wp\/v2\/users\/6"}],"replies":[{"embeddable":true,"href":"https:\/\/www.elicit-plant.com\/fr\/wp-json\/wp\/v2\/comments?post=5305"}],"version-history":[{"count":2,"href":"https:\/\/www.elicit-plant.com\/fr\/wp-json\/wp\/v2\/pages\/5305\/revisions"}],"predecessor-version":[{"id":5314,"href":"https:\/\/www.elicit-plant.com\/fr\/wp-json\/wp\/v2\/pages\/5305\/revisions\/5314"}],"up":[{"embeddable":true,"href":"https:\/\/www.elicit-plant.com\/fr\/wp-json\/wp\/v2\/pages\/5282"}],"wp:featuredmedia":[{"embeddable":true,"href":"https:\/\/www.elicit-plant.com\/fr\/wp-json\/wp\/v2\/media\/5293"}],"wp:attachment":[{"href":"https:\/\/www.elicit-plant.com\/fr\/wp-json\/wp\/v2\/media?parent=5305"}],"curies":[{"name":"wp","href":"https:\/\/api.w.org\/{rel}","templated":true}]}}