{"id":6498,"date":"2025-12-08T11:07:22","date_gmt":"2025-12-08T10:07:22","guid":{"rendered":"https:\/\/www.elicit-plant.com\/fr\/?page_id=6498"},"modified":"2025-12-08T11:17:32","modified_gmt":"2025-12-08T10:17:32","slug":"lenjeu-climatique-special-journee-mondiale-du-climat","status":"publish","type":"page","link":"https:\/\/www.elicit-plant.com\/fr\/le-stress-hydrique\/lenjeu-climatique-special-journee-mondiale-du-climat\/","title":{"rendered":"L&rsquo;ENJEU CLIMATIQUE sp\u00e9cial : Journ\u00e9e Mondiale du Climat"},"content":{"rendered":"<section class=\"cbo-hero cbo-margin-container hero--colorblue\" data-anim-group>\n\t<div class=\"cbo-breadcrumbs breadcrumbs--normal\">\n  <div class=\"breadcrumbs-inner\">\n    <span><span><a href=\"https:\/\/www.elicit-plant.com\/fr\/\">Accueil<\/a><\/span><\/span>\t<\/div>\n<\/div>\n\t<div class=\"hero-inner cbo-container container--padding\">\n\n\t\t<div class=\"hero-shapes\">\n\t\t\t<div class=\"shapes-color scale-up\"><\/div>\n\n\t\t\t<div class=\"shapes-picture cbo-picture-cover scale-up\"  data-delay=\"450\">\n\t\t\t\t<img decoding=\"async\" src=\"https:\/\/www.elicit-plant.com\/app\/uploads\/sites\/1\/2025\/12\/Stress-Hydrique-Mais-320x320.jpg\" srcset=\"https:\/\/www.elicit-plant.com\/app\/uploads\/sites\/1\/2025\/12\/Stress-Hydrique-Mais-320x320.jpg 320w, https:\/\/www.elicit-plant.com\/app\/uploads\/sites\/1\/2025\/12\/Stress-Hydrique-Mais.jpg 768w\" class=\"\" alt=\"\" width=\"320\" height=\"320\" sizes=\"auto, 100vw\" loading=\"lazy\" \/>\t\t\t<\/div>\n\t\t<\/div>\n\n\t\t<div class=\"hero-content cbo-cms cms--large cms--white\">\n\t\t\t<div class=\"content-text\">\n\t\t\t\t<h1 class=\"hero-title cbo-heading slide-down\">\n\t\t\t\t\tL\u2019enjeu climatique &#8211; Sp\u00e9cial Journ\u00e9e mondiale du climat\t\t\t\t<\/h1>\n\n\t\t\t\t\t\t\t<\/div>\n\t\t<\/div>\n\n\t<\/div>\n<\/section>\n\n<section class=\"cbo-text cbo-margin-container\">\n    <div class=\"\n        text-inner\n                cbo-container\n        container--small        \"\n    >\n        <div class=\"text-content cbo-cms cms--large\">\n            <h2 style=\"text-align: center;\"><strong>T\u00e9l\u00e9chargez gratuitement<\/strong> notre magazine sur la <strong>Journ\u00e9e mondiale du climat<\/strong><\/h2>\n<p style=\"text-align: center;\">Le climat change, les cycles s\u2019acc\u00e9l\u00e8rent et l\u2019agriculture se retrouve en premi\u00e8re ligne face \u00e0 des conditions de plus en plus extr\u00eames. \u00c0 l\u2019occasion de la Journ\u00e9e mondiale du climat, Elicit Plant met \u00e0 disposition un magazine complet pour comprendre les impacts du d\u00e9r\u00e8glement climatique sur les cultures et d\u00e9couvrir les leviers d\u2019adaptation d\u00e9j\u00e0 \u00e0 l\u2019\u0153uvre dans les grandes cultures.<\/p>\n\n            <div style=\"clear: both;\"><\/div>\n        <\/div>\n    <\/div>\n<\/section>\n\n\n<section class=\"cbo-textproduct textproduct--reverse\">\n    <div class=\"textproduct-inner cbo-container\">\n\n        <div class=\"textproduct-picture\">\n                            <div class=\"picture-product cbo-picture-contain slide-right\">\n                    <img decoding=\"async\" src=\"https:\/\/www.elicit-plant.com\/app\/uploads\/sites\/1\/2025\/12\/Magazine-lenjeu-climatique.png\" srcset=\"https:\/\/www.elicit-plant.com\/app\/uploads\/sites\/1\/2025\/12\/Magazine-lenjeu-climatique-237x320.png 320w, https:\/\/www.elicit-plant.com\/app\/uploads\/sites\/1\/2025\/12\/Magazine-lenjeu-climatique.png 768w, https:\/\/www.elicit-plant.com\/app\/uploads\/sites\/1\/2025\/12\/Magazine-lenjeu-climatique.png 1024w\" class=\"\" alt=\"Magazine l&#039;enjeu climatique - journ\u00e9e mondiale du climat\" width=\"371\" height=\"500\" sizes=\"auto, 100vw\" loading=\"lazy\" \/>                <\/div>\n                        <div class=\"picture-inner cbo-picture-cover\">\n                <img decoding=\"async\" src=\"https:\/\/www.elicit-plant.com\/app\/uploads\/sites\/1\/2025\/12\/Stress-Hydrique-Mais-320x320.jpg\" srcset=\"https:\/\/www.elicit-plant.com\/app\/uploads\/sites\/1\/2025\/12\/Stress-Hydrique-Mais-320x320.jpg 320w, https:\/\/www.elicit-plant.com\/app\/uploads\/sites\/1\/2025\/12\/Stress-Hydrique-Mais.jpg 768w, https:\/\/www.elicit-plant.com\/app\/uploads\/sites\/1\/2025\/12\/Stress-Hydrique-Mais.jpg 1024w\" class=\"\" alt=\"Stress hydrique du ma\u00efs\" width=\"320\" height=\"320\" sizes=\"auto, 100vw\" loading=\"lazy\" \/>            <\/div>\n        <\/div>\n\n        <div class=\"textproduct-content cbo-cms cms--large\">\n            \n            \n            <h3>Sommaire :<\/h3>\n<ul>\n<li>Des \u00e9quilibres agricoles boulevers\u00e9s<\/li>\n<li>Le stress hydrique, principal d\u00e9fi des prochaines ann\u00e9es<\/li>\n<li>L\u2019innovation, une cl\u00e9 de l\u2019adaptation<\/li>\n<li>La contribution d\u2019Elicit Plant<\/li>\n<li>La preuve par les faits : retour d\u2019exp\u00e9rience en Ukraine<\/li>\n<\/ul>\n<p><script charset=\"utf-8\" type=\"text\/javascript\" src=\"\/\/js-eu1.hsforms.net\/forms\/embed\/v2.js\"><\/script><br \/>\n<script>\n  hbspt.forms.create({\n    portalId: \"143801506\",\n    formId: \"c229050f-0a0e-48bc-bc4d-080528f98c27\",\n    region: \"eu1\"\n  });\n<\/script><\/p>\n        <\/div>\n\n    <\/div>\n<\/section>\n\n<section class=\"cbo-text cbo-margin-container\">\n    <div class=\"\n        text-inner\n                cbo-container\n        container--small        \"\n    >\n        <div class=\"text-content cbo-cms cms--large\">\n            <div style=\"background-color: #f3f3f3; padding: 50px; border-top-right-radius: 50px; border-bottom-left-radius: 50px; text-align: left;\">\n<p>Nous avons \u00e9galement cr\u00e9\u00e9 un <a href=\"https:\/\/www.elicit-plant.com\/fr\/le-stress-hydrique-en-agriculture\/\">guide complet d\u00e9di\u00e9 au stress hydrique en agriculture<\/a> pour vous offrir une ressource essentielle sur ce sujet strat\u00e9gique. Ce guide rassemble tout ce qu\u2019il faut savoir pour comprendre les enjeux li\u00e9s au manque d\u2019eau et mieux appr\u00e9hender ses impacts. Des causes aux cons\u00e9quences, en passant par les zones les plus touch\u00e9es et les solutions disponibles, chaque aspect est abord\u00e9 pour vous accompagner dans la gestion de ce d\u00e9fi. Explorez nos contenus interconnect\u00e9s pour d\u00e9couvrir des conseils pratiques et des r\u00e9ponses concr\u00e8tes face au stress hydrique en agriculture.<\/p>\n<p style=\"text-align: center;\"><a class=\"cbo-button\" href=\"https:\/\/www.elicit-plant.com\/fr\/le-stress-hydrique-en-agriculture\/\">Voir le guide sur le stress hydrique en agriculture<\/a><\/p>\n<div><\/div>\n<\/div>\n\n            <div style=\"clear: both;\"><\/div>\n        <\/div>\n    <\/div>\n<\/section>\n\n\n<section class=\"cbo-productpush\">\n\t<div class=\"productpush-inner cbo-container container--padding\">\n\n\t\t\t\t<h2 class=\"productpush-title\">\n\t\t\tLe stress hydrique affecte vos cultures ? D\u00e9couvrez nos solutions !\t\t<\/h2>\n\t\t\n\t\t<div class=\"productpush-list\">\n\t\t\t\t\t\t<div class=\"list-el\">\n\t\t\t\t<a href=\"https:\/\/www.elicit-plant.com\/fr\/produits\/best-a-mais\/\" class=\"cbo-product product--orange\">\n\t<span class=\"product-picture\">\n\t\t<span class=\"picture-background cbo-picture-cover\">\n\t\t\t<img decoding=\"async\" src=\"https:\/\/www.elicit-plant.com\/app\/uploads\/sites\/1\/2023\/07\/img-produit-background-pattern_mais@2x-317x320.png\" srcset=\"https:\/\/www.elicit-plant.com\/app\/uploads\/sites\/1\/2023\/07\/img-produit-background-pattern_mais@2x.png 768w, https:\/\/www.elicit-plant.com\/app\/uploads\/sites\/1\/2023\/07\/img-produit-background-pattern_mais@2x.png 1024w\" class=\"\" alt=\"Fond orange ma\u00efs\" width=\"317\" height=\"320\" sizes=\"auto, 100vw\" loading=\"lazy\" \/>\t\t<\/span>\n\t\t<span class=\"picture-thumbnail cbo-picture-contain\">\n\t\t\t<img decoding=\"async\" src=\"https:\/\/www.elicit-plant.com\/app\/uploads\/sites\/1\/2023\/07\/Best-a-bayer-biais-570x768.png\"  sizes=\"100vw\" class=\"\" alt=\"Best-a Bayer Ma\u00efs\"  loading=\"lazy\" \/>\t\t<\/span>\n\t<\/span>\n\t<h3 class=\"product-title cbo-title-4\">\n\t\tBest-a : Ma\u00efs\t<\/h3>\n<\/a>\t\t\t<\/div>\n\t\t\t\t\t\t<div class=\"list-el\">\n\t\t\t\t<a href=\"https:\/\/www.elicit-plant.com\/fr\/produits\/eligrain-a-cereales\/\" class=\"cbo-product product--yellow\">\n\t<span class=\"product-picture\">\n\t\t<span class=\"picture-background cbo-picture-cover\">\n\t\t\t<img decoding=\"async\" src=\"https:\/\/www.elicit-plant.com\/app\/uploads\/sites\/1\/2023\/07\/img-produit-background-pattern_ble@2x-315x320.png\" srcset=\"https:\/\/www.elicit-plant.com\/app\/uploads\/sites\/1\/2023\/07\/img-produit-background-pattern_ble@2x.png 768w, https:\/\/www.elicit-plant.com\/app\/uploads\/sites\/1\/2023\/07\/img-produit-background-pattern_ble@2x.png 1024w\" class=\"\" alt=\"Fond jaune C\u00e9r\u00e9ales\" width=\"315\" height=\"320\" sizes=\"auto, 100vw\" loading=\"lazy\" \/>\t\t<\/span>\n\t\t<span class=\"picture-thumbnail cbo-picture-contain\">\n\t\t\t<img decoding=\"async\" src=\"https:\/\/www.elicit-plant.com\/app\/uploads\/sites\/1\/2023\/07\/EliGrain-biais-2.png\"  sizes=\"100vw\" class=\"\" alt=\"EliGrain-a C\u00e9r\u00e9ales\"  loading=\"lazy\" \/>\t\t<\/span>\n\t<\/span>\n\t<h3 class=\"product-title cbo-title-4\">\n\t\tEliGrain-a : Orge\t<\/h3>\n<\/a>\t\t\t<\/div>\n\t\t\t\t\t\t<div class=\"list-el\">\n\t\t\t\t<a href=\"https:\/\/www.elicit-plant.com\/fr\/produits\/eligrain-a-cereales-ble\/\" class=\"cbo-product product--yellow\">\n\t<span class=\"product-picture\">\n\t\t<span class=\"picture-background cbo-picture-cover\">\n\t\t\t<img decoding=\"async\" src=\"https:\/\/www.elicit-plant.com\/app\/uploads\/sites\/1\/2023\/07\/img-produit-background-pattern_ble@2x-315x320.png\" srcset=\"https:\/\/www.elicit-plant.com\/app\/uploads\/sites\/1\/2023\/07\/img-produit-background-pattern_ble@2x.png 768w, https:\/\/www.elicit-plant.com\/app\/uploads\/sites\/1\/2023\/07\/img-produit-background-pattern_ble@2x.png 1024w\" class=\"\" alt=\"Fond jaune C\u00e9r\u00e9ales\" width=\"315\" height=\"320\" sizes=\"auto, 100vw\" loading=\"lazy\" \/>\t\t<\/span>\n\t\t<span class=\"picture-thumbnail cbo-picture-contain\">\n\t\t\t<img decoding=\"async\" src=\"https:\/\/www.elicit-plant.com\/app\/uploads\/sites\/1\/2024\/09\/EliGrain-a-Cereales-Ble.png\"  sizes=\"100vw\" class=\"\" alt=\"EliGrain-a C\u00e9r\u00e9ales Bl\u00e9\"  loading=\"lazy\" \/>\t\t<\/span>\n\t<\/span>\n\t<h3 class=\"product-title cbo-title-4\">\n\t\tEliGrain-a : Bl\u00e9\t<\/h3>\n<\/a>\t\t\t<\/div>\n\t\t\t\t\t\t<div class=\"list-el\">\n\t\t\t\t<a href=\"https:\/\/www.elicit-plant.com\/fr\/produits\/elisun-a-tournesol\/\" class=\"cbo-product product--brown\">\n\t<span class=\"product-picture\">\n\t\t<span class=\"picture-background cbo-picture-cover\">\n\t\t\t<img decoding=\"async\" src=\"https:\/\/www.elicit-plant.com\/app\/uploads\/sites\/1\/2023\/07\/img-produit-background-pattern_tournesol@2x-316x320.png\" srcset=\"https:\/\/www.elicit-plant.com\/app\/uploads\/sites\/1\/2023\/07\/img-produit-background-pattern_tournesol@2x.png 768w, https:\/\/www.elicit-plant.com\/app\/uploads\/sites\/1\/2023\/07\/img-produit-background-pattern_tournesol@2x.png 1024w\" class=\"\" alt=\"Fond marron Tournesol\" width=\"316\" height=\"320\" sizes=\"auto, 100vw\" loading=\"lazy\" \/>\t\t<\/span>\n\t\t<span class=\"picture-thumbnail cbo-picture-contain\">\n\t\t\t<img decoding=\"async\" src=\"https:\/\/www.elicit-plant.com\/app\/uploads\/sites\/1\/2023\/07\/EliSun-biais-570x768.png\"  sizes=\"100vw\" class=\"\" alt=\"EliSun-a Tournesol\"  loading=\"lazy\" \/>\t\t<\/span>\n\t<\/span>\n\t<h3 class=\"product-title cbo-title-4\">\n\t\tEliSun-a : Tournesol\t<\/h3>\n<\/a>\t\t\t<\/div>\n\t\t\t\t\t<\/div>\n\n\t<\/div>\n<\/section>","protected":false},"excerpt":{"rendered":"<p>T\u00e9l\u00e9chargez gratuitement notre magazine sur la Journ\u00e9e mondiale du climat Le climat change, les cycles s\u2019acc\u00e9l\u00e8rent et l\u2019agriculture se retrouve en premi\u00e8re ligne face \u00e0 des conditions de plus en plus extr\u00eames. \u00c0 l\u2019occasion de la Journ\u00e9e mondiale du climat, Elicit Plant met \u00e0 disposition un magazine complet pour comprendre les impacts du d\u00e9r\u00e8glement climatique sur les cultures et d\u00e9couvrir les leviers d\u2019adaptation d\u00e9j\u00e0 \u00e0 l\u2019\u0153uvre dans les grandes cultures. Nous avons \u00e9galement cr\u00e9\u00e9 un guide complet d\u00e9di\u00e9 au stress hydrique en agriculture pour vous offrir une ressource essentielle sur ce sujet strat\u00e9gique. Ce guide rassemble tout ce qu\u2019il faut savoir pour comprendre les enjeux li\u00e9s au manque d\u2019eau et mieux appr\u00e9hender ses impacts. Des causes aux cons\u00e9quences, en passant par les zones les plus touch\u00e9es et les solutions disponibles, chaque aspect est abord\u00e9 pour vous accompagner dans la gestion de ce d\u00e9fi. Explorez nos contenus interconnect\u00e9s&#8230;<\/p>\n","protected":false},"author":6,"featured_media":6964,"parent":676,"menu_order":0,"comment_status":"closed","ping_status":"closed","template":"","meta":{"_acf_changed":false,"footnotes":""},"class_list":["post-6498","page","type-page","status-publish","has-post-thumbnail","hentry"],"acf":[],"yoast_head":"<!-- This site is optimized with the Yoast SEO plugin v27.3 - https:\/\/yoast.com\/product\/yoast-seo-wordpress\/ -->\n<title>L&#039;ENJEU CLIMATIQUE sp\u00e9cial : Journ\u00e9e Mondiale du Climat - Elicit Plant France<\/title>\n<meta name=\"description\" content=\"Le climat change, les cycles s\u2019acc\u00e9l\u00e8rent et l\u2019agriculture se retrouve en premi\u00e8re ligne face \u00e0 des conditions de plus en plus extr\u00eames. \u00c0 l\u2019occasion de la Journ\u00e9e mondiale du climat, Elicit Plant met \u00e0 disposition un magazine complet pour comprendre les impacts du d\u00e9r\u00e8glement climatique sur les cultures et d\u00e9couvrir les leviers d\u2019adaptation d\u00e9j\u00e0 \u00e0 l\u2019\u0153uvre dans les grandes cultures.\" \/>\n<meta name=\"robots\" content=\"index, follow, max-snippet:-1, max-image-preview:large, max-video-preview:-1\" \/>\n<link rel=\"canonical\" href=\"https:\/\/www.elicit-plant.com\/fr\/le-stress-hydrique\/lenjeu-climatique-special-journee-mondiale-du-climat\/\" \/>\n<meta property=\"og:locale\" content=\"fr_FR\" \/>\n<meta property=\"og:type\" content=\"article\" \/>\n<meta property=\"og:title\" content=\"L&#039;ENJEU CLIMATIQUE sp\u00e9cial : Journ\u00e9e Mondiale du Climat - Elicit Plant France\" \/>\n<meta property=\"og:description\" content=\"Le climat change, les cycles s\u2019acc\u00e9l\u00e8rent et l\u2019agriculture se retrouve en premi\u00e8re ligne face \u00e0 des conditions de plus en plus extr\u00eames. \u00c0 l\u2019occasion de la Journ\u00e9e mondiale du climat, Elicit Plant met \u00e0 disposition un magazine complet pour comprendre les impacts du d\u00e9r\u00e8glement climatique sur les cultures et d\u00e9couvrir les leviers d\u2019adaptation d\u00e9j\u00e0 \u00e0 l\u2019\u0153uvre dans les grandes cultures.\" \/>\n<meta property=\"og:url\" content=\"https:\/\/www.elicit-plant.com\/fr\/le-stress-hydrique\/lenjeu-climatique-special-journee-mondiale-du-climat\/\" \/>\n<meta property=\"og:site_name\" content=\"Elicit Plant France\" \/>\n<meta property=\"article:modified_time\" content=\"2025-12-08T10:17:32+00:00\" \/>\n<meta property=\"og:image\" content=\"https:\/\/www.elicit-plant.com\/app\/uploads\/sites\/1\/2025\/12\/Stress-Hydrique-Mais.jpg\" \/>\n\t<meta property=\"og:image:width\" content=\"500\" \/>\n\t<meta property=\"og:image:height\" content=\"500\" \/>\n\t<meta property=\"og:image:type\" content=\"image\/jpeg\" \/>\n<meta name=\"twitter:card\" content=\"summary_large_image\" \/>\n<meta name=\"twitter:label1\" content=\"Dur\u00e9e de lecture estim\u00e9e\" \/>\n\t<meta name=\"twitter:data1\" content=\"1 minute\" \/>\n<script type=\"application\/ld+json\" class=\"yoast-schema-graph\">{\"@context\":\"https:\\\/\\\/schema.org\",\"@graph\":[{\"@type\":\"WebPage\",\"@id\":\"https:\\\/\\\/www.elicit-plant.com\\\/fr\\\/le-stress-hydrique\\\/lenjeu-climatique-special-journee-mondiale-du-climat\\\/\",\"url\":\"https:\\\/\\\/www.elicit-plant.com\\\/fr\\\/le-stress-hydrique\\\/lenjeu-climatique-special-journee-mondiale-du-climat\\\/\",\"name\":\"L'ENJEU CLIMATIQUE sp\u00e9cial : Journ\u00e9e Mondiale du Climat - Elicit Plant France\",\"isPartOf\":{\"@id\":\"https:\\\/\\\/www.elicit-plant.com\\\/fr\\\/#website\"},\"primaryImageOfPage\":{\"@id\":\"https:\\\/\\\/www.elicit-plant.com\\\/fr\\\/le-stress-hydrique\\\/lenjeu-climatique-special-journee-mondiale-du-climat\\\/#primaryimage\"},\"image\":{\"@id\":\"https:\\\/\\\/www.elicit-plant.com\\\/fr\\\/le-stress-hydrique\\\/lenjeu-climatique-special-journee-mondiale-du-climat\\\/#primaryimage\"},\"thumbnailUrl\":\"https:\\\/\\\/www.elicit-plant.com\\\/app\\\/uploads\\\/sites\\\/1\\\/2025\\\/12\\\/Stress-Hydrique-Mais.jpg\",\"datePublished\":\"2025-12-08T10:07:22+00:00\",\"dateModified\":\"2025-12-08T10:17:32+00:00\",\"description\":\"Le climat change, les cycles s\u2019acc\u00e9l\u00e8rent et l\u2019agriculture se retrouve en premi\u00e8re ligne face \u00e0 des conditions de plus en plus extr\u00eames. \u00c0 l\u2019occasion de la Journ\u00e9e mondiale du climat, Elicit Plant met \u00e0 disposition un magazine complet pour comprendre les impacts du d\u00e9r\u00e8glement climatique sur les cultures et d\u00e9couvrir les leviers d\u2019adaptation d\u00e9j\u00e0 \u00e0 l\u2019\u0153uvre dans les grandes cultures.\",\"breadcrumb\":{\"@id\":\"https:\\\/\\\/www.elicit-plant.com\\\/fr\\\/le-stress-hydrique\\\/lenjeu-climatique-special-journee-mondiale-du-climat\\\/#breadcrumb\"},\"inLanguage\":\"fr-FR\",\"potentialAction\":[{\"@type\":\"ReadAction\",\"target\":[\"https:\\\/\\\/www.elicit-plant.com\\\/fr\\\/le-stress-hydrique\\\/lenjeu-climatique-special-journee-mondiale-du-climat\\\/\"]}]},{\"@type\":\"ImageObject\",\"inLanguage\":\"fr-FR\",\"@id\":\"https:\\\/\\\/www.elicit-plant.com\\\/fr\\\/le-stress-hydrique\\\/lenjeu-climatique-special-journee-mondiale-du-climat\\\/#primaryimage\",\"url\":\"https:\\\/\\\/www.elicit-plant.com\\\/app\\\/uploads\\\/sites\\\/1\\\/2025\\\/12\\\/Stress-Hydrique-Mais.jpg\",\"contentUrl\":\"https:\\\/\\\/www.elicit-plant.com\\\/app\\\/uploads\\\/sites\\\/1\\\/2025\\\/12\\\/Stress-Hydrique-Mais.jpg\",\"width\":500,\"height\":500,\"caption\":\"Stress hydrique du ma\u00efs\"},{\"@type\":\"BreadcrumbList\",\"@id\":\"https:\\\/\\\/www.elicit-plant.com\\\/fr\\\/le-stress-hydrique\\\/lenjeu-climatique-special-journee-mondiale-du-climat\\\/#breadcrumb\",\"itemListElement\":[{\"@type\":\"ListItem\",\"position\":1,\"name\":\"Accueil\",\"item\":\"https:\\\/\\\/www.elicit-plant.com\\\/fr\\\/\"},{\"@type\":\"ListItem\",\"position\":2,\"name\":\"Stress hydrique\",\"item\":\"https:\\\/\\\/www.elicit-plant.com\\\/fr\\\/le-stress-hydrique\\\/\"},{\"@type\":\"ListItem\",\"position\":3,\"name\":\"L&rsquo;ENJEU CLIMATIQUE sp\u00e9cial : Journ\u00e9e Mondiale du Climat\"}]},{\"@type\":\"WebSite\",\"@id\":\"https:\\\/\\\/www.elicit-plant.com\\\/fr\\\/#website\",\"url\":\"https:\\\/\\\/www.elicit-plant.com\\\/fr\\\/\",\"name\":\"Elicit Plant France\",\"description\":\"Elicit Plant est experte dans la ma\u00eetrise de l\u2019apport des phytost\u00e9rols sur les cultures en plein champ. En r\u00e9duisant le stress des plantes, cette technologie am\u00e9liore les rendements et pr\u00e9serve les ressources naturelles.\",\"potentialAction\":[{\"@type\":\"SearchAction\",\"target\":{\"@type\":\"EntryPoint\",\"urlTemplate\":\"https:\\\/\\\/www.elicit-plant.com\\\/fr\\\/?s={search_term_string}\"},\"query-input\":{\"@type\":\"PropertyValueSpecification\",\"valueRequired\":true,\"valueName\":\"search_term_string\"}}],\"inLanguage\":\"fr-FR\"}]}<\/script>\n<!-- \/ Yoast SEO plugin. -->","yoast_head_json":{"title":"L'ENJEU CLIMATIQUE sp\u00e9cial : Journ\u00e9e Mondiale du Climat - Elicit Plant France","description":"Le climat change, les cycles s\u2019acc\u00e9l\u00e8rent et l\u2019agriculture se retrouve en premi\u00e8re ligne face \u00e0 des conditions de plus en plus extr\u00eames. \u00c0 l\u2019occasion de la Journ\u00e9e mondiale du climat, Elicit Plant met \u00e0 disposition un magazine complet pour comprendre les impacts du d\u00e9r\u00e8glement climatique sur les cultures et d\u00e9couvrir les leviers d\u2019adaptation d\u00e9j\u00e0 \u00e0 l\u2019\u0153uvre dans les grandes cultures.","robots":{"index":"index","follow":"follow","max-snippet":"max-snippet:-1","max-image-preview":"max-image-preview:large","max-video-preview":"max-video-preview:-1"},"canonical":"https:\/\/www.elicit-plant.com\/fr\/le-stress-hydrique\/lenjeu-climatique-special-journee-mondiale-du-climat\/","og_locale":"fr_FR","og_type":"article","og_title":"L'ENJEU CLIMATIQUE sp\u00e9cial : Journ\u00e9e Mondiale du Climat - Elicit Plant France","og_description":"Le climat change, les cycles s\u2019acc\u00e9l\u00e8rent et l\u2019agriculture se retrouve en premi\u00e8re ligne face \u00e0 des conditions de plus en plus extr\u00eames. \u00c0 l\u2019occasion de la Journ\u00e9e mondiale du climat, Elicit Plant met \u00e0 disposition un magazine complet pour comprendre les impacts du d\u00e9r\u00e8glement climatique sur les cultures et d\u00e9couvrir les leviers d\u2019adaptation d\u00e9j\u00e0 \u00e0 l\u2019\u0153uvre dans les grandes cultures.","og_url":"https:\/\/www.elicit-plant.com\/fr\/le-stress-hydrique\/lenjeu-climatique-special-journee-mondiale-du-climat\/","og_site_name":"Elicit Plant France","article_modified_time":"2025-12-08T10:17:32+00:00","og_image":[{"width":500,"height":500,"url":"https:\/\/www.elicit-plant.com\/app\/uploads\/sites\/1\/2025\/12\/Stress-Hydrique-Mais.jpg","type":"image\/jpeg"}],"twitter_card":"summary_large_image","twitter_misc":{"Dur\u00e9e de lecture estim\u00e9e":"1 minute"},"schema":{"@context":"https:\/\/schema.org","@graph":[{"@type":"WebPage","@id":"https:\/\/www.elicit-plant.com\/fr\/le-stress-hydrique\/lenjeu-climatique-special-journee-mondiale-du-climat\/","url":"https:\/\/www.elicit-plant.com\/fr\/le-stress-hydrique\/lenjeu-climatique-special-journee-mondiale-du-climat\/","name":"L'ENJEU CLIMATIQUE sp\u00e9cial : Journ\u00e9e Mondiale du Climat - Elicit Plant France","isPartOf":{"@id":"https:\/\/www.elicit-plant.com\/fr\/#website"},"primaryImageOfPage":{"@id":"https:\/\/www.elicit-plant.com\/fr\/le-stress-hydrique\/lenjeu-climatique-special-journee-mondiale-du-climat\/#primaryimage"},"image":{"@id":"https:\/\/www.elicit-plant.com\/fr\/le-stress-hydrique\/lenjeu-climatique-special-journee-mondiale-du-climat\/#primaryimage"},"thumbnailUrl":"https:\/\/www.elicit-plant.com\/app\/uploads\/sites\/1\/2025\/12\/Stress-Hydrique-Mais.jpg","datePublished":"2025-12-08T10:07:22+00:00","dateModified":"2025-12-08T10:17:32+00:00","description":"Le climat change, les cycles s\u2019acc\u00e9l\u00e8rent et l\u2019agriculture se retrouve en premi\u00e8re ligne face \u00e0 des conditions de plus en plus extr\u00eames. \u00c0 l\u2019occasion de la Journ\u00e9e mondiale du climat, Elicit Plant met \u00e0 disposition un magazine complet pour comprendre les impacts du d\u00e9r\u00e8glement climatique sur les cultures et d\u00e9couvrir les leviers d\u2019adaptation d\u00e9j\u00e0 \u00e0 l\u2019\u0153uvre dans les grandes cultures.","breadcrumb":{"@id":"https:\/\/www.elicit-plant.com\/fr\/le-stress-hydrique\/lenjeu-climatique-special-journee-mondiale-du-climat\/#breadcrumb"},"inLanguage":"fr-FR","potentialAction":[{"@type":"ReadAction","target":["https:\/\/www.elicit-plant.com\/fr\/le-stress-hydrique\/lenjeu-climatique-special-journee-mondiale-du-climat\/"]}]},{"@type":"ImageObject","inLanguage":"fr-FR","@id":"https:\/\/www.elicit-plant.com\/fr\/le-stress-hydrique\/lenjeu-climatique-special-journee-mondiale-du-climat\/#primaryimage","url":"https:\/\/www.elicit-plant.com\/app\/uploads\/sites\/1\/2025\/12\/Stress-Hydrique-Mais.jpg","contentUrl":"https:\/\/www.elicit-plant.com\/app\/uploads\/sites\/1\/2025\/12\/Stress-Hydrique-Mais.jpg","width":500,"height":500,"caption":"Stress hydrique du ma\u00efs"},{"@type":"BreadcrumbList","@id":"https:\/\/www.elicit-plant.com\/fr\/le-stress-hydrique\/lenjeu-climatique-special-journee-mondiale-du-climat\/#breadcrumb","itemListElement":[{"@type":"ListItem","position":1,"name":"Accueil","item":"https:\/\/www.elicit-plant.com\/fr\/"},{"@type":"ListItem","position":2,"name":"Stress hydrique","item":"https:\/\/www.elicit-plant.com\/fr\/le-stress-hydrique\/"},{"@type":"ListItem","position":3,"name":"L&rsquo;ENJEU CLIMATIQUE sp\u00e9cial : Journ\u00e9e Mondiale du Climat"}]},{"@type":"WebSite","@id":"https:\/\/www.elicit-plant.com\/fr\/#website","url":"https:\/\/www.elicit-plant.com\/fr\/","name":"Elicit Plant France","description":"Elicit Plant est experte dans la ma\u00eetrise de l\u2019apport des phytost\u00e9rols sur les cultures en plein champ. En r\u00e9duisant le stress des plantes, cette technologie am\u00e9liore les rendements et pr\u00e9serve les ressources naturelles.","potentialAction":[{"@type":"SearchAction","target":{"@type":"EntryPoint","urlTemplate":"https:\/\/www.elicit-plant.com\/fr\/?s={search_term_string}"},"query-input":{"@type":"PropertyValueSpecification","valueRequired":true,"valueName":"search_term_string"}}],"inLanguage":"fr-FR"}]}},"_links":{"self":[{"href":"https:\/\/www.elicit-plant.com\/fr\/wp-json\/wp\/v2\/pages\/6498","targetHints":{"allow":["GET"]}}],"collection":[{"href":"https:\/\/www.elicit-plant.com\/fr\/wp-json\/wp\/v2\/pages"}],"about":[{"href":"https:\/\/www.elicit-plant.com\/fr\/wp-json\/wp\/v2\/types\/page"}],"author":[{"embeddable":true,"href":"https:\/\/www.elicit-plant.com\/fr\/wp-json\/wp\/v2\/users\/6"}],"replies":[{"embeddable":true,"href":"https:\/\/www.elicit-plant.com\/fr\/wp-json\/wp\/v2\/comments?post=6498"}],"version-history":[{"count":8,"href":"https:\/\/www.elicit-plant.com\/fr\/wp-json\/wp\/v2\/pages\/6498\/revisions"}],"predecessor-version":[{"id":6976,"href":"https:\/\/www.elicit-plant.com\/fr\/wp-json\/wp\/v2\/pages\/6498\/revisions\/6976"}],"up":[{"embeddable":true,"href":"https:\/\/www.elicit-plant.com\/fr\/wp-json\/wp\/v2\/pages\/676"}],"wp:featuredmedia":[{"embeddable":true,"href":"https:\/\/www.elicit-plant.com\/fr\/wp-json\/wp\/v2\/media\/6964"}],"wp:attachment":[{"href":"https:\/\/www.elicit-plant.com\/fr\/wp-json\/wp\/v2\/media?parent=6498"}],"curies":[{"name":"wp","href":"https:\/\/api.w.org\/{rel}","templated":true}]}}