{"id":6840,"date":"2025-10-02T15:47:53","date_gmt":"2025-10-02T13:47:53","guid":{"rendered":"https:\/\/www.elicit-plant.com\/fr\/?page_id=6840"},"modified":"2025-10-07T10:05:07","modified_gmt":"2025-10-07T08:05:07","slug":"charte-des-cookies","status":"publish","type":"page","link":"https:\/\/www.elicit-plant.com\/fr\/charte-des-cookies\/","title":{"rendered":"Charte des cookies"},"content":{"rendered":"<section class=\"cbo-heropicture\" data-anim-group>\n\t<div class=\"cbo-breadcrumbs breadcrumbs--normal\">\n  <div class=\"breadcrumbs-inner\">\n    <span><span><a href=\"https:\/\/www.elicit-plant.com\/fr\/\">Accueil<\/a><\/span><\/span>\t<\/div>\n<\/div>\n\t<div class=\"heropicture-picture cbo-picture-cover\">\n\t\t<img decoding=\"async\" src=\"https:\/\/www.elicit-plant.com\/app\/uploads\/sites\/1\/2023\/08\/max-saeling-momfzb2vtpk-unsplash-scaled-1707x700-1-1024x420.jpg\" srcset=\"https:\/\/www.elicit-plant.com\/app\/uploads\/sites\/1\/2023\/08\/max-saeling-momfzb2vtpk-unsplash-scaled-1707x700-1-320x131.jpg 320w, https:\/\/www.elicit-plant.com\/app\/uploads\/sites\/1\/2023\/08\/max-saeling-momfzb2vtpk-unsplash-scaled-1707x700-1-768x315.jpg 768w, https:\/\/www.elicit-plant.com\/app\/uploads\/sites\/1\/2023\/08\/max-saeling-momfzb2vtpk-unsplash-scaled-1707x700-1-1024x420.jpg 1024w, https:\/\/www.elicit-plant.com\/app\/uploads\/sites\/1\/2023\/08\/max-saeling-momfzb2vtpk-unsplash-scaled-1707x700-1-1400x574.jpg 1280w, https:\/\/www.elicit-plant.com\/app\/uploads\/sites\/1\/2023\/08\/max-saeling-momfzb2vtpk-unsplash-scaled-1707x700-1.jpg 1920w\" class=\"\" alt=\"\" width=\"1024\" height=\"420\" sizes=\"auto, 100vw\" loading=\"lazy\" \/>\t<\/div>\n\n\t<div class=\"heropicture-inner cbo-container container--small container--padding\">\n\t\t<div class=\"heropicture-content\">\n\n\t\t\t\n\t\t\t<h1 class=\"content-title cbo-title-2 slide-down\">\n\t\t\t\tCharte des cookies\t\t\t<\/h1>\n\t\t<\/div>\n\t<\/div>\n<\/section>\n\n<section class=\"cbo-text cbo-margin-container\">\n    <div class=\"\n        text-inner\n                cbo-container\n        container--small        \"\n    >\n        <div class=\"text-content cbo-cms cms--large\">\n            <h2>COMMENT PARAMETRER LES COOKIES UTILISES SUR LE SITE ?<\/h2>\n<p>Cette rubrique vous explique comment autoriser ou de ne pas autoriser l\u2019utilisation des cookies sur le site.<\/p>\n<p>Lors de votre premi\u00e8re navigation sur le Site, vous \u00eates invit\u00e9 \u00e0 configurer l\u2019utilisation des cookies sur cette derni\u00e8re.<\/p>\n<p>Cette configuration s\u2019effectue au moyen d\u2019une banni\u00e8re explicative concernant leur utilisation, qui lors de son apparition, vous invitera \u00e0 prendre connaissance des cookies utilis\u00e9s, les accepter ou refuser de mani\u00e8re globale, ainsi que de mani\u00e8re plus g\u00e9n\u00e9rale, \u00e0 les param\u00e9trer depuis l\u2019interface du Site en cliquant sur l&rsquo;ic\u00f4ne en bas \u00e0 gauche de votre navigateur.<\/p>\n<p><img loading=\"lazy\" decoding=\"async\" class=\"size-full wp-image-6841 alignnone\" src=\"https:\/\/www.elicit-plant.com\/app\/uploads\/sites\/1\/2025\/10\/Axeptio-logo.png\" alt=\"Axeptio logo\" width=\"61\" height=\"62\" \/><\/p>\n<p>Tout au long de votre utilisation du site et \u00e0 tout moment, vous pouvez modifier la configuration des cookies utilis\u00e9s pour les accepter ou les refuser en acc\u00e9dant au module permettant de g\u00e9rer votre consentement depuis la rubrique ci-dessus indiqu\u00e9e.<\/p>\n<p>Vous pouvez \u00e9galement bloquer une partie ou l&rsquo;ensemble des cookies techniques du Site et n\u00e9cessaires \u00e0 son bon fonctionnement directement depuis les param\u00e8tres de votre navigateur. Toutefois, le refus du d\u00e9p\u00f4t de ces cookies via votre navigateur pourra entra\u00eener l\u2019impossibilit\u00e9 d\u2019acc\u00e9der \u00e0 certaines fonctionnalit\u00e9s\/parties du site, ou encore le fonctionnement d\u00e9grad\u00e9 de ce dernier.<\/p>\n\n            <div style=\"clear: both;\"><\/div>\n        <\/div>\n    <\/div>\n<\/section>\n\n\n<section class=\"cbo-text cbo-margin-container\">\n    <div class=\"\n        text-inner\n                cbo-container\n        container--small        \"\n    >\n        <div class=\"text-content cbo-cms cms--large\">\n            <div id=\"matomo-opt-out\"><\/div>\n<p><script src=\"https:\/\/elicitplant.matomo.cloud\/index.php?module=CoreAdminHome&#038;action=optOutJS&#038;divId=matomo-opt-out&#038;language=auto&#038;showIntro=1\"><\/script><\/p>\n\n            <div style=\"clear: both;\"><\/div>\n        <\/div>\n    <\/div>\n<\/section>\n\n\n<section class=\"cbo-text cbo-margin-container\">\n    <div class=\"\n        text-inner\n                cbo-container\n        container--small        \"\n    >\n        <div class=\"text-content cbo-cms cms--large\">\n            <h2>QUI CONTACTER EN CAS DE QUESTION SUR LES COOKIES ?<\/h2>\n<p>Pour toute interrogation concernant la pr\u00e9sente Charte des cookies, ou pour toute demande relative aux cookies utilis\u00e9s sur le Site de mani\u00e8re g\u00e9n\u00e9rale, vous pouvez \u00e0 tout moment nous contacter :<\/p>\n<ul>\n<li>En adressant un courrier \u00e0 ELICIT PLANT &#8211; LIEUDIT LE CHATAIGNIER, 1 PASSAGE DE LA CROIX, 16220 MOULINS-SUR-TARDOIRE, CHARENTE (16)<br \/>\nEn adressant un courrier \u00e9lectronique \u00e0 l\u2019adresse suivante : <a href=\"mailto:dataprivacy@elicit-plant.com\">dataprivacy@elicit-plant.com<\/a><\/li>\n<\/ul>\n\n            <div style=\"clear: both;\"><\/div>\n        <\/div>\n    <\/div>\n<\/section>\n","protected":false},"excerpt":{"rendered":"<p>COMMENT PARAMETRER LES COOKIES UTILISES SUR LE SITE ? Cette rubrique vous explique comment autoriser ou de ne pas autoriser l\u2019utilisation des cookies sur le site. Lors de votre premi\u00e8re navigation sur le Site, vous \u00eates invit\u00e9 \u00e0 configurer l\u2019utilisation des cookies sur cette derni\u00e8re. Cette configuration s\u2019effectue au moyen d\u2019une banni\u00e8re explicative concernant leur utilisation, qui lors de son apparition, vous invitera \u00e0 prendre connaissance des cookies utilis\u00e9s, les accepter ou refuser de mani\u00e8re globale, ainsi que de mani\u00e8re plus g\u00e9n\u00e9rale, \u00e0 les param\u00e9trer depuis l\u2019interface du Site en cliquant sur l&rsquo;ic\u00f4ne en bas \u00e0 gauche de votre navigateur. Tout au long de votre utilisation du site et \u00e0 tout moment, vous pouvez modifier la configuration des cookies utilis\u00e9s pour les accepter ou les refuser en acc\u00e9dant au module permettant de g\u00e9rer votre consentement depuis la rubrique ci-dessus indiqu\u00e9e. Vous pouvez \u00e9galement bloquer une partie ou l&rsquo;ensemble des&#8230;<\/p>\n","protected":false},"author":6,"featured_media":0,"parent":0,"menu_order":0,"comment_status":"closed","ping_status":"closed","template":"","meta":{"_acf_changed":false,"footnotes":""},"class_list":["post-6840","page","type-page","status-publish","hentry"],"acf":[],"yoast_head":"<!-- This site is optimized with the Yoast SEO plugin v27.2 - https:\/\/yoast.com\/product\/yoast-seo-wordpress\/ -->\n<title>Charte des cookies - Elicit Plant France<\/title>\n<meta name=\"description\" content=\"Charte des cookies\" \/>\n<meta name=\"robots\" content=\"noindex, follow\" \/>\n<meta property=\"og:locale\" content=\"fr_FR\" \/>\n<meta property=\"og:type\" content=\"article\" \/>\n<meta property=\"og:title\" content=\"Charte des cookies - Elicit Plant France\" \/>\n<meta property=\"og:description\" content=\"Charte des cookies\" \/>\n<meta property=\"og:url\" content=\"https:\/\/www.elicit-plant.com\/fr\/charte-des-cookies\/\" \/>\n<meta property=\"og:site_name\" content=\"Elicit Plant France\" \/>\n<meta property=\"article:modified_time\" content=\"2025-10-07T08:05:07+00:00\" \/>\n<meta name=\"twitter:card\" content=\"summary_large_image\" \/>\n<script type=\"application\/ld+json\" class=\"yoast-schema-graph\">{\"@context\":\"https:\/\/schema.org\",\"@graph\":[{\"@type\":\"WebPage\",\"@id\":\"https:\/\/www.elicit-plant.com\/fr\/charte-des-cookies\/\",\"url\":\"https:\/\/www.elicit-plant.com\/fr\/charte-des-cookies\/\",\"name\":\"Charte des cookies - Elicit Plant France\",\"isPartOf\":{\"@id\":\"https:\/\/www.elicit-plant.com\/fr\/#website\"},\"datePublished\":\"2025-10-02T13:47:53+00:00\",\"dateModified\":\"2025-10-07T08:05:07+00:00\",\"description\":\"Charte des cookies\",\"breadcrumb\":{\"@id\":\"https:\/\/www.elicit-plant.com\/fr\/charte-des-cookies\/#breadcrumb\"},\"inLanguage\":\"fr-FR\",\"potentialAction\":[{\"@type\":\"ReadAction\",\"target\":[\"https:\/\/www.elicit-plant.com\/fr\/charte-des-cookies\/\"]}]},{\"@type\":\"BreadcrumbList\",\"@id\":\"https:\/\/www.elicit-plant.com\/fr\/charte-des-cookies\/#breadcrumb\",\"itemListElement\":[{\"@type\":\"ListItem\",\"position\":1,\"name\":\"Accueil\",\"item\":\"https:\/\/www.elicit-plant.com\/fr\/\"},{\"@type\":\"ListItem\",\"position\":2,\"name\":\"Charte des cookies\"}]},{\"@type\":\"WebSite\",\"@id\":\"https:\/\/www.elicit-plant.com\/fr\/#website\",\"url\":\"https:\/\/www.elicit-plant.com\/fr\/\",\"name\":\"Elicit Plant France\",\"description\":\"Elicit Plant est experte dans la ma\u00eetrise de l\u2019apport des phytost\u00e9rols sur les cultures en plein champ. En r\u00e9duisant le stress des plantes, cette technologie am\u00e9liore les rendements et pr\u00e9serve les ressources naturelles.\",\"potentialAction\":[{\"@type\":\"SearchAction\",\"target\":{\"@type\":\"EntryPoint\",\"urlTemplate\":\"https:\/\/www.elicit-plant.com\/fr\/?s={search_term_string}\"},\"query-input\":{\"@type\":\"PropertyValueSpecification\",\"valueRequired\":true,\"valueName\":\"search_term_string\"}}],\"inLanguage\":\"fr-FR\"}]}<\/script>\n<!-- \/ Yoast SEO plugin. -->","yoast_head_json":{"title":"Charte des cookies - Elicit Plant France","description":"Charte des cookies","robots":{"index":"noindex","follow":"follow"},"og_locale":"fr_FR","og_type":"article","og_title":"Charte des cookies - Elicit Plant France","og_description":"Charte des cookies","og_url":"https:\/\/www.elicit-plant.com\/fr\/charte-des-cookies\/","og_site_name":"Elicit Plant France","article_modified_time":"2025-10-07T08:05:07+00:00","twitter_card":"summary_large_image","schema":{"@context":"https:\/\/schema.org","@graph":[{"@type":"WebPage","@id":"https:\/\/www.elicit-plant.com\/fr\/charte-des-cookies\/","url":"https:\/\/www.elicit-plant.com\/fr\/charte-des-cookies\/","name":"Charte des cookies - Elicit Plant France","isPartOf":{"@id":"https:\/\/www.elicit-plant.com\/fr\/#website"},"datePublished":"2025-10-02T13:47:53+00:00","dateModified":"2025-10-07T08:05:07+00:00","description":"Charte des cookies","breadcrumb":{"@id":"https:\/\/www.elicit-plant.com\/fr\/charte-des-cookies\/#breadcrumb"},"inLanguage":"fr-FR","potentialAction":[{"@type":"ReadAction","target":["https:\/\/www.elicit-plant.com\/fr\/charte-des-cookies\/"]}]},{"@type":"BreadcrumbList","@id":"https:\/\/www.elicit-plant.com\/fr\/charte-des-cookies\/#breadcrumb","itemListElement":[{"@type":"ListItem","position":1,"name":"Accueil","item":"https:\/\/www.elicit-plant.com\/fr\/"},{"@type":"ListItem","position":2,"name":"Charte des cookies"}]},{"@type":"WebSite","@id":"https:\/\/www.elicit-plant.com\/fr\/#website","url":"https:\/\/www.elicit-plant.com\/fr\/","name":"Elicit Plant France","description":"Elicit Plant est experte dans la ma\u00eetrise de l\u2019apport des phytost\u00e9rols sur les cultures en plein champ. En r\u00e9duisant le stress des plantes, cette technologie am\u00e9liore les rendements et pr\u00e9serve les ressources naturelles.","potentialAction":[{"@type":"SearchAction","target":{"@type":"EntryPoint","urlTemplate":"https:\/\/www.elicit-plant.com\/fr\/?s={search_term_string}"},"query-input":{"@type":"PropertyValueSpecification","valueRequired":true,"valueName":"search_term_string"}}],"inLanguage":"fr-FR"}]}},"_links":{"self":[{"href":"https:\/\/www.elicit-plant.com\/fr\/wp-json\/wp\/v2\/pages\/6840","targetHints":{"allow":["GET"]}}],"collection":[{"href":"https:\/\/www.elicit-plant.com\/fr\/wp-json\/wp\/v2\/pages"}],"about":[{"href":"https:\/\/www.elicit-plant.com\/fr\/wp-json\/wp\/v2\/types\/page"}],"author":[{"embeddable":true,"href":"https:\/\/www.elicit-plant.com\/fr\/wp-json\/wp\/v2\/users\/6"}],"replies":[{"embeddable":true,"href":"https:\/\/www.elicit-plant.com\/fr\/wp-json\/wp\/v2\/comments?post=6840"}],"version-history":[{"count":5,"href":"https:\/\/www.elicit-plant.com\/fr\/wp-json\/wp\/v2\/pages\/6840\/revisions"}],"predecessor-version":[{"id":6874,"href":"https:\/\/www.elicit-plant.com\/fr\/wp-json\/wp\/v2\/pages\/6840\/revisions\/6874"}],"wp:attachment":[{"href":"https:\/\/www.elicit-plant.com\/fr\/wp-json\/wp\/v2\/media?parent=6840"}],"curies":[{"name":"wp","href":"https:\/\/api.w.org\/{rel}","templated":true}]}}