{"id":844,"date":"2023-07-27T15:14:18","date_gmt":"2023-07-27T13:14:18","guid":{"rendered":"https:\/\/www.elicit-plant.com\/?page_id=844"},"modified":"2025-01-16T15:10:27","modified_gmt":"2025-01-16T14:10:27","slug":"livre-blanc","status":"publish","type":"page","link":"https:\/\/www.elicit-plant.com\/fr\/le-stress-hydrique\/livre-blanc\/","title":{"rendered":"Livre blanc"},"content":{"rendered":"<section class=\"cbo-hero cbo-margin-container hero--colorgreen\" data-anim-group>\n\t<div class=\"cbo-breadcrumbs breadcrumbs--normal\">\n  <div class=\"breadcrumbs-inner\">\n    <span><span><a href=\"https:\/\/www.elicit-plant.com\/fr\/\">Accueil<\/a><\/span><\/span>\t<\/div>\n<\/div>\n\t<div class=\"hero-inner cbo-container container--padding\">\n\n\t\t<div class=\"hero-shapes\">\n\t\t\t<div class=\"shapes-color scale-up\"><\/div>\n\n\t\t\t<div class=\"shapes-picture cbo-picture-cover scale-up\"  data-delay=\"450\">\n\t\t\t\t<img decoding=\"async\" src=\"https:\/\/www.elicit-plant.com\/app\/uploads\/sites\/1\/2023\/07\/elicit-plant-header-livre-blanc-1536x531-1-320x222.png\" srcset=\"https:\/\/www.elicit-plant.com\/app\/uploads\/sites\/1\/2023\/07\/elicit-plant-header-livre-blanc-1536x531-1-320x222.png 320w, https:\/\/www.elicit-plant.com\/app\/uploads\/sites\/1\/2023\/07\/elicit-plant-header-livre-blanc-1536x531-1.png 768w\" class=\"\" alt=\"\" width=\"320\" height=\"222\" sizes=\"auto, 100vw\" loading=\"lazy\" \/>\t\t\t<\/div>\n\t\t<\/div>\n\n\t\t<div class=\"hero-content cbo-cms cms--large cms--white\">\n\t\t\t<div class=\"content-text\">\n\t\t\t\t<h1 class=\"hero-title cbo-heading slide-down\">\n\t\t\t\t\tLivre blanc sur les solutions face au manque d&rsquo;eau en agriculture\t\t\t\t<\/h1>\n\n\t\t\t\t\t\t\t\t\t<p class=\"fade-in\" data-delay=\"450\">\n\t\t\t\t\t\tUn levier pour aider les fili\u00e8res \u00e0 faire face au d\u00e9fi climatique\t\t\t\t\t<\/p>\n\t\t\t\t\t\t\t<\/div>\n\t\t<\/div>\n\n\t<\/div>\n<\/section>\n\n<section class=\"cbo-text cbo-margin-container\">\n    <div class=\"\n        text-inner\n                cbo-container\n        container--small        \"\n    >\n        <div class=\"text-content cbo-cms cms--large\">\n            <h2 style=\"text-align: center;\"><strong>T\u00e9l\u00e9chargez gratuitement<\/strong> notre livre blanc sur<br \/>\n<strong>les bonnes pratiques pour produire quand l\u2019eau vient \u00e0 manquer<\/strong><\/h2>\n<p>&nbsp;<\/p>\n<p>Quelle que soit la zone de production, l\u2019eau est, pour les cultures, un bien pr\u00e9cieux. Ces derni\u00e8res ann\u00e9es, force est de constater que les \u00e9pisodes de s\u00e9cheresse et de canicule se multiplient, tant en fr\u00e9quence qu\u2019en intensit\u00e9, avec la n\u00e9cessit\u00e9 pour les agriculteurs d\u2019adapter leurs pratiques culturales. M\u00eame si le manque d\u2019eau ne dure que quelques jours, il peut suffire \u00e0 d\u00e9r\u00e9gler le fonctionnement de la plante et donc, p\u00e9naliser le rendement final.<\/p>\n<p>Le choix de cultures moins gourmandes en eau s\u2019affiche donc comme une strat\u00e9gie \u00e0 part enti\u00e8re. Mais r\u00e9ussir \u00e0 cultiver avec moins d\u2019eau, c\u2019est aussi r\u00e9pondre \u00e0 des enjeux climatiques et r\u00e9glementaires : assurer l\u2019autonomie alimentaire de territoires tout entiers, pr\u00e9server une ressource de plus en plus rare et satisfaire des cahiers des charges soucieux de produire plus et mieux avec moins. Un \u00e9quilibre pas toujours facile \u00e0 trouver. Voici des solutions pour y parvenir.<\/p>\n\n            <div style=\"clear: both;\"><\/div>\n        <\/div>\n    <\/div>\n<\/section>\n\n\n<section class=\"cbo-textproduct textproduct--reverse\">\n    <div class=\"textproduct-inner cbo-container\">\n\n        <div class=\"textproduct-picture\">\n                            <div class=\"picture-product cbo-picture-contain slide-right\">\n                    <img decoding=\"async\" src=\"https:\/\/www.elicit-plant.com\/app\/uploads\/sites\/1\/2024\/04\/Telecharger-Livre-Blanc-4-bonnes-pratiques-pour-produire-quand-eau-vient-a-manquer-570x768.png\" srcset=\"https:\/\/www.elicit-plant.com\/app\/uploads\/sites\/1\/2024\/04\/Telecharger-Livre-Blanc-4-bonnes-pratiques-pour-produire-quand-eau-vient-a-manquer-237x320.png 320w, https:\/\/www.elicit-plant.com\/app\/uploads\/sites\/1\/2024\/04\/Telecharger-Livre-Blanc-4-bonnes-pratiques-pour-produire-quand-eau-vient-a-manquer-570x768.png 768w, https:\/\/www.elicit-plant.com\/app\/uploads\/sites\/1\/2024\/04\/Telecharger-Livre-Blanc-4-bonnes-pratiques-pour-produire-quand-eau-vient-a-manquer-760x1024.png 1024w\" class=\"\" alt=\"T\u00e9l\u00e9charger : Livre Blanc 4 bonnes pratiques pour produire quand l\u2019eau vient \u00e0 manquer\" width=\"570\" height=\"768\" sizes=\"auto, 100vw\" loading=\"lazy\" \/>                <\/div>\n                        <div class=\"picture-inner cbo-picture-cover\">\n                <img decoding=\"async\" src=\"https:\/\/www.elicit-plant.com\/app\/uploads\/sites\/1\/2023\/11\/tri-culture-320x320.jpg\" srcset=\"https:\/\/www.elicit-plant.com\/app\/uploads\/sites\/1\/2023\/11\/tri-culture-320x320.jpg 320w, https:\/\/www.elicit-plant.com\/app\/uploads\/sites\/1\/2023\/11\/tri-culture-768x768.jpg 768w, https:\/\/www.elicit-plant.com\/app\/uploads\/sites\/1\/2023\/11\/tri-culture.jpg 1024w\" class=\"\" alt=\"Trois grandes cultures\" width=\"320\" height=\"320\" sizes=\"auto, 100vw\" loading=\"lazy\" \/>            <\/div>\n        <\/div>\n\n        <div class=\"textproduct-content cbo-cms cms--large\">\n            \n            \n            <h3 class=\"wp-block-heading mt-5\">Sommaire<\/h3>\n<ul class=\"landing-page--list\">\n<li>Les m\u00e9canismes de d\u00e9fense naturelle des plantes<\/li>\n<li>Opter pour des vari\u00e9t\u00e9s, voire des esp\u00e8ces, moins sensibles au stress hydrique<\/li>\n<li>Activer tous les leviers agronomiques disponibles<\/li>\n<li>Optimiser la gestion de l\u2019irrigation<\/li>\n<li>Recourir aux biostimulants<\/li>\n<\/ul>\n<p><script charset=\"utf-8\" type=\"text\/javascript\" src=\"\/\/js-eu1.hsforms.net\/forms\/embed\/v2.js\"><\/script><br \/>\n<script>\n  hbspt.forms.create({\n    region: \"eu1\",\n    portalId: \"143801506\",\n    formId: \"76b2e4e7-f9eb-45c2-9502-3668d953779b\"\n  });\n<\/script><\/p>\n        <\/div>\n\n    <\/div>\n<\/section>\n\n<section class=\"cbo-text cbo-margin-container\">\n    <div class=\"\n        text-inner\n                cbo-container\n        container--small        \"\n    >\n        <div class=\"text-content cbo-cms cms--large\">\n            <div style=\"background-color: #f3f3f3; padding: 50px; border-top-right-radius: 50px; border-bottom-left-radius: 50px; text-align: left;\">\n<p>Nous avons \u00e9galement cr\u00e9\u00e9 un <a href=\"https:\/\/www.elicit-plant.com\/fr\/le-stress-hydrique-en-agriculture\/\">guide complet d\u00e9di\u00e9 au stress hydrique en agriculture<\/a> pour vous offrir une ressource essentielle sur ce sujet strat\u00e9gique. Ce guide rassemble tout ce qu\u2019il faut savoir pour comprendre les enjeux li\u00e9s au manque d\u2019eau et mieux appr\u00e9hender ses impacts. Des causes aux cons\u00e9quences, en passant par les zones les plus touch\u00e9es et les solutions disponibles, chaque aspect est abord\u00e9 pour vous accompagner dans la gestion de ce d\u00e9fi. Explorez nos contenus interconnect\u00e9s pour d\u00e9couvrir des conseils pratiques et des r\u00e9ponses concr\u00e8tes face au stress hydrique en agriculture.<\/p>\n<p style=\"text-align: center;\"><a class=\"cbo-button\" href=\"https:\/\/www.elicit-plant.com\/fr\/le-stress-hydrique-en-agriculture\/\">Voir le guide sur le stress hydrique en agriculture<\/a><\/p>\n<div><\/div>\n<\/div>\n\n            <div style=\"clear: both;\"><\/div>\n        <\/div>\n    <\/div>\n<\/section>\n\n\n<section class=\"cbo-productpush\">\n\t<div class=\"productpush-inner cbo-container container--padding\">\n\n\t\t\t\t<h2 class=\"productpush-title\">\n\t\t\tLe stress hydrique affecte vos cultures ? D\u00e9couvrez nos solutions !\t\t<\/h2>\n\t\t\n\t\t<div class=\"productpush-list\">\n\t\t\t\t\t\t<div class=\"list-el\">\n\t\t\t\t<a href=\"https:\/\/www.elicit-plant.com\/fr\/produits\/best-a-mais\/\" class=\"cbo-product product--orange\">\n\t<span class=\"product-picture\">\n\t\t<span class=\"picture-background cbo-picture-cover\">\n\t\t\t<img decoding=\"async\" src=\"https:\/\/www.elicit-plant.com\/app\/uploads\/sites\/1\/2023\/07\/img-produit-background-pattern_mais@2x-317x320.png\" srcset=\"https:\/\/www.elicit-plant.com\/app\/uploads\/sites\/1\/2023\/07\/img-produit-background-pattern_mais@2x.png 768w, https:\/\/www.elicit-plant.com\/app\/uploads\/sites\/1\/2023\/07\/img-produit-background-pattern_mais@2x.png 1024w\" class=\"\" alt=\"Fond orange ma\u00efs\" width=\"317\" height=\"320\" sizes=\"auto, 100vw\" loading=\"lazy\" \/>\t\t<\/span>\n\t\t<span class=\"picture-thumbnail cbo-picture-contain\">\n\t\t\t<img decoding=\"async\" src=\"https:\/\/www.elicit-plant.com\/app\/uploads\/sites\/1\/2023\/07\/Best-a-bayer-biais-570x768.png\"  sizes=\"100vw\" class=\"\" alt=\"Best-a Bayer Ma\u00efs\"  loading=\"lazy\" \/>\t\t<\/span>\n\t<\/span>\n\t<h3 class=\"product-title cbo-title-4\">\n\t\tBest-a : Ma\u00efs\t<\/h3>\n<\/a>\t\t\t<\/div>\n\t\t\t\t\t\t<div class=\"list-el\">\n\t\t\t\t<a href=\"https:\/\/www.elicit-plant.com\/fr\/produits\/eligrain-a-cereales\/\" class=\"cbo-product product--yellow\">\n\t<span class=\"product-picture\">\n\t\t<span class=\"picture-background cbo-picture-cover\">\n\t\t\t<img decoding=\"async\" src=\"https:\/\/www.elicit-plant.com\/app\/uploads\/sites\/1\/2023\/07\/img-produit-background-pattern_ble@2x-315x320.png\" srcset=\"https:\/\/www.elicit-plant.com\/app\/uploads\/sites\/1\/2023\/07\/img-produit-background-pattern_ble@2x.png 768w, https:\/\/www.elicit-plant.com\/app\/uploads\/sites\/1\/2023\/07\/img-produit-background-pattern_ble@2x.png 1024w\" class=\"\" alt=\"Fond jaune C\u00e9r\u00e9ales\" width=\"315\" height=\"320\" sizes=\"auto, 100vw\" loading=\"lazy\" \/>\t\t<\/span>\n\t\t<span class=\"picture-thumbnail cbo-picture-contain\">\n\t\t\t<img decoding=\"async\" src=\"https:\/\/www.elicit-plant.com\/app\/uploads\/sites\/1\/2023\/07\/EliGrain-biais-2.png\"  sizes=\"100vw\" class=\"\" alt=\"EliGrain-a C\u00e9r\u00e9ales\"  loading=\"lazy\" \/>\t\t<\/span>\n\t<\/span>\n\t<h3 class=\"product-title cbo-title-4\">\n\t\tEliGrain-a : Orge\t<\/h3>\n<\/a>\t\t\t<\/div>\n\t\t\t\t\t\t<div class=\"list-el\">\n\t\t\t\t<a href=\"https:\/\/www.elicit-plant.com\/fr\/produits\/eligrain-a-cereales-ble\/\" class=\"cbo-product product--yellow\">\n\t<span class=\"product-picture\">\n\t\t<span class=\"picture-background cbo-picture-cover\">\n\t\t\t<img decoding=\"async\" src=\"https:\/\/www.elicit-plant.com\/app\/uploads\/sites\/1\/2023\/07\/img-produit-background-pattern_ble@2x-315x320.png\" srcset=\"https:\/\/www.elicit-plant.com\/app\/uploads\/sites\/1\/2023\/07\/img-produit-background-pattern_ble@2x.png 768w, https:\/\/www.elicit-plant.com\/app\/uploads\/sites\/1\/2023\/07\/img-produit-background-pattern_ble@2x.png 1024w\" class=\"\" alt=\"Fond jaune C\u00e9r\u00e9ales\" width=\"315\" height=\"320\" sizes=\"auto, 100vw\" loading=\"lazy\" \/>\t\t<\/span>\n\t\t<span class=\"picture-thumbnail cbo-picture-contain\">\n\t\t\t<img decoding=\"async\" src=\"https:\/\/www.elicit-plant.com\/app\/uploads\/sites\/1\/2024\/09\/EliGrain-a-Cereales-Ble.png\"  sizes=\"100vw\" class=\"\" alt=\"EliGrain-a C\u00e9r\u00e9ales Bl\u00e9\"  loading=\"lazy\" \/>\t\t<\/span>\n\t<\/span>\n\t<h3 class=\"product-title cbo-title-4\">\n\t\tEliGrain-a : Bl\u00e9\t<\/h3>\n<\/a>\t\t\t<\/div>\n\t\t\t\t\t\t<div class=\"list-el\">\n\t\t\t\t<a href=\"https:\/\/www.elicit-plant.com\/fr\/produits\/elisun-a-tournesol\/\" class=\"cbo-product product--brown\">\n\t<span class=\"product-picture\">\n\t\t<span class=\"picture-background cbo-picture-cover\">\n\t\t\t<img decoding=\"async\" src=\"https:\/\/www.elicit-plant.com\/app\/uploads\/sites\/1\/2023\/07\/img-produit-background-pattern_tournesol@2x-316x320.png\" srcset=\"https:\/\/www.elicit-plant.com\/app\/uploads\/sites\/1\/2023\/07\/img-produit-background-pattern_tournesol@2x.png 768w, https:\/\/www.elicit-plant.com\/app\/uploads\/sites\/1\/2023\/07\/img-produit-background-pattern_tournesol@2x.png 1024w\" class=\"\" alt=\"Fond marron Tournesol\" width=\"316\" height=\"320\" sizes=\"auto, 100vw\" loading=\"lazy\" \/>\t\t<\/span>\n\t\t<span class=\"picture-thumbnail cbo-picture-contain\">\n\t\t\t<img decoding=\"async\" src=\"https:\/\/www.elicit-plant.com\/app\/uploads\/sites\/1\/2023\/07\/EliSun-biais-570x768.png\"  sizes=\"100vw\" class=\"\" alt=\"EliSun-a Tournesol\"  loading=\"lazy\" \/>\t\t<\/span>\n\t<\/span>\n\t<h3 class=\"product-title cbo-title-4\">\n\t\tEliSun-a : Tournesol\t<\/h3>\n<\/a>\t\t\t<\/div>\n\t\t\t\t\t<\/div>\n\n\t<\/div>\n<\/section>","protected":false},"excerpt":{"rendered":"<p>T\u00e9l\u00e9chargez gratuitement notre livre blanc sur les bonnes pratiques pour produire quand l\u2019eau vient \u00e0 manquer &nbsp; Quelle que soit la zone de production, l\u2019eau est, pour les cultures, un bien pr\u00e9cieux. Ces derni\u00e8res ann\u00e9es, force est de constater que les \u00e9pisodes de s\u00e9cheresse et de canicule se multiplient, tant en fr\u00e9quence qu\u2019en intensit\u00e9, avec la n\u00e9cessit\u00e9 pour les agriculteurs d\u2019adapter leurs pratiques culturales. M\u00eame si le manque d\u2019eau ne dure que quelques jours, il peut suffire \u00e0 d\u00e9r\u00e9gler le fonctionnement de la plante et donc, p\u00e9naliser le rendement final. Le choix de cultures moins gourmandes en eau s\u2019affiche donc comme une strat\u00e9gie \u00e0 part enti\u00e8re. Mais r\u00e9ussir \u00e0 cultiver avec moins d\u2019eau, c\u2019est aussi r\u00e9pondre \u00e0 des enjeux climatiques et r\u00e9glementaires : assurer l\u2019autonomie alimentaire de territoires tout entiers, pr\u00e9server une ressource de plus en plus rare et satisfaire des cahiers des charges soucieux de produire plus et mieux&#8230;<\/p>\n","protected":false},"author":3,"featured_media":631,"parent":676,"menu_order":0,"comment_status":"closed","ping_status":"closed","template":"","meta":{"_acf_changed":false,"footnotes":""},"class_list":["post-844","page","type-page","status-publish","has-post-thumbnail","hentry"],"acf":[],"yoast_head":"<!-- This site is optimized with the Yoast SEO plugin v27.2 - https:\/\/yoast.com\/product\/yoast-seo-wordpress\/ -->\n<title>Solutions face au Manque d&#039;Eau en Agriculture | Livre blanc<\/title>\n<meta name=\"description\" content=\"D\u00e9couvrez 4 bonnes pratiques agricoles pour produire quand l&#039;eau vient \u00e0 manquer. R\u00e9alis\u00e9 par Elicit Plant, expert du stress hydrique.\" \/>\n<meta name=\"robots\" content=\"index, follow, max-snippet:-1, max-image-preview:large, max-video-preview:-1\" \/>\n<link rel=\"canonical\" href=\"https:\/\/www.elicit-plant.com\/fr\/le-stress-hydrique\/livre-blanc\/\" \/>\n<meta property=\"og:locale\" content=\"fr_FR\" \/>\n<meta property=\"og:type\" content=\"article\" \/>\n<meta property=\"og:title\" content=\"Solutions face au Manque d&#039;Eau en Agriculture | Livre blanc\" \/>\n<meta property=\"og:description\" content=\"D\u00e9couvrez 4 bonnes pratiques agricoles pour produire quand l&#039;eau vient \u00e0 manquer. R\u00e9alis\u00e9 par Elicit Plant, expert du stress hydrique.\" \/>\n<meta property=\"og:url\" content=\"https:\/\/www.elicit-plant.com\/fr\/le-stress-hydrique\/livre-blanc\/\" \/>\n<meta property=\"og:site_name\" content=\"Elicit Plant France\" \/>\n<meta property=\"article:modified_time\" content=\"2025-01-16T14:10:27+00:00\" \/>\n<meta property=\"og:image\" content=\"https:\/\/www.elicit-plant.com\/fr\/wp-content\/uploads\/sites\/1\/2023\/07\/elicit-plant-header-livre-blanc-1536x531-1.png\" \/>\n\t<meta property=\"og:image:width\" content=\"401\" \/>\n\t<meta property=\"og:image:height\" content=\"278\" \/>\n\t<meta property=\"og:image:type\" content=\"image\/png\" \/>\n<meta name=\"twitter:card\" content=\"summary_large_image\" \/>\n<meta name=\"twitter:label1\" content=\"Dur\u00e9e de lecture estim\u00e9e\" \/>\n\t<meta name=\"twitter:data1\" content=\"1 minute\" \/>\n<script type=\"application\/ld+json\" class=\"yoast-schema-graph\">{\"@context\":\"https:\/\/schema.org\",\"@graph\":[{\"@type\":\"WebPage\",\"@id\":\"https:\/\/www.elicit-plant.com\/fr\/le-stress-hydrique\/livre-blanc\/\",\"url\":\"https:\/\/www.elicit-plant.com\/fr\/le-stress-hydrique\/livre-blanc\/\",\"name\":\"Solutions face au Manque d'Eau en Agriculture | Livre blanc\",\"isPartOf\":{\"@id\":\"https:\/\/www.elicit-plant.com\/fr\/#website\"},\"primaryImageOfPage\":{\"@id\":\"https:\/\/www.elicit-plant.com\/fr\/le-stress-hydrique\/livre-blanc\/#primaryimage\"},\"image\":{\"@id\":\"https:\/\/www.elicit-plant.com\/fr\/le-stress-hydrique\/livre-blanc\/#primaryimage\"},\"thumbnailUrl\":\"https:\/\/www.elicit-plant.com\/app\/uploads\/sites\/1\/2023\/07\/elicit-plant-header-livre-blanc-1536x531-1.png\",\"datePublished\":\"2023-07-27T13:14:18+00:00\",\"dateModified\":\"2025-01-16T14:10:27+00:00\",\"description\":\"D\u00e9couvrez 4 bonnes pratiques agricoles pour produire quand l'eau vient \u00e0 manquer. R\u00e9alis\u00e9 par Elicit Plant, expert du stress hydrique.\",\"breadcrumb\":{\"@id\":\"https:\/\/www.elicit-plant.com\/fr\/le-stress-hydrique\/livre-blanc\/#breadcrumb\"},\"inLanguage\":\"fr-FR\",\"potentialAction\":[{\"@type\":\"ReadAction\",\"target\":[\"https:\/\/www.elicit-plant.com\/fr\/le-stress-hydrique\/livre-blanc\/\"]}]},{\"@type\":\"ImageObject\",\"inLanguage\":\"fr-FR\",\"@id\":\"https:\/\/www.elicit-plant.com\/fr\/le-stress-hydrique\/livre-blanc\/#primaryimage\",\"url\":\"https:\/\/www.elicit-plant.com\/app\/uploads\/sites\/1\/2023\/07\/elicit-plant-header-livre-blanc-1536x531-1.png\",\"contentUrl\":\"https:\/\/www.elicit-plant.com\/app\/uploads\/sites\/1\/2023\/07\/elicit-plant-header-livre-blanc-1536x531-1.png\",\"width\":401,\"height\":278,\"caption\":\"Livre Blanc sur le changement climatique et le stress hydrique\"},{\"@type\":\"BreadcrumbList\",\"@id\":\"https:\/\/www.elicit-plant.com\/fr\/le-stress-hydrique\/livre-blanc\/#breadcrumb\",\"itemListElement\":[{\"@type\":\"ListItem\",\"position\":1,\"name\":\"Accueil\",\"item\":\"https:\/\/www.elicit-plant.com\/fr\/\"},{\"@type\":\"ListItem\",\"position\":2,\"name\":\"Stress hydrique\",\"item\":\"https:\/\/www.elicit-plant.com\/fr\/le-stress-hydrique\/\"},{\"@type\":\"ListItem\",\"position\":3,\"name\":\"Livre blanc\"}]},{\"@type\":\"WebSite\",\"@id\":\"https:\/\/www.elicit-plant.com\/fr\/#website\",\"url\":\"https:\/\/www.elicit-plant.com\/fr\/\",\"name\":\"Elicit Plant France\",\"description\":\"Elicit Plant est experte dans la ma\u00eetrise de l\u2019apport des phytost\u00e9rols sur les cultures en plein champ. En r\u00e9duisant le stress des plantes, cette technologie am\u00e9liore les rendements et pr\u00e9serve les ressources naturelles.\",\"potentialAction\":[{\"@type\":\"SearchAction\",\"target\":{\"@type\":\"EntryPoint\",\"urlTemplate\":\"https:\/\/www.elicit-plant.com\/fr\/?s={search_term_string}\"},\"query-input\":{\"@type\":\"PropertyValueSpecification\",\"valueRequired\":true,\"valueName\":\"search_term_string\"}}],\"inLanguage\":\"fr-FR\"}]}<\/script>\n<!-- \/ Yoast SEO plugin. -->","yoast_head_json":{"title":"Solutions face au Manque d'Eau en Agriculture | Livre blanc","description":"D\u00e9couvrez 4 bonnes pratiques agricoles pour produire quand l'eau vient \u00e0 manquer. R\u00e9alis\u00e9 par Elicit Plant, expert du stress hydrique.","robots":{"index":"index","follow":"follow","max-snippet":"max-snippet:-1","max-image-preview":"max-image-preview:large","max-video-preview":"max-video-preview:-1"},"canonical":"https:\/\/www.elicit-plant.com\/fr\/le-stress-hydrique\/livre-blanc\/","og_locale":"fr_FR","og_type":"article","og_title":"Solutions face au Manque d'Eau en Agriculture | Livre blanc","og_description":"D\u00e9couvrez 4 bonnes pratiques agricoles pour produire quand l'eau vient \u00e0 manquer. R\u00e9alis\u00e9 par Elicit Plant, expert du stress hydrique.","og_url":"https:\/\/www.elicit-plant.com\/fr\/le-stress-hydrique\/livre-blanc\/","og_site_name":"Elicit Plant France","article_modified_time":"2025-01-16T14:10:27+00:00","og_image":[{"width":401,"height":278,"url":"https:\/\/www.elicit-plant.com\/fr\/wp-content\/uploads\/sites\/1\/2023\/07\/elicit-plant-header-livre-blanc-1536x531-1.png","type":"image\/png"}],"twitter_card":"summary_large_image","twitter_misc":{"Dur\u00e9e de lecture estim\u00e9e":"1 minute"},"schema":{"@context":"https:\/\/schema.org","@graph":[{"@type":"WebPage","@id":"https:\/\/www.elicit-plant.com\/fr\/le-stress-hydrique\/livre-blanc\/","url":"https:\/\/www.elicit-plant.com\/fr\/le-stress-hydrique\/livre-blanc\/","name":"Solutions face au Manque d'Eau en Agriculture | Livre blanc","isPartOf":{"@id":"https:\/\/www.elicit-plant.com\/fr\/#website"},"primaryImageOfPage":{"@id":"https:\/\/www.elicit-plant.com\/fr\/le-stress-hydrique\/livre-blanc\/#primaryimage"},"image":{"@id":"https:\/\/www.elicit-plant.com\/fr\/le-stress-hydrique\/livre-blanc\/#primaryimage"},"thumbnailUrl":"https:\/\/www.elicit-plant.com\/app\/uploads\/sites\/1\/2023\/07\/elicit-plant-header-livre-blanc-1536x531-1.png","datePublished":"2023-07-27T13:14:18+00:00","dateModified":"2025-01-16T14:10:27+00:00","description":"D\u00e9couvrez 4 bonnes pratiques agricoles pour produire quand l'eau vient \u00e0 manquer. R\u00e9alis\u00e9 par Elicit Plant, expert du stress hydrique.","breadcrumb":{"@id":"https:\/\/www.elicit-plant.com\/fr\/le-stress-hydrique\/livre-blanc\/#breadcrumb"},"inLanguage":"fr-FR","potentialAction":[{"@type":"ReadAction","target":["https:\/\/www.elicit-plant.com\/fr\/le-stress-hydrique\/livre-blanc\/"]}]},{"@type":"ImageObject","inLanguage":"fr-FR","@id":"https:\/\/www.elicit-plant.com\/fr\/le-stress-hydrique\/livre-blanc\/#primaryimage","url":"https:\/\/www.elicit-plant.com\/app\/uploads\/sites\/1\/2023\/07\/elicit-plant-header-livre-blanc-1536x531-1.png","contentUrl":"https:\/\/www.elicit-plant.com\/app\/uploads\/sites\/1\/2023\/07\/elicit-plant-header-livre-blanc-1536x531-1.png","width":401,"height":278,"caption":"Livre Blanc sur le changement climatique et le stress hydrique"},{"@type":"BreadcrumbList","@id":"https:\/\/www.elicit-plant.com\/fr\/le-stress-hydrique\/livre-blanc\/#breadcrumb","itemListElement":[{"@type":"ListItem","position":1,"name":"Accueil","item":"https:\/\/www.elicit-plant.com\/fr\/"},{"@type":"ListItem","position":2,"name":"Stress hydrique","item":"https:\/\/www.elicit-plant.com\/fr\/le-stress-hydrique\/"},{"@type":"ListItem","position":3,"name":"Livre blanc"}]},{"@type":"WebSite","@id":"https:\/\/www.elicit-plant.com\/fr\/#website","url":"https:\/\/www.elicit-plant.com\/fr\/","name":"Elicit Plant France","description":"Elicit Plant est experte dans la ma\u00eetrise de l\u2019apport des phytost\u00e9rols sur les cultures en plein champ. En r\u00e9duisant le stress des plantes, cette technologie am\u00e9liore les rendements et pr\u00e9serve les ressources naturelles.","potentialAction":[{"@type":"SearchAction","target":{"@type":"EntryPoint","urlTemplate":"https:\/\/www.elicit-plant.com\/fr\/?s={search_term_string}"},"query-input":{"@type":"PropertyValueSpecification","valueRequired":true,"valueName":"search_term_string"}}],"inLanguage":"fr-FR"}]}},"_links":{"self":[{"href":"https:\/\/www.elicit-plant.com\/fr\/wp-json\/wp\/v2\/pages\/844","targetHints":{"allow":["GET"]}}],"collection":[{"href":"https:\/\/www.elicit-plant.com\/fr\/wp-json\/wp\/v2\/pages"}],"about":[{"href":"https:\/\/www.elicit-plant.com\/fr\/wp-json\/wp\/v2\/types\/page"}],"author":[{"embeddable":true,"href":"https:\/\/www.elicit-plant.com\/fr\/wp-json\/wp\/v2\/users\/3"}],"replies":[{"embeddable":true,"href":"https:\/\/www.elicit-plant.com\/fr\/wp-json\/wp\/v2\/comments?post=844"}],"version-history":[{"count":16,"href":"https:\/\/www.elicit-plant.com\/fr\/wp-json\/wp\/v2\/pages\/844\/revisions"}],"predecessor-version":[{"id":6476,"href":"https:\/\/www.elicit-plant.com\/fr\/wp-json\/wp\/v2\/pages\/844\/revisions\/6476"}],"up":[{"embeddable":true,"href":"https:\/\/www.elicit-plant.com\/fr\/wp-json\/wp\/v2\/pages\/676"}],"wp:featuredmedia":[{"embeddable":true,"href":"https:\/\/www.elicit-plant.com\/fr\/wp-json\/wp\/v2\/media\/631"}],"wp:attachment":[{"href":"https:\/\/www.elicit-plant.com\/fr\/wp-json\/wp\/v2\/media?parent=844"}],"curies":[{"name":"wp","href":"https:\/\/api.w.org\/{rel}","templated":true}]}}