{"id":255,"date":"2025-11-20T09:34:14","date_gmt":"2025-11-20T08:34:14","guid":{"rendered":"https:\/\/www.elicit-plant.com\/hr\/?page_id=255"},"modified":"2026-01-06T14:13:08","modified_gmt":"2026-01-06T13:13:08","slug":"znanost-i-tehnologija","status":"publish","type":"page","link":"https:\/\/www.elicit-plant.com\/hr\/znanost-i-tehnologija\/","title":{"rendered":"Znanost i tehnologija"},"content":{"rendered":"<section class=\"cbo-hero cbo-margin-container hero--colorblue\" data-anim-group>\n\t<div class=\"cbo-breadcrumbs breadcrumbs--normal\">\n  <div class=\"breadcrumbs-inner\">\n    <span><span><a href=\"https:\/\/www.elicit-plant.com\/hr\/\">Po\u010detna stranica<\/a><\/span><\/span>\t<\/div>\n<\/div>\n\t<div class=\"hero-inner cbo-container container--padding\">\n\n\t\t<div class=\"hero-shapes\">\n\t\t\t<div class=\"shapes-color scale-up\"><\/div>\n\n\t\t\t<div class=\"shapes-picture cbo-picture-cover scale-up\"  data-delay=\"450\">\n\t\t\t\t\t\t\t<\/div>\n\t\t<\/div>\n\n\t\t<div class=\"hero-content cbo-cms cms--large cms--white\">\n\t\t\t<div class=\"content-text\">\n\t\t\t\t<h1 class=\"hero-title cbo-heading slide-down\">\n\t\t\t\t\tZnanost i tehnologija o fitosterolima\t\t\t\t<\/h1>\n\n\t\t\t\t\t\t\t<\/div>\n\t\t<\/div>\n\n\t<\/div>\n<\/section>\n\n<section class=\"cbo-text cbo-halo cbo-margin-container\">\n    <div class=\"\n        text-inner\n                cbo-container\n        container--small        \"\n    >\n        <div class=\"text-content cbo-cms cms--large\">\n            <h2><strong>Upotreba fitosterola za poticanje prirodnih mehanizama otpornosti na stres<\/strong><\/h2>\n\n            <div style=\"clear: both;\"><\/div>\n        <\/div>\n    <\/div>\n<\/section>\n\n\n<section class=\"cbo-textpicture textpicture--normal\">\n    <div class=\"textpicture-inner cbo-container container--small\">\n\n        <div class=\"textpicture-picture\">\n            <div class=\"picture-inner cbo-picture-cover\">\n                <img decoding=\"async\" src=\"https:\/\/www.elicit-plant.com\/app\/uploads\/sites\/15\/2025\/11\/stomata2-263x320.jpg\" srcset=\"https:\/\/www.elicit-plant.com\/app\/uploads\/sites\/15\/2025\/11\/stomata2-263x320.jpg 320w, https:\/\/www.elicit-plant.com\/app\/uploads\/sites\/15\/2025\/11\/stomata2-632x768.jpg 768w, https:\/\/www.elicit-plant.com\/app\/uploads\/sites\/15\/2025\/11\/stomata2-842x1024.jpg 1024w\" class=\"\" alt=\"prikaz pu\u010di iz blizine\" width=\"263\" height=\"320\" sizes=\"auto, 100vw\" loading=\"lazy\" \/>            <\/div>\n        <\/div>\n\n        <div class=\"textpicture-content cbo-cms cms--large\">\n            \n            \n            <h2>Fitosteroli i njihova uloga<\/h2>\n<ul>\n<li>\n<p class=\"cbo-chapo\">Aktivira fiziolo\u0161ke obrambene mehanizme biljaka kao odgovor na stresne uvjete iz okoli\u0161a.<\/p>\n<\/li>\n<\/ul>\n        <\/div>\n\n    <\/div>\n<\/section>\n\n<section class=\"cbo-text cbo-margin-container\">\n    <div class=\"\n        text-inner\n                cbo-container\n        container--small        \"\n    >\n        <div class=\"text-content cbo-cms cms--large\">\n            <p style=\"margin-top: 0cm;\"><span lang=\"HR\" style=\"font-family: 'Space Grotesk'; color: #3e2b2e;\">Razvili smo i\u00a0<\/span><strong><span lang=\"HR\" style=\"font-family: 'Space Grotesk'; color: #86b049;\">formulirali otopinu na bazi fitosterola<\/span><\/strong><span lang=\"HR\" style=\"font-family: 'Space Grotesk'; color: #3e2b2e;\">\u00a0koriste\u0107i se svojstvima fitosterola za postizanje ciljanih fiziolo\u0161kih odgovora na specifi\u010dne stresove na razli\u010ditim usjevima.<\/span><\/p>\n<p><span lang=\"HR\" style=\"font-family: 'Space Grotesk'; color: #3e2b2e;\">Kao rezultat toga, biljke su otpornije,\u00a0<\/span><strong><span lang=\"HR\" style=\"font-family: 'Space Grotesk'; color: #86b049;\">bolje se prilago\u0111avaju klimatskim promjenama\u00a0i imaju\u00a0o\u010duvane poljoprivredne prinose<\/span><\/strong><span lang=\"HR\" style=\"font-family: 'Space Grotesk'; color: #3e2b2e;\">.<\/span><\/p>\n\n            <div style=\"clear: both;\"><\/div>\n        <\/div>\n    <\/div>\n<\/section>\n\n\n<section class=\"cbo-text cbo-margin-container\">\n    <div class=\"\n        text-inner\n                cbo-container\n        container--small        \"\n    >\n        <div class=\"text-content cbo-cms cms--large\">\n            <h3>Fitosteroli djeluju kao signalne molekule i poma\u017eu biljkama da se prilagode stresnim uvjetima okoline.<\/h3>\n\n            <div style=\"clear: both;\"><\/div>\n        <\/div>\n    <\/div>\n<\/section>\n\n\n<section class=\"cbo-textpicture textpicture--reverse\">\n    <div class=\"textpicture-inner cbo-container container--small\">\n\n        <div class=\"textpicture-picture\">\n            <div class=\"picture-inner cbo-picture-cover\">\n                <img decoding=\"async\" src=\"https:\/\/www.elicit-plant.com\/app\/uploads\/sites\/15\/2025\/11\/close-up-icture-of-stomates-320x320.jpg\" srcset=\"https:\/\/www.elicit-plant.com\/app\/uploads\/sites\/15\/2025\/11\/close-up-icture-of-stomates-320x320.jpg 320w, https:\/\/www.elicit-plant.com\/app\/uploads\/sites\/15\/2025\/11\/close-up-icture-of-stomates.jpg 768w, https:\/\/www.elicit-plant.com\/app\/uploads\/sites\/15\/2025\/11\/close-up-icture-of-stomates.jpg 1024w\" class=\"\" alt=\"krupni plan pu\u010di na listovima\" width=\"320\" height=\"320\" sizes=\"auto, 100vw\" loading=\"lazy\" \/>            <\/div>\n        <\/div>\n\n        <div class=\"textpicture-content cbo-cms cms--large\">\n            \n            \n            <p style=\"margin-top: 0cm;\"><span lang=\"HR\" style=\"font-family: 'Space Grotesk'; color: #3e2b2e;\">Fitosteroli su\u00a0<\/span><strong><span lang=\"HR\" style=\"font-family: 'Space Grotesk'; color: #86b049;\">lipidi biljnog podrijetla<\/span><\/strong><span lang=\"HR\" style=\"font-family: 'Space Grotesk'; color: #3e2b2e;\">\u00a0poznati i prou\u010davani ve\u0107 dugi niz godina. Za razliku od \u017eivotinja, koje imaju samo kolesterol, biljke sintetiziraju<\/span><strong><span lang=\"HR\" style=\"font-family: 'Space Grotesk'; color: #86b049;\">\u00a0veliki broj fitosterola<\/span><\/strong><span lang=\"HR\" style=\"font-family: 'Space Grotesk'; color: #3e2b2e;\">, gradivnih blokova stani\u010dnih membrana. Ove molekule \u010dine dio primarnog metabolizma \u017eivih organizama i stoga su bitne za njihov opstanak.<\/span><\/p>\n<p style=\"margin-bottom: 0cm;\"><span lang=\"HR\" style=\"font-family: 'Space Grotesk'; color: #3e2b2e;\">Zbog svoje prisutnosti u membranama, fitosteroli igraju klju\u010dnu ulogu u regulaciji fluidnosti i propusnosti membrane. \u00a0<\/span><strong><span lang=\"HR\" style=\"font-family: 'Space Grotesk'; color: #86b049;\">Signalne molekule <\/span><\/strong><span lang=\"HR\" style=\"font-family: 'Space Grotesk'; color: #3e2b2e;\">\u00a0koriste ove mehanizme za preno\u0161enje informacija i poticanje rasta biljaka i\/ili prilagodbu biljnih odgovora promjenjivim uvjetima okoline.<\/span><\/p>\n        <\/div>\n\n    <\/div>\n<\/section>\n\n<section class=\"cbo-video video--normal video--titlebefore cbo-margin-container\">\n\t<div class=\"video-inner cbo-container container--small\">\n\n\t\t\t\t<h2 class=\"video-title\">\n\t\t\tKako djeluju fitosteroli?\t\t<\/h2>\n\t\t\n\t\t<div class=\"video-player\" data-player-ancestor>\n\n\t\t\t<div class=\"player-inner\">\n\t\t\t\t<div class=\"cbo-youtube\">\n\t<div class=\"youtube-inner\">\n\n\t\t\t\t<div\n\t\t\tclass=\"youtube-player\"\n\t\t\tdata-id=\"RHA64zZzPSM\"\n\t\t\tid=\"yt_0IKznCo84D\"\n\t\t><\/div>\n\t\t\n\t\t<div class=\"youtube-cover cbo-picture-cover\">\n\n\t\t\t<img decoding=\"async\" src=\"https:\/\/www.elicit-plant.com\/app\/uploads\/sites\/15\/2026\/01\/The-power-of-phytosterols-1024x575.png\"  sizes=\"100vw\" class=\"\" alt=\"\"  loading=\"lazy\" \/>\n\t\t\t<button type=\"button\" class=\"cover-button cbo-youtube-button\">\n\t\t\t\t<i class=\"icon icon-play\"><\/i>\n\t\t\t\t<div class=\"button-spinner cbo-spinner\">\n\t\t\t\t\t<div><\/div>\n\t\t\t\t\t<div><\/div>\n\t\t\t\t\t<div><\/div>\n\t\t\t\t\t<div><\/div>\n\t\t\t\t<\/div>\n\t\t\t<\/button>\n\t\t<\/div>\n\n\t<\/div>\n\n\t<\/div>\t\t\t<\/div>\n\n\t\t\t\n\t\t<\/div>\n\t<\/div>\n<\/section>\n\n\n<section class=\"cbo-text cbo-margin-container\">\n    <div class=\"\n        text-inner\n                cbo-container\n        container--small        \"\n    >\n        <div class=\"text-content cbo-cms cms--large\">\n            <h3>Razumijevanje kako fitosteroli utje\u010du na metabolizam biljaka<\/h3>\n\n            <div style=\"clear: both;\"><\/div>\n        <\/div>\n    <\/div>\n<\/section>\n\n\n<section class=\"cbo-textpicture textpicture--normal\">\n    <div class=\"textpicture-inner cbo-container container--small\">\n\n        <div class=\"textpicture-picture\">\n            <div class=\"picture-inner cbo-picture-cover\">\n                <img decoding=\"async\" src=\"https:\/\/www.elicit-plant.com\/app\/uploads\/sites\/15\/2025\/11\/Schema-Phitosterols-hr-1-320x320.jpg\" srcset=\"https:\/\/www.elicit-plant.com\/app\/uploads\/sites\/15\/2025\/11\/Schema-Phitosterols-hr-1-320x320.jpg 320w, https:\/\/www.elicit-plant.com\/app\/uploads\/sites\/15\/2025\/11\/Schema-Phitosterols-hr-1-768x768.jpg 768w, https:\/\/www.elicit-plant.com\/app\/uploads\/sites\/15\/2025\/11\/Schema-Phitosterols-hr-1.jpg 1024w\" class=\"\" alt=\"shema djelovanja fitosterola\" width=\"320\" height=\"320\" sizes=\"auto, 100vw\" loading=\"lazy\" \/>            <\/div>\n        <\/div>\n\n        <div class=\"textpicture-content cbo-cms cms--large\">\n            \n            \n            <h4>Rast korijena<\/h4>\n<p>Nakon folijarnog prskanja fitosterolima, tretirane biljke do\u017eivljavaju stimulirani rast korijena.<br \/>\nTo je bitno za pobolj\u0161anje istra\u017eivanja tla korijenjem biljaka, a time\u00a0<strong>i za pove\u0107anje spremnika vode<\/strong>\u00a0kojem imaju pristup, \u0161to im omogu\u0107uje da podnose su\u0161u.<\/p>\n<h4>Regulacija evapotranspiracije<\/h4>\n<p>U uvjetima su\u0161e, fitosteroli poma\u017eu u kontroliranju otvaranja stomata, pora preko kojih biljka razmjenjuje plinove s okolinom.<\/p>\n<p>Kada do\u0111e do stresa uzrokovanog nesta\u0161icom vode, tretirane biljke ograni\u010davaju evapotranspiraciju iz li\u0161\u0107a zahvaljuju\u0107i signalnim molekulama koje poti\u010du \u00a0<strong>djelomi\u010dno zatvaranje stomata<\/strong>.<\/p>\n        <\/div>\n\n    <\/div>\n<\/section>\n\n<section class=\"cbo-text cbo-margin-container\">\n    <div class=\"\n        text-inner\n                cbo-container\n        container--normal        \"\n    >\n        <div class=\"text-content cbo-cms cms--large\">\n            <p>Ukratko, folijarnim prskanjem fitosterolima biljke stimuliraju svoj metabolizam kako bi potaknule rast i prilagodile svoj obrambeni sustav promjenama uvjeta okoline,\u00a0<strong>pove\u0107avaju\u0107i svoju toleranciju na stres.<\/strong><\/p>\n\n            <div style=\"clear: both;\"><\/div>\n        <\/div>\n    <\/div>\n<\/section>\n\n\n<section class=\"cbo-text cbo-margin-container\">\n    <div class=\"\n        text-inner\n                cbo-container\n        container--small        \"\n    >\n        <div class=\"text-content cbo-cms cms--large\">\n            <h3>Od znanosti do polja<\/h3>\n\n            <div style=\"clear: both;\"><\/div>\n        <\/div>\n    <\/div>\n<\/section>\n\n\n<section class=\"cbo-textpicture textpicture--normal\">\n    <div class=\"textpicture-inner cbo-container container--small\">\n\n        <div class=\"textpicture-picture\">\n            <div class=\"picture-inner cbo-picture-cover\">\n                <img decoding=\"async\" src=\"https:\/\/www.elicit-plant.com\/app\/uploads\/sites\/15\/2025\/11\/1200x680_sc_1200x680-sc-elicit-plant-protocole-d-application-2-1-320x181.jpg\" srcset=\"https:\/\/www.elicit-plant.com\/app\/uploads\/sites\/15\/2025\/11\/1200x680_sc_1200x680-sc-elicit-plant-protocole-d-application-2-1-320x181.jpg 320w, https:\/\/www.elicit-plant.com\/app\/uploads\/sites\/15\/2025\/11\/1200x680_sc_1200x680-sc-elicit-plant-protocole-d-application-2-1-768x435.jpg 768w, https:\/\/www.elicit-plant.com\/app\/uploads\/sites\/15\/2025\/11\/1200x680_sc_1200x680-sc-elicit-plant-protocole-d-application-2-1-1024x580.jpg 1024w\" class=\"\" alt=\"Traktor koji tretira polje rje\u0161enjima na bazi fitosterola\" width=\"320\" height=\"181\" sizes=\"auto, 100vw\" loading=\"lazy\" \/>            <\/div>\n        <\/div>\n\n        <div class=\"textpicture-content cbo-cms cms--large\">\n            \n            \n            <p>Osim razumijevanja jedinstvenih svojstava fitosterola, tvrtka Elicit Plant je uspje\u0161no prevladala veliku tehnolo\u0161ku prepreku:<\/p>\n<ul>\n<li><strong>formulirati otopinu prikladnu za egzogenu primjenu na velikim povr\u0161inama,<\/strong><\/li>\n<li><strong>kompatibilnu s poljoprivrednim praksama i strojevima,<\/strong><\/li>\n<li><strong>i sa znanstveno dokazanim rezultatima diljem svijeta.<\/strong><\/li>\n<\/ul>\n        <\/div>\n\n    <\/div>\n<\/section>\n\n<section class=\"cbo-featuredlinks featuredlinks--colorwhite\">\n\t<div class=\"featuredlinks-inner cbo-container \">\n\n\t\t\t\t\t<h2 class=\"cbo-title-2 featuredlinks-title\">\n\t\t\t\tRazumijevanje znanosti koja stoji iza tvrtke Elicit Plant\t\t\t<\/h2>\n\t\t\n\t\t<div class=\"featuredlinks-list\" data-anim-group data-group-delay=\"100\">\n\t\t\t\n\t\t\t<div class=\"list-el\">\n\t\t\t\t<a class=\"el-inner\" href=\"https:\/\/www.elicit-plant.com\/hr\/znanstvena-partnerstva\/\">\n\n\t\t\t\t\t<figure class=\"inner-picture cbo-picture-cover\">\n\t\t\t\t\t\t<img decoding=\"async\" src=\"https:\/\/www.elicit-plant.com\/app\/uploads\/sites\/15\/2025\/11\/partnership-between-farmers.jpg\" srcset=\"https:\/\/www.elicit-plant.com\/app\/uploads\/sites\/15\/2025\/11\/partnership-between-farmers-320x205.jpg 320w, https:\/\/www.elicit-plant.com\/app\/uploads\/sites\/15\/2025\/11\/partnership-between-farmers.jpg 840w, https:\/\/www.elicit-plant.com\/app\/uploads\/sites\/15\/2025\/11\/partnership-between-farmers.jpg 1024w, https:\/\/www.elicit-plant.com\/app\/uploads\/sites\/15\/2025\/11\/partnership-between-farmers.jpg 1400w\" class=\"\" alt=\"Suradnja izme\u0111u dvaju poljoprivrednika\" width=\"624\" height=\"400\" sizes=\"auto, 100vw\" loading=\"lazy\" \/>\t\t\t\t\t<\/figure>\n\n\t\t\t\t\t<h3 class=\"inner-title cbo-title-3\">\n\t\t\t\t\t\tZnanstvena partnerstva i validacija u\u010dinkovitosti\t\t\t\t\t<\/h3>\n\n\t\t\t\t\t<span class=\"inner-button cbo-buttonmore\">\n\t\t\t\t\t\t<i class=\"icon icon-cross\"><\/i>\n\t\t\t\t\t<\/span>\n\t\t\t\t<\/a>\n\t\t\t<\/div>\n\n\t\t\t\n\t\t\t<div class=\"list-el\">\n\t\t\t\t<a class=\"el-inner\" href=\"https:\/\/www.elicit-plant.com\/hr\/istrazivacka-platforma-eliterra\/\">\n\n\t\t\t\t\t<figure class=\"inner-picture cbo-picture-cover\">\n\t\t\t\t\t\t<img decoding=\"async\" src=\"https:\/\/www.elicit-plant.com\/app\/uploads\/sites\/15\/2025\/11\/Phytosterols-multiples-768x768-1.jpg\" srcset=\"https:\/\/www.elicit-plant.com\/app\/uploads\/sites\/15\/2025\/11\/Phytosterols-multiples-768x768-1-320x320.jpg 320w, https:\/\/www.elicit-plant.com\/app\/uploads\/sites\/15\/2025\/11\/Phytosterols-multiples-768x768-1.jpg 840w, https:\/\/www.elicit-plant.com\/app\/uploads\/sites\/15\/2025\/11\/Phytosterols-multiples-768x768-1.jpg 1024w, https:\/\/www.elicit-plant.com\/app\/uploads\/sites\/15\/2025\/11\/Phytosterols-multiples-768x768-1.jpg 1400w\" class=\"\" alt=\"Fitosteroli\" width=\"768\" height=\"768\" sizes=\"auto, 100vw\" loading=\"lazy\" \/>\t\t\t\t\t<\/figure>\n\n\t\t\t\t\t<h3 class=\"inner-title cbo-title-3\">\n\t\t\t\t\t\tEliTerra, platforma za istra\u017eiva\u010dku tehnologiju\t\t\t\t\t<\/h3>\n\n\t\t\t\t\t<span class=\"inner-button cbo-buttonmore\">\n\t\t\t\t\t\t<i class=\"icon icon-cross\"><\/i>\n\t\t\t\t\t<\/span>\n\t\t\t\t<\/a>\n\t\t\t<\/div>\n\n\t\t\t\t\t<\/div>\n\n\t<\/div>\n<\/section>\n","protected":false},"excerpt":{"rendered":"<p>Upotreba fitosterola za poticanje prirodnih mehanizama otpornosti na stres Fitosteroli i njihova uloga Aktivira fiziolo\u0161ke obrambene mehanizme biljaka kao odgovor na stresne uvjete iz okoli\u0161a. Razvili smo i\u00a0formulirali otopinu na bazi fitosterola\u00a0koriste\u0107i se svojstvima fitosterola za postizanje ciljanih fiziolo\u0161kih odgovora na specifi\u010dne stresove na razli\u010ditim usjevima. Kao rezultat toga, biljke su otpornije,\u00a0bolje se prilago\u0111avaju klimatskim promjenama\u00a0i imaju\u00a0o\u010duvane poljoprivredne prinose. Fitosteroli djeluju kao signalne molekule i poma\u017eu biljkama da se prilagode stresnim uvjetima okoline. Fitosteroli su\u00a0lipidi biljnog podrijetla\u00a0poznati i prou\u010davani ve\u0107 dugi niz godina. Za razliku od \u017eivotinja, koje imaju samo kolesterol, biljke sintetiziraju\u00a0veliki broj fitosterola, gradivnih blokova stani\u010dnih membrana. Ove molekule \u010dine dio primarnog metabolizma \u017eivih organizama i stoga su bitne za njihov opstanak. Zbog svoje prisutnosti u membranama, fitosteroli igraju&#8230;<\/p>\n","protected":false},"author":6,"featured_media":30,"parent":0,"menu_order":0,"comment_status":"closed","ping_status":"closed","template":"","meta":{"_acf_changed":false,"footnotes":""},"class_list":["post-255","page","type-page","status-publish","has-post-thumbnail","hentry"],"acf":[],"yoast_head":"<!-- This site is optimized with the Yoast SEO plugin v27.2 - https:\/\/yoast.com\/product\/yoast-seo-wordpress\/ -->\n<title>Fitosteroli i njihova uloga na stres uzrokovan su\u0161om kod biljaka - Elicit Plant Hrvatska<\/title>\n<meta name=\"description\" content=\"Otkrijte potencijal fitosterola, signalnih molekula koje stimuliraju prirodnu obranu biljaka od stresa uzrokovan nesta\u0161icom vode.\" \/>\n<meta name=\"robots\" content=\"index, follow, max-snippet:-1, max-image-preview:large, max-video-preview:-1\" \/>\n<link rel=\"canonical\" href=\"https:\/\/www.elicit-plant.com\/hr\/znanost-i-tehnologija\/\" \/>\n<meta property=\"og:locale\" content=\"hr_HR\" \/>\n<meta property=\"og:type\" content=\"article\" \/>\n<meta property=\"og:title\" content=\"Fitosteroli i njihova uloga na stres uzrokovan su\u0161om kod biljaka - Elicit Plant Hrvatska\" \/>\n<meta property=\"og:description\" content=\"Otkrijte potencijal fitosterola, signalnih molekula koje stimuliraju prirodnu obranu biljaka od stresa uzrokovan nesta\u0161icom vode.\" \/>\n<meta property=\"og:url\" content=\"https:\/\/www.elicit-plant.com\/hr\/znanost-i-tehnologija\/\" \/>\n<meta property=\"og:site_name\" content=\"Elicit Plant Hrvatska\" \/>\n<meta property=\"article:modified_time\" content=\"2026-01-06T13:13:08+00:00\" \/>\n<meta property=\"og:image\" content=\"https:\/\/www.elicit-plant.com\/app\/uploads\/sites\/15\/2025\/11\/Phytosterols-multiples-768x768-1.jpg\" \/>\n\t<meta property=\"og:image:width\" content=\"768\" \/>\n\t<meta property=\"og:image:height\" content=\"768\" \/>\n\t<meta property=\"og:image:type\" content=\"image\/jpeg\" \/>\n<meta name=\"twitter:card\" content=\"summary_large_image\" \/>\n<meta name=\"twitter:label1\" content=\"Procijenjeno vrijeme \u010ditanja\" \/>\n\t<meta name=\"twitter:data1\" content=\"1 minuta\" \/>\n<script type=\"application\/ld+json\" class=\"yoast-schema-graph\">{\"@context\":\"https:\/\/schema.org\",\"@graph\":[{\"@type\":\"WebPage\",\"@id\":\"https:\/\/www.elicit-plant.com\/hr\/znanost-i-tehnologija\/\",\"url\":\"https:\/\/www.elicit-plant.com\/hr\/znanost-i-tehnologija\/\",\"name\":\"Fitosteroli i njihova uloga na stres uzrokovan su\u0161om kod biljaka - Elicit Plant Hrvatska\",\"isPartOf\":{\"@id\":\"https:\/\/www.elicit-plant.com\/hr\/#website\"},\"primaryImageOfPage\":{\"@id\":\"https:\/\/www.elicit-plant.com\/hr\/znanost-i-tehnologija\/#primaryimage\"},\"image\":{\"@id\":\"https:\/\/www.elicit-plant.com\/hr\/znanost-i-tehnologija\/#primaryimage\"},\"thumbnailUrl\":\"https:\/\/www.elicit-plant.com\/app\/uploads\/sites\/15\/2025\/11\/Phytosterols-multiples-768x768-1.jpg\",\"datePublished\":\"2025-11-20T08:34:14+00:00\",\"dateModified\":\"2026-01-06T13:13:08+00:00\",\"description\":\"Otkrijte potencijal fitosterola, signalnih molekula koje stimuliraju prirodnu obranu biljaka od stresa uzrokovan nesta\u0161icom vode.\",\"breadcrumb\":{\"@id\":\"https:\/\/www.elicit-plant.com\/hr\/znanost-i-tehnologija\/#breadcrumb\"},\"inLanguage\":\"hr\",\"potentialAction\":[{\"@type\":\"ReadAction\",\"target\":[\"https:\/\/www.elicit-plant.com\/hr\/znanost-i-tehnologija\/\"]}]},{\"@type\":\"ImageObject\",\"inLanguage\":\"hr\",\"@id\":\"https:\/\/www.elicit-plant.com\/hr\/znanost-i-tehnologija\/#primaryimage\",\"url\":\"https:\/\/www.elicit-plant.com\/app\/uploads\/sites\/15\/2025\/11\/Phytosterols-multiples-768x768-1.jpg\",\"contentUrl\":\"https:\/\/www.elicit-plant.com\/app\/uploads\/sites\/15\/2025\/11\/Phytosterols-multiples-768x768-1.jpg\",\"width\":768,\"height\":768,\"caption\":\"Fitosteroli\"},{\"@type\":\"BreadcrumbList\",\"@id\":\"https:\/\/www.elicit-plant.com\/hr\/znanost-i-tehnologija\/#breadcrumb\",\"itemListElement\":[{\"@type\":\"ListItem\",\"position\":1,\"name\":\"Po\u010detna stranica\",\"item\":\"https:\/\/www.elicit-plant.com\/hr\/\"},{\"@type\":\"ListItem\",\"position\":2,\"name\":\"Znanost i tehnologija\"}]},{\"@type\":\"WebSite\",\"@id\":\"https:\/\/www.elicit-plant.com\/hr\/#website\",\"url\":\"https:\/\/www.elicit-plant.com\/hr\/\",\"name\":\"Elicit Plant Hrvatska\",\"description\":\"\",\"potentialAction\":[{\"@type\":\"SearchAction\",\"target\":{\"@type\":\"EntryPoint\",\"urlTemplate\":\"https:\/\/www.elicit-plant.com\/hr\/?s={search_term_string}\"},\"query-input\":{\"@type\":\"PropertyValueSpecification\",\"valueRequired\":true,\"valueName\":\"search_term_string\"}}],\"inLanguage\":\"hr\"}]}<\/script>\n<!-- \/ Yoast SEO plugin. -->","yoast_head_json":{"title":"Fitosteroli i njihova uloga na stres uzrokovan su\u0161om kod biljaka - Elicit Plant Hrvatska","description":"Otkrijte potencijal fitosterola, signalnih molekula koje stimuliraju prirodnu obranu biljaka od stresa uzrokovan nesta\u0161icom vode.","robots":{"index":"index","follow":"follow","max-snippet":"max-snippet:-1","max-image-preview":"max-image-preview:large","max-video-preview":"max-video-preview:-1"},"canonical":"https:\/\/www.elicit-plant.com\/hr\/znanost-i-tehnologija\/","og_locale":"hr_HR","og_type":"article","og_title":"Fitosteroli i njihova uloga na stres uzrokovan su\u0161om kod biljaka - Elicit Plant Hrvatska","og_description":"Otkrijte potencijal fitosterola, signalnih molekula koje stimuliraju prirodnu obranu biljaka od stresa uzrokovan nesta\u0161icom vode.","og_url":"https:\/\/www.elicit-plant.com\/hr\/znanost-i-tehnologija\/","og_site_name":"Elicit Plant Hrvatska","article_modified_time":"2026-01-06T13:13:08+00:00","og_image":[{"width":768,"height":768,"url":"https:\/\/www.elicit-plant.com\/app\/uploads\/sites\/15\/2025\/11\/Phytosterols-multiples-768x768-1.jpg","type":"image\/jpeg"}],"twitter_card":"summary_large_image","twitter_misc":{"Procijenjeno vrijeme \u010ditanja":"1 minuta"},"schema":{"@context":"https:\/\/schema.org","@graph":[{"@type":"WebPage","@id":"https:\/\/www.elicit-plant.com\/hr\/znanost-i-tehnologija\/","url":"https:\/\/www.elicit-plant.com\/hr\/znanost-i-tehnologija\/","name":"Fitosteroli i njihova uloga na stres uzrokovan su\u0161om kod biljaka - Elicit Plant Hrvatska","isPartOf":{"@id":"https:\/\/www.elicit-plant.com\/hr\/#website"},"primaryImageOfPage":{"@id":"https:\/\/www.elicit-plant.com\/hr\/znanost-i-tehnologija\/#primaryimage"},"image":{"@id":"https:\/\/www.elicit-plant.com\/hr\/znanost-i-tehnologija\/#primaryimage"},"thumbnailUrl":"https:\/\/www.elicit-plant.com\/app\/uploads\/sites\/15\/2025\/11\/Phytosterols-multiples-768x768-1.jpg","datePublished":"2025-11-20T08:34:14+00:00","dateModified":"2026-01-06T13:13:08+00:00","description":"Otkrijte potencijal fitosterola, signalnih molekula koje stimuliraju prirodnu obranu biljaka od stresa uzrokovan nesta\u0161icom vode.","breadcrumb":{"@id":"https:\/\/www.elicit-plant.com\/hr\/znanost-i-tehnologija\/#breadcrumb"},"inLanguage":"hr","potentialAction":[{"@type":"ReadAction","target":["https:\/\/www.elicit-plant.com\/hr\/znanost-i-tehnologija\/"]}]},{"@type":"ImageObject","inLanguage":"hr","@id":"https:\/\/www.elicit-plant.com\/hr\/znanost-i-tehnologija\/#primaryimage","url":"https:\/\/www.elicit-plant.com\/app\/uploads\/sites\/15\/2025\/11\/Phytosterols-multiples-768x768-1.jpg","contentUrl":"https:\/\/www.elicit-plant.com\/app\/uploads\/sites\/15\/2025\/11\/Phytosterols-multiples-768x768-1.jpg","width":768,"height":768,"caption":"Fitosteroli"},{"@type":"BreadcrumbList","@id":"https:\/\/www.elicit-plant.com\/hr\/znanost-i-tehnologija\/#breadcrumb","itemListElement":[{"@type":"ListItem","position":1,"name":"Po\u010detna stranica","item":"https:\/\/www.elicit-plant.com\/hr\/"},{"@type":"ListItem","position":2,"name":"Znanost i tehnologija"}]},{"@type":"WebSite","@id":"https:\/\/www.elicit-plant.com\/hr\/#website","url":"https:\/\/www.elicit-plant.com\/hr\/","name":"Elicit Plant Hrvatska","description":"","potentialAction":[{"@type":"SearchAction","target":{"@type":"EntryPoint","urlTemplate":"https:\/\/www.elicit-plant.com\/hr\/?s={search_term_string}"},"query-input":{"@type":"PropertyValueSpecification","valueRequired":true,"valueName":"search_term_string"}}],"inLanguage":"hr"}]}},"_links":{"self":[{"href":"https:\/\/www.elicit-plant.com\/hr\/wp-json\/wp\/v2\/pages\/255","targetHints":{"allow":["GET"]}}],"collection":[{"href":"https:\/\/www.elicit-plant.com\/hr\/wp-json\/wp\/v2\/pages"}],"about":[{"href":"https:\/\/www.elicit-plant.com\/hr\/wp-json\/wp\/v2\/types\/page"}],"author":[{"embeddable":true,"href":"https:\/\/www.elicit-plant.com\/hr\/wp-json\/wp\/v2\/users\/6"}],"replies":[{"embeddable":true,"href":"https:\/\/www.elicit-plant.com\/hr\/wp-json\/wp\/v2\/comments?post=255"}],"version-history":[{"count":3,"href":"https:\/\/www.elicit-plant.com\/hr\/wp-json\/wp\/v2\/pages\/255\/revisions"}],"predecessor-version":[{"id":550,"href":"https:\/\/www.elicit-plant.com\/hr\/wp-json\/wp\/v2\/pages\/255\/revisions\/550"}],"wp:featuredmedia":[{"embeddable":true,"href":"https:\/\/www.elicit-plant.com\/hr\/wp-json\/wp\/v2\/media\/30"}],"wp:attachment":[{"href":"https:\/\/www.elicit-plant.com\/hr\/wp-json\/wp\/v2\/media?parent=255"}],"curies":[{"name":"wp","href":"https:\/\/api.w.org\/{rel}","templated":true}]}}