{"id":257,"date":"2025-11-20T09:35:05","date_gmt":"2025-11-20T08:35:05","guid":{"rendered":"https:\/\/www.elicit-plant.com\/hr\/?page_id=257"},"modified":"2025-11-24T11:11:09","modified_gmt":"2025-11-24T10:11:09","slug":"znanstvena-partnerstva","status":"publish","type":"page","link":"https:\/\/www.elicit-plant.com\/hr\/znanstvena-partnerstva\/","title":{"rendered":"Znanstvena partnerstva"},"content":{"rendered":"<section class=\"cbo-hero cbo-margin-container hero--colorgreen\" data-anim-group>\n\t<div class=\"cbo-breadcrumbs breadcrumbs--normal\">\n  <div class=\"breadcrumbs-inner\">\n    <span><span><a href=\"https:\/\/www.elicit-plant.com\/hr\/\">Po\u010detna stranica<\/a><\/span><\/span>\t<\/div>\n<\/div>\n\t<div class=\"hero-inner cbo-container container--padding\">\n\n\t\t<div class=\"hero-shapes\">\n\t\t\t<div class=\"shapes-color scale-up\"><\/div>\n\n\t\t\t<div class=\"shapes-picture cbo-picture-cover scale-up\"  data-delay=\"450\">\n\t\t\t\t\t\t\t<\/div>\n\t\t<\/div>\n\n\t\t<div class=\"hero-content cbo-cms cms--large cms--white\">\n\t\t\t<div class=\"content-text\">\n\t\t\t\t<h1 class=\"hero-title cbo-heading slide-down\">\n\t\t\t\t\tZnanstvena partnerstva\t\t\t\t<\/h1>\n\n\t\t\t\t\t\t\t<\/div>\n\t\t<\/div>\n\n\t<\/div>\n<\/section>\n\n<section class=\"cbo-text cbo-margin-container\">\n    <div class=\"\n        text-inner\n                cbo-container\n        container--small        \"\n    >\n        <div class=\"text-content cbo-cms cms--large\">\n            <h2><strong>Znanstvena partnerstva i validacija u\u010dinkovitosti<\/strong><\/h2>\n\n            <div style=\"clear: both;\"><\/div>\n        <\/div>\n    <\/div>\n<\/section>\n\n\n\n<section class=\"cbo-checkerboard checkerboard--normal\">\n    <div class=\"checkerboard-inner\">\n\n        <div class=\"checkerboard-picture\">\n            <div class=\"picture-inner cbo-picture-cover\">\n                <img decoding=\"async\" src=\"https:\/\/www.elicit-plant.com\/app\/uploads\/sites\/15\/2025\/11\/Agronomie-mesure-aux-champs-1-320x213.jpg\" srcset=\"https:\/\/www.elicit-plant.com\/app\/uploads\/sites\/15\/2025\/11\/Agronomie-mesure-aux-champs-1-320x213.jpg 320w, https:\/\/www.elicit-plant.com\/app\/uploads\/sites\/15\/2025\/11\/Agronomie-mesure-aux-champs-1-768x512.jpg 768w, https:\/\/www.elicit-plant.com\/app\/uploads\/sites\/15\/2025\/11\/Agronomie-mesure-aux-champs-1.jpg 1024w\" class=\"\" alt=\"Agronomija: mjerenje na terenu\" width=\"320\" height=\"213\" sizes=\"auto, 100vw\" loading=\"lazy\" \/>            <\/div>\n        <\/div>\n        \n        <div class=\"checkerboard-content content--green cbo-cms cms--white\">\n            <div class=\"content-text\">\n                                    <span class=\"content-uptitle\">\n                        Iz laboratorija na teren                    <\/span>\n                \n                <div class=\"content-title cbo-title-3\">\n                    Znanstveni i kolaborativni pristup                <\/div>\n            <\/div>\n        <\/div>\n\n    <\/div>\n<\/section>\n\n<section class=\"cbo-textpicture textpicture--normal\">\n    <div class=\"textpicture-inner cbo-container container--small\">\n\n        <div class=\"textpicture-picture\">\n            <div class=\"picture-inner cbo-picture-cover\">\n                <img decoding=\"async\" src=\"https:\/\/www.elicit-plant.com\/app\/uploads\/sites\/15\/2025\/11\/Elicit-Plant-RD-testings-320x117.jpg\" srcset=\"https:\/\/www.elicit-plant.com\/app\/uploads\/sites\/15\/2025\/11\/Elicit-Plant-RD-testings-320x117.jpg 320w, https:\/\/www.elicit-plant.com\/app\/uploads\/sites\/15\/2025\/11\/Elicit-Plant-RD-testings-768x280.jpg 768w, https:\/\/www.elicit-plant.com\/app\/uploads\/sites\/15\/2025\/11\/Elicit-Plant-RD-testings.jpg 1024w\" class=\"\" alt=\"testiranja fitosterola na biljkama\" width=\"320\" height=\"117\" sizes=\"auto, 100vw\" loading=\"lazy\" \/>            <\/div>\n        <\/div>\n\n        <div class=\"textpicture-content cbo-cms cms--large\">\n            \n            \n            <p class=\"cbo-chapo\">Pionirski tim za istra\u017eivanje i razvoj<\/p>\n<ul>\n<li>znanstvenici koji se bave istra\u017eivanjem biologije i kemije,<\/li>\n<li>stru\u010dnjaci za agronomiju,<\/li>\n<li>laboratoriji za biljnu biologiju i formulacije na preciznoj farmi<\/li>\n<\/ul>\n<p style=\"margin-bottom: 0cm;\"><span lang=\"HR\">Oni su\u00a0<strong><span style=\"color: #86b049;\">pioniri<\/span><\/strong>\u00a0u kontroli fitosterola koji se primjenjuju na usjeve na polju kako bi se smanjio stres, posebno stres zbog nesta\u0161ice vode.<\/span><\/p>\n        <\/div>\n\n    <\/div>\n<\/section>\n\n<section class=\"cbo-textpicture textpicture--reverse\">\n    <div class=\"textpicture-inner cbo-container container--small\">\n\n        <div class=\"textpicture-picture\">\n            <div class=\"picture-inner cbo-picture-cover\">\n                <img decoding=\"async\" src=\"https:\/\/www.elicit-plant.com\/app\/uploads\/sites\/15\/2025\/11\/Partenaires-scientifiques-320x320.png\" srcset=\"https:\/\/www.elicit-plant.com\/app\/uploads\/sites\/15\/2025\/11\/Partenaires-scientifiques-320x320.png 320w, https:\/\/www.elicit-plant.com\/app\/uploads\/sites\/15\/2025\/11\/Partenaires-scientifiques.png 768w, https:\/\/www.elicit-plant.com\/app\/uploads\/sites\/15\/2025\/11\/Partenaires-scientifiques.png 1024w\" class=\"\" alt=\"znanstveni partneri\" width=\"320\" height=\"320\" sizes=\"auto, 100vw\" loading=\"lazy\" \/>            <\/div>\n        <\/div>\n\n        <div class=\"textpicture-content cbo-cms cms--large\">\n                            <picture class=\"content-icon cbo-picture-contain\">\n                    <img decoding=\"async\" src=\"https:\/\/www.elicit-plant.com\/app\/uploads\/sites\/15\/2025\/11\/icon.svg\"  class=\"\" alt=\"icon\" width=\"1\" height=\"1\" sizes=\"auto, 100vw\" loading=\"lazy\" \/>                <\/picture>\n            \n            \n            <p class=\"cbo-chapo\">Ubrzavanje istra\u017eiva\u010dkog rada<br \/>\nValidacija dobivenih rezultata<\/p>\n<ul>\n<li>Suradnja s priznatim tehni\u010dkim i znanstvenim partnerima, uklju\u010duju\u0107i francuske javne istra\u017eiva\u010dke institute INRAE i CNRS<\/li>\n<li>Suradnja sa zadrugama kao \u0161to je Oc\u00e9alia i neovisnim tehni\u010dkim institutima kao \u0161to je Terres Inovia kako bi se potvrdili u\u010dinci na\u0161ih prvih proizvoda<\/li>\n<\/ul>\n        <\/div>\n\n    <\/div>\n<\/section>\n\n<section class=\"cbo-text cbo-halo cbo-margin-container\">\n    <div class=\"\n        text-inner\n                cbo-container\n        container--small        \"\n    >\n        <div class=\"text-content cbo-cms cms--large\">\n            <p><span class=\"cbo-textcolor--green\"><span lang=\"HR\" style=\"color: #86b049;\">Ta znanstvena partnerstva i suradnje s neovisnim tijelima od tada su pro\u0161irena na brojne me\u0111unarodne istra\u017eiva\u010dke institute i sveu\u010dili\u0161ta. To nam je pomoglo da potvrdimo primjenjivost rje\u0161enja i dobivene rezultate kako u laboratoriju, tako i, \u0161to je najva\u017enije, na terenu, tj. u poljoprivrednim uvjetima.<\/span><\/span><\/p>\n\n            <div style=\"clear: both;\"><\/div>\n        <\/div>\n    <\/div>\n<\/section>\n\n\n<section class=\"cbo-partnerslider cbo-margin-container\">\n\t<div class=\"partnerslider-inner cbo-container\">\n\n\t\t\n\t\t<div class=\"partnerslider-list\">\n\t\t\t\t\t\t<div class=\"list-el\">\n\t\t\t\t\t\t\t\t<div class=\"el-logo cbo-picture-contain\">\n\t\t\t\t\n\t\t\t\t\t<img decoding=\"async\" src=\"https:\/\/www.elicit-plant.com\/app\/uploads\/sites\/15\/2025\/11\/CNRS.jpg\"  class=\"\" alt=\"CNRS\" width=\"310\" height=\"163\" sizes=\"auto, 100vw\" loading=\"lazy\" \/>\n\t\t\t\t\t\t\t\t<\/div>\n\t\t\t\t\t\t\t<\/div>\n\t\t\t\t\t\t<div class=\"list-el\">\n\t\t\t\t\t\t\t\t<div class=\"el-logo cbo-picture-contain\">\n\t\t\t\t\n\t\t\t\t\t<img decoding=\"async\" src=\"https:\/\/www.elicit-plant.com\/app\/uploads\/sites\/15\/2025\/11\/Institue-of-Agro-Biology.jpg\"  class=\"\" alt=\"Institue of Agro Biology\" width=\"310\" height=\"163\" sizes=\"auto, 100vw\" loading=\"lazy\" \/>\n\t\t\t\t\t\t\t\t<\/div>\n\t\t\t\t\t\t\t<\/div>\n\t\t\t\t\t\t<div class=\"list-el\">\n\t\t\t\t\t\t\t\t<div class=\"el-logo cbo-picture-contain\">\n\t\t\t\t\n\t\t\t\t\t<img decoding=\"async\" src=\"https:\/\/www.elicit-plant.com\/app\/uploads\/sites\/15\/2025\/11\/Esalq.jpg\"  class=\"\" alt=\"Esalq\" width=\"310\" height=\"163\" sizes=\"auto, 100vw\" loading=\"lazy\" \/>\n\t\t\t\t\t\t\t\t<\/div>\n\t\t\t\t\t\t\t<\/div>\n\t\t\t\t\t\t<div class=\"list-el\">\n\t\t\t\t\t\t\t\t<div class=\"el-logo cbo-picture-contain\">\n\t\t\t\t\n\t\t\t\t\t<img decoding=\"async\" src=\"https:\/\/www.elicit-plant.com\/app\/uploads\/sites\/15\/2025\/11\/Terre-Inovia.jpg\"  class=\"\" alt=\"Terre Inovia\" width=\"310\" height=\"163\" sizes=\"auto, 100vw\" loading=\"lazy\" \/>\n\t\t\t\t\t\t\t\t<\/div>\n\t\t\t\t\t\t\t<\/div>\n\t\t\t\t\t\t<div class=\"list-el\">\n\t\t\t\t\t\t\t\t<div class=\"el-logo cbo-picture-contain\">\n\t\t\t\t\n\t\t\t\t\t<img decoding=\"async\" src=\"https:\/\/www.elicit-plant.com\/app\/uploads\/sites\/15\/2025\/11\/Ideelab.jpg\"  class=\"\" alt=\"Ideelab\" width=\"310\" height=\"163\" sizes=\"auto, 100vw\" loading=\"lazy\" \/>\n\t\t\t\t\t\t\t\t<\/div>\n\t\t\t\t\t\t\t<\/div>\n\t\t\t\t\t\t<div class=\"list-el\">\n\t\t\t\t\t\t\t\t<div class=\"el-logo cbo-picture-contain\">\n\t\t\t\t\n\t\t\t\t\t<img decoding=\"async\" src=\"https:\/\/www.elicit-plant.com\/app\/uploads\/sites\/15\/2025\/11\/Inrae.jpg\"  class=\"\" alt=\"Inrae\" width=\"310\" height=\"163\" sizes=\"auto, 100vw\" loading=\"lazy\" \/>\n\t\t\t\t\t\t\t\t<\/div>\n\t\t\t\t\t\t\t<\/div>\n\t\t\t\t\t\t<div class=\"list-el\">\n\t\t\t\t\t\t\t\t<div class=\"el-logo cbo-picture-contain\">\n\t\t\t\t\n\t\t\t\t\t<img decoding=\"async\" src=\"https:\/\/www.elicit-plant.com\/app\/uploads\/sites\/15\/2025\/11\/University-of-Wisconcin-System.jpg\"  class=\"\" alt=\"University of Wisconcin System\" width=\"310\" height=\"163\" sizes=\"auto, 100vw\" loading=\"lazy\" \/>\n\t\t\t\t\t\t\t\t<\/div>\n\t\t\t\t\t\t\t<\/div>\n\t\t\t\t\t\t<div class=\"list-el\">\n\t\t\t\t\t\t\t\t<div class=\"el-logo cbo-picture-contain\">\n\t\t\t\t\n\t\t\t\t\t<img decoding=\"async\" src=\"https:\/\/www.elicit-plant.com\/app\/uploads\/sites\/15\/2025\/11\/Embrapa.jpg\"  class=\"\" alt=\"Embrapa\" width=\"310\" height=\"163\" sizes=\"auto, 100vw\" loading=\"lazy\" \/>\n\t\t\t\t\t\t\t\t<\/div>\n\t\t\t\t\t\t\t<\/div>\n\t\t\t\t\t\t<div class=\"list-el\">\n\t\t\t\t\t\t\t\t<div class=\"el-logo cbo-picture-contain\">\n\t\t\t\t\n\t\t\t\t\t<img decoding=\"async\" src=\"https:\/\/www.elicit-plant.com\/app\/uploads\/sites\/15\/2025\/11\/ITERG.jpg\"  class=\"\" alt=\"ITERG\" width=\"310\" height=\"163\" sizes=\"auto, 100vw\" loading=\"lazy\" \/>\n\t\t\t\t\t\t\t\t<\/div>\n\t\t\t\t\t\t\t<\/div>\n\t\t\t\t\t\t<div class=\"list-el\">\n\t\t\t\t\t\t\t\t<div class=\"el-logo cbo-picture-contain\">\n\t\t\t\t\n\t\t\t\t\t<img decoding=\"async\" src=\"https:\/\/www.elicit-plant.com\/app\/uploads\/sites\/15\/2025\/11\/University-of-Iowa.jpg\"  class=\"\" alt=\"University of Iowa\" width=\"310\" height=\"163\" sizes=\"auto, 100vw\" loading=\"lazy\" \/>\n\t\t\t\t\t\t\t\t<\/div>\n\t\t\t\t\t\t\t<\/div>\n\t\t\t\t\t\t<div class=\"list-el\">\n\t\t\t\t\t\t\t\t<div class=\"el-logo cbo-picture-contain\">\n\t\t\t\t\n\t\t\t\t\t<img decoding=\"async\" src=\"https:\/\/www.elicit-plant.com\/app\/uploads\/sites\/15\/2025\/11\/University-of-Kansas.jpg\"  class=\"\" alt=\"University of Kansas\" width=\"310\" height=\"163\" sizes=\"auto, 100vw\" loading=\"lazy\" \/>\n\t\t\t\t\t\t\t\t<\/div>\n\t\t\t\t\t\t\t<\/div>\n\t\t\t\t\t\t<div class=\"list-el\">\n\t\t\t\t\t\t\t\t<div class=\"el-logo cbo-picture-contain\">\n\t\t\t\t\n\t\t\t\t\t<img decoding=\"async\" src=\"https:\/\/www.elicit-plant.com\/app\/uploads\/sites\/15\/2025\/11\/Arvalis.jpg\"  class=\"\" alt=\"Arvalis\" width=\"310\" height=\"163\" sizes=\"auto, 100vw\" loading=\"lazy\" \/>\n\t\t\t\t\t\t\t\t<\/div>\n\t\t\t\t\t\t\t<\/div>\n\t\t\t\t\t\t<div class=\"list-el\">\n\t\t\t\t\t\t\t\t<div class=\"el-logo cbo-picture-contain\">\n\t\t\t\t\n\t\t\t\t\t<img decoding=\"async\" src=\"https:\/\/www.elicit-plant.com\/app\/uploads\/sites\/15\/2025\/11\/University-of-Illinois.jpg\"  class=\"\" alt=\"University of Illinois\" width=\"310\" height=\"163\" sizes=\"auto, 100vw\" loading=\"lazy\" \/>\n\t\t\t\t\t\t\t\t<\/div>\n\t\t\t\t\t\t\t<\/div>\n\t\t\t\t\t\t<div class=\"list-el\">\n\t\t\t\t\t\t\t\t<div class=\"el-logo cbo-picture-contain\">\n\t\t\t\t\n\t\t\t\t\t<img decoding=\"async\" src=\"https:\/\/www.elicit-plant.com\/app\/uploads\/sites\/15\/2025\/11\/University-of-Nebraska-Lincoln.jpg\"  class=\"\" alt=\"University of Nebraska Lincoln\" width=\"310\" height=\"163\" sizes=\"auto, 100vw\" loading=\"lazy\" \/>\n\t\t\t\t\t\t\t\t<\/div>\n\t\t\t\t\t\t\t<\/div>\n\t\t\t\t\t<\/div>\n\n\t\t\n\t<\/div>\n<\/section>\n\n<section class=\"cbo-text cbo-margin-container\">\n    <div class=\"\n        text-inner\n                cbo-container\n        container--small        \"\n    >\n        <div class=\"text-content cbo-cms cms--large\">\n            <p class=\"cbo-chapo\">Dokazana u\u010dinkovitost u svim uvjetima tla i klime<\/p>\n<p>U tvrtki Elicit Plant razvijamo u\u010dinkovita rje\u0161enja temeljena na potrebama i zahtjevima poljoprivrednika. U tu svrhu provodimo <strong>terenska ispitivanja<\/strong> na vrlo velikim povr\u0161inama od 2018. godine.<\/p>\n\n            <div style=\"clear: both;\"><\/div>\n        <\/div>\n    <\/div>\n<\/section>\n\n\n<section class=\"cbo-textpicture textpicture--reverse\">\n    <div class=\"textpicture-inner cbo-container container--small\">\n\n        <div class=\"textpicture-picture\">\n            <div class=\"picture-inner cbo-picture-cover\">\n                <img decoding=\"async\" src=\"https:\/\/www.elicit-plant.com\/app\/uploads\/sites\/15\/2025\/11\/img-distributeurs-header-320x320.jpg\" srcset=\"https:\/\/www.elicit-plant.com\/app\/uploads\/sites\/15\/2025\/11\/img-distributeurs-header-320x320.jpg 320w, https:\/\/www.elicit-plant.com\/app\/uploads\/sites\/15\/2025\/11\/img-distributeurs-header.jpg 768w, https:\/\/www.elicit-plant.com\/app\/uploads\/sites\/15\/2025\/11\/img-distributeurs-header.jpg 1024w\" class=\"\" alt=\"poljoprivrednici na poljima\" width=\"320\" height=\"320\" sizes=\"auto, 100vw\" loading=\"lazy\" \/>            <\/div>\n        <\/div>\n\n        <div class=\"textpicture-content cbo-cms cms--large\">\n                            <picture class=\"content-icon cbo-picture-contain\">\n                    <img decoding=\"async\" src=\"https:\/\/www.elicit-plant.com\/app\/uploads\/sites\/15\/2025\/11\/icon-2.png\"  class=\"\" alt=\"Logotip\" width=\"283\" height=\"279\" sizes=\"auto, 100vw\" loading=\"lazy\" \/>                <\/picture>\n            \n            \n            <p><span lang=\"HR\">Kada procjenjujemo na\u0161 proizvod na terenu, proces dono\u0161enja odluka ide daleko dalje od analize podataka.<\/span><\/p>\n<p style=\"margin-bottom: 0cm;\"><span lang=\"HR\">Na\u0161i agronomi blisko sura\u0111uju s poljoprivrednicima kako bi pobolj\u0161ali prinos usjeva, na temelju redovitog promatranja i mjerenja biljaka uzgojenih u stvarnim uvjetima, \u0161to nam omogu\u0107uje\u00a0<strong><span style=\"color: #86b049;\">precizno odre\u0111ivanje uvjeta pod kojima \u0107e proizvod biti u\u010dinkovit za krajnje korisnike<\/span><\/strong>.<\/span><\/p>\n        <\/div>\n\n    <\/div>\n<\/section>\n\n<section class=\"cbo-text cbo-margin-container\">\n    <div class=\"\n        text-inner\n                cbo-container\n        container--small        \"\n    >\n        <div class=\"text-content cbo-cms cms--large\">\n            <p>&nbsp;<\/p>\n<p>Svake sezone na\u0161i proizvodi prolaze dubinska terenska ispitivanja kako bi se zajam\u010dio\u00a0<strong>u\u010dinak u stvarnim uvjetima,<\/strong>\u00a0a istovremeno reagiraju na\u00a0<strong>specifi\u010dne geografske zna\u010dajke i razli\u010dite uvjete tla i klime<\/strong>.<\/p>\n<p>Uspjeh na\u0161eg pristupa temelji se na dvjema klju\u010dnim zna\u010dajkama:<\/p>\n<ul>\n<li>terenska promatranja u \u0161irokom rasponu situacija koje provode agronomi koji razumiju potrebe poljoprivrednika,<\/li>\n<li>\u0161iroka mre\u017ea ispitivanja kako bi se osigurala profitabilnost proizvoda u regionalnim uvjetima.<\/li>\n<\/ul>\n\n            <div style=\"clear: both;\"><\/div>\n        <\/div>\n    <\/div>\n<\/section>\n\n\n<section class=\"cbo-featuredlinks featuredlinks--colorwhite\">\n\t<div class=\"featuredlinks-inner cbo-container \">\n\n\t\t\t\t\t<h2 class=\"cbo-title-2 featuredlinks-title\">\n\t\t\t\tRazumijevanje znanosti koja stoji iza tvrtke Elicit Plant\t\t\t<\/h2>\n\t\t\n\t\t<div class=\"featuredlinks-list\" data-anim-group data-group-delay=\"100\">\n\t\t\t\n\t\t\t<div class=\"list-el\">\n\t\t\t\t<a class=\"el-inner\" href=\"https:\/\/www.elicit-plant.com\/hr\/znanost-i-tehnologija\/\">\n\n\t\t\t\t\t<figure class=\"inner-picture cbo-picture-cover\">\n\t\t\t\t\t\t<img decoding=\"async\" src=\"https:\/\/www.elicit-plant.com\/app\/uploads\/sites\/15\/2025\/11\/Leaf-stomates-close-up.jpg\" srcset=\"https:\/\/www.elicit-plant.com\/app\/uploads\/sites\/15\/2025\/11\/Leaf-stomates-close-up-320x320.jpg 320w, https:\/\/www.elicit-plant.com\/app\/uploads\/sites\/15\/2025\/11\/Leaf-stomates-close-up.jpg 840w, https:\/\/www.elicit-plant.com\/app\/uploads\/sites\/15\/2025\/11\/Leaf-stomates-close-up.jpg 1024w, https:\/\/www.elicit-plant.com\/app\/uploads\/sites\/15\/2025\/11\/Leaf-stomates-close-up.jpg 1400w\" class=\"\" alt=\"krupna slika pu\u010di na listu\" width=\"456\" height=\"456\" sizes=\"auto, 100vw\" loading=\"lazy\" \/>\t\t\t\t\t<\/figure>\n\n\t\t\t\t\t<h3 class=\"inner-title cbo-title-3\">\n\t\t\t\t\t\tSaznajte vi\u0161e o fitosterolima\t\t\t\t\t<\/h3>\n\n\t\t\t\t\t<span class=\"inner-button cbo-buttonmore\">\n\t\t\t\t\t\t<i class=\"icon icon-cross\"><\/i>\n\t\t\t\t\t<\/span>\n\t\t\t\t<\/a>\n\t\t\t<\/div>\n\n\t\t\t\n\t\t\t<div class=\"list-el\">\n\t\t\t\t<a class=\"el-inner\" href=\"https:\/\/www.elicit-plant.com\/hr\/istrazivacka-platforma-eliterra\/\">\n\n\t\t\t\t\t<figure class=\"inner-picture cbo-picture-cover\">\n\t\t\t\t\t\t<img decoding=\"async\" src=\"https:\/\/www.elicit-plant.com\/app\/uploads\/sites\/15\/2025\/11\/Phytosterols-multiples-768x768-1.jpg\" srcset=\"https:\/\/www.elicit-plant.com\/app\/uploads\/sites\/15\/2025\/11\/Phytosterols-multiples-768x768-1-320x320.jpg 320w, https:\/\/www.elicit-plant.com\/app\/uploads\/sites\/15\/2025\/11\/Phytosterols-multiples-768x768-1.jpg 840w, https:\/\/www.elicit-plant.com\/app\/uploads\/sites\/15\/2025\/11\/Phytosterols-multiples-768x768-1.jpg 1024w, https:\/\/www.elicit-plant.com\/app\/uploads\/sites\/15\/2025\/11\/Phytosterols-multiples-768x768-1.jpg 1400w\" class=\"\" alt=\"Fitosteroli\" width=\"768\" height=\"768\" sizes=\"auto, 100vw\" loading=\"lazy\" \/>\t\t\t\t\t<\/figure>\n\n\t\t\t\t\t<h3 class=\"inner-title cbo-title-3\">\n\t\t\t\t\t\tEliTerra, platforma za istra\u017eiva\u010dku tehnologiju\t\t\t\t\t<\/h3>\n\n\t\t\t\t\t<span class=\"inner-button cbo-buttonmore\">\n\t\t\t\t\t\t<i class=\"icon icon-cross\"><\/i>\n\t\t\t\t\t<\/span>\n\t\t\t\t<\/a>\n\t\t\t<\/div>\n\n\t\t\t\t\t<\/div>\n\n\t<\/div>\n<\/section>\n","protected":false},"excerpt":{"rendered":"<p>Znanstvena partnerstva i validacija u\u010dinkovitosti Pionirski tim za istra\u017eivanje i razvoj znanstvenici koji se bave istra\u017eivanjem biologije i kemije, stru\u010dnjaci za agronomiju, laboratoriji za biljnu biologiju i formulacije na preciznoj farmi Oni su\u00a0pioniri\u00a0u kontroli fitosterola koji se primjenjuju na usjeve na polju kako bi se smanjio stres, posebno stres zbog nesta\u0161ice vode. Ubrzavanje istra\u017eiva\u010dkog rada Validacija dobivenih rezultata Suradnja s priznatim tehni\u010dkim i znanstvenim partnerima, uklju\u010duju\u0107i francuske javne istra\u017eiva\u010dke institute INRAE i CNRS Suradnja sa zadrugama kao \u0161to je Oc\u00e9alia i neovisnim tehni\u010dkim institutima kao \u0161to je Terres Inovia kako bi se potvrdili u\u010dinci na\u0161ih prvih proizvoda Ta znanstvena partnerstva i suradnje s neovisnim tijelima od tada su pro\u0161irena na brojne me\u0111unarodne istra\u017eiva\u010dke institute i sveu\u010dili\u0161ta. To nam je pomoglo da potvrdimo primjenjivost rje\u0161enja i dobivene rezultate kako u laboratoriju, tako i, \u0161to je&#8230;<\/p>\n","protected":false},"author":6,"featured_media":0,"parent":0,"menu_order":0,"comment_status":"closed","ping_status":"closed","template":"","meta":{"_acf_changed":false,"footnotes":""},"class_list":["post-257","page","type-page","status-publish","hentry"],"acf":[],"yoast_head":"<!-- This site is optimized with the Yoast SEO plugin v27.2 - https:\/\/yoast.com\/product\/yoast-seo-wordpress\/ -->\n<title>Na\u0161i znanstveni partneri - Elicit Plant Hrvatska<\/title>\n<meta name=\"description\" content=\"Tvrtka Elicit Plant i njezini timovi provode svoja istra\u017eivanja u suradnji s me\u0111unarodno priznatim tehni\u010dkim i znanstvenim partnerima.\" \/>\n<meta name=\"robots\" content=\"index, follow, max-snippet:-1, max-image-preview:large, max-video-preview:-1\" \/>\n<link rel=\"canonical\" href=\"https:\/\/www.elicit-plant.com\/hr\/znanstvena-partnerstva\/\" \/>\n<meta property=\"og:locale\" content=\"hr_HR\" \/>\n<meta property=\"og:type\" content=\"article\" \/>\n<meta property=\"og:title\" content=\"Na\u0161i znanstveni partneri - Elicit Plant Hrvatska\" \/>\n<meta property=\"og:description\" content=\"Tvrtka Elicit Plant i njezini timovi provode svoja istra\u017eivanja u suradnji s me\u0111unarodno priznatim tehni\u010dkim i znanstvenim partnerima.\" \/>\n<meta property=\"og:url\" content=\"https:\/\/www.elicit-plant.com\/hr\/znanstvena-partnerstva\/\" \/>\n<meta property=\"og:site_name\" content=\"Elicit Plant Hrvatska\" \/>\n<meta property=\"article:modified_time\" content=\"2025-11-24T10:11:09+00:00\" \/>\n<meta name=\"twitter:card\" content=\"summary_large_image\" \/>\n<script type=\"application\/ld+json\" class=\"yoast-schema-graph\">{\"@context\":\"https:\/\/schema.org\",\"@graph\":[{\"@type\":\"WebPage\",\"@id\":\"https:\/\/www.elicit-plant.com\/hr\/znanstvena-partnerstva\/\",\"url\":\"https:\/\/www.elicit-plant.com\/hr\/znanstvena-partnerstva\/\",\"name\":\"Na\u0161i znanstveni partneri - Elicit Plant Hrvatska\",\"isPartOf\":{\"@id\":\"https:\/\/www.elicit-plant.com\/hr\/#website\"},\"datePublished\":\"2025-11-20T08:35:05+00:00\",\"dateModified\":\"2025-11-24T10:11:09+00:00\",\"description\":\"Tvrtka Elicit Plant i njezini timovi provode svoja istra\u017eivanja u suradnji s me\u0111unarodno priznatim tehni\u010dkim i znanstvenim partnerima.\",\"breadcrumb\":{\"@id\":\"https:\/\/www.elicit-plant.com\/hr\/znanstvena-partnerstva\/#breadcrumb\"},\"inLanguage\":\"hr\",\"potentialAction\":[{\"@type\":\"ReadAction\",\"target\":[\"https:\/\/www.elicit-plant.com\/hr\/znanstvena-partnerstva\/\"]}]},{\"@type\":\"BreadcrumbList\",\"@id\":\"https:\/\/www.elicit-plant.com\/hr\/znanstvena-partnerstva\/#breadcrumb\",\"itemListElement\":[{\"@type\":\"ListItem\",\"position\":1,\"name\":\"Po\u010detna stranica\",\"item\":\"https:\/\/www.elicit-plant.com\/hr\/\"},{\"@type\":\"ListItem\",\"position\":2,\"name\":\"Znanstvena partnerstva\"}]},{\"@type\":\"WebSite\",\"@id\":\"https:\/\/www.elicit-plant.com\/hr\/#website\",\"url\":\"https:\/\/www.elicit-plant.com\/hr\/\",\"name\":\"Elicit Plant Hrvatska\",\"description\":\"\",\"potentialAction\":[{\"@type\":\"SearchAction\",\"target\":{\"@type\":\"EntryPoint\",\"urlTemplate\":\"https:\/\/www.elicit-plant.com\/hr\/?s={search_term_string}\"},\"query-input\":{\"@type\":\"PropertyValueSpecification\",\"valueRequired\":true,\"valueName\":\"search_term_string\"}}],\"inLanguage\":\"hr\"}]}<\/script>\n<!-- \/ Yoast SEO plugin. -->","yoast_head_json":{"title":"Na\u0161i znanstveni partneri - Elicit Plant Hrvatska","description":"Tvrtka Elicit Plant i njezini timovi provode svoja istra\u017eivanja u suradnji s me\u0111unarodno priznatim tehni\u010dkim i znanstvenim partnerima.","robots":{"index":"index","follow":"follow","max-snippet":"max-snippet:-1","max-image-preview":"max-image-preview:large","max-video-preview":"max-video-preview:-1"},"canonical":"https:\/\/www.elicit-plant.com\/hr\/znanstvena-partnerstva\/","og_locale":"hr_HR","og_type":"article","og_title":"Na\u0161i znanstveni partneri - Elicit Plant Hrvatska","og_description":"Tvrtka Elicit Plant i njezini timovi provode svoja istra\u017eivanja u suradnji s me\u0111unarodno priznatim tehni\u010dkim i znanstvenim partnerima.","og_url":"https:\/\/www.elicit-plant.com\/hr\/znanstvena-partnerstva\/","og_site_name":"Elicit Plant Hrvatska","article_modified_time":"2025-11-24T10:11:09+00:00","twitter_card":"summary_large_image","schema":{"@context":"https:\/\/schema.org","@graph":[{"@type":"WebPage","@id":"https:\/\/www.elicit-plant.com\/hr\/znanstvena-partnerstva\/","url":"https:\/\/www.elicit-plant.com\/hr\/znanstvena-partnerstva\/","name":"Na\u0161i znanstveni partneri - Elicit Plant Hrvatska","isPartOf":{"@id":"https:\/\/www.elicit-plant.com\/hr\/#website"},"datePublished":"2025-11-20T08:35:05+00:00","dateModified":"2025-11-24T10:11:09+00:00","description":"Tvrtka Elicit Plant i njezini timovi provode svoja istra\u017eivanja u suradnji s me\u0111unarodno priznatim tehni\u010dkim i znanstvenim partnerima.","breadcrumb":{"@id":"https:\/\/www.elicit-plant.com\/hr\/znanstvena-partnerstva\/#breadcrumb"},"inLanguage":"hr","potentialAction":[{"@type":"ReadAction","target":["https:\/\/www.elicit-plant.com\/hr\/znanstvena-partnerstva\/"]}]},{"@type":"BreadcrumbList","@id":"https:\/\/www.elicit-plant.com\/hr\/znanstvena-partnerstva\/#breadcrumb","itemListElement":[{"@type":"ListItem","position":1,"name":"Po\u010detna stranica","item":"https:\/\/www.elicit-plant.com\/hr\/"},{"@type":"ListItem","position":2,"name":"Znanstvena partnerstva"}]},{"@type":"WebSite","@id":"https:\/\/www.elicit-plant.com\/hr\/#website","url":"https:\/\/www.elicit-plant.com\/hr\/","name":"Elicit Plant Hrvatska","description":"","potentialAction":[{"@type":"SearchAction","target":{"@type":"EntryPoint","urlTemplate":"https:\/\/www.elicit-plant.com\/hr\/?s={search_term_string}"},"query-input":{"@type":"PropertyValueSpecification","valueRequired":true,"valueName":"search_term_string"}}],"inLanguage":"hr"}]}},"_links":{"self":[{"href":"https:\/\/www.elicit-plant.com\/hr\/wp-json\/wp\/v2\/pages\/257","targetHints":{"allow":["GET"]}}],"collection":[{"href":"https:\/\/www.elicit-plant.com\/hr\/wp-json\/wp\/v2\/pages"}],"about":[{"href":"https:\/\/www.elicit-plant.com\/hr\/wp-json\/wp\/v2\/types\/page"}],"author":[{"embeddable":true,"href":"https:\/\/www.elicit-plant.com\/hr\/wp-json\/wp\/v2\/users\/6"}],"replies":[{"embeddable":true,"href":"https:\/\/www.elicit-plant.com\/hr\/wp-json\/wp\/v2\/comments?post=257"}],"version-history":[{"count":4,"href":"https:\/\/www.elicit-plant.com\/hr\/wp-json\/wp\/v2\/pages\/257\/revisions"}],"predecessor-version":[{"id":373,"href":"https:\/\/www.elicit-plant.com\/hr\/wp-json\/wp\/v2\/pages\/257\/revisions\/373"}],"wp:attachment":[{"href":"https:\/\/www.elicit-plant.com\/hr\/wp-json\/wp\/v2\/media?parent=257"}],"curies":[{"name":"wp","href":"https:\/\/api.w.org\/{rel}","templated":true}]}}