{"id":259,"date":"2025-11-20T09:36:24","date_gmt":"2025-11-20T08:36:24","guid":{"rendered":"https:\/\/www.elicit-plant.com\/hr\/?page_id=259"},"modified":"2025-11-28T11:19:45","modified_gmt":"2025-11-28T10:19:45","slug":"istrazivacka-platforma-eliterra","status":"publish","type":"page","link":"https:\/\/www.elicit-plant.com\/hr\/istrazivacka-platforma-eliterra\/","title":{"rendered":"Istra\u017eiva\u010dka platforma EliTerra\u00ae"},"content":{"rendered":"<section class=\"cbo-hero cbo-margin-container hero--colorgreen\" data-anim-group>\n\t<div class=\"cbo-breadcrumbs breadcrumbs--normal\">\n  <div class=\"breadcrumbs-inner\">\n    <span><span><a href=\"https:\/\/www.elicit-plant.com\/hr\/\">Po\u010detna stranica<\/a><\/span><\/span>\t<\/div>\n<\/div>\n\t<div class=\"hero-inner cbo-container container--padding\">\n\n\t\t<div class=\"hero-shapes\">\n\t\t\t<div class=\"shapes-color scale-up\"><\/div>\n\n\t\t\t<div class=\"shapes-picture cbo-picture-cover scale-up\"  data-delay=\"450\">\n\t\t\t\t\t\t\t<\/div>\n\t\t<\/div>\n\n\t\t<div class=\"hero-content cbo-cms cms--large cms--white\">\n\t\t\t<div class=\"content-text\">\n\t\t\t\t<h1 class=\"hero-title cbo-heading slide-down\">\n\t\t\t\t\tIstra\u017eiva\u010dka platforma EliTerra\u00ae\t\t\t\t<\/h1>\n\n\t\t\t\t\t\t\t<\/div>\n\t\t<\/div>\n\n\t<\/div>\n<\/section>\n\n<section class=\"cbo-text cbo-margin-container\">\n    <div class=\"\n        text-inner\n                cbo-container\n        container--small        \"\n    >\n        <div class=\"text-content cbo-cms cms--large\">\n            <p><img loading=\"lazy\" decoding=\"async\" class=\"\" src=\"https:\/\/www.elicit-plant.com\/wp-content\/uploads\/2024\/02\/EliTerra-Logo-transparent.png\" alt=\"EliTerra, Technologic Platform\" width=\"609\" height=\"149\" \/><\/p>\n<h2><strong>EliTerra, tehnolo\u0161ka platforma tvrtke Elicit Plant<\/strong><\/h2>\n\n            <div style=\"clear: both;\"><\/div>\n        <\/div>\n    <\/div>\n<\/section>\n\n\n<section class=\"cbo-picture picture--contained\">\n\t<div class=\"picture-inner cbo-container container--small\">\n\t\t<div class=\"picture-element cbo-picture-cover\">\n\t\t\t<img decoding=\"async\" src=\"https:\/\/www.elicit-plant.com\/app\/uploads\/sites\/15\/2025\/11\/Eliterra-Platform-HR-2-1024x566.jpg\" srcset=\"https:\/\/www.elicit-plant.com\/app\/uploads\/sites\/15\/2025\/11\/Eliterra-Platform-HR-2-320x177.jpg 320w, https:\/\/www.elicit-plant.com\/app\/uploads\/sites\/15\/2025\/11\/Eliterra-Platform-HR-2-768x425.jpg 840w, https:\/\/www.elicit-plant.com\/app\/uploads\/sites\/15\/2025\/11\/Eliterra-Platform-HR-2-1024x566.jpg 1024w, https:\/\/www.elicit-plant.com\/app\/uploads\/sites\/15\/2025\/11\/Eliterra-Platform-HR-2-1400x774.jpg 1400w\" class=\"\" alt=\"Istra\u017eiva\u010dka platforma EliTerra\" width=\"1024\" height=\"566\" sizes=\"auto, 100vw\" loading=\"lazy\" \/>\t\t<\/div>\n\n\t\t\t<\/div>\n<\/section>\n\n<section class=\"cbo-textpicture textpicture--reverse\">\n    <div class=\"textpicture-inner cbo-container container--small\">\n\n        <div class=\"textpicture-picture\">\n            <div class=\"picture-inner cbo-picture-cover\">\n                <img decoding=\"async\" src=\"https:\/\/www.elicit-plant.com\/app\/uploads\/sites\/15\/2025\/11\/close-up-icture-of-stomates-320x320.jpg\" srcset=\"https:\/\/www.elicit-plant.com\/app\/uploads\/sites\/15\/2025\/11\/close-up-icture-of-stomates-320x320.jpg 320w, https:\/\/www.elicit-plant.com\/app\/uploads\/sites\/15\/2025\/11\/close-up-icture-of-stomates.jpg 768w, https:\/\/www.elicit-plant.com\/app\/uploads\/sites\/15\/2025\/11\/close-up-icture-of-stomates.jpg 1024w\" class=\"\" alt=\"krupni plan pu\u010di na listovima\" width=\"320\" height=\"320\" sizes=\"auto, 100vw\" loading=\"lazy\" \/>            <\/div>\n        <\/div>\n\n        <div class=\"textpicture-content cbo-cms cms--large\">\n                            <picture class=\"content-icon cbo-picture-contain\">\n                    <img decoding=\"async\" src=\"https:\/\/www.elicit-plant.com\/app\/uploads\/sites\/15\/2025\/11\/icon.svg\"  class=\"\" alt=\"icon\" width=\"1\" height=\"1\" sizes=\"auto, 100vw\" loading=\"lazy\" \/>                <\/picture>\n            \n            \n            <p class=\"cbo-chapo\">Zna\u010dajan istra\u017eiva\u010dki potencija<\/p>\n<ul>\n<li>Postoji mno\u0161tvo fitosterola, a svaka biljna vrsta ima razli\u010dite kombinacije koje koristi za odgovor na stres.<\/li>\n<li>Na\u0161i istra\u017eiva\u010di biraju i razvijaju naju\u010dinkovitiju formulaciju ovisno o potrebnom rje\u0161enju i rezultatima koje \u017eelimo posti\u0107i na poljima poljoprivrednika.<\/li>\n<\/ul>\n        <\/div>\n\n    <\/div>\n<\/section>\n\n\n<section class=\"cbo-quote\">\n    <div class=\"quote-inner cbo-container container--small\">\n\n        <div class=\"quote-infos\">\n            <i class=\"icon icon-quote\"><\/i>\n\n                            BENOIT POINSSOT, PROFESOR-ISTRA\u017dIVA\u010c NA UMR AGRO\u00c9COLOGIE (INRAE, SVEU\u010cILI\u0160TE BURGUNDIJA, INSTITUT AGRO DIJON)                    <\/div>\n       \n        <div class=\"quote-content cbo-title-3\">\n\t\t\tNe postoji jedan, ve\u0107 mnogo fitosterola. U prirodi ih ima vi\u0161e od 200, a svaki je specifi\u010dan za stres i vrstu. Fitosteroli nipo\u0161to nisu univerzalno generi\u010dko rje\u0161enje, a koliko dobro djeluju na usjeve ovisi ne samo o njihovoj raznolikosti, ve\u0107 i o tome kako se kombiniraju i, naravno, o formulaciji. Platforma EliTerra\u00ae stoga nudi ogroman potencijal za razvoj proizvoda.\t\t<\/div>\n    <\/div>\n<\/section>\n\n<section class=\"cbo-text cbo-margin-container\">\n    <div class=\"\n        text-inner\n                cbo-container\n        container--small        \"\n    >\n        <div class=\"text-content cbo-cms cms--large\">\n            <p style=\"margin-top: 0cm;\"><span lang=\"HR\">Koriste\u0107i se tehnologijama metaboloma, transkriptoma i fenotipske analize, tvrtka Elicit Plant provodi istra\u017eivanja kako bi odabrala prirodne aktivne sastojke usmjerene na okoli\u0161ne stresove.<\/span><\/p>\n<p><span lang=\"HR\">U laboratorijima i komorama za uzgoj tvrtke Elicit Plant, znanstvenici i agronomi sura\u0111uju kako bi\u00a0<strong><span style=\"color: #86b049;\">prou\u010dili ravnote\u017eu razli\u010ditih fitosterola<\/span><\/strong>, razumjeli kako na\u0161i aktivni sastojci djeluju i identificirali odgovaraju\u0107e fizi\u010dke i biolo\u0161ke procese na koje ciljaju tvari na bazi fitosterola.<\/span><\/p>\n<p style=\"margin-bottom: 0cm;\"><span lang=\"HR\">Tehnolo\u0161ka platforma\u00a0<strong><span style=\"color: #86b049;\">EliTerra\u00ae<\/span><\/strong>\u00a0rezultat je istra\u017eivanja\u00a0<strong><span style=\"color: #86b049;\">fitosterola i njihove uloge u otpornosti na stres kod ratarskih kultura<\/span><\/strong>\u00a0(kukuruz, p\u0161enica, je\u010dam, suncokret, soja itd.).<\/span><\/p>\n\n            <div style=\"clear: both;\"><\/div>\n        <\/div>\n    <\/div>\n<\/section>\n\n\n<section class=\"cbo-textpicture textpicture--normal\">\n    <div class=\"textpicture-inner cbo-container container--small\">\n\n        <div class=\"textpicture-picture\">\n            <div class=\"picture-inner cbo-picture-cover\">\n                <img decoding=\"async\" src=\"https:\/\/www.elicit-plant.com\/app\/uploads\/sites\/15\/2025\/11\/Phytosterols-multiples-768x768-1-320x320.jpg\" srcset=\"https:\/\/www.elicit-plant.com\/app\/uploads\/sites\/15\/2025\/11\/Phytosterols-multiples-768x768-1-320x320.jpg 320w, https:\/\/www.elicit-plant.com\/app\/uploads\/sites\/15\/2025\/11\/Phytosterols-multiples-768x768-1.jpg 768w, https:\/\/www.elicit-plant.com\/app\/uploads\/sites\/15\/2025\/11\/Phytosterols-multiples-768x768-1.jpg 1024w\" class=\"\" alt=\"Fitosteroli\" width=\"320\" height=\"320\" sizes=\"auto, 100vw\" loading=\"lazy\" \/>            <\/div>\n        <\/div>\n\n        <div class=\"textpicture-content cbo-cms cms--large\">\n            \n            \n            <ul>\n<li>Proces otkrivanja i validacije koji upotrebljavaju laboratoriji tvrtke Elicit Plant i njezini znanstveni partneri doveo je do identifikacije novih formulacija sastavljenih od razli\u010ditih fitosterola za specifi\u010dno i u\u010dinkovito suzbijanje utjecaja klimatskih promjena na nekoliko poljskih usjeva.<\/li>\n<li>Potencijal za razvoj novih proizvoda specifi\u010dnih za stres i vrstu upotrebom tehnolo\u0161ke platforme EliTerra\u00ae je ogroman. Plan razvoja proizvoda omogu\u0107it \u0107e nam pristup raznim poljoprivrednim kulturama \u0161irom svijeta.<\/li>\n<\/ul>\n        <\/div>\n\n    <\/div>\n<\/section>\n\n<section class=\"cbo-featuredlinks featuredlinks--colorwhite\">\n\t<div class=\"featuredlinks-inner cbo-container \">\n\n\t\t\t\t\t<h2 class=\"cbo-title-2 featuredlinks-title\">\n\t\t\t\tSaznajte vi\u0161e o na\u0161em istra\u017eivanju\t\t\t<\/h2>\n\t\t\n\t\t<div class=\"featuredlinks-list\" data-anim-group data-group-delay=\"100\">\n\t\t\t\n\t\t\t<div class=\"list-el\">\n\t\t\t\t<a class=\"el-inner\" href=\"https:\/\/www.elicit-plant.com\/hr\/znanost-i-tehnologija\/\">\n\n\t\t\t\t\t<figure class=\"inner-picture cbo-picture-cover\">\n\t\t\t\t\t\t<img decoding=\"async\" src=\"https:\/\/www.elicit-plant.com\/app\/uploads\/sites\/15\/2025\/11\/agronomical-scientist.jpg\" srcset=\"https:\/\/www.elicit-plant.com\/app\/uploads\/sites\/15\/2025\/11\/agronomical-scientist-320x320.jpg 320w, https:\/\/www.elicit-plant.com\/app\/uploads\/sites\/15\/2025\/11\/agronomical-scientist.jpg 840w, https:\/\/www.elicit-plant.com\/app\/uploads\/sites\/15\/2025\/11\/agronomical-scientist.jpg 1024w, https:\/\/www.elicit-plant.com\/app\/uploads\/sites\/15\/2025\/11\/agronomical-scientist.jpg 1400w\" class=\"\" alt=\"agronomski znanstvenik koji radi na vodnom stresu\" width=\"402\" height=\"403\" sizes=\"auto, 100vw\" loading=\"lazy\" \/>\t\t\t\t\t<\/figure>\n\n\t\t\t\t\t<h3 class=\"inner-title cbo-title-3\">\n\t\t\t\t\t\tSaznajte vi\u0161e o fitosterolima\t\t\t\t\t<\/h3>\n\n\t\t\t\t\t<span class=\"inner-button cbo-buttonmore\">\n\t\t\t\t\t\t<i class=\"icon icon-cross\"><\/i>\n\t\t\t\t\t<\/span>\n\t\t\t\t<\/a>\n\t\t\t<\/div>\n\n\t\t\t\n\t\t\t<div class=\"list-el\">\n\t\t\t\t<a class=\"el-inner\" href=\"https:\/\/www.elicit-plant.com\/hr\/znanstvena-partnerstva\/\">\n\n\t\t\t\t\t<figure class=\"inner-picture cbo-picture-cover\">\n\t\t\t\t\t\t<img decoding=\"async\" src=\"https:\/\/www.elicit-plant.com\/app\/uploads\/sites\/15\/2025\/11\/img-distributeurs-bloc-2-1.jpg\" srcset=\"https:\/\/www.elicit-plant.com\/app\/uploads\/sites\/15\/2025\/11\/img-distributeurs-bloc-2-1-320x205.jpg 320w, https:\/\/www.elicit-plant.com\/app\/uploads\/sites\/15\/2025\/11\/img-distributeurs-bloc-2-1.jpg 840w, https:\/\/www.elicit-plant.com\/app\/uploads\/sites\/15\/2025\/11\/img-distributeurs-bloc-2-1.jpg 1024w, https:\/\/www.elicit-plant.com\/app\/uploads\/sites\/15\/2025\/11\/img-distributeurs-bloc-2-1.jpg 1400w\" class=\"\" alt=\"Suradnja izme\u0111u dvaju poljoprivrednika\" width=\"624\" height=\"400\" sizes=\"auto, 100vw\" loading=\"lazy\" \/>\t\t\t\t\t<\/figure>\n\n\t\t\t\t\t<h3 class=\"inner-title cbo-title-3\">\n\t\t\t\t\t\tNa\u0161a znanstvena partnerstva\t\t\t\t\t<\/h3>\n\n\t\t\t\t\t<span class=\"inner-button cbo-buttonmore\">\n\t\t\t\t\t\t<i class=\"icon icon-cross\"><\/i>\n\t\t\t\t\t<\/span>\n\t\t\t\t<\/a>\n\t\t\t<\/div>\n\n\t\t\t\t\t<\/div>\n\n\t<\/div>\n<\/section>\n","protected":false},"excerpt":{"rendered":"<p>EliTerra, tehnolo\u0161ka platforma tvrtke Elicit Plant Zna\u010dajan istra\u017eiva\u010dki potencija Postoji mno\u0161tvo fitosterola, a svaka biljna vrsta ima razli\u010dite kombinacije koje koristi za odgovor na stres. Na\u0161i istra\u017eiva\u010di biraju i razvijaju naju\u010dinkovitiju formulaciju ovisno o potrebnom rje\u0161enju i rezultatima koje \u017eelimo posti\u0107i na poljima poljoprivrednika. Koriste\u0107i se tehnologijama metaboloma, transkriptoma i fenotipske analize, tvrtka Elicit Plant provodi istra\u017eivanja kako bi odabrala prirodne aktivne sastojke usmjerene na okoli\u0161ne stresove. U laboratorijima i komorama za uzgoj tvrtke Elicit Plant, znanstvenici i agronomi sura\u0111uju kako bi\u00a0prou\u010dili ravnote\u017eu razli\u010ditih fitosterola, razumjeli kako na\u0161i aktivni sastojci djeluju i identificirali odgovaraju\u0107e fizi\u010dke i biolo\u0161ke procese na koje ciljaju tvari na bazi fitosterola. Tehnolo\u0161ka platforma\u00a0EliTerra\u00ae\u00a0rezultat je istra\u017eivanja\u00a0fitosterola i njihove uloge u otpornosti na stres kod ratarskih kultura\u00a0(kukuruz,&#8230;<\/p>\n","protected":false},"author":6,"featured_media":31,"parent":0,"menu_order":0,"comment_status":"closed","ping_status":"closed","template":"","meta":{"_acf_changed":false,"footnotes":""},"class_list":["post-259","page","type-page","status-publish","has-post-thumbnail","hentry"],"acf":[],"yoast_head":"<!-- This site is optimized with the Yoast SEO plugin v27.2 - https:\/\/yoast.com\/product\/yoast-seo-wordpress\/ -->\n<title>EliTerra\u00ae: Tehnolo\u0161ka platforma tvrtke - Elicit Plant Hrvatska<\/title>\n<meta name=\"description\" content=\"Otkrijte platformu EliTerra\u00ae, plod istra\u017eivanja fitosterola i njihove uloge u otpornosti na stres kod ratarskih kultura (kukuruz, p\u0161enica, je\u010dam, suncokret, soja itd.).\" \/>\n<meta name=\"robots\" content=\"index, follow, max-snippet:-1, max-image-preview:large, max-video-preview:-1\" \/>\n<link rel=\"canonical\" href=\"https:\/\/www.elicit-plant.com\/hr\/istrazivacka-platforma-eliterra\/\" \/>\n<meta property=\"og:locale\" content=\"hr_HR\" \/>\n<meta property=\"og:type\" content=\"article\" \/>\n<meta property=\"og:title\" content=\"EliTerra\u00ae: Tehnolo\u0161ka platforma tvrtke - Elicit Plant Hrvatska\" \/>\n<meta property=\"og:description\" content=\"Otkrijte platformu EliTerra\u00ae, plod istra\u017eivanja fitosterola i njihove uloge u otpornosti na stres kod ratarskih kultura (kukuruz, p\u0161enica, je\u010dam, suncokret, soja itd.).\" \/>\n<meta property=\"og:url\" content=\"https:\/\/www.elicit-plant.com\/hr\/istrazivacka-platforma-eliterra\/\" \/>\n<meta property=\"og:site_name\" content=\"Elicit Plant Hrvatska\" \/>\n<meta property=\"article:modified_time\" content=\"2025-11-28T10:19:45+00:00\" \/>\n<meta property=\"og:image\" content=\"https:\/\/www.elicit-plant.com\/app\/uploads\/sites\/15\/2025\/11\/Eliterra-Platform-HR.jpg\" \/>\n\t<meta property=\"og:image:width\" content=\"1953\" \/>\n\t<meta property=\"og:image:height\" content=\"1080\" \/>\n\t<meta property=\"og:image:type\" content=\"image\/jpeg\" \/>\n<meta name=\"twitter:card\" content=\"summary_large_image\" \/>\n<meta name=\"twitter:label1\" content=\"Procijenjeno vrijeme \u010ditanja\" \/>\n\t<meta name=\"twitter:data1\" content=\"1 minuta\" \/>\n<script type=\"application\/ld+json\" class=\"yoast-schema-graph\">{\"@context\":\"https:\/\/schema.org\",\"@graph\":[{\"@type\":\"WebPage\",\"@id\":\"https:\/\/www.elicit-plant.com\/hr\/istrazivacka-platforma-eliterra\/\",\"url\":\"https:\/\/www.elicit-plant.com\/hr\/istrazivacka-platforma-eliterra\/\",\"name\":\"EliTerra\u00ae: Tehnolo\u0161ka platforma tvrtke - Elicit Plant Hrvatska\",\"isPartOf\":{\"@id\":\"https:\/\/www.elicit-plant.com\/hr\/#website\"},\"primaryImageOfPage\":{\"@id\":\"https:\/\/www.elicit-plant.com\/hr\/istrazivacka-platforma-eliterra\/#primaryimage\"},\"image\":{\"@id\":\"https:\/\/www.elicit-plant.com\/hr\/istrazivacka-platforma-eliterra\/#primaryimage\"},\"thumbnailUrl\":\"https:\/\/www.elicit-plant.com\/app\/uploads\/sites\/15\/2025\/11\/Eliterra-Platform-HR.jpg\",\"datePublished\":\"2025-11-20T08:36:24+00:00\",\"dateModified\":\"2025-11-28T10:19:45+00:00\",\"description\":\"Otkrijte platformu EliTerra\u00ae, plod istra\u017eivanja fitosterola i njihove uloge u otpornosti na stres kod ratarskih kultura (kukuruz, p\u0161enica, je\u010dam, suncokret, soja itd.).\",\"breadcrumb\":{\"@id\":\"https:\/\/www.elicit-plant.com\/hr\/istrazivacka-platforma-eliterra\/#breadcrumb\"},\"inLanguage\":\"hr\",\"potentialAction\":[{\"@type\":\"ReadAction\",\"target\":[\"https:\/\/www.elicit-plant.com\/hr\/istrazivacka-platforma-eliterra\/\"]}]},{\"@type\":\"ImageObject\",\"inLanguage\":\"hr\",\"@id\":\"https:\/\/www.elicit-plant.com\/hr\/istrazivacka-platforma-eliterra\/#primaryimage\",\"url\":\"https:\/\/www.elicit-plant.com\/app\/uploads\/sites\/15\/2025\/11\/Eliterra-Platform-HR.jpg\",\"contentUrl\":\"https:\/\/www.elicit-plant.com\/app\/uploads\/sites\/15\/2025\/11\/Eliterra-Platform-HR.jpg\",\"width\":1953,\"height\":1080,\"caption\":\"Istra\u017eiva\u010dka platforma EliTerra\"},{\"@type\":\"BreadcrumbList\",\"@id\":\"https:\/\/www.elicit-plant.com\/hr\/istrazivacka-platforma-eliterra\/#breadcrumb\",\"itemListElement\":[{\"@type\":\"ListItem\",\"position\":1,\"name\":\"Po\u010detna stranica\",\"item\":\"https:\/\/www.elicit-plant.com\/hr\/\"},{\"@type\":\"ListItem\",\"position\":2,\"name\":\"Istra\u017eiva\u010dka platforma EliTerra\u00ae\"}]},{\"@type\":\"WebSite\",\"@id\":\"https:\/\/www.elicit-plant.com\/hr\/#website\",\"url\":\"https:\/\/www.elicit-plant.com\/hr\/\",\"name\":\"Elicit Plant Hrvatska\",\"description\":\"\",\"potentialAction\":[{\"@type\":\"SearchAction\",\"target\":{\"@type\":\"EntryPoint\",\"urlTemplate\":\"https:\/\/www.elicit-plant.com\/hr\/?s={search_term_string}\"},\"query-input\":{\"@type\":\"PropertyValueSpecification\",\"valueRequired\":true,\"valueName\":\"search_term_string\"}}],\"inLanguage\":\"hr\"}]}<\/script>\n<!-- \/ Yoast SEO plugin. -->","yoast_head_json":{"title":"EliTerra\u00ae: Tehnolo\u0161ka platforma tvrtke - Elicit Plant Hrvatska","description":"Otkrijte platformu EliTerra\u00ae, plod istra\u017eivanja fitosterola i njihove uloge u otpornosti na stres kod ratarskih kultura (kukuruz, p\u0161enica, je\u010dam, suncokret, soja itd.).","robots":{"index":"index","follow":"follow","max-snippet":"max-snippet:-1","max-image-preview":"max-image-preview:large","max-video-preview":"max-video-preview:-1"},"canonical":"https:\/\/www.elicit-plant.com\/hr\/istrazivacka-platforma-eliterra\/","og_locale":"hr_HR","og_type":"article","og_title":"EliTerra\u00ae: Tehnolo\u0161ka platforma tvrtke - Elicit Plant Hrvatska","og_description":"Otkrijte platformu EliTerra\u00ae, plod istra\u017eivanja fitosterola i njihove uloge u otpornosti na stres kod ratarskih kultura (kukuruz, p\u0161enica, je\u010dam, suncokret, soja itd.).","og_url":"https:\/\/www.elicit-plant.com\/hr\/istrazivacka-platforma-eliterra\/","og_site_name":"Elicit Plant Hrvatska","article_modified_time":"2025-11-28T10:19:45+00:00","og_image":[{"width":1953,"height":1080,"url":"https:\/\/www.elicit-plant.com\/app\/uploads\/sites\/15\/2025\/11\/Eliterra-Platform-HR.jpg","type":"image\/jpeg"}],"twitter_card":"summary_large_image","twitter_misc":{"Procijenjeno vrijeme \u010ditanja":"1 minuta"},"schema":{"@context":"https:\/\/schema.org","@graph":[{"@type":"WebPage","@id":"https:\/\/www.elicit-plant.com\/hr\/istrazivacka-platforma-eliterra\/","url":"https:\/\/www.elicit-plant.com\/hr\/istrazivacka-platforma-eliterra\/","name":"EliTerra\u00ae: Tehnolo\u0161ka platforma tvrtke - Elicit Plant Hrvatska","isPartOf":{"@id":"https:\/\/www.elicit-plant.com\/hr\/#website"},"primaryImageOfPage":{"@id":"https:\/\/www.elicit-plant.com\/hr\/istrazivacka-platforma-eliterra\/#primaryimage"},"image":{"@id":"https:\/\/www.elicit-plant.com\/hr\/istrazivacka-platforma-eliterra\/#primaryimage"},"thumbnailUrl":"https:\/\/www.elicit-plant.com\/app\/uploads\/sites\/15\/2025\/11\/Eliterra-Platform-HR.jpg","datePublished":"2025-11-20T08:36:24+00:00","dateModified":"2025-11-28T10:19:45+00:00","description":"Otkrijte platformu EliTerra\u00ae, plod istra\u017eivanja fitosterola i njihove uloge u otpornosti na stres kod ratarskih kultura (kukuruz, p\u0161enica, je\u010dam, suncokret, soja itd.).","breadcrumb":{"@id":"https:\/\/www.elicit-plant.com\/hr\/istrazivacka-platforma-eliterra\/#breadcrumb"},"inLanguage":"hr","potentialAction":[{"@type":"ReadAction","target":["https:\/\/www.elicit-plant.com\/hr\/istrazivacka-platforma-eliterra\/"]}]},{"@type":"ImageObject","inLanguage":"hr","@id":"https:\/\/www.elicit-plant.com\/hr\/istrazivacka-platforma-eliterra\/#primaryimage","url":"https:\/\/www.elicit-plant.com\/app\/uploads\/sites\/15\/2025\/11\/Eliterra-Platform-HR.jpg","contentUrl":"https:\/\/www.elicit-plant.com\/app\/uploads\/sites\/15\/2025\/11\/Eliterra-Platform-HR.jpg","width":1953,"height":1080,"caption":"Istra\u017eiva\u010dka platforma EliTerra"},{"@type":"BreadcrumbList","@id":"https:\/\/www.elicit-plant.com\/hr\/istrazivacka-platforma-eliterra\/#breadcrumb","itemListElement":[{"@type":"ListItem","position":1,"name":"Po\u010detna stranica","item":"https:\/\/www.elicit-plant.com\/hr\/"},{"@type":"ListItem","position":2,"name":"Istra\u017eiva\u010dka platforma EliTerra\u00ae"}]},{"@type":"WebSite","@id":"https:\/\/www.elicit-plant.com\/hr\/#website","url":"https:\/\/www.elicit-plant.com\/hr\/","name":"Elicit Plant Hrvatska","description":"","potentialAction":[{"@type":"SearchAction","target":{"@type":"EntryPoint","urlTemplate":"https:\/\/www.elicit-plant.com\/hr\/?s={search_term_string}"},"query-input":{"@type":"PropertyValueSpecification","valueRequired":true,"valueName":"search_term_string"}}],"inLanguage":"hr"}]}},"_links":{"self":[{"href":"https:\/\/www.elicit-plant.com\/hr\/wp-json\/wp\/v2\/pages\/259","targetHints":{"allow":["GET"]}}],"collection":[{"href":"https:\/\/www.elicit-plant.com\/hr\/wp-json\/wp\/v2\/pages"}],"about":[{"href":"https:\/\/www.elicit-plant.com\/hr\/wp-json\/wp\/v2\/types\/page"}],"author":[{"embeddable":true,"href":"https:\/\/www.elicit-plant.com\/hr\/wp-json\/wp\/v2\/users\/6"}],"replies":[{"embeddable":true,"href":"https:\/\/www.elicit-plant.com\/hr\/wp-json\/wp\/v2\/comments?post=259"}],"version-history":[{"count":3,"href":"https:\/\/www.elicit-plant.com\/hr\/wp-json\/wp\/v2\/pages\/259\/revisions"}],"predecessor-version":[{"id":311,"href":"https:\/\/www.elicit-plant.com\/hr\/wp-json\/wp\/v2\/pages\/259\/revisions\/311"}],"wp:featuredmedia":[{"embeddable":true,"href":"https:\/\/www.elicit-plant.com\/hr\/wp-json\/wp\/v2\/media\/31"}],"wp:attachment":[{"href":"https:\/\/www.elicit-plant.com\/hr\/wp-json\/wp\/v2\/media?parent=259"}],"curies":[{"name":"wp","href":"https:\/\/api.w.org\/{rel}","templated":true}]}}