{"id":261,"date":"2025-11-20T09:38:02","date_gmt":"2025-11-20T08:38:02","guid":{"rendered":"https:\/\/www.elicit-plant.com\/hr\/?page_id=261"},"modified":"2025-11-28T11:21:06","modified_gmt":"2025-11-28T10:21:06","slug":"kultura-i-vrijednosti","status":"publish","type":"page","link":"https:\/\/www.elicit-plant.com\/hr\/kultura-i-vrijednosti\/","title":{"rendered":"Kultura i vrijednosti"},"content":{"rendered":"<section class=\"cbo-hero cbo-margin-container hero--colorgreen\" data-anim-group>\n\t<div class=\"cbo-breadcrumbs breadcrumbs--normal\">\n  <div class=\"breadcrumbs-inner\">\n    <span><span><a href=\"https:\/\/www.elicit-plant.com\/hr\/\">Po\u010detna stranica<\/a><\/span><\/span>\t<\/div>\n<\/div>\n\t<div class=\"hero-inner cbo-container container--padding\">\n\n\t\t<div class=\"hero-shapes\">\n\t\t\t<div class=\"shapes-color scale-up\"><\/div>\n\n\t\t\t<div class=\"shapes-picture cbo-picture-cover scale-up\"  data-delay=\"450\">\n\t\t\t\t\t\t\t<\/div>\n\t\t<\/div>\n\n\t\t<div class=\"hero-content cbo-cms cms--large cms--white\">\n\t\t\t<div class=\"content-text\">\n\t\t\t\t<h1 class=\"hero-title cbo-heading slide-down\">\n\t\t\t\t\tKultura i vrijednosti\t\t\t\t<\/h1>\n\n\t\t\t\t\t\t\t<\/div>\n\t\t<\/div>\n\n\t<\/div>\n<\/section>\n\n<section class=\"cbo-text cbo-margin-container\">\n    <div class=\"\n        text-inner\n                cbo-container\n        container--small        \"\n    >\n        <div class=\"text-content cbo-cms cms--large\">\n            <h2 style=\"text-align:center\"><img decoding=\"async\" class=\"aligncenter size-medium wp-image-1211\" src=\"https:\/\/www.elicit-plant.com\/wp-content\/uploads\/2024\/02\/Elicit-Plant-logo-full-color-rgb-1024x285.png\" alt=\"\" width=\"500\"  \/><\/h2>\n<h2 style=\"text-align: center;\"><strong>Na\u0161a misija<\/strong><\/h2>\n<h3 style=\"text-align: center;\">Osigurati budu\u0107nost proizvodnje hrane kroz znanstvene inovacije koje podr\u017eavaju odr\u017eivu, ekolo\u0161ku i odgovornu poljoprivredu.<\/h3>\n\n            <div style=\"clear: both;\"><\/div>\n        <\/div>\n    <\/div>\n<\/section>\n\n\n<section class=\"cbo-picture picture--contained\">\n\t<div class=\"picture-inner cbo-container container--small\">\n\t\t<div class=\"picture-element cbo-picture-cover\">\n\t\t\t<img decoding=\"async\" src=\"https:\/\/www.elicit-plant.com\/app\/uploads\/sites\/15\/2025\/11\/elicit-plant-est-en-phase-avec-le-plan-eau-du-gouvernement.webp\" srcset=\"https:\/\/www.elicit-plant.com\/app\/uploads\/sites\/15\/2025\/11\/elicit-plant-est-en-phase-avec-le-plan-eau-du-gouvernement-320x180.webp 320w, https:\/\/www.elicit-plant.com\/app\/uploads\/sites\/15\/2025\/11\/elicit-plant-est-en-phase-avec-le-plan-eau-du-gouvernement-768x432.webp 840w, https:\/\/www.elicit-plant.com\/app\/uploads\/sites\/15\/2025\/11\/elicit-plant-est-en-phase-avec-le-plan-eau-du-gouvernement.webp 1024w, https:\/\/www.elicit-plant.com\/app\/uploads\/sites\/15\/2025\/11\/elicit-plant-est-en-phase-avec-le-plan-eau-du-gouvernement.webp 1400w\" class=\"\" alt=\"kap vode koja klizi niz list kukuruza\" width=\"1000\" height=\"562\" sizes=\"auto, 100vw\" loading=\"lazy\" \/>\t\t<\/div>\n\n\t\t\t<\/div>\n<\/section>\n\n\n<section class=\"cbo-textblocks\">\n    <div class=\"textblocks-inner cbo-container\">\n\n        \t\t\t<h2 class=\"textblocks-title cbo-title-2\">\n\t\t\t\tPACE\t\t\t<\/h2>\n    \t\n\n        \t\t\t<div class=\"textblocks-chapo cbo-chapo\">\n\t\t\t\tZajednica Elicit Plant okuplja se oko \u010detiri zajedni\u010dke vrijednosti pod akronimom PACE: Positive (Pozitivnost), Agile (Agilnost), Collective (Kolektivnost) i Engaged (Anga\u017eiranost).\t\t\t<\/div>\n    \t\n        <div class=\"textblocks-list\">\n                        \n                                    <span class=\"list-el scale-up\" data-delay=\"0\">\n                \n                    <span class=\"el-inner inner--coloryellow cbo-cms cms--white\">\n                        \n                                                    <span class=\"el-title\">\n                                Pozitivnost                             <\/span>\n                        \n                                                    <span class=\"el-content\">\n                                Znate kako izvu\u0107i najbolje iz svake situacije, a va\u0161e kolege vole va\u0161u vedru prirodu.                             <\/span>\n                        \n                                            <\/span>\n\n                                    <\/span>\n                \n                        \n                                    <span class=\"list-el scale-up\" data-delay=\"100\">\n                \n                    <span class=\"el-inner inner--colorbrown cbo-cms cms--white\">\n                        \n                                                    <span class=\"el-title\">\n                                Agilnost                             <\/span>\n                        \n                                                    <span class=\"el-content\">\n                                Znati\u017eeljni ste i mo\u017eete se prilagoditi                             <\/span>\n                        \n                                            <\/span>\n\n                                    <\/span>\n                \n                    <\/div>\n\n        \t\t\t<div class=\"textblocks-button\">\n\t\t\t\t\t\t\t<\/div>\n\t\t\n    <\/div>\n<\/section>\n\n\n<section class=\"cbo-textblocks\">\n    <div class=\"textblocks-inner cbo-container\">\n\n        \n\n        \n        <div class=\"textblocks-list\">\n                        \n                                    <span class=\"list-el scale-up\" data-delay=\"0\">\n                \n                    <span class=\"el-inner inner--colorbrown cbo-cms cms--white\">\n                        \n                                                    <span class=\"el-title\">\n                                Kolektivnost                             <\/span>\n                        \n                                                    <span class=\"el-content\">\n                                Vjerujete da zajedni\u010dkim radom mo\u017eemo posti\u0107i vi\u0161e                             <\/span>\n                        \n                                            <\/span>\n\n                                    <\/span>\n                \n                        \n                                    <span class=\"list-el scale-up\" data-delay=\"100\">\n                \n                    <span class=\"el-inner inner--coloryellow cbo-cms cms--white\">\n                        \n                                                    <span class=\"el-title\">\n                                Anga\u017eiranost                             <\/span>\n                        \n                                                    <span class=\"el-content\">\n                                Ni\u0161ta ne mo\u017ee zaustaviti va\u0161u motivaciju!                             <\/span>\n                        \n                                            <\/span>\n\n                                    <\/span>\n                \n                    <\/div>\n\n        \t\t\t<div class=\"textblocks-button\">\n\t\t\t\t\t\t\t<\/div>\n\t\t\n    <\/div>\n<\/section>\n\n\n<section class=\"cbo-checkerboard checkerboard--normal\">\n    <div class=\"checkerboard-inner\">\n\n        <div class=\"checkerboard-picture\">\n            <div class=\"picture-inner cbo-picture-cover\">\n                <img decoding=\"async\" src=\"https:\/\/www.elicit-plant.com\/app\/uploads\/sites\/15\/2025\/11\/Elicit-Plant-team-picture-320x213.jpg\" srcset=\"https:\/\/www.elicit-plant.com\/app\/uploads\/sites\/15\/2025\/11\/Elicit-Plant-team-picture-320x213.jpg 320w, https:\/\/www.elicit-plant.com\/app\/uploads\/sites\/15\/2025\/11\/Elicit-Plant-team-picture-768x512.jpg 768w, https:\/\/www.elicit-plant.com\/app\/uploads\/sites\/15\/2025\/11\/Elicit-Plant-team-picture-1024x683.jpg 1024w\" class=\"\" alt=\"fotografija tima Elicit Planta\" width=\"320\" height=\"213\" sizes=\"auto, 100vw\" loading=\"lazy\" \/>            <\/div>\n        <\/div>\n        \n        <div class=\"checkerboard-content content--green cbo-cms cms--white\">\n            <div class=\"content-text\">\n                                    <span class=\"content-uptitle\">\n                        Klju\u010dni trenuci godine                     <\/span>\n                \n                <div class=\"content-title cbo-title-3\">\n                    Budu\u0107i da je kohezija va\u017eno pitanje, Elicit Plant organizira desetak okupljanja tijekom godine, pru\u017eaju\u0107i priliku za bolje me\u0111usobno upoznavanje i poticanje me\u0111uodjelnih veza.                <\/div>\n            <\/div>\n        <\/div>\n\n    <\/div>\n<\/section>\n\n\n<section class=\"cbo-checkerboard checkerboard--reverse\">\n    <div class=\"checkerboard-inner\">\n\n        <div class=\"checkerboard-picture\">\n            <div class=\"picture-inner cbo-picture-cover\">\n                <img decoding=\"async\" src=\"https:\/\/www.elicit-plant.com\/app\/uploads\/sites\/15\/2025\/11\/Photo-equipe--320x320.png\" srcset=\"https:\/\/www.elicit-plant.com\/app\/uploads\/sites\/15\/2025\/11\/Photo-equipe--320x320.png 320w, https:\/\/www.elicit-plant.com\/app\/uploads\/sites\/15\/2025\/11\/Photo-equipe--768x768.png 768w, https:\/\/www.elicit-plant.com\/app\/uploads\/sites\/15\/2025\/11\/Photo-equipe--1024x1024.png 1024w\" class=\"\" alt=\"slika tima\" width=\"320\" height=\"320\" sizes=\"auto, 100vw\" loading=\"lazy\" \/>            <\/div>\n        <\/div>\n        \n        <div class=\"checkerboard-content content--green cbo-cms cms--white\">\n            <div class=\"content-text\">\n                \n                <div class=\"content-title cbo-title-3\">\n                    Svake godine svi zaposlenici pozivaju se na:<br \/>\r\n<br \/>\r\nSeminar tvrtke<br \/>\r\n<br \/>\r\nMogu\u0107nosti dijeljenja i razmjene izme\u0111u istra\u017eiva\u010dkih, prodajnih i me\u0111ufunkcionalnih timova<br \/>\r\n<br \/>\r\nDane uvo\u0111enja kako bismo na\u0161im novoprido\u0161lim zaposlenicima pru\u017eili dostojnu dobrodo\u0161licu.<br \/>\r\n                <\/div>\n            <\/div>\n        <\/div>\n\n    <\/div>\n<\/section>","protected":false},"excerpt":{"rendered":"<p>Na\u0161a misija Osigurati budu\u0107nost proizvodnje hrane kroz znanstvene inovacije koje podr\u017eavaju odr\u017eivu, ekolo\u0161ku i odgovornu poljoprivredu.<\/p>\n","protected":false},"author":6,"featured_media":39,"parent":0,"menu_order":0,"comment_status":"closed","ping_status":"closed","template":"","meta":{"_acf_changed":false,"footnotes":""},"class_list":["post-261","page","type-page","status-publish","has-post-thumbnail","hentry"],"acf":[],"yoast_head":"<!-- This site is optimized with the Yoast SEO plugin v27.2 - https:\/\/yoast.com\/product\/yoast-seo-wordpress\/ -->\n<title>Na\u0161a kultura, vrijednosti i svrha - Elicit Plant Hrvatska<\/title>\n<meta name=\"description\" content=\"Odr\u017eavamo proizvodnju prehrambenih resursa kroz znanstvene inovacije u slu\u017ebi odr\u017eive, ekolo\u0161ke i odgovorne poljoprivrede.\" \/>\n<meta name=\"robots\" content=\"index, follow, max-snippet:-1, max-image-preview:large, max-video-preview:-1\" \/>\n<link rel=\"canonical\" href=\"https:\/\/www.elicit-plant.com\/hr\/kultura-i-vrijednosti\/\" \/>\n<meta property=\"og:locale\" content=\"hr_HR\" \/>\n<meta property=\"og:type\" content=\"article\" \/>\n<meta property=\"og:title\" content=\"Na\u0161a kultura, vrijednosti i svrha - Elicit Plant Hrvatska\" \/>\n<meta property=\"og:description\" content=\"Odr\u017eavamo proizvodnju prehrambenih resursa kroz znanstvene inovacije u slu\u017ebi odr\u017eive, ekolo\u0161ke i odgovorne poljoprivrede.\" \/>\n<meta property=\"og:url\" content=\"https:\/\/www.elicit-plant.com\/hr\/kultura-i-vrijednosti\/\" \/>\n<meta property=\"og:site_name\" content=\"Elicit Plant Hrvatska\" \/>\n<meta property=\"article:modified_time\" content=\"2025-11-28T10:21:06+00:00\" \/>\n<meta property=\"og:image\" content=\"https:\/\/www.elicit-plant.com\/app\/uploads\/sites\/15\/2025\/11\/Photo-equipe-.png\" \/>\n\t<meta property=\"og:image:width\" content=\"1388\" \/>\n\t<meta property=\"og:image:height\" content=\"1387\" \/>\n\t<meta property=\"og:image:type\" content=\"image\/png\" \/>\n<meta name=\"twitter:card\" content=\"summary_large_image\" \/>\n<script type=\"application\/ld+json\" class=\"yoast-schema-graph\">{\"@context\":\"https:\/\/schema.org\",\"@graph\":[{\"@type\":\"WebPage\",\"@id\":\"https:\/\/www.elicit-plant.com\/hr\/kultura-i-vrijednosti\/\",\"url\":\"https:\/\/www.elicit-plant.com\/hr\/kultura-i-vrijednosti\/\",\"name\":\"Na\u0161a kultura, vrijednosti i svrha - Elicit Plant Hrvatska\",\"isPartOf\":{\"@id\":\"https:\/\/www.elicit-plant.com\/hr\/#website\"},\"primaryImageOfPage\":{\"@id\":\"https:\/\/www.elicit-plant.com\/hr\/kultura-i-vrijednosti\/#primaryimage\"},\"image\":{\"@id\":\"https:\/\/www.elicit-plant.com\/hr\/kultura-i-vrijednosti\/#primaryimage\"},\"thumbnailUrl\":\"https:\/\/www.elicit-plant.com\/app\/uploads\/sites\/15\/2025\/11\/Photo-equipe-.png\",\"datePublished\":\"2025-11-20T08:38:02+00:00\",\"dateModified\":\"2025-11-28T10:21:06+00:00\",\"description\":\"Odr\u017eavamo proizvodnju prehrambenih resursa kroz znanstvene inovacije u slu\u017ebi odr\u017eive, ekolo\u0161ke i odgovorne poljoprivrede.\",\"breadcrumb\":{\"@id\":\"https:\/\/www.elicit-plant.com\/hr\/kultura-i-vrijednosti\/#breadcrumb\"},\"inLanguage\":\"hr\",\"potentialAction\":[{\"@type\":\"ReadAction\",\"target\":[\"https:\/\/www.elicit-plant.com\/hr\/kultura-i-vrijednosti\/\"]}]},{\"@type\":\"ImageObject\",\"inLanguage\":\"hr\",\"@id\":\"https:\/\/www.elicit-plant.com\/hr\/kultura-i-vrijednosti\/#primaryimage\",\"url\":\"https:\/\/www.elicit-plant.com\/app\/uploads\/sites\/15\/2025\/11\/Photo-equipe-.png\",\"contentUrl\":\"https:\/\/www.elicit-plant.com\/app\/uploads\/sites\/15\/2025\/11\/Photo-equipe-.png\",\"width\":1388,\"height\":1387,\"caption\":\"slika tima\"},{\"@type\":\"BreadcrumbList\",\"@id\":\"https:\/\/www.elicit-plant.com\/hr\/kultura-i-vrijednosti\/#breadcrumb\",\"itemListElement\":[{\"@type\":\"ListItem\",\"position\":1,\"name\":\"Po\u010detna stranica\",\"item\":\"https:\/\/www.elicit-plant.com\/hr\/\"},{\"@type\":\"ListItem\",\"position\":2,\"name\":\"Kultura i vrijednosti\"}]},{\"@type\":\"WebSite\",\"@id\":\"https:\/\/www.elicit-plant.com\/hr\/#website\",\"url\":\"https:\/\/www.elicit-plant.com\/hr\/\",\"name\":\"Elicit Plant Hrvatska\",\"description\":\"\",\"potentialAction\":[{\"@type\":\"SearchAction\",\"target\":{\"@type\":\"EntryPoint\",\"urlTemplate\":\"https:\/\/www.elicit-plant.com\/hr\/?s={search_term_string}\"},\"query-input\":{\"@type\":\"PropertyValueSpecification\",\"valueRequired\":true,\"valueName\":\"search_term_string\"}}],\"inLanguage\":\"hr\"}]}<\/script>\n<!-- \/ Yoast SEO plugin. -->","yoast_head_json":{"title":"Na\u0161a kultura, vrijednosti i svrha - Elicit Plant Hrvatska","description":"Odr\u017eavamo proizvodnju prehrambenih resursa kroz znanstvene inovacije u slu\u017ebi odr\u017eive, ekolo\u0161ke i odgovorne poljoprivrede.","robots":{"index":"index","follow":"follow","max-snippet":"max-snippet:-1","max-image-preview":"max-image-preview:large","max-video-preview":"max-video-preview:-1"},"canonical":"https:\/\/www.elicit-plant.com\/hr\/kultura-i-vrijednosti\/","og_locale":"hr_HR","og_type":"article","og_title":"Na\u0161a kultura, vrijednosti i svrha - Elicit Plant Hrvatska","og_description":"Odr\u017eavamo proizvodnju prehrambenih resursa kroz znanstvene inovacije u slu\u017ebi odr\u017eive, ekolo\u0161ke i odgovorne poljoprivrede.","og_url":"https:\/\/www.elicit-plant.com\/hr\/kultura-i-vrijednosti\/","og_site_name":"Elicit Plant Hrvatska","article_modified_time":"2025-11-28T10:21:06+00:00","og_image":[{"width":1388,"height":1387,"url":"https:\/\/www.elicit-plant.com\/app\/uploads\/sites\/15\/2025\/11\/Photo-equipe-.png","type":"image\/png"}],"twitter_card":"summary_large_image","schema":{"@context":"https:\/\/schema.org","@graph":[{"@type":"WebPage","@id":"https:\/\/www.elicit-plant.com\/hr\/kultura-i-vrijednosti\/","url":"https:\/\/www.elicit-plant.com\/hr\/kultura-i-vrijednosti\/","name":"Na\u0161a kultura, vrijednosti i svrha - Elicit Plant Hrvatska","isPartOf":{"@id":"https:\/\/www.elicit-plant.com\/hr\/#website"},"primaryImageOfPage":{"@id":"https:\/\/www.elicit-plant.com\/hr\/kultura-i-vrijednosti\/#primaryimage"},"image":{"@id":"https:\/\/www.elicit-plant.com\/hr\/kultura-i-vrijednosti\/#primaryimage"},"thumbnailUrl":"https:\/\/www.elicit-plant.com\/app\/uploads\/sites\/15\/2025\/11\/Photo-equipe-.png","datePublished":"2025-11-20T08:38:02+00:00","dateModified":"2025-11-28T10:21:06+00:00","description":"Odr\u017eavamo proizvodnju prehrambenih resursa kroz znanstvene inovacije u slu\u017ebi odr\u017eive, ekolo\u0161ke i odgovorne poljoprivrede.","breadcrumb":{"@id":"https:\/\/www.elicit-plant.com\/hr\/kultura-i-vrijednosti\/#breadcrumb"},"inLanguage":"hr","potentialAction":[{"@type":"ReadAction","target":["https:\/\/www.elicit-plant.com\/hr\/kultura-i-vrijednosti\/"]}]},{"@type":"ImageObject","inLanguage":"hr","@id":"https:\/\/www.elicit-plant.com\/hr\/kultura-i-vrijednosti\/#primaryimage","url":"https:\/\/www.elicit-plant.com\/app\/uploads\/sites\/15\/2025\/11\/Photo-equipe-.png","contentUrl":"https:\/\/www.elicit-plant.com\/app\/uploads\/sites\/15\/2025\/11\/Photo-equipe-.png","width":1388,"height":1387,"caption":"slika tima"},{"@type":"BreadcrumbList","@id":"https:\/\/www.elicit-plant.com\/hr\/kultura-i-vrijednosti\/#breadcrumb","itemListElement":[{"@type":"ListItem","position":1,"name":"Po\u010detna stranica","item":"https:\/\/www.elicit-plant.com\/hr\/"},{"@type":"ListItem","position":2,"name":"Kultura i vrijednosti"}]},{"@type":"WebSite","@id":"https:\/\/www.elicit-plant.com\/hr\/#website","url":"https:\/\/www.elicit-plant.com\/hr\/","name":"Elicit Plant Hrvatska","description":"","potentialAction":[{"@type":"SearchAction","target":{"@type":"EntryPoint","urlTemplate":"https:\/\/www.elicit-plant.com\/hr\/?s={search_term_string}"},"query-input":{"@type":"PropertyValueSpecification","valueRequired":true,"valueName":"search_term_string"}}],"inLanguage":"hr"}]}},"_links":{"self":[{"href":"https:\/\/www.elicit-plant.com\/hr\/wp-json\/wp\/v2\/pages\/261","targetHints":{"allow":["GET"]}}],"collection":[{"href":"https:\/\/www.elicit-plant.com\/hr\/wp-json\/wp\/v2\/pages"}],"about":[{"href":"https:\/\/www.elicit-plant.com\/hr\/wp-json\/wp\/v2\/types\/page"}],"author":[{"embeddable":true,"href":"https:\/\/www.elicit-plant.com\/hr\/wp-json\/wp\/v2\/users\/6"}],"replies":[{"embeddable":true,"href":"https:\/\/www.elicit-plant.com\/hr\/wp-json\/wp\/v2\/comments?post=261"}],"version-history":[{"count":2,"href":"https:\/\/www.elicit-plant.com\/hr\/wp-json\/wp\/v2\/pages\/261\/revisions"}],"predecessor-version":[{"id":315,"href":"https:\/\/www.elicit-plant.com\/hr\/wp-json\/wp\/v2\/pages\/261\/revisions\/315"}],"wp:featuredmedia":[{"embeddable":true,"href":"https:\/\/www.elicit-plant.com\/hr\/wp-json\/wp\/v2\/media\/39"}],"wp:attachment":[{"href":"https:\/\/www.elicit-plant.com\/hr\/wp-json\/wp\/v2\/media?parent=261"}],"curies":[{"name":"wp","href":"https:\/\/api.w.org\/{rel}","templated":true}]}}