{"id":263,"date":"2025-11-20T09:38:52","date_gmt":"2025-11-20T08:38:52","guid":{"rendered":"https:\/\/www.elicit-plant.com\/hr\/?page_id=263"},"modified":"2026-03-10T10:34:26","modified_gmt":"2026-03-10T09:34:26","slug":"ukratko-o-tvrtki-elicit-plant","status":"publish","type":"page","link":"https:\/\/www.elicit-plant.com\/hr\/ukratko-o-tvrtki-elicit-plant\/","title":{"rendered":"Ukratko o tvrtki Elicit Plant"},"content":{"rendered":"<section class=\"cbo-hero cbo-margin-container hero--colorgreen\" data-anim-group>\n\t<div class=\"cbo-breadcrumbs breadcrumbs--normal\">\n  <div class=\"breadcrumbs-inner\">\n    <span><span><a href=\"https:\/\/www.elicit-plant.com\/hr\/\">Po\u010detna stranica<\/a><\/span><\/span>\t<\/div>\n<\/div>\n\t<div class=\"hero-inner cbo-container container--padding\">\n\n\t\t<div class=\"hero-shapes\">\n\t\t\t<div class=\"shapes-color scale-up\"><\/div>\n\n\t\t\t<div class=\"shapes-picture cbo-picture-cover scale-up\"  data-delay=\"450\">\n\t\t\t\t\t\t\t<\/div>\n\t\t<\/div>\n\n\t\t<div class=\"hero-content cbo-cms cms--large cms--white\">\n\t\t\t<div class=\"content-text\">\n\t\t\t\t<h1 class=\"hero-title cbo-heading slide-down\">\n\t\t\t\t\tUkratko o tvrtki Elicit Plant\t\t\t\t<\/h1>\n\n\t\t\t\t\t\t\t<\/div>\n\t\t<\/div>\n\n\t<\/div>\n<\/section>\n\n\n<section class=\"cbo-textblocks\">\n    <div class=\"textblocks-inner cbo-container\">\n\n        \t\t\t<h2 class=\"textblocks-title cbo-title-2\">\n\t\t\t\tKlju\u010dne brojke\t\t\t<\/h2>\n    \t\n\n        \n        <div class=\"textblocks-list\">\n                        \n                                    <span class=\"list-el scale-up\" data-delay=\"0\">\n                \n                    <span class=\"el-inner inner--colorbrown cbo-cms cms--white\">\n                        \n                                                    <span class=\"el-title\">\n                                76                            <\/span>\n                        \n                                                    <span class=\"el-content\">\n                                zaposlenika u 2024. godini                            <\/span>\n                        \n                                            <\/span>\n\n                                    <\/span>\n                \n                        \n                                    <span class=\"list-el scale-up\" data-delay=\"100\">\n                \n                    <span class=\"el-inner inner--colorgreen cbo-cms cms--white\">\n                        \n                                                    <span class=\"el-title\">\n                                8                            <\/span>\n                        \n                                                    <span class=\"el-content\">\n                                me\u0111unarodnih lokacija                            <\/span>\n                        \n                                            <\/span>\n\n                                    <\/span>\n                \n                        \n                                    <span class=\"list-el scale-up\" data-delay=\"200\">\n                \n                    <span class=\"el-inner inner--coloryellow cbo-cms cms--white\">\n                        \n                                                    <span class=\"el-title\">\n                                Svjetski                            <\/span>\n                        \n                                                    <span class=\"el-content\">\n                                lider broj 1 u upravljanju stresom uzrokovanim nesta\u0161icom vode za poljoprivredne kulture                            <\/span>\n                        \n                                            <\/span>\n\n                                    <\/span>\n                \n                    <\/div>\n\n        \t\t\t<div class=\"textblocks-button\">\n\t\t\t\t\t\t\t<\/div>\n\t\t\n    <\/div>\n<\/section>\n\n\n<section class=\"cbo-textblocks\">\n    <div class=\"textblocks-inner cbo-container\">\n\n        \t\t\t<h2 class=\"textblocks-title cbo-title-2\">\n\t\t\t\tRodna ravnopravnost\t\t\t<\/h2>\n    \t\n\n        \t\t\t<div class=\"textblocks-chapo cbo-chapo\">\n\t\t\t\tTvrtka Elicit Plant posve\u0107en je jednakim mogu\u0107nostima i rodnoj ravnote\u017ei.\t\t\t<\/div>\n    \t\n        <div class=\"textblocks-list\">\n                        \n                                    <span class=\"list-el scale-up\" data-delay=\"0\">\n                \n                    <span class=\"el-inner inner--colorbrown cbo-cms cms--white\">\n                        \n                                                    <span class=\"el-title\">\n                                \u017dene                            <\/span>\n                        \n                                                    <span class=\"el-content\">\n                                42%                            <\/span>\n                        \n                                            <\/span>\n\n                                    <\/span>\n                \n                        \n                                    <span class=\"list-el scale-up\" data-delay=\"100\">\n                \n                    <span class=\"el-inner inner--coloryellow cbo-cms cms--white\">\n                        \n                                                    <span class=\"el-title\">\n                                Mu\u0161karci                            <\/span>\n                        \n                                                    <span class=\"el-content\">\n                                58%                            <\/span>\n                        \n                                            <\/span>\n\n                                    <\/span>\n                \n                    <\/div>\n\n        \t\t\t<div class=\"textblocks-button\">\n\t\t\t\t\t\t\t<\/div>\n\t\t\n    <\/div>\n<\/section>\n\n<section class=\"cbo-text cbo-margin-container\">\n    <div class=\"\n        text-inner\n                cbo-container\n        container--normal        \"\n    >\n        <div class=\"text-content cbo-cms cms--large\">\n            <h3>Indeks rodne ravnopravnosti 2025<\/h3>\n<p>U Elicit Plantu predani smo osiguravanju pravedne i ravnopravne naknade za sve.<br \/>\nU 2025. godini na\u0161 Indeks rodne ravnopravnosti dosegao je 79\/100, \u0161to odra\u017eava na\u0161e kontinuirane napore u promicanju jednakosti u pla\u0107ama.<\/p>\n<p><strong>Detalji rezultata:<\/strong><\/p>\n<ul>\n<li>Razlika u pla\u0107ama: 39\/40<\/li>\n<\/ul>\n<p>Nastavljamo provoditi politiku pla\u0107a koja se temelji na objektivnoj procjeni kompetencija i odgovornosti kako bismo osigurali trajnu ravnopravnost izme\u0111u \u017eena i mu\u0161karaca.<\/p>\n<ul>\n<li>Razlika u stopi pove\u0107anja pla\u0107a: 35\/35<\/li>\n<li>Povratak s rodiljnog dopusta: 0\/15<\/li>\n<\/ul>\n<p>Pri povratku s rodiljnog dopusta posebnu \u0107emo pozornost posvetiti a\u017euriranju opsega radnog mjesta i uskla\u0111ivanju pla\u0107e kako bismo osigurali povratak na posao u potpuno pravednim uvjetima.<\/p>\n<ul>\n<li>Najvi\u0161e pla\u0107e: 5\/10<\/li>\n<\/ul>\n<p>Za pozicije s ve\u0107om odgovorno\u0161\u0107u poticat \u0107emo ve\u0107u rodnu raznolikost tako \u0161to \u0107emo osigurati prepoznavanje kvalificiranih kandidatkinja te, uz jednake kompetencije, vrednovati raznolikost kako bismo oja\u010dali ravnote\u017eu me\u0111u najvi\u0161im pla\u0107ama.<\/p>\n<p>&nbsp;<\/p>\n<p>Na\u0161a politika pla\u0107a temelji se na tri klju\u010dna na\u010dela: priznavanju kompetencija, uskla\u0111enosti s odgovornostima svakog radnog mjesta te uskla\u0111enosti s tr\u017ei\u0161nim trendovima. Osiguravamo internu ravnopravnost objektivnim vrednovanjem kompetencija i u\u010dinka, bez razlike po spolu.<span data-mce-type=\"bookmark\" style=\"display: inline-block; width: 0px; overflow: hidden; line-height: 0;\" class=\"mce_SELRES_start\">\ufeff<\/span><\/p>\n\n            <div style=\"clear: both;\"><\/div>\n        <\/div>\n    <\/div>\n<\/section>\n\n\n<section class=\"cbo-text cbo-margin-container\">\n    <div class=\"\n        text-inner\n                cbo-container\n        container--normal        \"\n    >\n        <div class=\"text-content cbo-cms cms--large\">\n            <h2><strong>ESG<\/strong><\/h2>\n<p>ESG \u010dini klju\u010dni prioritet tvrtke Elicit Plant. Osnovna djelatnost tvrtke temelji se na ekolo\u0161kim pitanjima. Elicit Plant ponosno uskla\u0111uje svoj razvoj s ovim godi\u0161njim ciljevima.<\/p>\n<p><a class=\"cbo-button\" href=\"https:\/\/www.elicit-plant.com\/hr\/nase-esg-obveze\/\">Saznajte vi\u0161e o na\u0161im ESG obvezama<\/a><\/p>\n\n            <div style=\"clear: both;\"><\/div>\n        <\/div>\n    <\/div>\n<\/section>\n","protected":false},"excerpt":{"rendered":"<p>Indeks rodne ravnopravnosti 2025 U Elicit Plantu predani smo osiguravanju pravedne i ravnopravne naknade za sve. U 2025. godini na\u0161 Indeks rodne ravnopravnosti dosegao je 79\/100, \u0161to odra\u017eava na\u0161e kontinuirane napore u promicanju jednakosti u pla\u0107ama. Detalji rezultata: Razlika u pla\u0107ama: 39\/40 Nastavljamo provoditi politiku pla\u0107a koja se temelji na objektivnoj procjeni kompetencija i odgovornosti kako bismo osigurali trajnu ravnopravnost izme\u0111u \u017eena i mu\u0161karaca. Razlika u stopi pove\u0107anja pla\u0107a: 35\/35 Povratak s rodiljnog dopusta: 0\/15 Pri povratku s rodiljnog dopusta posebnu \u0107emo pozornost posvetiti a\u017euriranju opsega radnog mjesta i uskla\u0111ivanju pla\u0107e kako bismo osigurali povratak na posao u potpuno pravednim uvjetima. Najvi\u0161e pla\u0107e: 5\/10 Za pozicije s ve\u0107om odgovorno\u0161\u0107u poticat \u0107emo ve\u0107u rodnu raznolikost tako \u0161to \u0107emo osigurati prepoznavanje kvalificiranih kandidatkinja te, uz jednake kompetencije, vrednovati raznolikost kako bismo oja\u010dali ravnote\u017eu me\u0111u&#8230;<\/p>\n","protected":false},"author":6,"featured_media":23,"parent":0,"menu_order":0,"comment_status":"closed","ping_status":"closed","template":"","meta":{"_acf_changed":false,"footnotes":""},"class_list":["post-263","page","type-page","status-publish","has-post-thumbnail","hentry"],"acf":[],"yoast_head":"<!-- This site is optimized with the Yoast SEO plugin v27.2 - https:\/\/yoast.com\/product\/yoast-seo-wordpress\/ -->\n<title>Ukratko o tvrtki Elicit Plant - Elicit Plant Hrvatska<\/title>\n<meta name=\"description\" content=\"\u017delite li saznati vi\u0161e o tvrtki Elicit Plant? Onda ste do\u0161li na pravo mjesto!\" \/>\n<meta name=\"robots\" content=\"index, follow, max-snippet:-1, max-image-preview:large, max-video-preview:-1\" \/>\n<link rel=\"canonical\" href=\"https:\/\/www.elicit-plant.com\/hr\/ukratko-o-tvrtki-elicit-plant\/\" \/>\n<meta property=\"og:locale\" content=\"hr_HR\" \/>\n<meta property=\"og:type\" content=\"article\" \/>\n<meta property=\"og:title\" content=\"Ukratko o tvrtki Elicit Plant - Elicit Plant Hrvatska\" \/>\n<meta property=\"og:description\" content=\"\u017delite li saznati vi\u0161e o tvrtki Elicit Plant? Onda ste do\u0161li na pravo mjesto!\" \/>\n<meta property=\"og:url\" content=\"https:\/\/www.elicit-plant.com\/hr\/ukratko-o-tvrtki-elicit-plant\/\" \/>\n<meta property=\"og:site_name\" content=\"Elicit Plant Hrvatska\" \/>\n<meta property=\"article:modified_time\" content=\"2026-03-10T09:34:26+00:00\" \/>\n<meta property=\"og:image\" content=\"https:\/\/www.elicit-plant.com\/app\/uploads\/sites\/15\/2025\/11\/img-distributeurs-header.jpg\" \/>\n\t<meta property=\"og:image:width\" content=\"402\" \/>\n\t<meta property=\"og:image:height\" content=\"403\" \/>\n\t<meta property=\"og:image:type\" content=\"image\/jpeg\" \/>\n<meta name=\"twitter:card\" content=\"summary_large_image\" \/>\n<meta name=\"twitter:label1\" content=\"Procijenjeno vrijeme \u010ditanja\" \/>\n\t<meta name=\"twitter:data1\" content=\"1 minuta\" \/>\n<script type=\"application\/ld+json\" class=\"yoast-schema-graph\">{\"@context\":\"https:\/\/schema.org\",\"@graph\":[{\"@type\":\"WebPage\",\"@id\":\"https:\/\/www.elicit-plant.com\/hr\/ukratko-o-tvrtki-elicit-plant\/\",\"url\":\"https:\/\/www.elicit-plant.com\/hr\/ukratko-o-tvrtki-elicit-plant\/\",\"name\":\"Ukratko o tvrtki Elicit Plant - Elicit Plant Hrvatska\",\"isPartOf\":{\"@id\":\"https:\/\/www.elicit-plant.com\/hr\/#website\"},\"primaryImageOfPage\":{\"@id\":\"https:\/\/www.elicit-plant.com\/hr\/ukratko-o-tvrtki-elicit-plant\/#primaryimage\"},\"image\":{\"@id\":\"https:\/\/www.elicit-plant.com\/hr\/ukratko-o-tvrtki-elicit-plant\/#primaryimage\"},\"thumbnailUrl\":\"https:\/\/www.elicit-plant.com\/app\/uploads\/sites\/15\/2025\/11\/img-distributeurs-header.jpg\",\"datePublished\":\"2025-11-20T08:38:52+00:00\",\"dateModified\":\"2026-03-10T09:34:26+00:00\",\"description\":\"\u017delite li saznati vi\u0161e o tvrtki Elicit Plant? Onda ste do\u0161li na pravo mjesto!\",\"breadcrumb\":{\"@id\":\"https:\/\/www.elicit-plant.com\/hr\/ukratko-o-tvrtki-elicit-plant\/#breadcrumb\"},\"inLanguage\":\"hr\",\"potentialAction\":[{\"@type\":\"ReadAction\",\"target\":[\"https:\/\/www.elicit-plant.com\/hr\/ukratko-o-tvrtki-elicit-plant\/\"]}]},{\"@type\":\"ImageObject\",\"inLanguage\":\"hr\",\"@id\":\"https:\/\/www.elicit-plant.com\/hr\/ukratko-o-tvrtki-elicit-plant\/#primaryimage\",\"url\":\"https:\/\/www.elicit-plant.com\/app\/uploads\/sites\/15\/2025\/11\/img-distributeurs-header.jpg\",\"contentUrl\":\"https:\/\/www.elicit-plant.com\/app\/uploads\/sites\/15\/2025\/11\/img-distributeurs-header.jpg\",\"width\":402,\"height\":403,\"caption\":\"poljoprivrednici na poljima\"},{\"@type\":\"BreadcrumbList\",\"@id\":\"https:\/\/www.elicit-plant.com\/hr\/ukratko-o-tvrtki-elicit-plant\/#breadcrumb\",\"itemListElement\":[{\"@type\":\"ListItem\",\"position\":1,\"name\":\"Po\u010detna stranica\",\"item\":\"https:\/\/www.elicit-plant.com\/hr\/\"},{\"@type\":\"ListItem\",\"position\":2,\"name\":\"Ukratko o tvrtki Elicit Plant\"}]},{\"@type\":\"WebSite\",\"@id\":\"https:\/\/www.elicit-plant.com\/hr\/#website\",\"url\":\"https:\/\/www.elicit-plant.com\/hr\/\",\"name\":\"Elicit Plant Hrvatska\",\"description\":\"\",\"potentialAction\":[{\"@type\":\"SearchAction\",\"target\":{\"@type\":\"EntryPoint\",\"urlTemplate\":\"https:\/\/www.elicit-plant.com\/hr\/?s={search_term_string}\"},\"query-input\":{\"@type\":\"PropertyValueSpecification\",\"valueRequired\":true,\"valueName\":\"search_term_string\"}}],\"inLanguage\":\"hr\"}]}<\/script>\n<!-- \/ Yoast SEO plugin. -->","yoast_head_json":{"title":"Ukratko o tvrtki Elicit Plant - Elicit Plant Hrvatska","description":"\u017delite li saznati vi\u0161e o tvrtki Elicit Plant? Onda ste do\u0161li na pravo mjesto!","robots":{"index":"index","follow":"follow","max-snippet":"max-snippet:-1","max-image-preview":"max-image-preview:large","max-video-preview":"max-video-preview:-1"},"canonical":"https:\/\/www.elicit-plant.com\/hr\/ukratko-o-tvrtki-elicit-plant\/","og_locale":"hr_HR","og_type":"article","og_title":"Ukratko o tvrtki Elicit Plant - Elicit Plant Hrvatska","og_description":"\u017delite li saznati vi\u0161e o tvrtki Elicit Plant? Onda ste do\u0161li na pravo mjesto!","og_url":"https:\/\/www.elicit-plant.com\/hr\/ukratko-o-tvrtki-elicit-plant\/","og_site_name":"Elicit Plant Hrvatska","article_modified_time":"2026-03-10T09:34:26+00:00","og_image":[{"width":402,"height":403,"url":"https:\/\/www.elicit-plant.com\/app\/uploads\/sites\/15\/2025\/11\/img-distributeurs-header.jpg","type":"image\/jpeg"}],"twitter_card":"summary_large_image","twitter_misc":{"Procijenjeno vrijeme \u010ditanja":"1 minuta"},"schema":{"@context":"https:\/\/schema.org","@graph":[{"@type":"WebPage","@id":"https:\/\/www.elicit-plant.com\/hr\/ukratko-o-tvrtki-elicit-plant\/","url":"https:\/\/www.elicit-plant.com\/hr\/ukratko-o-tvrtki-elicit-plant\/","name":"Ukratko o tvrtki Elicit Plant - Elicit Plant Hrvatska","isPartOf":{"@id":"https:\/\/www.elicit-plant.com\/hr\/#website"},"primaryImageOfPage":{"@id":"https:\/\/www.elicit-plant.com\/hr\/ukratko-o-tvrtki-elicit-plant\/#primaryimage"},"image":{"@id":"https:\/\/www.elicit-plant.com\/hr\/ukratko-o-tvrtki-elicit-plant\/#primaryimage"},"thumbnailUrl":"https:\/\/www.elicit-plant.com\/app\/uploads\/sites\/15\/2025\/11\/img-distributeurs-header.jpg","datePublished":"2025-11-20T08:38:52+00:00","dateModified":"2026-03-10T09:34:26+00:00","description":"\u017delite li saznati vi\u0161e o tvrtki Elicit Plant? Onda ste do\u0161li na pravo mjesto!","breadcrumb":{"@id":"https:\/\/www.elicit-plant.com\/hr\/ukratko-o-tvrtki-elicit-plant\/#breadcrumb"},"inLanguage":"hr","potentialAction":[{"@type":"ReadAction","target":["https:\/\/www.elicit-plant.com\/hr\/ukratko-o-tvrtki-elicit-plant\/"]}]},{"@type":"ImageObject","inLanguage":"hr","@id":"https:\/\/www.elicit-plant.com\/hr\/ukratko-o-tvrtki-elicit-plant\/#primaryimage","url":"https:\/\/www.elicit-plant.com\/app\/uploads\/sites\/15\/2025\/11\/img-distributeurs-header.jpg","contentUrl":"https:\/\/www.elicit-plant.com\/app\/uploads\/sites\/15\/2025\/11\/img-distributeurs-header.jpg","width":402,"height":403,"caption":"poljoprivrednici na poljima"},{"@type":"BreadcrumbList","@id":"https:\/\/www.elicit-plant.com\/hr\/ukratko-o-tvrtki-elicit-plant\/#breadcrumb","itemListElement":[{"@type":"ListItem","position":1,"name":"Po\u010detna stranica","item":"https:\/\/www.elicit-plant.com\/hr\/"},{"@type":"ListItem","position":2,"name":"Ukratko o tvrtki Elicit Plant"}]},{"@type":"WebSite","@id":"https:\/\/www.elicit-plant.com\/hr\/#website","url":"https:\/\/www.elicit-plant.com\/hr\/","name":"Elicit Plant Hrvatska","description":"","potentialAction":[{"@type":"SearchAction","target":{"@type":"EntryPoint","urlTemplate":"https:\/\/www.elicit-plant.com\/hr\/?s={search_term_string}"},"query-input":{"@type":"PropertyValueSpecification","valueRequired":true,"valueName":"search_term_string"}}],"inLanguage":"hr"}]}},"_links":{"self":[{"href":"https:\/\/www.elicit-plant.com\/hr\/wp-json\/wp\/v2\/pages\/263","targetHints":{"allow":["GET"]}}],"collection":[{"href":"https:\/\/www.elicit-plant.com\/hr\/wp-json\/wp\/v2\/pages"}],"about":[{"href":"https:\/\/www.elicit-plant.com\/hr\/wp-json\/wp\/v2\/types\/page"}],"author":[{"embeddable":true,"href":"https:\/\/www.elicit-plant.com\/hr\/wp-json\/wp\/v2\/users\/6"}],"replies":[{"embeddable":true,"href":"https:\/\/www.elicit-plant.com\/hr\/wp-json\/wp\/v2\/comments?post=263"}],"version-history":[{"count":3,"href":"https:\/\/www.elicit-plant.com\/hr\/wp-json\/wp\/v2\/pages\/263\/revisions"}],"predecessor-version":[{"id":631,"href":"https:\/\/www.elicit-plant.com\/hr\/wp-json\/wp\/v2\/pages\/263\/revisions\/631"}],"wp:featuredmedia":[{"embeddable":true,"href":"https:\/\/www.elicit-plant.com\/hr\/wp-json\/wp\/v2\/media\/23"}],"wp:attachment":[{"href":"https:\/\/www.elicit-plant.com\/hr\/wp-json\/wp\/v2\/media?parent=263"}],"curies":[{"name":"wp","href":"https:\/\/api.w.org\/{rel}","templated":true}]}}